{"id":17716,"date":"2023-04-11T17:31:33","date_gmt":"2023-04-11T14:31:33","guid":{"rendered":"https:\/\/tammetalu.eu\/?post_type=product&#038;p=17716"},"modified":"2026-02-02T15:14:49","modified_gmt":"2026-02-02T13:14:49","slug":"kauaoitsev-salvei-cherry-lips","status":"publish","type":"product","link":"https:\/\/tammetalu.eu\/lv\/toode\/kauaoitsev-salvei-cherry-lips\/","title":{"rendered":"Kaua\u00f5itsev salvei Salvia greggii &#8220;Cherry Lips&#8221;"},"content":{"rendered":"","protected":false},"excerpt":{"rendered":"<p>Kaua\u00f5itsev salvei <em>Salvia greggii<\/em> \u201eCherry Lips\u201c<\/p>\n<p>LAT: \u00a0<em>Salvia greggii \u201e<\/em>Cherry Lips\u201c<\/p>\n<p>ENG: \u00a0Autumn sage \u201eCherry Lips\u201c<\/p>\n<p>RU: \u00a0\u0428\u0430\u043b\u0444\u0435\u0439 \u201eCherry Lips\u201c<\/p>\n<p>FI: \u00a0Syyssalvia \u201eCherry Lips\u201c<\/p>\n<p>P\u00f5\u00f5sasja kasvukujuga kaua\u00f5itseva salvei sort, millel puhkeb hooaja jooksul hulgaliselt imearmsaid kirsipunaseid \u00f5isi. Lisaks on taimel v\u00e4ga aromaatselt v\u00fcrtsikad musts\u00f5stra l\u00f5hnalised lehed. Sordi omap\u00e4raks on erinevate v\u00e4rvidega \u00f5ite moodustumine. Esimesena avanevad \u00f5ied on kirsipunased, j\u00e4rgmised \u00f5ied avanevad juba punase valgekirjud ja l\u00f5puks on \u00f5ied puhasvalged. Ning taime kasvades v\u00e4rvide m\u00e4ng kordub taas. Salvei on t\u00f5eline p\u00e4ikeses\u00f5ber, mida rohkem p\u00e4ikest, seda rikkalikumalt \u00f5itseb kogu hooaja.\u00a0 Kahjuks ei ole see salvei meie kliimatsoonis peenral kasvades k\u00fclmakindel, kuid oma v\u00e4hen\u00f5udlikkuse t\u00f5ttu sobib suurep\u00e4raselt potitaimena kasvatamiseks nii terrassi- kui r\u00f5dutaimena, kuna siis p\u00e4\u00e4seb taime ilu ja \u00fcllatav l\u00f5hn eriti esile.<\/p>\n<p>Kaua\u00f5itsevad salveid vajavad j\u00f5udsaks kasvuks kuivapoolset kuni parasniisket h\u00e4sti vett l\u00e4bi laskvat aiamulda ja t\u00e4isp\u00e4ikest, kuid lepivad ka poolvarjulise kasvukohaga.<\/p>\n<p>Olen oma pottides kasvavaid taimi v\u00e4ga edukalt \u00fcle talve hoidnud kuivas kasvuhoones.\u00a0 S\u00fcgisel v\u00f5ib katsetada taime edasi kasvatada jahedas siseruumis. Kevadel enne kasvu alustamist soovitan taimed noorendada tugeva tagasil\u00f5ikamisega, see soodustab \u00fchtlasi taimede tihedamat kasvu.<\/p>\n<p>Lehed ja \u00f5ied sobivad teeks ja toitude kaunistamiseks ning maitsestamiseks.<\/p>\n<p>Kaua\u00f5itseval salveil ei ole kirjanduse andmetel m\u00e4rkimisv\u00e4\u00e4rseid raviomadusi, kuid kasutatakse siiski laialdaselt traditsioonilises meditsiinis, eriti infusioonide v\u00f5i keedustena, seede- ja suuprobleemide raviks\u00a0 v\u00f5i verer\u00f5hu alandamiseks ja keskn\u00e4rvis\u00fcsteemi \u00e4revush\u00e4irete vastu v\u00f5itlemiseks ja unetuse korral.<\/p>\n<p>K\u00f5rgus: kuni 0,7 m<\/p>\n<p>\u00d5itsemise aeg: VI-X<\/p>\n<p>Talvekindlus: ei ole talvekindel<\/p>\n<p>Poti suurus: 10-12<\/p>\n<p>&nbsp;<\/p>\n","protected":false},"featured_media":17721,"template":"","meta":{"_acf_changed":false,"_et_pb_use_builder":"","_et_pb_old_content":"","_et_gb_content_width":"","inline_featured_image":false},"product_brand":[],"product_cat":[186,196],"product_tag":[],"class_list":{"0":"post-17716","1":"product","2":"type-product","3":"status-publish","4":"has-post-thumbnail","6":"product_cat-maitse-ja-ravimtaimede-istikud","7":"product_cat-salveid","9":"first","10":"outofstock","11":"sale","12":"taxable","13":"shipping-taxable","14":"purchasable","15":"product-type-simple"},"acf":[],"yoast_head":"<!-- This site is optimized with the Yoast SEO plugin v26.4 - https:\/\/yoast.com\/wordpress\/plugins\/seo\/ -->\n<title>Kaua\u00f5itsev salvei Salvia greggii &quot;Cherry Lips&quot; - Tamme talu \u00fcrdiaed<\/title>\n<meta name=\"robots\" content=\"index, follow, max-snippet:-1, max-image-preview:large, max-video-preview:-1\" \/>\n<link rel=\"canonical\" href=\"https:\/\/tammetalu.eu\/toode\/kauaoitsev-salvei-cherry-lips\/\" \/>\n<meta property=\"og:locale\" content=\"lv_LV\" \/>\n<meta property=\"og:type\" content=\"article\" \/>\n<meta property=\"og:title\" content=\"Kaua\u00f5itsev salvei Salvia greggii &quot;Cherry Lips&quot; - Tamme talu \u00fcrdiaed\" \/>\n<meta property=\"og:description\" content=\"Kaua\u00f5itsev salvei Salvia greggii \u201eCherry Lips\u201c  LAT: \u00a0Salvia greggii \u201eCherry Lips\u201c  ENG: \u00a0Autumn sage \u201eCherry Lips\u201c  RU: \u00a0\u0428\u0430\u043b\u0444\u0435\u0439 \u201eCherry Lips\u201c  FI: \u00a0Syyssalvia \u201eCherry Lips\u201c  P\u00f5\u00f5sasja kasvukujuga kaua\u00f5itseva salvei sort, millel puhkeb hooaja jooksul hulgaliselt imearmsaid kirsipunaseid \u00f5isi. Lisaks on taimel v\u00e4ga aromaatselt v\u00fcrtsikad musts\u00f5stra l\u00f5hnalised lehed. Sordi omap\u00e4raks on erinevate v\u00e4rvidega \u00f5ite moodustumine. Esimesena avanevad \u00f5ied on kirsipunased, j\u00e4rgmised \u00f5ied avanevad juba punase valgekirjud ja l\u00f5puks on \u00f5ied puhasvalged. Ning taime kasvades v\u00e4rvide m\u00e4ng kordub taas. Salvei on t\u00f5eline p\u00e4ikeses\u00f5ber, mida rohkem p\u00e4ikest, seda rikkalikumalt \u00f5itseb kogu hooaja.\u00a0 Kahjuks ei ole see salvei meie kliimatsoonis peenral kasvades k\u00fclmakindel, kuid oma v\u00e4hen\u00f5udlikkuse t\u00f5ttu sobib suurep\u00e4raselt potitaimena kasvatamiseks nii terrassi- kui r\u00f5dutaimena, kuna siis p\u00e4\u00e4seb taime ilu ja \u00fcllatav l\u00f5hn eriti esile.  Kaua\u00f5itsevad salveid vajavad j\u00f5udsaks kasvuks kuivapoolset kuni parasniisket h\u00e4sti vett l\u00e4bi laskvat aiamulda ja t\u00e4isp\u00e4ikest, kuid lepivad ka poolvarjulise kasvukohaga.  Olen oma pottides kasvavaid taimi v\u00e4ga edukalt \u00fcle talve hoidnud kuivas kasvuhoones.\u00a0 S\u00fcgisel v\u00f5ib katsetada taime edasi kasvatada jahedas siseruumis. Kevadel enne kasvu alustamist soovitan taimed noorendada tugeva tagasil\u00f5ikamisega, see soodustab \u00fchtlasi taimede tihedamat kasvu.  Lehed ja \u00f5ied sobivad teeks ja toitude kaunistamiseks ning maitsestamiseks.  Kaua\u00f5itseval salveil ei ole kirjanduse andmetel m\u00e4rkimisv\u00e4\u00e4rseid raviomadusi, kuid kasutatakse siiski laialdaselt traditsioonilises meditsiinis, eriti infusioonide v\u00f5i keedustena, seede- ja suuprobleemide raviks\u00a0 v\u00f5i verer\u00f5hu alandamiseks ja keskn\u00e4rvis\u00fcsteemi \u00e4revush\u00e4irete vastu v\u00f5itlemiseks ja unetuse korral.  K\u00f5rgus: kuni 0,7 m  \u00d5itsemise aeg: VI-X  Talvekindlus: ei ole talvekindel  Poti suurus: 10-12  &nbsp;\" \/>\n<meta property=\"og:url\" content=\"https:\/\/tammetalu.eu\/toode\/kauaoitsev-salvei-cherry-lips\/\" \/>\n<meta property=\"og:site_name\" content=\"Tamme talu \u00fcrdiaed\" \/>\n<meta property=\"article:publisher\" content=\"https:\/\/www.facebook.com\/TammeTaluUrdiaed\/?locale=et_EE\" \/>\n<meta property=\"article:modified_time\" content=\"2026-02-02T13:14:49+00:00\" \/>\n<meta property=\"og:image\" content=\"https:\/\/tammetalu.eu\/wp-content\/uploads\/2023\/04\/Kauaoitsev-salvei-Salvia-greggii-cherry-lips-tamme-talu-urdiaed-1.jpg\" \/>\n\t<meta property=\"og:image:width\" content=\"1024\" \/>\n\t<meta property=\"og:image:height\" content=\"1126\" \/>\n\t<meta property=\"og:image:type\" content=\"image\/jpeg\" \/>\n<meta name=\"twitter:card\" content=\"summary_large_image\" \/>\n<meta name=\"twitter:label1\" content=\"Est. reading time\" \/>\n\t<meta name=\"twitter:data1\" content=\"1 minute\" \/>\n<script type=\"application\/ld+json\" class=\"yoast-schema-graph\">{\"@context\":\"https:\/\/schema.org\",\"@graph\":[{\"@type\":\"WebPage\",\"@id\":\"https:\/\/tammetalu.eu\/toode\/kauaoitsev-salvei-cherry-lips\/\",\"url\":\"https:\/\/tammetalu.eu\/toode\/kauaoitsev-salvei-cherry-lips\/\",\"name\":\"Kaua\u00f5itsev salvei Salvia greggii \\\"Cherry Lips\\\" - Tamme talu \u00fcrdiaed\",\"isPartOf\":{\"@id\":\"https:\/\/tammetalu.eu\/#website\"},\"primaryImageOfPage\":{\"@id\":\"https:\/\/tammetalu.eu\/toode\/kauaoitsev-salvei-cherry-lips\/#primaryimage\"},\"image\":{\"@id\":\"https:\/\/tammetalu.eu\/toode\/kauaoitsev-salvei-cherry-lips\/#primaryimage\"},\"thumbnailUrl\":\"https:\/\/tammetalu.eu\/wp-content\/uploads\/2023\/04\/Kauaoitsev-salvei-Salvia-greggii-cherry-lips-tamme-talu-urdiaed-1.jpg\",\"datePublished\":\"2023-04-11T14:31:33+00:00\",\"dateModified\":\"2026-02-02T13:14:49+00:00\",\"breadcrumb\":{\"@id\":\"https:\/\/tammetalu.eu\/toode\/kauaoitsev-salvei-cherry-lips\/#breadcrumb\"},\"inLanguage\":\"lv-LV\",\"potentialAction\":[{\"@type\":\"ReadAction\",\"target\":[\"https:\/\/tammetalu.eu\/toode\/kauaoitsev-salvei-cherry-lips\/\"]}]},{\"@type\":\"ImageObject\",\"inLanguage\":\"lv-LV\",\"@id\":\"https:\/\/tammetalu.eu\/toode\/kauaoitsev-salvei-cherry-lips\/#primaryimage\",\"url\":\"https:\/\/tammetalu.eu\/wp-content\/uploads\/2023\/04\/Kauaoitsev-salvei-Salvia-greggii-cherry-lips-tamme-talu-urdiaed-1.jpg\",\"contentUrl\":\"https:\/\/tammetalu.eu\/wp-content\/uploads\/2023\/04\/Kauaoitsev-salvei-Salvia-greggii-cherry-lips-tamme-talu-urdiaed-1.jpg\",\"width\":1024,\"height\":1126,\"caption\":\"Kauaoitsev-salvei-Salvia-greggii-cherry-lips-tamme-talu-urdiaed\"},{\"@type\":\"BreadcrumbList\",\"@id\":\"https:\/\/tammetalu.eu\/toode\/kauaoitsev-salvei-cherry-lips\/#breadcrumb\",\"itemListElement\":[{\"@type\":\"ListItem\",\"position\":1,\"name\":\"Home\",\"item\":\"https:\/\/tammetalu.eu\/lv\/galvena-lapa\/\"},{\"@type\":\"ListItem\",\"position\":2,\"name\":\"Shop\",\"item\":\"https:\/\/tammetalu.eu\/lv\/shop\/\"},{\"@type\":\"ListItem\",\"position\":3,\"name\":\"Kaua\u00f5itsev salvei Salvia greggii &#8220;Cherry Lips&#8221;\"}]},{\"@type\":\"WebSite\",\"@id\":\"https:\/\/tammetalu.eu\/#website\",\"url\":\"https:\/\/tammetalu.eu\/\",\"name\":\"Tamme talu \u00fcrdiaed\",\"description\":\"K\u00e4sit\u00f6\u00f6na valmistatud tooted \u00fcrtidest, \u00fcrdiistikud, \u00fcrtide kollektsioonaed\",\"publisher\":{\"@id\":\"https:\/\/tammetalu.eu\/#organization\"},\"alternateName\":\"Tamme talu\",\"potentialAction\":[{\"@type\":\"SearchAction\",\"target\":{\"@type\":\"EntryPoint\",\"urlTemplate\":\"https:\/\/tammetalu.eu\/?s={search_term_string}\"},\"query-input\":{\"@type\":\"PropertyValueSpecification\",\"valueRequired\":true,\"valueName\":\"search_term_string\"}}],\"inLanguage\":\"lv-LV\"},{\"@type\":\"Organization\",\"@id\":\"https:\/\/tammetalu.eu\/#organization\",\"name\":\"Tamme talu \u00fcrdiaed\",\"alternateName\":\"Tamme talu\",\"url\":\"https:\/\/tammetalu.eu\/\",\"logo\":{\"@type\":\"ImageObject\",\"inLanguage\":\"lv-LV\",\"@id\":\"https:\/\/tammetalu.eu\/#\/schema\/logo\/image\/\",\"url\":\"https:\/\/tammetalu.eu\/wp-content\/uploads\/2025\/01\/Tamme_talu_urdiaed.png\",\"contentUrl\":\"https:\/\/tammetalu.eu\/wp-content\/uploads\/2025\/01\/Tamme_talu_urdiaed.png\",\"width\":560,\"height\":560,\"caption\":\"Tamme talu \u00fcrdiaed\"},\"image\":{\"@id\":\"https:\/\/tammetalu.eu\/#\/schema\/logo\/image\/\"},\"sameAs\":[\"https:\/\/www.facebook.com\/TammeTaluUrdiaed\/?locale=et_EE\",\"https:\/\/www.instagram.com\/tammetaluurdiaed\/\"]}]}<\/script>\n<!-- \/ Yoast SEO plugin. -->","yoast_head_json":{"title":"Kaua\u00f5itsev salvei Salvia greggii \"Cherry Lips\" - Tamme talu \u00fcrdiaed","robots":{"index":"index","follow":"follow","max-snippet":"max-snippet:-1","max-image-preview":"max-image-preview:large","max-video-preview":"max-video-preview:-1"},"canonical":"https:\/\/tammetalu.eu\/toode\/kauaoitsev-salvei-cherry-lips\/","og_locale":"lv_LV","og_type":"article","og_title":"Kaua\u00f5itsev salvei Salvia greggii \"Cherry Lips\" - Tamme talu \u00fcrdiaed","og_description":"Kaua\u00f5itsev salvei Salvia greggii \u201eCherry Lips\u201c  LAT: \u00a0Salvia greggii \u201eCherry Lips\u201c  ENG: \u00a0Autumn sage \u201eCherry Lips\u201c  RU: \u00a0\u0428\u0430\u043b\u0444\u0435\u0439 \u201eCherry Lips\u201c  FI: \u00a0Syyssalvia \u201eCherry Lips\u201c  P\u00f5\u00f5sasja kasvukujuga kaua\u00f5itseva salvei sort, millel puhkeb hooaja jooksul hulgaliselt imearmsaid kirsipunaseid \u00f5isi. Lisaks on taimel v\u00e4ga aromaatselt v\u00fcrtsikad musts\u00f5stra l\u00f5hnalised lehed. Sordi omap\u00e4raks on erinevate v\u00e4rvidega \u00f5ite moodustumine. Esimesena avanevad \u00f5ied on kirsipunased, j\u00e4rgmised \u00f5ied avanevad juba punase valgekirjud ja l\u00f5puks on \u00f5ied puhasvalged. Ning taime kasvades v\u00e4rvide m\u00e4ng kordub taas. Salvei on t\u00f5eline p\u00e4ikeses\u00f5ber, mida rohkem p\u00e4ikest, seda rikkalikumalt \u00f5itseb kogu hooaja.\u00a0 Kahjuks ei ole see salvei meie kliimatsoonis peenral kasvades k\u00fclmakindel, kuid oma v\u00e4hen\u00f5udlikkuse t\u00f5ttu sobib suurep\u00e4raselt potitaimena kasvatamiseks nii terrassi- kui r\u00f5dutaimena, kuna siis p\u00e4\u00e4seb taime ilu ja \u00fcllatav l\u00f5hn eriti esile.  Kaua\u00f5itsevad salveid vajavad j\u00f5udsaks kasvuks kuivapoolset kuni parasniisket h\u00e4sti vett l\u00e4bi laskvat aiamulda ja t\u00e4isp\u00e4ikest, kuid lepivad ka poolvarjulise kasvukohaga.  Olen oma pottides kasvavaid taimi v\u00e4ga edukalt \u00fcle talve hoidnud kuivas kasvuhoones.\u00a0 S\u00fcgisel v\u00f5ib katsetada taime edasi kasvatada jahedas siseruumis. Kevadel enne kasvu alustamist soovitan taimed noorendada tugeva tagasil\u00f5ikamisega, see soodustab \u00fchtlasi taimede tihedamat kasvu.  Lehed ja \u00f5ied sobivad teeks ja toitude kaunistamiseks ning maitsestamiseks.  Kaua\u00f5itseval salveil ei ole kirjanduse andmetel m\u00e4rkimisv\u00e4\u00e4rseid raviomadusi, kuid kasutatakse siiski laialdaselt traditsioonilises meditsiinis, eriti infusioonide v\u00f5i keedustena, seede- ja suuprobleemide raviks\u00a0 v\u00f5i verer\u00f5hu alandamiseks ja keskn\u00e4rvis\u00fcsteemi \u00e4revush\u00e4irete vastu v\u00f5itlemiseks ja unetuse korral.  K\u00f5rgus: kuni 0,7 m  \u00d5itsemise aeg: VI-X  Talvekindlus: ei ole talvekindel  Poti suurus: 10-12  &nbsp;","og_url":"https:\/\/tammetalu.eu\/toode\/kauaoitsev-salvei-cherry-lips\/","og_site_name":"Tamme talu \u00fcrdiaed","article_publisher":"https:\/\/www.facebook.com\/TammeTaluUrdiaed\/?locale=et_EE","article_modified_time":"2026-02-02T13:14:49+00:00","og_image":[{"width":1024,"height":1126,"url":"https:\/\/tammetalu.eu\/wp-content\/uploads\/2023\/04\/Kauaoitsev-salvei-Salvia-greggii-cherry-lips-tamme-talu-urdiaed-1.jpg","type":"image\/jpeg"}],"twitter_card":"summary_large_image","twitter_misc":{"Est. reading time":"1 minute"},"schema":{"@context":"https:\/\/schema.org","@graph":[{"@type":"WebPage","@id":"https:\/\/tammetalu.eu\/toode\/kauaoitsev-salvei-cherry-lips\/","url":"https:\/\/tammetalu.eu\/toode\/kauaoitsev-salvei-cherry-lips\/","name":"Kaua\u00f5itsev salvei Salvia greggii \"Cherry Lips\" - Tamme talu \u00fcrdiaed","isPartOf":{"@id":"https:\/\/tammetalu.eu\/#website"},"primaryImageOfPage":{"@id":"https:\/\/tammetalu.eu\/toode\/kauaoitsev-salvei-cherry-lips\/#primaryimage"},"image":{"@id":"https:\/\/tammetalu.eu\/toode\/kauaoitsev-salvei-cherry-lips\/#primaryimage"},"thumbnailUrl":"https:\/\/tammetalu.eu\/wp-content\/uploads\/2023\/04\/Kauaoitsev-salvei-Salvia-greggii-cherry-lips-tamme-talu-urdiaed-1.jpg","datePublished":"2023-04-11T14:31:33+00:00","dateModified":"2026-02-02T13:14:49+00:00","breadcrumb":{"@id":"https:\/\/tammetalu.eu\/toode\/kauaoitsev-salvei-cherry-lips\/#breadcrumb"},"inLanguage":"lv-LV","potentialAction":[{"@type":"ReadAction","target":["https:\/\/tammetalu.eu\/toode\/kauaoitsev-salvei-cherry-lips\/"]}]},{"@type":"ImageObject","inLanguage":"lv-LV","@id":"https:\/\/tammetalu.eu\/toode\/kauaoitsev-salvei-cherry-lips\/#primaryimage","url":"https:\/\/tammetalu.eu\/wp-content\/uploads\/2023\/04\/Kauaoitsev-salvei-Salvia-greggii-cherry-lips-tamme-talu-urdiaed-1.jpg","contentUrl":"https:\/\/tammetalu.eu\/wp-content\/uploads\/2023\/04\/Kauaoitsev-salvei-Salvia-greggii-cherry-lips-tamme-talu-urdiaed-1.jpg","width":1024,"height":1126,"caption":"Kauaoitsev-salvei-Salvia-greggii-cherry-lips-tamme-talu-urdiaed"},{"@type":"BreadcrumbList","@id":"https:\/\/tammetalu.eu\/toode\/kauaoitsev-salvei-cherry-lips\/#breadcrumb","itemListElement":[{"@type":"ListItem","position":1,"name":"Home","item":"https:\/\/tammetalu.eu\/lv\/galvena-lapa\/"},{"@type":"ListItem","position":2,"name":"Shop","item":"https:\/\/tammetalu.eu\/lv\/shop\/"},{"@type":"ListItem","position":3,"name":"Kaua\u00f5itsev salvei Salvia greggii &#8220;Cherry Lips&#8221;"}]},{"@type":"WebSite","@id":"https:\/\/tammetalu.eu\/#website","url":"https:\/\/tammetalu.eu\/","name":"Tamme talu \u00fcrdiaed","description":"K\u00e4sit\u00f6\u00f6na valmistatud tooted \u00fcrtidest, \u00fcrdiistikud, \u00fcrtide kollektsioonaed","publisher":{"@id":"https:\/\/tammetalu.eu\/#organization"},"alternateName":"Tamme talu","potentialAction":[{"@type":"SearchAction","target":{"@type":"EntryPoint","urlTemplate":"https:\/\/tammetalu.eu\/?s={search_term_string}"},"query-input":{"@type":"PropertyValueSpecification","valueRequired":true,"valueName":"search_term_string"}}],"inLanguage":"lv-LV"},{"@type":"Organization","@id":"https:\/\/tammetalu.eu\/#organization","name":"Tamme talu \u00fcrdiaed","alternateName":"Tamme talu","url":"https:\/\/tammetalu.eu\/","logo":{"@type":"ImageObject","inLanguage":"lv-LV","@id":"https:\/\/tammetalu.eu\/#\/schema\/logo\/image\/","url":"https:\/\/tammetalu.eu\/wp-content\/uploads\/2025\/01\/Tamme_talu_urdiaed.png","contentUrl":"https:\/\/tammetalu.eu\/wp-content\/uploads\/2025\/01\/Tamme_talu_urdiaed.png","width":560,"height":560,"caption":"Tamme talu \u00fcrdiaed"},"image":{"@id":"https:\/\/tammetalu.eu\/#\/schema\/logo\/image\/"},"sameAs":["https:\/\/www.facebook.com\/TammeTaluUrdiaed\/?locale=et_EE","https:\/\/www.instagram.com\/tammetaluurdiaed\/"]}]}},"_links":{"self":[{"href":"https:\/\/tammetalu.eu\/lv\/wp-json\/wp\/v2\/product\/17716","targetHints":{"allow":["GET"]}}],"collection":[{"href":"https:\/\/tammetalu.eu\/lv\/wp-json\/wp\/v2\/product"}],"about":[{"href":"https:\/\/tammetalu.eu\/lv\/wp-json\/wp\/v2\/types\/product"}],"wp:featuredmedia":[{"embeddable":true,"href":"https:\/\/tammetalu.eu\/lv\/wp-json\/wp\/v2\/media\/17721"}],"wp:attachment":[{"href":"https:\/\/tammetalu.eu\/lv\/wp-json\/wp\/v2\/media?parent=17716"}],"wp:term":[{"taxonomy":"product_brand","embeddable":true,"href":"https:\/\/tammetalu.eu\/lv\/wp-json\/wp\/v2\/product_brand?post=17716"},{"taxonomy":"product_cat","embeddable":true,"href":"https:\/\/tammetalu.eu\/lv\/wp-json\/wp\/v2\/product_cat?post=17716"},{"taxonomy":"product_tag","embeddable":true,"href":"https:\/\/tammetalu.eu\/lv\/wp-json\/wp\/v2\/product_tag?post=17716"}],"curies":[{"name":"wp","href":"https:\/\/api.w.org\/{rel}","templated":true}]}}