{"id":17740,"date":"2023-04-11T18:02:45","date_gmt":"2023-04-11T15:02:45","guid":{"rendered":"https:\/\/tammetalu.eu\/?post_type=product&#038;p=17740"},"modified":"2026-05-04T08:49:35","modified_gmt":"2026-05-04T05:49:35","slug":"kera-lovikorv","status":"publish","type":"product","link":"https:\/\/tammetalu.eu\/lv\/toode\/kera-lovikorv\/","title":{"rendered":"Kera-l\u00f5vik\u00f5rv Leonotis nepetifolia"},"content":{"rendered":"","protected":false},"excerpt":{"rendered":"<p><em>Leonotis nepetifolia<\/em><\/p>\n<p>Kera-l\u00f5vik\u00f5rv on Eestis harva kasvatatav, kuid oma omap\u00e4rase v\u00e4limuse t\u00f5ttu v\u00e4ga silmatorkav \u00fcheaastane suvelill ja ravimtaim. Tema kodumaa on Aafrika ja India l\u00f5unaosa, kus ta kasvab loodusliku taimena. Soojas kliimas sirgub taim pea kolmemeetriseks, meil Tamme talus on taime k\u00f5rgus olnud veidi \u00fcle kahe meetri. Euroopas on levinud taime kasutamine suvelillede istutustes.<\/p>\n<p>Kera-l\u00f5vik\u00f5rv on v\u00e4ga v\u00e4hen\u00f5udlik, kasvab nii kuivemas kui parasniiskes mullas, nii t\u00e4isp\u00e4ikeses kui poolvarjus. Kirkalt oran\u017ee \u00f5isikuid k\u00fclastavad meelsasti tolmeldajad ja liblikad. Oma k\u00f5rge kasvu t\u00f5ttu sobib teistele madalamatele suvelilledele taustaks. On taim, mille \u00f5ied ja v\u00e4limus ei j\u00e4\u00e4 Tamme talu \u00fcrdiaia k\u00fclastajatele kunagi t\u00e4helepanuta.<\/p>\n<p>Trinidadis kasutatakse taime kohalikus rahvameditsiinis palaviku, k\u00f6ha ja malaaria korral. Taime juuri kasutatakse Ajurvedas.<\/p>\n","protected":false},"featured_media":23736,"template":"","meta":{"_acf_changed":false,"_et_pb_use_builder":"","_et_pb_old_content":"","_et_gb_content_width":"","inline_featured_image":false},"product_brand":[],"product_cat":[186,200],"product_tag":[],"class_list":{"0":"post-17740","1":"product","2":"type-product","3":"status-publish","4":"has-post-thumbnail","6":"product_cat-maitse-ja-ravimtaimede-istikud","7":"product_cat-muud-maitsetaimed","9":"first","10":"instock","11":"taxable","12":"shipping-taxable","13":"purchasable","14":"product-type-simple"},"acf":[],"yoast_head":"<!-- This site is optimized with the Yoast SEO plugin v27.5 - https:\/\/yoast.com\/product\/yoast-seo-wordpress\/ -->\n<title>Kera-l\u00f5vik\u00f5rv Leonotis nepetifolia - Tamme talu \u00fcrdiaed<\/title>\n<meta name=\"description\" content=\"Kera-l\u00f5vik\u00f5rv on Eestis harva kasvatatav, kuid oma omap\u00e4rase v\u00e4limuse t\u00f5ttu v\u00e4ga silmatorkav \u00fcheaastane suvelill ja ravimtaim. Tema kodumaa on Aafrika ja India l\u00f5unaosa, kus ta kasvab loodusliku taimena. Soojas kliimas sirgub taim pea kolmemeetriseks, meil Tamme talus on taime k\u00f5rgus olnud veidi \u00fcle kahe meetri.\" \/>\n<meta name=\"robots\" content=\"index, follow, max-snippet:-1, max-image-preview:large, max-video-preview:-1\" \/>\n<link rel=\"canonical\" href=\"https:\/\/tammetalu.eu\/toode\/kera-lovikorv\/\" \/>\n<meta property=\"og:locale\" content=\"lv_LV\" \/>\n<meta property=\"og:type\" content=\"article\" \/>\n<meta property=\"og:title\" content=\"Kera-l\u00f5vik\u00f5rv Leonotis nepetifolia - Tamme talu \u00fcrdiaed\" \/>\n<meta property=\"og:description\" content=\"Kera-l\u00f5vik\u00f5rv on Eestis harva kasvatatav, kuid oma omap\u00e4rase v\u00e4limuse t\u00f5ttu v\u00e4ga silmatorkav \u00fcheaastane suvelill ja ravimtaim. Tema kodumaa on Aafrika ja India l\u00f5unaosa, kus ta kasvab loodusliku taimena. Soojas kliimas sirgub taim pea kolmemeetriseks, meil Tamme talus on taime k\u00f5rgus olnud veidi \u00fcle kahe meetri.\" \/>\n<meta property=\"og:url\" content=\"https:\/\/tammetalu.eu\/toode\/kera-lovikorv\/\" \/>\n<meta property=\"og:site_name\" content=\"Tamme talu \u00fcrdiaed\" \/>\n<meta property=\"article:publisher\" content=\"https:\/\/www.facebook.com\/TammeTaluUrdiaed\/?locale=et_EE\" \/>\n<meta property=\"article:modified_time\" content=\"2026-05-04T05:49:35+00:00\" \/>\n<meta property=\"og:image\" content=\"https:\/\/tammetalu.eu\/wp-content\/uploads\/2023\/04\/Kera_lovikorv-Tamme_talu_urdiaed.jpg\" \/>\n\t<meta property=\"og:image:width\" content=\"1024\" \/>\n\t<meta property=\"og:image:height\" content=\"1365\" \/>\n\t<meta property=\"og:image:type\" content=\"image\/jpeg\" \/>\n<meta name=\"twitter:card\" content=\"summary_large_image\" \/>\n<meta name=\"twitter:label1\" content=\"Est. reading time\" \/>\n\t<meta name=\"twitter:data1\" content=\"1 minute\" \/>\n<script type=\"application\/ld+json\" class=\"yoast-schema-graph\">{\"@context\":\"https:\\\/\\\/schema.org\",\"@graph\":[{\"@type\":\"WebPage\",\"@id\":\"https:\\\/\\\/tammetalu.eu\\\/toode\\\/kera-lovikorv\\\/\",\"url\":\"https:\\\/\\\/tammetalu.eu\\\/toode\\\/kera-lovikorv\\\/\",\"name\":\"Kera-l\u00f5vik\u00f5rv Leonotis nepetifolia - Tamme talu \u00fcrdiaed\",\"isPartOf\":{\"@id\":\"https:\\\/\\\/tammetalu.eu\\\/#website\"},\"primaryImageOfPage\":{\"@id\":\"https:\\\/\\\/tammetalu.eu\\\/toode\\\/kera-lovikorv\\\/#primaryimage\"},\"image\":{\"@id\":\"https:\\\/\\\/tammetalu.eu\\\/toode\\\/kera-lovikorv\\\/#primaryimage\"},\"thumbnailUrl\":\"https:\\\/\\\/tammetalu.eu\\\/wp-content\\\/uploads\\\/2023\\\/04\\\/Kera_lovikorv-Tamme_talu_urdiaed.jpg\",\"datePublished\":\"2023-04-11T15:02:45+00:00\",\"dateModified\":\"2026-05-04T05:49:35+00:00\",\"description\":\"Kera-l\u00f5vik\u00f5rv on Eestis harva kasvatatav, kuid oma omap\u00e4rase v\u00e4limuse t\u00f5ttu v\u00e4ga silmatorkav \u00fcheaastane suvelill ja ravimtaim. Tema kodumaa on Aafrika ja India l\u00f5unaosa, kus ta kasvab loodusliku taimena. Soojas kliimas sirgub taim pea kolmemeetriseks, meil Tamme talus on taime k\u00f5rgus olnud veidi \u00fcle kahe meetri.\",\"breadcrumb\":{\"@id\":\"https:\\\/\\\/tammetalu.eu\\\/toode\\\/kera-lovikorv\\\/#breadcrumb\"},\"inLanguage\":\"lv-LV\",\"potentialAction\":[{\"@type\":\"ReadAction\",\"target\":[\"https:\\\/\\\/tammetalu.eu\\\/toode\\\/kera-lovikorv\\\/\"]}]},{\"@type\":\"ImageObject\",\"inLanguage\":\"lv-LV\",\"@id\":\"https:\\\/\\\/tammetalu.eu\\\/toode\\\/kera-lovikorv\\\/#primaryimage\",\"url\":\"https:\\\/\\\/tammetalu.eu\\\/wp-content\\\/uploads\\\/2023\\\/04\\\/Kera_lovikorv-Tamme_talu_urdiaed.jpg\",\"contentUrl\":\"https:\\\/\\\/tammetalu.eu\\\/wp-content\\\/uploads\\\/2023\\\/04\\\/Kera_lovikorv-Tamme_talu_urdiaed.jpg\",\"width\":1024,\"height\":1365,\"caption\":\"Kera_lovikorv-Tamme_talu_urdiaed\"},{\"@type\":\"BreadcrumbList\",\"@id\":\"https:\\\/\\\/tammetalu.eu\\\/toode\\\/kera-lovikorv\\\/#breadcrumb\",\"itemListElement\":[{\"@type\":\"ListItem\",\"position\":1,\"name\":\"Home\",\"item\":\"https:\\\/\\\/tammetalu.eu\\\/lv\\\/galvena-lapa\\\/\"},{\"@type\":\"ListItem\",\"position\":2,\"name\":\"Shop\",\"item\":\"https:\\\/\\\/tammetalu.eu\\\/lv\\\/shop\\\/\"},{\"@type\":\"ListItem\",\"position\":3,\"name\":\"Kera-l\u00f5vik\u00f5rv Leonotis nepetifolia\"}]},{\"@type\":\"WebSite\",\"@id\":\"https:\\\/\\\/tammetalu.eu\\\/#website\",\"url\":\"https:\\\/\\\/tammetalu.eu\\\/\",\"name\":\"Tamme talu \u00fcrdiaed\",\"description\":\"K\u00e4sit\u00f6\u00f6na valmistatud tooted \u00fcrtidest, \u00fcrdiistikud, \u00fcrtide kollektsioonaed\",\"publisher\":{\"@id\":\"https:\\\/\\\/tammetalu.eu\\\/#organization\"},\"alternateName\":\"Tamme talu\",\"potentialAction\":[{\"@type\":\"SearchAction\",\"target\":{\"@type\":\"EntryPoint\",\"urlTemplate\":\"https:\\\/\\\/tammetalu.eu\\\/?s={search_term_string}\"},\"query-input\":{\"@type\":\"PropertyValueSpecification\",\"valueRequired\":true,\"valueName\":\"search_term_string\"}}],\"inLanguage\":\"lv-LV\"},{\"@type\":\"Organization\",\"@id\":\"https:\\\/\\\/tammetalu.eu\\\/#organization\",\"name\":\"Tamme talu \u00fcrdiaed\",\"alternateName\":\"Tamme talu\",\"url\":\"https:\\\/\\\/tammetalu.eu\\\/\",\"logo\":{\"@type\":\"ImageObject\",\"inLanguage\":\"lv-LV\",\"@id\":\"https:\\\/\\\/tammetalu.eu\\\/#\\\/schema\\\/logo\\\/image\\\/\",\"url\":\"https:\\\/\\\/tammetalu.eu\\\/wp-content\\\/uploads\\\/2025\\\/01\\\/Tamme_talu_urdiaed.png\",\"contentUrl\":\"https:\\\/\\\/tammetalu.eu\\\/wp-content\\\/uploads\\\/2025\\\/01\\\/Tamme_talu_urdiaed.png\",\"width\":560,\"height\":560,\"caption\":\"Tamme talu \u00fcrdiaed\"},\"image\":{\"@id\":\"https:\\\/\\\/tammetalu.eu\\\/#\\\/schema\\\/logo\\\/image\\\/\"},\"sameAs\":[\"https:\\\/\\\/www.facebook.com\\\/TammeTaluUrdiaed\\\/?locale=et_EE\",\"https:\\\/\\\/www.instagram.com\\\/tammetaluurdiaed\\\/\"]}]}<\/script>\n<!-- \/ Yoast SEO plugin. -->","yoast_head_json":{"title":"Kera-l\u00f5vik\u00f5rv Leonotis nepetifolia - Tamme talu \u00fcrdiaed","description":"Kera-l\u00f5vik\u00f5rv on Eestis harva kasvatatav, kuid oma omap\u00e4rase v\u00e4limuse t\u00f5ttu v\u00e4ga silmatorkav \u00fcheaastane suvelill ja ravimtaim. Tema kodumaa on Aafrika ja India l\u00f5unaosa, kus ta kasvab loodusliku taimena. Soojas kliimas sirgub taim pea kolmemeetriseks, meil Tamme talus on taime k\u00f5rgus olnud veidi \u00fcle kahe meetri.","robots":{"index":"index","follow":"follow","max-snippet":"max-snippet:-1","max-image-preview":"max-image-preview:large","max-video-preview":"max-video-preview:-1"},"canonical":"https:\/\/tammetalu.eu\/toode\/kera-lovikorv\/","og_locale":"lv_LV","og_type":"article","og_title":"Kera-l\u00f5vik\u00f5rv Leonotis nepetifolia - Tamme talu \u00fcrdiaed","og_description":"Kera-l\u00f5vik\u00f5rv on Eestis harva kasvatatav, kuid oma omap\u00e4rase v\u00e4limuse t\u00f5ttu v\u00e4ga silmatorkav \u00fcheaastane suvelill ja ravimtaim. Tema kodumaa on Aafrika ja India l\u00f5unaosa, kus ta kasvab loodusliku taimena. Soojas kliimas sirgub taim pea kolmemeetriseks, meil Tamme talus on taime k\u00f5rgus olnud veidi \u00fcle kahe meetri.","og_url":"https:\/\/tammetalu.eu\/toode\/kera-lovikorv\/","og_site_name":"Tamme talu \u00fcrdiaed","article_publisher":"https:\/\/www.facebook.com\/TammeTaluUrdiaed\/?locale=et_EE","article_modified_time":"2026-05-04T05:49:35+00:00","og_image":[{"width":1024,"height":1365,"url":"https:\/\/tammetalu.eu\/wp-content\/uploads\/2023\/04\/Kera_lovikorv-Tamme_talu_urdiaed.jpg","type":"image\/jpeg"}],"twitter_card":"summary_large_image","twitter_misc":{"Est. reading time":"1 minute"},"schema":{"@context":"https:\/\/schema.org","@graph":[{"@type":"WebPage","@id":"https:\/\/tammetalu.eu\/toode\/kera-lovikorv\/","url":"https:\/\/tammetalu.eu\/toode\/kera-lovikorv\/","name":"Kera-l\u00f5vik\u00f5rv Leonotis nepetifolia - Tamme talu \u00fcrdiaed","isPartOf":{"@id":"https:\/\/tammetalu.eu\/#website"},"primaryImageOfPage":{"@id":"https:\/\/tammetalu.eu\/toode\/kera-lovikorv\/#primaryimage"},"image":{"@id":"https:\/\/tammetalu.eu\/toode\/kera-lovikorv\/#primaryimage"},"thumbnailUrl":"https:\/\/tammetalu.eu\/wp-content\/uploads\/2023\/04\/Kera_lovikorv-Tamme_talu_urdiaed.jpg","datePublished":"2023-04-11T15:02:45+00:00","dateModified":"2026-05-04T05:49:35+00:00","description":"Kera-l\u00f5vik\u00f5rv on Eestis harva kasvatatav, kuid oma omap\u00e4rase v\u00e4limuse t\u00f5ttu v\u00e4ga silmatorkav \u00fcheaastane suvelill ja ravimtaim. Tema kodumaa on Aafrika ja India l\u00f5unaosa, kus ta kasvab loodusliku taimena. Soojas kliimas sirgub taim pea kolmemeetriseks, meil Tamme talus on taime k\u00f5rgus olnud veidi \u00fcle kahe meetri.","breadcrumb":{"@id":"https:\/\/tammetalu.eu\/toode\/kera-lovikorv\/#breadcrumb"},"inLanguage":"lv-LV","potentialAction":[{"@type":"ReadAction","target":["https:\/\/tammetalu.eu\/toode\/kera-lovikorv\/"]}]},{"@type":"ImageObject","inLanguage":"lv-LV","@id":"https:\/\/tammetalu.eu\/toode\/kera-lovikorv\/#primaryimage","url":"https:\/\/tammetalu.eu\/wp-content\/uploads\/2023\/04\/Kera_lovikorv-Tamme_talu_urdiaed.jpg","contentUrl":"https:\/\/tammetalu.eu\/wp-content\/uploads\/2023\/04\/Kera_lovikorv-Tamme_talu_urdiaed.jpg","width":1024,"height":1365,"caption":"Kera_lovikorv-Tamme_talu_urdiaed"},{"@type":"BreadcrumbList","@id":"https:\/\/tammetalu.eu\/toode\/kera-lovikorv\/#breadcrumb","itemListElement":[{"@type":"ListItem","position":1,"name":"Home","item":"https:\/\/tammetalu.eu\/lv\/galvena-lapa\/"},{"@type":"ListItem","position":2,"name":"Shop","item":"https:\/\/tammetalu.eu\/lv\/shop\/"},{"@type":"ListItem","position":3,"name":"Kera-l\u00f5vik\u00f5rv Leonotis nepetifolia"}]},{"@type":"WebSite","@id":"https:\/\/tammetalu.eu\/#website","url":"https:\/\/tammetalu.eu\/","name":"Tamme talu \u00fcrdiaed","description":"K\u00e4sit\u00f6\u00f6na valmistatud tooted \u00fcrtidest, \u00fcrdiistikud, \u00fcrtide kollektsioonaed","publisher":{"@id":"https:\/\/tammetalu.eu\/#organization"},"alternateName":"Tamme talu","potentialAction":[{"@type":"SearchAction","target":{"@type":"EntryPoint","urlTemplate":"https:\/\/tammetalu.eu\/?s={search_term_string}"},"query-input":{"@type":"PropertyValueSpecification","valueRequired":true,"valueName":"search_term_string"}}],"inLanguage":"lv-LV"},{"@type":"Organization","@id":"https:\/\/tammetalu.eu\/#organization","name":"Tamme talu \u00fcrdiaed","alternateName":"Tamme talu","url":"https:\/\/tammetalu.eu\/","logo":{"@type":"ImageObject","inLanguage":"lv-LV","@id":"https:\/\/tammetalu.eu\/#\/schema\/logo\/image\/","url":"https:\/\/tammetalu.eu\/wp-content\/uploads\/2025\/01\/Tamme_talu_urdiaed.png","contentUrl":"https:\/\/tammetalu.eu\/wp-content\/uploads\/2025\/01\/Tamme_talu_urdiaed.png","width":560,"height":560,"caption":"Tamme talu \u00fcrdiaed"},"image":{"@id":"https:\/\/tammetalu.eu\/#\/schema\/logo\/image\/"},"sameAs":["https:\/\/www.facebook.com\/TammeTaluUrdiaed\/?locale=et_EE","https:\/\/www.instagram.com\/tammetaluurdiaed\/"]}]}},"_links":{"self":[{"href":"https:\/\/tammetalu.eu\/lv\/wp-json\/wp\/v2\/product\/17740","targetHints":{"allow":["GET"]}}],"collection":[{"href":"https:\/\/tammetalu.eu\/lv\/wp-json\/wp\/v2\/product"}],"about":[{"href":"https:\/\/tammetalu.eu\/lv\/wp-json\/wp\/v2\/types\/product"}],"wp:featuredmedia":[{"embeddable":true,"href":"https:\/\/tammetalu.eu\/lv\/wp-json\/wp\/v2\/media\/23736"}],"wp:attachment":[{"href":"https:\/\/tammetalu.eu\/lv\/wp-json\/wp\/v2\/media?parent=17740"}],"wp:term":[{"taxonomy":"product_brand","embeddable":true,"href":"https:\/\/tammetalu.eu\/lv\/wp-json\/wp\/v2\/product_brand?post=17740"},{"taxonomy":"product_cat","embeddable":true,"href":"https:\/\/tammetalu.eu\/lv\/wp-json\/wp\/v2\/product_cat?post=17740"},{"taxonomy":"product_tag","embeddable":true,"href":"https:\/\/tammetalu.eu\/lv\/wp-json\/wp\/v2\/product_tag?post=17740"}],"curies":[{"name":"wp","href":"https:\/\/api.w.org\/{rel}","templated":true}]}}