{"id":17745,"date":"2023-04-11T18:05:50","date_gmt":"2023-04-11T15:05:50","guid":{"rendered":"https:\/\/tammetalu.eu\/?post_type=product&#038;p=17745"},"modified":"2026-04-24T11:33:12","modified_gmt":"2026-04-24T08:33:12","slug":"kibe-paprika-capsicum-frutescens","status":"publish","type":"product","link":"https:\/\/tammetalu.eu\/lv\/toode\/kibe-paprika-capsicum-frutescens\/","title":{"rendered":"Kibe paprika Tai t\u0161illi Rawit (Capsicum frutescens)"},"content":{"rendered":"","protected":false},"excerpt":{"rendered":"<p><em>Capsicum frutescens<\/em><\/p>\n<p>Kibe paprika, kirbik, kajenni paprika- heal ja ilusal t\u0161illil on mitu nime.<\/p>\n<p>Kasvatame mahedalt seda liiki t\u0161illit, mida tuntakse Rawit nime all, Tamme talus juba aastaid oma toodetud <span style=\"color: #008000\"><a style=\"color: #008000\" href=\"https:\/\/tammetalu.eu\/toode\/tsillid-marinaadis-130g\/\">T\u0161illid marinaadis<\/a><\/span> jaoks. Taimed on v\u00e4ga saagikad ja viljad valmivad ka k\u00fctteta kasvuhoones v\u00f5i \u00f5ues soojas tuulevaikses kohas. V\u00e4ga sobiv on seda t\u0161illit kasvatada r\u00f5dul v\u00f5i terrassil potitaimena. Haigustele ja kahjuritele ei ole vastuv\u00f5tlik. Taimed v\u00f5ib s\u00fcgisel valgesse siseruumi talvituma t\u00f5sta, sest t\u0161illid on oma olemuselt p\u00fcsikud. Tai t\u0161illi tulisuseks\u00a0 on Scovilli skaalal m\u00f5\u00f5detud 50 000-100 000 SHU-d.<\/p>\n<p>Potti on istutatud kaks taime. Kasvuk\u00f5rgus kuni 1 meeter. Vajavad hiljemalt saagi valmides toestust. Vilju saab kuivatada, marineerida, \u00f5lis s\u00e4ilitada ja k\u00fclmutada.<\/p>\n<p><strong>Loe l\u00e4hemalt t\u0161illide kasvatamise kohta<\/strong>\u00a0<span style=\"color: #008000\"><strong><a style=\"color: #008000\" href=\"https:\/\/tammetalu.eu\/lihtsad-nouanded-tsilli-kasvatamiseks\/\">siit<\/a><\/strong><\/span><\/p>\n","protected":false},"featured_media":17746,"template":"","meta":{"_acf_changed":false,"_et_pb_use_builder":"","_et_pb_old_content":"","_et_gb_content_width":"","inline_featured_image":false},"product_brand":[],"product_cat":[247,186,203],"product_tag":[],"class_list":{"0":"post-17745","1":"product","2":"type-product","3":"status-publish","4":"has-post-thumbnail","6":"product_cat-rohenappude-lemmikud","7":"product_cat-maitse-ja-ravimtaimede-istikud","8":"product_cat-ponevad-koogiviljad","10":"first","11":"instock","12":"sale","13":"taxable","14":"shipping-taxable","15":"purchasable","16":"product-type-simple"},"acf":[],"yoast_head":"<!-- This site is optimized with the Yoast SEO plugin v26.4 - https:\/\/yoast.com\/wordpress\/plugins\/seo\/ -->\n<title>Kibe paprika Tai t\u0161illi Rawit (Capsicum frutescens) - Tamme talu \u00fcrdiaed<\/title>\n<meta name=\"description\" content=\"Kibe paprika (Capsicum frutescens), kirbik, kajenni paprika- heal ja ilusal t\u0161illil on mitu nime. Kasvatame mahedalt seda liiki t\u0161illit, mida tuntakse\u00a0 Rawit nime all, Tamme talus juba aastaid oma toodete (T\u0161illid marinaadis) valmistamise jaoks.\" \/>\n<meta name=\"robots\" content=\"index, follow, max-snippet:-1, max-image-preview:large, max-video-preview:-1\" \/>\n<link rel=\"canonical\" href=\"https:\/\/tammetalu.eu\/toode\/kibe-paprika-capsicum-frutescens\/\" \/>\n<meta property=\"og:locale\" content=\"lv_LV\" \/>\n<meta property=\"og:type\" content=\"article\" \/>\n<meta property=\"og:title\" content=\"Kibe paprika Tai t\u0161illi Rawit (Capsicum frutescens) - Tamme talu \u00fcrdiaed\" \/>\n<meta property=\"og:description\" content=\"Kibe paprika (Capsicum frutescens), kirbik, kajenni paprika- heal ja ilusal t\u0161illil on mitu nime. Kasvatame mahedalt seda liiki t\u0161illit, mida tuntakse\u00a0 Rawit nime all, Tamme talus juba aastaid oma toodete (T\u0161illid marinaadis) valmistamise jaoks.\" \/>\n<meta property=\"og:url\" content=\"https:\/\/tammetalu.eu\/toode\/kibe-paprika-capsicum-frutescens\/\" \/>\n<meta property=\"og:site_name\" content=\"Tamme talu \u00fcrdiaed\" \/>\n<meta property=\"article:publisher\" content=\"https:\/\/www.facebook.com\/TammeTaluUrdiaed\/?locale=et_EE\" \/>\n<meta property=\"article:modified_time\" content=\"2026-04-24T08:33:12+00:00\" \/>\n<meta property=\"og:image\" content=\"https:\/\/tammetalu.eu\/wp-content\/uploads\/2023\/04\/Capsicum_frutescens_tamme_talu_urdiaed.jpg\" \/>\n\t<meta property=\"og:image:width\" content=\"800\" \/>\n\t<meta property=\"og:image:height\" content=\"533\" \/>\n\t<meta property=\"og:image:type\" content=\"image\/jpeg\" \/>\n<meta name=\"twitter:card\" content=\"summary_large_image\" \/>\n<meta name=\"twitter:label1\" content=\"Est. reading time\" \/>\n\t<meta name=\"twitter:data1\" content=\"1 minute\" \/>\n<script type=\"application\/ld+json\" class=\"yoast-schema-graph\">{\"@context\":\"https:\/\/schema.org\",\"@graph\":[{\"@type\":\"WebPage\",\"@id\":\"https:\/\/tammetalu.eu\/toode\/kibe-paprika-capsicum-frutescens\/\",\"url\":\"https:\/\/tammetalu.eu\/toode\/kibe-paprika-capsicum-frutescens\/\",\"name\":\"Kibe paprika Tai t\u0161illi Rawit (Capsicum frutescens) - Tamme talu \u00fcrdiaed\",\"isPartOf\":{\"@id\":\"https:\/\/tammetalu.eu\/#website\"},\"primaryImageOfPage\":{\"@id\":\"https:\/\/tammetalu.eu\/toode\/kibe-paprika-capsicum-frutescens\/#primaryimage\"},\"image\":{\"@id\":\"https:\/\/tammetalu.eu\/toode\/kibe-paprika-capsicum-frutescens\/#primaryimage\"},\"thumbnailUrl\":\"https:\/\/tammetalu.eu\/wp-content\/uploads\/2023\/04\/Capsicum_frutescens_tamme_talu_urdiaed.jpg\",\"datePublished\":\"2023-04-11T15:05:50+00:00\",\"dateModified\":\"2026-04-24T08:33:12+00:00\",\"description\":\"Kibe paprika (Capsicum frutescens), kirbik, kajenni paprika- heal ja ilusal t\u0161illil on mitu nime. Kasvatame mahedalt seda liiki t\u0161illit, mida tuntakse\u00a0 Rawit nime all, Tamme talus juba aastaid oma toodete (T\u0161illid marinaadis) valmistamise jaoks.\",\"breadcrumb\":{\"@id\":\"https:\/\/tammetalu.eu\/toode\/kibe-paprika-capsicum-frutescens\/#breadcrumb\"},\"inLanguage\":\"lv-LV\",\"potentialAction\":[{\"@type\":\"ReadAction\",\"target\":[\"https:\/\/tammetalu.eu\/toode\/kibe-paprika-capsicum-frutescens\/\"]}]},{\"@type\":\"ImageObject\",\"inLanguage\":\"lv-LV\",\"@id\":\"https:\/\/tammetalu.eu\/toode\/kibe-paprika-capsicum-frutescens\/#primaryimage\",\"url\":\"https:\/\/tammetalu.eu\/wp-content\/uploads\/2023\/04\/Capsicum_frutescens_tamme_talu_urdiaed.jpg\",\"contentUrl\":\"https:\/\/tammetalu.eu\/wp-content\/uploads\/2023\/04\/Capsicum_frutescens_tamme_talu_urdiaed.jpg\",\"width\":800,\"height\":533,\"caption\":\"Capsicum_frutescens_tamme_talu_urdiaed\"},{\"@type\":\"BreadcrumbList\",\"@id\":\"https:\/\/tammetalu.eu\/toode\/kibe-paprika-capsicum-frutescens\/#breadcrumb\",\"itemListElement\":[{\"@type\":\"ListItem\",\"position\":1,\"name\":\"Home\",\"item\":\"https:\/\/tammetalu.eu\/lv\/galvena-lapa\/\"},{\"@type\":\"ListItem\",\"position\":2,\"name\":\"Shop\",\"item\":\"https:\/\/tammetalu.eu\/lv\/shop\/\"},{\"@type\":\"ListItem\",\"position\":3,\"name\":\"Kibe paprika Tai t\u0161illi Rawit (Capsicum frutescens)\"}]},{\"@type\":\"WebSite\",\"@id\":\"https:\/\/tammetalu.eu\/#website\",\"url\":\"https:\/\/tammetalu.eu\/\",\"name\":\"Tamme talu \u00fcrdiaed\",\"description\":\"K\u00e4sit\u00f6\u00f6na valmistatud tooted \u00fcrtidest, \u00fcrdiistikud, \u00fcrtide kollektsioonaed\",\"publisher\":{\"@id\":\"https:\/\/tammetalu.eu\/#organization\"},\"alternateName\":\"Tamme talu\",\"potentialAction\":[{\"@type\":\"SearchAction\",\"target\":{\"@type\":\"EntryPoint\",\"urlTemplate\":\"https:\/\/tammetalu.eu\/?s={search_term_string}\"},\"query-input\":{\"@type\":\"PropertyValueSpecification\",\"valueRequired\":true,\"valueName\":\"search_term_string\"}}],\"inLanguage\":\"lv-LV\"},{\"@type\":\"Organization\",\"@id\":\"https:\/\/tammetalu.eu\/#organization\",\"name\":\"Tamme talu \u00fcrdiaed\",\"alternateName\":\"Tamme talu\",\"url\":\"https:\/\/tammetalu.eu\/\",\"logo\":{\"@type\":\"ImageObject\",\"inLanguage\":\"lv-LV\",\"@id\":\"https:\/\/tammetalu.eu\/#\/schema\/logo\/image\/\",\"url\":\"https:\/\/tammetalu.eu\/wp-content\/uploads\/2025\/01\/Tamme_talu_urdiaed.png\",\"contentUrl\":\"https:\/\/tammetalu.eu\/wp-content\/uploads\/2025\/01\/Tamme_talu_urdiaed.png\",\"width\":560,\"height\":560,\"caption\":\"Tamme talu \u00fcrdiaed\"},\"image\":{\"@id\":\"https:\/\/tammetalu.eu\/#\/schema\/logo\/image\/\"},\"sameAs\":[\"https:\/\/www.facebook.com\/TammeTaluUrdiaed\/?locale=et_EE\",\"https:\/\/www.instagram.com\/tammetaluurdiaed\/\"]}]}<\/script>\n<!-- \/ Yoast SEO plugin. -->","yoast_head_json":{"title":"Kibe paprika Tai t\u0161illi Rawit (Capsicum frutescens) - Tamme talu \u00fcrdiaed","description":"Kibe paprika (Capsicum frutescens), kirbik, kajenni paprika- heal ja ilusal t\u0161illil on mitu nime. Kasvatame mahedalt seda liiki t\u0161illit, mida tuntakse\u00a0 Rawit nime all, Tamme talus juba aastaid oma toodete (T\u0161illid marinaadis) valmistamise jaoks.","robots":{"index":"index","follow":"follow","max-snippet":"max-snippet:-1","max-image-preview":"max-image-preview:large","max-video-preview":"max-video-preview:-1"},"canonical":"https:\/\/tammetalu.eu\/toode\/kibe-paprika-capsicum-frutescens\/","og_locale":"lv_LV","og_type":"article","og_title":"Kibe paprika Tai t\u0161illi Rawit (Capsicum frutescens) - Tamme talu \u00fcrdiaed","og_description":"Kibe paprika (Capsicum frutescens), kirbik, kajenni paprika- heal ja ilusal t\u0161illil on mitu nime. Kasvatame mahedalt seda liiki t\u0161illit, mida tuntakse\u00a0 Rawit nime all, Tamme talus juba aastaid oma toodete (T\u0161illid marinaadis) valmistamise jaoks.","og_url":"https:\/\/tammetalu.eu\/toode\/kibe-paprika-capsicum-frutescens\/","og_site_name":"Tamme talu \u00fcrdiaed","article_publisher":"https:\/\/www.facebook.com\/TammeTaluUrdiaed\/?locale=et_EE","article_modified_time":"2026-04-24T08:33:12+00:00","og_image":[{"width":800,"height":533,"url":"https:\/\/tammetalu.eu\/wp-content\/uploads\/2023\/04\/Capsicum_frutescens_tamme_talu_urdiaed.jpg","type":"image\/jpeg"}],"twitter_card":"summary_large_image","twitter_misc":{"Est. reading time":"1 minute"},"schema":{"@context":"https:\/\/schema.org","@graph":[{"@type":"WebPage","@id":"https:\/\/tammetalu.eu\/toode\/kibe-paprika-capsicum-frutescens\/","url":"https:\/\/tammetalu.eu\/toode\/kibe-paprika-capsicum-frutescens\/","name":"Kibe paprika Tai t\u0161illi Rawit (Capsicum frutescens) - Tamme talu \u00fcrdiaed","isPartOf":{"@id":"https:\/\/tammetalu.eu\/#website"},"primaryImageOfPage":{"@id":"https:\/\/tammetalu.eu\/toode\/kibe-paprika-capsicum-frutescens\/#primaryimage"},"image":{"@id":"https:\/\/tammetalu.eu\/toode\/kibe-paprika-capsicum-frutescens\/#primaryimage"},"thumbnailUrl":"https:\/\/tammetalu.eu\/wp-content\/uploads\/2023\/04\/Capsicum_frutescens_tamme_talu_urdiaed.jpg","datePublished":"2023-04-11T15:05:50+00:00","dateModified":"2026-04-24T08:33:12+00:00","description":"Kibe paprika (Capsicum frutescens), kirbik, kajenni paprika- heal ja ilusal t\u0161illil on mitu nime. Kasvatame mahedalt seda liiki t\u0161illit, mida tuntakse\u00a0 Rawit nime all, Tamme talus juba aastaid oma toodete (T\u0161illid marinaadis) valmistamise jaoks.","breadcrumb":{"@id":"https:\/\/tammetalu.eu\/toode\/kibe-paprika-capsicum-frutescens\/#breadcrumb"},"inLanguage":"lv-LV","potentialAction":[{"@type":"ReadAction","target":["https:\/\/tammetalu.eu\/toode\/kibe-paprika-capsicum-frutescens\/"]}]},{"@type":"ImageObject","inLanguage":"lv-LV","@id":"https:\/\/tammetalu.eu\/toode\/kibe-paprika-capsicum-frutescens\/#primaryimage","url":"https:\/\/tammetalu.eu\/wp-content\/uploads\/2023\/04\/Capsicum_frutescens_tamme_talu_urdiaed.jpg","contentUrl":"https:\/\/tammetalu.eu\/wp-content\/uploads\/2023\/04\/Capsicum_frutescens_tamme_talu_urdiaed.jpg","width":800,"height":533,"caption":"Capsicum_frutescens_tamme_talu_urdiaed"},{"@type":"BreadcrumbList","@id":"https:\/\/tammetalu.eu\/toode\/kibe-paprika-capsicum-frutescens\/#breadcrumb","itemListElement":[{"@type":"ListItem","position":1,"name":"Home","item":"https:\/\/tammetalu.eu\/lv\/galvena-lapa\/"},{"@type":"ListItem","position":2,"name":"Shop","item":"https:\/\/tammetalu.eu\/lv\/shop\/"},{"@type":"ListItem","position":3,"name":"Kibe paprika Tai t\u0161illi Rawit (Capsicum frutescens)"}]},{"@type":"WebSite","@id":"https:\/\/tammetalu.eu\/#website","url":"https:\/\/tammetalu.eu\/","name":"Tamme talu \u00fcrdiaed","description":"K\u00e4sit\u00f6\u00f6na valmistatud tooted \u00fcrtidest, \u00fcrdiistikud, \u00fcrtide kollektsioonaed","publisher":{"@id":"https:\/\/tammetalu.eu\/#organization"},"alternateName":"Tamme talu","potentialAction":[{"@type":"SearchAction","target":{"@type":"EntryPoint","urlTemplate":"https:\/\/tammetalu.eu\/?s={search_term_string}"},"query-input":{"@type":"PropertyValueSpecification","valueRequired":true,"valueName":"search_term_string"}}],"inLanguage":"lv-LV"},{"@type":"Organization","@id":"https:\/\/tammetalu.eu\/#organization","name":"Tamme talu \u00fcrdiaed","alternateName":"Tamme talu","url":"https:\/\/tammetalu.eu\/","logo":{"@type":"ImageObject","inLanguage":"lv-LV","@id":"https:\/\/tammetalu.eu\/#\/schema\/logo\/image\/","url":"https:\/\/tammetalu.eu\/wp-content\/uploads\/2025\/01\/Tamme_talu_urdiaed.png","contentUrl":"https:\/\/tammetalu.eu\/wp-content\/uploads\/2025\/01\/Tamme_talu_urdiaed.png","width":560,"height":560,"caption":"Tamme talu \u00fcrdiaed"},"image":{"@id":"https:\/\/tammetalu.eu\/#\/schema\/logo\/image\/"},"sameAs":["https:\/\/www.facebook.com\/TammeTaluUrdiaed\/?locale=et_EE","https:\/\/www.instagram.com\/tammetaluurdiaed\/"]}]}},"_links":{"self":[{"href":"https:\/\/tammetalu.eu\/lv\/wp-json\/wp\/v2\/product\/17745","targetHints":{"allow":["GET"]}}],"collection":[{"href":"https:\/\/tammetalu.eu\/lv\/wp-json\/wp\/v2\/product"}],"about":[{"href":"https:\/\/tammetalu.eu\/lv\/wp-json\/wp\/v2\/types\/product"}],"wp:featuredmedia":[{"embeddable":true,"href":"https:\/\/tammetalu.eu\/lv\/wp-json\/wp\/v2\/media\/17746"}],"wp:attachment":[{"href":"https:\/\/tammetalu.eu\/lv\/wp-json\/wp\/v2\/media?parent=17745"}],"wp:term":[{"taxonomy":"product_brand","embeddable":true,"href":"https:\/\/tammetalu.eu\/lv\/wp-json\/wp\/v2\/product_brand?post=17745"},{"taxonomy":"product_cat","embeddable":true,"href":"https:\/\/tammetalu.eu\/lv\/wp-json\/wp\/v2\/product_cat?post=17745"},{"taxonomy":"product_tag","embeddable":true,"href":"https:\/\/tammetalu.eu\/lv\/wp-json\/wp\/v2\/product_tag?post=17745"}],"curies":[{"name":"wp","href":"https:\/\/api.w.org\/{rel}","templated":true}]}}