{"id":17770,"date":"2023-04-11T18:23:42","date_gmt":"2023-04-11T15:23:42","guid":{"rendered":"https:\/\/tammetalu.eu\/?post_type=product&#038;p=17770"},"modified":"2026-04-16T20:49:31","modified_gmt":"2026-04-16T17:49:31","slug":"longus-lauk-2","status":"publish","type":"product","link":"https:\/\/tammetalu.eu\/lv\/toode\/longus-lauk-2\/","title":{"rendered":"Longus lauk"},"content":{"rendered":"","protected":false},"excerpt":{"rendered":"<p><em>Allium nutans<\/em><\/p>\n<p>Kevadel vara kasvu alustav rihmjate, roheliste mahlaste lehtede ja roosakasvalgete longu hoidvate kaunite \u00f5isikutega v\u00e4ga talvekindel p\u00fcsik, mis v\u00f5ib kasvada \u00fchel kasvukohal aastaid. Puhma k\u00f5rgus umbes 30-50 cm. J\u00f5udsaks kasvuks vajab parasniisket viljakat mulda. Lehti saab tarvitada kevadest s\u00fcgiseni.\u00a0 Lehtede maitse \u00f5rnalt k\u00fc\u00fcslaugune. Sisaldavad C-vitamiini ja mineraalaineid. Lehti sobib tarvitada v\u00e4rskelt, salatitesse ja v\u00f5ileivale, kastmetesse ja pirukate t\u00e4idistesse.<\/p>\n","protected":false},"featured_media":17771,"template":"","meta":{"_acf_changed":false,"_et_pb_use_builder":"","_et_pb_old_content":"","_et_gb_content_width":"","inline_featured_image":false},"product_brand":[],"product_cat":[186,201,203],"product_tag":[],"class_list":{"0":"post-17770","1":"product","2":"type-product","3":"status-publish","4":"has-post-thumbnail","6":"product_cat-maitse-ja-ravimtaimede-istikud","7":"product_cat-laugud","8":"product_cat-ponevad-koogiviljad","10":"first","11":"instock","12":"sale","13":"taxable","14":"shipping-taxable","15":"purchasable","16":"product-type-simple"},"acf":[],"yoast_head":"<!-- This site is optimized with the Yoast SEO plugin v26.4 - https:\/\/yoast.com\/wordpress\/plugins\/seo\/ -->\n<title>Longus lauk - Tamme talu \u00fcrdiaed<\/title>\n<meta name=\"robots\" content=\"index, follow, max-snippet:-1, max-image-preview:large, max-video-preview:-1\" \/>\n<link rel=\"canonical\" href=\"https:\/\/tammetalu.eu\/toode\/longus-lauk-2\/\" \/>\n<meta property=\"og:locale\" content=\"lv_LV\" \/>\n<meta property=\"og:type\" content=\"article\" \/>\n<meta property=\"og:title\" content=\"Longus lauk - Tamme talu \u00fcrdiaed\" \/>\n<meta property=\"og:description\" content=\"Allium nutans  Kevadel vara kasvu alustav rihmjate, roheliste mahlaste lehtede ja roosakasvalgete longu hoidvate kaunite \u00f5isikutega v\u00e4ga talvekindel p\u00fcsik, mis v\u00f5ib kasvada \u00fchel kasvukohal aastaid. Puhma k\u00f5rgus umbes 30-50 cm. J\u00f5udsaks kasvuks vajab parasniisket viljakat mulda. Lehti saab tarvitada kevadest s\u00fcgiseni.\u00a0 Lehtede maitse \u00f5rnalt k\u00fc\u00fcslaugune. Sisaldavad C-vitamiini ja mineraalaineid. Lehti sobib tarvitada v\u00e4rskelt, salatitesse ja v\u00f5ileivale, kastmetesse ja pirukate t\u00e4idistesse.\" \/>\n<meta property=\"og:url\" content=\"https:\/\/tammetalu.eu\/toode\/longus-lauk-2\/\" \/>\n<meta property=\"og:site_name\" content=\"Tamme talu \u00fcrdiaed\" \/>\n<meta property=\"article:publisher\" content=\"https:\/\/www.facebook.com\/TammeTaluUrdiaed\/?locale=et_EE\" \/>\n<meta property=\"article:modified_time\" content=\"2026-04-16T17:49:31+00:00\" \/>\n<meta property=\"og:image\" content=\"https:\/\/tammetalu.eu\/wp-content\/uploads\/2023\/04\/Longus-lauk-Allium-nutans-tamme-talu-urdiaed.jpg\" \/>\n\t<meta property=\"og:image:width\" content=\"1512\" \/>\n\t<meta property=\"og:image:height\" content=\"2016\" \/>\n\t<meta property=\"og:image:type\" content=\"image\/jpeg\" \/>\n<meta name=\"twitter:card\" content=\"summary_large_image\" \/>\n<script type=\"application\/ld+json\" class=\"yoast-schema-graph\">{\"@context\":\"https:\/\/schema.org\",\"@graph\":[{\"@type\":\"WebPage\",\"@id\":\"https:\/\/tammetalu.eu\/toode\/longus-lauk-2\/\",\"url\":\"https:\/\/tammetalu.eu\/toode\/longus-lauk-2\/\",\"name\":\"Longus lauk - Tamme talu \u00fcrdiaed\",\"isPartOf\":{\"@id\":\"https:\/\/tammetalu.eu\/#website\"},\"primaryImageOfPage\":{\"@id\":\"https:\/\/tammetalu.eu\/toode\/longus-lauk-2\/#primaryimage\"},\"image\":{\"@id\":\"https:\/\/tammetalu.eu\/toode\/longus-lauk-2\/#primaryimage\"},\"thumbnailUrl\":\"https:\/\/tammetalu.eu\/wp-content\/uploads\/2023\/04\/Longus-lauk-Allium-nutans-tamme-talu-urdiaed.jpg\",\"datePublished\":\"2023-04-11T15:23:42+00:00\",\"dateModified\":\"2026-04-16T17:49:31+00:00\",\"breadcrumb\":{\"@id\":\"https:\/\/tammetalu.eu\/toode\/longus-lauk-2\/#breadcrumb\"},\"inLanguage\":\"lv-LV\",\"potentialAction\":[{\"@type\":\"ReadAction\",\"target\":[\"https:\/\/tammetalu.eu\/toode\/longus-lauk-2\/\"]}]},{\"@type\":\"ImageObject\",\"inLanguage\":\"lv-LV\",\"@id\":\"https:\/\/tammetalu.eu\/toode\/longus-lauk-2\/#primaryimage\",\"url\":\"https:\/\/tammetalu.eu\/wp-content\/uploads\/2023\/04\/Longus-lauk-Allium-nutans-tamme-talu-urdiaed.jpg\",\"contentUrl\":\"https:\/\/tammetalu.eu\/wp-content\/uploads\/2023\/04\/Longus-lauk-Allium-nutans-tamme-talu-urdiaed.jpg\",\"width\":1512,\"height\":2016,\"caption\":\"Longus-lauk-Allium-nutans-tamme-talu-urdiaed\"},{\"@type\":\"BreadcrumbList\",\"@id\":\"https:\/\/tammetalu.eu\/toode\/longus-lauk-2\/#breadcrumb\",\"itemListElement\":[{\"@type\":\"ListItem\",\"position\":1,\"name\":\"Home\",\"item\":\"https:\/\/tammetalu.eu\/lv\/galvena-lapa\/\"},{\"@type\":\"ListItem\",\"position\":2,\"name\":\"Shop\",\"item\":\"https:\/\/tammetalu.eu\/lv\/shop\/\"},{\"@type\":\"ListItem\",\"position\":3,\"name\":\"Longus lauk\"}]},{\"@type\":\"WebSite\",\"@id\":\"https:\/\/tammetalu.eu\/#website\",\"url\":\"https:\/\/tammetalu.eu\/\",\"name\":\"Tamme talu \u00fcrdiaed\",\"description\":\"K\u00e4sit\u00f6\u00f6na valmistatud tooted \u00fcrtidest, \u00fcrdiistikud, \u00fcrtide kollektsioonaed\",\"publisher\":{\"@id\":\"https:\/\/tammetalu.eu\/#organization\"},\"alternateName\":\"Tamme talu\",\"potentialAction\":[{\"@type\":\"SearchAction\",\"target\":{\"@type\":\"EntryPoint\",\"urlTemplate\":\"https:\/\/tammetalu.eu\/?s={search_term_string}\"},\"query-input\":{\"@type\":\"PropertyValueSpecification\",\"valueRequired\":true,\"valueName\":\"search_term_string\"}}],\"inLanguage\":\"lv-LV\"},{\"@type\":\"Organization\",\"@id\":\"https:\/\/tammetalu.eu\/#organization\",\"name\":\"Tamme talu \u00fcrdiaed\",\"alternateName\":\"Tamme talu\",\"url\":\"https:\/\/tammetalu.eu\/\",\"logo\":{\"@type\":\"ImageObject\",\"inLanguage\":\"lv-LV\",\"@id\":\"https:\/\/tammetalu.eu\/#\/schema\/logo\/image\/\",\"url\":\"https:\/\/tammetalu.eu\/wp-content\/uploads\/2025\/01\/Tamme_talu_urdiaed.png\",\"contentUrl\":\"https:\/\/tammetalu.eu\/wp-content\/uploads\/2025\/01\/Tamme_talu_urdiaed.png\",\"width\":560,\"height\":560,\"caption\":\"Tamme talu \u00fcrdiaed\"},\"image\":{\"@id\":\"https:\/\/tammetalu.eu\/#\/schema\/logo\/image\/\"},\"sameAs\":[\"https:\/\/www.facebook.com\/TammeTaluUrdiaed\/?locale=et_EE\",\"https:\/\/www.instagram.com\/tammetaluurdiaed\/\"]}]}<\/script>\n<!-- \/ Yoast SEO plugin. -->","yoast_head_json":{"title":"Longus lauk - Tamme talu \u00fcrdiaed","robots":{"index":"index","follow":"follow","max-snippet":"max-snippet:-1","max-image-preview":"max-image-preview:large","max-video-preview":"max-video-preview:-1"},"canonical":"https:\/\/tammetalu.eu\/toode\/longus-lauk-2\/","og_locale":"lv_LV","og_type":"article","og_title":"Longus lauk - Tamme talu \u00fcrdiaed","og_description":"Allium nutans  Kevadel vara kasvu alustav rihmjate, roheliste mahlaste lehtede ja roosakasvalgete longu hoidvate kaunite \u00f5isikutega v\u00e4ga talvekindel p\u00fcsik, mis v\u00f5ib kasvada \u00fchel kasvukohal aastaid. Puhma k\u00f5rgus umbes 30-50 cm. J\u00f5udsaks kasvuks vajab parasniisket viljakat mulda. Lehti saab tarvitada kevadest s\u00fcgiseni.\u00a0 Lehtede maitse \u00f5rnalt k\u00fc\u00fcslaugune. Sisaldavad C-vitamiini ja mineraalaineid. Lehti sobib tarvitada v\u00e4rskelt, salatitesse ja v\u00f5ileivale, kastmetesse ja pirukate t\u00e4idistesse.","og_url":"https:\/\/tammetalu.eu\/toode\/longus-lauk-2\/","og_site_name":"Tamme talu \u00fcrdiaed","article_publisher":"https:\/\/www.facebook.com\/TammeTaluUrdiaed\/?locale=et_EE","article_modified_time":"2026-04-16T17:49:31+00:00","og_image":[{"width":1512,"height":2016,"url":"https:\/\/tammetalu.eu\/wp-content\/uploads\/2023\/04\/Longus-lauk-Allium-nutans-tamme-talu-urdiaed.jpg","type":"image\/jpeg"}],"twitter_card":"summary_large_image","schema":{"@context":"https:\/\/schema.org","@graph":[{"@type":"WebPage","@id":"https:\/\/tammetalu.eu\/toode\/longus-lauk-2\/","url":"https:\/\/tammetalu.eu\/toode\/longus-lauk-2\/","name":"Longus lauk - Tamme talu \u00fcrdiaed","isPartOf":{"@id":"https:\/\/tammetalu.eu\/#website"},"primaryImageOfPage":{"@id":"https:\/\/tammetalu.eu\/toode\/longus-lauk-2\/#primaryimage"},"image":{"@id":"https:\/\/tammetalu.eu\/toode\/longus-lauk-2\/#primaryimage"},"thumbnailUrl":"https:\/\/tammetalu.eu\/wp-content\/uploads\/2023\/04\/Longus-lauk-Allium-nutans-tamme-talu-urdiaed.jpg","datePublished":"2023-04-11T15:23:42+00:00","dateModified":"2026-04-16T17:49:31+00:00","breadcrumb":{"@id":"https:\/\/tammetalu.eu\/toode\/longus-lauk-2\/#breadcrumb"},"inLanguage":"lv-LV","potentialAction":[{"@type":"ReadAction","target":["https:\/\/tammetalu.eu\/toode\/longus-lauk-2\/"]}]},{"@type":"ImageObject","inLanguage":"lv-LV","@id":"https:\/\/tammetalu.eu\/toode\/longus-lauk-2\/#primaryimage","url":"https:\/\/tammetalu.eu\/wp-content\/uploads\/2023\/04\/Longus-lauk-Allium-nutans-tamme-talu-urdiaed.jpg","contentUrl":"https:\/\/tammetalu.eu\/wp-content\/uploads\/2023\/04\/Longus-lauk-Allium-nutans-tamme-talu-urdiaed.jpg","width":1512,"height":2016,"caption":"Longus-lauk-Allium-nutans-tamme-talu-urdiaed"},{"@type":"BreadcrumbList","@id":"https:\/\/tammetalu.eu\/toode\/longus-lauk-2\/#breadcrumb","itemListElement":[{"@type":"ListItem","position":1,"name":"Home","item":"https:\/\/tammetalu.eu\/lv\/galvena-lapa\/"},{"@type":"ListItem","position":2,"name":"Shop","item":"https:\/\/tammetalu.eu\/lv\/shop\/"},{"@type":"ListItem","position":3,"name":"Longus lauk"}]},{"@type":"WebSite","@id":"https:\/\/tammetalu.eu\/#website","url":"https:\/\/tammetalu.eu\/","name":"Tamme talu \u00fcrdiaed","description":"K\u00e4sit\u00f6\u00f6na valmistatud tooted \u00fcrtidest, \u00fcrdiistikud, \u00fcrtide kollektsioonaed","publisher":{"@id":"https:\/\/tammetalu.eu\/#organization"},"alternateName":"Tamme talu","potentialAction":[{"@type":"SearchAction","target":{"@type":"EntryPoint","urlTemplate":"https:\/\/tammetalu.eu\/?s={search_term_string}"},"query-input":{"@type":"PropertyValueSpecification","valueRequired":true,"valueName":"search_term_string"}}],"inLanguage":"lv-LV"},{"@type":"Organization","@id":"https:\/\/tammetalu.eu\/#organization","name":"Tamme talu \u00fcrdiaed","alternateName":"Tamme talu","url":"https:\/\/tammetalu.eu\/","logo":{"@type":"ImageObject","inLanguage":"lv-LV","@id":"https:\/\/tammetalu.eu\/#\/schema\/logo\/image\/","url":"https:\/\/tammetalu.eu\/wp-content\/uploads\/2025\/01\/Tamme_talu_urdiaed.png","contentUrl":"https:\/\/tammetalu.eu\/wp-content\/uploads\/2025\/01\/Tamme_talu_urdiaed.png","width":560,"height":560,"caption":"Tamme talu \u00fcrdiaed"},"image":{"@id":"https:\/\/tammetalu.eu\/#\/schema\/logo\/image\/"},"sameAs":["https:\/\/www.facebook.com\/TammeTaluUrdiaed\/?locale=et_EE","https:\/\/www.instagram.com\/tammetaluurdiaed\/"]}]}},"_links":{"self":[{"href":"https:\/\/tammetalu.eu\/lv\/wp-json\/wp\/v2\/product\/17770","targetHints":{"allow":["GET"]}}],"collection":[{"href":"https:\/\/tammetalu.eu\/lv\/wp-json\/wp\/v2\/product"}],"about":[{"href":"https:\/\/tammetalu.eu\/lv\/wp-json\/wp\/v2\/types\/product"}],"wp:featuredmedia":[{"embeddable":true,"href":"https:\/\/tammetalu.eu\/lv\/wp-json\/wp\/v2\/media\/17771"}],"wp:attachment":[{"href":"https:\/\/tammetalu.eu\/lv\/wp-json\/wp\/v2\/media?parent=17770"}],"wp:term":[{"taxonomy":"product_brand","embeddable":true,"href":"https:\/\/tammetalu.eu\/lv\/wp-json\/wp\/v2\/product_brand?post=17770"},{"taxonomy":"product_cat","embeddable":true,"href":"https:\/\/tammetalu.eu\/lv\/wp-json\/wp\/v2\/product_cat?post=17770"},{"taxonomy":"product_tag","embeddable":true,"href":"https:\/\/tammetalu.eu\/lv\/wp-json\/wp\/v2\/product_tag?post=17770"}],"curies":[{"name":"wp","href":"https:\/\/api.w.org\/{rel}","templated":true}]}}