{"id":17831,"date":"2023-04-11T19:47:29","date_gmt":"2023-04-11T16:47:29","guid":{"rendered":"https:\/\/tammetalu.eu\/?post_type=product&#038;p=17831"},"modified":"2026-02-02T15:14:45","modified_gmt":"2026-02-02T13:14:45","slug":"mussini-naistenoges-grog","status":"publish","type":"product","link":"https:\/\/tammetalu.eu\/lv\/toode\/mussini-naistenoges-grog\/","title":{"rendered":"Mussini naisten\u00f5ges &#8220;Grog&#8221;"},"content":{"rendered":"","protected":false},"excerpt":{"rendered":"<p><em>Nepeta racemosa<\/em><\/p>\n<p><span style=\"font-weight: 400;\">Faasseni naisten\u00f5ges &#8220;Grog&#8221; on talvekindel p\u00fcsik. <\/span><span style=\"font-weight: 400;\">Ilusad sinakaslillad \u00f5isikud ja rohekash\u00f5be<\/span><span style=\"font-weight: 400;\">dane lehestik ja veidi lamanduvad v\u00f5rsed. <\/span><\/p>\n<p><span style=\"font-weight: 400;\">V\u00e4ga hea l\u00f5hnataim, eritab puudutamisel meeldivat sidrunil\u00f5hna. Kui peale \u00f5itsemist tagasi l\u00f5igata, j\u00f5uab veel uuesti \u00f5itsema minna. V\u00e4ga h\u00e4sti sobib l\u00f5hnavaks \u00e4\u00e4ristaimeks kuivemasse peenrasse v\u00f5i r\u00f5dukasti.<\/span><\/p>\n<p><span style=\"font-weight: 400;\">V\u00f5ib kasutada tee valmistamiseks ja toidu\u00a0<\/span><span style=\"font-weight: 400;\">kaunistamiseks, proovige ka lehekesi ja \u00f5isi salatis.\u00a0<\/span> <span style=\"font-weight: 400;\">Suurep\u00e4rane l\u00f5hnataim. Ka kassid r\u00f5\u00f5mus<\/span><span style=\"font-weight: 400;\">tavad, sest naisten\u00f5gesed on nende lemmikud aias.\u00a0<\/span> <span style=\"font-weight: 400;\">Lihtne kasvatada nii kuivas kui parasniiskes <\/span><span style=\"font-weight: 400;\">mullas.\u00a0<\/span><\/p>\n","protected":false},"featured_media":17832,"template":"","meta":{"_acf_changed":false,"_et_pb_use_builder":"","_et_pb_old_content":"","_et_gb_content_width":"","inline_featured_image":false},"product_brand":[],"product_cat":[214,186],"product_tag":[],"class_list":{"0":"post-17831","1":"product","2":"type-product","3":"status-publish","4":"has-post-thumbnail","6":"product_cat-naistenogesed","7":"product_cat-maitse-ja-ravimtaimede-istikud","9":"first","10":"outofstock","11":"sale","12":"taxable","13":"shipping-taxable","14":"purchasable","15":"product-type-simple"},"acf":[],"yoast_head":"<!-- This site is optimized with the Yoast SEO plugin v26.4 - https:\/\/yoast.com\/wordpress\/plugins\/seo\/ -->\n<title>Mussini naisten\u00f5ges &quot;Grog&quot; - Tamme talu \u00fcrdiaed<\/title>\n<meta name=\"robots\" content=\"index, follow, max-snippet:-1, max-image-preview:large, max-video-preview:-1\" \/>\n<link rel=\"canonical\" href=\"https:\/\/tammetalu.eu\/toode\/mussini-naistenoges-grog\/\" \/>\n<meta property=\"og:locale\" content=\"lv_LV\" \/>\n<meta property=\"og:type\" content=\"article\" \/>\n<meta property=\"og:title\" content=\"Mussini naisten\u00f5ges &quot;Grog&quot; - Tamme talu \u00fcrdiaed\" \/>\n<meta property=\"og:description\" content=\"Nepeta racemosaFaasseni naisten\u00f5ges &quot;Grog&quot; on talvekindel p\u00fcsik. Ilusad sinakaslillad \u00f5isikud ja rohekash\u00f5bedane lehestik ja veidi lamanduvad v\u00f5rsed. V\u00e4ga hea l\u00f5hnataim, eritab puudutamisel meeldivat sidrunil\u00f5hna. Kui peale \u00f5itsemist tagasi l\u00f5igata, j\u00f5uab veel uuesti \u00f5itsema minna. V\u00e4ga h\u00e4sti sobib l\u00f5hnavaks \u00e4\u00e4ristaimeks kuivemasse peenrasse v\u00f5i r\u00f5dukasti.V\u00f5ib kasutada tee valmistamiseks ja toidu\u00a0kaunistamiseks, proovige ka lehekesi ja \u00f5isi salatis.\u00a0 Suurep\u00e4rane l\u00f5hnataim. Ka kassid r\u00f5\u00f5mustavad, sest naisten\u00f5gesed on nende lemmikud aias.\u00a0 Lihtne kasvatada nii kuivas kui parasniiskes mullas.\u00a0\" \/>\n<meta property=\"og:url\" content=\"https:\/\/tammetalu.eu\/toode\/mussini-naistenoges-grog\/\" \/>\n<meta property=\"og:site_name\" content=\"Tamme talu \u00fcrdiaed\" \/>\n<meta property=\"article:publisher\" content=\"https:\/\/www.facebook.com\/TammeTaluUrdiaed\/?locale=et_EE\" \/>\n<meta property=\"article:modified_time\" content=\"2026-02-02T13:14:45+00:00\" \/>\n<meta property=\"og:image\" content=\"https:\/\/tammetalu.eu\/wp-content\/uploads\/2023\/04\/Mussini-naistenoges-Nepeta-racemosa-grog-tamme-talu-urdiaed.jpg\" \/>\n\t<meta property=\"og:image:width\" content=\"700\" \/>\n\t<meta property=\"og:image:height\" content=\"700\" \/>\n\t<meta property=\"og:image:type\" content=\"image\/jpeg\" \/>\n<meta name=\"twitter:card\" content=\"summary_large_image\" \/>\n<script type=\"application\/ld+json\" class=\"yoast-schema-graph\">{\"@context\":\"https:\/\/schema.org\",\"@graph\":[{\"@type\":\"WebPage\",\"@id\":\"https:\/\/tammetalu.eu\/toode\/mussini-naistenoges-grog\/\",\"url\":\"https:\/\/tammetalu.eu\/toode\/mussini-naistenoges-grog\/\",\"name\":\"Mussini naisten\u00f5ges \\\"Grog\\\" - Tamme talu \u00fcrdiaed\",\"isPartOf\":{\"@id\":\"https:\/\/tammetalu.eu\/#website\"},\"primaryImageOfPage\":{\"@id\":\"https:\/\/tammetalu.eu\/toode\/mussini-naistenoges-grog\/#primaryimage\"},\"image\":{\"@id\":\"https:\/\/tammetalu.eu\/toode\/mussini-naistenoges-grog\/#primaryimage\"},\"thumbnailUrl\":\"https:\/\/tammetalu.eu\/wp-content\/uploads\/2023\/04\/Mussini-naistenoges-Nepeta-racemosa-grog-tamme-talu-urdiaed.jpg\",\"datePublished\":\"2023-04-11T16:47:29+00:00\",\"dateModified\":\"2026-02-02T13:14:45+00:00\",\"breadcrumb\":{\"@id\":\"https:\/\/tammetalu.eu\/toode\/mussini-naistenoges-grog\/#breadcrumb\"},\"inLanguage\":\"lv-LV\",\"potentialAction\":[{\"@type\":\"ReadAction\",\"target\":[\"https:\/\/tammetalu.eu\/toode\/mussini-naistenoges-grog\/\"]}]},{\"@type\":\"ImageObject\",\"inLanguage\":\"lv-LV\",\"@id\":\"https:\/\/tammetalu.eu\/toode\/mussini-naistenoges-grog\/#primaryimage\",\"url\":\"https:\/\/tammetalu.eu\/wp-content\/uploads\/2023\/04\/Mussini-naistenoges-Nepeta-racemosa-grog-tamme-talu-urdiaed.jpg\",\"contentUrl\":\"https:\/\/tammetalu.eu\/wp-content\/uploads\/2023\/04\/Mussini-naistenoges-Nepeta-racemosa-grog-tamme-talu-urdiaed.jpg\",\"width\":700,\"height\":700,\"caption\":\"Mussini-naistenoges-Nepeta-racemosa-grog-tamme-talu-urdiaed\"},{\"@type\":\"BreadcrumbList\",\"@id\":\"https:\/\/tammetalu.eu\/toode\/mussini-naistenoges-grog\/#breadcrumb\",\"itemListElement\":[{\"@type\":\"ListItem\",\"position\":1,\"name\":\"Home\",\"item\":\"https:\/\/tammetalu.eu\/lv\/galvena-lapa\/\"},{\"@type\":\"ListItem\",\"position\":2,\"name\":\"Shop\",\"item\":\"https:\/\/tammetalu.eu\/lv\/shop\/\"},{\"@type\":\"ListItem\",\"position\":3,\"name\":\"Mussini naisten\u00f5ges &#8220;Grog&#8221;\"}]},{\"@type\":\"WebSite\",\"@id\":\"https:\/\/tammetalu.eu\/#website\",\"url\":\"https:\/\/tammetalu.eu\/\",\"name\":\"Tamme talu \u00fcrdiaed\",\"description\":\"K\u00e4sit\u00f6\u00f6na valmistatud tooted \u00fcrtidest, \u00fcrdiistikud, \u00fcrtide kollektsioonaed\",\"publisher\":{\"@id\":\"https:\/\/tammetalu.eu\/#organization\"},\"alternateName\":\"Tamme talu\",\"potentialAction\":[{\"@type\":\"SearchAction\",\"target\":{\"@type\":\"EntryPoint\",\"urlTemplate\":\"https:\/\/tammetalu.eu\/?s={search_term_string}\"},\"query-input\":{\"@type\":\"PropertyValueSpecification\",\"valueRequired\":true,\"valueName\":\"search_term_string\"}}],\"inLanguage\":\"lv-LV\"},{\"@type\":\"Organization\",\"@id\":\"https:\/\/tammetalu.eu\/#organization\",\"name\":\"Tamme talu \u00fcrdiaed\",\"alternateName\":\"Tamme talu\",\"url\":\"https:\/\/tammetalu.eu\/\",\"logo\":{\"@type\":\"ImageObject\",\"inLanguage\":\"lv-LV\",\"@id\":\"https:\/\/tammetalu.eu\/#\/schema\/logo\/image\/\",\"url\":\"https:\/\/tammetalu.eu\/wp-content\/uploads\/2025\/01\/Tamme_talu_urdiaed.png\",\"contentUrl\":\"https:\/\/tammetalu.eu\/wp-content\/uploads\/2025\/01\/Tamme_talu_urdiaed.png\",\"width\":560,\"height\":560,\"caption\":\"Tamme talu \u00fcrdiaed\"},\"image\":{\"@id\":\"https:\/\/tammetalu.eu\/#\/schema\/logo\/image\/\"},\"sameAs\":[\"https:\/\/www.facebook.com\/TammeTaluUrdiaed\/?locale=et_EE\",\"https:\/\/www.instagram.com\/tammetaluurdiaed\/\"]}]}<\/script>\n<!-- \/ Yoast SEO plugin. -->","yoast_head_json":{"title":"Mussini naisten\u00f5ges \"Grog\" - Tamme talu \u00fcrdiaed","robots":{"index":"index","follow":"follow","max-snippet":"max-snippet:-1","max-image-preview":"max-image-preview:large","max-video-preview":"max-video-preview:-1"},"canonical":"https:\/\/tammetalu.eu\/toode\/mussini-naistenoges-grog\/","og_locale":"lv_LV","og_type":"article","og_title":"Mussini naisten\u00f5ges \"Grog\" - Tamme talu \u00fcrdiaed","og_description":"Nepeta racemosaFaasseni naisten\u00f5ges \"Grog\" on talvekindel p\u00fcsik. Ilusad sinakaslillad \u00f5isikud ja rohekash\u00f5bedane lehestik ja veidi lamanduvad v\u00f5rsed. V\u00e4ga hea l\u00f5hnataim, eritab puudutamisel meeldivat sidrunil\u00f5hna. Kui peale \u00f5itsemist tagasi l\u00f5igata, j\u00f5uab veel uuesti \u00f5itsema minna. V\u00e4ga h\u00e4sti sobib l\u00f5hnavaks \u00e4\u00e4ristaimeks kuivemasse peenrasse v\u00f5i r\u00f5dukasti.V\u00f5ib kasutada tee valmistamiseks ja toidu\u00a0kaunistamiseks, proovige ka lehekesi ja \u00f5isi salatis.\u00a0 Suurep\u00e4rane l\u00f5hnataim. Ka kassid r\u00f5\u00f5mustavad, sest naisten\u00f5gesed on nende lemmikud aias.\u00a0 Lihtne kasvatada nii kuivas kui parasniiskes mullas.\u00a0","og_url":"https:\/\/tammetalu.eu\/toode\/mussini-naistenoges-grog\/","og_site_name":"Tamme talu \u00fcrdiaed","article_publisher":"https:\/\/www.facebook.com\/TammeTaluUrdiaed\/?locale=et_EE","article_modified_time":"2026-02-02T13:14:45+00:00","og_image":[{"width":700,"height":700,"url":"https:\/\/tammetalu.eu\/wp-content\/uploads\/2023\/04\/Mussini-naistenoges-Nepeta-racemosa-grog-tamme-talu-urdiaed.jpg","type":"image\/jpeg"}],"twitter_card":"summary_large_image","schema":{"@context":"https:\/\/schema.org","@graph":[{"@type":"WebPage","@id":"https:\/\/tammetalu.eu\/toode\/mussini-naistenoges-grog\/","url":"https:\/\/tammetalu.eu\/toode\/mussini-naistenoges-grog\/","name":"Mussini naisten\u00f5ges \"Grog\" - Tamme talu \u00fcrdiaed","isPartOf":{"@id":"https:\/\/tammetalu.eu\/#website"},"primaryImageOfPage":{"@id":"https:\/\/tammetalu.eu\/toode\/mussini-naistenoges-grog\/#primaryimage"},"image":{"@id":"https:\/\/tammetalu.eu\/toode\/mussini-naistenoges-grog\/#primaryimage"},"thumbnailUrl":"https:\/\/tammetalu.eu\/wp-content\/uploads\/2023\/04\/Mussini-naistenoges-Nepeta-racemosa-grog-tamme-talu-urdiaed.jpg","datePublished":"2023-04-11T16:47:29+00:00","dateModified":"2026-02-02T13:14:45+00:00","breadcrumb":{"@id":"https:\/\/tammetalu.eu\/toode\/mussini-naistenoges-grog\/#breadcrumb"},"inLanguage":"lv-LV","potentialAction":[{"@type":"ReadAction","target":["https:\/\/tammetalu.eu\/toode\/mussini-naistenoges-grog\/"]}]},{"@type":"ImageObject","inLanguage":"lv-LV","@id":"https:\/\/tammetalu.eu\/toode\/mussini-naistenoges-grog\/#primaryimage","url":"https:\/\/tammetalu.eu\/wp-content\/uploads\/2023\/04\/Mussini-naistenoges-Nepeta-racemosa-grog-tamme-talu-urdiaed.jpg","contentUrl":"https:\/\/tammetalu.eu\/wp-content\/uploads\/2023\/04\/Mussini-naistenoges-Nepeta-racemosa-grog-tamme-talu-urdiaed.jpg","width":700,"height":700,"caption":"Mussini-naistenoges-Nepeta-racemosa-grog-tamme-talu-urdiaed"},{"@type":"BreadcrumbList","@id":"https:\/\/tammetalu.eu\/toode\/mussini-naistenoges-grog\/#breadcrumb","itemListElement":[{"@type":"ListItem","position":1,"name":"Home","item":"https:\/\/tammetalu.eu\/lv\/galvena-lapa\/"},{"@type":"ListItem","position":2,"name":"Shop","item":"https:\/\/tammetalu.eu\/lv\/shop\/"},{"@type":"ListItem","position":3,"name":"Mussini naisten\u00f5ges &#8220;Grog&#8221;"}]},{"@type":"WebSite","@id":"https:\/\/tammetalu.eu\/#website","url":"https:\/\/tammetalu.eu\/","name":"Tamme talu \u00fcrdiaed","description":"K\u00e4sit\u00f6\u00f6na valmistatud tooted \u00fcrtidest, \u00fcrdiistikud, \u00fcrtide kollektsioonaed","publisher":{"@id":"https:\/\/tammetalu.eu\/#organization"},"alternateName":"Tamme talu","potentialAction":[{"@type":"SearchAction","target":{"@type":"EntryPoint","urlTemplate":"https:\/\/tammetalu.eu\/?s={search_term_string}"},"query-input":{"@type":"PropertyValueSpecification","valueRequired":true,"valueName":"search_term_string"}}],"inLanguage":"lv-LV"},{"@type":"Organization","@id":"https:\/\/tammetalu.eu\/#organization","name":"Tamme talu \u00fcrdiaed","alternateName":"Tamme talu","url":"https:\/\/tammetalu.eu\/","logo":{"@type":"ImageObject","inLanguage":"lv-LV","@id":"https:\/\/tammetalu.eu\/#\/schema\/logo\/image\/","url":"https:\/\/tammetalu.eu\/wp-content\/uploads\/2025\/01\/Tamme_talu_urdiaed.png","contentUrl":"https:\/\/tammetalu.eu\/wp-content\/uploads\/2025\/01\/Tamme_talu_urdiaed.png","width":560,"height":560,"caption":"Tamme talu \u00fcrdiaed"},"image":{"@id":"https:\/\/tammetalu.eu\/#\/schema\/logo\/image\/"},"sameAs":["https:\/\/www.facebook.com\/TammeTaluUrdiaed\/?locale=et_EE","https:\/\/www.instagram.com\/tammetaluurdiaed\/"]}]}},"_links":{"self":[{"href":"https:\/\/tammetalu.eu\/lv\/wp-json\/wp\/v2\/product\/17831","targetHints":{"allow":["GET"]}}],"collection":[{"href":"https:\/\/tammetalu.eu\/lv\/wp-json\/wp\/v2\/product"}],"about":[{"href":"https:\/\/tammetalu.eu\/lv\/wp-json\/wp\/v2\/types\/product"}],"wp:featuredmedia":[{"embeddable":true,"href":"https:\/\/tammetalu.eu\/lv\/wp-json\/wp\/v2\/media\/17832"}],"wp:attachment":[{"href":"https:\/\/tammetalu.eu\/lv\/wp-json\/wp\/v2\/media?parent=17831"}],"wp:term":[{"taxonomy":"product_brand","embeddable":true,"href":"https:\/\/tammetalu.eu\/lv\/wp-json\/wp\/v2\/product_brand?post=17831"},{"taxonomy":"product_cat","embeddable":true,"href":"https:\/\/tammetalu.eu\/lv\/wp-json\/wp\/v2\/product_cat?post=17831"},{"taxonomy":"product_tag","embeddable":true,"href":"https:\/\/tammetalu.eu\/lv\/wp-json\/wp\/v2\/product_tag?post=17831"}],"curies":[{"name":"wp","href":"https:\/\/api.w.org\/{rel}","templated":true}]}}