{"id":17899,"date":"2023-04-12T16:21:58","date_gmt":"2023-04-12T13:21:58","guid":{"rendered":"https:\/\/tammetalu.eu\/?post_type=product&#038;p=17899"},"modified":"2026-05-04T08:49:32","modified_gmt":"2026-05-04T05:49:32","slug":"spinatbasella","status":"publish","type":"product","link":"https:\/\/tammetalu.eu\/lv\/toode\/spinatbasella\/","title":{"rendered":"Spinatbasella Basella alba"},"content":{"rendered":"","protected":false},"excerpt":{"rendered":"<p><em>Basella alba<\/em><\/p>\n<p>Spinatbasella ehk India spinat v\u00f5i Malabari spinat, nagu taime nimigi \u00fctleb, on p\u00e4rit Indiast, t\u00e4psemalt India poolsaarelt. Tegu on \u00e4\u00e4rmiselt dekoratiivse s\u00f6\u00f6dava taimega, mille v\u00f5rsed v\u00f5ivad kasvada aja jooksul pea k\u00fcmnemeetristeks. Lehed on l\u00e4ikivad, v\u00e4ikesed \u00f5isikud \u00f5rnroosad ja v\u00e4ga ilusad.<\/p>\n<p>India spinat on p\u00fcsik, Eesti tingimustes saab kasvatada ka \u00fcheaastasena v\u00f5i talvel tavalise toataimena. V\u00f5ib kasvatada suuremas potis, nii ei pea taime p\u00fcsikuna kasvatamisel s\u00fcgisel spinatbasellat enne siseruumidesse talvituma toomist \u00fcmber hakkama istutama. Oma lopsaka kasvu ja kauni v\u00e4limuse t\u00f5ttu sobib h\u00e4sti r\u00f5dul kasvatamiseks. Taime saab panna tugedele ronima. Talub h\u00e4sti k\u00e4rpimist. Aga vajab palju kastmist, et lehed ikka lopsakad ja mahlased kasvaksid. On v\u00e4ga soojan\u00f5udlik troopiline taim, kuid saab meie suves h\u00e4sti hakkama ja kasvuhoones teda tingimata kasvatama ei pea.<\/p>\n<p>India spinatit kasutatakse laialdaselt lehtk\u00f6\u00f6giviljana, maitselt meenutavad lehed maheda maitselist spinatit. Lehti ja noori v\u00f5rseid, \u00f5isikuid ja vilju v\u00f5ib v\u00e4rskelt s\u00fc\u00fca, hautada, keeta, vokkida, smuutidesse suristada.<\/p>\n","protected":false},"featured_media":24109,"template":"","meta":{"_acf_changed":false,"_et_pb_use_builder":"","_et_pb_old_content":"","_et_gb_content_width":"","inline_featured_image":false},"product_brand":[],"product_cat":[186,203],"product_tag":[],"class_list":{"0":"post-17899","1":"product","2":"type-product","3":"status-publish","4":"has-post-thumbnail","6":"product_cat-maitse-ja-ravimtaimede-istikud","7":"product_cat-ponevad-koogiviljad","9":"first","10":"instock","11":"taxable","12":"shipping-taxable","13":"purchasable","14":"product-type-simple"},"acf":[],"yoast_head":"<!-- This site is optimized with the Yoast SEO plugin v27.5 - https:\/\/yoast.com\/product\/yoast-seo-wordpress\/ -->\n<title>Spinatbasella Basella alba - Tamme talu \u00fcrdiaed<\/title>\n<meta name=\"robots\" content=\"index, follow, max-snippet:-1, max-image-preview:large, max-video-preview:-1\" \/>\n<link rel=\"canonical\" href=\"https:\/\/tammetalu.eu\/toode\/spinatbasella\/\" \/>\n<meta property=\"og:locale\" content=\"lv_LV\" \/>\n<meta property=\"og:type\" content=\"article\" \/>\n<meta property=\"og:title\" content=\"Spinatbasella Basella alba - Tamme talu \u00fcrdiaed\" \/>\n<meta property=\"og:description\" content=\"Basella alba  Spinatbasella ehk India spinat v\u00f5i Malabari spinat, nagu taime nimigi \u00fctleb, on p\u00e4rit Indiast, t\u00e4psemalt India poolsaarelt. Tegu on \u00e4\u00e4rmiselt dekoratiivse s\u00f6\u00f6dava taimega, mille v\u00f5rsed v\u00f5ivad kasvada aja jooksul pea k\u00fcmnemeetristeks. Lehed on l\u00e4ikivad, v\u00e4ikesed \u00f5isikud \u00f5rnroosad ja v\u00e4ga ilusad.  India spinat on p\u00fcsik, Eesti tingimustes saab kasvatada ka \u00fcheaastasena v\u00f5i talvel tavalise toataimena. V\u00f5ib kasvatada suuremas potis, nii ei pea taime p\u00fcsikuna kasvatamisel s\u00fcgisel spinatbasellat enne siseruumidesse talvituma toomist \u00fcmber hakkama istutama. Oma lopsaka kasvu ja kauni v\u00e4limuse t\u00f5ttu sobib h\u00e4sti r\u00f5dul kasvatamiseks. Taime saab panna tugedele ronima. Talub h\u00e4sti k\u00e4rpimist. Aga vajab palju kastmist, et lehed ikka lopsakad ja mahlased kasvaksid. On v\u00e4ga soojan\u00f5udlik troopiline taim, kuid saab meie suves h\u00e4sti hakkama ja kasvuhoones teda tingimata kasvatama ei pea.  India spinatit kasutatakse laialdaselt lehtk\u00f6\u00f6giviljana, maitselt meenutavad lehed maheda maitselist spinatit. Lehti ja noori v\u00f5rseid, \u00f5isikuid ja vilju v\u00f5ib v\u00e4rskelt s\u00fc\u00fca, hautada, keeta, vokkida, smuutidesse suristada.\" \/>\n<meta property=\"og:url\" content=\"https:\/\/tammetalu.eu\/toode\/spinatbasella\/\" \/>\n<meta property=\"og:site_name\" content=\"Tamme talu \u00fcrdiaed\" \/>\n<meta property=\"article:publisher\" content=\"https:\/\/www.facebook.com\/TammeTaluUrdiaed\/?locale=et_EE\" \/>\n<meta property=\"article:modified_time\" content=\"2026-05-04T05:49:32+00:00\" \/>\n<meta property=\"og:image\" content=\"https:\/\/tammetalu.eu\/wp-content\/uploads\/2023\/04\/Spinatbasella_alba_tamme_talu_urdiaed.jpg\" \/>\n\t<meta property=\"og:image:width\" content=\"1024\" \/>\n\t<meta property=\"og:image:height\" content=\"1534\" \/>\n\t<meta property=\"og:image:type\" content=\"image\/jpeg\" \/>\n<meta name=\"twitter:card\" content=\"summary_large_image\" \/>\n<meta name=\"twitter:label1\" content=\"Est. reading time\" \/>\n\t<meta name=\"twitter:data1\" content=\"1 minute\" \/>\n<script type=\"application\/ld+json\" class=\"yoast-schema-graph\">{\"@context\":\"https:\\\/\\\/schema.org\",\"@graph\":[{\"@type\":\"WebPage\",\"@id\":\"https:\\\/\\\/tammetalu.eu\\\/toode\\\/spinatbasella\\\/\",\"url\":\"https:\\\/\\\/tammetalu.eu\\\/toode\\\/spinatbasella\\\/\",\"name\":\"Spinatbasella Basella alba - Tamme talu \u00fcrdiaed\",\"isPartOf\":{\"@id\":\"https:\\\/\\\/tammetalu.eu\\\/#website\"},\"primaryImageOfPage\":{\"@id\":\"https:\\\/\\\/tammetalu.eu\\\/toode\\\/spinatbasella\\\/#primaryimage\"},\"image\":{\"@id\":\"https:\\\/\\\/tammetalu.eu\\\/toode\\\/spinatbasella\\\/#primaryimage\"},\"thumbnailUrl\":\"https:\\\/\\\/tammetalu.eu\\\/wp-content\\\/uploads\\\/2023\\\/04\\\/Spinatbasella_alba_tamme_talu_urdiaed.jpg\",\"datePublished\":\"2023-04-12T13:21:58+00:00\",\"dateModified\":\"2026-05-04T05:49:32+00:00\",\"breadcrumb\":{\"@id\":\"https:\\\/\\\/tammetalu.eu\\\/toode\\\/spinatbasella\\\/#breadcrumb\"},\"inLanguage\":\"lv-LV\",\"potentialAction\":[{\"@type\":\"ReadAction\",\"target\":[\"https:\\\/\\\/tammetalu.eu\\\/toode\\\/spinatbasella\\\/\"]}]},{\"@type\":\"ImageObject\",\"inLanguage\":\"lv-LV\",\"@id\":\"https:\\\/\\\/tammetalu.eu\\\/toode\\\/spinatbasella\\\/#primaryimage\",\"url\":\"https:\\\/\\\/tammetalu.eu\\\/wp-content\\\/uploads\\\/2023\\\/04\\\/Spinatbasella_alba_tamme_talu_urdiaed.jpg\",\"contentUrl\":\"https:\\\/\\\/tammetalu.eu\\\/wp-content\\\/uploads\\\/2023\\\/04\\\/Spinatbasella_alba_tamme_talu_urdiaed.jpg\",\"width\":1024,\"height\":1534,\"caption\":\"Spinatbasella_alba_tamme_talu_urdiaed\"},{\"@type\":\"BreadcrumbList\",\"@id\":\"https:\\\/\\\/tammetalu.eu\\\/toode\\\/spinatbasella\\\/#breadcrumb\",\"itemListElement\":[{\"@type\":\"ListItem\",\"position\":1,\"name\":\"Home\",\"item\":\"https:\\\/\\\/tammetalu.eu\\\/lv\\\/galvena-lapa\\\/\"},{\"@type\":\"ListItem\",\"position\":2,\"name\":\"Shop\",\"item\":\"https:\\\/\\\/tammetalu.eu\\\/lv\\\/shop\\\/\"},{\"@type\":\"ListItem\",\"position\":3,\"name\":\"Spinatbasella Basella alba\"}]},{\"@type\":\"WebSite\",\"@id\":\"https:\\\/\\\/tammetalu.eu\\\/#website\",\"url\":\"https:\\\/\\\/tammetalu.eu\\\/\",\"name\":\"Tamme talu \u00fcrdiaed\",\"description\":\"K\u00e4sit\u00f6\u00f6na valmistatud tooted \u00fcrtidest, \u00fcrdiistikud, \u00fcrtide kollektsioonaed\",\"publisher\":{\"@id\":\"https:\\\/\\\/tammetalu.eu\\\/#organization\"},\"alternateName\":\"Tamme talu\",\"potentialAction\":[{\"@type\":\"SearchAction\",\"target\":{\"@type\":\"EntryPoint\",\"urlTemplate\":\"https:\\\/\\\/tammetalu.eu\\\/?s={search_term_string}\"},\"query-input\":{\"@type\":\"PropertyValueSpecification\",\"valueRequired\":true,\"valueName\":\"search_term_string\"}}],\"inLanguage\":\"lv-LV\"},{\"@type\":\"Organization\",\"@id\":\"https:\\\/\\\/tammetalu.eu\\\/#organization\",\"name\":\"Tamme talu \u00fcrdiaed\",\"alternateName\":\"Tamme talu\",\"url\":\"https:\\\/\\\/tammetalu.eu\\\/\",\"logo\":{\"@type\":\"ImageObject\",\"inLanguage\":\"lv-LV\",\"@id\":\"https:\\\/\\\/tammetalu.eu\\\/#\\\/schema\\\/logo\\\/image\\\/\",\"url\":\"https:\\\/\\\/tammetalu.eu\\\/wp-content\\\/uploads\\\/2025\\\/01\\\/Tamme_talu_urdiaed.png\",\"contentUrl\":\"https:\\\/\\\/tammetalu.eu\\\/wp-content\\\/uploads\\\/2025\\\/01\\\/Tamme_talu_urdiaed.png\",\"width\":560,\"height\":560,\"caption\":\"Tamme talu \u00fcrdiaed\"},\"image\":{\"@id\":\"https:\\\/\\\/tammetalu.eu\\\/#\\\/schema\\\/logo\\\/image\\\/\"},\"sameAs\":[\"https:\\\/\\\/www.facebook.com\\\/TammeTaluUrdiaed\\\/?locale=et_EE\",\"https:\\\/\\\/www.instagram.com\\\/tammetaluurdiaed\\\/\"]}]}<\/script>\n<!-- \/ Yoast SEO plugin. -->","yoast_head_json":{"title":"Spinatbasella Basella alba - Tamme talu \u00fcrdiaed","robots":{"index":"index","follow":"follow","max-snippet":"max-snippet:-1","max-image-preview":"max-image-preview:large","max-video-preview":"max-video-preview:-1"},"canonical":"https:\/\/tammetalu.eu\/toode\/spinatbasella\/","og_locale":"lv_LV","og_type":"article","og_title":"Spinatbasella Basella alba - Tamme talu \u00fcrdiaed","og_description":"Basella alba  Spinatbasella ehk India spinat v\u00f5i Malabari spinat, nagu taime nimigi \u00fctleb, on p\u00e4rit Indiast, t\u00e4psemalt India poolsaarelt. Tegu on \u00e4\u00e4rmiselt dekoratiivse s\u00f6\u00f6dava taimega, mille v\u00f5rsed v\u00f5ivad kasvada aja jooksul pea k\u00fcmnemeetristeks. Lehed on l\u00e4ikivad, v\u00e4ikesed \u00f5isikud \u00f5rnroosad ja v\u00e4ga ilusad.  India spinat on p\u00fcsik, Eesti tingimustes saab kasvatada ka \u00fcheaastasena v\u00f5i talvel tavalise toataimena. V\u00f5ib kasvatada suuremas potis, nii ei pea taime p\u00fcsikuna kasvatamisel s\u00fcgisel spinatbasellat enne siseruumidesse talvituma toomist \u00fcmber hakkama istutama. Oma lopsaka kasvu ja kauni v\u00e4limuse t\u00f5ttu sobib h\u00e4sti r\u00f5dul kasvatamiseks. Taime saab panna tugedele ronima. Talub h\u00e4sti k\u00e4rpimist. Aga vajab palju kastmist, et lehed ikka lopsakad ja mahlased kasvaksid. On v\u00e4ga soojan\u00f5udlik troopiline taim, kuid saab meie suves h\u00e4sti hakkama ja kasvuhoones teda tingimata kasvatama ei pea.  India spinatit kasutatakse laialdaselt lehtk\u00f6\u00f6giviljana, maitselt meenutavad lehed maheda maitselist spinatit. Lehti ja noori v\u00f5rseid, \u00f5isikuid ja vilju v\u00f5ib v\u00e4rskelt s\u00fc\u00fca, hautada, keeta, vokkida, smuutidesse suristada.","og_url":"https:\/\/tammetalu.eu\/toode\/spinatbasella\/","og_site_name":"Tamme talu \u00fcrdiaed","article_publisher":"https:\/\/www.facebook.com\/TammeTaluUrdiaed\/?locale=et_EE","article_modified_time":"2026-05-04T05:49:32+00:00","og_image":[{"width":1024,"height":1534,"url":"https:\/\/tammetalu.eu\/wp-content\/uploads\/2023\/04\/Spinatbasella_alba_tamme_talu_urdiaed.jpg","type":"image\/jpeg"}],"twitter_card":"summary_large_image","twitter_misc":{"Est. reading time":"1 minute"},"schema":{"@context":"https:\/\/schema.org","@graph":[{"@type":"WebPage","@id":"https:\/\/tammetalu.eu\/toode\/spinatbasella\/","url":"https:\/\/tammetalu.eu\/toode\/spinatbasella\/","name":"Spinatbasella Basella alba - Tamme talu \u00fcrdiaed","isPartOf":{"@id":"https:\/\/tammetalu.eu\/#website"},"primaryImageOfPage":{"@id":"https:\/\/tammetalu.eu\/toode\/spinatbasella\/#primaryimage"},"image":{"@id":"https:\/\/tammetalu.eu\/toode\/spinatbasella\/#primaryimage"},"thumbnailUrl":"https:\/\/tammetalu.eu\/wp-content\/uploads\/2023\/04\/Spinatbasella_alba_tamme_talu_urdiaed.jpg","datePublished":"2023-04-12T13:21:58+00:00","dateModified":"2026-05-04T05:49:32+00:00","breadcrumb":{"@id":"https:\/\/tammetalu.eu\/toode\/spinatbasella\/#breadcrumb"},"inLanguage":"lv-LV","potentialAction":[{"@type":"ReadAction","target":["https:\/\/tammetalu.eu\/toode\/spinatbasella\/"]}]},{"@type":"ImageObject","inLanguage":"lv-LV","@id":"https:\/\/tammetalu.eu\/toode\/spinatbasella\/#primaryimage","url":"https:\/\/tammetalu.eu\/wp-content\/uploads\/2023\/04\/Spinatbasella_alba_tamme_talu_urdiaed.jpg","contentUrl":"https:\/\/tammetalu.eu\/wp-content\/uploads\/2023\/04\/Spinatbasella_alba_tamme_talu_urdiaed.jpg","width":1024,"height":1534,"caption":"Spinatbasella_alba_tamme_talu_urdiaed"},{"@type":"BreadcrumbList","@id":"https:\/\/tammetalu.eu\/toode\/spinatbasella\/#breadcrumb","itemListElement":[{"@type":"ListItem","position":1,"name":"Home","item":"https:\/\/tammetalu.eu\/lv\/galvena-lapa\/"},{"@type":"ListItem","position":2,"name":"Shop","item":"https:\/\/tammetalu.eu\/lv\/shop\/"},{"@type":"ListItem","position":3,"name":"Spinatbasella Basella alba"}]},{"@type":"WebSite","@id":"https:\/\/tammetalu.eu\/#website","url":"https:\/\/tammetalu.eu\/","name":"Tamme talu \u00fcrdiaed","description":"K\u00e4sit\u00f6\u00f6na valmistatud tooted \u00fcrtidest, \u00fcrdiistikud, \u00fcrtide kollektsioonaed","publisher":{"@id":"https:\/\/tammetalu.eu\/#organization"},"alternateName":"Tamme talu","potentialAction":[{"@type":"SearchAction","target":{"@type":"EntryPoint","urlTemplate":"https:\/\/tammetalu.eu\/?s={search_term_string}"},"query-input":{"@type":"PropertyValueSpecification","valueRequired":true,"valueName":"search_term_string"}}],"inLanguage":"lv-LV"},{"@type":"Organization","@id":"https:\/\/tammetalu.eu\/#organization","name":"Tamme talu \u00fcrdiaed","alternateName":"Tamme talu","url":"https:\/\/tammetalu.eu\/","logo":{"@type":"ImageObject","inLanguage":"lv-LV","@id":"https:\/\/tammetalu.eu\/#\/schema\/logo\/image\/","url":"https:\/\/tammetalu.eu\/wp-content\/uploads\/2025\/01\/Tamme_talu_urdiaed.png","contentUrl":"https:\/\/tammetalu.eu\/wp-content\/uploads\/2025\/01\/Tamme_talu_urdiaed.png","width":560,"height":560,"caption":"Tamme talu \u00fcrdiaed"},"image":{"@id":"https:\/\/tammetalu.eu\/#\/schema\/logo\/image\/"},"sameAs":["https:\/\/www.facebook.com\/TammeTaluUrdiaed\/?locale=et_EE","https:\/\/www.instagram.com\/tammetaluurdiaed\/"]}]}},"_links":{"self":[{"href":"https:\/\/tammetalu.eu\/lv\/wp-json\/wp\/v2\/product\/17899","targetHints":{"allow":["GET"]}}],"collection":[{"href":"https:\/\/tammetalu.eu\/lv\/wp-json\/wp\/v2\/product"}],"about":[{"href":"https:\/\/tammetalu.eu\/lv\/wp-json\/wp\/v2\/types\/product"}],"wp:featuredmedia":[{"embeddable":true,"href":"https:\/\/tammetalu.eu\/lv\/wp-json\/wp\/v2\/media\/24109"}],"wp:attachment":[{"href":"https:\/\/tammetalu.eu\/lv\/wp-json\/wp\/v2\/media?parent=17899"}],"wp:term":[{"taxonomy":"product_brand","embeddable":true,"href":"https:\/\/tammetalu.eu\/lv\/wp-json\/wp\/v2\/product_brand?post=17899"},{"taxonomy":"product_cat","embeddable":true,"href":"https:\/\/tammetalu.eu\/lv\/wp-json\/wp\/v2\/product_cat?post=17899"},{"taxonomy":"product_tag","embeddable":true,"href":"https:\/\/tammetalu.eu\/lv\/wp-json\/wp\/v2\/product_tag?post=17899"}],"curies":[{"name":"wp","href":"https:\/\/api.w.org\/{rel}","templated":true}]}}