{"id":17904,"date":"2023-04-12T16:25:14","date_gmt":"2023-04-12T13:25:14","guid":{"rendered":"https:\/\/tammetalu.eu\/?post_type=product&#038;p=17904"},"modified":"2026-04-02T23:17:01","modified_gmt":"2026-04-02T20:17:01","slug":"spinatbasella-rubra","status":"publish","type":"product","link":"https:\/\/tammetalu.eu\/lv\/toode\/spinatbasella-rubra\/","title":{"rendered":"Spinatbasella &#8220;Rubra&#8221;"},"content":{"rendered":"","protected":false},"excerpt":{"rendered":"<p><em>Basella alba<\/em><\/p>\n<p>Spinatbasella ehk India spinat v\u00f5i Malabari spinat, nagu taime nimigi \u00fctleb, on p\u00e4rit Indiast, t\u00e4psemalt India poolsaarelt. Tegu on \u00e4\u00e4rmiselt dekoratiivse s\u00f6\u00f6dava taimega, mille v\u00f5rsed v\u00f5ivad kasvada aja jooksul pea k\u00fcmnemeetristeks. Lehed on l\u00e4ikivad, v\u00e4ikesed \u00f5isikud \u00f5rnroosad ja v\u00e4ga ilusad.<\/p>\n<p>India spinat on p\u00fcsik, Eesti tingimustes saab kasvatada ka \u00fcheaastasena v\u00f5i talvel tavalise toataimena. V\u00f5ib kasvatada suuremas potis, nii ei pea taime p\u00fcsikuna kasvatamisel s\u00fcgisel spinatbasellat enne siseruumidesse talvituma toomist \u00fcmber hakkama istutama. Oma lopsaka kasvu ja kauni v\u00e4limuse t\u00f5ttu sobib h\u00e4sti r\u00f5dul kasvatamiseks. Taime saab panna tugedele ronima. Talub h\u00e4sti k\u00e4rpimist. Aga vajab palju kastmist, et lehed ikka lopsakad ja mahlased kasvaksid. On v\u00e4ga soojan\u00f5udlikmtroopiline taim, kuid saab meie suves h\u00e4sti hakkama ja kasvuhoones teda tingimata kasvatama ei pea.<\/p>\n<p>India spinatit kasutatakse laialdaselt lehtk\u00f6\u00f6giviljana, maitselt meenutavad lehed maheda maitselist spinatit. Lehti ja noori v\u00f5rseid, \u00f5isikuid ja vilju v\u00f5ib v\u00e4rskelt s\u00fc\u00fca, hautada, keeta, vokkida, smuutidesse suristada. India spinati viljad on ilusad v\u00e4rvilised, nendega saab anda jookidele ja toitudele ilusa peedipunase v\u00e4rvuse.<\/p>\n","protected":false},"featured_media":24104,"template":"","meta":{"_acf_changed":false,"_et_pb_use_builder":"","_et_pb_old_content":"","_et_gb_content_width":"","inline_featured_image":false},"product_brand":[],"product_cat":[247,186,203],"product_tag":[],"class_list":{"0":"post-17904","1":"product","2":"type-product","3":"status-publish","4":"has-post-thumbnail","6":"product_cat-rohenappude-lemmikud","7":"product_cat-maitse-ja-ravimtaimede-istikud","8":"product_cat-ponevad-koogiviljad","10":"first","11":"instock","12":"sale","13":"taxable","14":"shipping-taxable","15":"purchasable","16":"product-type-simple"},"acf":[],"yoast_head":"<!-- This site is optimized with the Yoast SEO plugin v26.4 - https:\/\/yoast.com\/wordpress\/plugins\/seo\/ -->\n<title>Spinatbasella &quot;Rubra&quot; - Tamme talu \u00fcrdiaed<\/title>\n<meta name=\"robots\" content=\"index, follow, max-snippet:-1, max-image-preview:large, max-video-preview:-1\" \/>\n<link rel=\"canonical\" href=\"https:\/\/tammetalu.eu\/toode\/spinatbasella-rubra\/\" \/>\n<meta property=\"og:locale\" content=\"lv_LV\" \/>\n<meta property=\"og:type\" content=\"article\" \/>\n<meta property=\"og:title\" content=\"Spinatbasella &quot;Rubra&quot; - Tamme talu \u00fcrdiaed\" \/>\n<meta property=\"og:description\" content=\"Basella alba  Spinatbasella ehk India spinat v\u00f5i Malabari spinat, nagu taime nimigi \u00fctleb, on p\u00e4rit Indiast, t\u00e4psemalt India poolsaarelt. Tegu on \u00e4\u00e4rmiselt dekoratiivse s\u00f6\u00f6dava taimega, mille v\u00f5rsed v\u00f5ivad kasvada aja jooksul pea k\u00fcmnemeetristeks. Lehed on l\u00e4ikivad, v\u00e4ikesed \u00f5isikud \u00f5rnroosad ja v\u00e4ga ilusad.  India spinat on p\u00fcsik, Eesti tingimustes saab kasvatada ka \u00fcheaastasena v\u00f5i talvel tavalise toataimena. V\u00f5ib kasvatada suuremas potis, nii ei pea taime p\u00fcsikuna kasvatamisel s\u00fcgisel spinatbasellat enne siseruumidesse talvituma toomist \u00fcmber hakkama istutama. Oma lopsaka kasvu ja kauni v\u00e4limuse t\u00f5ttu sobib h\u00e4sti r\u00f5dul kasvatamiseks. Taime saab panna tugedele ronima. Talub h\u00e4sti k\u00e4rpimist. Aga vajab palju kastmist, et lehed ikka lopsakad ja mahlased kasvaksid. On v\u00e4ga soojan\u00f5udlikmtroopiline taim, kuid saab meie suves h\u00e4sti hakkama ja kasvuhoones teda tingimata kasvatama ei pea.  India spinatit kasutatakse laialdaselt lehtk\u00f6\u00f6giviljana, maitselt meenutavad lehed maheda maitselist spinatit. Lehti ja noori v\u00f5rseid, \u00f5isikuid ja vilju v\u00f5ib v\u00e4rskelt s\u00fc\u00fca, hautada, keeta, vokkida, smuutidesse suristada. India spinati viljad on ilusad v\u00e4rvilised, nendega saab anda jookidele ja toitudele ilusa peedipunase v\u00e4rvuse.\" \/>\n<meta property=\"og:url\" content=\"https:\/\/tammetalu.eu\/toode\/spinatbasella-rubra\/\" \/>\n<meta property=\"og:site_name\" content=\"Tamme talu \u00fcrdiaed\" \/>\n<meta property=\"article:publisher\" content=\"https:\/\/www.facebook.com\/TammeTaluUrdiaed\/?locale=et_EE\" \/>\n<meta property=\"article:modified_time\" content=\"2026-04-02T20:17:01+00:00\" \/>\n<meta property=\"og:image\" content=\"https:\/\/tammetalu.eu\/wp-content\/uploads\/2023\/04\/tamme_talu_urdiaed_Spinatbasella_rubra.jpg\" \/>\n\t<meta property=\"og:image:width\" content=\"1024\" \/>\n\t<meta property=\"og:image:height\" content=\"1534\" \/>\n\t<meta property=\"og:image:type\" content=\"image\/jpeg\" \/>\n<meta name=\"twitter:card\" content=\"summary_large_image\" \/>\n<meta name=\"twitter:label1\" content=\"Est. reading time\" \/>\n\t<meta name=\"twitter:data1\" content=\"1 minute\" \/>\n<script type=\"application\/ld+json\" class=\"yoast-schema-graph\">{\"@context\":\"https:\/\/schema.org\",\"@graph\":[{\"@type\":\"WebPage\",\"@id\":\"https:\/\/tammetalu.eu\/toode\/spinatbasella-rubra\/\",\"url\":\"https:\/\/tammetalu.eu\/toode\/spinatbasella-rubra\/\",\"name\":\"Spinatbasella \\\"Rubra\\\" - Tamme talu \u00fcrdiaed\",\"isPartOf\":{\"@id\":\"https:\/\/tammetalu.eu\/#website\"},\"primaryImageOfPage\":{\"@id\":\"https:\/\/tammetalu.eu\/toode\/spinatbasella-rubra\/#primaryimage\"},\"image\":{\"@id\":\"https:\/\/tammetalu.eu\/toode\/spinatbasella-rubra\/#primaryimage\"},\"thumbnailUrl\":\"https:\/\/tammetalu.eu\/wp-content\/uploads\/2023\/04\/tamme_talu_urdiaed_Spinatbasella_rubra.jpg\",\"datePublished\":\"2023-04-12T13:25:14+00:00\",\"dateModified\":\"2026-04-02T20:17:01+00:00\",\"breadcrumb\":{\"@id\":\"https:\/\/tammetalu.eu\/toode\/spinatbasella-rubra\/#breadcrumb\"},\"inLanguage\":\"lv-LV\",\"potentialAction\":[{\"@type\":\"ReadAction\",\"target\":[\"https:\/\/tammetalu.eu\/toode\/spinatbasella-rubra\/\"]}]},{\"@type\":\"ImageObject\",\"inLanguage\":\"lv-LV\",\"@id\":\"https:\/\/tammetalu.eu\/toode\/spinatbasella-rubra\/#primaryimage\",\"url\":\"https:\/\/tammetalu.eu\/wp-content\/uploads\/2023\/04\/tamme_talu_urdiaed_Spinatbasella_rubra.jpg\",\"contentUrl\":\"https:\/\/tammetalu.eu\/wp-content\/uploads\/2023\/04\/tamme_talu_urdiaed_Spinatbasella_rubra.jpg\",\"width\":1024,\"height\":1534,\"caption\":\"tamme_talu_urdiaed_Spinatbasella_rubra\"},{\"@type\":\"BreadcrumbList\",\"@id\":\"https:\/\/tammetalu.eu\/toode\/spinatbasella-rubra\/#breadcrumb\",\"itemListElement\":[{\"@type\":\"ListItem\",\"position\":1,\"name\":\"Home\",\"item\":\"https:\/\/tammetalu.eu\/lv\/galvena-lapa\/\"},{\"@type\":\"ListItem\",\"position\":2,\"name\":\"Shop\",\"item\":\"https:\/\/tammetalu.eu\/lv\/shop\/\"},{\"@type\":\"ListItem\",\"position\":3,\"name\":\"Spinatbasella &#8220;Rubra&#8221;\"}]},{\"@type\":\"WebSite\",\"@id\":\"https:\/\/tammetalu.eu\/#website\",\"url\":\"https:\/\/tammetalu.eu\/\",\"name\":\"Tamme talu \u00fcrdiaed\",\"description\":\"K\u00e4sit\u00f6\u00f6na valmistatud tooted \u00fcrtidest, \u00fcrdiistikud, \u00fcrtide kollektsioonaed\",\"publisher\":{\"@id\":\"https:\/\/tammetalu.eu\/#organization\"},\"alternateName\":\"Tamme talu\",\"potentialAction\":[{\"@type\":\"SearchAction\",\"target\":{\"@type\":\"EntryPoint\",\"urlTemplate\":\"https:\/\/tammetalu.eu\/?s={search_term_string}\"},\"query-input\":{\"@type\":\"PropertyValueSpecification\",\"valueRequired\":true,\"valueName\":\"search_term_string\"}}],\"inLanguage\":\"lv-LV\"},{\"@type\":\"Organization\",\"@id\":\"https:\/\/tammetalu.eu\/#organization\",\"name\":\"Tamme talu \u00fcrdiaed\",\"alternateName\":\"Tamme talu\",\"url\":\"https:\/\/tammetalu.eu\/\",\"logo\":{\"@type\":\"ImageObject\",\"inLanguage\":\"lv-LV\",\"@id\":\"https:\/\/tammetalu.eu\/#\/schema\/logo\/image\/\",\"url\":\"https:\/\/tammetalu.eu\/wp-content\/uploads\/2025\/01\/Tamme_talu_urdiaed.png\",\"contentUrl\":\"https:\/\/tammetalu.eu\/wp-content\/uploads\/2025\/01\/Tamme_talu_urdiaed.png\",\"width\":560,\"height\":560,\"caption\":\"Tamme talu \u00fcrdiaed\"},\"image\":{\"@id\":\"https:\/\/tammetalu.eu\/#\/schema\/logo\/image\/\"},\"sameAs\":[\"https:\/\/www.facebook.com\/TammeTaluUrdiaed\/?locale=et_EE\",\"https:\/\/www.instagram.com\/tammetaluurdiaed\/\"]}]}<\/script>\n<!-- \/ Yoast SEO plugin. -->","yoast_head_json":{"title":"Spinatbasella \"Rubra\" - Tamme talu \u00fcrdiaed","robots":{"index":"index","follow":"follow","max-snippet":"max-snippet:-1","max-image-preview":"max-image-preview:large","max-video-preview":"max-video-preview:-1"},"canonical":"https:\/\/tammetalu.eu\/toode\/spinatbasella-rubra\/","og_locale":"lv_LV","og_type":"article","og_title":"Spinatbasella \"Rubra\" - Tamme talu \u00fcrdiaed","og_description":"Basella alba  Spinatbasella ehk India spinat v\u00f5i Malabari spinat, nagu taime nimigi \u00fctleb, on p\u00e4rit Indiast, t\u00e4psemalt India poolsaarelt. Tegu on \u00e4\u00e4rmiselt dekoratiivse s\u00f6\u00f6dava taimega, mille v\u00f5rsed v\u00f5ivad kasvada aja jooksul pea k\u00fcmnemeetristeks. Lehed on l\u00e4ikivad, v\u00e4ikesed \u00f5isikud \u00f5rnroosad ja v\u00e4ga ilusad.  India spinat on p\u00fcsik, Eesti tingimustes saab kasvatada ka \u00fcheaastasena v\u00f5i talvel tavalise toataimena. V\u00f5ib kasvatada suuremas potis, nii ei pea taime p\u00fcsikuna kasvatamisel s\u00fcgisel spinatbasellat enne siseruumidesse talvituma toomist \u00fcmber hakkama istutama. Oma lopsaka kasvu ja kauni v\u00e4limuse t\u00f5ttu sobib h\u00e4sti r\u00f5dul kasvatamiseks. Taime saab panna tugedele ronima. Talub h\u00e4sti k\u00e4rpimist. Aga vajab palju kastmist, et lehed ikka lopsakad ja mahlased kasvaksid. On v\u00e4ga soojan\u00f5udlikmtroopiline taim, kuid saab meie suves h\u00e4sti hakkama ja kasvuhoones teda tingimata kasvatama ei pea.  India spinatit kasutatakse laialdaselt lehtk\u00f6\u00f6giviljana, maitselt meenutavad lehed maheda maitselist spinatit. Lehti ja noori v\u00f5rseid, \u00f5isikuid ja vilju v\u00f5ib v\u00e4rskelt s\u00fc\u00fca, hautada, keeta, vokkida, smuutidesse suristada. India spinati viljad on ilusad v\u00e4rvilised, nendega saab anda jookidele ja toitudele ilusa peedipunase v\u00e4rvuse.","og_url":"https:\/\/tammetalu.eu\/toode\/spinatbasella-rubra\/","og_site_name":"Tamme talu \u00fcrdiaed","article_publisher":"https:\/\/www.facebook.com\/TammeTaluUrdiaed\/?locale=et_EE","article_modified_time":"2026-04-02T20:17:01+00:00","og_image":[{"width":1024,"height":1534,"url":"https:\/\/tammetalu.eu\/wp-content\/uploads\/2023\/04\/tamme_talu_urdiaed_Spinatbasella_rubra.jpg","type":"image\/jpeg"}],"twitter_card":"summary_large_image","twitter_misc":{"Est. reading time":"1 minute"},"schema":{"@context":"https:\/\/schema.org","@graph":[{"@type":"WebPage","@id":"https:\/\/tammetalu.eu\/toode\/spinatbasella-rubra\/","url":"https:\/\/tammetalu.eu\/toode\/spinatbasella-rubra\/","name":"Spinatbasella \"Rubra\" - Tamme talu \u00fcrdiaed","isPartOf":{"@id":"https:\/\/tammetalu.eu\/#website"},"primaryImageOfPage":{"@id":"https:\/\/tammetalu.eu\/toode\/spinatbasella-rubra\/#primaryimage"},"image":{"@id":"https:\/\/tammetalu.eu\/toode\/spinatbasella-rubra\/#primaryimage"},"thumbnailUrl":"https:\/\/tammetalu.eu\/wp-content\/uploads\/2023\/04\/tamme_talu_urdiaed_Spinatbasella_rubra.jpg","datePublished":"2023-04-12T13:25:14+00:00","dateModified":"2026-04-02T20:17:01+00:00","breadcrumb":{"@id":"https:\/\/tammetalu.eu\/toode\/spinatbasella-rubra\/#breadcrumb"},"inLanguage":"lv-LV","potentialAction":[{"@type":"ReadAction","target":["https:\/\/tammetalu.eu\/toode\/spinatbasella-rubra\/"]}]},{"@type":"ImageObject","inLanguage":"lv-LV","@id":"https:\/\/tammetalu.eu\/toode\/spinatbasella-rubra\/#primaryimage","url":"https:\/\/tammetalu.eu\/wp-content\/uploads\/2023\/04\/tamme_talu_urdiaed_Spinatbasella_rubra.jpg","contentUrl":"https:\/\/tammetalu.eu\/wp-content\/uploads\/2023\/04\/tamme_talu_urdiaed_Spinatbasella_rubra.jpg","width":1024,"height":1534,"caption":"tamme_talu_urdiaed_Spinatbasella_rubra"},{"@type":"BreadcrumbList","@id":"https:\/\/tammetalu.eu\/toode\/spinatbasella-rubra\/#breadcrumb","itemListElement":[{"@type":"ListItem","position":1,"name":"Home","item":"https:\/\/tammetalu.eu\/lv\/galvena-lapa\/"},{"@type":"ListItem","position":2,"name":"Shop","item":"https:\/\/tammetalu.eu\/lv\/shop\/"},{"@type":"ListItem","position":3,"name":"Spinatbasella &#8220;Rubra&#8221;"}]},{"@type":"WebSite","@id":"https:\/\/tammetalu.eu\/#website","url":"https:\/\/tammetalu.eu\/","name":"Tamme talu \u00fcrdiaed","description":"K\u00e4sit\u00f6\u00f6na valmistatud tooted \u00fcrtidest, \u00fcrdiistikud, \u00fcrtide kollektsioonaed","publisher":{"@id":"https:\/\/tammetalu.eu\/#organization"},"alternateName":"Tamme talu","potentialAction":[{"@type":"SearchAction","target":{"@type":"EntryPoint","urlTemplate":"https:\/\/tammetalu.eu\/?s={search_term_string}"},"query-input":{"@type":"PropertyValueSpecification","valueRequired":true,"valueName":"search_term_string"}}],"inLanguage":"lv-LV"},{"@type":"Organization","@id":"https:\/\/tammetalu.eu\/#organization","name":"Tamme talu \u00fcrdiaed","alternateName":"Tamme talu","url":"https:\/\/tammetalu.eu\/","logo":{"@type":"ImageObject","inLanguage":"lv-LV","@id":"https:\/\/tammetalu.eu\/#\/schema\/logo\/image\/","url":"https:\/\/tammetalu.eu\/wp-content\/uploads\/2025\/01\/Tamme_talu_urdiaed.png","contentUrl":"https:\/\/tammetalu.eu\/wp-content\/uploads\/2025\/01\/Tamme_talu_urdiaed.png","width":560,"height":560,"caption":"Tamme talu \u00fcrdiaed"},"image":{"@id":"https:\/\/tammetalu.eu\/#\/schema\/logo\/image\/"},"sameAs":["https:\/\/www.facebook.com\/TammeTaluUrdiaed\/?locale=et_EE","https:\/\/www.instagram.com\/tammetaluurdiaed\/"]}]}},"_links":{"self":[{"href":"https:\/\/tammetalu.eu\/lv\/wp-json\/wp\/v2\/product\/17904","targetHints":{"allow":["GET"]}}],"collection":[{"href":"https:\/\/tammetalu.eu\/lv\/wp-json\/wp\/v2\/product"}],"about":[{"href":"https:\/\/tammetalu.eu\/lv\/wp-json\/wp\/v2\/types\/product"}],"wp:featuredmedia":[{"embeddable":true,"href":"https:\/\/tammetalu.eu\/lv\/wp-json\/wp\/v2\/media\/24104"}],"wp:attachment":[{"href":"https:\/\/tammetalu.eu\/lv\/wp-json\/wp\/v2\/media?parent=17904"}],"wp:term":[{"taxonomy":"product_brand","embeddable":true,"href":"https:\/\/tammetalu.eu\/lv\/wp-json\/wp\/v2\/product_brand?post=17904"},{"taxonomy":"product_cat","embeddable":true,"href":"https:\/\/tammetalu.eu\/lv\/wp-json\/wp\/v2\/product_cat?post=17904"},{"taxonomy":"product_tag","embeddable":true,"href":"https:\/\/tammetalu.eu\/lv\/wp-json\/wp\/v2\/product_tag?post=17904"}],"curies":[{"name":"wp","href":"https:\/\/api.w.org\/{rel}","templated":true}]}}