{"id":17938,"date":"2023-04-12T16:46:05","date_gmt":"2023-04-12T13:46:05","guid":{"rendered":"https:\/\/tammetalu.eu\/?post_type=product&#038;p=17938"},"modified":"2026-05-02T23:08:56","modified_gmt":"2026-05-02T20:08:56","slug":"puhabasiilik-ehk-tulsi","status":"publish","type":"product","link":"https:\/\/tammetalu.eu\/lv\/toode\/puhabasiilik-ehk-tulsi\/","title":{"rendered":"P\u00fcha basiilik ehk tulsi Kapoor tulsi"},"content":{"rendered":"","protected":false},"excerpt":{"rendered":"<p><em>Ocimum tenuiflorum<\/em><\/p>\n<p style=\"text-align: left\">Tulsi aromaatseid lehti kasutatakse tee valmistamiseks. Eriti sobib tulsi tee hommikul joomiseks, et p\u00e4evale s\u00e4rtsakas algus anda. Taim kasvab tavalises aiamullas nii p\u00e4ikese k\u00e4es kui poolvarjus ja mingit erihooldust ei vaja.\u00a0 Eesti kliimas on tulsi 1-aastane, kuid v\u00f5ib proovida taime v\u00f5imaluse korral potitaimena toas talvitada.<\/p>\n<p style=\"text-align: left\">Tulsi teed kasutatakse\u00a0 kolesteroolitaseme ja verer\u00f5hu normaliseerimiseks. Taim on kasutusel Ayurvedas stressi, \u00e4revuse, s\u00fcdamehaiguste, artriidi, diabeedi ja dementsuse korral.<\/p>\n","protected":false},"featured_media":17939,"template":"","meta":{"_acf_changed":false,"_et_pb_use_builder":"","_et_pb_old_content":"","_et_gb_content_width":"","inline_featured_image":false},"product_brand":[],"product_cat":[247,186,193],"product_tag":[],"class_list":{"0":"post-17938","1":"product","2":"type-product","3":"status-publish","4":"has-post-thumbnail","6":"product_cat-rohenappude-lemmikud","7":"product_cat-maitse-ja-ravimtaimede-istikud","8":"product_cat-basiilikud","10":"first","11":"instock","12":"sale","13":"taxable","14":"shipping-taxable","15":"purchasable","16":"product-type-simple"},"acf":[],"yoast_head":"<!-- This site is optimized with the Yoast SEO plugin v26.4 - https:\/\/yoast.com\/wordpress\/plugins\/seo\/ -->\n<title>P\u00fcha basiilik ehk tulsi Kapoor tulsi - Tamme talu \u00fcrdiaed<\/title>\n<meta name=\"robots\" content=\"index, follow, max-snippet:-1, max-image-preview:large, max-video-preview:-1\" \/>\n<link rel=\"canonical\" href=\"https:\/\/tammetalu.eu\/toode\/puhabasiilik-ehk-tulsi\/\" \/>\n<meta property=\"og:locale\" content=\"lv_LV\" \/>\n<meta property=\"og:type\" content=\"article\" \/>\n<meta property=\"og:title\" content=\"P\u00fcha basiilik ehk tulsi Kapoor tulsi - Tamme talu \u00fcrdiaed\" \/>\n<meta property=\"og:description\" content=\"Ocimum tenuiflorum Tulsi aromaatseid lehti kasutatakse tee valmistamiseks. Eriti sobib tulsi tee hommikul joomiseks, et p\u00e4evale s\u00e4rtsakas algus anda. Taim kasvab tavalises aiamullas nii p\u00e4ikese k\u00e4es kui poolvarjus ja mingit erihooldust ei vaja.\u00a0 Eesti kliimas on tulsi 1-aastane, kuid v\u00f5ib proovida taime v\u00f5imaluse korral potitaimena toas talvitada. Tulsi teed kasutatakse\u00a0 kolesteroolitaseme ja verer\u00f5hu normaliseerimiseks. Taim on kasutusel Ayurvedas stressi, \u00e4revuse, s\u00fcdamehaiguste, artriidi, diabeedi ja dementsuse korral.\" \/>\n<meta property=\"og:url\" content=\"https:\/\/tammetalu.eu\/toode\/puhabasiilik-ehk-tulsi\/\" \/>\n<meta property=\"og:site_name\" content=\"Tamme talu \u00fcrdiaed\" \/>\n<meta property=\"article:publisher\" content=\"https:\/\/www.facebook.com\/TammeTaluUrdiaed\/?locale=et_EE\" \/>\n<meta property=\"article:modified_time\" content=\"2026-05-02T20:08:56+00:00\" \/>\n<meta property=\"og:image\" content=\"https:\/\/tammetalu.eu\/wp-content\/uploads\/2023\/04\/Puhabasiilik_Ocimum_tenuiflorum_tamme_talu_urdiaed.jpg\" \/>\n\t<meta property=\"og:image:width\" content=\"1500\" \/>\n\t<meta property=\"og:image:height\" content=\"996\" \/>\n\t<meta property=\"og:image:type\" content=\"image\/jpeg\" \/>\n<meta name=\"twitter:card\" content=\"summary_large_image\" \/>\n<meta name=\"twitter:label1\" content=\"Est. reading time\" \/>\n\t<meta name=\"twitter:data1\" content=\"1 minute\" \/>\n<script type=\"application\/ld+json\" class=\"yoast-schema-graph\">{\"@context\":\"https:\/\/schema.org\",\"@graph\":[{\"@type\":\"WebPage\",\"@id\":\"https:\/\/tammetalu.eu\/toode\/puhabasiilik-ehk-tulsi\/\",\"url\":\"https:\/\/tammetalu.eu\/toode\/puhabasiilik-ehk-tulsi\/\",\"name\":\"P\u00fcha basiilik ehk tulsi Kapoor tulsi - Tamme talu \u00fcrdiaed\",\"isPartOf\":{\"@id\":\"https:\/\/tammetalu.eu\/#website\"},\"primaryImageOfPage\":{\"@id\":\"https:\/\/tammetalu.eu\/toode\/puhabasiilik-ehk-tulsi\/#primaryimage\"},\"image\":{\"@id\":\"https:\/\/tammetalu.eu\/toode\/puhabasiilik-ehk-tulsi\/#primaryimage\"},\"thumbnailUrl\":\"https:\/\/tammetalu.eu\/wp-content\/uploads\/2023\/04\/Puhabasiilik_Ocimum_tenuiflorum_tamme_talu_urdiaed.jpg\",\"datePublished\":\"2023-04-12T13:46:05+00:00\",\"dateModified\":\"2026-05-02T20:08:56+00:00\",\"breadcrumb\":{\"@id\":\"https:\/\/tammetalu.eu\/toode\/puhabasiilik-ehk-tulsi\/#breadcrumb\"},\"inLanguage\":\"lv-LV\",\"potentialAction\":[{\"@type\":\"ReadAction\",\"target\":[\"https:\/\/tammetalu.eu\/toode\/puhabasiilik-ehk-tulsi\/\"]}]},{\"@type\":\"ImageObject\",\"inLanguage\":\"lv-LV\",\"@id\":\"https:\/\/tammetalu.eu\/toode\/puhabasiilik-ehk-tulsi\/#primaryimage\",\"url\":\"https:\/\/tammetalu.eu\/wp-content\/uploads\/2023\/04\/Puhabasiilik_Ocimum_tenuiflorum_tamme_talu_urdiaed.jpg\",\"contentUrl\":\"https:\/\/tammetalu.eu\/wp-content\/uploads\/2023\/04\/Puhabasiilik_Ocimum_tenuiflorum_tamme_talu_urdiaed.jpg\",\"width\":1500,\"height\":996,\"caption\":\"Puhabasiilik_Ocimum_tenuiflorum_tamme_talu_urdiaed\"},{\"@type\":\"BreadcrumbList\",\"@id\":\"https:\/\/tammetalu.eu\/toode\/puhabasiilik-ehk-tulsi\/#breadcrumb\",\"itemListElement\":[{\"@type\":\"ListItem\",\"position\":1,\"name\":\"Home\",\"item\":\"https:\/\/tammetalu.eu\/lv\/galvena-lapa\/\"},{\"@type\":\"ListItem\",\"position\":2,\"name\":\"Shop\",\"item\":\"https:\/\/tammetalu.eu\/lv\/shop\/\"},{\"@type\":\"ListItem\",\"position\":3,\"name\":\"P\u00fcha basiilik ehk tulsi Kapoor tulsi\"}]},{\"@type\":\"WebSite\",\"@id\":\"https:\/\/tammetalu.eu\/#website\",\"url\":\"https:\/\/tammetalu.eu\/\",\"name\":\"Tamme talu \u00fcrdiaed\",\"description\":\"K\u00e4sit\u00f6\u00f6na valmistatud tooted \u00fcrtidest, \u00fcrdiistikud, \u00fcrtide kollektsioonaed\",\"publisher\":{\"@id\":\"https:\/\/tammetalu.eu\/#organization\"},\"alternateName\":\"Tamme talu\",\"potentialAction\":[{\"@type\":\"SearchAction\",\"target\":{\"@type\":\"EntryPoint\",\"urlTemplate\":\"https:\/\/tammetalu.eu\/?s={search_term_string}\"},\"query-input\":{\"@type\":\"PropertyValueSpecification\",\"valueRequired\":true,\"valueName\":\"search_term_string\"}}],\"inLanguage\":\"lv-LV\"},{\"@type\":\"Organization\",\"@id\":\"https:\/\/tammetalu.eu\/#organization\",\"name\":\"Tamme talu \u00fcrdiaed\",\"alternateName\":\"Tamme talu\",\"url\":\"https:\/\/tammetalu.eu\/\",\"logo\":{\"@type\":\"ImageObject\",\"inLanguage\":\"lv-LV\",\"@id\":\"https:\/\/tammetalu.eu\/#\/schema\/logo\/image\/\",\"url\":\"https:\/\/tammetalu.eu\/wp-content\/uploads\/2025\/01\/Tamme_talu_urdiaed.png\",\"contentUrl\":\"https:\/\/tammetalu.eu\/wp-content\/uploads\/2025\/01\/Tamme_talu_urdiaed.png\",\"width\":560,\"height\":560,\"caption\":\"Tamme talu \u00fcrdiaed\"},\"image\":{\"@id\":\"https:\/\/tammetalu.eu\/#\/schema\/logo\/image\/\"},\"sameAs\":[\"https:\/\/www.facebook.com\/TammeTaluUrdiaed\/?locale=et_EE\",\"https:\/\/www.instagram.com\/tammetaluurdiaed\/\"]}]}<\/script>\n<!-- \/ Yoast SEO plugin. -->","yoast_head_json":{"title":"P\u00fcha basiilik ehk tulsi Kapoor tulsi - Tamme talu \u00fcrdiaed","robots":{"index":"index","follow":"follow","max-snippet":"max-snippet:-1","max-image-preview":"max-image-preview:large","max-video-preview":"max-video-preview:-1"},"canonical":"https:\/\/tammetalu.eu\/toode\/puhabasiilik-ehk-tulsi\/","og_locale":"lv_LV","og_type":"article","og_title":"P\u00fcha basiilik ehk tulsi Kapoor tulsi - Tamme talu \u00fcrdiaed","og_description":"Ocimum tenuiflorum Tulsi aromaatseid lehti kasutatakse tee valmistamiseks. Eriti sobib tulsi tee hommikul joomiseks, et p\u00e4evale s\u00e4rtsakas algus anda. Taim kasvab tavalises aiamullas nii p\u00e4ikese k\u00e4es kui poolvarjus ja mingit erihooldust ei vaja.\u00a0 Eesti kliimas on tulsi 1-aastane, kuid v\u00f5ib proovida taime v\u00f5imaluse korral potitaimena toas talvitada. Tulsi teed kasutatakse\u00a0 kolesteroolitaseme ja verer\u00f5hu normaliseerimiseks. Taim on kasutusel Ayurvedas stressi, \u00e4revuse, s\u00fcdamehaiguste, artriidi, diabeedi ja dementsuse korral.","og_url":"https:\/\/tammetalu.eu\/toode\/puhabasiilik-ehk-tulsi\/","og_site_name":"Tamme talu \u00fcrdiaed","article_publisher":"https:\/\/www.facebook.com\/TammeTaluUrdiaed\/?locale=et_EE","article_modified_time":"2026-05-02T20:08:56+00:00","og_image":[{"width":1500,"height":996,"url":"https:\/\/tammetalu.eu\/wp-content\/uploads\/2023\/04\/Puhabasiilik_Ocimum_tenuiflorum_tamme_talu_urdiaed.jpg","type":"image\/jpeg"}],"twitter_card":"summary_large_image","twitter_misc":{"Est. reading time":"1 minute"},"schema":{"@context":"https:\/\/schema.org","@graph":[{"@type":"WebPage","@id":"https:\/\/tammetalu.eu\/toode\/puhabasiilik-ehk-tulsi\/","url":"https:\/\/tammetalu.eu\/toode\/puhabasiilik-ehk-tulsi\/","name":"P\u00fcha basiilik ehk tulsi Kapoor tulsi - Tamme talu \u00fcrdiaed","isPartOf":{"@id":"https:\/\/tammetalu.eu\/#website"},"primaryImageOfPage":{"@id":"https:\/\/tammetalu.eu\/toode\/puhabasiilik-ehk-tulsi\/#primaryimage"},"image":{"@id":"https:\/\/tammetalu.eu\/toode\/puhabasiilik-ehk-tulsi\/#primaryimage"},"thumbnailUrl":"https:\/\/tammetalu.eu\/wp-content\/uploads\/2023\/04\/Puhabasiilik_Ocimum_tenuiflorum_tamme_talu_urdiaed.jpg","datePublished":"2023-04-12T13:46:05+00:00","dateModified":"2026-05-02T20:08:56+00:00","breadcrumb":{"@id":"https:\/\/tammetalu.eu\/toode\/puhabasiilik-ehk-tulsi\/#breadcrumb"},"inLanguage":"lv-LV","potentialAction":[{"@type":"ReadAction","target":["https:\/\/tammetalu.eu\/toode\/puhabasiilik-ehk-tulsi\/"]}]},{"@type":"ImageObject","inLanguage":"lv-LV","@id":"https:\/\/tammetalu.eu\/toode\/puhabasiilik-ehk-tulsi\/#primaryimage","url":"https:\/\/tammetalu.eu\/wp-content\/uploads\/2023\/04\/Puhabasiilik_Ocimum_tenuiflorum_tamme_talu_urdiaed.jpg","contentUrl":"https:\/\/tammetalu.eu\/wp-content\/uploads\/2023\/04\/Puhabasiilik_Ocimum_tenuiflorum_tamme_talu_urdiaed.jpg","width":1500,"height":996,"caption":"Puhabasiilik_Ocimum_tenuiflorum_tamme_talu_urdiaed"},{"@type":"BreadcrumbList","@id":"https:\/\/tammetalu.eu\/toode\/puhabasiilik-ehk-tulsi\/#breadcrumb","itemListElement":[{"@type":"ListItem","position":1,"name":"Home","item":"https:\/\/tammetalu.eu\/lv\/galvena-lapa\/"},{"@type":"ListItem","position":2,"name":"Shop","item":"https:\/\/tammetalu.eu\/lv\/shop\/"},{"@type":"ListItem","position":3,"name":"P\u00fcha basiilik ehk tulsi Kapoor tulsi"}]},{"@type":"WebSite","@id":"https:\/\/tammetalu.eu\/#website","url":"https:\/\/tammetalu.eu\/","name":"Tamme talu \u00fcrdiaed","description":"K\u00e4sit\u00f6\u00f6na valmistatud tooted \u00fcrtidest, \u00fcrdiistikud, \u00fcrtide kollektsioonaed","publisher":{"@id":"https:\/\/tammetalu.eu\/#organization"},"alternateName":"Tamme talu","potentialAction":[{"@type":"SearchAction","target":{"@type":"EntryPoint","urlTemplate":"https:\/\/tammetalu.eu\/?s={search_term_string}"},"query-input":{"@type":"PropertyValueSpecification","valueRequired":true,"valueName":"search_term_string"}}],"inLanguage":"lv-LV"},{"@type":"Organization","@id":"https:\/\/tammetalu.eu\/#organization","name":"Tamme talu \u00fcrdiaed","alternateName":"Tamme talu","url":"https:\/\/tammetalu.eu\/","logo":{"@type":"ImageObject","inLanguage":"lv-LV","@id":"https:\/\/tammetalu.eu\/#\/schema\/logo\/image\/","url":"https:\/\/tammetalu.eu\/wp-content\/uploads\/2025\/01\/Tamme_talu_urdiaed.png","contentUrl":"https:\/\/tammetalu.eu\/wp-content\/uploads\/2025\/01\/Tamme_talu_urdiaed.png","width":560,"height":560,"caption":"Tamme talu \u00fcrdiaed"},"image":{"@id":"https:\/\/tammetalu.eu\/#\/schema\/logo\/image\/"},"sameAs":["https:\/\/www.facebook.com\/TammeTaluUrdiaed\/?locale=et_EE","https:\/\/www.instagram.com\/tammetaluurdiaed\/"]}]}},"_links":{"self":[{"href":"https:\/\/tammetalu.eu\/lv\/wp-json\/wp\/v2\/product\/17938","targetHints":{"allow":["GET"]}}],"collection":[{"href":"https:\/\/tammetalu.eu\/lv\/wp-json\/wp\/v2\/product"}],"about":[{"href":"https:\/\/tammetalu.eu\/lv\/wp-json\/wp\/v2\/types\/product"}],"wp:featuredmedia":[{"embeddable":true,"href":"https:\/\/tammetalu.eu\/lv\/wp-json\/wp\/v2\/media\/17939"}],"wp:attachment":[{"href":"https:\/\/tammetalu.eu\/lv\/wp-json\/wp\/v2\/media?parent=17938"}],"wp:term":[{"taxonomy":"product_brand","embeddable":true,"href":"https:\/\/tammetalu.eu\/lv\/wp-json\/wp\/v2\/product_brand?post=17938"},{"taxonomy":"product_cat","embeddable":true,"href":"https:\/\/tammetalu.eu\/lv\/wp-json\/wp\/v2\/product_cat?post=17938"},{"taxonomy":"product_tag","embeddable":true,"href":"https:\/\/tammetalu.eu\/lv\/wp-json\/wp\/v2\/product_tag?post=17938"}],"curies":[{"name":"wp","href":"https:\/\/api.w.org\/{rel}","templated":true}]}}