{"id":18004,"date":"2023-04-12T18:08:19","date_gmt":"2023-04-12T15:08:19","guid":{"rendered":"https:\/\/tammetalu.eu\/?post_type=product&#038;p=18004"},"modified":"2026-04-15T09:08:03","modified_gmt":"2026-04-15T06:08:03","slug":"rindeline-sibul","status":"publish","type":"product","link":"https:\/\/tammetalu.eu\/lv\/toode\/rindeline-sibul\/","title":{"rendered":"Rindeline sibul"},"content":{"rendered":"","protected":false},"excerpt":{"rendered":"<p><em>Allium \u00d7proliferum<\/em><\/p>\n<p>Harva kasvatatav, kuid v\u00e4ga talvekindel k\u00f6\u00f6givili, Kasvu alustab kevadel vara, isegi veidi varem kui talisibul. Kasvamiseks vajab viljakat parasniisket mulda, kuid samas on rindeline sibul tundlik mulla liigniiskuse suhtes.Taime omap\u00e4raks on varre tippu moodustuv v\u00e4ikeste violetsete sibulate kogumik, mille j\u00e4rgi see taim on oma nime saanud. Taimel moodustub igal aastal 2-3 uut k\u00fclgsibulat. Varre tippu v\u00f5ib moodustuda 2-7 sibulat, mille l\u00e4bim\u00f5\u00f5t v\u00f5ib olla kuni 3 cm. Nende vahelt moodustub uus vars, mille tippu v\u00f5ib j\u00e4lle uus rinne v\u00e4ikseid sibulaid kasvada. Heades kasvuoludes p\u00fcsivad rindelise sibula lehed ka suvel mahlased ja neid saab korduvalt koguda. Lisaks on v\u00e4ga vahvad rinnetena kasvavad v\u00e4ikesed sibulad, mida saab marineerida ja tarvitada nagu p\u00e4rlsibulaid. V\u00e4ikeste varresibulatega on rindelist sibulat\u00a0 lihtne paljundada.<\/p>\n<p>Toiduks tarvitatakse rindelisel sibulal lehti, varresibulaid ja mullas kasvavaid k\u00fclgsibulaid. Rindeline sibul on v\u00e4ga C-vitamiini rikas k\u00f6\u00f6givili, lisaks sisaldab taim B-grupi ja PP-vitamiine.<\/p>\n","protected":false},"featured_media":18005,"template":"","meta":{"_acf_changed":false,"_et_pb_use_builder":"","_et_pb_old_content":"","_et_gb_content_width":"","inline_featured_image":false},"product_brand":[],"product_cat":[186,201,203],"product_tag":[],"class_list":{"0":"post-18004","1":"product","2":"type-product","3":"status-publish","4":"has-post-thumbnail","6":"product_cat-maitse-ja-ravimtaimede-istikud","7":"product_cat-laugud","8":"product_cat-ponevad-koogiviljad","10":"first","11":"instock","12":"sale","13":"taxable","14":"shipping-taxable","15":"purchasable","16":"product-type-simple"},"acf":[],"yoast_head":"<!-- This site is optimized with the Yoast SEO plugin v26.4 - https:\/\/yoast.com\/wordpress\/plugins\/seo\/ -->\n<title>Rindeline sibul - Tamme talu \u00fcrdiaed<\/title>\n<meta name=\"robots\" content=\"index, follow, max-snippet:-1, max-image-preview:large, max-video-preview:-1\" \/>\n<link rel=\"canonical\" href=\"https:\/\/tammetalu.eu\/toode\/rindeline-sibul\/\" \/>\n<meta property=\"og:locale\" content=\"lv_LV\" \/>\n<meta property=\"og:type\" content=\"article\" \/>\n<meta property=\"og:title\" content=\"Rindeline sibul - Tamme talu \u00fcrdiaed\" \/>\n<meta property=\"og:description\" content=\"Allium \u00d7proliferum  Harva kasvatatav, kuid v\u00e4ga talvekindel k\u00f6\u00f6givili, Kasvu alustab kevadel vara, isegi veidi varem kui talisibul. Kasvamiseks vajab viljakat parasniisket mulda, kuid samas on rindeline sibul tundlik mulla liigniiskuse suhtes.Taime omap\u00e4raks on varre tippu moodustuv v\u00e4ikeste violetsete sibulate kogumik, mille j\u00e4rgi see taim on oma nime saanud. Taimel moodustub igal aastal 2-3 uut k\u00fclgsibulat. Varre tippu v\u00f5ib moodustuda 2-7 sibulat, mille l\u00e4bim\u00f5\u00f5t v\u00f5ib olla kuni 3 cm. Nende vahelt moodustub uus vars, mille tippu v\u00f5ib j\u00e4lle uus rinne v\u00e4ikseid sibulaid kasvada. Heades kasvuoludes p\u00fcsivad rindelise sibula lehed ka suvel mahlased ja neid saab korduvalt koguda. Lisaks on v\u00e4ga vahvad rinnetena kasvavad v\u00e4ikesed sibulad, mida saab marineerida ja tarvitada nagu p\u00e4rlsibulaid. V\u00e4ikeste varresibulatega on rindelist sibulat\u00a0 lihtne paljundada.  Toiduks tarvitatakse rindelisel sibulal lehti, varresibulaid ja mullas kasvavaid k\u00fclgsibulaid. Rindeline sibul on v\u00e4ga C-vitamiini rikas k\u00f6\u00f6givili, lisaks sisaldab taim B-grupi ja PP-vitamiine.\" \/>\n<meta property=\"og:url\" content=\"https:\/\/tammetalu.eu\/toode\/rindeline-sibul\/\" \/>\n<meta property=\"og:site_name\" content=\"Tamme talu \u00fcrdiaed\" \/>\n<meta property=\"article:publisher\" content=\"https:\/\/www.facebook.com\/TammeTaluUrdiaed\/?locale=et_EE\" \/>\n<meta property=\"article:modified_time\" content=\"2026-04-15T06:08:03+00:00\" \/>\n<meta property=\"og:image\" content=\"https:\/\/tammetalu.eu\/wp-content\/uploads\/2023\/04\/Rindeline_sibul_Allium_x_proliferum_tamme_talu_urdiaed.jpg\" \/>\n\t<meta property=\"og:image:width\" content=\"1024\" \/>\n\t<meta property=\"og:image:height\" content=\"683\" \/>\n\t<meta property=\"og:image:type\" content=\"image\/jpeg\" \/>\n<meta name=\"twitter:card\" content=\"summary_large_image\" \/>\n<script type=\"application\/ld+json\" class=\"yoast-schema-graph\">{\"@context\":\"https:\/\/schema.org\",\"@graph\":[{\"@type\":\"WebPage\",\"@id\":\"https:\/\/tammetalu.eu\/toode\/rindeline-sibul\/\",\"url\":\"https:\/\/tammetalu.eu\/toode\/rindeline-sibul\/\",\"name\":\"Rindeline sibul - Tamme talu \u00fcrdiaed\",\"isPartOf\":{\"@id\":\"https:\/\/tammetalu.eu\/#website\"},\"primaryImageOfPage\":{\"@id\":\"https:\/\/tammetalu.eu\/toode\/rindeline-sibul\/#primaryimage\"},\"image\":{\"@id\":\"https:\/\/tammetalu.eu\/toode\/rindeline-sibul\/#primaryimage\"},\"thumbnailUrl\":\"https:\/\/tammetalu.eu\/wp-content\/uploads\/2023\/04\/Rindeline_sibul_Allium_x_proliferum_tamme_talu_urdiaed.jpg\",\"datePublished\":\"2023-04-12T15:08:19+00:00\",\"dateModified\":\"2026-04-15T06:08:03+00:00\",\"breadcrumb\":{\"@id\":\"https:\/\/tammetalu.eu\/toode\/rindeline-sibul\/#breadcrumb\"},\"inLanguage\":\"lv-LV\",\"potentialAction\":[{\"@type\":\"ReadAction\",\"target\":[\"https:\/\/tammetalu.eu\/toode\/rindeline-sibul\/\"]}]},{\"@type\":\"ImageObject\",\"inLanguage\":\"lv-LV\",\"@id\":\"https:\/\/tammetalu.eu\/toode\/rindeline-sibul\/#primaryimage\",\"url\":\"https:\/\/tammetalu.eu\/wp-content\/uploads\/2023\/04\/Rindeline_sibul_Allium_x_proliferum_tamme_talu_urdiaed.jpg\",\"contentUrl\":\"https:\/\/tammetalu.eu\/wp-content\/uploads\/2023\/04\/Rindeline_sibul_Allium_x_proliferum_tamme_talu_urdiaed.jpg\",\"width\":1024,\"height\":683,\"caption\":\"Rindeline_sibul_Allium_x_proliferum_tamme_talu_urdiaed\"},{\"@type\":\"BreadcrumbList\",\"@id\":\"https:\/\/tammetalu.eu\/toode\/rindeline-sibul\/#breadcrumb\",\"itemListElement\":[{\"@type\":\"ListItem\",\"position\":1,\"name\":\"Home\",\"item\":\"https:\/\/tammetalu.eu\/lv\/galvena-lapa\/\"},{\"@type\":\"ListItem\",\"position\":2,\"name\":\"Shop\",\"item\":\"https:\/\/tammetalu.eu\/lv\/shop\/\"},{\"@type\":\"ListItem\",\"position\":3,\"name\":\"Rindeline sibul\"}]},{\"@type\":\"WebSite\",\"@id\":\"https:\/\/tammetalu.eu\/#website\",\"url\":\"https:\/\/tammetalu.eu\/\",\"name\":\"Tamme talu \u00fcrdiaed\",\"description\":\"K\u00e4sit\u00f6\u00f6na valmistatud tooted \u00fcrtidest, \u00fcrdiistikud, \u00fcrtide kollektsioonaed\",\"publisher\":{\"@id\":\"https:\/\/tammetalu.eu\/#organization\"},\"alternateName\":\"Tamme talu\",\"potentialAction\":[{\"@type\":\"SearchAction\",\"target\":{\"@type\":\"EntryPoint\",\"urlTemplate\":\"https:\/\/tammetalu.eu\/?s={search_term_string}\"},\"query-input\":{\"@type\":\"PropertyValueSpecification\",\"valueRequired\":true,\"valueName\":\"search_term_string\"}}],\"inLanguage\":\"lv-LV\"},{\"@type\":\"Organization\",\"@id\":\"https:\/\/tammetalu.eu\/#organization\",\"name\":\"Tamme talu \u00fcrdiaed\",\"alternateName\":\"Tamme talu\",\"url\":\"https:\/\/tammetalu.eu\/\",\"logo\":{\"@type\":\"ImageObject\",\"inLanguage\":\"lv-LV\",\"@id\":\"https:\/\/tammetalu.eu\/#\/schema\/logo\/image\/\",\"url\":\"https:\/\/tammetalu.eu\/wp-content\/uploads\/2025\/01\/Tamme_talu_urdiaed.png\",\"contentUrl\":\"https:\/\/tammetalu.eu\/wp-content\/uploads\/2025\/01\/Tamme_talu_urdiaed.png\",\"width\":560,\"height\":560,\"caption\":\"Tamme talu \u00fcrdiaed\"},\"image\":{\"@id\":\"https:\/\/tammetalu.eu\/#\/schema\/logo\/image\/\"},\"sameAs\":[\"https:\/\/www.facebook.com\/TammeTaluUrdiaed\/?locale=et_EE\",\"https:\/\/www.instagram.com\/tammetaluurdiaed\/\"]}]}<\/script>\n<!-- \/ Yoast SEO plugin. -->","yoast_head_json":{"title":"Rindeline sibul - Tamme talu \u00fcrdiaed","robots":{"index":"index","follow":"follow","max-snippet":"max-snippet:-1","max-image-preview":"max-image-preview:large","max-video-preview":"max-video-preview:-1"},"canonical":"https:\/\/tammetalu.eu\/toode\/rindeline-sibul\/","og_locale":"lv_LV","og_type":"article","og_title":"Rindeline sibul - Tamme talu \u00fcrdiaed","og_description":"Allium \u00d7proliferum  Harva kasvatatav, kuid v\u00e4ga talvekindel k\u00f6\u00f6givili, Kasvu alustab kevadel vara, isegi veidi varem kui talisibul. Kasvamiseks vajab viljakat parasniisket mulda, kuid samas on rindeline sibul tundlik mulla liigniiskuse suhtes.Taime omap\u00e4raks on varre tippu moodustuv v\u00e4ikeste violetsete sibulate kogumik, mille j\u00e4rgi see taim on oma nime saanud. Taimel moodustub igal aastal 2-3 uut k\u00fclgsibulat. Varre tippu v\u00f5ib moodustuda 2-7 sibulat, mille l\u00e4bim\u00f5\u00f5t v\u00f5ib olla kuni 3 cm. Nende vahelt moodustub uus vars, mille tippu v\u00f5ib j\u00e4lle uus rinne v\u00e4ikseid sibulaid kasvada. Heades kasvuoludes p\u00fcsivad rindelise sibula lehed ka suvel mahlased ja neid saab korduvalt koguda. Lisaks on v\u00e4ga vahvad rinnetena kasvavad v\u00e4ikesed sibulad, mida saab marineerida ja tarvitada nagu p\u00e4rlsibulaid. V\u00e4ikeste varresibulatega on rindelist sibulat\u00a0 lihtne paljundada.  Toiduks tarvitatakse rindelisel sibulal lehti, varresibulaid ja mullas kasvavaid k\u00fclgsibulaid. Rindeline sibul on v\u00e4ga C-vitamiini rikas k\u00f6\u00f6givili, lisaks sisaldab taim B-grupi ja PP-vitamiine.","og_url":"https:\/\/tammetalu.eu\/toode\/rindeline-sibul\/","og_site_name":"Tamme talu \u00fcrdiaed","article_publisher":"https:\/\/www.facebook.com\/TammeTaluUrdiaed\/?locale=et_EE","article_modified_time":"2026-04-15T06:08:03+00:00","og_image":[{"width":1024,"height":683,"url":"https:\/\/tammetalu.eu\/wp-content\/uploads\/2023\/04\/Rindeline_sibul_Allium_x_proliferum_tamme_talu_urdiaed.jpg","type":"image\/jpeg"}],"twitter_card":"summary_large_image","schema":{"@context":"https:\/\/schema.org","@graph":[{"@type":"WebPage","@id":"https:\/\/tammetalu.eu\/toode\/rindeline-sibul\/","url":"https:\/\/tammetalu.eu\/toode\/rindeline-sibul\/","name":"Rindeline sibul - Tamme talu \u00fcrdiaed","isPartOf":{"@id":"https:\/\/tammetalu.eu\/#website"},"primaryImageOfPage":{"@id":"https:\/\/tammetalu.eu\/toode\/rindeline-sibul\/#primaryimage"},"image":{"@id":"https:\/\/tammetalu.eu\/toode\/rindeline-sibul\/#primaryimage"},"thumbnailUrl":"https:\/\/tammetalu.eu\/wp-content\/uploads\/2023\/04\/Rindeline_sibul_Allium_x_proliferum_tamme_talu_urdiaed.jpg","datePublished":"2023-04-12T15:08:19+00:00","dateModified":"2026-04-15T06:08:03+00:00","breadcrumb":{"@id":"https:\/\/tammetalu.eu\/toode\/rindeline-sibul\/#breadcrumb"},"inLanguage":"lv-LV","potentialAction":[{"@type":"ReadAction","target":["https:\/\/tammetalu.eu\/toode\/rindeline-sibul\/"]}]},{"@type":"ImageObject","inLanguage":"lv-LV","@id":"https:\/\/tammetalu.eu\/toode\/rindeline-sibul\/#primaryimage","url":"https:\/\/tammetalu.eu\/wp-content\/uploads\/2023\/04\/Rindeline_sibul_Allium_x_proliferum_tamme_talu_urdiaed.jpg","contentUrl":"https:\/\/tammetalu.eu\/wp-content\/uploads\/2023\/04\/Rindeline_sibul_Allium_x_proliferum_tamme_talu_urdiaed.jpg","width":1024,"height":683,"caption":"Rindeline_sibul_Allium_x_proliferum_tamme_talu_urdiaed"},{"@type":"BreadcrumbList","@id":"https:\/\/tammetalu.eu\/toode\/rindeline-sibul\/#breadcrumb","itemListElement":[{"@type":"ListItem","position":1,"name":"Home","item":"https:\/\/tammetalu.eu\/lv\/galvena-lapa\/"},{"@type":"ListItem","position":2,"name":"Shop","item":"https:\/\/tammetalu.eu\/lv\/shop\/"},{"@type":"ListItem","position":3,"name":"Rindeline sibul"}]},{"@type":"WebSite","@id":"https:\/\/tammetalu.eu\/#website","url":"https:\/\/tammetalu.eu\/","name":"Tamme talu \u00fcrdiaed","description":"K\u00e4sit\u00f6\u00f6na valmistatud tooted \u00fcrtidest, \u00fcrdiistikud, \u00fcrtide kollektsioonaed","publisher":{"@id":"https:\/\/tammetalu.eu\/#organization"},"alternateName":"Tamme talu","potentialAction":[{"@type":"SearchAction","target":{"@type":"EntryPoint","urlTemplate":"https:\/\/tammetalu.eu\/?s={search_term_string}"},"query-input":{"@type":"PropertyValueSpecification","valueRequired":true,"valueName":"search_term_string"}}],"inLanguage":"lv-LV"},{"@type":"Organization","@id":"https:\/\/tammetalu.eu\/#organization","name":"Tamme talu \u00fcrdiaed","alternateName":"Tamme talu","url":"https:\/\/tammetalu.eu\/","logo":{"@type":"ImageObject","inLanguage":"lv-LV","@id":"https:\/\/tammetalu.eu\/#\/schema\/logo\/image\/","url":"https:\/\/tammetalu.eu\/wp-content\/uploads\/2025\/01\/Tamme_talu_urdiaed.png","contentUrl":"https:\/\/tammetalu.eu\/wp-content\/uploads\/2025\/01\/Tamme_talu_urdiaed.png","width":560,"height":560,"caption":"Tamme talu \u00fcrdiaed"},"image":{"@id":"https:\/\/tammetalu.eu\/#\/schema\/logo\/image\/"},"sameAs":["https:\/\/www.facebook.com\/TammeTaluUrdiaed\/?locale=et_EE","https:\/\/www.instagram.com\/tammetaluurdiaed\/"]}]}},"_links":{"self":[{"href":"https:\/\/tammetalu.eu\/lv\/wp-json\/wp\/v2\/product\/18004","targetHints":{"allow":["GET"]}}],"collection":[{"href":"https:\/\/tammetalu.eu\/lv\/wp-json\/wp\/v2\/product"}],"about":[{"href":"https:\/\/tammetalu.eu\/lv\/wp-json\/wp\/v2\/types\/product"}],"wp:featuredmedia":[{"embeddable":true,"href":"https:\/\/tammetalu.eu\/lv\/wp-json\/wp\/v2\/media\/18005"}],"wp:attachment":[{"href":"https:\/\/tammetalu.eu\/lv\/wp-json\/wp\/v2\/media?parent=18004"}],"wp:term":[{"taxonomy":"product_brand","embeddable":true,"href":"https:\/\/tammetalu.eu\/lv\/wp-json\/wp\/v2\/product_brand?post=18004"},{"taxonomy":"product_cat","embeddable":true,"href":"https:\/\/tammetalu.eu\/lv\/wp-json\/wp\/v2\/product_cat?post=18004"},{"taxonomy":"product_tag","embeddable":true,"href":"https:\/\/tammetalu.eu\/lv\/wp-json\/wp\/v2\/product_tag?post=18004"}],"curies":[{"name":"wp","href":"https:\/\/api.w.org\/{rel}","templated":true}]}}