{"id":18382,"date":"2023-05-07T14:08:18","date_gmt":"2023-05-07T11:08:18","guid":{"rendered":"https:\/\/tammetalu.eu\/?post_type=product&#038;p=18382"},"modified":"2023-05-09T12:11:16","modified_gmt":"2023-05-09T09:11:16","slug":"tamme-talu-urdiaia-kinkekaart","status":"publish","type":"product","link":"https:\/\/tammetalu.eu\/lv\/toode\/tamme-talu-urdiaia-kinkekaart\/","title":{"rendered":"Tamme talu \u00fcrdiaia kinkekaart"},"content":{"rendered":"<p>&nbsp;<\/p>\n<p>&nbsp;<\/p>\n","protected":false},"excerpt":{"rendered":"<p>Tamme talu \u00fcrdiaia kinkekaart on kingitus oma l\u00e4hedasele, s\u00f5brale v\u00f5i tuttavale, kes naudib h\u00e4id ja puhta koostisega maitseid oma toidulaual. Kingisaaja saab endale ise valida meelep\u00e4rased tooted Tamme talu laiast e-poe valikust. Olgu selleks siis maitseained, teed, hoidised, kinkekomplektid v\u00f5i istikud.<\/p>\n<hr \/>\n<p>Kinkekaardi kasutamiseks lisa soovitud tooted ostukorvi ning sisesta kinkekaardil olev unikaalne kood.<\/p>\n<hr \/>\n<p>Kinkekaart on virtuaalne ning kehtib kuus kuud.<\/p>\n<hr \/>\n<p>Kinkekaardi v\u00e4\u00e4rtus ei l\u00e4he arvesse tasuta tarne arvestuses, sest tegemist on virtuaalse tootega.<\/p>\n","protected":false},"featured_media":18388,"template":"","meta":{"_acf_changed":false,"_et_pb_use_builder":"","_et_pb_old_content":"","_et_gb_content_width":"","inline_featured_image":false},"product_brand":[],"product_cat":[209],"product_tag":[],"class_list":{"0":"post-18382","1":"product","2":"type-product","3":"status-publish","4":"has-post-thumbnail","6":"product_cat-kinkekaart","8":"first","9":"instock","10":"taxable","11":"shipping-taxable","12":"purchasable","13":"product-type-pw-gift-card"},"acf":[],"yoast_head":"<!-- This site is optimized with the Yoast SEO plugin v26.4 - https:\/\/yoast.com\/wordpress\/plugins\/seo\/ -->\n<title>Tamme talu \u00fcrdiaia kinkekaart - Tamme talu \u00fcrdiaed<\/title>\n<meta name=\"description\" content=\"Tamme talu \u00fcrdiaia kinkekaart on kingitus oma l\u00e4hedasele, s\u00f5brale v\u00f5i tuttavale, kes naudib h\u00e4id ja puhta koostisega maitseid oma toidulaual.\" \/>\n<meta name=\"robots\" content=\"index, follow, max-snippet:-1, max-image-preview:large, max-video-preview:-1\" \/>\n<link rel=\"canonical\" href=\"https:\/\/tammetalu.eu\/toode\/tamme-talu-urdiaia-kinkekaart\/\" \/>\n<meta property=\"og:locale\" content=\"lv_LV\" \/>\n<meta property=\"og:type\" content=\"article\" \/>\n<meta property=\"og:title\" content=\"Tamme talu \u00fcrdiaia kinkekaart - Tamme talu \u00fcrdiaed\" \/>\n<meta property=\"og:description\" content=\"Tamme talu \u00fcrdiaia kinkekaart on kingitus oma l\u00e4hedasele, s\u00f5brale v\u00f5i tuttavale, kes naudib h\u00e4id ja puhta koostisega maitseid oma toidulaual.\" \/>\n<meta property=\"og:url\" content=\"https:\/\/tammetalu.eu\/toode\/tamme-talu-urdiaia-kinkekaart\/\" \/>\n<meta property=\"og:site_name\" content=\"Tamme talu \u00fcrdiaed\" \/>\n<meta property=\"article:publisher\" content=\"https:\/\/www.facebook.com\/TammeTaluUrdiaed\/?locale=et_EE\" \/>\n<meta property=\"article:modified_time\" content=\"2023-05-09T09:11:16+00:00\" \/>\n<meta property=\"og:image\" content=\"https:\/\/tammetalu.eu\/wp-content\/uploads\/2023\/05\/Tamme_talu_urdiaia_kinkekaart.jpg\" \/>\n\t<meta property=\"og:image:width\" content=\"1800\" \/>\n\t<meta property=\"og:image:height\" content=\"1200\" \/>\n\t<meta property=\"og:image:type\" content=\"image\/jpeg\" \/>\n<meta name=\"twitter:card\" content=\"summary_large_image\" \/>\n<script type=\"application\/ld+json\" class=\"yoast-schema-graph\">{\"@context\":\"https:\/\/schema.org\",\"@graph\":[{\"@type\":\"WebPage\",\"@id\":\"https:\/\/tammetalu.eu\/toode\/tamme-talu-urdiaia-kinkekaart\/\",\"url\":\"https:\/\/tammetalu.eu\/toode\/tamme-talu-urdiaia-kinkekaart\/\",\"name\":\"Tamme talu \u00fcrdiaia kinkekaart - Tamme talu \u00fcrdiaed\",\"isPartOf\":{\"@id\":\"https:\/\/tammetalu.eu\/#website\"},\"primaryImageOfPage\":{\"@id\":\"https:\/\/tammetalu.eu\/toode\/tamme-talu-urdiaia-kinkekaart\/#primaryimage\"},\"image\":{\"@id\":\"https:\/\/tammetalu.eu\/toode\/tamme-talu-urdiaia-kinkekaart\/#primaryimage\"},\"thumbnailUrl\":\"https:\/\/tammetalu.eu\/wp-content\/uploads\/2023\/05\/Tamme_talu_urdiaia_kinkekaart.jpg\",\"datePublished\":\"2023-05-07T11:08:18+00:00\",\"dateModified\":\"2023-05-09T09:11:16+00:00\",\"description\":\"Tamme talu \u00fcrdiaia kinkekaart on kingitus oma l\u00e4hedasele, s\u00f5brale v\u00f5i tuttavale, kes naudib h\u00e4id ja puhta koostisega maitseid oma toidulaual.\",\"breadcrumb\":{\"@id\":\"https:\/\/tammetalu.eu\/toode\/tamme-talu-urdiaia-kinkekaart\/#breadcrumb\"},\"inLanguage\":\"lv-LV\",\"potentialAction\":[{\"@type\":\"ReadAction\",\"target\":[\"https:\/\/tammetalu.eu\/toode\/tamme-talu-urdiaia-kinkekaart\/\"]}]},{\"@type\":\"ImageObject\",\"inLanguage\":\"lv-LV\",\"@id\":\"https:\/\/tammetalu.eu\/toode\/tamme-talu-urdiaia-kinkekaart\/#primaryimage\",\"url\":\"https:\/\/tammetalu.eu\/wp-content\/uploads\/2023\/05\/Tamme_talu_urdiaia_kinkekaart.jpg\",\"contentUrl\":\"https:\/\/tammetalu.eu\/wp-content\/uploads\/2023\/05\/Tamme_talu_urdiaia_kinkekaart.jpg\",\"width\":1800,\"height\":1200,\"caption\":\"Tamme_talu_urdiaia_kinkekaart\"},{\"@type\":\"BreadcrumbList\",\"@id\":\"https:\/\/tammetalu.eu\/toode\/tamme-talu-urdiaia-kinkekaart\/#breadcrumb\",\"itemListElement\":[{\"@type\":\"ListItem\",\"position\":1,\"name\":\"Home\",\"item\":\"https:\/\/tammetalu.eu\/lv\/galvena-lapa\/\"},{\"@type\":\"ListItem\",\"position\":2,\"name\":\"Shop\",\"item\":\"https:\/\/tammetalu.eu\/lv\/shop\/\"},{\"@type\":\"ListItem\",\"position\":3,\"name\":\"Tamme talu \u00fcrdiaia kinkekaart\"}]},{\"@type\":\"WebSite\",\"@id\":\"https:\/\/tammetalu.eu\/#website\",\"url\":\"https:\/\/tammetalu.eu\/\",\"name\":\"Tamme talu \u00fcrdiaed\",\"description\":\"K\u00e4sit\u00f6\u00f6na valmistatud tooted \u00fcrtidest, \u00fcrdiistikud, \u00fcrtide kollektsioonaed\",\"publisher\":{\"@id\":\"https:\/\/tammetalu.eu\/#organization\"},\"alternateName\":\"Tamme talu\",\"potentialAction\":[{\"@type\":\"SearchAction\",\"target\":{\"@type\":\"EntryPoint\",\"urlTemplate\":\"https:\/\/tammetalu.eu\/?s={search_term_string}\"},\"query-input\":{\"@type\":\"PropertyValueSpecification\",\"valueRequired\":true,\"valueName\":\"search_term_string\"}}],\"inLanguage\":\"lv-LV\"},{\"@type\":\"Organization\",\"@id\":\"https:\/\/tammetalu.eu\/#organization\",\"name\":\"Tamme talu \u00fcrdiaed\",\"alternateName\":\"Tamme talu\",\"url\":\"https:\/\/tammetalu.eu\/\",\"logo\":{\"@type\":\"ImageObject\",\"inLanguage\":\"lv-LV\",\"@id\":\"https:\/\/tammetalu.eu\/#\/schema\/logo\/image\/\",\"url\":\"https:\/\/tammetalu.eu\/wp-content\/uploads\/2025\/01\/Tamme_talu_urdiaed.png\",\"contentUrl\":\"https:\/\/tammetalu.eu\/wp-content\/uploads\/2025\/01\/Tamme_talu_urdiaed.png\",\"width\":560,\"height\":560,\"caption\":\"Tamme talu \u00fcrdiaed\"},\"image\":{\"@id\":\"https:\/\/tammetalu.eu\/#\/schema\/logo\/image\/\"},\"sameAs\":[\"https:\/\/www.facebook.com\/TammeTaluUrdiaed\/?locale=et_EE\",\"https:\/\/www.instagram.com\/tammetaluurdiaed\/\"]}]}<\/script>\n<!-- \/ Yoast SEO plugin. -->","yoast_head_json":{"title":"Tamme talu \u00fcrdiaia kinkekaart - Tamme talu \u00fcrdiaed","description":"Tamme talu \u00fcrdiaia kinkekaart on kingitus oma l\u00e4hedasele, s\u00f5brale v\u00f5i tuttavale, kes naudib h\u00e4id ja puhta koostisega maitseid oma toidulaual.","robots":{"index":"index","follow":"follow","max-snippet":"max-snippet:-1","max-image-preview":"max-image-preview:large","max-video-preview":"max-video-preview:-1"},"canonical":"https:\/\/tammetalu.eu\/toode\/tamme-talu-urdiaia-kinkekaart\/","og_locale":"lv_LV","og_type":"article","og_title":"Tamme talu \u00fcrdiaia kinkekaart - Tamme talu \u00fcrdiaed","og_description":"Tamme talu \u00fcrdiaia kinkekaart on kingitus oma l\u00e4hedasele, s\u00f5brale v\u00f5i tuttavale, kes naudib h\u00e4id ja puhta koostisega maitseid oma toidulaual.","og_url":"https:\/\/tammetalu.eu\/toode\/tamme-talu-urdiaia-kinkekaart\/","og_site_name":"Tamme talu \u00fcrdiaed","article_publisher":"https:\/\/www.facebook.com\/TammeTaluUrdiaed\/?locale=et_EE","article_modified_time":"2023-05-09T09:11:16+00:00","og_image":[{"width":1800,"height":1200,"url":"https:\/\/tammetalu.eu\/wp-content\/uploads\/2023\/05\/Tamme_talu_urdiaia_kinkekaart.jpg","type":"image\/jpeg"}],"twitter_card":"summary_large_image","schema":{"@context":"https:\/\/schema.org","@graph":[{"@type":"WebPage","@id":"https:\/\/tammetalu.eu\/toode\/tamme-talu-urdiaia-kinkekaart\/","url":"https:\/\/tammetalu.eu\/toode\/tamme-talu-urdiaia-kinkekaart\/","name":"Tamme talu \u00fcrdiaia kinkekaart - Tamme talu \u00fcrdiaed","isPartOf":{"@id":"https:\/\/tammetalu.eu\/#website"},"primaryImageOfPage":{"@id":"https:\/\/tammetalu.eu\/toode\/tamme-talu-urdiaia-kinkekaart\/#primaryimage"},"image":{"@id":"https:\/\/tammetalu.eu\/toode\/tamme-talu-urdiaia-kinkekaart\/#primaryimage"},"thumbnailUrl":"https:\/\/tammetalu.eu\/wp-content\/uploads\/2023\/05\/Tamme_talu_urdiaia_kinkekaart.jpg","datePublished":"2023-05-07T11:08:18+00:00","dateModified":"2023-05-09T09:11:16+00:00","description":"Tamme talu \u00fcrdiaia kinkekaart on kingitus oma l\u00e4hedasele, s\u00f5brale v\u00f5i tuttavale, kes naudib h\u00e4id ja puhta koostisega maitseid oma toidulaual.","breadcrumb":{"@id":"https:\/\/tammetalu.eu\/toode\/tamme-talu-urdiaia-kinkekaart\/#breadcrumb"},"inLanguage":"lv-LV","potentialAction":[{"@type":"ReadAction","target":["https:\/\/tammetalu.eu\/toode\/tamme-talu-urdiaia-kinkekaart\/"]}]},{"@type":"ImageObject","inLanguage":"lv-LV","@id":"https:\/\/tammetalu.eu\/toode\/tamme-talu-urdiaia-kinkekaart\/#primaryimage","url":"https:\/\/tammetalu.eu\/wp-content\/uploads\/2023\/05\/Tamme_talu_urdiaia_kinkekaart.jpg","contentUrl":"https:\/\/tammetalu.eu\/wp-content\/uploads\/2023\/05\/Tamme_talu_urdiaia_kinkekaart.jpg","width":1800,"height":1200,"caption":"Tamme_talu_urdiaia_kinkekaart"},{"@type":"BreadcrumbList","@id":"https:\/\/tammetalu.eu\/toode\/tamme-talu-urdiaia-kinkekaart\/#breadcrumb","itemListElement":[{"@type":"ListItem","position":1,"name":"Home","item":"https:\/\/tammetalu.eu\/lv\/galvena-lapa\/"},{"@type":"ListItem","position":2,"name":"Shop","item":"https:\/\/tammetalu.eu\/lv\/shop\/"},{"@type":"ListItem","position":3,"name":"Tamme talu \u00fcrdiaia kinkekaart"}]},{"@type":"WebSite","@id":"https:\/\/tammetalu.eu\/#website","url":"https:\/\/tammetalu.eu\/","name":"Tamme talu \u00fcrdiaed","description":"K\u00e4sit\u00f6\u00f6na valmistatud tooted \u00fcrtidest, \u00fcrdiistikud, \u00fcrtide kollektsioonaed","publisher":{"@id":"https:\/\/tammetalu.eu\/#organization"},"alternateName":"Tamme talu","potentialAction":[{"@type":"SearchAction","target":{"@type":"EntryPoint","urlTemplate":"https:\/\/tammetalu.eu\/?s={search_term_string}"},"query-input":{"@type":"PropertyValueSpecification","valueRequired":true,"valueName":"search_term_string"}}],"inLanguage":"lv-LV"},{"@type":"Organization","@id":"https:\/\/tammetalu.eu\/#organization","name":"Tamme talu \u00fcrdiaed","alternateName":"Tamme talu","url":"https:\/\/tammetalu.eu\/","logo":{"@type":"ImageObject","inLanguage":"lv-LV","@id":"https:\/\/tammetalu.eu\/#\/schema\/logo\/image\/","url":"https:\/\/tammetalu.eu\/wp-content\/uploads\/2025\/01\/Tamme_talu_urdiaed.png","contentUrl":"https:\/\/tammetalu.eu\/wp-content\/uploads\/2025\/01\/Tamme_talu_urdiaed.png","width":560,"height":560,"caption":"Tamme talu \u00fcrdiaed"},"image":{"@id":"https:\/\/tammetalu.eu\/#\/schema\/logo\/image\/"},"sameAs":["https:\/\/www.facebook.com\/TammeTaluUrdiaed\/?locale=et_EE","https:\/\/www.instagram.com\/tammetaluurdiaed\/"]}]}},"_links":{"self":[{"href":"https:\/\/tammetalu.eu\/lv\/wp-json\/wp\/v2\/product\/18382","targetHints":{"allow":["GET"]}}],"collection":[{"href":"https:\/\/tammetalu.eu\/lv\/wp-json\/wp\/v2\/product"}],"about":[{"href":"https:\/\/tammetalu.eu\/lv\/wp-json\/wp\/v2\/types\/product"}],"wp:featuredmedia":[{"embeddable":true,"href":"https:\/\/tammetalu.eu\/lv\/wp-json\/wp\/v2\/media\/18388"}],"wp:attachment":[{"href":"https:\/\/tammetalu.eu\/lv\/wp-json\/wp\/v2\/media?parent=18382"}],"wp:term":[{"taxonomy":"product_brand","embeddable":true,"href":"https:\/\/tammetalu.eu\/lv\/wp-json\/wp\/v2\/product_brand?post=18382"},{"taxonomy":"product_cat","embeddable":true,"href":"https:\/\/tammetalu.eu\/lv\/wp-json\/wp\/v2\/product_cat?post=18382"},{"taxonomy":"product_tag","embeddable":true,"href":"https:\/\/tammetalu.eu\/lv\/wp-json\/wp\/v2\/product_tag?post=18382"}],"curies":[{"name":"wp","href":"https:\/\/api.w.org\/{rel}","templated":true}]}}