{"id":19947,"date":"2024-02-29T17:54:35","date_gmt":"2024-02-29T15:54:35","guid":{"rendered":"https:\/\/tammetalu.eu\/?post_type=product&#038;p=19947"},"modified":"2026-04-13T18:07:19","modified_gmt":"2026-04-13T15:07:19","slug":"mugullauk-cliffs-of-dover","status":"publish","type":"product","link":"https:\/\/tammetalu.eu\/lv\/toode\/mugullauk-cliffs-of-dover\/","title":{"rendered":"Mugullauk &#8220;Cliffs of Dover&#8221;"},"content":{"rendered":"","protected":false},"excerpt":{"rendered":"<p><em>Allium tuberosum<\/em><\/p>\n<p>Sellel ilusal mugullaugu sordil on lopsakad rihmjad mahlased lehed ja kerakujulised valged \u00f5isikud. On v\u00e4ga talvekindel ja dekoratiivne p\u00fcsik, mis v\u00f5ib kasvada \u00fchel kasvukohal aastaid. Kompaktse puhma k\u00f5rgus umbes 50-60 cm. Ei ole aias esimene kevadine salatitaim, kuna lehed alustavad kasvu alates aprilli l\u00f5pust, kuid \u00fcks viimaseid, millelt veel s\u00fcgisel mahlaseid lehti saab noppida ja mille \u00f5iteilu saab nautida. \u00d5itseb rikkalikult alates augusti algusest kuni s\u00fcgisk\u00fclmadeni. Kasvamiseks vajab parasniisket viljakat mulda.\u00a0 Mugullaugu lehed on mahlased ja tarvitamisk\u00f5lblikud terve hooaja jooksul. Taime \u00f5ied ja pungad on samuti s\u00f6\u00f6davad. Mugullauku saab edukalt kasvatada potitaimena. Sellisel juhul peaks poti l\u00e4bim\u00f5\u00f5t olema v\u00e4hemalt 30 cm.\u00a0 Paljundada saab mugullauku jagamise v\u00f5i seemnetega. Lehed maitselt mahedad, veidi k\u00fc\u00fcslaugused. V\u00e4rskete lehtede s\u00f6\u00f6misel ei j\u00e4\u00e4 suhu k\u00fc\u00fcslaugu l\u00f5hna. Lehed on mugullaugul v\u00e4ga vitamiinirikkad. Sobib v\u00e4rskelt salatitesse ja v\u00f5ileivale, vokkimiseks, kastmetesse ja pirukate t\u00e4idistesse.<\/p>\n","protected":false},"featured_media":20056,"template":"","meta":{"_acf_changed":false,"_et_pb_use_builder":"","_et_pb_old_content":"","_et_gb_content_width":"","inline_featured_image":false},"product_brand":[],"product_cat":[186,201,203],"product_tag":[],"class_list":{"0":"post-19947","1":"product","2":"type-product","3":"status-publish","4":"has-post-thumbnail","6":"product_cat-maitse-ja-ravimtaimede-istikud","7":"product_cat-laugud","8":"product_cat-ponevad-koogiviljad","10":"first","11":"instock","12":"sale","13":"taxable","14":"shipping-taxable","15":"purchasable","16":"product-type-simple"},"acf":[],"yoast_head":"<!-- This site is optimized with the Yoast SEO plugin v26.4 - https:\/\/yoast.com\/wordpress\/plugins\/seo\/ -->\n<title>Mugullauk &quot;Cliffs of Dover&quot; - Tamme talu \u00fcrdiaed<\/title>\n<meta name=\"robots\" content=\"index, follow, max-snippet:-1, max-image-preview:large, max-video-preview:-1\" \/>\n<link rel=\"canonical\" href=\"https:\/\/tammetalu.eu\/toode\/mugullauk-cliffs-of-dover\/\" \/>\n<meta property=\"og:locale\" content=\"lv_LV\" \/>\n<meta property=\"og:type\" content=\"article\" \/>\n<meta property=\"og:title\" content=\"Mugullauk &quot;Cliffs of Dover&quot; - Tamme talu \u00fcrdiaed\" \/>\n<meta property=\"og:description\" content=\"Allium tuberosum  Sellel ilusal mugullaugu sordil on lopsakad rihmjad mahlased lehed ja kerakujulised valged \u00f5isikud. On v\u00e4ga talvekindel ja dekoratiivne p\u00fcsik, mis v\u00f5ib kasvada \u00fchel kasvukohal aastaid. Kompaktse puhma k\u00f5rgus umbes 50-60 cm. Ei ole aias esimene kevadine salatitaim, kuna lehed alustavad kasvu alates aprilli l\u00f5pust, kuid \u00fcks viimaseid, millelt veel s\u00fcgisel mahlaseid lehti saab noppida ja mille \u00f5iteilu saab nautida. \u00d5itseb rikkalikult alates augusti algusest kuni s\u00fcgisk\u00fclmadeni. Kasvamiseks vajab parasniisket viljakat mulda.\u00a0 Mugullaugu lehed on mahlased ja tarvitamisk\u00f5lblikud terve hooaja jooksul. Taime \u00f5ied ja pungad on samuti s\u00f6\u00f6davad. Mugullauku saab edukalt kasvatada potitaimena. Sellisel juhul peaks poti l\u00e4bim\u00f5\u00f5t olema v\u00e4hemalt 30 cm.\u00a0 Paljundada saab mugullauku jagamise v\u00f5i seemnetega. Lehed maitselt mahedad, veidi k\u00fc\u00fcslaugused. V\u00e4rskete lehtede s\u00f6\u00f6misel ei j\u00e4\u00e4 suhu k\u00fc\u00fcslaugu l\u00f5hna. Lehed on mugullaugul v\u00e4ga vitamiinirikkad. Sobib v\u00e4rskelt salatitesse ja v\u00f5ileivale, vokkimiseks, kastmetesse ja pirukate t\u00e4idistesse.\" \/>\n<meta property=\"og:url\" content=\"https:\/\/tammetalu.eu\/toode\/mugullauk-cliffs-of-dover\/\" \/>\n<meta property=\"og:site_name\" content=\"Tamme talu \u00fcrdiaed\" \/>\n<meta property=\"article:publisher\" content=\"https:\/\/www.facebook.com\/TammeTaluUrdiaed\/?locale=et_EE\" \/>\n<meta property=\"article:modified_time\" content=\"2026-04-13T15:07:19+00:00\" \/>\n<meta property=\"og:image\" content=\"https:\/\/tammetalu.eu\/wp-content\/uploads\/2024\/02\/Allium_tuberosum_Cliffs_of_dover_tamme_talu_urdiaed.jpg\" \/>\n\t<meta property=\"og:image:width\" content=\"800\" \/>\n\t<meta property=\"og:image:height\" content=\"800\" \/>\n\t<meta property=\"og:image:type\" content=\"image\/jpeg\" \/>\n<meta name=\"twitter:card\" content=\"summary_large_image\" \/>\n<meta name=\"twitter:label1\" content=\"Est. reading time\" \/>\n\t<meta name=\"twitter:data1\" content=\"1 minute\" \/>\n<script type=\"application\/ld+json\" class=\"yoast-schema-graph\">{\"@context\":\"https:\/\/schema.org\",\"@graph\":[{\"@type\":\"WebPage\",\"@id\":\"https:\/\/tammetalu.eu\/toode\/mugullauk-cliffs-of-dover\/\",\"url\":\"https:\/\/tammetalu.eu\/toode\/mugullauk-cliffs-of-dover\/\",\"name\":\"Mugullauk \\\"Cliffs of Dover\\\" - Tamme talu \u00fcrdiaed\",\"isPartOf\":{\"@id\":\"https:\/\/tammetalu.eu\/#website\"},\"primaryImageOfPage\":{\"@id\":\"https:\/\/tammetalu.eu\/toode\/mugullauk-cliffs-of-dover\/#primaryimage\"},\"image\":{\"@id\":\"https:\/\/tammetalu.eu\/toode\/mugullauk-cliffs-of-dover\/#primaryimage\"},\"thumbnailUrl\":\"https:\/\/tammetalu.eu\/wp-content\/uploads\/2024\/02\/Allium_tuberosum_Cliffs_of_dover_tamme_talu_urdiaed.jpg\",\"datePublished\":\"2024-02-29T15:54:35+00:00\",\"dateModified\":\"2026-04-13T15:07:19+00:00\",\"breadcrumb\":{\"@id\":\"https:\/\/tammetalu.eu\/toode\/mugullauk-cliffs-of-dover\/#breadcrumb\"},\"inLanguage\":\"lv-LV\",\"potentialAction\":[{\"@type\":\"ReadAction\",\"target\":[\"https:\/\/tammetalu.eu\/toode\/mugullauk-cliffs-of-dover\/\"]}]},{\"@type\":\"ImageObject\",\"inLanguage\":\"lv-LV\",\"@id\":\"https:\/\/tammetalu.eu\/toode\/mugullauk-cliffs-of-dover\/#primaryimage\",\"url\":\"https:\/\/tammetalu.eu\/wp-content\/uploads\/2024\/02\/Allium_tuberosum_Cliffs_of_dover_tamme_talu_urdiaed.jpg\",\"contentUrl\":\"https:\/\/tammetalu.eu\/wp-content\/uploads\/2024\/02\/Allium_tuberosum_Cliffs_of_dover_tamme_talu_urdiaed.jpg\",\"width\":800,\"height\":800,\"caption\":\"Allium_tuberosum_Cliffs_of_dover_tamme_talu_urdiaed\"},{\"@type\":\"BreadcrumbList\",\"@id\":\"https:\/\/tammetalu.eu\/toode\/mugullauk-cliffs-of-dover\/#breadcrumb\",\"itemListElement\":[{\"@type\":\"ListItem\",\"position\":1,\"name\":\"Home\",\"item\":\"https:\/\/tammetalu.eu\/lv\/galvena-lapa\/\"},{\"@type\":\"ListItem\",\"position\":2,\"name\":\"Shop\",\"item\":\"https:\/\/tammetalu.eu\/lv\/shop\/\"},{\"@type\":\"ListItem\",\"position\":3,\"name\":\"Mugullauk &#8220;Cliffs of Dover&#8221;\"}]},{\"@type\":\"WebSite\",\"@id\":\"https:\/\/tammetalu.eu\/#website\",\"url\":\"https:\/\/tammetalu.eu\/\",\"name\":\"Tamme talu \u00fcrdiaed\",\"description\":\"K\u00e4sit\u00f6\u00f6na valmistatud tooted \u00fcrtidest, \u00fcrdiistikud, \u00fcrtide kollektsioonaed\",\"publisher\":{\"@id\":\"https:\/\/tammetalu.eu\/#organization\"},\"alternateName\":\"Tamme talu\",\"potentialAction\":[{\"@type\":\"SearchAction\",\"target\":{\"@type\":\"EntryPoint\",\"urlTemplate\":\"https:\/\/tammetalu.eu\/?s={search_term_string}\"},\"query-input\":{\"@type\":\"PropertyValueSpecification\",\"valueRequired\":true,\"valueName\":\"search_term_string\"}}],\"inLanguage\":\"lv-LV\"},{\"@type\":\"Organization\",\"@id\":\"https:\/\/tammetalu.eu\/#organization\",\"name\":\"Tamme talu \u00fcrdiaed\",\"alternateName\":\"Tamme talu\",\"url\":\"https:\/\/tammetalu.eu\/\",\"logo\":{\"@type\":\"ImageObject\",\"inLanguage\":\"lv-LV\",\"@id\":\"https:\/\/tammetalu.eu\/#\/schema\/logo\/image\/\",\"url\":\"https:\/\/tammetalu.eu\/wp-content\/uploads\/2025\/01\/Tamme_talu_urdiaed.png\",\"contentUrl\":\"https:\/\/tammetalu.eu\/wp-content\/uploads\/2025\/01\/Tamme_talu_urdiaed.png\",\"width\":560,\"height\":560,\"caption\":\"Tamme talu \u00fcrdiaed\"},\"image\":{\"@id\":\"https:\/\/tammetalu.eu\/#\/schema\/logo\/image\/\"},\"sameAs\":[\"https:\/\/www.facebook.com\/TammeTaluUrdiaed\/?locale=et_EE\",\"https:\/\/www.instagram.com\/tammetaluurdiaed\/\"]}]}<\/script>\n<!-- \/ Yoast SEO plugin. -->","yoast_head_json":{"title":"Mugullauk \"Cliffs of Dover\" - Tamme talu \u00fcrdiaed","robots":{"index":"index","follow":"follow","max-snippet":"max-snippet:-1","max-image-preview":"max-image-preview:large","max-video-preview":"max-video-preview:-1"},"canonical":"https:\/\/tammetalu.eu\/toode\/mugullauk-cliffs-of-dover\/","og_locale":"lv_LV","og_type":"article","og_title":"Mugullauk \"Cliffs of Dover\" - Tamme talu \u00fcrdiaed","og_description":"Allium tuberosum  Sellel ilusal mugullaugu sordil on lopsakad rihmjad mahlased lehed ja kerakujulised valged \u00f5isikud. On v\u00e4ga talvekindel ja dekoratiivne p\u00fcsik, mis v\u00f5ib kasvada \u00fchel kasvukohal aastaid. Kompaktse puhma k\u00f5rgus umbes 50-60 cm. Ei ole aias esimene kevadine salatitaim, kuna lehed alustavad kasvu alates aprilli l\u00f5pust, kuid \u00fcks viimaseid, millelt veel s\u00fcgisel mahlaseid lehti saab noppida ja mille \u00f5iteilu saab nautida. \u00d5itseb rikkalikult alates augusti algusest kuni s\u00fcgisk\u00fclmadeni. Kasvamiseks vajab parasniisket viljakat mulda.\u00a0 Mugullaugu lehed on mahlased ja tarvitamisk\u00f5lblikud terve hooaja jooksul. Taime \u00f5ied ja pungad on samuti s\u00f6\u00f6davad. Mugullauku saab edukalt kasvatada potitaimena. Sellisel juhul peaks poti l\u00e4bim\u00f5\u00f5t olema v\u00e4hemalt 30 cm.\u00a0 Paljundada saab mugullauku jagamise v\u00f5i seemnetega. Lehed maitselt mahedad, veidi k\u00fc\u00fcslaugused. V\u00e4rskete lehtede s\u00f6\u00f6misel ei j\u00e4\u00e4 suhu k\u00fc\u00fcslaugu l\u00f5hna. Lehed on mugullaugul v\u00e4ga vitamiinirikkad. Sobib v\u00e4rskelt salatitesse ja v\u00f5ileivale, vokkimiseks, kastmetesse ja pirukate t\u00e4idistesse.","og_url":"https:\/\/tammetalu.eu\/toode\/mugullauk-cliffs-of-dover\/","og_site_name":"Tamme talu \u00fcrdiaed","article_publisher":"https:\/\/www.facebook.com\/TammeTaluUrdiaed\/?locale=et_EE","article_modified_time":"2026-04-13T15:07:19+00:00","og_image":[{"width":800,"height":800,"url":"https:\/\/tammetalu.eu\/wp-content\/uploads\/2024\/02\/Allium_tuberosum_Cliffs_of_dover_tamme_talu_urdiaed.jpg","type":"image\/jpeg"}],"twitter_card":"summary_large_image","twitter_misc":{"Est. reading time":"1 minute"},"schema":{"@context":"https:\/\/schema.org","@graph":[{"@type":"WebPage","@id":"https:\/\/tammetalu.eu\/toode\/mugullauk-cliffs-of-dover\/","url":"https:\/\/tammetalu.eu\/toode\/mugullauk-cliffs-of-dover\/","name":"Mugullauk \"Cliffs of Dover\" - Tamme talu \u00fcrdiaed","isPartOf":{"@id":"https:\/\/tammetalu.eu\/#website"},"primaryImageOfPage":{"@id":"https:\/\/tammetalu.eu\/toode\/mugullauk-cliffs-of-dover\/#primaryimage"},"image":{"@id":"https:\/\/tammetalu.eu\/toode\/mugullauk-cliffs-of-dover\/#primaryimage"},"thumbnailUrl":"https:\/\/tammetalu.eu\/wp-content\/uploads\/2024\/02\/Allium_tuberosum_Cliffs_of_dover_tamme_talu_urdiaed.jpg","datePublished":"2024-02-29T15:54:35+00:00","dateModified":"2026-04-13T15:07:19+00:00","breadcrumb":{"@id":"https:\/\/tammetalu.eu\/toode\/mugullauk-cliffs-of-dover\/#breadcrumb"},"inLanguage":"lv-LV","potentialAction":[{"@type":"ReadAction","target":["https:\/\/tammetalu.eu\/toode\/mugullauk-cliffs-of-dover\/"]}]},{"@type":"ImageObject","inLanguage":"lv-LV","@id":"https:\/\/tammetalu.eu\/toode\/mugullauk-cliffs-of-dover\/#primaryimage","url":"https:\/\/tammetalu.eu\/wp-content\/uploads\/2024\/02\/Allium_tuberosum_Cliffs_of_dover_tamme_talu_urdiaed.jpg","contentUrl":"https:\/\/tammetalu.eu\/wp-content\/uploads\/2024\/02\/Allium_tuberosum_Cliffs_of_dover_tamme_talu_urdiaed.jpg","width":800,"height":800,"caption":"Allium_tuberosum_Cliffs_of_dover_tamme_talu_urdiaed"},{"@type":"BreadcrumbList","@id":"https:\/\/tammetalu.eu\/toode\/mugullauk-cliffs-of-dover\/#breadcrumb","itemListElement":[{"@type":"ListItem","position":1,"name":"Home","item":"https:\/\/tammetalu.eu\/lv\/galvena-lapa\/"},{"@type":"ListItem","position":2,"name":"Shop","item":"https:\/\/tammetalu.eu\/lv\/shop\/"},{"@type":"ListItem","position":3,"name":"Mugullauk &#8220;Cliffs of Dover&#8221;"}]},{"@type":"WebSite","@id":"https:\/\/tammetalu.eu\/#website","url":"https:\/\/tammetalu.eu\/","name":"Tamme talu \u00fcrdiaed","description":"K\u00e4sit\u00f6\u00f6na valmistatud tooted \u00fcrtidest, \u00fcrdiistikud, \u00fcrtide kollektsioonaed","publisher":{"@id":"https:\/\/tammetalu.eu\/#organization"},"alternateName":"Tamme talu","potentialAction":[{"@type":"SearchAction","target":{"@type":"EntryPoint","urlTemplate":"https:\/\/tammetalu.eu\/?s={search_term_string}"},"query-input":{"@type":"PropertyValueSpecification","valueRequired":true,"valueName":"search_term_string"}}],"inLanguage":"lv-LV"},{"@type":"Organization","@id":"https:\/\/tammetalu.eu\/#organization","name":"Tamme talu \u00fcrdiaed","alternateName":"Tamme talu","url":"https:\/\/tammetalu.eu\/","logo":{"@type":"ImageObject","inLanguage":"lv-LV","@id":"https:\/\/tammetalu.eu\/#\/schema\/logo\/image\/","url":"https:\/\/tammetalu.eu\/wp-content\/uploads\/2025\/01\/Tamme_talu_urdiaed.png","contentUrl":"https:\/\/tammetalu.eu\/wp-content\/uploads\/2025\/01\/Tamme_talu_urdiaed.png","width":560,"height":560,"caption":"Tamme talu \u00fcrdiaed"},"image":{"@id":"https:\/\/tammetalu.eu\/#\/schema\/logo\/image\/"},"sameAs":["https:\/\/www.facebook.com\/TammeTaluUrdiaed\/?locale=et_EE","https:\/\/www.instagram.com\/tammetaluurdiaed\/"]}]}},"_links":{"self":[{"href":"https:\/\/tammetalu.eu\/lv\/wp-json\/wp\/v2\/product\/19947","targetHints":{"allow":["GET"]}}],"collection":[{"href":"https:\/\/tammetalu.eu\/lv\/wp-json\/wp\/v2\/product"}],"about":[{"href":"https:\/\/tammetalu.eu\/lv\/wp-json\/wp\/v2\/types\/product"}],"wp:featuredmedia":[{"embeddable":true,"href":"https:\/\/tammetalu.eu\/lv\/wp-json\/wp\/v2\/media\/20056"}],"wp:attachment":[{"href":"https:\/\/tammetalu.eu\/lv\/wp-json\/wp\/v2\/media?parent=19947"}],"wp:term":[{"taxonomy":"product_brand","embeddable":true,"href":"https:\/\/tammetalu.eu\/lv\/wp-json\/wp\/v2\/product_brand?post=19947"},{"taxonomy":"product_cat","embeddable":true,"href":"https:\/\/tammetalu.eu\/lv\/wp-json\/wp\/v2\/product_cat?post=19947"},{"taxonomy":"product_tag","embeddable":true,"href":"https:\/\/tammetalu.eu\/lv\/wp-json\/wp\/v2\/product_tag?post=19947"}],"curies":[{"name":"wp","href":"https:\/\/api.w.org\/{rel}","templated":true}]}}