{"id":20162,"date":"2024-03-14T18:56:14","date_gmt":"2024-03-14T16:56:14","guid":{"rendered":"https:\/\/tammetalu.eu\/?post_type=product&#038;p=20162"},"modified":"2026-04-21T13:26:56","modified_gmt":"2026-04-21T10:26:56","slug":"suur-mungalill-red-wonder","status":"publish","type":"product","link":"https:\/\/tammetalu.eu\/lv\/toode\/suur-mungalill-red-wonder\/","title":{"rendered":"Suur mungalill &#8220;Red Wonder&#8221;"},"content":{"rendered":"","protected":false},"excerpt":{"rendered":"<p><em>Tropaeolum majus<\/em><\/p>\n<p>Suure mungalille ehk rahvap\u00e4raselt kressi sordil &#8220;Red Wonder&#8221;\u00a0 lehed on tumerohelised veidi ruuge varjundiga ja \u00f5ied tumedamad punased. See mungalille sort kasvab kompaktse puhmikuna, mille laius on\u00a0 kuni 40 cm ja\u00a0 k\u00f5rgus kuni 30 cm. \u00d5itsemise aeg on juunist kuni s\u00fcgisk\u00fclmadeni v\u00e4lja. V\u00e4ga kaunis ja lihtsasti kasvatatv suvelill, maitsetaim, ravimtaim, mille kasvatamine on igati j\u00f5ukohane ka algajale aednikule. Kressi kasvamiseks sobib t\u00e4isp\u00e4ike kuni vari. Kasvab tavalises parasniiskes viljakas aiamullas. Saab kasvatada r\u00f5du- ja terrassitaimena potis. Sobib kasutada l\u00f5ikelillena.<\/p>\n<p>Kressi v\u00fcrtsika maitsega lehti, \u00f5isi, \u00f5iepungi ja noori seemneid saab kasutada toorelt, kuumt\u00f6\u00f6deldult ja ka erinevate hoidistena. Suurt mungalille kasutatakse rahvameditsiinis antiseptilise vahendina ja r\u00f6ga lahtistajana, kuseteede infektsioonide, rindkere k\u00fclmetushaiguste ja juuste v\u00e4ljalangemise korral.<\/p>\n<p>&nbsp;<\/p>\n","protected":false},"featured_media":20562,"template":"","meta":{"_acf_changed":false,"_et_pb_use_builder":"","_et_pb_old_content":"","_et_gb_content_width":"","inline_featured_image":false},"product_brand":[],"product_cat":[247,186,200],"product_tag":[],"class_list":{"0":"post-20162","1":"product","2":"type-product","3":"status-publish","4":"has-post-thumbnail","6":"product_cat-rohenappude-lemmikud","7":"product_cat-maitse-ja-ravimtaimede-istikud","8":"product_cat-muud-maitsetaimed","10":"first","11":"instock","12":"sale","13":"taxable","14":"shipping-taxable","15":"purchasable","16":"product-type-simple"},"acf":[],"yoast_head":"<!-- This site is optimized with the Yoast SEO plugin v26.4 - https:\/\/yoast.com\/wordpress\/plugins\/seo\/ -->\n<title>Suur mungalill &quot;Red Wonder&quot; - Tamme talu \u00fcrdiaed<\/title>\n<meta name=\"robots\" content=\"index, follow, max-snippet:-1, max-image-preview:large, max-video-preview:-1\" \/>\n<link rel=\"canonical\" href=\"https:\/\/tammetalu.eu\/toode\/suur-mungalill-red-wonder\/\" \/>\n<meta property=\"og:locale\" content=\"lv_LV\" \/>\n<meta property=\"og:type\" content=\"article\" \/>\n<meta property=\"og:title\" content=\"Suur mungalill &quot;Red Wonder&quot; - Tamme talu \u00fcrdiaed\" \/>\n<meta property=\"og:description\" content=\"Tropaeolum majus  Suure mungalille ehk rahvap\u00e4raselt kressi sordil &quot;Red Wonder&quot;\u00a0 lehed on tumerohelised veidi ruuge varjundiga ja \u00f5ied tumedamad punased. See mungalille sort kasvab kompaktse puhmikuna, mille laius on\u00a0 kuni 40 cm ja\u00a0 k\u00f5rgus kuni 30 cm. \u00d5itsemise aeg on juunist kuni s\u00fcgisk\u00fclmadeni v\u00e4lja. V\u00e4ga kaunis ja lihtsasti kasvatatv suvelill, maitsetaim, ravimtaim, mille kasvatamine on igati j\u00f5ukohane ka algajale aednikule. Kressi kasvamiseks sobib t\u00e4isp\u00e4ike kuni vari. Kasvab tavalises parasniiskes viljakas aiamullas. Saab kasvatada r\u00f5du- ja terrassitaimena potis. Sobib kasutada l\u00f5ikelillena.  Kressi v\u00fcrtsika maitsega lehti, \u00f5isi, \u00f5iepungi ja noori seemneid saab kasutada toorelt, kuumt\u00f6\u00f6deldult ja ka erinevate hoidistena. Suurt mungalille kasutatakse rahvameditsiinis antiseptilise vahendina ja r\u00f6ga lahtistajana, kuseteede infektsioonide, rindkere k\u00fclmetushaiguste ja juuste v\u00e4ljalangemise korral.  &nbsp;\" \/>\n<meta property=\"og:url\" content=\"https:\/\/tammetalu.eu\/toode\/suur-mungalill-red-wonder\/\" \/>\n<meta property=\"og:site_name\" content=\"Tamme talu \u00fcrdiaed\" \/>\n<meta property=\"article:publisher\" content=\"https:\/\/www.facebook.com\/TammeTaluUrdiaed\/?locale=et_EE\" \/>\n<meta property=\"article:modified_time\" content=\"2026-04-21T10:26:56+00:00\" \/>\n<meta property=\"og:image\" content=\"https:\/\/tammetalu.eu\/wp-content\/uploads\/2024\/03\/suur-mungalill-Tropaeolum-majus-red-wonder-tamme-talu-urdiaed.jpg\" \/>\n\t<meta property=\"og:image:width\" content=\"666\" \/>\n\t<meta property=\"og:image:height\" content=\"500\" \/>\n\t<meta property=\"og:image:type\" content=\"image\/jpeg\" \/>\n<meta name=\"twitter:card\" content=\"summary_large_image\" \/>\n<meta name=\"twitter:label1\" content=\"Est. reading time\" \/>\n\t<meta name=\"twitter:data1\" content=\"1 minute\" \/>\n<script type=\"application\/ld+json\" class=\"yoast-schema-graph\">{\"@context\":\"https:\/\/schema.org\",\"@graph\":[{\"@type\":\"WebPage\",\"@id\":\"https:\/\/tammetalu.eu\/toode\/suur-mungalill-red-wonder\/\",\"url\":\"https:\/\/tammetalu.eu\/toode\/suur-mungalill-red-wonder\/\",\"name\":\"Suur mungalill \\\"Red Wonder\\\" - Tamme talu \u00fcrdiaed\",\"isPartOf\":{\"@id\":\"https:\/\/tammetalu.eu\/#website\"},\"primaryImageOfPage\":{\"@id\":\"https:\/\/tammetalu.eu\/toode\/suur-mungalill-red-wonder\/#primaryimage\"},\"image\":{\"@id\":\"https:\/\/tammetalu.eu\/toode\/suur-mungalill-red-wonder\/#primaryimage\"},\"thumbnailUrl\":\"https:\/\/tammetalu.eu\/wp-content\/uploads\/2024\/03\/suur-mungalill-Tropaeolum-majus-red-wonder-tamme-talu-urdiaed.jpg\",\"datePublished\":\"2024-03-14T16:56:14+00:00\",\"dateModified\":\"2026-04-21T10:26:56+00:00\",\"breadcrumb\":{\"@id\":\"https:\/\/tammetalu.eu\/toode\/suur-mungalill-red-wonder\/#breadcrumb\"},\"inLanguage\":\"lv-LV\",\"potentialAction\":[{\"@type\":\"ReadAction\",\"target\":[\"https:\/\/tammetalu.eu\/toode\/suur-mungalill-red-wonder\/\"]}]},{\"@type\":\"ImageObject\",\"inLanguage\":\"lv-LV\",\"@id\":\"https:\/\/tammetalu.eu\/toode\/suur-mungalill-red-wonder\/#primaryimage\",\"url\":\"https:\/\/tammetalu.eu\/wp-content\/uploads\/2024\/03\/suur-mungalill-Tropaeolum-majus-red-wonder-tamme-talu-urdiaed.jpg\",\"contentUrl\":\"https:\/\/tammetalu.eu\/wp-content\/uploads\/2024\/03\/suur-mungalill-Tropaeolum-majus-red-wonder-tamme-talu-urdiaed.jpg\",\"width\":666,\"height\":500,\"caption\":\"suur-mungalill-Tropaeolum-majus-red-wonder-tamme-talu-urdiaed\"},{\"@type\":\"BreadcrumbList\",\"@id\":\"https:\/\/tammetalu.eu\/toode\/suur-mungalill-red-wonder\/#breadcrumb\",\"itemListElement\":[{\"@type\":\"ListItem\",\"position\":1,\"name\":\"Home\",\"item\":\"https:\/\/tammetalu.eu\/lv\/galvena-lapa\/\"},{\"@type\":\"ListItem\",\"position\":2,\"name\":\"Shop\",\"item\":\"https:\/\/tammetalu.eu\/lv\/shop\/\"},{\"@type\":\"ListItem\",\"position\":3,\"name\":\"Suur mungalill &#8220;Red Wonder&#8221;\"}]},{\"@type\":\"WebSite\",\"@id\":\"https:\/\/tammetalu.eu\/#website\",\"url\":\"https:\/\/tammetalu.eu\/\",\"name\":\"Tamme talu \u00fcrdiaed\",\"description\":\"K\u00e4sit\u00f6\u00f6na valmistatud tooted \u00fcrtidest, \u00fcrdiistikud, \u00fcrtide kollektsioonaed\",\"publisher\":{\"@id\":\"https:\/\/tammetalu.eu\/#organization\"},\"alternateName\":\"Tamme talu\",\"potentialAction\":[{\"@type\":\"SearchAction\",\"target\":{\"@type\":\"EntryPoint\",\"urlTemplate\":\"https:\/\/tammetalu.eu\/?s={search_term_string}\"},\"query-input\":{\"@type\":\"PropertyValueSpecification\",\"valueRequired\":true,\"valueName\":\"search_term_string\"}}],\"inLanguage\":\"lv-LV\"},{\"@type\":\"Organization\",\"@id\":\"https:\/\/tammetalu.eu\/#organization\",\"name\":\"Tamme talu \u00fcrdiaed\",\"alternateName\":\"Tamme talu\",\"url\":\"https:\/\/tammetalu.eu\/\",\"logo\":{\"@type\":\"ImageObject\",\"inLanguage\":\"lv-LV\",\"@id\":\"https:\/\/tammetalu.eu\/#\/schema\/logo\/image\/\",\"url\":\"https:\/\/tammetalu.eu\/wp-content\/uploads\/2025\/01\/Tamme_talu_urdiaed.png\",\"contentUrl\":\"https:\/\/tammetalu.eu\/wp-content\/uploads\/2025\/01\/Tamme_talu_urdiaed.png\",\"width\":560,\"height\":560,\"caption\":\"Tamme talu \u00fcrdiaed\"},\"image\":{\"@id\":\"https:\/\/tammetalu.eu\/#\/schema\/logo\/image\/\"},\"sameAs\":[\"https:\/\/www.facebook.com\/TammeTaluUrdiaed\/?locale=et_EE\",\"https:\/\/www.instagram.com\/tammetaluurdiaed\/\"]}]}<\/script>\n<!-- \/ Yoast SEO plugin. -->","yoast_head_json":{"title":"Suur mungalill \"Red Wonder\" - Tamme talu \u00fcrdiaed","robots":{"index":"index","follow":"follow","max-snippet":"max-snippet:-1","max-image-preview":"max-image-preview:large","max-video-preview":"max-video-preview:-1"},"canonical":"https:\/\/tammetalu.eu\/toode\/suur-mungalill-red-wonder\/","og_locale":"lv_LV","og_type":"article","og_title":"Suur mungalill \"Red Wonder\" - Tamme talu \u00fcrdiaed","og_description":"Tropaeolum majus  Suure mungalille ehk rahvap\u00e4raselt kressi sordil \"Red Wonder\"\u00a0 lehed on tumerohelised veidi ruuge varjundiga ja \u00f5ied tumedamad punased. See mungalille sort kasvab kompaktse puhmikuna, mille laius on\u00a0 kuni 40 cm ja\u00a0 k\u00f5rgus kuni 30 cm. \u00d5itsemise aeg on juunist kuni s\u00fcgisk\u00fclmadeni v\u00e4lja. V\u00e4ga kaunis ja lihtsasti kasvatatv suvelill, maitsetaim, ravimtaim, mille kasvatamine on igati j\u00f5ukohane ka algajale aednikule. Kressi kasvamiseks sobib t\u00e4isp\u00e4ike kuni vari. Kasvab tavalises parasniiskes viljakas aiamullas. Saab kasvatada r\u00f5du- ja terrassitaimena potis. Sobib kasutada l\u00f5ikelillena.  Kressi v\u00fcrtsika maitsega lehti, \u00f5isi, \u00f5iepungi ja noori seemneid saab kasutada toorelt, kuumt\u00f6\u00f6deldult ja ka erinevate hoidistena. Suurt mungalille kasutatakse rahvameditsiinis antiseptilise vahendina ja r\u00f6ga lahtistajana, kuseteede infektsioonide, rindkere k\u00fclmetushaiguste ja juuste v\u00e4ljalangemise korral.  &nbsp;","og_url":"https:\/\/tammetalu.eu\/toode\/suur-mungalill-red-wonder\/","og_site_name":"Tamme talu \u00fcrdiaed","article_publisher":"https:\/\/www.facebook.com\/TammeTaluUrdiaed\/?locale=et_EE","article_modified_time":"2026-04-21T10:26:56+00:00","og_image":[{"width":666,"height":500,"url":"https:\/\/tammetalu.eu\/wp-content\/uploads\/2024\/03\/suur-mungalill-Tropaeolum-majus-red-wonder-tamme-talu-urdiaed.jpg","type":"image\/jpeg"}],"twitter_card":"summary_large_image","twitter_misc":{"Est. reading time":"1 minute"},"schema":{"@context":"https:\/\/schema.org","@graph":[{"@type":"WebPage","@id":"https:\/\/tammetalu.eu\/toode\/suur-mungalill-red-wonder\/","url":"https:\/\/tammetalu.eu\/toode\/suur-mungalill-red-wonder\/","name":"Suur mungalill \"Red Wonder\" - Tamme talu \u00fcrdiaed","isPartOf":{"@id":"https:\/\/tammetalu.eu\/#website"},"primaryImageOfPage":{"@id":"https:\/\/tammetalu.eu\/toode\/suur-mungalill-red-wonder\/#primaryimage"},"image":{"@id":"https:\/\/tammetalu.eu\/toode\/suur-mungalill-red-wonder\/#primaryimage"},"thumbnailUrl":"https:\/\/tammetalu.eu\/wp-content\/uploads\/2024\/03\/suur-mungalill-Tropaeolum-majus-red-wonder-tamme-talu-urdiaed.jpg","datePublished":"2024-03-14T16:56:14+00:00","dateModified":"2026-04-21T10:26:56+00:00","breadcrumb":{"@id":"https:\/\/tammetalu.eu\/toode\/suur-mungalill-red-wonder\/#breadcrumb"},"inLanguage":"lv-LV","potentialAction":[{"@type":"ReadAction","target":["https:\/\/tammetalu.eu\/toode\/suur-mungalill-red-wonder\/"]}]},{"@type":"ImageObject","inLanguage":"lv-LV","@id":"https:\/\/tammetalu.eu\/toode\/suur-mungalill-red-wonder\/#primaryimage","url":"https:\/\/tammetalu.eu\/wp-content\/uploads\/2024\/03\/suur-mungalill-Tropaeolum-majus-red-wonder-tamme-talu-urdiaed.jpg","contentUrl":"https:\/\/tammetalu.eu\/wp-content\/uploads\/2024\/03\/suur-mungalill-Tropaeolum-majus-red-wonder-tamme-talu-urdiaed.jpg","width":666,"height":500,"caption":"suur-mungalill-Tropaeolum-majus-red-wonder-tamme-talu-urdiaed"},{"@type":"BreadcrumbList","@id":"https:\/\/tammetalu.eu\/toode\/suur-mungalill-red-wonder\/#breadcrumb","itemListElement":[{"@type":"ListItem","position":1,"name":"Home","item":"https:\/\/tammetalu.eu\/lv\/galvena-lapa\/"},{"@type":"ListItem","position":2,"name":"Shop","item":"https:\/\/tammetalu.eu\/lv\/shop\/"},{"@type":"ListItem","position":3,"name":"Suur mungalill &#8220;Red Wonder&#8221;"}]},{"@type":"WebSite","@id":"https:\/\/tammetalu.eu\/#website","url":"https:\/\/tammetalu.eu\/","name":"Tamme talu \u00fcrdiaed","description":"K\u00e4sit\u00f6\u00f6na valmistatud tooted \u00fcrtidest, \u00fcrdiistikud, \u00fcrtide kollektsioonaed","publisher":{"@id":"https:\/\/tammetalu.eu\/#organization"},"alternateName":"Tamme talu","potentialAction":[{"@type":"SearchAction","target":{"@type":"EntryPoint","urlTemplate":"https:\/\/tammetalu.eu\/?s={search_term_string}"},"query-input":{"@type":"PropertyValueSpecification","valueRequired":true,"valueName":"search_term_string"}}],"inLanguage":"lv-LV"},{"@type":"Organization","@id":"https:\/\/tammetalu.eu\/#organization","name":"Tamme talu \u00fcrdiaed","alternateName":"Tamme talu","url":"https:\/\/tammetalu.eu\/","logo":{"@type":"ImageObject","inLanguage":"lv-LV","@id":"https:\/\/tammetalu.eu\/#\/schema\/logo\/image\/","url":"https:\/\/tammetalu.eu\/wp-content\/uploads\/2025\/01\/Tamme_talu_urdiaed.png","contentUrl":"https:\/\/tammetalu.eu\/wp-content\/uploads\/2025\/01\/Tamme_talu_urdiaed.png","width":560,"height":560,"caption":"Tamme talu \u00fcrdiaed"},"image":{"@id":"https:\/\/tammetalu.eu\/#\/schema\/logo\/image\/"},"sameAs":["https:\/\/www.facebook.com\/TammeTaluUrdiaed\/?locale=et_EE","https:\/\/www.instagram.com\/tammetaluurdiaed\/"]}]}},"_links":{"self":[{"href":"https:\/\/tammetalu.eu\/lv\/wp-json\/wp\/v2\/product\/20162","targetHints":{"allow":["GET"]}}],"collection":[{"href":"https:\/\/tammetalu.eu\/lv\/wp-json\/wp\/v2\/product"}],"about":[{"href":"https:\/\/tammetalu.eu\/lv\/wp-json\/wp\/v2\/types\/product"}],"wp:featuredmedia":[{"embeddable":true,"href":"https:\/\/tammetalu.eu\/lv\/wp-json\/wp\/v2\/media\/20562"}],"wp:attachment":[{"href":"https:\/\/tammetalu.eu\/lv\/wp-json\/wp\/v2\/media?parent=20162"}],"wp:term":[{"taxonomy":"product_brand","embeddable":true,"href":"https:\/\/tammetalu.eu\/lv\/wp-json\/wp\/v2\/product_brand?post=20162"},{"taxonomy":"product_cat","embeddable":true,"href":"https:\/\/tammetalu.eu\/lv\/wp-json\/wp\/v2\/product_cat?post=20162"},{"taxonomy":"product_tag","embeddable":true,"href":"https:\/\/tammetalu.eu\/lv\/wp-json\/wp\/v2\/product_tag?post=20162"}],"curies":[{"name":"wp","href":"https:\/\/api.w.org\/{rel}","templated":true}]}}