{"id":20175,"date":"2024-03-15T12:58:33","date_gmt":"2024-03-15T10:58:33","guid":{"rendered":"https:\/\/tammetalu.eu\/?post_type=product&#038;p=20175"},"modified":"2026-04-18T23:02:38","modified_gmt":"2026-04-18T20:02:38","slug":"valge-ristik-angel-clover-jade","status":"publish","type":"product","link":"https:\/\/tammetalu.eu\/lv\/toode\/valge-ristik-angel-clover-jade\/","title":{"rendered":"Valge ristik Angel Clover &#8220;Jade&#8221;"},"content":{"rendered":"","protected":false},"excerpt":{"rendered":"<p><em>Trifolium repens<\/em><\/p>\n<p>\u00dclikena v\u00e4limusega valge ristiku sort &#8220;Jade&#8221; sordiseeriast Angel Clover &#8221; kasvab ca 25 cm k\u00f5rguseks. V\u00e4ga dekoratiivne lehestik, mis on terve hooaja terve ja vastupidav erinevatele ilmastikutingimustele. Juunist kuni augustini \u00f5itseb taim heleroosade \u00f5itega. On v\u00e4ga v\u00e4hen\u00f5udlik ja talvekindel p\u00fcsik kuivapoolse kuni parasniiske v\u00e4hemviljakama mullaga kasvupaika. LIsaks on taim v\u00e4ga silmapaisva v\u00e4limusega konteineri- v\u00f5i potitaim nii soolotaimena kui teiste suuremate taimede (n\u00e4iteks kannad) taustataimena. Annab v\u00e4ga toreda v\u00e4rvilaigu ka sellistesse kohtadesse, kus suvelilled veel ei \u00f5itse v\u00f5i ei taha h\u00e4sti edeneda.\u00a0 Sobib kasvama loodusaedadesse. Meelitab \u00f5itsemise ajal aeda hulgaliselt tolmeldajaid.<\/p>\n<p>Taime \u00f5isi ja noori lehti saab kasutada toitude ja jookide kaunistamiseks, v\u00e4rsketes rohelistes salatites v\u00f5i suppides.<\/p>\n<p>&nbsp;<\/p>\n<p>&nbsp;<\/p>\n","protected":false},"featured_media":20537,"template":"","meta":{"_acf_changed":false,"_et_pb_use_builder":"","_et_pb_old_content":"","_et_gb_content_width":"","inline_featured_image":false},"product_brand":[],"product_cat":[186,203],"product_tag":[],"class_list":{"0":"post-20175","1":"product","2":"type-product","3":"status-publish","4":"has-post-thumbnail","6":"product_cat-maitse-ja-ravimtaimede-istikud","7":"product_cat-ponevad-koogiviljad","9":"first","10":"instock","11":"sale","12":"taxable","13":"shipping-taxable","14":"purchasable","15":"product-type-simple"},"acf":[],"yoast_head":"<!-- This site is optimized with the Yoast SEO plugin v26.4 - https:\/\/yoast.com\/wordpress\/plugins\/seo\/ -->\n<title>Valge ristik Angel Clover &quot;Jade&quot; - Tamme talu \u00fcrdiaed<\/title>\n<meta name=\"robots\" content=\"index, follow, max-snippet:-1, max-image-preview:large, max-video-preview:-1\" \/>\n<link rel=\"canonical\" href=\"https:\/\/tammetalu.eu\/toode\/valge-ristik-angel-clover-jade\/\" \/>\n<meta property=\"og:locale\" content=\"lv_LV\" \/>\n<meta property=\"og:type\" content=\"article\" \/>\n<meta property=\"og:title\" content=\"Valge ristik Angel Clover &quot;Jade&quot; - Tamme talu \u00fcrdiaed\" \/>\n<meta property=\"og:description\" content=\"Trifolium repens  \u00dclikena v\u00e4limusega valge ristiku sort &quot;Jade&quot; sordiseeriast Angel Clover &quot; kasvab ca 25 cm k\u00f5rguseks. V\u00e4ga dekoratiivne lehestik, mis on terve hooaja terve ja vastupidav erinevatele ilmastikutingimustele. Juunist kuni augustini \u00f5itseb taim heleroosade \u00f5itega. On v\u00e4ga v\u00e4hen\u00f5udlik ja talvekindel p\u00fcsik kuivapoolse kuni parasniiske v\u00e4hemviljakama mullaga kasvupaika. LIsaks on taim v\u00e4ga silmapaisva v\u00e4limusega konteineri- v\u00f5i potitaim nii soolotaimena kui teiste suuremate taimede (n\u00e4iteks kannad) taustataimena. Annab v\u00e4ga toreda v\u00e4rvilaigu ka sellistesse kohtadesse, kus suvelilled veel ei \u00f5itse v\u00f5i ei taha h\u00e4sti edeneda.\u00a0 Sobib kasvama loodusaedadesse. Meelitab \u00f5itsemise ajal aeda hulgaliselt tolmeldajaid.  Taime \u00f5isi ja noori lehti saab kasutada toitude ja jookide kaunistamiseks, v\u00e4rsketes rohelistes salatites v\u00f5i suppides.  &nbsp;  &nbsp;\" \/>\n<meta property=\"og:url\" content=\"https:\/\/tammetalu.eu\/toode\/valge-ristik-angel-clover-jade\/\" \/>\n<meta property=\"og:site_name\" content=\"Tamme talu \u00fcrdiaed\" \/>\n<meta property=\"article:publisher\" content=\"https:\/\/www.facebook.com\/TammeTaluUrdiaed\/?locale=et_EE\" \/>\n<meta property=\"article:modified_time\" content=\"2026-04-18T20:02:38+00:00\" \/>\n<meta property=\"og:image\" content=\"https:\/\/tammetalu.eu\/wp-content\/uploads\/2024\/03\/valge-ristik-Trifolium-repens-angel-clover-jadel-tamme-talu-urdiaed-1.jpg\" \/>\n\t<meta property=\"og:image:width\" content=\"800\" \/>\n\t<meta property=\"og:image:height\" content=\"800\" \/>\n\t<meta property=\"og:image:type\" content=\"image\/jpeg\" \/>\n<meta name=\"twitter:card\" content=\"summary_large_image\" \/>\n<meta name=\"twitter:label1\" content=\"Est. reading time\" \/>\n\t<meta name=\"twitter:data1\" content=\"1 minute\" \/>\n<script type=\"application\/ld+json\" class=\"yoast-schema-graph\">{\"@context\":\"https:\/\/schema.org\",\"@graph\":[{\"@type\":\"WebPage\",\"@id\":\"https:\/\/tammetalu.eu\/toode\/valge-ristik-angel-clover-jade\/\",\"url\":\"https:\/\/tammetalu.eu\/toode\/valge-ristik-angel-clover-jade\/\",\"name\":\"Valge ristik Angel Clover \\\"Jade\\\" - Tamme talu \u00fcrdiaed\",\"isPartOf\":{\"@id\":\"https:\/\/tammetalu.eu\/#website\"},\"primaryImageOfPage\":{\"@id\":\"https:\/\/tammetalu.eu\/toode\/valge-ristik-angel-clover-jade\/#primaryimage\"},\"image\":{\"@id\":\"https:\/\/tammetalu.eu\/toode\/valge-ristik-angel-clover-jade\/#primaryimage\"},\"thumbnailUrl\":\"https:\/\/tammetalu.eu\/wp-content\/uploads\/2024\/03\/valge-ristik-Trifolium-repens-angel-clover-jadel-tamme-talu-urdiaed-1.jpg\",\"datePublished\":\"2024-03-15T10:58:33+00:00\",\"dateModified\":\"2026-04-18T20:02:38+00:00\",\"breadcrumb\":{\"@id\":\"https:\/\/tammetalu.eu\/toode\/valge-ristik-angel-clover-jade\/#breadcrumb\"},\"inLanguage\":\"lv-LV\",\"potentialAction\":[{\"@type\":\"ReadAction\",\"target\":[\"https:\/\/tammetalu.eu\/toode\/valge-ristik-angel-clover-jade\/\"]}]},{\"@type\":\"ImageObject\",\"inLanguage\":\"lv-LV\",\"@id\":\"https:\/\/tammetalu.eu\/toode\/valge-ristik-angel-clover-jade\/#primaryimage\",\"url\":\"https:\/\/tammetalu.eu\/wp-content\/uploads\/2024\/03\/valge-ristik-Trifolium-repens-angel-clover-jadel-tamme-talu-urdiaed-1.jpg\",\"contentUrl\":\"https:\/\/tammetalu.eu\/wp-content\/uploads\/2024\/03\/valge-ristik-Trifolium-repens-angel-clover-jadel-tamme-talu-urdiaed-1.jpg\",\"width\":800,\"height\":800,\"caption\":\"valge-ristik-Trifolium-repens-angel-clover-jadel-tamme-talu-urdiaed\"},{\"@type\":\"BreadcrumbList\",\"@id\":\"https:\/\/tammetalu.eu\/toode\/valge-ristik-angel-clover-jade\/#breadcrumb\",\"itemListElement\":[{\"@type\":\"ListItem\",\"position\":1,\"name\":\"Home\",\"item\":\"https:\/\/tammetalu.eu\/lv\/galvena-lapa\/\"},{\"@type\":\"ListItem\",\"position\":2,\"name\":\"Shop\",\"item\":\"https:\/\/tammetalu.eu\/lv\/shop\/\"},{\"@type\":\"ListItem\",\"position\":3,\"name\":\"Valge ristik Angel Clover &#8220;Jade&#8221;\"}]},{\"@type\":\"WebSite\",\"@id\":\"https:\/\/tammetalu.eu\/#website\",\"url\":\"https:\/\/tammetalu.eu\/\",\"name\":\"Tamme talu \u00fcrdiaed\",\"description\":\"K\u00e4sit\u00f6\u00f6na valmistatud tooted \u00fcrtidest, \u00fcrdiistikud, \u00fcrtide kollektsioonaed\",\"publisher\":{\"@id\":\"https:\/\/tammetalu.eu\/#organization\"},\"alternateName\":\"Tamme talu\",\"potentialAction\":[{\"@type\":\"SearchAction\",\"target\":{\"@type\":\"EntryPoint\",\"urlTemplate\":\"https:\/\/tammetalu.eu\/?s={search_term_string}\"},\"query-input\":{\"@type\":\"PropertyValueSpecification\",\"valueRequired\":true,\"valueName\":\"search_term_string\"}}],\"inLanguage\":\"lv-LV\"},{\"@type\":\"Organization\",\"@id\":\"https:\/\/tammetalu.eu\/#organization\",\"name\":\"Tamme talu \u00fcrdiaed\",\"alternateName\":\"Tamme talu\",\"url\":\"https:\/\/tammetalu.eu\/\",\"logo\":{\"@type\":\"ImageObject\",\"inLanguage\":\"lv-LV\",\"@id\":\"https:\/\/tammetalu.eu\/#\/schema\/logo\/image\/\",\"url\":\"https:\/\/tammetalu.eu\/wp-content\/uploads\/2025\/01\/Tamme_talu_urdiaed.png\",\"contentUrl\":\"https:\/\/tammetalu.eu\/wp-content\/uploads\/2025\/01\/Tamme_talu_urdiaed.png\",\"width\":560,\"height\":560,\"caption\":\"Tamme talu \u00fcrdiaed\"},\"image\":{\"@id\":\"https:\/\/tammetalu.eu\/#\/schema\/logo\/image\/\"},\"sameAs\":[\"https:\/\/www.facebook.com\/TammeTaluUrdiaed\/?locale=et_EE\",\"https:\/\/www.instagram.com\/tammetaluurdiaed\/\"]}]}<\/script>\n<!-- \/ Yoast SEO plugin. -->","yoast_head_json":{"title":"Valge ristik Angel Clover \"Jade\" - Tamme talu \u00fcrdiaed","robots":{"index":"index","follow":"follow","max-snippet":"max-snippet:-1","max-image-preview":"max-image-preview:large","max-video-preview":"max-video-preview:-1"},"canonical":"https:\/\/tammetalu.eu\/toode\/valge-ristik-angel-clover-jade\/","og_locale":"lv_LV","og_type":"article","og_title":"Valge ristik Angel Clover \"Jade\" - Tamme talu \u00fcrdiaed","og_description":"Trifolium repens  \u00dclikena v\u00e4limusega valge ristiku sort \"Jade\" sordiseeriast Angel Clover \" kasvab ca 25 cm k\u00f5rguseks. V\u00e4ga dekoratiivne lehestik, mis on terve hooaja terve ja vastupidav erinevatele ilmastikutingimustele. Juunist kuni augustini \u00f5itseb taim heleroosade \u00f5itega. On v\u00e4ga v\u00e4hen\u00f5udlik ja talvekindel p\u00fcsik kuivapoolse kuni parasniiske v\u00e4hemviljakama mullaga kasvupaika. LIsaks on taim v\u00e4ga silmapaisva v\u00e4limusega konteineri- v\u00f5i potitaim nii soolotaimena kui teiste suuremate taimede (n\u00e4iteks kannad) taustataimena. Annab v\u00e4ga toreda v\u00e4rvilaigu ka sellistesse kohtadesse, kus suvelilled veel ei \u00f5itse v\u00f5i ei taha h\u00e4sti edeneda.\u00a0 Sobib kasvama loodusaedadesse. Meelitab \u00f5itsemise ajal aeda hulgaliselt tolmeldajaid.  Taime \u00f5isi ja noori lehti saab kasutada toitude ja jookide kaunistamiseks, v\u00e4rsketes rohelistes salatites v\u00f5i suppides.  &nbsp;  &nbsp;","og_url":"https:\/\/tammetalu.eu\/toode\/valge-ristik-angel-clover-jade\/","og_site_name":"Tamme talu \u00fcrdiaed","article_publisher":"https:\/\/www.facebook.com\/TammeTaluUrdiaed\/?locale=et_EE","article_modified_time":"2026-04-18T20:02:38+00:00","og_image":[{"width":800,"height":800,"url":"https:\/\/tammetalu.eu\/wp-content\/uploads\/2024\/03\/valge-ristik-Trifolium-repens-angel-clover-jadel-tamme-talu-urdiaed-1.jpg","type":"image\/jpeg"}],"twitter_card":"summary_large_image","twitter_misc":{"Est. reading time":"1 minute"},"schema":{"@context":"https:\/\/schema.org","@graph":[{"@type":"WebPage","@id":"https:\/\/tammetalu.eu\/toode\/valge-ristik-angel-clover-jade\/","url":"https:\/\/tammetalu.eu\/toode\/valge-ristik-angel-clover-jade\/","name":"Valge ristik Angel Clover \"Jade\" - Tamme talu \u00fcrdiaed","isPartOf":{"@id":"https:\/\/tammetalu.eu\/#website"},"primaryImageOfPage":{"@id":"https:\/\/tammetalu.eu\/toode\/valge-ristik-angel-clover-jade\/#primaryimage"},"image":{"@id":"https:\/\/tammetalu.eu\/toode\/valge-ristik-angel-clover-jade\/#primaryimage"},"thumbnailUrl":"https:\/\/tammetalu.eu\/wp-content\/uploads\/2024\/03\/valge-ristik-Trifolium-repens-angel-clover-jadel-tamme-talu-urdiaed-1.jpg","datePublished":"2024-03-15T10:58:33+00:00","dateModified":"2026-04-18T20:02:38+00:00","breadcrumb":{"@id":"https:\/\/tammetalu.eu\/toode\/valge-ristik-angel-clover-jade\/#breadcrumb"},"inLanguage":"lv-LV","potentialAction":[{"@type":"ReadAction","target":["https:\/\/tammetalu.eu\/toode\/valge-ristik-angel-clover-jade\/"]}]},{"@type":"ImageObject","inLanguage":"lv-LV","@id":"https:\/\/tammetalu.eu\/toode\/valge-ristik-angel-clover-jade\/#primaryimage","url":"https:\/\/tammetalu.eu\/wp-content\/uploads\/2024\/03\/valge-ristik-Trifolium-repens-angel-clover-jadel-tamme-talu-urdiaed-1.jpg","contentUrl":"https:\/\/tammetalu.eu\/wp-content\/uploads\/2024\/03\/valge-ristik-Trifolium-repens-angel-clover-jadel-tamme-talu-urdiaed-1.jpg","width":800,"height":800,"caption":"valge-ristik-Trifolium-repens-angel-clover-jadel-tamme-talu-urdiaed"},{"@type":"BreadcrumbList","@id":"https:\/\/tammetalu.eu\/toode\/valge-ristik-angel-clover-jade\/#breadcrumb","itemListElement":[{"@type":"ListItem","position":1,"name":"Home","item":"https:\/\/tammetalu.eu\/lv\/galvena-lapa\/"},{"@type":"ListItem","position":2,"name":"Shop","item":"https:\/\/tammetalu.eu\/lv\/shop\/"},{"@type":"ListItem","position":3,"name":"Valge ristik Angel Clover &#8220;Jade&#8221;"}]},{"@type":"WebSite","@id":"https:\/\/tammetalu.eu\/#website","url":"https:\/\/tammetalu.eu\/","name":"Tamme talu \u00fcrdiaed","description":"K\u00e4sit\u00f6\u00f6na valmistatud tooted \u00fcrtidest, \u00fcrdiistikud, \u00fcrtide kollektsioonaed","publisher":{"@id":"https:\/\/tammetalu.eu\/#organization"},"alternateName":"Tamme talu","potentialAction":[{"@type":"SearchAction","target":{"@type":"EntryPoint","urlTemplate":"https:\/\/tammetalu.eu\/?s={search_term_string}"},"query-input":{"@type":"PropertyValueSpecification","valueRequired":true,"valueName":"search_term_string"}}],"inLanguage":"lv-LV"},{"@type":"Organization","@id":"https:\/\/tammetalu.eu\/#organization","name":"Tamme talu \u00fcrdiaed","alternateName":"Tamme talu","url":"https:\/\/tammetalu.eu\/","logo":{"@type":"ImageObject","inLanguage":"lv-LV","@id":"https:\/\/tammetalu.eu\/#\/schema\/logo\/image\/","url":"https:\/\/tammetalu.eu\/wp-content\/uploads\/2025\/01\/Tamme_talu_urdiaed.png","contentUrl":"https:\/\/tammetalu.eu\/wp-content\/uploads\/2025\/01\/Tamme_talu_urdiaed.png","width":560,"height":560,"caption":"Tamme talu \u00fcrdiaed"},"image":{"@id":"https:\/\/tammetalu.eu\/#\/schema\/logo\/image\/"},"sameAs":["https:\/\/www.facebook.com\/TammeTaluUrdiaed\/?locale=et_EE","https:\/\/www.instagram.com\/tammetaluurdiaed\/"]}]}},"_links":{"self":[{"href":"https:\/\/tammetalu.eu\/lv\/wp-json\/wp\/v2\/product\/20175","targetHints":{"allow":["GET"]}}],"collection":[{"href":"https:\/\/tammetalu.eu\/lv\/wp-json\/wp\/v2\/product"}],"about":[{"href":"https:\/\/tammetalu.eu\/lv\/wp-json\/wp\/v2\/types\/product"}],"wp:featuredmedia":[{"embeddable":true,"href":"https:\/\/tammetalu.eu\/lv\/wp-json\/wp\/v2\/media\/20537"}],"wp:attachment":[{"href":"https:\/\/tammetalu.eu\/lv\/wp-json\/wp\/v2\/media?parent=20175"}],"wp:term":[{"taxonomy":"product_brand","embeddable":true,"href":"https:\/\/tammetalu.eu\/lv\/wp-json\/wp\/v2\/product_brand?post=20175"},{"taxonomy":"product_cat","embeddable":true,"href":"https:\/\/tammetalu.eu\/lv\/wp-json\/wp\/v2\/product_cat?post=20175"},{"taxonomy":"product_tag","embeddable":true,"href":"https:\/\/tammetalu.eu\/lv\/wp-json\/wp\/v2\/product_tag?post=20175"}],"curies":[{"name":"wp","href":"https:\/\/api.w.org\/{rel}","templated":true}]}}