{"id":20191,"date":"2024-03-15T17:14:20","date_gmt":"2024-03-15T15:14:20","guid":{"rendered":"https:\/\/tammetalu.eu\/?post_type=product&#038;p=20191"},"modified":"2026-05-04T08:49:29","modified_gmt":"2026-05-04T05:49:29","slug":"sidrun-liivatee-doone-valley-aureo","status":"publish","type":"product","link":"https:\/\/tammetalu.eu\/lv\/toode\/sidrun-liivatee-doone-valley-aureo\/","title":{"rendered":"Sidrun-liivatee Thymus xcitriodorus &#8220;Doone Valley Aureo&#8221;"},"content":{"rendered":"<p>&nbsp;<\/p>\n<p>&nbsp;<\/p>\n<p>&nbsp;<\/p>\n","protected":false},"excerpt":{"rendered":"<p>Sidrun-liivatee <em>Thymus xcitriodorus <\/em>&#8220;Doone Valley Aureo&#8221;<\/p>\n<p>LAT: \u00a0Thymus xcitriodorus &#8220;Doone Valley Aureo&#8221;<\/p>\n<p>ENG: \u00a0Lemon thyme &#8220;Doone Valley Aureo&#8221;<\/p>\n<p>RU: \u0422\u0438\u043c\u044c\u044f\u043d \u043b\u0438\u043c\u043e\u043d\u043d\u043e\u043f\u0430\u0445\u043d\u0443\u0449\u0438\u0439 &#8220;Doone Valley Aureo&#8221;<\/p>\n<p>FI: \u00a0\u00a0Sitruuna-ajuruoho &#8220;Doone Valley Aureo&#8221;<\/p>\n<p>Sidrun-liivatee sort &#8220;Doone Valley Aureo&#8221; on sidruni j\u00e4rgi l\u00f5hnavate kollase-rohelise kirjude lehekestega liivatee, mis moodustab ilusa kompaktse padjandi. Taim ei n\u00f5ua palju hoolt kasvatamisel. Sobib eriti h\u00e4sti istutamiseks k\u00e4iguteede \u00e4\u00e4rde, kivide vahele, tugim\u00fc\u00fcridele ja kuiva liivase v\u00f5i kruusase mullaga peenrasse v\u00f5i kuiva liivase mullaga loodusaeda. \u00d5ied on sellel sordil heleroosad. Peale \u00f5itsemist v\u00f5ib ilusa kompaktse v\u00e4limuse taastamiseks padjandit k\u00e4rpida. Paljundada saab taime k\u00f5ige h\u00f5lpsamalt jagamise teel. T\u00e4iesti talvekindel.<\/p>\n<p>K\u00f6\u00f6gis sobib pea k\u00f5ikide roogade maitsestamiseks. Lisaks saab sidrun-liivateest valmistada v\u00e4ga maitsva tee. Liivatee lisatakse toitudele juba valmistamise ajal, kuna kannatab pikemat kuumutamist.<\/p>\n<p>Liivateed kasutatakse r\u00f6ga lahtistava\u00a0 ja mikroobivastase vahendina. Pidurdab k\u00f5hugaaside teket. Kasutatakse k\u00fclmetushaiguste korral, palavikulangetamiseks, uriinierituse soodustamiseks ja gripivaevuste v\u00e4hendamiseks. V\u00e4lispidiselt kasutatakse kompressi ja vannina, sest liivateel on liigesep\u00f5letikku vaigistav toime. Liivatee aur leevendab kuiva k\u00f6ha.<\/p>\n<p>K\u00f5rgus: kuni 0,15 m<\/p>\n<p>\u00d5itsemise aeg: VI-VII<\/p>\n<p>Talvekindlus: T\u00e4iesti talvekindel<\/p>\n<p>Poti suurus: 9-11<\/p>\n<p>&nbsp;<\/p>\n","protected":false},"featured_media":23767,"template":"","meta":{"_acf_changed":false,"_et_pb_use_builder":"","_et_pb_old_content":"","_et_gb_content_width":"","inline_featured_image":false},"product_brand":[],"product_cat":[194,186],"product_tag":[],"class_list":{"0":"post-20191","1":"product","2":"type-product","3":"status-publish","4":"has-post-thumbnail","6":"product_cat-liivateed","7":"product_cat-maitse-ja-ravimtaimede-istikud","9":"first","10":"instock","11":"taxable","12":"shipping-taxable","13":"purchasable","14":"product-type-simple"},"acf":[],"yoast_head":"<!-- This site is optimized with the Yoast SEO plugin v27.5 - https:\/\/yoast.com\/product\/yoast-seo-wordpress\/ -->\n<title>Sidrun-liivatee Thymus xcitriodorus &quot;Doone Valley Aureo&quot; - Tamme talu \u00fcrdiaed<\/title>\n<meta name=\"description\" content=\"Sidrun-liivatee &quot;Doone Valley Aureo&quot; on rohelise-kollase kirju sidruni l\u00f5hnalise lehestikuga v\u00e4ga tihe ja aromaatne sidrunliivatee sort. Kasvab h\u00e4sti vett l\u00e4bilaskvas liivases mullas. Armastab t\u00e4isp\u00e4ikeselist kasvukohta, kuid lepib ka poolvarjuga.\" \/>\n<meta name=\"robots\" content=\"index, follow, max-snippet:-1, max-image-preview:large, max-video-preview:-1\" \/>\n<link rel=\"canonical\" href=\"https:\/\/tammetalu.eu\/toode\/sidrun-liivatee-doone-valley-aureo\/\" \/>\n<meta property=\"og:locale\" content=\"lv_LV\" \/>\n<meta property=\"og:type\" content=\"article\" \/>\n<meta property=\"og:title\" content=\"Sidrun-liivatee Thymus xcitriodorus &quot;Doone Valley Aureo&quot; - Tamme talu \u00fcrdiaed\" \/>\n<meta property=\"og:description\" content=\"Sidrun-liivatee &quot;Doone Valley Aureo&quot; on rohelise-kollase kirju sidruni l\u00f5hnalise lehestikuga v\u00e4ga tihe ja aromaatne sidrunliivatee sort. Kasvab h\u00e4sti vett l\u00e4bilaskvas liivases mullas. Armastab t\u00e4isp\u00e4ikeselist kasvukohta, kuid lepib ka poolvarjuga.\" \/>\n<meta property=\"og:url\" content=\"https:\/\/tammetalu.eu\/toode\/sidrun-liivatee-doone-valley-aureo\/\" \/>\n<meta property=\"og:site_name\" content=\"Tamme talu \u00fcrdiaed\" \/>\n<meta property=\"article:publisher\" content=\"https:\/\/www.facebook.com\/TammeTaluUrdiaed\/?locale=et_EE\" \/>\n<meta property=\"article:modified_time\" content=\"2026-05-04T05:49:29+00:00\" \/>\n<meta property=\"og:image\" content=\"https:\/\/tammetalu.eu\/wp-content\/uploads\/2024\/03\/Sidrun-liivatee_Thymus_Doone_Valley_Aureo_Tamme_Talu_urdiaed-1.jpg\" \/>\n\t<meta property=\"og:image:width\" content=\"895\" \/>\n\t<meta property=\"og:image:height\" content=\"928\" \/>\n\t<meta property=\"og:image:type\" content=\"image\/jpeg\" \/>\n<meta name=\"twitter:card\" content=\"summary_large_image\" \/>\n<meta name=\"twitter:label1\" content=\"Est. reading time\" \/>\n\t<meta name=\"twitter:data1\" content=\"1 minute\" \/>\n<script type=\"application\/ld+json\" class=\"yoast-schema-graph\">{\"@context\":\"https:\\\/\\\/schema.org\",\"@graph\":[{\"@type\":\"WebPage\",\"@id\":\"https:\\\/\\\/tammetalu.eu\\\/toode\\\/sidrun-liivatee-doone-valley-aureo\\\/\",\"url\":\"https:\\\/\\\/tammetalu.eu\\\/toode\\\/sidrun-liivatee-doone-valley-aureo\\\/\",\"name\":\"Sidrun-liivatee Thymus xcitriodorus \\\"Doone Valley Aureo\\\" - Tamme talu \u00fcrdiaed\",\"isPartOf\":{\"@id\":\"https:\\\/\\\/tammetalu.eu\\\/#website\"},\"primaryImageOfPage\":{\"@id\":\"https:\\\/\\\/tammetalu.eu\\\/toode\\\/sidrun-liivatee-doone-valley-aureo\\\/#primaryimage\"},\"image\":{\"@id\":\"https:\\\/\\\/tammetalu.eu\\\/toode\\\/sidrun-liivatee-doone-valley-aureo\\\/#primaryimage\"},\"thumbnailUrl\":\"https:\\\/\\\/tammetalu.eu\\\/wp-content\\\/uploads\\\/2024\\\/03\\\/Sidrun-liivatee_Thymus_Doone_Valley_Aureo_Tamme_Talu_urdiaed-1.jpg\",\"datePublished\":\"2024-03-15T15:14:20+00:00\",\"dateModified\":\"2026-05-04T05:49:29+00:00\",\"description\":\"Sidrun-liivatee \\\"Doone Valley Aureo\\\" on rohelise-kollase kirju sidruni l\u00f5hnalise lehestikuga v\u00e4ga tihe ja aromaatne sidrunliivatee sort. Kasvab h\u00e4sti vett l\u00e4bilaskvas liivases mullas. Armastab t\u00e4isp\u00e4ikeselist kasvukohta, kuid lepib ka poolvarjuga.\",\"breadcrumb\":{\"@id\":\"https:\\\/\\\/tammetalu.eu\\\/toode\\\/sidrun-liivatee-doone-valley-aureo\\\/#breadcrumb\"},\"inLanguage\":\"lv-LV\",\"potentialAction\":[{\"@type\":\"ReadAction\",\"target\":[\"https:\\\/\\\/tammetalu.eu\\\/toode\\\/sidrun-liivatee-doone-valley-aureo\\\/\"]}]},{\"@type\":\"ImageObject\",\"inLanguage\":\"lv-LV\",\"@id\":\"https:\\\/\\\/tammetalu.eu\\\/toode\\\/sidrun-liivatee-doone-valley-aureo\\\/#primaryimage\",\"url\":\"https:\\\/\\\/tammetalu.eu\\\/wp-content\\\/uploads\\\/2024\\\/03\\\/Sidrun-liivatee_Thymus_Doone_Valley_Aureo_Tamme_Talu_urdiaed-1.jpg\",\"contentUrl\":\"https:\\\/\\\/tammetalu.eu\\\/wp-content\\\/uploads\\\/2024\\\/03\\\/Sidrun-liivatee_Thymus_Doone_Valley_Aureo_Tamme_Talu_urdiaed-1.jpg\",\"width\":895,\"height\":928,\"caption\":\"Sidrun-liivatee_Thymus_Doone_Valley_Aureo_Tamme_Talu_urdiaed\"},{\"@type\":\"BreadcrumbList\",\"@id\":\"https:\\\/\\\/tammetalu.eu\\\/toode\\\/sidrun-liivatee-doone-valley-aureo\\\/#breadcrumb\",\"itemListElement\":[{\"@type\":\"ListItem\",\"position\":1,\"name\":\"Home\",\"item\":\"https:\\\/\\\/tammetalu.eu\\\/lv\\\/galvena-lapa\\\/\"},{\"@type\":\"ListItem\",\"position\":2,\"name\":\"Shop\",\"item\":\"https:\\\/\\\/tammetalu.eu\\\/lv\\\/shop\\\/\"},{\"@type\":\"ListItem\",\"position\":3,\"name\":\"Sidrun-liivatee Thymus xcitriodorus &#8220;Doone Valley Aureo&#8221;\"}]},{\"@type\":\"WebSite\",\"@id\":\"https:\\\/\\\/tammetalu.eu\\\/#website\",\"url\":\"https:\\\/\\\/tammetalu.eu\\\/\",\"name\":\"Tamme talu \u00fcrdiaed\",\"description\":\"K\u00e4sit\u00f6\u00f6na valmistatud tooted \u00fcrtidest, \u00fcrdiistikud, \u00fcrtide kollektsioonaed\",\"publisher\":{\"@id\":\"https:\\\/\\\/tammetalu.eu\\\/#organization\"},\"alternateName\":\"Tamme talu\",\"potentialAction\":[{\"@type\":\"SearchAction\",\"target\":{\"@type\":\"EntryPoint\",\"urlTemplate\":\"https:\\\/\\\/tammetalu.eu\\\/?s={search_term_string}\"},\"query-input\":{\"@type\":\"PropertyValueSpecification\",\"valueRequired\":true,\"valueName\":\"search_term_string\"}}],\"inLanguage\":\"lv-LV\"},{\"@type\":\"Organization\",\"@id\":\"https:\\\/\\\/tammetalu.eu\\\/#organization\",\"name\":\"Tamme talu \u00fcrdiaed\",\"alternateName\":\"Tamme talu\",\"url\":\"https:\\\/\\\/tammetalu.eu\\\/\",\"logo\":{\"@type\":\"ImageObject\",\"inLanguage\":\"lv-LV\",\"@id\":\"https:\\\/\\\/tammetalu.eu\\\/#\\\/schema\\\/logo\\\/image\\\/\",\"url\":\"https:\\\/\\\/tammetalu.eu\\\/wp-content\\\/uploads\\\/2025\\\/01\\\/Tamme_talu_urdiaed.png\",\"contentUrl\":\"https:\\\/\\\/tammetalu.eu\\\/wp-content\\\/uploads\\\/2025\\\/01\\\/Tamme_talu_urdiaed.png\",\"width\":560,\"height\":560,\"caption\":\"Tamme talu \u00fcrdiaed\"},\"image\":{\"@id\":\"https:\\\/\\\/tammetalu.eu\\\/#\\\/schema\\\/logo\\\/image\\\/\"},\"sameAs\":[\"https:\\\/\\\/www.facebook.com\\\/TammeTaluUrdiaed\\\/?locale=et_EE\",\"https:\\\/\\\/www.instagram.com\\\/tammetaluurdiaed\\\/\"]}]}<\/script>\n<!-- \/ Yoast SEO plugin. -->","yoast_head_json":{"title":"Sidrun-liivatee Thymus xcitriodorus \"Doone Valley Aureo\" - Tamme talu \u00fcrdiaed","description":"Sidrun-liivatee \"Doone Valley Aureo\" on rohelise-kollase kirju sidruni l\u00f5hnalise lehestikuga v\u00e4ga tihe ja aromaatne sidrunliivatee sort. Kasvab h\u00e4sti vett l\u00e4bilaskvas liivases mullas. Armastab t\u00e4isp\u00e4ikeselist kasvukohta, kuid lepib ka poolvarjuga.","robots":{"index":"index","follow":"follow","max-snippet":"max-snippet:-1","max-image-preview":"max-image-preview:large","max-video-preview":"max-video-preview:-1"},"canonical":"https:\/\/tammetalu.eu\/toode\/sidrun-liivatee-doone-valley-aureo\/","og_locale":"lv_LV","og_type":"article","og_title":"Sidrun-liivatee Thymus xcitriodorus \"Doone Valley Aureo\" - Tamme talu \u00fcrdiaed","og_description":"Sidrun-liivatee \"Doone Valley Aureo\" on rohelise-kollase kirju sidruni l\u00f5hnalise lehestikuga v\u00e4ga tihe ja aromaatne sidrunliivatee sort. Kasvab h\u00e4sti vett l\u00e4bilaskvas liivases mullas. Armastab t\u00e4isp\u00e4ikeselist kasvukohta, kuid lepib ka poolvarjuga.","og_url":"https:\/\/tammetalu.eu\/toode\/sidrun-liivatee-doone-valley-aureo\/","og_site_name":"Tamme talu \u00fcrdiaed","article_publisher":"https:\/\/www.facebook.com\/TammeTaluUrdiaed\/?locale=et_EE","article_modified_time":"2026-05-04T05:49:29+00:00","og_image":[{"width":895,"height":928,"url":"https:\/\/tammetalu.eu\/wp-content\/uploads\/2024\/03\/Sidrun-liivatee_Thymus_Doone_Valley_Aureo_Tamme_Talu_urdiaed-1.jpg","type":"image\/jpeg"}],"twitter_card":"summary_large_image","twitter_misc":{"Est. reading time":"1 minute"},"schema":{"@context":"https:\/\/schema.org","@graph":[{"@type":"WebPage","@id":"https:\/\/tammetalu.eu\/toode\/sidrun-liivatee-doone-valley-aureo\/","url":"https:\/\/tammetalu.eu\/toode\/sidrun-liivatee-doone-valley-aureo\/","name":"Sidrun-liivatee Thymus xcitriodorus \"Doone Valley Aureo\" - Tamme talu \u00fcrdiaed","isPartOf":{"@id":"https:\/\/tammetalu.eu\/#website"},"primaryImageOfPage":{"@id":"https:\/\/tammetalu.eu\/toode\/sidrun-liivatee-doone-valley-aureo\/#primaryimage"},"image":{"@id":"https:\/\/tammetalu.eu\/toode\/sidrun-liivatee-doone-valley-aureo\/#primaryimage"},"thumbnailUrl":"https:\/\/tammetalu.eu\/wp-content\/uploads\/2024\/03\/Sidrun-liivatee_Thymus_Doone_Valley_Aureo_Tamme_Talu_urdiaed-1.jpg","datePublished":"2024-03-15T15:14:20+00:00","dateModified":"2026-05-04T05:49:29+00:00","description":"Sidrun-liivatee \"Doone Valley Aureo\" on rohelise-kollase kirju sidruni l\u00f5hnalise lehestikuga v\u00e4ga tihe ja aromaatne sidrunliivatee sort. Kasvab h\u00e4sti vett l\u00e4bilaskvas liivases mullas. Armastab t\u00e4isp\u00e4ikeselist kasvukohta, kuid lepib ka poolvarjuga.","breadcrumb":{"@id":"https:\/\/tammetalu.eu\/toode\/sidrun-liivatee-doone-valley-aureo\/#breadcrumb"},"inLanguage":"lv-LV","potentialAction":[{"@type":"ReadAction","target":["https:\/\/tammetalu.eu\/toode\/sidrun-liivatee-doone-valley-aureo\/"]}]},{"@type":"ImageObject","inLanguage":"lv-LV","@id":"https:\/\/tammetalu.eu\/toode\/sidrun-liivatee-doone-valley-aureo\/#primaryimage","url":"https:\/\/tammetalu.eu\/wp-content\/uploads\/2024\/03\/Sidrun-liivatee_Thymus_Doone_Valley_Aureo_Tamme_Talu_urdiaed-1.jpg","contentUrl":"https:\/\/tammetalu.eu\/wp-content\/uploads\/2024\/03\/Sidrun-liivatee_Thymus_Doone_Valley_Aureo_Tamme_Talu_urdiaed-1.jpg","width":895,"height":928,"caption":"Sidrun-liivatee_Thymus_Doone_Valley_Aureo_Tamme_Talu_urdiaed"},{"@type":"BreadcrumbList","@id":"https:\/\/tammetalu.eu\/toode\/sidrun-liivatee-doone-valley-aureo\/#breadcrumb","itemListElement":[{"@type":"ListItem","position":1,"name":"Home","item":"https:\/\/tammetalu.eu\/lv\/galvena-lapa\/"},{"@type":"ListItem","position":2,"name":"Shop","item":"https:\/\/tammetalu.eu\/lv\/shop\/"},{"@type":"ListItem","position":3,"name":"Sidrun-liivatee Thymus xcitriodorus &#8220;Doone Valley Aureo&#8221;"}]},{"@type":"WebSite","@id":"https:\/\/tammetalu.eu\/#website","url":"https:\/\/tammetalu.eu\/","name":"Tamme talu \u00fcrdiaed","description":"K\u00e4sit\u00f6\u00f6na valmistatud tooted \u00fcrtidest, \u00fcrdiistikud, \u00fcrtide kollektsioonaed","publisher":{"@id":"https:\/\/tammetalu.eu\/#organization"},"alternateName":"Tamme talu","potentialAction":[{"@type":"SearchAction","target":{"@type":"EntryPoint","urlTemplate":"https:\/\/tammetalu.eu\/?s={search_term_string}"},"query-input":{"@type":"PropertyValueSpecification","valueRequired":true,"valueName":"search_term_string"}}],"inLanguage":"lv-LV"},{"@type":"Organization","@id":"https:\/\/tammetalu.eu\/#organization","name":"Tamme talu \u00fcrdiaed","alternateName":"Tamme talu","url":"https:\/\/tammetalu.eu\/","logo":{"@type":"ImageObject","inLanguage":"lv-LV","@id":"https:\/\/tammetalu.eu\/#\/schema\/logo\/image\/","url":"https:\/\/tammetalu.eu\/wp-content\/uploads\/2025\/01\/Tamme_talu_urdiaed.png","contentUrl":"https:\/\/tammetalu.eu\/wp-content\/uploads\/2025\/01\/Tamme_talu_urdiaed.png","width":560,"height":560,"caption":"Tamme talu \u00fcrdiaed"},"image":{"@id":"https:\/\/tammetalu.eu\/#\/schema\/logo\/image\/"},"sameAs":["https:\/\/www.facebook.com\/TammeTaluUrdiaed\/?locale=et_EE","https:\/\/www.instagram.com\/tammetaluurdiaed\/"]}]}},"_links":{"self":[{"href":"https:\/\/tammetalu.eu\/lv\/wp-json\/wp\/v2\/product\/20191","targetHints":{"allow":["GET"]}}],"collection":[{"href":"https:\/\/tammetalu.eu\/lv\/wp-json\/wp\/v2\/product"}],"about":[{"href":"https:\/\/tammetalu.eu\/lv\/wp-json\/wp\/v2\/types\/product"}],"wp:featuredmedia":[{"embeddable":true,"href":"https:\/\/tammetalu.eu\/lv\/wp-json\/wp\/v2\/media\/23767"}],"wp:attachment":[{"href":"https:\/\/tammetalu.eu\/lv\/wp-json\/wp\/v2\/media?parent=20191"}],"wp:term":[{"taxonomy":"product_brand","embeddable":true,"href":"https:\/\/tammetalu.eu\/lv\/wp-json\/wp\/v2\/product_brand?post=20191"},{"taxonomy":"product_cat","embeddable":true,"href":"https:\/\/tammetalu.eu\/lv\/wp-json\/wp\/v2\/product_cat?post=20191"},{"taxonomy":"product_tag","embeddable":true,"href":"https:\/\/tammetalu.eu\/lv\/wp-json\/wp\/v2\/product_tag?post=20191"}],"curies":[{"name":"wp","href":"https:\/\/api.w.org\/{rel}","templated":true}]}}