{"id":20249,"date":"2024-03-30T12:55:18","date_gmt":"2024-03-30T10:55:18","guid":{"rendered":"https:\/\/tammetalu.eu\/?post_type=product&#038;p=20249"},"modified":"2026-02-02T15:14:37","modified_gmt":"2026-02-02T13:14:37","slug":"lemmoni-peiulill","status":"publish","type":"product","link":"https:\/\/tammetalu.eu\/lv\/toode\/lemmoni-peiulill\/","title":{"rendered":"Lemmoni peiulill"},"content":{"rendered":"","protected":false},"excerpt":{"rendered":"<p><em>Tagetes lemmonii<\/em><\/p>\n<p>V\u00e4ga aromaatse l\u00f5hna ja hea maitsega kollaste \u00f5isikutega\u00a0 meil \u00fcheaastane maitse, ilu- ja ravimtaim. Kutsutakse Mehhiko peiulilleks, kuna p\u00e4ritolult on ta looduslik liik P\u00f5hja-Ameerikast. K\u00f5rgus v\u00f5ib k\u00fc\u00fcndida taimele sobivates kasvuoludes kuni 1,2 meetrini.\u00a0 Maitse ja aroom v\u00e4ga sarnane sidrunile. Lemmoni peiulill kasvab tavalises aiamullas p\u00e4ikeselisel v\u00f5i poolvarjulisel kasvukohal.<\/p>\n<p>Rahvameditsiinis kasutatakse lemmoni peiulille seedeprobleemide, isutuse, k\u00f5huvalu ja k\u00f6ha ning k\u00fclmetuse korral.<\/p>\n<p>Lemmoni peiulille kuivatatud lehti kasutatakse suppide ja kastmete maitsestamiseks ning neil on lisaks tsitruse maitsele \u00f5unane j\u00e4relmaitse. Aromaatsed \u00f5ied on s\u00f6\u00f6davad ning neid kasutatakse k\u00f6\u00f6gis maitse- ja lisandina nii magusate kui soolaste toitude juures.<\/p>\n<p>&nbsp;<\/p>\n","protected":false},"featured_media":20356,"template":"","meta":{"_acf_changed":false,"_et_pb_use_builder":"","_et_pb_old_content":"","_et_gb_content_width":"","inline_featured_image":false},"product_brand":[],"product_cat":[186,200],"product_tag":[],"class_list":{"0":"post-20249","1":"product","2":"type-product","3":"status-publish","4":"has-post-thumbnail","6":"product_cat-maitse-ja-ravimtaimede-istikud","7":"product_cat-muud-maitsetaimed","9":"first","10":"outofstock","11":"sale","12":"taxable","13":"shipping-taxable","14":"purchasable","15":"product-type-simple"},"acf":[],"yoast_head":"<!-- This site is optimized with the Yoast SEO plugin v26.4 - https:\/\/yoast.com\/wordpress\/plugins\/seo\/ -->\n<title>Lemmoni peiulill - Tamme talu \u00fcrdiaed<\/title>\n<meta name=\"robots\" content=\"index, follow, max-snippet:-1, max-image-preview:large, max-video-preview:-1\" \/>\n<link rel=\"canonical\" href=\"https:\/\/tammetalu.eu\/toode\/lemmoni-peiulill\/\" \/>\n<meta property=\"og:locale\" content=\"lv_LV\" \/>\n<meta property=\"og:type\" content=\"article\" \/>\n<meta property=\"og:title\" content=\"Lemmoni peiulill - Tamme talu \u00fcrdiaed\" \/>\n<meta property=\"og:description\" content=\"Tagetes lemmonii  V\u00e4ga aromaatse l\u00f5hna ja hea maitsega kollaste \u00f5isikutega\u00a0 meil \u00fcheaastane maitse, ilu- ja ravimtaim. Kutsutakse Mehhiko peiulilleks, kuna p\u00e4ritolult on ta looduslik liik P\u00f5hja-Ameerikast. K\u00f5rgus v\u00f5ib k\u00fc\u00fcndida taimele sobivates kasvuoludes kuni 1,2 meetrini.\u00a0 Maitse ja aroom v\u00e4ga sarnane sidrunile. Lemmoni peiulill kasvab tavalises aiamullas p\u00e4ikeselisel v\u00f5i poolvarjulisel kasvukohal.  Rahvameditsiinis kasutatakse lemmoni peiulille seedeprobleemide, isutuse, k\u00f5huvalu ja k\u00f6ha ning k\u00fclmetuse korral.  Lemmoni peiulille kuivatatud lehti kasutatakse suppide ja kastmete maitsestamiseks ning neil on lisaks tsitruse maitsele \u00f5unane j\u00e4relmaitse. Aromaatsed \u00f5ied on s\u00f6\u00f6davad ning neid kasutatakse k\u00f6\u00f6gis maitse- ja lisandina nii magusate kui soolaste toitude juures.  &nbsp;\" \/>\n<meta property=\"og:url\" content=\"https:\/\/tammetalu.eu\/toode\/lemmoni-peiulill\/\" \/>\n<meta property=\"og:site_name\" content=\"Tamme talu \u00fcrdiaed\" \/>\n<meta property=\"article:publisher\" content=\"https:\/\/www.facebook.com\/TammeTaluUrdiaed\/?locale=et_EE\" \/>\n<meta property=\"article:modified_time\" content=\"2026-02-02T13:14:37+00:00\" \/>\n<meta property=\"og:image\" content=\"https:\/\/tammetalu.eu\/wp-content\/uploads\/2024\/03\/lemmoni-peiulill-tagetes-lemmonii-tamme-talu-urdiaed.jpg\" \/>\n\t<meta property=\"og:image:width\" content=\"894\" \/>\n\t<meta property=\"og:image:height\" content=\"662\" \/>\n\t<meta property=\"og:image:type\" content=\"image\/jpeg\" \/>\n<meta name=\"twitter:card\" content=\"summary_large_image\" \/>\n<meta name=\"twitter:label1\" content=\"Est. reading time\" \/>\n\t<meta name=\"twitter:data1\" content=\"1 minute\" \/>\n<script type=\"application\/ld+json\" class=\"yoast-schema-graph\">{\"@context\":\"https:\/\/schema.org\",\"@graph\":[{\"@type\":\"WebPage\",\"@id\":\"https:\/\/tammetalu.eu\/toode\/lemmoni-peiulill\/\",\"url\":\"https:\/\/tammetalu.eu\/toode\/lemmoni-peiulill\/\",\"name\":\"Lemmoni peiulill - Tamme talu \u00fcrdiaed\",\"isPartOf\":{\"@id\":\"https:\/\/tammetalu.eu\/#website\"},\"primaryImageOfPage\":{\"@id\":\"https:\/\/tammetalu.eu\/toode\/lemmoni-peiulill\/#primaryimage\"},\"image\":{\"@id\":\"https:\/\/tammetalu.eu\/toode\/lemmoni-peiulill\/#primaryimage\"},\"thumbnailUrl\":\"https:\/\/tammetalu.eu\/wp-content\/uploads\/2024\/03\/lemmoni-peiulill-tagetes-lemmonii-tamme-talu-urdiaed.jpg\",\"datePublished\":\"2024-03-30T10:55:18+00:00\",\"dateModified\":\"2026-02-02T13:14:37+00:00\",\"breadcrumb\":{\"@id\":\"https:\/\/tammetalu.eu\/toode\/lemmoni-peiulill\/#breadcrumb\"},\"inLanguage\":\"lv-LV\",\"potentialAction\":[{\"@type\":\"ReadAction\",\"target\":[\"https:\/\/tammetalu.eu\/toode\/lemmoni-peiulill\/\"]}]},{\"@type\":\"ImageObject\",\"inLanguage\":\"lv-LV\",\"@id\":\"https:\/\/tammetalu.eu\/toode\/lemmoni-peiulill\/#primaryimage\",\"url\":\"https:\/\/tammetalu.eu\/wp-content\/uploads\/2024\/03\/lemmoni-peiulill-tagetes-lemmonii-tamme-talu-urdiaed.jpg\",\"contentUrl\":\"https:\/\/tammetalu.eu\/wp-content\/uploads\/2024\/03\/lemmoni-peiulill-tagetes-lemmonii-tamme-talu-urdiaed.jpg\",\"width\":894,\"height\":662,\"caption\":\"lemmoni-peiulill-tagetes-lemmonii-tamme-talu-urdiaed\"},{\"@type\":\"BreadcrumbList\",\"@id\":\"https:\/\/tammetalu.eu\/toode\/lemmoni-peiulill\/#breadcrumb\",\"itemListElement\":[{\"@type\":\"ListItem\",\"position\":1,\"name\":\"Home\",\"item\":\"https:\/\/tammetalu.eu\/lv\/galvena-lapa\/\"},{\"@type\":\"ListItem\",\"position\":2,\"name\":\"Shop\",\"item\":\"https:\/\/tammetalu.eu\/lv\/shop\/\"},{\"@type\":\"ListItem\",\"position\":3,\"name\":\"Lemmoni peiulill\"}]},{\"@type\":\"WebSite\",\"@id\":\"https:\/\/tammetalu.eu\/#website\",\"url\":\"https:\/\/tammetalu.eu\/\",\"name\":\"Tamme talu \u00fcrdiaed\",\"description\":\"K\u00e4sit\u00f6\u00f6na valmistatud tooted \u00fcrtidest, \u00fcrdiistikud, \u00fcrtide kollektsioonaed\",\"publisher\":{\"@id\":\"https:\/\/tammetalu.eu\/#organization\"},\"alternateName\":\"Tamme talu\",\"potentialAction\":[{\"@type\":\"SearchAction\",\"target\":{\"@type\":\"EntryPoint\",\"urlTemplate\":\"https:\/\/tammetalu.eu\/?s={search_term_string}\"},\"query-input\":{\"@type\":\"PropertyValueSpecification\",\"valueRequired\":true,\"valueName\":\"search_term_string\"}}],\"inLanguage\":\"lv-LV\"},{\"@type\":\"Organization\",\"@id\":\"https:\/\/tammetalu.eu\/#organization\",\"name\":\"Tamme talu \u00fcrdiaed\",\"alternateName\":\"Tamme talu\",\"url\":\"https:\/\/tammetalu.eu\/\",\"logo\":{\"@type\":\"ImageObject\",\"inLanguage\":\"lv-LV\",\"@id\":\"https:\/\/tammetalu.eu\/#\/schema\/logo\/image\/\",\"url\":\"https:\/\/tammetalu.eu\/wp-content\/uploads\/2025\/01\/Tamme_talu_urdiaed.png\",\"contentUrl\":\"https:\/\/tammetalu.eu\/wp-content\/uploads\/2025\/01\/Tamme_talu_urdiaed.png\",\"width\":560,\"height\":560,\"caption\":\"Tamme talu \u00fcrdiaed\"},\"image\":{\"@id\":\"https:\/\/tammetalu.eu\/#\/schema\/logo\/image\/\"},\"sameAs\":[\"https:\/\/www.facebook.com\/TammeTaluUrdiaed\/?locale=et_EE\",\"https:\/\/www.instagram.com\/tammetaluurdiaed\/\"]}]}<\/script>\n<!-- \/ Yoast SEO plugin. -->","yoast_head_json":{"title":"Lemmoni peiulill - Tamme talu \u00fcrdiaed","robots":{"index":"index","follow":"follow","max-snippet":"max-snippet:-1","max-image-preview":"max-image-preview:large","max-video-preview":"max-video-preview:-1"},"canonical":"https:\/\/tammetalu.eu\/toode\/lemmoni-peiulill\/","og_locale":"lv_LV","og_type":"article","og_title":"Lemmoni peiulill - Tamme talu \u00fcrdiaed","og_description":"Tagetes lemmonii  V\u00e4ga aromaatse l\u00f5hna ja hea maitsega kollaste \u00f5isikutega\u00a0 meil \u00fcheaastane maitse, ilu- ja ravimtaim. Kutsutakse Mehhiko peiulilleks, kuna p\u00e4ritolult on ta looduslik liik P\u00f5hja-Ameerikast. K\u00f5rgus v\u00f5ib k\u00fc\u00fcndida taimele sobivates kasvuoludes kuni 1,2 meetrini.\u00a0 Maitse ja aroom v\u00e4ga sarnane sidrunile. Lemmoni peiulill kasvab tavalises aiamullas p\u00e4ikeselisel v\u00f5i poolvarjulisel kasvukohal.  Rahvameditsiinis kasutatakse lemmoni peiulille seedeprobleemide, isutuse, k\u00f5huvalu ja k\u00f6ha ning k\u00fclmetuse korral.  Lemmoni peiulille kuivatatud lehti kasutatakse suppide ja kastmete maitsestamiseks ning neil on lisaks tsitruse maitsele \u00f5unane j\u00e4relmaitse. Aromaatsed \u00f5ied on s\u00f6\u00f6davad ning neid kasutatakse k\u00f6\u00f6gis maitse- ja lisandina nii magusate kui soolaste toitude juures.  &nbsp;","og_url":"https:\/\/tammetalu.eu\/toode\/lemmoni-peiulill\/","og_site_name":"Tamme talu \u00fcrdiaed","article_publisher":"https:\/\/www.facebook.com\/TammeTaluUrdiaed\/?locale=et_EE","article_modified_time":"2026-02-02T13:14:37+00:00","og_image":[{"width":894,"height":662,"url":"https:\/\/tammetalu.eu\/wp-content\/uploads\/2024\/03\/lemmoni-peiulill-tagetes-lemmonii-tamme-talu-urdiaed.jpg","type":"image\/jpeg"}],"twitter_card":"summary_large_image","twitter_misc":{"Est. reading time":"1 minute"},"schema":{"@context":"https:\/\/schema.org","@graph":[{"@type":"WebPage","@id":"https:\/\/tammetalu.eu\/toode\/lemmoni-peiulill\/","url":"https:\/\/tammetalu.eu\/toode\/lemmoni-peiulill\/","name":"Lemmoni peiulill - Tamme talu \u00fcrdiaed","isPartOf":{"@id":"https:\/\/tammetalu.eu\/#website"},"primaryImageOfPage":{"@id":"https:\/\/tammetalu.eu\/toode\/lemmoni-peiulill\/#primaryimage"},"image":{"@id":"https:\/\/tammetalu.eu\/toode\/lemmoni-peiulill\/#primaryimage"},"thumbnailUrl":"https:\/\/tammetalu.eu\/wp-content\/uploads\/2024\/03\/lemmoni-peiulill-tagetes-lemmonii-tamme-talu-urdiaed.jpg","datePublished":"2024-03-30T10:55:18+00:00","dateModified":"2026-02-02T13:14:37+00:00","breadcrumb":{"@id":"https:\/\/tammetalu.eu\/toode\/lemmoni-peiulill\/#breadcrumb"},"inLanguage":"lv-LV","potentialAction":[{"@type":"ReadAction","target":["https:\/\/tammetalu.eu\/toode\/lemmoni-peiulill\/"]}]},{"@type":"ImageObject","inLanguage":"lv-LV","@id":"https:\/\/tammetalu.eu\/toode\/lemmoni-peiulill\/#primaryimage","url":"https:\/\/tammetalu.eu\/wp-content\/uploads\/2024\/03\/lemmoni-peiulill-tagetes-lemmonii-tamme-talu-urdiaed.jpg","contentUrl":"https:\/\/tammetalu.eu\/wp-content\/uploads\/2024\/03\/lemmoni-peiulill-tagetes-lemmonii-tamme-talu-urdiaed.jpg","width":894,"height":662,"caption":"lemmoni-peiulill-tagetes-lemmonii-tamme-talu-urdiaed"},{"@type":"BreadcrumbList","@id":"https:\/\/tammetalu.eu\/toode\/lemmoni-peiulill\/#breadcrumb","itemListElement":[{"@type":"ListItem","position":1,"name":"Home","item":"https:\/\/tammetalu.eu\/lv\/galvena-lapa\/"},{"@type":"ListItem","position":2,"name":"Shop","item":"https:\/\/tammetalu.eu\/lv\/shop\/"},{"@type":"ListItem","position":3,"name":"Lemmoni peiulill"}]},{"@type":"WebSite","@id":"https:\/\/tammetalu.eu\/#website","url":"https:\/\/tammetalu.eu\/","name":"Tamme talu \u00fcrdiaed","description":"K\u00e4sit\u00f6\u00f6na valmistatud tooted \u00fcrtidest, \u00fcrdiistikud, \u00fcrtide kollektsioonaed","publisher":{"@id":"https:\/\/tammetalu.eu\/#organization"},"alternateName":"Tamme talu","potentialAction":[{"@type":"SearchAction","target":{"@type":"EntryPoint","urlTemplate":"https:\/\/tammetalu.eu\/?s={search_term_string}"},"query-input":{"@type":"PropertyValueSpecification","valueRequired":true,"valueName":"search_term_string"}}],"inLanguage":"lv-LV"},{"@type":"Organization","@id":"https:\/\/tammetalu.eu\/#organization","name":"Tamme talu \u00fcrdiaed","alternateName":"Tamme talu","url":"https:\/\/tammetalu.eu\/","logo":{"@type":"ImageObject","inLanguage":"lv-LV","@id":"https:\/\/tammetalu.eu\/#\/schema\/logo\/image\/","url":"https:\/\/tammetalu.eu\/wp-content\/uploads\/2025\/01\/Tamme_talu_urdiaed.png","contentUrl":"https:\/\/tammetalu.eu\/wp-content\/uploads\/2025\/01\/Tamme_talu_urdiaed.png","width":560,"height":560,"caption":"Tamme talu \u00fcrdiaed"},"image":{"@id":"https:\/\/tammetalu.eu\/#\/schema\/logo\/image\/"},"sameAs":["https:\/\/www.facebook.com\/TammeTaluUrdiaed\/?locale=et_EE","https:\/\/www.instagram.com\/tammetaluurdiaed\/"]}]}},"_links":{"self":[{"href":"https:\/\/tammetalu.eu\/lv\/wp-json\/wp\/v2\/product\/20249","targetHints":{"allow":["GET"]}}],"collection":[{"href":"https:\/\/tammetalu.eu\/lv\/wp-json\/wp\/v2\/product"}],"about":[{"href":"https:\/\/tammetalu.eu\/lv\/wp-json\/wp\/v2\/types\/product"}],"wp:featuredmedia":[{"embeddable":true,"href":"https:\/\/tammetalu.eu\/lv\/wp-json\/wp\/v2\/media\/20356"}],"wp:attachment":[{"href":"https:\/\/tammetalu.eu\/lv\/wp-json\/wp\/v2\/media?parent=20249"}],"wp:term":[{"taxonomy":"product_brand","embeddable":true,"href":"https:\/\/tammetalu.eu\/lv\/wp-json\/wp\/v2\/product_brand?post=20249"},{"taxonomy":"product_cat","embeddable":true,"href":"https:\/\/tammetalu.eu\/lv\/wp-json\/wp\/v2\/product_cat?post=20249"},{"taxonomy":"product_tag","embeddable":true,"href":"https:\/\/tammetalu.eu\/lv\/wp-json\/wp\/v2\/product_tag?post=20249"}],"curies":[{"name":"wp","href":"https:\/\/api.w.org\/{rel}","templated":true}]}}