{"id":20252,"date":"2024-03-30T13:48:45","date_gmt":"2024-03-30T11:48:45","guid":{"rendered":"https:\/\/tammetalu.eu\/?post_type=product&#038;p=20252"},"modified":"2026-05-04T08:49:27","modified_gmt":"2026-05-04T05:49:27","slug":"rosmariinimunt-ehk-mehhiko-oregano","status":"publish","type":"product","link":"https:\/\/tammetalu.eu\/lv\/toode\/rosmariinimunt-ehk-mehhiko-oregano\/","title":{"rendered":"Rosmariinim\u00fcnt ehk mehhiko oregano"},"content":{"rendered":"","protected":false},"excerpt":{"rendered":"<p><em>Poliomintha longiflora<\/em><\/p>\n<p>Rosmariinim\u00fcnt ehk mehhiko oregano (Mexican oregano, rosemary mint) on v\u00e4ga aromaatsete v\u00e4heldaste lehtede ja sirelilillade \u00f5isikutega maitse-, ilu- ja ravimtaim Mehhikost, kus ta kasvab loodusliku liigina. Taim on p\u00f5\u00f5sasja kasvukujuga (k\u00f5gus kuni 25 cm) ja rohkete v\u00e4ikeste roosakaslillade \u00f5itega taim kuiva kuni poolkuiva liivase mullaga kasvukohta. Kasvamiseks sobib p\u00e4ikesepaisteline kuni poolvarjuline kasvukoht. Rosmariinim\u00fcnt sobib kasvatamiseks suuremas potis v\u00f5i anumas koos teiste sarnaseid kasvutingimusi vajavate taimedega. Ei ole meie kliimas talvekindel. Taime maitse on parajalt v\u00fcrtsikas, m\u00fcndi ja pune vahepealne. Kuivatatud \u00f5isi ja lehti saab kasutada toitude kaunistamiseks, maitsvaks teeks, roogadele lisandiks, kuna kuivatamisel avaneb taime maitsebukett rohkem kui v\u00e4rskel taimel.<\/p>\n<p>&nbsp;<\/p>\n","protected":false},"featured_media":23893,"template":"","meta":{"_acf_changed":false,"_et_pb_use_builder":"","_et_pb_old_content":"","_et_gb_content_width":"","inline_featured_image":false},"product_brand":[],"product_cat":[186,192,207],"product_tag":[],"class_list":{"0":"post-20252","1":"product","2":"type-product","3":"status-publish","4":"has-post-thumbnail","6":"product_cat-maitse-ja-ravimtaimede-istikud","7":"product_cat-mundid","8":"product_cat-rosmariinid","10":"first","11":"outofstock","12":"taxable","13":"shipping-taxable","14":"purchasable","15":"product-type-simple"},"acf":[],"yoast_head":"<!-- This site is optimized with the Yoast SEO plugin v27.5 - https:\/\/yoast.com\/product\/yoast-seo-wordpress\/ -->\n<title>Rosmariinim\u00fcnt ehk mehhiko oregano - Tamme talu \u00fcrdiaed<\/title>\n<meta name=\"description\" content=\"Rosmariinim\u00fcnt ehk mehhiko oregano (Mexican oregano, rosemary mint) on v\u00e4ga aromaatsete v\u00e4heldaste lehtede ja sirelilillade \u00f5isikutega maitse-, ilu- ja ravimtaim Mehhikost, kus ta kasvab loodusliku liigina.\" \/>\n<meta name=\"robots\" content=\"index, follow, max-snippet:-1, max-image-preview:large, max-video-preview:-1\" \/>\n<link rel=\"canonical\" href=\"https:\/\/tammetalu.eu\/toode\/rosmariinimunt-ehk-mehhiko-oregano\/\" \/>\n<meta property=\"og:locale\" content=\"lv_LV\" \/>\n<meta property=\"og:type\" content=\"article\" \/>\n<meta property=\"og:title\" content=\"Rosmariinim\u00fcnt ehk mehhiko oregano - Tamme talu \u00fcrdiaed\" \/>\n<meta property=\"og:description\" content=\"Rosmariinim\u00fcnt ehk mehhiko oregano (Mexican oregano, rosemary mint) on v\u00e4ga aromaatsete v\u00e4heldaste lehtede ja sirelilillade \u00f5isikutega maitse-, ilu- ja ravimtaim Mehhikost, kus ta kasvab loodusliku liigina.\" \/>\n<meta property=\"og:url\" content=\"https:\/\/tammetalu.eu\/toode\/rosmariinimunt-ehk-mehhiko-oregano\/\" \/>\n<meta property=\"og:site_name\" content=\"Tamme talu \u00fcrdiaed\" \/>\n<meta property=\"article:publisher\" content=\"https:\/\/www.facebook.com\/TammeTaluUrdiaed\/?locale=et_EE\" \/>\n<meta property=\"article:modified_time\" content=\"2026-05-04T05:49:27+00:00\" \/>\n<meta property=\"og:image\" content=\"https:\/\/tammetalu.eu\/wp-content\/uploads\/2024\/03\/Rosmariinimunt_Tamme_talu_urdiaed.jpg\" \/>\n\t<meta property=\"og:image:width\" content=\"1024\" \/>\n\t<meta property=\"og:image:height\" content=\"1365\" \/>\n\t<meta property=\"og:image:type\" content=\"image\/jpeg\" \/>\n<meta name=\"twitter:card\" content=\"summary_large_image\" \/>\n<meta name=\"twitter:label1\" content=\"Est. reading time\" \/>\n\t<meta name=\"twitter:data1\" content=\"1 minute\" \/>\n<script type=\"application\/ld+json\" class=\"yoast-schema-graph\">{\"@context\":\"https:\\\/\\\/schema.org\",\"@graph\":[{\"@type\":\"WebPage\",\"@id\":\"https:\\\/\\\/tammetalu.eu\\\/toode\\\/rosmariinimunt-ehk-mehhiko-oregano\\\/\",\"url\":\"https:\\\/\\\/tammetalu.eu\\\/toode\\\/rosmariinimunt-ehk-mehhiko-oregano\\\/\",\"name\":\"Rosmariinim\u00fcnt ehk mehhiko oregano - Tamme talu \u00fcrdiaed\",\"isPartOf\":{\"@id\":\"https:\\\/\\\/tammetalu.eu\\\/#website\"},\"primaryImageOfPage\":{\"@id\":\"https:\\\/\\\/tammetalu.eu\\\/toode\\\/rosmariinimunt-ehk-mehhiko-oregano\\\/#primaryimage\"},\"image\":{\"@id\":\"https:\\\/\\\/tammetalu.eu\\\/toode\\\/rosmariinimunt-ehk-mehhiko-oregano\\\/#primaryimage\"},\"thumbnailUrl\":\"https:\\\/\\\/tammetalu.eu\\\/wp-content\\\/uploads\\\/2024\\\/03\\\/Rosmariinimunt_Tamme_talu_urdiaed.jpg\",\"datePublished\":\"2024-03-30T11:48:45+00:00\",\"dateModified\":\"2026-05-04T05:49:27+00:00\",\"description\":\"Rosmariinim\u00fcnt ehk mehhiko oregano (Mexican oregano, rosemary mint) on v\u00e4ga aromaatsete v\u00e4heldaste lehtede ja sirelilillade \u00f5isikutega maitse-, ilu- ja ravimtaim Mehhikost, kus ta kasvab loodusliku liigina.\",\"breadcrumb\":{\"@id\":\"https:\\\/\\\/tammetalu.eu\\\/toode\\\/rosmariinimunt-ehk-mehhiko-oregano\\\/#breadcrumb\"},\"inLanguage\":\"lv-LV\",\"potentialAction\":[{\"@type\":\"ReadAction\",\"target\":[\"https:\\\/\\\/tammetalu.eu\\\/toode\\\/rosmariinimunt-ehk-mehhiko-oregano\\\/\"]}]},{\"@type\":\"ImageObject\",\"inLanguage\":\"lv-LV\",\"@id\":\"https:\\\/\\\/tammetalu.eu\\\/toode\\\/rosmariinimunt-ehk-mehhiko-oregano\\\/#primaryimage\",\"url\":\"https:\\\/\\\/tammetalu.eu\\\/wp-content\\\/uploads\\\/2024\\\/03\\\/Rosmariinimunt_Tamme_talu_urdiaed.jpg\",\"contentUrl\":\"https:\\\/\\\/tammetalu.eu\\\/wp-content\\\/uploads\\\/2024\\\/03\\\/Rosmariinimunt_Tamme_talu_urdiaed.jpg\",\"width\":1024,\"height\":1365,\"caption\":\"Rosmariinimunt_Tamme_talu_urdiaed\"},{\"@type\":\"BreadcrumbList\",\"@id\":\"https:\\\/\\\/tammetalu.eu\\\/toode\\\/rosmariinimunt-ehk-mehhiko-oregano\\\/#breadcrumb\",\"itemListElement\":[{\"@type\":\"ListItem\",\"position\":1,\"name\":\"Home\",\"item\":\"https:\\\/\\\/tammetalu.eu\\\/lv\\\/galvena-lapa\\\/\"},{\"@type\":\"ListItem\",\"position\":2,\"name\":\"Shop\",\"item\":\"https:\\\/\\\/tammetalu.eu\\\/lv\\\/shop\\\/\"},{\"@type\":\"ListItem\",\"position\":3,\"name\":\"Rosmariinim\u00fcnt ehk mehhiko oregano\"}]},{\"@type\":\"WebSite\",\"@id\":\"https:\\\/\\\/tammetalu.eu\\\/#website\",\"url\":\"https:\\\/\\\/tammetalu.eu\\\/\",\"name\":\"Tamme talu \u00fcrdiaed\",\"description\":\"K\u00e4sit\u00f6\u00f6na valmistatud tooted \u00fcrtidest, \u00fcrdiistikud, \u00fcrtide kollektsioonaed\",\"publisher\":{\"@id\":\"https:\\\/\\\/tammetalu.eu\\\/#organization\"},\"alternateName\":\"Tamme talu\",\"potentialAction\":[{\"@type\":\"SearchAction\",\"target\":{\"@type\":\"EntryPoint\",\"urlTemplate\":\"https:\\\/\\\/tammetalu.eu\\\/?s={search_term_string}\"},\"query-input\":{\"@type\":\"PropertyValueSpecification\",\"valueRequired\":true,\"valueName\":\"search_term_string\"}}],\"inLanguage\":\"lv-LV\"},{\"@type\":\"Organization\",\"@id\":\"https:\\\/\\\/tammetalu.eu\\\/#organization\",\"name\":\"Tamme talu \u00fcrdiaed\",\"alternateName\":\"Tamme talu\",\"url\":\"https:\\\/\\\/tammetalu.eu\\\/\",\"logo\":{\"@type\":\"ImageObject\",\"inLanguage\":\"lv-LV\",\"@id\":\"https:\\\/\\\/tammetalu.eu\\\/#\\\/schema\\\/logo\\\/image\\\/\",\"url\":\"https:\\\/\\\/tammetalu.eu\\\/wp-content\\\/uploads\\\/2025\\\/01\\\/Tamme_talu_urdiaed.png\",\"contentUrl\":\"https:\\\/\\\/tammetalu.eu\\\/wp-content\\\/uploads\\\/2025\\\/01\\\/Tamme_talu_urdiaed.png\",\"width\":560,\"height\":560,\"caption\":\"Tamme talu \u00fcrdiaed\"},\"image\":{\"@id\":\"https:\\\/\\\/tammetalu.eu\\\/#\\\/schema\\\/logo\\\/image\\\/\"},\"sameAs\":[\"https:\\\/\\\/www.facebook.com\\\/TammeTaluUrdiaed\\\/?locale=et_EE\",\"https:\\\/\\\/www.instagram.com\\\/tammetaluurdiaed\\\/\"]}]}<\/script>\n<!-- \/ Yoast SEO plugin. -->","yoast_head_json":{"title":"Rosmariinim\u00fcnt ehk mehhiko oregano - Tamme talu \u00fcrdiaed","description":"Rosmariinim\u00fcnt ehk mehhiko oregano (Mexican oregano, rosemary mint) on v\u00e4ga aromaatsete v\u00e4heldaste lehtede ja sirelilillade \u00f5isikutega maitse-, ilu- ja ravimtaim Mehhikost, kus ta kasvab loodusliku liigina.","robots":{"index":"index","follow":"follow","max-snippet":"max-snippet:-1","max-image-preview":"max-image-preview:large","max-video-preview":"max-video-preview:-1"},"canonical":"https:\/\/tammetalu.eu\/toode\/rosmariinimunt-ehk-mehhiko-oregano\/","og_locale":"lv_LV","og_type":"article","og_title":"Rosmariinim\u00fcnt ehk mehhiko oregano - Tamme talu \u00fcrdiaed","og_description":"Rosmariinim\u00fcnt ehk mehhiko oregano (Mexican oregano, rosemary mint) on v\u00e4ga aromaatsete v\u00e4heldaste lehtede ja sirelilillade \u00f5isikutega maitse-, ilu- ja ravimtaim Mehhikost, kus ta kasvab loodusliku liigina.","og_url":"https:\/\/tammetalu.eu\/toode\/rosmariinimunt-ehk-mehhiko-oregano\/","og_site_name":"Tamme talu \u00fcrdiaed","article_publisher":"https:\/\/www.facebook.com\/TammeTaluUrdiaed\/?locale=et_EE","article_modified_time":"2026-05-04T05:49:27+00:00","og_image":[{"width":1024,"height":1365,"url":"https:\/\/tammetalu.eu\/wp-content\/uploads\/2024\/03\/Rosmariinimunt_Tamme_talu_urdiaed.jpg","type":"image\/jpeg"}],"twitter_card":"summary_large_image","twitter_misc":{"Est. reading time":"1 minute"},"schema":{"@context":"https:\/\/schema.org","@graph":[{"@type":"WebPage","@id":"https:\/\/tammetalu.eu\/toode\/rosmariinimunt-ehk-mehhiko-oregano\/","url":"https:\/\/tammetalu.eu\/toode\/rosmariinimunt-ehk-mehhiko-oregano\/","name":"Rosmariinim\u00fcnt ehk mehhiko oregano - Tamme talu \u00fcrdiaed","isPartOf":{"@id":"https:\/\/tammetalu.eu\/#website"},"primaryImageOfPage":{"@id":"https:\/\/tammetalu.eu\/toode\/rosmariinimunt-ehk-mehhiko-oregano\/#primaryimage"},"image":{"@id":"https:\/\/tammetalu.eu\/toode\/rosmariinimunt-ehk-mehhiko-oregano\/#primaryimage"},"thumbnailUrl":"https:\/\/tammetalu.eu\/wp-content\/uploads\/2024\/03\/Rosmariinimunt_Tamme_talu_urdiaed.jpg","datePublished":"2024-03-30T11:48:45+00:00","dateModified":"2026-05-04T05:49:27+00:00","description":"Rosmariinim\u00fcnt ehk mehhiko oregano (Mexican oregano, rosemary mint) on v\u00e4ga aromaatsete v\u00e4heldaste lehtede ja sirelilillade \u00f5isikutega maitse-, ilu- ja ravimtaim Mehhikost, kus ta kasvab loodusliku liigina.","breadcrumb":{"@id":"https:\/\/tammetalu.eu\/toode\/rosmariinimunt-ehk-mehhiko-oregano\/#breadcrumb"},"inLanguage":"lv-LV","potentialAction":[{"@type":"ReadAction","target":["https:\/\/tammetalu.eu\/toode\/rosmariinimunt-ehk-mehhiko-oregano\/"]}]},{"@type":"ImageObject","inLanguage":"lv-LV","@id":"https:\/\/tammetalu.eu\/toode\/rosmariinimunt-ehk-mehhiko-oregano\/#primaryimage","url":"https:\/\/tammetalu.eu\/wp-content\/uploads\/2024\/03\/Rosmariinimunt_Tamme_talu_urdiaed.jpg","contentUrl":"https:\/\/tammetalu.eu\/wp-content\/uploads\/2024\/03\/Rosmariinimunt_Tamme_talu_urdiaed.jpg","width":1024,"height":1365,"caption":"Rosmariinimunt_Tamme_talu_urdiaed"},{"@type":"BreadcrumbList","@id":"https:\/\/tammetalu.eu\/toode\/rosmariinimunt-ehk-mehhiko-oregano\/#breadcrumb","itemListElement":[{"@type":"ListItem","position":1,"name":"Home","item":"https:\/\/tammetalu.eu\/lv\/galvena-lapa\/"},{"@type":"ListItem","position":2,"name":"Shop","item":"https:\/\/tammetalu.eu\/lv\/shop\/"},{"@type":"ListItem","position":3,"name":"Rosmariinim\u00fcnt ehk mehhiko oregano"}]},{"@type":"WebSite","@id":"https:\/\/tammetalu.eu\/#website","url":"https:\/\/tammetalu.eu\/","name":"Tamme talu \u00fcrdiaed","description":"K\u00e4sit\u00f6\u00f6na valmistatud tooted \u00fcrtidest, \u00fcrdiistikud, \u00fcrtide kollektsioonaed","publisher":{"@id":"https:\/\/tammetalu.eu\/#organization"},"alternateName":"Tamme talu","potentialAction":[{"@type":"SearchAction","target":{"@type":"EntryPoint","urlTemplate":"https:\/\/tammetalu.eu\/?s={search_term_string}"},"query-input":{"@type":"PropertyValueSpecification","valueRequired":true,"valueName":"search_term_string"}}],"inLanguage":"lv-LV"},{"@type":"Organization","@id":"https:\/\/tammetalu.eu\/#organization","name":"Tamme talu \u00fcrdiaed","alternateName":"Tamme talu","url":"https:\/\/tammetalu.eu\/","logo":{"@type":"ImageObject","inLanguage":"lv-LV","@id":"https:\/\/tammetalu.eu\/#\/schema\/logo\/image\/","url":"https:\/\/tammetalu.eu\/wp-content\/uploads\/2025\/01\/Tamme_talu_urdiaed.png","contentUrl":"https:\/\/tammetalu.eu\/wp-content\/uploads\/2025\/01\/Tamme_talu_urdiaed.png","width":560,"height":560,"caption":"Tamme talu \u00fcrdiaed"},"image":{"@id":"https:\/\/tammetalu.eu\/#\/schema\/logo\/image\/"},"sameAs":["https:\/\/www.facebook.com\/TammeTaluUrdiaed\/?locale=et_EE","https:\/\/www.instagram.com\/tammetaluurdiaed\/"]}]}},"_links":{"self":[{"href":"https:\/\/tammetalu.eu\/lv\/wp-json\/wp\/v2\/product\/20252","targetHints":{"allow":["GET"]}}],"collection":[{"href":"https:\/\/tammetalu.eu\/lv\/wp-json\/wp\/v2\/product"}],"about":[{"href":"https:\/\/tammetalu.eu\/lv\/wp-json\/wp\/v2\/types\/product"}],"wp:featuredmedia":[{"embeddable":true,"href":"https:\/\/tammetalu.eu\/lv\/wp-json\/wp\/v2\/media\/23893"}],"wp:attachment":[{"href":"https:\/\/tammetalu.eu\/lv\/wp-json\/wp\/v2\/media?parent=20252"}],"wp:term":[{"taxonomy":"product_brand","embeddable":true,"href":"https:\/\/tammetalu.eu\/lv\/wp-json\/wp\/v2\/product_brand?post=20252"},{"taxonomy":"product_cat","embeddable":true,"href":"https:\/\/tammetalu.eu\/lv\/wp-json\/wp\/v2\/product_cat?post=20252"},{"taxonomy":"product_tag","embeddable":true,"href":"https:\/\/tammetalu.eu\/lv\/wp-json\/wp\/v2\/product_tag?post=20252"}],"curies":[{"name":"wp","href":"https:\/\/api.w.org\/{rel}","templated":true}]}}