{"id":20258,"date":"2024-03-30T16:46:00","date_gmt":"2024-03-30T14:46:00","guid":{"rendered":"https:\/\/tammetalu.eu\/?post_type=product&#038;p=20258"},"modified":"2026-04-05T17:48:52","modified_gmt":"2026-04-05T14:48:52","slug":"bataat-ehk-maguskartul-vineland-sunrise","status":"publish","type":"product","link":"https:\/\/tammetalu.eu\/lv\/toode\/bataat-ehk-maguskartul-vineland-sunrise\/","title":{"rendered":"Bataat (maguskartul) Ipomoea batatas &#8220;Vineland Sunrise&#8221;"},"content":{"rendered":"<p><!--more--><\/p>\n","protected":false},"excerpt":{"rendered":"<p>Bataat (maguskartul) Ipomoea batatas &#8220;Vineland Sunrise&#8221;<\/p>\n<p>LAT: \u00a0<em>Ipomoea batatas<\/em> &#8220;Vineland Sunrise&#8221;<\/p>\n<p>ENG: Sweet potato &#8220;Vineland Sunrise&#8221;<\/p>\n<p>RU: \u0431\u0430\u0442\u0430\u0442 &#8220;Vineland Sunrise&#8221;<\/p>\n<p>FI: \u00a0\u00a0Bataatti &#8220;Vineland Sunrise&#8221;<\/p>\n<p>Maguskartuli sort &#8220;Vineland Sunrise&#8221; on lihtsasti kasvatatav ja suure saagikusega ka kehvemate ilmastikutingimuste korral. See sort on oran\u017eika koore ja heledama oran\u017ei viljalihaga. Violetsete roodudega rohelised lehed ja roosakasvalged \u00f5ied. Bataati v\u00f5ib kasvatada nii pinnakattetaimena kui ronitaimena ja nii ilu- kui k\u00f6\u00f6giviljataimena kasvuhoones, avamaal v\u00f5i suures potis l\u00e4bim\u00f5\u00f5duga v\u00e4hemalt 50 cm.<\/p>\n<p>Avamaale ei saa bataaditaimi istutada enne \u00f6\u00f6k\u00fclmaohu m\u00f6\u00f6dumist, kuna maguskartul on v\u00e4ga k\u00fclmahell. Avamaal kasvatamise korral v\u00f5iks v\u00f5imaluse korral taimi kasvatada mustas kiles, mis hoiab taimede \u00fcmber h\u00e4sti sooja. Bataat vajab j\u00f5udsaks kasvuks parasniisket viljakat mulda. Kasvab nii t\u00e4isp\u00e4ikeses kui poolvarjus tuulte eest kaitstud kohas. V\u00f5rseid on soovitav kogu kasvuperioodi jooksul k\u00e4rpida, sest see sunnib taime oma j\u00f5u suunama mugulate kasvatamisele.<\/p>\n<p>Soojas kasvukohas ja taimede hea hoolduse korral valmivad oktoobris erkpunase koore ja oran\u017ei tiheda viljalihaga v\u00e4ga hea maitsega mugulad, mis sobivad keetmiseks, k\u00fcpsetamiseks ja praadimiseks. Bataadil on s\u00f6\u00f6davad ka noored v\u00f5rsed ja lehed. Kuigi mugulad ei kasva meie kliimas nii suureks, kui poes m\u00fc\u00fcgil olevad maguskartulid, on oma aias kasvatatud mugulad oluliselt maitsvamad. Mugulate s\u00e4ilivus on v\u00e4ga hea ja neid saab s\u00e4ilitada nagu kartulit.<\/p>\n<p>K\u00f5rgus: 1,5m<\/p>\n<p>\u00d5itsemise aeg: VI-VIII<\/p>\n<p>Talvekindlus: \u00dcheaastane juurvili<\/p>\n<p>Poti suurus: 11-13<\/p>\n","protected":false},"featured_media":17616,"template":"","meta":{"_acf_changed":false,"_et_pb_use_builder":"","_et_pb_old_content":"","_et_gb_content_width":"","inline_featured_image":false},"product_brand":[],"product_cat":[237,247,186,197,203],"product_tag":[],"class_list":{"0":"post-20258","1":"product","2":"type-product","3":"status-publish","4":"has-post-thumbnail","6":"product_cat-aasia-toidutaimed","7":"product_cat-rohenappude-lemmikud","8":"product_cat-maitse-ja-ravimtaimede-istikud","9":"product_cat-bataadid","10":"product_cat-ponevad-koogiviljad","12":"first","13":"instock","14":"sale","15":"taxable","16":"shipping-taxable","17":"purchasable","18":"product-type-simple"},"acf":[],"yoast_head":"<!-- This site is optimized with the Yoast SEO plugin v26.4 - https:\/\/yoast.com\/wordpress\/plugins\/seo\/ -->\n<title>Bataat (maguskartul) Ipomoea batatas &quot;Vineland Sunrise&quot; - Tamme talu \u00fcrdiaed<\/title>\n<meta name=\"description\" content=\"Bataat (maguskartul) sort &quot;Vineland Sunrise&quot; on lihtsasti kasvatatav ja suure saagikusega ka kehvemate ilmastikutingimuste korral. See sort on oran\u017eika koore ja heledama oran\u017ei viljalihaga.Sordi mugulad on tumelilla koore ja tumelilla sisuga. Violetsete roodudega rohelised lehed ja roosakasvalged \u00f5ied. Mugulad on punakaslilla koore ja valge sisuga. Bataati v\u00f5ib kasvatada nii pinnakattetaimena kui ronitaimena ja nii ilu- kui k\u00f6\u00f6giviljataimena kasvuhoones, avamaal v\u00f5i suures potis l\u00e4bim\u00f5\u00f5duga v\u00e4hemalt 50 cm.\" \/>\n<meta name=\"robots\" content=\"index, follow, max-snippet:-1, max-image-preview:large, max-video-preview:-1\" \/>\n<link rel=\"canonical\" href=\"https:\/\/tammetalu.eu\/toode\/bataat-ehk-maguskartul-vineland-sunrise\/\" \/>\n<meta property=\"og:locale\" content=\"lv_LV\" \/>\n<meta property=\"og:type\" content=\"article\" \/>\n<meta property=\"og:title\" content=\"Bataat (maguskartul) Ipomoea batatas &quot;Vineland Sunrise&quot; - Tamme talu \u00fcrdiaed\" \/>\n<meta property=\"og:description\" content=\"Bataat (maguskartul) sort &quot;Vineland Sunrise&quot; on lihtsasti kasvatatav ja suure saagikusega ka kehvemate ilmastikutingimuste korral. See sort on oran\u017eika koore ja heledama oran\u017ei viljalihaga.Sordi mugulad on tumelilla koore ja tumelilla sisuga. Violetsete roodudega rohelised lehed ja roosakasvalged \u00f5ied. Mugulad on punakaslilla koore ja valge sisuga. Bataati v\u00f5ib kasvatada nii pinnakattetaimena kui ronitaimena ja nii ilu- kui k\u00f6\u00f6giviljataimena kasvuhoones, avamaal v\u00f5i suures potis l\u00e4bim\u00f5\u00f5duga v\u00e4hemalt 50 cm.\" \/>\n<meta property=\"og:url\" content=\"https:\/\/tammetalu.eu\/toode\/bataat-ehk-maguskartul-vineland-sunrise\/\" \/>\n<meta property=\"og:site_name\" content=\"Tamme talu \u00fcrdiaed\" \/>\n<meta property=\"article:publisher\" content=\"https:\/\/www.facebook.com\/TammeTaluUrdiaed\/?locale=et_EE\" \/>\n<meta property=\"article:modified_time\" content=\"2026-04-05T14:48:52+00:00\" \/>\n<meta property=\"og:image\" content=\"https:\/\/tammetalu.eu\/wp-content\/uploads\/2023\/04\/Bataat-vineland-early-orange-Ipomoea-batatas-tamme-talu-urdiaed.jpg\" \/>\n\t<meta property=\"og:image:width\" content=\"698\" \/>\n\t<meta property=\"og:image:height\" content=\"700\" \/>\n\t<meta property=\"og:image:type\" content=\"image\/jpeg\" \/>\n<meta name=\"twitter:card\" content=\"summary_large_image\" \/>\n<meta name=\"twitter:label1\" content=\"Est. reading time\" \/>\n\t<meta name=\"twitter:data1\" content=\"1 minute\" \/>\n<script type=\"application\/ld+json\" class=\"yoast-schema-graph\">{\"@context\":\"https:\/\/schema.org\",\"@graph\":[{\"@type\":\"WebPage\",\"@id\":\"https:\/\/tammetalu.eu\/toode\/bataat-ehk-maguskartul-vineland-sunrise\/\",\"url\":\"https:\/\/tammetalu.eu\/toode\/bataat-ehk-maguskartul-vineland-sunrise\/\",\"name\":\"Bataat (maguskartul) Ipomoea batatas \\\"Vineland Sunrise\\\" - Tamme talu \u00fcrdiaed\",\"isPartOf\":{\"@id\":\"https:\/\/tammetalu.eu\/#website\"},\"primaryImageOfPage\":{\"@id\":\"https:\/\/tammetalu.eu\/toode\/bataat-ehk-maguskartul-vineland-sunrise\/#primaryimage\"},\"image\":{\"@id\":\"https:\/\/tammetalu.eu\/toode\/bataat-ehk-maguskartul-vineland-sunrise\/#primaryimage\"},\"thumbnailUrl\":\"https:\/\/tammetalu.eu\/wp-content\/uploads\/2023\/04\/Bataat-vineland-early-orange-Ipomoea-batatas-tamme-talu-urdiaed.jpg\",\"datePublished\":\"2024-03-30T14:46:00+00:00\",\"dateModified\":\"2026-04-05T14:48:52+00:00\",\"description\":\"Bataat (maguskartul) sort \\\"Vineland Sunrise\\\" on lihtsasti kasvatatav ja suure saagikusega ka kehvemate ilmastikutingimuste korral. See sort on oran\u017eika koore ja heledama oran\u017ei viljalihaga.Sordi mugulad on tumelilla koore ja tumelilla sisuga. Violetsete roodudega rohelised lehed ja roosakasvalged \u00f5ied. Mugulad on punakaslilla koore ja valge sisuga. Bataati v\u00f5ib kasvatada nii pinnakattetaimena kui ronitaimena ja nii ilu- kui k\u00f6\u00f6giviljataimena kasvuhoones, avamaal v\u00f5i suures potis l\u00e4bim\u00f5\u00f5duga v\u00e4hemalt 50 cm.\",\"breadcrumb\":{\"@id\":\"https:\/\/tammetalu.eu\/toode\/bataat-ehk-maguskartul-vineland-sunrise\/#breadcrumb\"},\"inLanguage\":\"lv-LV\",\"potentialAction\":[{\"@type\":\"ReadAction\",\"target\":[\"https:\/\/tammetalu.eu\/toode\/bataat-ehk-maguskartul-vineland-sunrise\/\"]}]},{\"@type\":\"ImageObject\",\"inLanguage\":\"lv-LV\",\"@id\":\"https:\/\/tammetalu.eu\/toode\/bataat-ehk-maguskartul-vineland-sunrise\/#primaryimage\",\"url\":\"https:\/\/tammetalu.eu\/wp-content\/uploads\/2023\/04\/Bataat-vineland-early-orange-Ipomoea-batatas-tamme-talu-urdiaed.jpg\",\"contentUrl\":\"https:\/\/tammetalu.eu\/wp-content\/uploads\/2023\/04\/Bataat-vineland-early-orange-Ipomoea-batatas-tamme-talu-urdiaed.jpg\",\"width\":698,\"height\":700,\"caption\":\"Bataat-vineland-early-orange-Ipomoea-batatas-tamme-talu-urdiaed\"},{\"@type\":\"BreadcrumbList\",\"@id\":\"https:\/\/tammetalu.eu\/toode\/bataat-ehk-maguskartul-vineland-sunrise\/#breadcrumb\",\"itemListElement\":[{\"@type\":\"ListItem\",\"position\":1,\"name\":\"Home\",\"item\":\"https:\/\/tammetalu.eu\/lv\/galvena-lapa\/\"},{\"@type\":\"ListItem\",\"position\":2,\"name\":\"Shop\",\"item\":\"https:\/\/tammetalu.eu\/lv\/shop\/\"},{\"@type\":\"ListItem\",\"position\":3,\"name\":\"Bataat (maguskartul) Ipomoea batatas &#8220;Vineland Sunrise&#8221;\"}]},{\"@type\":\"WebSite\",\"@id\":\"https:\/\/tammetalu.eu\/#website\",\"url\":\"https:\/\/tammetalu.eu\/\",\"name\":\"Tamme talu \u00fcrdiaed\",\"description\":\"K\u00e4sit\u00f6\u00f6na valmistatud tooted \u00fcrtidest, \u00fcrdiistikud, \u00fcrtide kollektsioonaed\",\"publisher\":{\"@id\":\"https:\/\/tammetalu.eu\/#organization\"},\"alternateName\":\"Tamme talu\",\"potentialAction\":[{\"@type\":\"SearchAction\",\"target\":{\"@type\":\"EntryPoint\",\"urlTemplate\":\"https:\/\/tammetalu.eu\/?s={search_term_string}\"},\"query-input\":{\"@type\":\"PropertyValueSpecification\",\"valueRequired\":true,\"valueName\":\"search_term_string\"}}],\"inLanguage\":\"lv-LV\"},{\"@type\":\"Organization\",\"@id\":\"https:\/\/tammetalu.eu\/#organization\",\"name\":\"Tamme talu \u00fcrdiaed\",\"alternateName\":\"Tamme talu\",\"url\":\"https:\/\/tammetalu.eu\/\",\"logo\":{\"@type\":\"ImageObject\",\"inLanguage\":\"lv-LV\",\"@id\":\"https:\/\/tammetalu.eu\/#\/schema\/logo\/image\/\",\"url\":\"https:\/\/tammetalu.eu\/wp-content\/uploads\/2025\/01\/Tamme_talu_urdiaed.png\",\"contentUrl\":\"https:\/\/tammetalu.eu\/wp-content\/uploads\/2025\/01\/Tamme_talu_urdiaed.png\",\"width\":560,\"height\":560,\"caption\":\"Tamme talu \u00fcrdiaed\"},\"image\":{\"@id\":\"https:\/\/tammetalu.eu\/#\/schema\/logo\/image\/\"},\"sameAs\":[\"https:\/\/www.facebook.com\/TammeTaluUrdiaed\/?locale=et_EE\",\"https:\/\/www.instagram.com\/tammetaluurdiaed\/\"]}]}<\/script>\n<!-- \/ Yoast SEO plugin. -->","yoast_head_json":{"title":"Bataat (maguskartul) Ipomoea batatas \"Vineland Sunrise\" - Tamme talu \u00fcrdiaed","description":"Bataat (maguskartul) sort \"Vineland Sunrise\" on lihtsasti kasvatatav ja suure saagikusega ka kehvemate ilmastikutingimuste korral. See sort on oran\u017eika koore ja heledama oran\u017ei viljalihaga.Sordi mugulad on tumelilla koore ja tumelilla sisuga. Violetsete roodudega rohelised lehed ja roosakasvalged \u00f5ied. Mugulad on punakaslilla koore ja valge sisuga. Bataati v\u00f5ib kasvatada nii pinnakattetaimena kui ronitaimena ja nii ilu- kui k\u00f6\u00f6giviljataimena kasvuhoones, avamaal v\u00f5i suures potis l\u00e4bim\u00f5\u00f5duga v\u00e4hemalt 50 cm.","robots":{"index":"index","follow":"follow","max-snippet":"max-snippet:-1","max-image-preview":"max-image-preview:large","max-video-preview":"max-video-preview:-1"},"canonical":"https:\/\/tammetalu.eu\/toode\/bataat-ehk-maguskartul-vineland-sunrise\/","og_locale":"lv_LV","og_type":"article","og_title":"Bataat (maguskartul) Ipomoea batatas \"Vineland Sunrise\" - Tamme talu \u00fcrdiaed","og_description":"Bataat (maguskartul) sort \"Vineland Sunrise\" on lihtsasti kasvatatav ja suure saagikusega ka kehvemate ilmastikutingimuste korral. See sort on oran\u017eika koore ja heledama oran\u017ei viljalihaga.Sordi mugulad on tumelilla koore ja tumelilla sisuga. Violetsete roodudega rohelised lehed ja roosakasvalged \u00f5ied. Mugulad on punakaslilla koore ja valge sisuga. Bataati v\u00f5ib kasvatada nii pinnakattetaimena kui ronitaimena ja nii ilu- kui k\u00f6\u00f6giviljataimena kasvuhoones, avamaal v\u00f5i suures potis l\u00e4bim\u00f5\u00f5duga v\u00e4hemalt 50 cm.","og_url":"https:\/\/tammetalu.eu\/toode\/bataat-ehk-maguskartul-vineland-sunrise\/","og_site_name":"Tamme talu \u00fcrdiaed","article_publisher":"https:\/\/www.facebook.com\/TammeTaluUrdiaed\/?locale=et_EE","article_modified_time":"2026-04-05T14:48:52+00:00","og_image":[{"width":698,"height":700,"url":"https:\/\/tammetalu.eu\/wp-content\/uploads\/2023\/04\/Bataat-vineland-early-orange-Ipomoea-batatas-tamme-talu-urdiaed.jpg","type":"image\/jpeg"}],"twitter_card":"summary_large_image","twitter_misc":{"Est. reading time":"1 minute"},"schema":{"@context":"https:\/\/schema.org","@graph":[{"@type":"WebPage","@id":"https:\/\/tammetalu.eu\/toode\/bataat-ehk-maguskartul-vineland-sunrise\/","url":"https:\/\/tammetalu.eu\/toode\/bataat-ehk-maguskartul-vineland-sunrise\/","name":"Bataat (maguskartul) Ipomoea batatas \"Vineland Sunrise\" - Tamme talu \u00fcrdiaed","isPartOf":{"@id":"https:\/\/tammetalu.eu\/#website"},"primaryImageOfPage":{"@id":"https:\/\/tammetalu.eu\/toode\/bataat-ehk-maguskartul-vineland-sunrise\/#primaryimage"},"image":{"@id":"https:\/\/tammetalu.eu\/toode\/bataat-ehk-maguskartul-vineland-sunrise\/#primaryimage"},"thumbnailUrl":"https:\/\/tammetalu.eu\/wp-content\/uploads\/2023\/04\/Bataat-vineland-early-orange-Ipomoea-batatas-tamme-talu-urdiaed.jpg","datePublished":"2024-03-30T14:46:00+00:00","dateModified":"2026-04-05T14:48:52+00:00","description":"Bataat (maguskartul) sort \"Vineland Sunrise\" on lihtsasti kasvatatav ja suure saagikusega ka kehvemate ilmastikutingimuste korral. See sort on oran\u017eika koore ja heledama oran\u017ei viljalihaga.Sordi mugulad on tumelilla koore ja tumelilla sisuga. Violetsete roodudega rohelised lehed ja roosakasvalged \u00f5ied. Mugulad on punakaslilla koore ja valge sisuga. Bataati v\u00f5ib kasvatada nii pinnakattetaimena kui ronitaimena ja nii ilu- kui k\u00f6\u00f6giviljataimena kasvuhoones, avamaal v\u00f5i suures potis l\u00e4bim\u00f5\u00f5duga v\u00e4hemalt 50 cm.","breadcrumb":{"@id":"https:\/\/tammetalu.eu\/toode\/bataat-ehk-maguskartul-vineland-sunrise\/#breadcrumb"},"inLanguage":"lv-LV","potentialAction":[{"@type":"ReadAction","target":["https:\/\/tammetalu.eu\/toode\/bataat-ehk-maguskartul-vineland-sunrise\/"]}]},{"@type":"ImageObject","inLanguage":"lv-LV","@id":"https:\/\/tammetalu.eu\/toode\/bataat-ehk-maguskartul-vineland-sunrise\/#primaryimage","url":"https:\/\/tammetalu.eu\/wp-content\/uploads\/2023\/04\/Bataat-vineland-early-orange-Ipomoea-batatas-tamme-talu-urdiaed.jpg","contentUrl":"https:\/\/tammetalu.eu\/wp-content\/uploads\/2023\/04\/Bataat-vineland-early-orange-Ipomoea-batatas-tamme-talu-urdiaed.jpg","width":698,"height":700,"caption":"Bataat-vineland-early-orange-Ipomoea-batatas-tamme-talu-urdiaed"},{"@type":"BreadcrumbList","@id":"https:\/\/tammetalu.eu\/toode\/bataat-ehk-maguskartul-vineland-sunrise\/#breadcrumb","itemListElement":[{"@type":"ListItem","position":1,"name":"Home","item":"https:\/\/tammetalu.eu\/lv\/galvena-lapa\/"},{"@type":"ListItem","position":2,"name":"Shop","item":"https:\/\/tammetalu.eu\/lv\/shop\/"},{"@type":"ListItem","position":3,"name":"Bataat (maguskartul) Ipomoea batatas &#8220;Vineland Sunrise&#8221;"}]},{"@type":"WebSite","@id":"https:\/\/tammetalu.eu\/#website","url":"https:\/\/tammetalu.eu\/","name":"Tamme talu \u00fcrdiaed","description":"K\u00e4sit\u00f6\u00f6na valmistatud tooted \u00fcrtidest, \u00fcrdiistikud, \u00fcrtide kollektsioonaed","publisher":{"@id":"https:\/\/tammetalu.eu\/#organization"},"alternateName":"Tamme talu","potentialAction":[{"@type":"SearchAction","target":{"@type":"EntryPoint","urlTemplate":"https:\/\/tammetalu.eu\/?s={search_term_string}"},"query-input":{"@type":"PropertyValueSpecification","valueRequired":true,"valueName":"search_term_string"}}],"inLanguage":"lv-LV"},{"@type":"Organization","@id":"https:\/\/tammetalu.eu\/#organization","name":"Tamme talu \u00fcrdiaed","alternateName":"Tamme talu","url":"https:\/\/tammetalu.eu\/","logo":{"@type":"ImageObject","inLanguage":"lv-LV","@id":"https:\/\/tammetalu.eu\/#\/schema\/logo\/image\/","url":"https:\/\/tammetalu.eu\/wp-content\/uploads\/2025\/01\/Tamme_talu_urdiaed.png","contentUrl":"https:\/\/tammetalu.eu\/wp-content\/uploads\/2025\/01\/Tamme_talu_urdiaed.png","width":560,"height":560,"caption":"Tamme talu \u00fcrdiaed"},"image":{"@id":"https:\/\/tammetalu.eu\/#\/schema\/logo\/image\/"},"sameAs":["https:\/\/www.facebook.com\/TammeTaluUrdiaed\/?locale=et_EE","https:\/\/www.instagram.com\/tammetaluurdiaed\/"]}]}},"_links":{"self":[{"href":"https:\/\/tammetalu.eu\/lv\/wp-json\/wp\/v2\/product\/20258","targetHints":{"allow":["GET"]}}],"collection":[{"href":"https:\/\/tammetalu.eu\/lv\/wp-json\/wp\/v2\/product"}],"about":[{"href":"https:\/\/tammetalu.eu\/lv\/wp-json\/wp\/v2\/types\/product"}],"wp:featuredmedia":[{"embeddable":true,"href":"https:\/\/tammetalu.eu\/lv\/wp-json\/wp\/v2\/media\/17616"}],"wp:attachment":[{"href":"https:\/\/tammetalu.eu\/lv\/wp-json\/wp\/v2\/media?parent=20258"}],"wp:term":[{"taxonomy":"product_brand","embeddable":true,"href":"https:\/\/tammetalu.eu\/lv\/wp-json\/wp\/v2\/product_brand?post=20258"},{"taxonomy":"product_cat","embeddable":true,"href":"https:\/\/tammetalu.eu\/lv\/wp-json\/wp\/v2\/product_cat?post=20258"},{"taxonomy":"product_tag","embeddable":true,"href":"https:\/\/tammetalu.eu\/lv\/wp-json\/wp\/v2\/product_tag?post=20258"}],"curies":[{"name":"wp","href":"https:\/\/api.w.org\/{rel}","templated":true}]}}