{"id":20272,"date":"2024-03-31T23:06:05","date_gmt":"2024-03-31T20:06:05","guid":{"rendered":"https:\/\/tammetalu.eu\/?post_type=product&#038;p=20272"},"modified":"2026-02-05T13:34:31","modified_gmt":"2026-02-05T11:34:31","slug":"roomav-akakapsas-feathered-friends-tropical-toucan","status":"publish","type":"product","link":"https:\/\/tammetalu.eu\/lv\/toode\/roomav-akakapsas-feathered-friends-tropical-toucan\/","title":{"rendered":"Roomav akakapsas Ajuga reptans &#8220;Feathered Friends Tropical Toucan&#8221;"},"content":{"rendered":"","protected":false},"excerpt":{"rendered":"<p>Roomav akakapsas Ajuga reptans \u201cFeathered Friends Tropical Toucan\u201d<\/p>\n<p>LAT:\u00a0 Ajuga reptans \u201cFeathered Friends Tropical Toucan&#8221;<\/p>\n<p>ENG: Common Bugelweed<\/p>\n<p>RU:\u00a0 \u0416\u0438\u0432\u0443\u0447\u043a\u0430 \u043f\u043e\u043b\u0437\u0443\u0447\u0430\u044f<\/p>\n<p>FI: Suikertava akankaali<\/p>\n<p>Roomav akakapsas on igihaljas kena v\u00e4limusega, v\u00e4ga vastupidav ja v\u00e4hen\u00f5udlik pinnakattetaim, mille lehed ja sinised \u00f5ied on lisaks ilule ka toiduks tarvitatavad. Akakapsaid saab kasutada iseseisva r\u00f5\u00f5msa v\u00e4rvilaiguna, suuremate taimede taustaks v\u00f5i kasvatada madalates aiavaasides. Parim kasvukoht on parasniiske muld ja poolvarjuline kuni varjuline kasvukoht. Kui mullas on piisavalt niiskust, siis saab akakapsas hakkama ka lausp\u00e4ikeses, moodustades v\u00e4rvilise tiheda padjandi. Levib v\u00f5sunditega, seemed meie tingimuses ei valmi.<\/p>\n<p>Akakapsa noorte lehtede, v\u00f5rsete ja \u00f5ite maitse on sarnaselt sigurile m\u00f5rudapoolne, seep\u00e4rast ei maksa ainult akakapsa lehtedest salatit teha, kuid v\u00e4hesel m\u00e4\u00e4ral sobib ta salatisegudesse koos teiste mahedamate taimedega. Akakapsa kaunilt v\u00e4rvilised lehed ja sinised \u00f5ied sobivad toitude kaunistamiseks.<\/p>\n<p>Rahvameditsiinis on taime kasutatud verejooksude peatamiseks ja mitmete kopsuhaiguste raviks, lisaks s\u00fcdamet\u00f6\u00f6 ergutamiseks. Taime on kasutatud liigse alkoholitarbimise v\u00e4hendamiseks.<\/p>\n<p>K\u00f5rgus: kuni 0,15 m<\/p>\n<p>\u00d5itsemise aeg: VI-VIII<\/p>\n<p>Talvekindlus: Talvekindel<\/p>\n<p>Poti suurus : 9-11<\/p>\n<p>&nbsp;<\/p>\n","protected":false},"featured_media":20311,"template":"","meta":{"_acf_changed":false,"_et_pb_use_builder":"","_et_pb_old_content":"","_et_gb_content_width":"","inline_featured_image":false},"product_brand":[],"product_cat":[213,186,200],"product_tag":[],"class_list":{"0":"post-20272","1":"product","2":"type-product","3":"status-publish","4":"has-post-thumbnail","6":"product_cat-akakapsad","7":"product_cat-maitse-ja-ravimtaimede-istikud","8":"product_cat-muud-maitsetaimed","10":"first","11":"instock","12":"sale","13":"taxable","14":"shipping-taxable","15":"purchasable","16":"product-type-simple"},"acf":[],"yoast_head":"<!-- This site is optimized with the Yoast SEO plugin v26.4 - https:\/\/yoast.com\/wordpress\/plugins\/seo\/ -->\n<title>Roomav akakapsas Ajuga reptans &quot;Feathered Friends Tropical Toucan&quot; - Tamme talu \u00fcrdiaed<\/title>\n<meta name=\"robots\" content=\"index, follow, max-snippet:-1, max-image-preview:large, max-video-preview:-1\" \/>\n<link rel=\"canonical\" href=\"https:\/\/tammetalu.eu\/toode\/roomav-akakapsas-feathered-friends-tropical-toucan\/\" \/>\n<meta property=\"og:locale\" content=\"lv_LV\" \/>\n<meta property=\"og:type\" content=\"article\" \/>\n<meta property=\"og:title\" content=\"Roomav akakapsas Ajuga reptans &quot;Feathered Friends Tropical Toucan&quot; - Tamme talu \u00fcrdiaed\" \/>\n<meta property=\"og:description\" content=\"Roomav akakapsas Ajuga reptans \u201cFeathered Friends Tropical Toucan\u201d  LAT:\u00a0 Ajuga reptans \u201cFeathered Friends Tropical Toucan&quot;  ENG: Common Bugelweed  RU:\u00a0 \u0416\u0438\u0432\u0443\u0447\u043a\u0430 \u043f\u043e\u043b\u0437\u0443\u0447\u0430\u044f  FI: Suikertava akankaali  Roomav akakapsas on igihaljas kena v\u00e4limusega, v\u00e4ga vastupidav ja v\u00e4hen\u00f5udlik pinnakattetaim, mille lehed ja sinised \u00f5ied on lisaks ilule ka toiduks tarvitatavad. Akakapsaid saab kasutada iseseisva r\u00f5\u00f5msa v\u00e4rvilaiguna, suuremate taimede taustaks v\u00f5i kasvatada madalates aiavaasides. Parim kasvukoht on parasniiske muld ja poolvarjuline kuni varjuline kasvukoht. Kui mullas on piisavalt niiskust, siis saab akakapsas hakkama ka lausp\u00e4ikeses, moodustades v\u00e4rvilise tiheda padjandi. Levib v\u00f5sunditega, seemed meie tingimuses ei valmi.  Akakapsa noorte lehtede, v\u00f5rsete ja \u00f5ite maitse on sarnaselt sigurile m\u00f5rudapoolne, seep\u00e4rast ei maksa ainult akakapsa lehtedest salatit teha, kuid v\u00e4hesel m\u00e4\u00e4ral sobib ta salatisegudesse koos teiste mahedamate taimedega. Akakapsa kaunilt v\u00e4rvilised lehed ja sinised \u00f5ied sobivad toitude kaunistamiseks.  Rahvameditsiinis on taime kasutatud verejooksude peatamiseks ja mitmete kopsuhaiguste raviks, lisaks s\u00fcdamet\u00f6\u00f6 ergutamiseks. Taime on kasutatud liigse alkoholitarbimise v\u00e4hendamiseks.  K\u00f5rgus: kuni 0,15 m  \u00d5itsemise aeg: VI-VIII  Talvekindlus: Talvekindel  Poti suurus : 9-11  &nbsp;\" \/>\n<meta property=\"og:url\" content=\"https:\/\/tammetalu.eu\/toode\/roomav-akakapsas-feathered-friends-tropical-toucan\/\" \/>\n<meta property=\"og:site_name\" content=\"Tamme talu \u00fcrdiaed\" \/>\n<meta property=\"article:publisher\" content=\"https:\/\/www.facebook.com\/TammeTaluUrdiaed\/?locale=et_EE\" \/>\n<meta property=\"article:modified_time\" content=\"2026-02-05T11:34:31+00:00\" \/>\n<meta property=\"og:image\" content=\"https:\/\/tammetalu.eu\/wp-content\/uploads\/2024\/03\/roomav-akakapsas-ajuga-reptans-feathered-friends-tropical-tamme-talu-urdiaed.jpg\" \/>\n\t<meta property=\"og:image:width\" content=\"800\" \/>\n\t<meta property=\"og:image:height\" content=\"800\" \/>\n\t<meta property=\"og:image:type\" content=\"image\/jpeg\" \/>\n<meta name=\"twitter:card\" content=\"summary_large_image\" \/>\n<meta name=\"twitter:label1\" content=\"Est. reading time\" \/>\n\t<meta name=\"twitter:data1\" content=\"1 minute\" \/>\n<script type=\"application\/ld+json\" class=\"yoast-schema-graph\">{\"@context\":\"https:\/\/schema.org\",\"@graph\":[{\"@type\":\"WebPage\",\"@id\":\"https:\/\/tammetalu.eu\/toode\/roomav-akakapsas-feathered-friends-tropical-toucan\/\",\"url\":\"https:\/\/tammetalu.eu\/toode\/roomav-akakapsas-feathered-friends-tropical-toucan\/\",\"name\":\"Roomav akakapsas Ajuga reptans \\\"Feathered Friends Tropical Toucan\\\" - Tamme talu \u00fcrdiaed\",\"isPartOf\":{\"@id\":\"https:\/\/tammetalu.eu\/#website\"},\"primaryImageOfPage\":{\"@id\":\"https:\/\/tammetalu.eu\/toode\/roomav-akakapsas-feathered-friends-tropical-toucan\/#primaryimage\"},\"image\":{\"@id\":\"https:\/\/tammetalu.eu\/toode\/roomav-akakapsas-feathered-friends-tropical-toucan\/#primaryimage\"},\"thumbnailUrl\":\"https:\/\/tammetalu.eu\/wp-content\/uploads\/2024\/03\/roomav-akakapsas-ajuga-reptans-feathered-friends-tropical-tamme-talu-urdiaed.jpg\",\"datePublished\":\"2024-03-31T20:06:05+00:00\",\"dateModified\":\"2026-02-05T11:34:31+00:00\",\"breadcrumb\":{\"@id\":\"https:\/\/tammetalu.eu\/toode\/roomav-akakapsas-feathered-friends-tropical-toucan\/#breadcrumb\"},\"inLanguage\":\"lv-LV\",\"potentialAction\":[{\"@type\":\"ReadAction\",\"target\":[\"https:\/\/tammetalu.eu\/toode\/roomav-akakapsas-feathered-friends-tropical-toucan\/\"]}]},{\"@type\":\"ImageObject\",\"inLanguage\":\"lv-LV\",\"@id\":\"https:\/\/tammetalu.eu\/toode\/roomav-akakapsas-feathered-friends-tropical-toucan\/#primaryimage\",\"url\":\"https:\/\/tammetalu.eu\/wp-content\/uploads\/2024\/03\/roomav-akakapsas-ajuga-reptans-feathered-friends-tropical-tamme-talu-urdiaed.jpg\",\"contentUrl\":\"https:\/\/tammetalu.eu\/wp-content\/uploads\/2024\/03\/roomav-akakapsas-ajuga-reptans-feathered-friends-tropical-tamme-talu-urdiaed.jpg\",\"width\":800,\"height\":800,\"caption\":\"roomav-akakapsas-ajuga-reptans-feathered-friends-tropical-tamme-talu-urdiaed\"},{\"@type\":\"BreadcrumbList\",\"@id\":\"https:\/\/tammetalu.eu\/toode\/roomav-akakapsas-feathered-friends-tropical-toucan\/#breadcrumb\",\"itemListElement\":[{\"@type\":\"ListItem\",\"position\":1,\"name\":\"Home\",\"item\":\"https:\/\/tammetalu.eu\/lv\/galvena-lapa\/\"},{\"@type\":\"ListItem\",\"position\":2,\"name\":\"Shop\",\"item\":\"https:\/\/tammetalu.eu\/lv\/shop\/\"},{\"@type\":\"ListItem\",\"position\":3,\"name\":\"Roomav akakapsas Ajuga reptans &#8220;Feathered Friends Tropical Toucan&#8221;\"}]},{\"@type\":\"WebSite\",\"@id\":\"https:\/\/tammetalu.eu\/#website\",\"url\":\"https:\/\/tammetalu.eu\/\",\"name\":\"Tamme talu \u00fcrdiaed\",\"description\":\"K\u00e4sit\u00f6\u00f6na valmistatud tooted \u00fcrtidest, \u00fcrdiistikud, \u00fcrtide kollektsioonaed\",\"publisher\":{\"@id\":\"https:\/\/tammetalu.eu\/#organization\"},\"alternateName\":\"Tamme talu\",\"potentialAction\":[{\"@type\":\"SearchAction\",\"target\":{\"@type\":\"EntryPoint\",\"urlTemplate\":\"https:\/\/tammetalu.eu\/?s={search_term_string}\"},\"query-input\":{\"@type\":\"PropertyValueSpecification\",\"valueRequired\":true,\"valueName\":\"search_term_string\"}}],\"inLanguage\":\"lv-LV\"},{\"@type\":\"Organization\",\"@id\":\"https:\/\/tammetalu.eu\/#organization\",\"name\":\"Tamme talu \u00fcrdiaed\",\"alternateName\":\"Tamme talu\",\"url\":\"https:\/\/tammetalu.eu\/\",\"logo\":{\"@type\":\"ImageObject\",\"inLanguage\":\"lv-LV\",\"@id\":\"https:\/\/tammetalu.eu\/#\/schema\/logo\/image\/\",\"url\":\"https:\/\/tammetalu.eu\/wp-content\/uploads\/2025\/01\/Tamme_talu_urdiaed.png\",\"contentUrl\":\"https:\/\/tammetalu.eu\/wp-content\/uploads\/2025\/01\/Tamme_talu_urdiaed.png\",\"width\":560,\"height\":560,\"caption\":\"Tamme talu \u00fcrdiaed\"},\"image\":{\"@id\":\"https:\/\/tammetalu.eu\/#\/schema\/logo\/image\/\"},\"sameAs\":[\"https:\/\/www.facebook.com\/TammeTaluUrdiaed\/?locale=et_EE\",\"https:\/\/www.instagram.com\/tammetaluurdiaed\/\"]}]}<\/script>\n<!-- \/ Yoast SEO plugin. -->","yoast_head_json":{"title":"Roomav akakapsas Ajuga reptans \"Feathered Friends Tropical Toucan\" - Tamme talu \u00fcrdiaed","robots":{"index":"index","follow":"follow","max-snippet":"max-snippet:-1","max-image-preview":"max-image-preview:large","max-video-preview":"max-video-preview:-1"},"canonical":"https:\/\/tammetalu.eu\/toode\/roomav-akakapsas-feathered-friends-tropical-toucan\/","og_locale":"lv_LV","og_type":"article","og_title":"Roomav akakapsas Ajuga reptans \"Feathered Friends Tropical Toucan\" - Tamme talu \u00fcrdiaed","og_description":"Roomav akakapsas Ajuga reptans \u201cFeathered Friends Tropical Toucan\u201d  LAT:\u00a0 Ajuga reptans \u201cFeathered Friends Tropical Toucan\"  ENG: Common Bugelweed  RU:\u00a0 \u0416\u0438\u0432\u0443\u0447\u043a\u0430 \u043f\u043e\u043b\u0437\u0443\u0447\u0430\u044f  FI: Suikertava akankaali  Roomav akakapsas on igihaljas kena v\u00e4limusega, v\u00e4ga vastupidav ja v\u00e4hen\u00f5udlik pinnakattetaim, mille lehed ja sinised \u00f5ied on lisaks ilule ka toiduks tarvitatavad. Akakapsaid saab kasutada iseseisva r\u00f5\u00f5msa v\u00e4rvilaiguna, suuremate taimede taustaks v\u00f5i kasvatada madalates aiavaasides. Parim kasvukoht on parasniiske muld ja poolvarjuline kuni varjuline kasvukoht. Kui mullas on piisavalt niiskust, siis saab akakapsas hakkama ka lausp\u00e4ikeses, moodustades v\u00e4rvilise tiheda padjandi. Levib v\u00f5sunditega, seemed meie tingimuses ei valmi.  Akakapsa noorte lehtede, v\u00f5rsete ja \u00f5ite maitse on sarnaselt sigurile m\u00f5rudapoolne, seep\u00e4rast ei maksa ainult akakapsa lehtedest salatit teha, kuid v\u00e4hesel m\u00e4\u00e4ral sobib ta salatisegudesse koos teiste mahedamate taimedega. Akakapsa kaunilt v\u00e4rvilised lehed ja sinised \u00f5ied sobivad toitude kaunistamiseks.  Rahvameditsiinis on taime kasutatud verejooksude peatamiseks ja mitmete kopsuhaiguste raviks, lisaks s\u00fcdamet\u00f6\u00f6 ergutamiseks. Taime on kasutatud liigse alkoholitarbimise v\u00e4hendamiseks.  K\u00f5rgus: kuni 0,15 m  \u00d5itsemise aeg: VI-VIII  Talvekindlus: Talvekindel  Poti suurus : 9-11  &nbsp;","og_url":"https:\/\/tammetalu.eu\/toode\/roomav-akakapsas-feathered-friends-tropical-toucan\/","og_site_name":"Tamme talu \u00fcrdiaed","article_publisher":"https:\/\/www.facebook.com\/TammeTaluUrdiaed\/?locale=et_EE","article_modified_time":"2026-02-05T11:34:31+00:00","og_image":[{"width":800,"height":800,"url":"https:\/\/tammetalu.eu\/wp-content\/uploads\/2024\/03\/roomav-akakapsas-ajuga-reptans-feathered-friends-tropical-tamme-talu-urdiaed.jpg","type":"image\/jpeg"}],"twitter_card":"summary_large_image","twitter_misc":{"Est. reading time":"1 minute"},"schema":{"@context":"https:\/\/schema.org","@graph":[{"@type":"WebPage","@id":"https:\/\/tammetalu.eu\/toode\/roomav-akakapsas-feathered-friends-tropical-toucan\/","url":"https:\/\/tammetalu.eu\/toode\/roomav-akakapsas-feathered-friends-tropical-toucan\/","name":"Roomav akakapsas Ajuga reptans \"Feathered Friends Tropical Toucan\" - Tamme talu \u00fcrdiaed","isPartOf":{"@id":"https:\/\/tammetalu.eu\/#website"},"primaryImageOfPage":{"@id":"https:\/\/tammetalu.eu\/toode\/roomav-akakapsas-feathered-friends-tropical-toucan\/#primaryimage"},"image":{"@id":"https:\/\/tammetalu.eu\/toode\/roomav-akakapsas-feathered-friends-tropical-toucan\/#primaryimage"},"thumbnailUrl":"https:\/\/tammetalu.eu\/wp-content\/uploads\/2024\/03\/roomav-akakapsas-ajuga-reptans-feathered-friends-tropical-tamme-talu-urdiaed.jpg","datePublished":"2024-03-31T20:06:05+00:00","dateModified":"2026-02-05T11:34:31+00:00","breadcrumb":{"@id":"https:\/\/tammetalu.eu\/toode\/roomav-akakapsas-feathered-friends-tropical-toucan\/#breadcrumb"},"inLanguage":"lv-LV","potentialAction":[{"@type":"ReadAction","target":["https:\/\/tammetalu.eu\/toode\/roomav-akakapsas-feathered-friends-tropical-toucan\/"]}]},{"@type":"ImageObject","inLanguage":"lv-LV","@id":"https:\/\/tammetalu.eu\/toode\/roomav-akakapsas-feathered-friends-tropical-toucan\/#primaryimage","url":"https:\/\/tammetalu.eu\/wp-content\/uploads\/2024\/03\/roomav-akakapsas-ajuga-reptans-feathered-friends-tropical-tamme-talu-urdiaed.jpg","contentUrl":"https:\/\/tammetalu.eu\/wp-content\/uploads\/2024\/03\/roomav-akakapsas-ajuga-reptans-feathered-friends-tropical-tamme-talu-urdiaed.jpg","width":800,"height":800,"caption":"roomav-akakapsas-ajuga-reptans-feathered-friends-tropical-tamme-talu-urdiaed"},{"@type":"BreadcrumbList","@id":"https:\/\/tammetalu.eu\/toode\/roomav-akakapsas-feathered-friends-tropical-toucan\/#breadcrumb","itemListElement":[{"@type":"ListItem","position":1,"name":"Home","item":"https:\/\/tammetalu.eu\/lv\/galvena-lapa\/"},{"@type":"ListItem","position":2,"name":"Shop","item":"https:\/\/tammetalu.eu\/lv\/shop\/"},{"@type":"ListItem","position":3,"name":"Roomav akakapsas Ajuga reptans &#8220;Feathered Friends Tropical Toucan&#8221;"}]},{"@type":"WebSite","@id":"https:\/\/tammetalu.eu\/#website","url":"https:\/\/tammetalu.eu\/","name":"Tamme talu \u00fcrdiaed","description":"K\u00e4sit\u00f6\u00f6na valmistatud tooted \u00fcrtidest, \u00fcrdiistikud, \u00fcrtide kollektsioonaed","publisher":{"@id":"https:\/\/tammetalu.eu\/#organization"},"alternateName":"Tamme talu","potentialAction":[{"@type":"SearchAction","target":{"@type":"EntryPoint","urlTemplate":"https:\/\/tammetalu.eu\/?s={search_term_string}"},"query-input":{"@type":"PropertyValueSpecification","valueRequired":true,"valueName":"search_term_string"}}],"inLanguage":"lv-LV"},{"@type":"Organization","@id":"https:\/\/tammetalu.eu\/#organization","name":"Tamme talu \u00fcrdiaed","alternateName":"Tamme talu","url":"https:\/\/tammetalu.eu\/","logo":{"@type":"ImageObject","inLanguage":"lv-LV","@id":"https:\/\/tammetalu.eu\/#\/schema\/logo\/image\/","url":"https:\/\/tammetalu.eu\/wp-content\/uploads\/2025\/01\/Tamme_talu_urdiaed.png","contentUrl":"https:\/\/tammetalu.eu\/wp-content\/uploads\/2025\/01\/Tamme_talu_urdiaed.png","width":560,"height":560,"caption":"Tamme talu \u00fcrdiaed"},"image":{"@id":"https:\/\/tammetalu.eu\/#\/schema\/logo\/image\/"},"sameAs":["https:\/\/www.facebook.com\/TammeTaluUrdiaed\/?locale=et_EE","https:\/\/www.instagram.com\/tammetaluurdiaed\/"]}]}},"_links":{"self":[{"href":"https:\/\/tammetalu.eu\/lv\/wp-json\/wp\/v2\/product\/20272","targetHints":{"allow":["GET"]}}],"collection":[{"href":"https:\/\/tammetalu.eu\/lv\/wp-json\/wp\/v2\/product"}],"about":[{"href":"https:\/\/tammetalu.eu\/lv\/wp-json\/wp\/v2\/types\/product"}],"wp:featuredmedia":[{"embeddable":true,"href":"https:\/\/tammetalu.eu\/lv\/wp-json\/wp\/v2\/media\/20311"}],"wp:attachment":[{"href":"https:\/\/tammetalu.eu\/lv\/wp-json\/wp\/v2\/media?parent=20272"}],"wp:term":[{"taxonomy":"product_brand","embeddable":true,"href":"https:\/\/tammetalu.eu\/lv\/wp-json\/wp\/v2\/product_brand?post=20272"},{"taxonomy":"product_cat","embeddable":true,"href":"https:\/\/tammetalu.eu\/lv\/wp-json\/wp\/v2\/product_cat?post=20272"},{"taxonomy":"product_tag","embeddable":true,"href":"https:\/\/tammetalu.eu\/lv\/wp-json\/wp\/v2\/product_tag?post=20272"}],"curies":[{"name":"wp","href":"https:\/\/api.w.org\/{rel}","templated":true}]}}