{"id":20640,"date":"2024-04-13T20:50:39","date_gmt":"2024-04-13T17:50:39","guid":{"rendered":"https:\/\/tammetalu.eu\/?post_type=product&#038;p=20640"},"modified":"2026-04-14T23:02:57","modified_gmt":"2026-04-14T20:02:57","slug":"harilik-nurmenukk","status":"publish","type":"product","link":"https:\/\/tammetalu.eu\/lv\/toode\/harilik-nurmenukk\/","title":{"rendered":"Harilik nurmenukk Primula veris"},"content":{"rendered":"","protected":false},"excerpt":{"rendered":"<p><i>Primula veris<\/i><\/p>\n<p>Harilik nurmenukk on t\u00e4iesti talvekindel eestimaine looduslik liik, mida kasutatakse ravim- ja toidutaimena. Ei n\u00f5ua palju hoolt kasvatamisel. Sobib eriti h\u00e4sti kasvama loodusliku ilmega aeda ning lilleniidule\u00a0 v\u00f5i lillepeenrasse. \u00d5ied on kollased. Paljundada saab taime k\u00f5ige h\u00f5lpsamalt jagamise teel.<\/p>\n<p>V\u00e4rskelt kogutud noored lehed sobivad leivakatteks, salatitesse ja roogadele lisandiks. Lehed sisaldavad rohkelt C-vitamiini.<\/p>\n<p>\u00d5isi kasutatakse teeks ja toitude kaunistamiseks. Juured on kasutusel rahvameditsiinis k\u00f6ha leevendava vahendina.<sup id=\"cite_ref-6\" class=\"reference\"><\/sup><\/p>\n<p>&nbsp;<\/p>\n<p>&nbsp;<\/p>\n","protected":false},"featured_media":20720,"template":"","meta":{"_acf_changed":false,"_et_pb_use_builder":"","_et_pb_old_content":"","_et_gb_content_width":"","inline_featured_image":false},"product_brand":[],"product_cat":[247,186,200],"product_tag":[],"class_list":{"0":"post-20640","1":"product","2":"type-product","3":"status-publish","4":"has-post-thumbnail","6":"product_cat-rohenappude-lemmikud","7":"product_cat-maitse-ja-ravimtaimede-istikud","8":"product_cat-muud-maitsetaimed","10":"first","11":"instock","12":"sale","13":"taxable","14":"shipping-taxable","15":"purchasable","16":"product-type-simple"},"acf":[],"yoast_head":"<!-- This site is optimized with the Yoast SEO plugin v26.4 - https:\/\/yoast.com\/wordpress\/plugins\/seo\/ -->\n<title>Harilik nurmenukk Primula veris - Tamme talu \u00fcrdiaed<\/title>\n<meta name=\"robots\" content=\"index, follow, max-snippet:-1, max-image-preview:large, max-video-preview:-1\" \/>\n<link rel=\"canonical\" href=\"https:\/\/tammetalu.eu\/toode\/harilik-nurmenukk\/\" \/>\n<meta property=\"og:locale\" content=\"lv_LV\" \/>\n<meta property=\"og:type\" content=\"article\" \/>\n<meta property=\"og:title\" content=\"Harilik nurmenukk Primula veris - Tamme talu \u00fcrdiaed\" \/>\n<meta property=\"og:description\" content=\"Primula veris  Harilik nurmenukk on t\u00e4iesti talvekindel eestimaine looduslik liik, mida kasutatakse ravim- ja toidutaimena. Ei n\u00f5ua palju hoolt kasvatamisel. Sobib eriti h\u00e4sti kasvama loodusliku ilmega aeda ning lilleniidule\u00a0 v\u00f5i lillepeenrasse. \u00d5ied on kollased. Paljundada saab taime k\u00f5ige h\u00f5lpsamalt jagamise teel.  V\u00e4rskelt kogutud noored lehed sobivad leivakatteks, salatitesse ja roogadele lisandiks. Lehed sisaldavad rohkelt C-vitamiini.  \u00d5isi kasutatakse teeks ja toitude kaunistamiseks. Juured on kasutusel rahvameditsiinis k\u00f6ha leevendava vahendina.  &nbsp;  &nbsp;\" \/>\n<meta property=\"og:url\" content=\"https:\/\/tammetalu.eu\/toode\/harilik-nurmenukk\/\" \/>\n<meta property=\"og:site_name\" content=\"Tamme talu \u00fcrdiaed\" \/>\n<meta property=\"article:publisher\" content=\"https:\/\/www.facebook.com\/TammeTaluUrdiaed\/?locale=et_EE\" \/>\n<meta property=\"article:modified_time\" content=\"2026-04-14T20:02:57+00:00\" \/>\n<meta property=\"og:image\" content=\"https:\/\/tammetalu.eu\/wp-content\/uploads\/2024\/04\/Harilik_nurmenukk_Primula_veris_tamme_talu_urdiaed.jpg\" \/>\n\t<meta property=\"og:image:width\" content=\"500\" \/>\n\t<meta property=\"og:image:height\" content=\"500\" \/>\n\t<meta property=\"og:image:type\" content=\"image\/jpeg\" \/>\n<meta name=\"twitter:card\" content=\"summary_large_image\" \/>\n<meta name=\"twitter:label1\" content=\"Est. reading time\" \/>\n\t<meta name=\"twitter:data1\" content=\"1 minute\" \/>\n<script type=\"application\/ld+json\" class=\"yoast-schema-graph\">{\"@context\":\"https:\/\/schema.org\",\"@graph\":[{\"@type\":\"WebPage\",\"@id\":\"https:\/\/tammetalu.eu\/toode\/harilik-nurmenukk\/\",\"url\":\"https:\/\/tammetalu.eu\/toode\/harilik-nurmenukk\/\",\"name\":\"Harilik nurmenukk Primula veris - Tamme talu \u00fcrdiaed\",\"isPartOf\":{\"@id\":\"https:\/\/tammetalu.eu\/#website\"},\"primaryImageOfPage\":{\"@id\":\"https:\/\/tammetalu.eu\/toode\/harilik-nurmenukk\/#primaryimage\"},\"image\":{\"@id\":\"https:\/\/tammetalu.eu\/toode\/harilik-nurmenukk\/#primaryimage\"},\"thumbnailUrl\":\"https:\/\/tammetalu.eu\/wp-content\/uploads\/2024\/04\/Harilik_nurmenukk_Primula_veris_tamme_talu_urdiaed.jpg\",\"datePublished\":\"2024-04-13T17:50:39+00:00\",\"dateModified\":\"2026-04-14T20:02:57+00:00\",\"breadcrumb\":{\"@id\":\"https:\/\/tammetalu.eu\/toode\/harilik-nurmenukk\/#breadcrumb\"},\"inLanguage\":\"lv-LV\",\"potentialAction\":[{\"@type\":\"ReadAction\",\"target\":[\"https:\/\/tammetalu.eu\/toode\/harilik-nurmenukk\/\"]}]},{\"@type\":\"ImageObject\",\"inLanguage\":\"lv-LV\",\"@id\":\"https:\/\/tammetalu.eu\/toode\/harilik-nurmenukk\/#primaryimage\",\"url\":\"https:\/\/tammetalu.eu\/wp-content\/uploads\/2024\/04\/Harilik_nurmenukk_Primula_veris_tamme_talu_urdiaed.jpg\",\"contentUrl\":\"https:\/\/tammetalu.eu\/wp-content\/uploads\/2024\/04\/Harilik_nurmenukk_Primula_veris_tamme_talu_urdiaed.jpg\",\"width\":500,\"height\":500,\"caption\":\"Harilik_nurmenukk_Primula_veris_tamme_talu_urdiaed\"},{\"@type\":\"BreadcrumbList\",\"@id\":\"https:\/\/tammetalu.eu\/toode\/harilik-nurmenukk\/#breadcrumb\",\"itemListElement\":[{\"@type\":\"ListItem\",\"position\":1,\"name\":\"Home\",\"item\":\"https:\/\/tammetalu.eu\/lv\/galvena-lapa\/\"},{\"@type\":\"ListItem\",\"position\":2,\"name\":\"Shop\",\"item\":\"https:\/\/tammetalu.eu\/lv\/shop\/\"},{\"@type\":\"ListItem\",\"position\":3,\"name\":\"Harilik nurmenukk Primula veris\"}]},{\"@type\":\"WebSite\",\"@id\":\"https:\/\/tammetalu.eu\/#website\",\"url\":\"https:\/\/tammetalu.eu\/\",\"name\":\"Tamme talu \u00fcrdiaed\",\"description\":\"K\u00e4sit\u00f6\u00f6na valmistatud tooted \u00fcrtidest, \u00fcrdiistikud, \u00fcrtide kollektsioonaed\",\"publisher\":{\"@id\":\"https:\/\/tammetalu.eu\/#organization\"},\"alternateName\":\"Tamme talu\",\"potentialAction\":[{\"@type\":\"SearchAction\",\"target\":{\"@type\":\"EntryPoint\",\"urlTemplate\":\"https:\/\/tammetalu.eu\/?s={search_term_string}\"},\"query-input\":{\"@type\":\"PropertyValueSpecification\",\"valueRequired\":true,\"valueName\":\"search_term_string\"}}],\"inLanguage\":\"lv-LV\"},{\"@type\":\"Organization\",\"@id\":\"https:\/\/tammetalu.eu\/#organization\",\"name\":\"Tamme talu \u00fcrdiaed\",\"alternateName\":\"Tamme talu\",\"url\":\"https:\/\/tammetalu.eu\/\",\"logo\":{\"@type\":\"ImageObject\",\"inLanguage\":\"lv-LV\",\"@id\":\"https:\/\/tammetalu.eu\/#\/schema\/logo\/image\/\",\"url\":\"https:\/\/tammetalu.eu\/wp-content\/uploads\/2025\/01\/Tamme_talu_urdiaed.png\",\"contentUrl\":\"https:\/\/tammetalu.eu\/wp-content\/uploads\/2025\/01\/Tamme_talu_urdiaed.png\",\"width\":560,\"height\":560,\"caption\":\"Tamme talu \u00fcrdiaed\"},\"image\":{\"@id\":\"https:\/\/tammetalu.eu\/#\/schema\/logo\/image\/\"},\"sameAs\":[\"https:\/\/www.facebook.com\/TammeTaluUrdiaed\/?locale=et_EE\",\"https:\/\/www.instagram.com\/tammetaluurdiaed\/\"]}]}<\/script>\n<!-- \/ Yoast SEO plugin. -->","yoast_head_json":{"title":"Harilik nurmenukk Primula veris - Tamme talu \u00fcrdiaed","robots":{"index":"index","follow":"follow","max-snippet":"max-snippet:-1","max-image-preview":"max-image-preview:large","max-video-preview":"max-video-preview:-1"},"canonical":"https:\/\/tammetalu.eu\/toode\/harilik-nurmenukk\/","og_locale":"lv_LV","og_type":"article","og_title":"Harilik nurmenukk Primula veris - Tamme talu \u00fcrdiaed","og_description":"Primula veris  Harilik nurmenukk on t\u00e4iesti talvekindel eestimaine looduslik liik, mida kasutatakse ravim- ja toidutaimena. Ei n\u00f5ua palju hoolt kasvatamisel. Sobib eriti h\u00e4sti kasvama loodusliku ilmega aeda ning lilleniidule\u00a0 v\u00f5i lillepeenrasse. \u00d5ied on kollased. Paljundada saab taime k\u00f5ige h\u00f5lpsamalt jagamise teel.  V\u00e4rskelt kogutud noored lehed sobivad leivakatteks, salatitesse ja roogadele lisandiks. Lehed sisaldavad rohkelt C-vitamiini.  \u00d5isi kasutatakse teeks ja toitude kaunistamiseks. Juured on kasutusel rahvameditsiinis k\u00f6ha leevendava vahendina.  &nbsp;  &nbsp;","og_url":"https:\/\/tammetalu.eu\/toode\/harilik-nurmenukk\/","og_site_name":"Tamme talu \u00fcrdiaed","article_publisher":"https:\/\/www.facebook.com\/TammeTaluUrdiaed\/?locale=et_EE","article_modified_time":"2026-04-14T20:02:57+00:00","og_image":[{"width":500,"height":500,"url":"https:\/\/tammetalu.eu\/wp-content\/uploads\/2024\/04\/Harilik_nurmenukk_Primula_veris_tamme_talu_urdiaed.jpg","type":"image\/jpeg"}],"twitter_card":"summary_large_image","twitter_misc":{"Est. reading time":"1 minute"},"schema":{"@context":"https:\/\/schema.org","@graph":[{"@type":"WebPage","@id":"https:\/\/tammetalu.eu\/toode\/harilik-nurmenukk\/","url":"https:\/\/tammetalu.eu\/toode\/harilik-nurmenukk\/","name":"Harilik nurmenukk Primula veris - Tamme talu \u00fcrdiaed","isPartOf":{"@id":"https:\/\/tammetalu.eu\/#website"},"primaryImageOfPage":{"@id":"https:\/\/tammetalu.eu\/toode\/harilik-nurmenukk\/#primaryimage"},"image":{"@id":"https:\/\/tammetalu.eu\/toode\/harilik-nurmenukk\/#primaryimage"},"thumbnailUrl":"https:\/\/tammetalu.eu\/wp-content\/uploads\/2024\/04\/Harilik_nurmenukk_Primula_veris_tamme_talu_urdiaed.jpg","datePublished":"2024-04-13T17:50:39+00:00","dateModified":"2026-04-14T20:02:57+00:00","breadcrumb":{"@id":"https:\/\/tammetalu.eu\/toode\/harilik-nurmenukk\/#breadcrumb"},"inLanguage":"lv-LV","potentialAction":[{"@type":"ReadAction","target":["https:\/\/tammetalu.eu\/toode\/harilik-nurmenukk\/"]}]},{"@type":"ImageObject","inLanguage":"lv-LV","@id":"https:\/\/tammetalu.eu\/toode\/harilik-nurmenukk\/#primaryimage","url":"https:\/\/tammetalu.eu\/wp-content\/uploads\/2024\/04\/Harilik_nurmenukk_Primula_veris_tamme_talu_urdiaed.jpg","contentUrl":"https:\/\/tammetalu.eu\/wp-content\/uploads\/2024\/04\/Harilik_nurmenukk_Primula_veris_tamme_talu_urdiaed.jpg","width":500,"height":500,"caption":"Harilik_nurmenukk_Primula_veris_tamme_talu_urdiaed"},{"@type":"BreadcrumbList","@id":"https:\/\/tammetalu.eu\/toode\/harilik-nurmenukk\/#breadcrumb","itemListElement":[{"@type":"ListItem","position":1,"name":"Home","item":"https:\/\/tammetalu.eu\/lv\/galvena-lapa\/"},{"@type":"ListItem","position":2,"name":"Shop","item":"https:\/\/tammetalu.eu\/lv\/shop\/"},{"@type":"ListItem","position":3,"name":"Harilik nurmenukk Primula veris"}]},{"@type":"WebSite","@id":"https:\/\/tammetalu.eu\/#website","url":"https:\/\/tammetalu.eu\/","name":"Tamme talu \u00fcrdiaed","description":"K\u00e4sit\u00f6\u00f6na valmistatud tooted \u00fcrtidest, \u00fcrdiistikud, \u00fcrtide kollektsioonaed","publisher":{"@id":"https:\/\/tammetalu.eu\/#organization"},"alternateName":"Tamme talu","potentialAction":[{"@type":"SearchAction","target":{"@type":"EntryPoint","urlTemplate":"https:\/\/tammetalu.eu\/?s={search_term_string}"},"query-input":{"@type":"PropertyValueSpecification","valueRequired":true,"valueName":"search_term_string"}}],"inLanguage":"lv-LV"},{"@type":"Organization","@id":"https:\/\/tammetalu.eu\/#organization","name":"Tamme talu \u00fcrdiaed","alternateName":"Tamme talu","url":"https:\/\/tammetalu.eu\/","logo":{"@type":"ImageObject","inLanguage":"lv-LV","@id":"https:\/\/tammetalu.eu\/#\/schema\/logo\/image\/","url":"https:\/\/tammetalu.eu\/wp-content\/uploads\/2025\/01\/Tamme_talu_urdiaed.png","contentUrl":"https:\/\/tammetalu.eu\/wp-content\/uploads\/2025\/01\/Tamme_talu_urdiaed.png","width":560,"height":560,"caption":"Tamme talu \u00fcrdiaed"},"image":{"@id":"https:\/\/tammetalu.eu\/#\/schema\/logo\/image\/"},"sameAs":["https:\/\/www.facebook.com\/TammeTaluUrdiaed\/?locale=et_EE","https:\/\/www.instagram.com\/tammetaluurdiaed\/"]}]}},"_links":{"self":[{"href":"https:\/\/tammetalu.eu\/lv\/wp-json\/wp\/v2\/product\/20640","targetHints":{"allow":["GET"]}}],"collection":[{"href":"https:\/\/tammetalu.eu\/lv\/wp-json\/wp\/v2\/product"}],"about":[{"href":"https:\/\/tammetalu.eu\/lv\/wp-json\/wp\/v2\/types\/product"}],"wp:featuredmedia":[{"embeddable":true,"href":"https:\/\/tammetalu.eu\/lv\/wp-json\/wp\/v2\/media\/20720"}],"wp:attachment":[{"href":"https:\/\/tammetalu.eu\/lv\/wp-json\/wp\/v2\/media?parent=20640"}],"wp:term":[{"taxonomy":"product_brand","embeddable":true,"href":"https:\/\/tammetalu.eu\/lv\/wp-json\/wp\/v2\/product_brand?post=20640"},{"taxonomy":"product_cat","embeddable":true,"href":"https:\/\/tammetalu.eu\/lv\/wp-json\/wp\/v2\/product_cat?post=20640"},{"taxonomy":"product_tag","embeddable":true,"href":"https:\/\/tammetalu.eu\/lv\/wp-json\/wp\/v2\/product_tag?post=20640"}],"curies":[{"name":"wp","href":"https:\/\/api.w.org\/{rel}","templated":true}]}}