{"id":20786,"date":"2024-04-24T10:02:14","date_gmt":"2024-04-24T07:02:14","guid":{"rendered":"https:\/\/tammetalu.eu\/?post_type=product&#038;p=20786"},"modified":"2026-03-29T09:44:18","modified_gmt":"2026-03-29T06:44:18","slug":"punane-siilkubar-feeling-white","status":"publish","type":"product","link":"https:\/\/tammetalu.eu\/lv\/toode\/punane-siilkubar-feeling-white\/","title":{"rendered":"Punane siilk\u00fcbar Echinacea purpurea &#8220;Feeling White&#8221;"},"content":{"rendered":"","protected":false},"excerpt":{"rendered":"<p><em>Echinacea purpurea<\/em><\/p>\n<p>Ilus ja vastupidav p\u00fcsik, mida kasvatatakse nii ilu- kui ravimtaimena. Kasvamiseks vajab parasniisket hea drenaa\u017eiga toitaineterikast mulda ja p\u00e4ikeselist kuni poolvarjulist kasvukohta. Taime tuntakse ka punase p\u00e4evak\u00fcbara ja purpur-siilk\u00fcbara nime all. \u00d5itseb juulist kuni augusti l\u00f5puni ja vahest veel septembriski. T\u00f5eline liblikate lemmiktaim aias.<\/p>\n<p>P\u00e4evak\u00fcbarat kasutatakse eelk\u00f5ige orgnismi vastupanuv\u00f5ime tugevdamiseks. Lisaks \u00f5itele ja lehtedele kasuatakse ka p\u00e4evak\u00fcbara juuri, abi leitakse m\u00e4daste haavade ja p\u00f5letikuliste igemete probleemide korra.<\/p>\n<p>&nbsp;<\/p>\n","protected":false},"featured_media":20991,"template":"","meta":{"_acf_changed":false,"_et_pb_use_builder":"","_et_pb_old_content":"","_et_gb_content_width":"","inline_featured_image":false},"product_brand":[],"product_cat":[186,200],"product_tag":[],"class_list":{"0":"post-20786","1":"product","2":"type-product","3":"status-publish","4":"has-post-thumbnail","6":"product_cat-maitse-ja-ravimtaimede-istikud","7":"product_cat-muud-maitsetaimed","9":"first","10":"instock","11":"sale","12":"taxable","13":"shipping-taxable","14":"purchasable","15":"product-type-simple"},"acf":[],"yoast_head":"<!-- This site is optimized with the Yoast SEO plugin v26.4 - https:\/\/yoast.com\/wordpress\/plugins\/seo\/ -->\n<title>Punane siilk\u00fcbar Echinacea purpurea &quot;Feeling White&quot; - Tamme talu \u00fcrdiaed<\/title>\n<meta name=\"robots\" content=\"index, follow, max-snippet:-1, max-image-preview:large, max-video-preview:-1\" \/>\n<link rel=\"canonical\" href=\"https:\/\/tammetalu.eu\/toode\/punane-siilkubar-feeling-white\/\" \/>\n<meta property=\"og:locale\" content=\"lv_LV\" \/>\n<meta property=\"og:type\" content=\"article\" \/>\n<meta property=\"og:title\" content=\"Punane siilk\u00fcbar Echinacea purpurea &quot;Feeling White&quot; - Tamme talu \u00fcrdiaed\" \/>\n<meta property=\"og:description\" content=\"Echinacea purpurea  Ilus ja vastupidav p\u00fcsik, mida kasvatatakse nii ilu- kui ravimtaimena. Kasvamiseks vajab parasniisket hea drenaa\u017eiga toitaineterikast mulda ja p\u00e4ikeselist kuni poolvarjulist kasvukohta. Taime tuntakse ka punase p\u00e4evak\u00fcbara ja purpur-siilk\u00fcbara nime all. \u00d5itseb juulist kuni augusti l\u00f5puni ja vahest veel septembriski. T\u00f5eline liblikate lemmiktaim aias.  P\u00e4evak\u00fcbarat kasutatakse eelk\u00f5ige orgnismi vastupanuv\u00f5ime tugevdamiseks. Lisaks \u00f5itele ja lehtedele kasuatakse ka p\u00e4evak\u00fcbara juuri, abi leitakse m\u00e4daste haavade ja p\u00f5letikuliste igemete probleemide korra.  &nbsp;\" \/>\n<meta property=\"og:url\" content=\"https:\/\/tammetalu.eu\/toode\/punane-siilkubar-feeling-white\/\" \/>\n<meta property=\"og:site_name\" content=\"Tamme talu \u00fcrdiaed\" \/>\n<meta property=\"article:publisher\" content=\"https:\/\/www.facebook.com\/TammeTaluUrdiaed\/?locale=et_EE\" \/>\n<meta property=\"article:modified_time\" content=\"2026-03-29T06:44:18+00:00\" \/>\n<meta property=\"og:image\" content=\"https:\/\/tammetalu.eu\/wp-content\/uploads\/2024\/04\/punane_siilkubar_Echinacea_purpurea_feeling_white_tamme_talu_urdiaed.jpg\" \/>\n\t<meta property=\"og:image:width\" content=\"1280\" \/>\n\t<meta property=\"og:image:height\" content=\"1118\" \/>\n\t<meta property=\"og:image:type\" content=\"image\/jpeg\" \/>\n<meta name=\"twitter:card\" content=\"summary_large_image\" \/>\n<meta name=\"twitter:label1\" content=\"Est. reading time\" \/>\n\t<meta name=\"twitter:data1\" content=\"1 minute\" \/>\n<script type=\"application\/ld+json\" class=\"yoast-schema-graph\">{\"@context\":\"https:\/\/schema.org\",\"@graph\":[{\"@type\":\"WebPage\",\"@id\":\"https:\/\/tammetalu.eu\/toode\/punane-siilkubar-feeling-white\/\",\"url\":\"https:\/\/tammetalu.eu\/toode\/punane-siilkubar-feeling-white\/\",\"name\":\"Punane siilk\u00fcbar Echinacea purpurea \\\"Feeling White\\\" - Tamme talu \u00fcrdiaed\",\"isPartOf\":{\"@id\":\"https:\/\/tammetalu.eu\/#website\"},\"primaryImageOfPage\":{\"@id\":\"https:\/\/tammetalu.eu\/toode\/punane-siilkubar-feeling-white\/#primaryimage\"},\"image\":{\"@id\":\"https:\/\/tammetalu.eu\/toode\/punane-siilkubar-feeling-white\/#primaryimage\"},\"thumbnailUrl\":\"https:\/\/tammetalu.eu\/wp-content\/uploads\/2024\/04\/punane_siilkubar_Echinacea_purpurea_feeling_white_tamme_talu_urdiaed.jpg\",\"datePublished\":\"2024-04-24T07:02:14+00:00\",\"dateModified\":\"2026-03-29T06:44:18+00:00\",\"breadcrumb\":{\"@id\":\"https:\/\/tammetalu.eu\/toode\/punane-siilkubar-feeling-white\/#breadcrumb\"},\"inLanguage\":\"lv-LV\",\"potentialAction\":[{\"@type\":\"ReadAction\",\"target\":[\"https:\/\/tammetalu.eu\/toode\/punane-siilkubar-feeling-white\/\"]}]},{\"@type\":\"ImageObject\",\"inLanguage\":\"lv-LV\",\"@id\":\"https:\/\/tammetalu.eu\/toode\/punane-siilkubar-feeling-white\/#primaryimage\",\"url\":\"https:\/\/tammetalu.eu\/wp-content\/uploads\/2024\/04\/punane_siilkubar_Echinacea_purpurea_feeling_white_tamme_talu_urdiaed.jpg\",\"contentUrl\":\"https:\/\/tammetalu.eu\/wp-content\/uploads\/2024\/04\/punane_siilkubar_Echinacea_purpurea_feeling_white_tamme_talu_urdiaed.jpg\",\"width\":1280,\"height\":1118,\"caption\":\"punane_siilkubar_Echinacea_purpurea_feeling_white_tamme_talu_urdiaed\"},{\"@type\":\"BreadcrumbList\",\"@id\":\"https:\/\/tammetalu.eu\/toode\/punane-siilkubar-feeling-white\/#breadcrumb\",\"itemListElement\":[{\"@type\":\"ListItem\",\"position\":1,\"name\":\"Home\",\"item\":\"https:\/\/tammetalu.eu\/lv\/galvena-lapa\/\"},{\"@type\":\"ListItem\",\"position\":2,\"name\":\"Shop\",\"item\":\"https:\/\/tammetalu.eu\/lv\/shop\/\"},{\"@type\":\"ListItem\",\"position\":3,\"name\":\"Punane siilk\u00fcbar Echinacea purpurea &#8220;Feeling White&#8221;\"}]},{\"@type\":\"WebSite\",\"@id\":\"https:\/\/tammetalu.eu\/#website\",\"url\":\"https:\/\/tammetalu.eu\/\",\"name\":\"Tamme talu \u00fcrdiaed\",\"description\":\"K\u00e4sit\u00f6\u00f6na valmistatud tooted \u00fcrtidest, \u00fcrdiistikud, \u00fcrtide kollektsioonaed\",\"publisher\":{\"@id\":\"https:\/\/tammetalu.eu\/#organization\"},\"alternateName\":\"Tamme talu\",\"potentialAction\":[{\"@type\":\"SearchAction\",\"target\":{\"@type\":\"EntryPoint\",\"urlTemplate\":\"https:\/\/tammetalu.eu\/?s={search_term_string}\"},\"query-input\":{\"@type\":\"PropertyValueSpecification\",\"valueRequired\":true,\"valueName\":\"search_term_string\"}}],\"inLanguage\":\"lv-LV\"},{\"@type\":\"Organization\",\"@id\":\"https:\/\/tammetalu.eu\/#organization\",\"name\":\"Tamme talu \u00fcrdiaed\",\"alternateName\":\"Tamme talu\",\"url\":\"https:\/\/tammetalu.eu\/\",\"logo\":{\"@type\":\"ImageObject\",\"inLanguage\":\"lv-LV\",\"@id\":\"https:\/\/tammetalu.eu\/#\/schema\/logo\/image\/\",\"url\":\"https:\/\/tammetalu.eu\/wp-content\/uploads\/2025\/01\/Tamme_talu_urdiaed.png\",\"contentUrl\":\"https:\/\/tammetalu.eu\/wp-content\/uploads\/2025\/01\/Tamme_talu_urdiaed.png\",\"width\":560,\"height\":560,\"caption\":\"Tamme talu \u00fcrdiaed\"},\"image\":{\"@id\":\"https:\/\/tammetalu.eu\/#\/schema\/logo\/image\/\"},\"sameAs\":[\"https:\/\/www.facebook.com\/TammeTaluUrdiaed\/?locale=et_EE\",\"https:\/\/www.instagram.com\/tammetaluurdiaed\/\"]}]}<\/script>\n<!-- \/ Yoast SEO plugin. -->","yoast_head_json":{"title":"Punane siilk\u00fcbar Echinacea purpurea \"Feeling White\" - Tamme talu \u00fcrdiaed","robots":{"index":"index","follow":"follow","max-snippet":"max-snippet:-1","max-image-preview":"max-image-preview:large","max-video-preview":"max-video-preview:-1"},"canonical":"https:\/\/tammetalu.eu\/toode\/punane-siilkubar-feeling-white\/","og_locale":"lv_LV","og_type":"article","og_title":"Punane siilk\u00fcbar Echinacea purpurea \"Feeling White\" - Tamme talu \u00fcrdiaed","og_description":"Echinacea purpurea  Ilus ja vastupidav p\u00fcsik, mida kasvatatakse nii ilu- kui ravimtaimena. Kasvamiseks vajab parasniisket hea drenaa\u017eiga toitaineterikast mulda ja p\u00e4ikeselist kuni poolvarjulist kasvukohta. Taime tuntakse ka punase p\u00e4evak\u00fcbara ja purpur-siilk\u00fcbara nime all. \u00d5itseb juulist kuni augusti l\u00f5puni ja vahest veel septembriski. T\u00f5eline liblikate lemmiktaim aias.  P\u00e4evak\u00fcbarat kasutatakse eelk\u00f5ige orgnismi vastupanuv\u00f5ime tugevdamiseks. Lisaks \u00f5itele ja lehtedele kasuatakse ka p\u00e4evak\u00fcbara juuri, abi leitakse m\u00e4daste haavade ja p\u00f5letikuliste igemete probleemide korra.  &nbsp;","og_url":"https:\/\/tammetalu.eu\/toode\/punane-siilkubar-feeling-white\/","og_site_name":"Tamme talu \u00fcrdiaed","article_publisher":"https:\/\/www.facebook.com\/TammeTaluUrdiaed\/?locale=et_EE","article_modified_time":"2026-03-29T06:44:18+00:00","og_image":[{"width":1280,"height":1118,"url":"https:\/\/tammetalu.eu\/wp-content\/uploads\/2024\/04\/punane_siilkubar_Echinacea_purpurea_feeling_white_tamme_talu_urdiaed.jpg","type":"image\/jpeg"}],"twitter_card":"summary_large_image","twitter_misc":{"Est. reading time":"1 minute"},"schema":{"@context":"https:\/\/schema.org","@graph":[{"@type":"WebPage","@id":"https:\/\/tammetalu.eu\/toode\/punane-siilkubar-feeling-white\/","url":"https:\/\/tammetalu.eu\/toode\/punane-siilkubar-feeling-white\/","name":"Punane siilk\u00fcbar Echinacea purpurea \"Feeling White\" - Tamme talu \u00fcrdiaed","isPartOf":{"@id":"https:\/\/tammetalu.eu\/#website"},"primaryImageOfPage":{"@id":"https:\/\/tammetalu.eu\/toode\/punane-siilkubar-feeling-white\/#primaryimage"},"image":{"@id":"https:\/\/tammetalu.eu\/toode\/punane-siilkubar-feeling-white\/#primaryimage"},"thumbnailUrl":"https:\/\/tammetalu.eu\/wp-content\/uploads\/2024\/04\/punane_siilkubar_Echinacea_purpurea_feeling_white_tamme_talu_urdiaed.jpg","datePublished":"2024-04-24T07:02:14+00:00","dateModified":"2026-03-29T06:44:18+00:00","breadcrumb":{"@id":"https:\/\/tammetalu.eu\/toode\/punane-siilkubar-feeling-white\/#breadcrumb"},"inLanguage":"lv-LV","potentialAction":[{"@type":"ReadAction","target":["https:\/\/tammetalu.eu\/toode\/punane-siilkubar-feeling-white\/"]}]},{"@type":"ImageObject","inLanguage":"lv-LV","@id":"https:\/\/tammetalu.eu\/toode\/punane-siilkubar-feeling-white\/#primaryimage","url":"https:\/\/tammetalu.eu\/wp-content\/uploads\/2024\/04\/punane_siilkubar_Echinacea_purpurea_feeling_white_tamme_talu_urdiaed.jpg","contentUrl":"https:\/\/tammetalu.eu\/wp-content\/uploads\/2024\/04\/punane_siilkubar_Echinacea_purpurea_feeling_white_tamme_talu_urdiaed.jpg","width":1280,"height":1118,"caption":"punane_siilkubar_Echinacea_purpurea_feeling_white_tamme_talu_urdiaed"},{"@type":"BreadcrumbList","@id":"https:\/\/tammetalu.eu\/toode\/punane-siilkubar-feeling-white\/#breadcrumb","itemListElement":[{"@type":"ListItem","position":1,"name":"Home","item":"https:\/\/tammetalu.eu\/lv\/galvena-lapa\/"},{"@type":"ListItem","position":2,"name":"Shop","item":"https:\/\/tammetalu.eu\/lv\/shop\/"},{"@type":"ListItem","position":3,"name":"Punane siilk\u00fcbar Echinacea purpurea &#8220;Feeling White&#8221;"}]},{"@type":"WebSite","@id":"https:\/\/tammetalu.eu\/#website","url":"https:\/\/tammetalu.eu\/","name":"Tamme talu \u00fcrdiaed","description":"K\u00e4sit\u00f6\u00f6na valmistatud tooted \u00fcrtidest, \u00fcrdiistikud, \u00fcrtide kollektsioonaed","publisher":{"@id":"https:\/\/tammetalu.eu\/#organization"},"alternateName":"Tamme talu","potentialAction":[{"@type":"SearchAction","target":{"@type":"EntryPoint","urlTemplate":"https:\/\/tammetalu.eu\/?s={search_term_string}"},"query-input":{"@type":"PropertyValueSpecification","valueRequired":true,"valueName":"search_term_string"}}],"inLanguage":"lv-LV"},{"@type":"Organization","@id":"https:\/\/tammetalu.eu\/#organization","name":"Tamme talu \u00fcrdiaed","alternateName":"Tamme talu","url":"https:\/\/tammetalu.eu\/","logo":{"@type":"ImageObject","inLanguage":"lv-LV","@id":"https:\/\/tammetalu.eu\/#\/schema\/logo\/image\/","url":"https:\/\/tammetalu.eu\/wp-content\/uploads\/2025\/01\/Tamme_talu_urdiaed.png","contentUrl":"https:\/\/tammetalu.eu\/wp-content\/uploads\/2025\/01\/Tamme_talu_urdiaed.png","width":560,"height":560,"caption":"Tamme talu \u00fcrdiaed"},"image":{"@id":"https:\/\/tammetalu.eu\/#\/schema\/logo\/image\/"},"sameAs":["https:\/\/www.facebook.com\/TammeTaluUrdiaed\/?locale=et_EE","https:\/\/www.instagram.com\/tammetaluurdiaed\/"]}]}},"_links":{"self":[{"href":"https:\/\/tammetalu.eu\/lv\/wp-json\/wp\/v2\/product\/20786","targetHints":{"allow":["GET"]}}],"collection":[{"href":"https:\/\/tammetalu.eu\/lv\/wp-json\/wp\/v2\/product"}],"about":[{"href":"https:\/\/tammetalu.eu\/lv\/wp-json\/wp\/v2\/types\/product"}],"wp:featuredmedia":[{"embeddable":true,"href":"https:\/\/tammetalu.eu\/lv\/wp-json\/wp\/v2\/media\/20991"}],"wp:attachment":[{"href":"https:\/\/tammetalu.eu\/lv\/wp-json\/wp\/v2\/media?parent=20786"}],"wp:term":[{"taxonomy":"product_brand","embeddable":true,"href":"https:\/\/tammetalu.eu\/lv\/wp-json\/wp\/v2\/product_brand?post=20786"},{"taxonomy":"product_cat","embeddable":true,"href":"https:\/\/tammetalu.eu\/lv\/wp-json\/wp\/v2\/product_cat?post=20786"},{"taxonomy":"product_tag","embeddable":true,"href":"https:\/\/tammetalu.eu\/lv\/wp-json\/wp\/v2\/product_tag?post=20786"}],"curies":[{"name":"wp","href":"https:\/\/api.w.org\/{rel}","templated":true}]}}