{"id":20788,"date":"2024-04-24T10:48:00","date_gmt":"2024-04-24T07:48:00","guid":{"rendered":"https:\/\/tammetalu.eu\/?post_type=product&#038;p=20788"},"modified":"2026-04-21T12:30:11","modified_gmt":"2026-04-21T09:30:11","slug":"paljalehine-liivatee-thymus-pulegioides-archers-gold","status":"publish","type":"product","link":"https:\/\/tammetalu.eu\/lv\/toode\/paljalehine-liivatee-thymus-pulegioides-archers-gold\/","title":{"rendered":"Paljalehine liivatee (Thymus pulegioides) &#8220;Archers Gold&#8221;"},"content":{"rendered":"<p>&nbsp;<\/p>\n<p>&nbsp;<\/p>\n","protected":false},"excerpt":{"rendered":"<p>LAT:\u00a0 <em>Thymus pulegioides<\/em><\/p>\n<p>ENG:\u00a0 Broad-leaved thyme<\/p>\n<p>RU: \u0422\u0438\u043c\u044c\u044f\u043d \u044f\u0439\u0446\u0435\u0432\u0438\u0434\u043d\u044b\u0439<\/p>\n<p>FI:\u00a0\u00a0 Euroopannurmiajuruoho<\/p>\n<p>Paljalehine liivatee on lamavate v\u00f5i t\u00f5usvate varte, aromaatse rohelise lehestiku ja roosakaslillade \u00f5itega juulis-augustis rikkalikult \u00f5itsev igihaljas k\u00e4\u00e4busp\u00f5\u00f5sas. V\u00e4ga talvekindel maitse-, l\u00f5hna ja ravimtaim.<\/p>\n<p>Kasvamiseks sobib liivateele kuivemapoolne liivane muld ja t\u00e4isp\u00e4ike, poolvarjulises kohas kasvades j\u00e4\u00e4b \u00f5itsemine tagasihoidlikuks. Paljalehine liivatee meelitab \u00f5itsemise ajal mesilasi ja liblikaid. On hea meetaim. Annab isek\u00fclvi, kuid t\u00fclikaks umbrohuks ei muutu. Paljalehise liivateega sobib haljastada liivaseid, kruusaseid ja kuiva \u00f5hukese mullakihiga kohti. Talub m\u00f5\u00f5dukat tallamist. Kevadel on vaja puhmikuid kindlasti p\u00fcgada, kuna see soodustab taimede tihedamat kasvukuju.<\/p>\n<p>Kokanduses kasutatakse liivateed aedvilja-, kana- sea-, veise, lamba ja ulukiliha, pastatoitude maitsestamiseks. Lisaks saab liivateest maitsva tee. Liivatee okstega saab kaunistada toite. Liivatee lisatakse toitudele juba valmistamise ajal, kuna kannatab pikemat kuumutamist.<\/p>\n<p>Liivateed kasutatakse r\u00f6ga lahtistava\u00a0 ja mikroobivastase vahendina. Pidurdab k\u00f5hugaaside teket. Kasutatakse k\u00fclmetushaiguste korral, palavikulangetamiseks, uriinierituse soodustamiseks ja gripivaevuste v\u00e4hendamiseks. V\u00e4lispidiselt kasutatakse kompressi ja vannina, sest liivateel on liigesep\u00f5letikku vaigistav toime. Liivatee aur leevendab kuiva k\u00f6ha.<\/p>\n<p>K\u00f5rgus: kuni 0,20 m<\/p>\n<p>\u00d5itsemise aeg: VII-VIII<\/p>\n<p>Talvekindlus: T\u00e4iesti talvekindel<\/p>\n<p>Poti suurus: 9-11<\/p>\n<p>&nbsp;<\/p>\n","protected":false},"featured_media":15971,"template":"","meta":{"_acf_changed":false,"_et_pb_use_builder":"","_et_pb_old_content":"","_et_gb_content_width":"","inline_featured_image":false},"product_brand":[],"product_cat":[186,194],"product_tag":[],"class_list":{"0":"post-20788","1":"product","2":"type-product","3":"status-publish","4":"has-post-thumbnail","6":"product_cat-maitse-ja-ravimtaimede-istikud","7":"product_cat-liivateed","9":"first","10":"instock","11":"sale","12":"taxable","13":"shipping-taxable","14":"purchasable","15":"product-type-simple"},"acf":[],"yoast_head":"<!-- This site is optimized with the Yoast SEO plugin v26.4 - https:\/\/yoast.com\/wordpress\/plugins\/seo\/ -->\n<title>Paljalehine liivatee (Thymus pulegioides) &quot;Archers Gold&quot;<\/title>\n<meta name=\"description\" content=\"Paljalehine liivatee (Thymus pulegioides) on lamavate v\u00f5i t\u00f5usvate varte, aromaatse rohelise lehestiku ja roosakaslillade \u00f5isikutega juulis-augustis rikkalikult \u00f5itsev igihaljas k\u00e4\u00e4busp\u00f5\u00f5sas. V\u00e4ga talvekindel maitse-, l\u00f5hna ja ravimtaim.\" \/>\n<meta name=\"robots\" content=\"index, follow, max-snippet:-1, max-image-preview:large, max-video-preview:-1\" \/>\n<link rel=\"canonical\" href=\"https:\/\/tammetalu.eu\/toode\/paljalehine-liivatee-thymus-pulegioides-archers-gold\/\" \/>\n<meta property=\"og:locale\" content=\"lv_LV\" \/>\n<meta property=\"og:type\" content=\"article\" \/>\n<meta property=\"og:title\" content=\"Paljalehine liivatee (Thymus pulegioides) &quot;Archers Gold&quot;\" \/>\n<meta property=\"og:description\" content=\"Paljalehine liivatee (Thymus pulegioides) on lamavate v\u00f5i t\u00f5usvate varte, aromaatse rohelise lehestiku ja roosakaslillade \u00f5isikutega juulis-augustis rikkalikult \u00f5itsev igihaljas k\u00e4\u00e4busp\u00f5\u00f5sas. V\u00e4ga talvekindel maitse-, l\u00f5hna ja ravimtaim.\" \/>\n<meta property=\"og:url\" content=\"https:\/\/tammetalu.eu\/toode\/paljalehine-liivatee-thymus-pulegioides-archers-gold\/\" \/>\n<meta property=\"og:site_name\" content=\"Tamme talu \u00fcrdiaed\" \/>\n<meta property=\"article:publisher\" content=\"https:\/\/www.facebook.com\/TammeTaluUrdiaed\/?locale=et_EE\" \/>\n<meta property=\"article:modified_time\" content=\"2026-04-21T09:30:11+00:00\" \/>\n<meta property=\"og:image\" content=\"https:\/\/tammetalu.eu\/wp-content\/uploads\/2022\/08\/Paljalehine-liivatee-tamme-talu-urdiaed-5.jpg\" \/>\n\t<meta property=\"og:image:width\" content=\"1024\" \/>\n\t<meta property=\"og:image:height\" content=\"683\" \/>\n\t<meta property=\"og:image:type\" content=\"image\/jpeg\" \/>\n<meta name=\"twitter:card\" content=\"summary_large_image\" \/>\n<meta name=\"twitter:label1\" content=\"Est. reading time\" \/>\n\t<meta name=\"twitter:data1\" content=\"1 minute\" \/>\n<script type=\"application\/ld+json\" class=\"yoast-schema-graph\">{\"@context\":\"https:\/\/schema.org\",\"@graph\":[{\"@type\":\"WebPage\",\"@id\":\"https:\/\/tammetalu.eu\/toode\/paljalehine-liivatee-thymus-pulegioides-archers-gold\/\",\"url\":\"https:\/\/tammetalu.eu\/toode\/paljalehine-liivatee-thymus-pulegioides-archers-gold\/\",\"name\":\"Paljalehine liivatee (Thymus pulegioides) \\\"Archers Gold\\\"\",\"isPartOf\":{\"@id\":\"https:\/\/tammetalu.eu\/#website\"},\"primaryImageOfPage\":{\"@id\":\"https:\/\/tammetalu.eu\/toode\/paljalehine-liivatee-thymus-pulegioides-archers-gold\/#primaryimage\"},\"image\":{\"@id\":\"https:\/\/tammetalu.eu\/toode\/paljalehine-liivatee-thymus-pulegioides-archers-gold\/#primaryimage\"},\"thumbnailUrl\":\"https:\/\/tammetalu.eu\/wp-content\/uploads\/2022\/08\/Paljalehine-liivatee-tamme-talu-urdiaed-5.jpg\",\"datePublished\":\"2024-04-24T07:48:00+00:00\",\"dateModified\":\"2026-04-21T09:30:11+00:00\",\"description\":\"Paljalehine liivatee (Thymus pulegioides) on lamavate v\u00f5i t\u00f5usvate varte, aromaatse rohelise lehestiku ja roosakaslillade \u00f5isikutega juulis-augustis rikkalikult \u00f5itsev igihaljas k\u00e4\u00e4busp\u00f5\u00f5sas. V\u00e4ga talvekindel maitse-, l\u00f5hna ja ravimtaim.\",\"breadcrumb\":{\"@id\":\"https:\/\/tammetalu.eu\/toode\/paljalehine-liivatee-thymus-pulegioides-archers-gold\/#breadcrumb\"},\"inLanguage\":\"lv-LV\",\"potentialAction\":[{\"@type\":\"ReadAction\",\"target\":[\"https:\/\/tammetalu.eu\/toode\/paljalehine-liivatee-thymus-pulegioides-archers-gold\/\"]}]},{\"@type\":\"ImageObject\",\"inLanguage\":\"lv-LV\",\"@id\":\"https:\/\/tammetalu.eu\/toode\/paljalehine-liivatee-thymus-pulegioides-archers-gold\/#primaryimage\",\"url\":\"https:\/\/tammetalu.eu\/wp-content\/uploads\/2022\/08\/Paljalehine-liivatee-tamme-talu-urdiaed-5.jpg\",\"contentUrl\":\"https:\/\/tammetalu.eu\/wp-content\/uploads\/2022\/08\/Paljalehine-liivatee-tamme-talu-urdiaed-5.jpg\",\"width\":1024,\"height\":683},{\"@type\":\"BreadcrumbList\",\"@id\":\"https:\/\/tammetalu.eu\/toode\/paljalehine-liivatee-thymus-pulegioides-archers-gold\/#breadcrumb\",\"itemListElement\":[{\"@type\":\"ListItem\",\"position\":1,\"name\":\"Home\",\"item\":\"https:\/\/tammetalu.eu\/lv\/galvena-lapa\/\"},{\"@type\":\"ListItem\",\"position\":2,\"name\":\"Shop\",\"item\":\"https:\/\/tammetalu.eu\/lv\/shop\/\"},{\"@type\":\"ListItem\",\"position\":3,\"name\":\"Paljalehine liivatee (Thymus pulegioides) &#8220;Archers Gold&#8221;\"}]},{\"@type\":\"WebSite\",\"@id\":\"https:\/\/tammetalu.eu\/#website\",\"url\":\"https:\/\/tammetalu.eu\/\",\"name\":\"Tamme talu \u00fcrdiaed\",\"description\":\"K\u00e4sit\u00f6\u00f6na valmistatud tooted \u00fcrtidest, \u00fcrdiistikud, \u00fcrtide kollektsioonaed\",\"publisher\":{\"@id\":\"https:\/\/tammetalu.eu\/#organization\"},\"alternateName\":\"Tamme talu\",\"potentialAction\":[{\"@type\":\"SearchAction\",\"target\":{\"@type\":\"EntryPoint\",\"urlTemplate\":\"https:\/\/tammetalu.eu\/?s={search_term_string}\"},\"query-input\":{\"@type\":\"PropertyValueSpecification\",\"valueRequired\":true,\"valueName\":\"search_term_string\"}}],\"inLanguage\":\"lv-LV\"},{\"@type\":\"Organization\",\"@id\":\"https:\/\/tammetalu.eu\/#organization\",\"name\":\"Tamme talu \u00fcrdiaed\",\"alternateName\":\"Tamme talu\",\"url\":\"https:\/\/tammetalu.eu\/\",\"logo\":{\"@type\":\"ImageObject\",\"inLanguage\":\"lv-LV\",\"@id\":\"https:\/\/tammetalu.eu\/#\/schema\/logo\/image\/\",\"url\":\"https:\/\/tammetalu.eu\/wp-content\/uploads\/2025\/01\/Tamme_talu_urdiaed.png\",\"contentUrl\":\"https:\/\/tammetalu.eu\/wp-content\/uploads\/2025\/01\/Tamme_talu_urdiaed.png\",\"width\":560,\"height\":560,\"caption\":\"Tamme talu \u00fcrdiaed\"},\"image\":{\"@id\":\"https:\/\/tammetalu.eu\/#\/schema\/logo\/image\/\"},\"sameAs\":[\"https:\/\/www.facebook.com\/TammeTaluUrdiaed\/?locale=et_EE\",\"https:\/\/www.instagram.com\/tammetaluurdiaed\/\"]}]}<\/script>\n<!-- \/ Yoast SEO plugin. -->","yoast_head_json":{"title":"Paljalehine liivatee (Thymus pulegioides) \"Archers Gold\"","description":"Paljalehine liivatee (Thymus pulegioides) on lamavate v\u00f5i t\u00f5usvate varte, aromaatse rohelise lehestiku ja roosakaslillade \u00f5isikutega juulis-augustis rikkalikult \u00f5itsev igihaljas k\u00e4\u00e4busp\u00f5\u00f5sas. V\u00e4ga talvekindel maitse-, l\u00f5hna ja ravimtaim.","robots":{"index":"index","follow":"follow","max-snippet":"max-snippet:-1","max-image-preview":"max-image-preview:large","max-video-preview":"max-video-preview:-1"},"canonical":"https:\/\/tammetalu.eu\/toode\/paljalehine-liivatee-thymus-pulegioides-archers-gold\/","og_locale":"lv_LV","og_type":"article","og_title":"Paljalehine liivatee (Thymus pulegioides) \"Archers Gold\"","og_description":"Paljalehine liivatee (Thymus pulegioides) on lamavate v\u00f5i t\u00f5usvate varte, aromaatse rohelise lehestiku ja roosakaslillade \u00f5isikutega juulis-augustis rikkalikult \u00f5itsev igihaljas k\u00e4\u00e4busp\u00f5\u00f5sas. V\u00e4ga talvekindel maitse-, l\u00f5hna ja ravimtaim.","og_url":"https:\/\/tammetalu.eu\/toode\/paljalehine-liivatee-thymus-pulegioides-archers-gold\/","og_site_name":"Tamme talu \u00fcrdiaed","article_publisher":"https:\/\/www.facebook.com\/TammeTaluUrdiaed\/?locale=et_EE","article_modified_time":"2026-04-21T09:30:11+00:00","og_image":[{"width":1024,"height":683,"url":"https:\/\/tammetalu.eu\/wp-content\/uploads\/2022\/08\/Paljalehine-liivatee-tamme-talu-urdiaed-5.jpg","type":"image\/jpeg"}],"twitter_card":"summary_large_image","twitter_misc":{"Est. reading time":"1 minute"},"schema":{"@context":"https:\/\/schema.org","@graph":[{"@type":"WebPage","@id":"https:\/\/tammetalu.eu\/toode\/paljalehine-liivatee-thymus-pulegioides-archers-gold\/","url":"https:\/\/tammetalu.eu\/toode\/paljalehine-liivatee-thymus-pulegioides-archers-gold\/","name":"Paljalehine liivatee (Thymus pulegioides) \"Archers Gold\"","isPartOf":{"@id":"https:\/\/tammetalu.eu\/#website"},"primaryImageOfPage":{"@id":"https:\/\/tammetalu.eu\/toode\/paljalehine-liivatee-thymus-pulegioides-archers-gold\/#primaryimage"},"image":{"@id":"https:\/\/tammetalu.eu\/toode\/paljalehine-liivatee-thymus-pulegioides-archers-gold\/#primaryimage"},"thumbnailUrl":"https:\/\/tammetalu.eu\/wp-content\/uploads\/2022\/08\/Paljalehine-liivatee-tamme-talu-urdiaed-5.jpg","datePublished":"2024-04-24T07:48:00+00:00","dateModified":"2026-04-21T09:30:11+00:00","description":"Paljalehine liivatee (Thymus pulegioides) on lamavate v\u00f5i t\u00f5usvate varte, aromaatse rohelise lehestiku ja roosakaslillade \u00f5isikutega juulis-augustis rikkalikult \u00f5itsev igihaljas k\u00e4\u00e4busp\u00f5\u00f5sas. V\u00e4ga talvekindel maitse-, l\u00f5hna ja ravimtaim.","breadcrumb":{"@id":"https:\/\/tammetalu.eu\/toode\/paljalehine-liivatee-thymus-pulegioides-archers-gold\/#breadcrumb"},"inLanguage":"lv-LV","potentialAction":[{"@type":"ReadAction","target":["https:\/\/tammetalu.eu\/toode\/paljalehine-liivatee-thymus-pulegioides-archers-gold\/"]}]},{"@type":"ImageObject","inLanguage":"lv-LV","@id":"https:\/\/tammetalu.eu\/toode\/paljalehine-liivatee-thymus-pulegioides-archers-gold\/#primaryimage","url":"https:\/\/tammetalu.eu\/wp-content\/uploads\/2022\/08\/Paljalehine-liivatee-tamme-talu-urdiaed-5.jpg","contentUrl":"https:\/\/tammetalu.eu\/wp-content\/uploads\/2022\/08\/Paljalehine-liivatee-tamme-talu-urdiaed-5.jpg","width":1024,"height":683},{"@type":"BreadcrumbList","@id":"https:\/\/tammetalu.eu\/toode\/paljalehine-liivatee-thymus-pulegioides-archers-gold\/#breadcrumb","itemListElement":[{"@type":"ListItem","position":1,"name":"Home","item":"https:\/\/tammetalu.eu\/lv\/galvena-lapa\/"},{"@type":"ListItem","position":2,"name":"Shop","item":"https:\/\/tammetalu.eu\/lv\/shop\/"},{"@type":"ListItem","position":3,"name":"Paljalehine liivatee (Thymus pulegioides) &#8220;Archers Gold&#8221;"}]},{"@type":"WebSite","@id":"https:\/\/tammetalu.eu\/#website","url":"https:\/\/tammetalu.eu\/","name":"Tamme talu \u00fcrdiaed","description":"K\u00e4sit\u00f6\u00f6na valmistatud tooted \u00fcrtidest, \u00fcrdiistikud, \u00fcrtide kollektsioonaed","publisher":{"@id":"https:\/\/tammetalu.eu\/#organization"},"alternateName":"Tamme talu","potentialAction":[{"@type":"SearchAction","target":{"@type":"EntryPoint","urlTemplate":"https:\/\/tammetalu.eu\/?s={search_term_string}"},"query-input":{"@type":"PropertyValueSpecification","valueRequired":true,"valueName":"search_term_string"}}],"inLanguage":"lv-LV"},{"@type":"Organization","@id":"https:\/\/tammetalu.eu\/#organization","name":"Tamme talu \u00fcrdiaed","alternateName":"Tamme talu","url":"https:\/\/tammetalu.eu\/","logo":{"@type":"ImageObject","inLanguage":"lv-LV","@id":"https:\/\/tammetalu.eu\/#\/schema\/logo\/image\/","url":"https:\/\/tammetalu.eu\/wp-content\/uploads\/2025\/01\/Tamme_talu_urdiaed.png","contentUrl":"https:\/\/tammetalu.eu\/wp-content\/uploads\/2025\/01\/Tamme_talu_urdiaed.png","width":560,"height":560,"caption":"Tamme talu \u00fcrdiaed"},"image":{"@id":"https:\/\/tammetalu.eu\/#\/schema\/logo\/image\/"},"sameAs":["https:\/\/www.facebook.com\/TammeTaluUrdiaed\/?locale=et_EE","https:\/\/www.instagram.com\/tammetaluurdiaed\/"]}]}},"_links":{"self":[{"href":"https:\/\/tammetalu.eu\/lv\/wp-json\/wp\/v2\/product\/20788","targetHints":{"allow":["GET"]}}],"collection":[{"href":"https:\/\/tammetalu.eu\/lv\/wp-json\/wp\/v2\/product"}],"about":[{"href":"https:\/\/tammetalu.eu\/lv\/wp-json\/wp\/v2\/types\/product"}],"wp:featuredmedia":[{"embeddable":true,"href":"https:\/\/tammetalu.eu\/lv\/wp-json\/wp\/v2\/media\/15971"}],"wp:attachment":[{"href":"https:\/\/tammetalu.eu\/lv\/wp-json\/wp\/v2\/media?parent=20788"}],"wp:term":[{"taxonomy":"product_brand","embeddable":true,"href":"https:\/\/tammetalu.eu\/lv\/wp-json\/wp\/v2\/product_brand?post=20788"},{"taxonomy":"product_cat","embeddable":true,"href":"https:\/\/tammetalu.eu\/lv\/wp-json\/wp\/v2\/product_cat?post=20788"},{"taxonomy":"product_tag","embeddable":true,"href":"https:\/\/tammetalu.eu\/lv\/wp-json\/wp\/v2\/product_tag?post=20788"}],"curies":[{"name":"wp","href":"https:\/\/api.w.org\/{rel}","templated":true}]}}