{"id":21305,"date":"2024-06-12T15:36:24","date_gmt":"2024-06-12T12:36:24","guid":{"rendered":"https:\/\/tammetalu.eu\/?post_type=product&#038;p=21305"},"modified":"2026-02-02T15:14:33","modified_gmt":"2026-02-02T13:14:33","slug":"kirbumunt","status":"publish","type":"product","link":"https:\/\/tammetalu.eu\/lv\/toode\/kirbumunt\/","title":{"rendered":"Kirbum\u00fcnt Mentha pulegium"},"content":{"rendered":"","protected":false},"excerpt":{"rendered":"<p>Kirbum\u00fcnt <em>Mentha pulegium<\/em><\/p>\n<p>LAT:\u00a0 <em>Mentha pulegium<\/em><\/p>\n<p>ENG:\u00a0 Pennyroyal<\/p>\n<p>RU:\u00a0 \u041c\u044f\u0442\u0430 \u0431\u043b\u043e\u0448\u043d\u0438\u0446\u0430<\/p>\n<p>FI: Puolanminttu<\/p>\n<p>Kirbum\u00fcndi p\u00e4ritolu on Euroopa, P\u00f5hja-Aafrika ja L\u00e4his-Ida. On mitmeaastane v\u00e4ga aromaatne taim roomavate v\u00f5i p\u00fcstiste umbes 40 cm k\u00f5rguste hargnenud vartega. Rohelise kuni m\u00f5nikord punaka v\u00f5i lillaka v\u00e4rvusega. On l\u00fchiajaline p\u00fcsik, kuid lumeta talvel vajab katet. Kasvab valgusk\u00fcllases kuni poolvarjulises kasvukohas. Ei talu liigniisket kasvukohta. Kirbum\u00fcnt sobib l\u00f5hnataimeks k\u00e4iguteede \u00e4\u00e4rde, istumiskohtade l\u00e4hedusse, peenra \u00e4\u00e4ristaimeks ja pottides, aiavaasides ning r\u00f5dukastides k\u00f5rgemate taimede alla pinnakattetaimeks. Taim talub h\u00e4sti p\u00fcgamist ja tallamist.<\/p>\n<p>Ajalooliselt on kirbum\u00fcnti kasutatud k\u00f6\u00f6gis v\u00fcrtsikalt m\u00fcndise maitse andmiseks lamba- ja ulukiliharoogadele ning jookidele. V\u00e4hesel m\u00e4\u00e4ral v\u00f5ib taime kasutada tee valmistamiseks.<\/p>\n<p>Kirbum\u00fcndi teed on kasutatud k\u00fclmetuse, palaviku, k\u00f6ha, seedeh\u00e4irete, maksa- ja neeruprobleemide ning peavalude leevendamiseks, abordi esilekutsumiseks. Taime v\u00e4rskeid v\u00f5i kuivatatud lehti on kasutatud ka gripi ja k\u00f5hukrampide ravis, higistamise \u00a0ning selliste haiguste nagu r\u00f5ugete ja tuberkuloosi ravis.<\/p>\n<p><strong>Kirbum\u00fcnti loetakse m\u00f5\u00f5dukalt m\u00fcrgiseks taimeks. Kirbum\u00fcnt ei sobi tarvitamiseks v\u00e4ikelastele ja rasedatele. <\/strong><\/p>\n<p>Kirbum\u00fcndi l\u00f5hn ei meeldi n\u00e4rilistele ning putukatele, seep\u00e4rast on taime kasutatud n\u00e4riliste peletamiseks. Kahjurit\u00f5rjevahendina kasutatakse kirbum\u00fcnti kirpude ja s\u00e4\u00e4skede eemal hoidmiseks nii koduloomadest kui ka inimestest.<\/p>\n<p>K\u00f5rgus: kuni 0,40 m<\/p>\n<p>\u00d5itsemise aeg: VII-VIII<\/p>\n<p>Talvekindlus: ei ole v\u00e4ga talvekindel<\/p>\n<p>Poti suurus: 9-12<\/p>\n","protected":false},"featured_media":21306,"template":"","meta":{"_acf_changed":false,"_et_pb_use_builder":"","_et_pb_old_content":"","_et_gb_content_width":"","inline_featured_image":false},"product_brand":[],"product_cat":[186,192],"product_tag":[],"class_list":{"0":"post-21305","1":"product","2":"type-product","3":"status-publish","4":"has-post-thumbnail","6":"product_cat-maitse-ja-ravimtaimede-istikud","7":"product_cat-mundid","9":"first","10":"outofstock","11":"sale","12":"taxable","13":"shipping-taxable","14":"purchasable","15":"product-type-simple"},"acf":[],"yoast_head":"<!-- This site is optimized with the Yoast SEO plugin v26.4 - https:\/\/yoast.com\/wordpress\/plugins\/seo\/ -->\n<title>Kirbum\u00fcnt Mentha pulegium - Tamme talu \u00fcrdiaed<\/title>\n<meta name=\"robots\" content=\"index, follow, max-snippet:-1, max-image-preview:large, max-video-preview:-1\" \/>\n<link rel=\"canonical\" href=\"https:\/\/tammetalu.eu\/toode\/kirbumunt\/\" \/>\n<meta property=\"og:locale\" content=\"lv_LV\" \/>\n<meta property=\"og:type\" content=\"article\" \/>\n<meta property=\"og:title\" content=\"Kirbum\u00fcnt Mentha pulegium - Tamme talu \u00fcrdiaed\" \/>\n<meta property=\"og:description\" content=\"Kirbum\u00fcnt Mentha pulegium  LAT:\u00a0 Mentha pulegium  ENG:\u00a0 Pennyroyal  RU:\u00a0 \u041c\u044f\u0442\u0430 \u0431\u043b\u043e\u0448\u043d\u0438\u0446\u0430  FI: Puolanminttu  Kirbum\u00fcndi p\u00e4ritolu on Euroopa, P\u00f5hja-Aafrika ja L\u00e4his-Ida. On mitmeaastane v\u00e4ga aromaatne taim roomavate v\u00f5i p\u00fcstiste umbes 40 cm k\u00f5rguste hargnenud vartega. Rohelise kuni m\u00f5nikord punaka v\u00f5i lillaka v\u00e4rvusega. On l\u00fchiajaline p\u00fcsik, kuid lumeta talvel vajab katet. Kasvab valgusk\u00fcllases kuni poolvarjulises kasvukohas. Ei talu liigniisket kasvukohta. Kirbum\u00fcnt sobib l\u00f5hnataimeks k\u00e4iguteede \u00e4\u00e4rde, istumiskohtade l\u00e4hedusse, peenra \u00e4\u00e4ristaimeks ja pottides, aiavaasides ning r\u00f5dukastides k\u00f5rgemate taimede alla pinnakattetaimeks. Taim talub h\u00e4sti p\u00fcgamist ja tallamist.  Ajalooliselt on kirbum\u00fcnti kasutatud k\u00f6\u00f6gis v\u00fcrtsikalt m\u00fcndise maitse andmiseks lamba- ja ulukiliharoogadele ning jookidele. V\u00e4hesel m\u00e4\u00e4ral v\u00f5ib taime kasutada tee valmistamiseks.  Kirbum\u00fcndi teed on kasutatud k\u00fclmetuse, palaviku, k\u00f6ha, seedeh\u00e4irete, maksa- ja neeruprobleemide ning peavalude leevendamiseks, abordi esilekutsumiseks. Taime v\u00e4rskeid v\u00f5i kuivatatud lehti on kasutatud ka gripi ja k\u00f5hukrampide ravis, higistamise \u00a0ning selliste haiguste nagu r\u00f5ugete ja tuberkuloosi ravis.  Kirbum\u00fcnti loetakse m\u00f5\u00f5dukalt m\u00fcrgiseks taimeks. Kirbum\u00fcnt ei sobi tarvitamiseks v\u00e4ikelastele ja rasedatele.   Kirbum\u00fcndi l\u00f5hn ei meeldi n\u00e4rilistele ning putukatele, seep\u00e4rast on taime kasutatud n\u00e4riliste peletamiseks. Kahjurit\u00f5rjevahendina kasutatakse kirbum\u00fcnti kirpude ja s\u00e4\u00e4skede eemal hoidmiseks nii koduloomadest kui ka inimestest.  K\u00f5rgus: kuni 0,40 m  \u00d5itsemise aeg: VII-VIII  Talvekindlus: ei ole v\u00e4ga talvekindel  Poti suurus: 9-12\" \/>\n<meta property=\"og:url\" content=\"https:\/\/tammetalu.eu\/toode\/kirbumunt\/\" \/>\n<meta property=\"og:site_name\" content=\"Tamme talu \u00fcrdiaed\" \/>\n<meta property=\"article:publisher\" content=\"https:\/\/www.facebook.com\/TammeTaluUrdiaed\/?locale=et_EE\" \/>\n<meta property=\"article:modified_time\" content=\"2026-02-02T13:14:33+00:00\" \/>\n<meta property=\"og:image\" content=\"https:\/\/tammetalu.eu\/wp-content\/uploads\/2024\/06\/Kirbumunt-mentha-pulegium-tamme-talu-urdiaed.jpg\" \/>\n\t<meta property=\"og:image:width\" content=\"1280\" \/>\n\t<meta property=\"og:image:height\" content=\"960\" \/>\n\t<meta property=\"og:image:type\" content=\"image\/jpeg\" \/>\n<meta name=\"twitter:card\" content=\"summary_large_image\" \/>\n<meta name=\"twitter:label1\" content=\"Est. reading time\" \/>\n\t<meta name=\"twitter:data1\" content=\"1 minute\" \/>\n<script type=\"application\/ld+json\" class=\"yoast-schema-graph\">{\"@context\":\"https:\/\/schema.org\",\"@graph\":[{\"@type\":\"WebPage\",\"@id\":\"https:\/\/tammetalu.eu\/toode\/kirbumunt\/\",\"url\":\"https:\/\/tammetalu.eu\/toode\/kirbumunt\/\",\"name\":\"Kirbum\u00fcnt Mentha pulegium - Tamme talu \u00fcrdiaed\",\"isPartOf\":{\"@id\":\"https:\/\/tammetalu.eu\/#website\"},\"primaryImageOfPage\":{\"@id\":\"https:\/\/tammetalu.eu\/toode\/kirbumunt\/#primaryimage\"},\"image\":{\"@id\":\"https:\/\/tammetalu.eu\/toode\/kirbumunt\/#primaryimage\"},\"thumbnailUrl\":\"https:\/\/tammetalu.eu\/wp-content\/uploads\/2024\/06\/Kirbumunt-mentha-pulegium-tamme-talu-urdiaed.jpg\",\"datePublished\":\"2024-06-12T12:36:24+00:00\",\"dateModified\":\"2026-02-02T13:14:33+00:00\",\"breadcrumb\":{\"@id\":\"https:\/\/tammetalu.eu\/toode\/kirbumunt\/#breadcrumb\"},\"inLanguage\":\"lv-LV\",\"potentialAction\":[{\"@type\":\"ReadAction\",\"target\":[\"https:\/\/tammetalu.eu\/toode\/kirbumunt\/\"]}]},{\"@type\":\"ImageObject\",\"inLanguage\":\"lv-LV\",\"@id\":\"https:\/\/tammetalu.eu\/toode\/kirbumunt\/#primaryimage\",\"url\":\"https:\/\/tammetalu.eu\/wp-content\/uploads\/2024\/06\/Kirbumunt-mentha-pulegium-tamme-talu-urdiaed.jpg\",\"contentUrl\":\"https:\/\/tammetalu.eu\/wp-content\/uploads\/2024\/06\/Kirbumunt-mentha-pulegium-tamme-talu-urdiaed.jpg\",\"width\":1280,\"height\":960,\"caption\":\"Kirbumunt-mentha-pulegium-tamme-talu-urdiaed\"},{\"@type\":\"BreadcrumbList\",\"@id\":\"https:\/\/tammetalu.eu\/toode\/kirbumunt\/#breadcrumb\",\"itemListElement\":[{\"@type\":\"ListItem\",\"position\":1,\"name\":\"Home\",\"item\":\"https:\/\/tammetalu.eu\/lv\/galvena-lapa\/\"},{\"@type\":\"ListItem\",\"position\":2,\"name\":\"Shop\",\"item\":\"https:\/\/tammetalu.eu\/lv\/shop\/\"},{\"@type\":\"ListItem\",\"position\":3,\"name\":\"Kirbum\u00fcnt Mentha pulegium\"}]},{\"@type\":\"WebSite\",\"@id\":\"https:\/\/tammetalu.eu\/#website\",\"url\":\"https:\/\/tammetalu.eu\/\",\"name\":\"Tamme talu \u00fcrdiaed\",\"description\":\"K\u00e4sit\u00f6\u00f6na valmistatud tooted \u00fcrtidest, \u00fcrdiistikud, \u00fcrtide kollektsioonaed\",\"publisher\":{\"@id\":\"https:\/\/tammetalu.eu\/#organization\"},\"alternateName\":\"Tamme talu\",\"potentialAction\":[{\"@type\":\"SearchAction\",\"target\":{\"@type\":\"EntryPoint\",\"urlTemplate\":\"https:\/\/tammetalu.eu\/?s={search_term_string}\"},\"query-input\":{\"@type\":\"PropertyValueSpecification\",\"valueRequired\":true,\"valueName\":\"search_term_string\"}}],\"inLanguage\":\"lv-LV\"},{\"@type\":\"Organization\",\"@id\":\"https:\/\/tammetalu.eu\/#organization\",\"name\":\"Tamme talu \u00fcrdiaed\",\"alternateName\":\"Tamme talu\",\"url\":\"https:\/\/tammetalu.eu\/\",\"logo\":{\"@type\":\"ImageObject\",\"inLanguage\":\"lv-LV\",\"@id\":\"https:\/\/tammetalu.eu\/#\/schema\/logo\/image\/\",\"url\":\"https:\/\/tammetalu.eu\/wp-content\/uploads\/2025\/01\/Tamme_talu_urdiaed.png\",\"contentUrl\":\"https:\/\/tammetalu.eu\/wp-content\/uploads\/2025\/01\/Tamme_talu_urdiaed.png\",\"width\":560,\"height\":560,\"caption\":\"Tamme talu \u00fcrdiaed\"},\"image\":{\"@id\":\"https:\/\/tammetalu.eu\/#\/schema\/logo\/image\/\"},\"sameAs\":[\"https:\/\/www.facebook.com\/TammeTaluUrdiaed\/?locale=et_EE\",\"https:\/\/www.instagram.com\/tammetaluurdiaed\/\"]}]}<\/script>\n<!-- \/ Yoast SEO plugin. -->","yoast_head_json":{"title":"Kirbum\u00fcnt Mentha pulegium - Tamme talu \u00fcrdiaed","robots":{"index":"index","follow":"follow","max-snippet":"max-snippet:-1","max-image-preview":"max-image-preview:large","max-video-preview":"max-video-preview:-1"},"canonical":"https:\/\/tammetalu.eu\/toode\/kirbumunt\/","og_locale":"lv_LV","og_type":"article","og_title":"Kirbum\u00fcnt Mentha pulegium - Tamme talu \u00fcrdiaed","og_description":"Kirbum\u00fcnt Mentha pulegium  LAT:\u00a0 Mentha pulegium  ENG:\u00a0 Pennyroyal  RU:\u00a0 \u041c\u044f\u0442\u0430 \u0431\u043b\u043e\u0448\u043d\u0438\u0446\u0430  FI: Puolanminttu  Kirbum\u00fcndi p\u00e4ritolu on Euroopa, P\u00f5hja-Aafrika ja L\u00e4his-Ida. On mitmeaastane v\u00e4ga aromaatne taim roomavate v\u00f5i p\u00fcstiste umbes 40 cm k\u00f5rguste hargnenud vartega. Rohelise kuni m\u00f5nikord punaka v\u00f5i lillaka v\u00e4rvusega. On l\u00fchiajaline p\u00fcsik, kuid lumeta talvel vajab katet. Kasvab valgusk\u00fcllases kuni poolvarjulises kasvukohas. Ei talu liigniisket kasvukohta. Kirbum\u00fcnt sobib l\u00f5hnataimeks k\u00e4iguteede \u00e4\u00e4rde, istumiskohtade l\u00e4hedusse, peenra \u00e4\u00e4ristaimeks ja pottides, aiavaasides ning r\u00f5dukastides k\u00f5rgemate taimede alla pinnakattetaimeks. Taim talub h\u00e4sti p\u00fcgamist ja tallamist.  Ajalooliselt on kirbum\u00fcnti kasutatud k\u00f6\u00f6gis v\u00fcrtsikalt m\u00fcndise maitse andmiseks lamba- ja ulukiliharoogadele ning jookidele. V\u00e4hesel m\u00e4\u00e4ral v\u00f5ib taime kasutada tee valmistamiseks.  Kirbum\u00fcndi teed on kasutatud k\u00fclmetuse, palaviku, k\u00f6ha, seedeh\u00e4irete, maksa- ja neeruprobleemide ning peavalude leevendamiseks, abordi esilekutsumiseks. Taime v\u00e4rskeid v\u00f5i kuivatatud lehti on kasutatud ka gripi ja k\u00f5hukrampide ravis, higistamise \u00a0ning selliste haiguste nagu r\u00f5ugete ja tuberkuloosi ravis.  Kirbum\u00fcnti loetakse m\u00f5\u00f5dukalt m\u00fcrgiseks taimeks. Kirbum\u00fcnt ei sobi tarvitamiseks v\u00e4ikelastele ja rasedatele.   Kirbum\u00fcndi l\u00f5hn ei meeldi n\u00e4rilistele ning putukatele, seep\u00e4rast on taime kasutatud n\u00e4riliste peletamiseks. Kahjurit\u00f5rjevahendina kasutatakse kirbum\u00fcnti kirpude ja s\u00e4\u00e4skede eemal hoidmiseks nii koduloomadest kui ka inimestest.  K\u00f5rgus: kuni 0,40 m  \u00d5itsemise aeg: VII-VIII  Talvekindlus: ei ole v\u00e4ga talvekindel  Poti suurus: 9-12","og_url":"https:\/\/tammetalu.eu\/toode\/kirbumunt\/","og_site_name":"Tamme talu \u00fcrdiaed","article_publisher":"https:\/\/www.facebook.com\/TammeTaluUrdiaed\/?locale=et_EE","article_modified_time":"2026-02-02T13:14:33+00:00","og_image":[{"width":1280,"height":960,"url":"https:\/\/tammetalu.eu\/wp-content\/uploads\/2024\/06\/Kirbumunt-mentha-pulegium-tamme-talu-urdiaed.jpg","type":"image\/jpeg"}],"twitter_card":"summary_large_image","twitter_misc":{"Est. reading time":"1 minute"},"schema":{"@context":"https:\/\/schema.org","@graph":[{"@type":"WebPage","@id":"https:\/\/tammetalu.eu\/toode\/kirbumunt\/","url":"https:\/\/tammetalu.eu\/toode\/kirbumunt\/","name":"Kirbum\u00fcnt Mentha pulegium - Tamme talu \u00fcrdiaed","isPartOf":{"@id":"https:\/\/tammetalu.eu\/#website"},"primaryImageOfPage":{"@id":"https:\/\/tammetalu.eu\/toode\/kirbumunt\/#primaryimage"},"image":{"@id":"https:\/\/tammetalu.eu\/toode\/kirbumunt\/#primaryimage"},"thumbnailUrl":"https:\/\/tammetalu.eu\/wp-content\/uploads\/2024\/06\/Kirbumunt-mentha-pulegium-tamme-talu-urdiaed.jpg","datePublished":"2024-06-12T12:36:24+00:00","dateModified":"2026-02-02T13:14:33+00:00","breadcrumb":{"@id":"https:\/\/tammetalu.eu\/toode\/kirbumunt\/#breadcrumb"},"inLanguage":"lv-LV","potentialAction":[{"@type":"ReadAction","target":["https:\/\/tammetalu.eu\/toode\/kirbumunt\/"]}]},{"@type":"ImageObject","inLanguage":"lv-LV","@id":"https:\/\/tammetalu.eu\/toode\/kirbumunt\/#primaryimage","url":"https:\/\/tammetalu.eu\/wp-content\/uploads\/2024\/06\/Kirbumunt-mentha-pulegium-tamme-talu-urdiaed.jpg","contentUrl":"https:\/\/tammetalu.eu\/wp-content\/uploads\/2024\/06\/Kirbumunt-mentha-pulegium-tamme-talu-urdiaed.jpg","width":1280,"height":960,"caption":"Kirbumunt-mentha-pulegium-tamme-talu-urdiaed"},{"@type":"BreadcrumbList","@id":"https:\/\/tammetalu.eu\/toode\/kirbumunt\/#breadcrumb","itemListElement":[{"@type":"ListItem","position":1,"name":"Home","item":"https:\/\/tammetalu.eu\/lv\/galvena-lapa\/"},{"@type":"ListItem","position":2,"name":"Shop","item":"https:\/\/tammetalu.eu\/lv\/shop\/"},{"@type":"ListItem","position":3,"name":"Kirbum\u00fcnt Mentha pulegium"}]},{"@type":"WebSite","@id":"https:\/\/tammetalu.eu\/#website","url":"https:\/\/tammetalu.eu\/","name":"Tamme talu \u00fcrdiaed","description":"K\u00e4sit\u00f6\u00f6na valmistatud tooted \u00fcrtidest, \u00fcrdiistikud, \u00fcrtide kollektsioonaed","publisher":{"@id":"https:\/\/tammetalu.eu\/#organization"},"alternateName":"Tamme talu","potentialAction":[{"@type":"SearchAction","target":{"@type":"EntryPoint","urlTemplate":"https:\/\/tammetalu.eu\/?s={search_term_string}"},"query-input":{"@type":"PropertyValueSpecification","valueRequired":true,"valueName":"search_term_string"}}],"inLanguage":"lv-LV"},{"@type":"Organization","@id":"https:\/\/tammetalu.eu\/#organization","name":"Tamme talu \u00fcrdiaed","alternateName":"Tamme talu","url":"https:\/\/tammetalu.eu\/","logo":{"@type":"ImageObject","inLanguage":"lv-LV","@id":"https:\/\/tammetalu.eu\/#\/schema\/logo\/image\/","url":"https:\/\/tammetalu.eu\/wp-content\/uploads\/2025\/01\/Tamme_talu_urdiaed.png","contentUrl":"https:\/\/tammetalu.eu\/wp-content\/uploads\/2025\/01\/Tamme_talu_urdiaed.png","width":560,"height":560,"caption":"Tamme talu \u00fcrdiaed"},"image":{"@id":"https:\/\/tammetalu.eu\/#\/schema\/logo\/image\/"},"sameAs":["https:\/\/www.facebook.com\/TammeTaluUrdiaed\/?locale=et_EE","https:\/\/www.instagram.com\/tammetaluurdiaed\/"]}]}},"_links":{"self":[{"href":"https:\/\/tammetalu.eu\/lv\/wp-json\/wp\/v2\/product\/21305","targetHints":{"allow":["GET"]}}],"collection":[{"href":"https:\/\/tammetalu.eu\/lv\/wp-json\/wp\/v2\/product"}],"about":[{"href":"https:\/\/tammetalu.eu\/lv\/wp-json\/wp\/v2\/types\/product"}],"wp:featuredmedia":[{"embeddable":true,"href":"https:\/\/tammetalu.eu\/lv\/wp-json\/wp\/v2\/media\/21306"}],"wp:attachment":[{"href":"https:\/\/tammetalu.eu\/lv\/wp-json\/wp\/v2\/media?parent=21305"}],"wp:term":[{"taxonomy":"product_brand","embeddable":true,"href":"https:\/\/tammetalu.eu\/lv\/wp-json\/wp\/v2\/product_brand?post=21305"},{"taxonomy":"product_cat","embeddable":true,"href":"https:\/\/tammetalu.eu\/lv\/wp-json\/wp\/v2\/product_cat?post=21305"},{"taxonomy":"product_tag","embeddable":true,"href":"https:\/\/tammetalu.eu\/lv\/wp-json\/wp\/v2\/product_tag?post=21305"}],"curies":[{"name":"wp","href":"https:\/\/api.w.org\/{rel}","templated":true}]}}