{"id":21771,"date":"2024-08-13T12:53:54","date_gmt":"2024-08-13T09:53:54","guid":{"rendered":"https:\/\/tammetalu.eu\/?post_type=product&#038;p=21771"},"modified":"2025-10-27T13:18:40","modified_gmt":"2025-10-27T11:18:40","slug":"meie-lapse-lemmiktee-puramiid","status":"publish","type":"product","link":"https:\/\/tammetalu.eu\/lv\/toode\/meie-lapse-lemmiktee-puramiid\/","title":{"rendered":"Mahe Meie lapse lemmiktee p\u00fcramiid"},"content":{"rendered":"","protected":false},"excerpt":{"rendered":"<p>10 p\u00fcramiidkotti (10 x 2,5g)<\/p>\n<p>Meie lapse lemmiktee on m\u00f5nusalt marjase ja magusa maitsega naturaalne tee, mille iga lonks viib marjaseiklusele. T\u00f5eliselt tervislik janukustutaja.<\/p>\n<p>Tee sisaldab \u00f6koloogiliselt kasvatatud aromaatseid tee\u00fcrte ja k\u00fclmkuivatatud marju, mis toetavad kasvava organismi heaolu. Kergelt magusa maitse t\u00f5ttu on Meie lapse tee tervislik asendus magustatud jookidele, sest sisaldab looduslikku suhkruasendajat Paraguai suhkrulehte. Moldaavia tondipea annab v\u00e4rskendava tsitruselise noodi ning vaarikad, mustikad, \u00f5un ja maasikad lisavad hapukust ja marjasust.<\/p>\n<p>Kuna tee on p\u00fcramiidkotikeses, siis on seda lihtne ja l\u00f5bus lapsel ise valmistada. Teekotike tuleb panna tassi ja sellele kuum v\u00f5i k\u00fclm vesi peale valada. Soovi korral lisa maitseks mett ja sidruniviile. Teetassi k\u00f5rvale sobib suurep\u00e4raselt moosisai <strong><span style=\"color: #008000;\"><a style=\"color: #008000;\" href=\"https:\/\/tammetalu.eu\/toode\/oko-meie-lapse-lemmikmoos-150g\/\">Meie lapse lemmikmoosiga<\/a><\/span><\/strong>.<\/p>\n<p>Koostisosad: k\u00fclmkuivatatud vaarikad*, k\u00fclmkuivatatud maasikad*, k\u00fclmkuivatatud mustikad*, k\u00fclmkuivatatud \u00f5unat\u00fckid*, moldaavia tondipea*, Paraguai suhkruleht*<\/p>\n<p>*Kontrollitud mahep\u00f5llumajandusest.<\/p>\n","protected":false},"featured_media":21772,"template":"","meta":{"_acf_changed":false,"_et_pb_use_builder":"","_et_pb_old_content":"","_et_gb_content_width":"","inline_featured_image":false},"product_brand":[],"product_cat":[189,183],"product_tag":[],"class_list":{"0":"post-21771","1":"product","2":"type-product","3":"status-publish","4":"has-post-thumbnail","6":"product_cat-teed","7":"product_cat-marjateed-urtidega","9":"first","10":"instock","11":"taxable","12":"shipping-taxable","13":"purchasable","14":"product-type-simple"},"acf":[],"yoast_head":"<!-- This site is optimized with the Yoast SEO plugin v26.4 - https:\/\/yoast.com\/wordpress\/plugins\/seo\/ -->\n<title>Mahe Meie lapse lemmiktee p\u00fcramiid - telli mugavalt e-poest<\/title>\n<meta name=\"description\" content=\"M\u00f5nusalt marjase ja magusa maitsega naturaalne tee, mille iga lonks viib marjaseiklusele. T\u00f5eliselt tervislik janukustutaja.\" \/>\n<meta name=\"robots\" content=\"index, follow, max-snippet:-1, max-image-preview:large, max-video-preview:-1\" \/>\n<link rel=\"canonical\" href=\"https:\/\/tammetalu.eu\/toode\/meie-lapse-lemmiktee-puramiid\/\" \/>\n<meta property=\"og:locale\" content=\"lv_LV\" \/>\n<meta property=\"og:type\" content=\"article\" \/>\n<meta property=\"og:title\" content=\"Mahe Meie lapse lemmiktee p\u00fcramiid - telli mugavalt e-poest\" \/>\n<meta property=\"og:description\" content=\"M\u00f5nusalt marjase ja magusa maitsega naturaalne tee, mille iga lonks viib marjaseiklusele. T\u00f5eliselt tervislik janukustutaja.\" \/>\n<meta property=\"og:url\" content=\"https:\/\/tammetalu.eu\/toode\/meie-lapse-lemmiktee-puramiid\/\" \/>\n<meta property=\"og:site_name\" content=\"Tamme talu \u00fcrdiaed\" \/>\n<meta property=\"article:publisher\" content=\"https:\/\/www.facebook.com\/TammeTaluUrdiaed\/?locale=et_EE\" \/>\n<meta property=\"article:modified_time\" content=\"2025-10-27T11:18:40+00:00\" \/>\n<meta property=\"og:image\" content=\"https:\/\/tammetalu.eu\/wp-content\/uploads\/2024\/08\/Meie_lapse_lemmiktee_puramiid_Tamme_talu_urdiaed-scaled.jpg\" \/>\n\t<meta property=\"og:image:width\" content=\"2560\" \/>\n\t<meta property=\"og:image:height\" content=\"2560\" \/>\n\t<meta property=\"og:image:type\" content=\"image\/jpeg\" \/>\n<meta name=\"twitter:card\" content=\"summary_large_image\" \/>\n<meta name=\"twitter:label1\" content=\"Est. reading time\" \/>\n\t<meta name=\"twitter:data1\" content=\"1 minute\" \/>\n<script type=\"application\/ld+json\" class=\"yoast-schema-graph\">{\"@context\":\"https:\/\/schema.org\",\"@graph\":[{\"@type\":\"WebPage\",\"@id\":\"https:\/\/tammetalu.eu\/toode\/meie-lapse-lemmiktee-puramiid\/\",\"url\":\"https:\/\/tammetalu.eu\/toode\/meie-lapse-lemmiktee-puramiid\/\",\"name\":\"Mahe Meie lapse lemmiktee p\u00fcramiid - telli mugavalt e-poest\",\"isPartOf\":{\"@id\":\"https:\/\/tammetalu.eu\/#website\"},\"primaryImageOfPage\":{\"@id\":\"https:\/\/tammetalu.eu\/toode\/meie-lapse-lemmiktee-puramiid\/#primaryimage\"},\"image\":{\"@id\":\"https:\/\/tammetalu.eu\/toode\/meie-lapse-lemmiktee-puramiid\/#primaryimage\"},\"thumbnailUrl\":\"https:\/\/tammetalu.eu\/wp-content\/uploads\/2024\/08\/Meie_lapse_lemmiktee_puramiid_Tamme_talu_urdiaed-scaled.jpg\",\"datePublished\":\"2024-08-13T09:53:54+00:00\",\"dateModified\":\"2025-10-27T11:18:40+00:00\",\"description\":\"M\u00f5nusalt marjase ja magusa maitsega naturaalne tee, mille iga lonks viib marjaseiklusele. T\u00f5eliselt tervislik janukustutaja.\",\"breadcrumb\":{\"@id\":\"https:\/\/tammetalu.eu\/toode\/meie-lapse-lemmiktee-puramiid\/#breadcrumb\"},\"inLanguage\":\"lv-LV\",\"potentialAction\":[{\"@type\":\"ReadAction\",\"target\":[\"https:\/\/tammetalu.eu\/toode\/meie-lapse-lemmiktee-puramiid\/\"]}]},{\"@type\":\"ImageObject\",\"inLanguage\":\"lv-LV\",\"@id\":\"https:\/\/tammetalu.eu\/toode\/meie-lapse-lemmiktee-puramiid\/#primaryimage\",\"url\":\"https:\/\/tammetalu.eu\/wp-content\/uploads\/2024\/08\/Meie_lapse_lemmiktee_puramiid_Tamme_talu_urdiaed-scaled.jpg\",\"contentUrl\":\"https:\/\/tammetalu.eu\/wp-content\/uploads\/2024\/08\/Meie_lapse_lemmiktee_puramiid_Tamme_talu_urdiaed-scaled.jpg\",\"width\":2560,\"height\":2560,\"caption\":\"tee, mis on m\u00f5eldud lastele joomiseks. Marjase maitsega, naturaalne ja tervislik.\"},{\"@type\":\"BreadcrumbList\",\"@id\":\"https:\/\/tammetalu.eu\/toode\/meie-lapse-lemmiktee-puramiid\/#breadcrumb\",\"itemListElement\":[{\"@type\":\"ListItem\",\"position\":1,\"name\":\"Home\",\"item\":\"https:\/\/tammetalu.eu\/lv\/galvena-lapa\/\"},{\"@type\":\"ListItem\",\"position\":2,\"name\":\"Shop\",\"item\":\"https:\/\/tammetalu.eu\/lv\/shop\/\"},{\"@type\":\"ListItem\",\"position\":3,\"name\":\"Mahe Meie lapse lemmiktee p\u00fcramiid\"}]},{\"@type\":\"WebSite\",\"@id\":\"https:\/\/tammetalu.eu\/#website\",\"url\":\"https:\/\/tammetalu.eu\/\",\"name\":\"Tamme talu \u00fcrdiaed\",\"description\":\"K\u00e4sit\u00f6\u00f6na valmistatud tooted \u00fcrtidest, \u00fcrdiistikud, \u00fcrtide kollektsioonaed\",\"publisher\":{\"@id\":\"https:\/\/tammetalu.eu\/#organization\"},\"alternateName\":\"Tamme talu\",\"potentialAction\":[{\"@type\":\"SearchAction\",\"target\":{\"@type\":\"EntryPoint\",\"urlTemplate\":\"https:\/\/tammetalu.eu\/?s={search_term_string}\"},\"query-input\":{\"@type\":\"PropertyValueSpecification\",\"valueRequired\":true,\"valueName\":\"search_term_string\"}}],\"inLanguage\":\"lv-LV\"},{\"@type\":\"Organization\",\"@id\":\"https:\/\/tammetalu.eu\/#organization\",\"name\":\"Tamme talu \u00fcrdiaed\",\"alternateName\":\"Tamme talu\",\"url\":\"https:\/\/tammetalu.eu\/\",\"logo\":{\"@type\":\"ImageObject\",\"inLanguage\":\"lv-LV\",\"@id\":\"https:\/\/tammetalu.eu\/#\/schema\/logo\/image\/\",\"url\":\"https:\/\/tammetalu.eu\/wp-content\/uploads\/2025\/01\/Tamme_talu_urdiaed.png\",\"contentUrl\":\"https:\/\/tammetalu.eu\/wp-content\/uploads\/2025\/01\/Tamme_talu_urdiaed.png\",\"width\":560,\"height\":560,\"caption\":\"Tamme talu \u00fcrdiaed\"},\"image\":{\"@id\":\"https:\/\/tammetalu.eu\/#\/schema\/logo\/image\/\"},\"sameAs\":[\"https:\/\/www.facebook.com\/TammeTaluUrdiaed\/?locale=et_EE\",\"https:\/\/www.instagram.com\/tammetaluurdiaed\/\"]}]}<\/script>\n<!-- \/ Yoast SEO plugin. -->","yoast_head_json":{"title":"Mahe Meie lapse lemmiktee p\u00fcramiid - telli mugavalt e-poest","description":"M\u00f5nusalt marjase ja magusa maitsega naturaalne tee, mille iga lonks viib marjaseiklusele. T\u00f5eliselt tervislik janukustutaja.","robots":{"index":"index","follow":"follow","max-snippet":"max-snippet:-1","max-image-preview":"max-image-preview:large","max-video-preview":"max-video-preview:-1"},"canonical":"https:\/\/tammetalu.eu\/toode\/meie-lapse-lemmiktee-puramiid\/","og_locale":"lv_LV","og_type":"article","og_title":"Mahe Meie lapse lemmiktee p\u00fcramiid - telli mugavalt e-poest","og_description":"M\u00f5nusalt marjase ja magusa maitsega naturaalne tee, mille iga lonks viib marjaseiklusele. T\u00f5eliselt tervislik janukustutaja.","og_url":"https:\/\/tammetalu.eu\/toode\/meie-lapse-lemmiktee-puramiid\/","og_site_name":"Tamme talu \u00fcrdiaed","article_publisher":"https:\/\/www.facebook.com\/TammeTaluUrdiaed\/?locale=et_EE","article_modified_time":"2025-10-27T11:18:40+00:00","og_image":[{"width":2560,"height":2560,"url":"https:\/\/tammetalu.eu\/wp-content\/uploads\/2024\/08\/Meie_lapse_lemmiktee_puramiid_Tamme_talu_urdiaed-scaled.jpg","type":"image\/jpeg"}],"twitter_card":"summary_large_image","twitter_misc":{"Est. reading time":"1 minute"},"schema":{"@context":"https:\/\/schema.org","@graph":[{"@type":"WebPage","@id":"https:\/\/tammetalu.eu\/toode\/meie-lapse-lemmiktee-puramiid\/","url":"https:\/\/tammetalu.eu\/toode\/meie-lapse-lemmiktee-puramiid\/","name":"Mahe Meie lapse lemmiktee p\u00fcramiid - telli mugavalt e-poest","isPartOf":{"@id":"https:\/\/tammetalu.eu\/#website"},"primaryImageOfPage":{"@id":"https:\/\/tammetalu.eu\/toode\/meie-lapse-lemmiktee-puramiid\/#primaryimage"},"image":{"@id":"https:\/\/tammetalu.eu\/toode\/meie-lapse-lemmiktee-puramiid\/#primaryimage"},"thumbnailUrl":"https:\/\/tammetalu.eu\/wp-content\/uploads\/2024\/08\/Meie_lapse_lemmiktee_puramiid_Tamme_talu_urdiaed-scaled.jpg","datePublished":"2024-08-13T09:53:54+00:00","dateModified":"2025-10-27T11:18:40+00:00","description":"M\u00f5nusalt marjase ja magusa maitsega naturaalne tee, mille iga lonks viib marjaseiklusele. T\u00f5eliselt tervislik janukustutaja.","breadcrumb":{"@id":"https:\/\/tammetalu.eu\/toode\/meie-lapse-lemmiktee-puramiid\/#breadcrumb"},"inLanguage":"lv-LV","potentialAction":[{"@type":"ReadAction","target":["https:\/\/tammetalu.eu\/toode\/meie-lapse-lemmiktee-puramiid\/"]}]},{"@type":"ImageObject","inLanguage":"lv-LV","@id":"https:\/\/tammetalu.eu\/toode\/meie-lapse-lemmiktee-puramiid\/#primaryimage","url":"https:\/\/tammetalu.eu\/wp-content\/uploads\/2024\/08\/Meie_lapse_lemmiktee_puramiid_Tamme_talu_urdiaed-scaled.jpg","contentUrl":"https:\/\/tammetalu.eu\/wp-content\/uploads\/2024\/08\/Meie_lapse_lemmiktee_puramiid_Tamme_talu_urdiaed-scaled.jpg","width":2560,"height":2560,"caption":"tee, mis on m\u00f5eldud lastele joomiseks. Marjase maitsega, naturaalne ja tervislik."},{"@type":"BreadcrumbList","@id":"https:\/\/tammetalu.eu\/toode\/meie-lapse-lemmiktee-puramiid\/#breadcrumb","itemListElement":[{"@type":"ListItem","position":1,"name":"Home","item":"https:\/\/tammetalu.eu\/lv\/galvena-lapa\/"},{"@type":"ListItem","position":2,"name":"Shop","item":"https:\/\/tammetalu.eu\/lv\/shop\/"},{"@type":"ListItem","position":3,"name":"Mahe Meie lapse lemmiktee p\u00fcramiid"}]},{"@type":"WebSite","@id":"https:\/\/tammetalu.eu\/#website","url":"https:\/\/tammetalu.eu\/","name":"Tamme talu \u00fcrdiaed","description":"K\u00e4sit\u00f6\u00f6na valmistatud tooted \u00fcrtidest, \u00fcrdiistikud, \u00fcrtide kollektsioonaed","publisher":{"@id":"https:\/\/tammetalu.eu\/#organization"},"alternateName":"Tamme talu","potentialAction":[{"@type":"SearchAction","target":{"@type":"EntryPoint","urlTemplate":"https:\/\/tammetalu.eu\/?s={search_term_string}"},"query-input":{"@type":"PropertyValueSpecification","valueRequired":true,"valueName":"search_term_string"}}],"inLanguage":"lv-LV"},{"@type":"Organization","@id":"https:\/\/tammetalu.eu\/#organization","name":"Tamme talu \u00fcrdiaed","alternateName":"Tamme talu","url":"https:\/\/tammetalu.eu\/","logo":{"@type":"ImageObject","inLanguage":"lv-LV","@id":"https:\/\/tammetalu.eu\/#\/schema\/logo\/image\/","url":"https:\/\/tammetalu.eu\/wp-content\/uploads\/2025\/01\/Tamme_talu_urdiaed.png","contentUrl":"https:\/\/tammetalu.eu\/wp-content\/uploads\/2025\/01\/Tamme_talu_urdiaed.png","width":560,"height":560,"caption":"Tamme talu \u00fcrdiaed"},"image":{"@id":"https:\/\/tammetalu.eu\/#\/schema\/logo\/image\/"},"sameAs":["https:\/\/www.facebook.com\/TammeTaluUrdiaed\/?locale=et_EE","https:\/\/www.instagram.com\/tammetaluurdiaed\/"]}]}},"_links":{"self":[{"href":"https:\/\/tammetalu.eu\/lv\/wp-json\/wp\/v2\/product\/21771","targetHints":{"allow":["GET"]}}],"collection":[{"href":"https:\/\/tammetalu.eu\/lv\/wp-json\/wp\/v2\/product"}],"about":[{"href":"https:\/\/tammetalu.eu\/lv\/wp-json\/wp\/v2\/types\/product"}],"wp:featuredmedia":[{"embeddable":true,"href":"https:\/\/tammetalu.eu\/lv\/wp-json\/wp\/v2\/media\/21772"}],"wp:attachment":[{"href":"https:\/\/tammetalu.eu\/lv\/wp-json\/wp\/v2\/media?parent=21771"}],"wp:term":[{"taxonomy":"product_brand","embeddable":true,"href":"https:\/\/tammetalu.eu\/lv\/wp-json\/wp\/v2\/product_brand?post=21771"},{"taxonomy":"product_cat","embeddable":true,"href":"https:\/\/tammetalu.eu\/lv\/wp-json\/wp\/v2\/product_cat?post=21771"},{"taxonomy":"product_tag","embeddable":true,"href":"https:\/\/tammetalu.eu\/lv\/wp-json\/wp\/v2\/product_tag?post=21771"}],"curies":[{"name":"wp","href":"https:\/\/api.w.org\/{rel}","templated":true}]}}