{"id":22890,"date":"2025-02-06T16:53:56","date_gmt":"2025-02-06T14:53:56","guid":{"rendered":"https:\/\/tammetalu.eu\/?post_type=product&#038;p=22890"},"modified":"2026-05-04T08:49:24","modified_gmt":"2026-05-04T05:49:24","slug":"harilik-kivimunt-calamintha-nepeta-marvelette-white","status":"publish","type":"product","link":"https:\/\/tammetalu.eu\/lv\/toode\/harilik-kivimunt-calamintha-nepeta-marvelette-white\/","title":{"rendered":"Naiste-kivim\u00fcnt Calamintha nepeta &#8220;Marvelette White&#8221;"},"content":{"rendered":"","protected":false},"excerpt":{"rendered":"<p>Naiste-kivim\u00fcnt <em>Calamintha nepeta<\/em> \u201cMarvelette White\u201d<\/p>\n<p>LAT: \u00a0<em>Calamintha nepeta<\/em> \u201cMarvelette White\u201d<\/p>\n<p>ENG: \u00a0Calamint &#8220;Marvelette White\u201d<\/p>\n<p>RU: \u00a0\u0414\u0443\u0448\u0435\u0432\u0438\u043a \u043a\u043e\u0442\u043e\u0432\u043d\u0438\u043a\u043e\u0432\u044b\u0439 \u201cMarvelette White\u201d<\/p>\n<p>FI:\u00a0 Kivikkok\u00e4enminttu \u201cMarvelette White\u201d<\/p>\n<p>Naiste-kivim\u00fcndi sort &#8220;Marvelette White&#8221; on \u00e4heldaste lehtede ja rohkete v\u00e4ikeste valgete \u00f5itega maitse-, ravim- ja ilutaim k\u00f5rgusega kuni 30 cm. V\u00e4ga v\u00e4hen\u00f5udlik. Taime \u00f5ied ja lehed levitavad puudutamisel meeldivalt v\u00fcrtsikat m\u00fcntidele sarnast aroomi. Kasvuks vajab vett l\u00e4bilaskvat kuivemat kuni parasniisket viljakat mulda ja p\u00e4ikeselist kuni poolvarjulist kasvukohta. T\u00e4iesti talvekindel.\u00d5itsemise ajal on kivim\u00fcndid liblikate ja mesilaste lemmikud. \u00d5itsevad juulist kuni septembrini v\u00e4ga rikkalikult.<\/p>\n<p>Naiste-kivim\u00fcndi lehti ja \u00f5isi v\u00f5ib kasutada k\u00f6\u00f6gis nii kuivatatuna kui v\u00e4rskelt. Lehed lisavad meeldivat v\u00fcrtsikust salatitele ja aedviljaroogadele. Maitse sobib kokku veel sea- ja linnulihast roogadega.<\/p>\n<p>Naiste-kivim\u00fcndi \u00f5itest ja lehtedest valmistatud teed kasutatakse vahemeremaade rahvameditsiinis k\u00f6ha ja k\u00fclmetuse puhul. Taimed omavad antimikroobseid, antioks\u00fcdantseid kui p\u00f5letikuvastaseid toimeid.<\/p>\n<p>K\u00f5rgus: kuni 0,30 m<\/p>\n<p>\u00d5itsemise aeg: VII-IX<\/p>\n<p>Talvekindlus: Talvekindel<\/p>\n<p>Poti suurus: 9-12<\/p>\n<p>&nbsp;<\/p>\n","protected":false},"featured_media":22891,"template":"","meta":{"_acf_changed":false,"_et_pb_use_builder":"","_et_pb_old_content":"","_et_gb_content_width":"","inline_featured_image":false},"product_brand":[],"product_cat":[186,192],"product_tag":[],"class_list":{"0":"post-22890","1":"product","2":"type-product","3":"status-publish","4":"has-post-thumbnail","6":"product_cat-maitse-ja-ravimtaimede-istikud","7":"product_cat-mundid","9":"first","10":"instock","11":"taxable","12":"shipping-taxable","13":"purchasable","14":"product-type-simple"},"acf":[],"yoast_head":"<!-- This site is optimized with the Yoast SEO plugin v27.5 - https:\/\/yoast.com\/product\/yoast-seo-wordpress\/ -->\n<title>Naiste-kivim\u00fcnt Calamintha nepeta &quot;Marvelette White&quot; - Tamme talu \u00fcrdiaed<\/title>\n<meta name=\"robots\" content=\"index, follow, max-snippet:-1, max-image-preview:large, max-video-preview:-1\" \/>\n<link rel=\"canonical\" href=\"https:\/\/tammetalu.eu\/toode\/harilik-kivimunt-calamintha-nepeta-marvelette-white\/\" \/>\n<meta property=\"og:locale\" content=\"lv_LV\" \/>\n<meta property=\"og:type\" content=\"article\" \/>\n<meta property=\"og:title\" content=\"Naiste-kivim\u00fcnt Calamintha nepeta &quot;Marvelette White&quot; - Tamme talu \u00fcrdiaed\" \/>\n<meta property=\"og:description\" content=\"Naiste-kivim\u00fcnt Calamintha nepeta \u201cMarvelette White\u201d  LAT: \u00a0Calamintha nepeta \u201cMarvelette White\u201d  ENG: \u00a0Calamint &quot;Marvelette White\u201d  RU: \u00a0\u0414\u0443\u0448\u0435\u0432\u0438\u043a \u043a\u043e\u0442\u043e\u0432\u043d\u0438\u043a\u043e\u0432\u044b\u0439 \u201cMarvelette White\u201d  FI:\u00a0 Kivikkok\u00e4enminttu \u201cMarvelette White\u201d  Naiste-kivim\u00fcndi sort &quot;Marvelette White&quot; on \u00e4heldaste lehtede ja rohkete v\u00e4ikeste valgete \u00f5itega maitse-, ravim- ja ilutaim k\u00f5rgusega kuni 30 cm. V\u00e4ga v\u00e4hen\u00f5udlik. Taime \u00f5ied ja lehed levitavad puudutamisel meeldivalt v\u00fcrtsikat m\u00fcntidele sarnast aroomi. Kasvuks vajab vett l\u00e4bilaskvat kuivemat kuni parasniisket viljakat mulda ja p\u00e4ikeselist kuni poolvarjulist kasvukohta. T\u00e4iesti talvekindel.\u00d5itsemise ajal on kivim\u00fcndid liblikate ja mesilaste lemmikud. \u00d5itsevad juulist kuni septembrini v\u00e4ga rikkalikult.  Naiste-kivim\u00fcndi lehti ja \u00f5isi v\u00f5ib kasutada k\u00f6\u00f6gis nii kuivatatuna kui v\u00e4rskelt. Lehed lisavad meeldivat v\u00fcrtsikust salatitele ja aedviljaroogadele. Maitse sobib kokku veel sea- ja linnulihast roogadega.  Naiste-kivim\u00fcndi \u00f5itest ja lehtedest valmistatud teed kasutatakse vahemeremaade rahvameditsiinis k\u00f6ha ja k\u00fclmetuse puhul. Taimed omavad antimikroobseid, antioks\u00fcdantseid kui p\u00f5letikuvastaseid toimeid.  K\u00f5rgus: kuni 0,30 m  \u00d5itsemise aeg: VII-IX  Talvekindlus: Talvekindel  Poti suurus: 9-12  &nbsp;\" \/>\n<meta property=\"og:url\" content=\"https:\/\/tammetalu.eu\/toode\/harilik-kivimunt-calamintha-nepeta-marvelette-white\/\" \/>\n<meta property=\"og:site_name\" content=\"Tamme talu \u00fcrdiaed\" \/>\n<meta property=\"article:publisher\" content=\"https:\/\/www.facebook.com\/TammeTaluUrdiaed\/?locale=et_EE\" \/>\n<meta property=\"article:modified_time\" content=\"2026-05-04T05:49:24+00:00\" \/>\n<meta property=\"og:image\" content=\"https:\/\/tammetalu.eu\/wp-content\/uploads\/2025\/01\/Harilik_kivimunt_Calamintha_nepeta_Marvelette_White_Tamme_talu_urdiaed.jpg\" \/>\n\t<meta property=\"og:image:width\" content=\"1280\" \/>\n\t<meta property=\"og:image:height\" content=\"1280\" \/>\n\t<meta property=\"og:image:type\" content=\"image\/jpeg\" \/>\n<meta name=\"twitter:card\" content=\"summary_large_image\" \/>\n<meta name=\"twitter:label1\" content=\"Est. reading time\" \/>\n\t<meta name=\"twitter:data1\" content=\"1 minute\" \/>\n<script type=\"application\/ld+json\" class=\"yoast-schema-graph\">{\"@context\":\"https:\\\/\\\/schema.org\",\"@graph\":[{\"@type\":\"WebPage\",\"@id\":\"https:\\\/\\\/tammetalu.eu\\\/toode\\\/harilik-kivimunt-calamintha-nepeta-marvelette-white\\\/\",\"url\":\"https:\\\/\\\/tammetalu.eu\\\/toode\\\/harilik-kivimunt-calamintha-nepeta-marvelette-white\\\/\",\"name\":\"Naiste-kivim\u00fcnt Calamintha nepeta \\\"Marvelette White\\\" - Tamme talu \u00fcrdiaed\",\"isPartOf\":{\"@id\":\"https:\\\/\\\/tammetalu.eu\\\/#website\"},\"primaryImageOfPage\":{\"@id\":\"https:\\\/\\\/tammetalu.eu\\\/toode\\\/harilik-kivimunt-calamintha-nepeta-marvelette-white\\\/#primaryimage\"},\"image\":{\"@id\":\"https:\\\/\\\/tammetalu.eu\\\/toode\\\/harilik-kivimunt-calamintha-nepeta-marvelette-white\\\/#primaryimage\"},\"thumbnailUrl\":\"https:\\\/\\\/tammetalu.eu\\\/wp-content\\\/uploads\\\/2025\\\/01\\\/Harilik_kivimunt_Calamintha_nepeta_Marvelette_White_Tamme_talu_urdiaed.jpg\",\"datePublished\":\"2025-02-06T14:53:56+00:00\",\"dateModified\":\"2026-05-04T05:49:24+00:00\",\"breadcrumb\":{\"@id\":\"https:\\\/\\\/tammetalu.eu\\\/toode\\\/harilik-kivimunt-calamintha-nepeta-marvelette-white\\\/#breadcrumb\"},\"inLanguage\":\"lv-LV\",\"potentialAction\":[{\"@type\":\"ReadAction\",\"target\":[\"https:\\\/\\\/tammetalu.eu\\\/toode\\\/harilik-kivimunt-calamintha-nepeta-marvelette-white\\\/\"]}]},{\"@type\":\"ImageObject\",\"inLanguage\":\"lv-LV\",\"@id\":\"https:\\\/\\\/tammetalu.eu\\\/toode\\\/harilik-kivimunt-calamintha-nepeta-marvelette-white\\\/#primaryimage\",\"url\":\"https:\\\/\\\/tammetalu.eu\\\/wp-content\\\/uploads\\\/2025\\\/01\\\/Harilik_kivimunt_Calamintha_nepeta_Marvelette_White_Tamme_talu_urdiaed.jpg\",\"contentUrl\":\"https:\\\/\\\/tammetalu.eu\\\/wp-content\\\/uploads\\\/2025\\\/01\\\/Harilik_kivimunt_Calamintha_nepeta_Marvelette_White_Tamme_talu_urdiaed.jpg\",\"width\":1280,\"height\":1280,\"caption\":\"harilik kivim\u00fcnt, tamme talu \u00fcrdiaed, taimeistikud, \u00fcrdiistikud\"},{\"@type\":\"BreadcrumbList\",\"@id\":\"https:\\\/\\\/tammetalu.eu\\\/toode\\\/harilik-kivimunt-calamintha-nepeta-marvelette-white\\\/#breadcrumb\",\"itemListElement\":[{\"@type\":\"ListItem\",\"position\":1,\"name\":\"Home\",\"item\":\"https:\\\/\\\/tammetalu.eu\\\/lv\\\/galvena-lapa\\\/\"},{\"@type\":\"ListItem\",\"position\":2,\"name\":\"Shop\",\"item\":\"https:\\\/\\\/tammetalu.eu\\\/lv\\\/shop\\\/\"},{\"@type\":\"ListItem\",\"position\":3,\"name\":\"Naiste-kivim\u00fcnt Calamintha nepeta &#8220;Marvelette White&#8221;\"}]},{\"@type\":\"WebSite\",\"@id\":\"https:\\\/\\\/tammetalu.eu\\\/#website\",\"url\":\"https:\\\/\\\/tammetalu.eu\\\/\",\"name\":\"Tamme talu \u00fcrdiaed\",\"description\":\"K\u00e4sit\u00f6\u00f6na valmistatud tooted \u00fcrtidest, \u00fcrdiistikud, \u00fcrtide kollektsioonaed\",\"publisher\":{\"@id\":\"https:\\\/\\\/tammetalu.eu\\\/#organization\"},\"alternateName\":\"Tamme talu\",\"potentialAction\":[{\"@type\":\"SearchAction\",\"target\":{\"@type\":\"EntryPoint\",\"urlTemplate\":\"https:\\\/\\\/tammetalu.eu\\\/?s={search_term_string}\"},\"query-input\":{\"@type\":\"PropertyValueSpecification\",\"valueRequired\":true,\"valueName\":\"search_term_string\"}}],\"inLanguage\":\"lv-LV\"},{\"@type\":\"Organization\",\"@id\":\"https:\\\/\\\/tammetalu.eu\\\/#organization\",\"name\":\"Tamme talu \u00fcrdiaed\",\"alternateName\":\"Tamme talu\",\"url\":\"https:\\\/\\\/tammetalu.eu\\\/\",\"logo\":{\"@type\":\"ImageObject\",\"inLanguage\":\"lv-LV\",\"@id\":\"https:\\\/\\\/tammetalu.eu\\\/#\\\/schema\\\/logo\\\/image\\\/\",\"url\":\"https:\\\/\\\/tammetalu.eu\\\/wp-content\\\/uploads\\\/2025\\\/01\\\/Tamme_talu_urdiaed.png\",\"contentUrl\":\"https:\\\/\\\/tammetalu.eu\\\/wp-content\\\/uploads\\\/2025\\\/01\\\/Tamme_talu_urdiaed.png\",\"width\":560,\"height\":560,\"caption\":\"Tamme talu \u00fcrdiaed\"},\"image\":{\"@id\":\"https:\\\/\\\/tammetalu.eu\\\/#\\\/schema\\\/logo\\\/image\\\/\"},\"sameAs\":[\"https:\\\/\\\/www.facebook.com\\\/TammeTaluUrdiaed\\\/?locale=et_EE\",\"https:\\\/\\\/www.instagram.com\\\/tammetaluurdiaed\\\/\"]}]}<\/script>\n<!-- \/ Yoast SEO plugin. -->","yoast_head_json":{"title":"Naiste-kivim\u00fcnt Calamintha nepeta \"Marvelette White\" - Tamme talu \u00fcrdiaed","robots":{"index":"index","follow":"follow","max-snippet":"max-snippet:-1","max-image-preview":"max-image-preview:large","max-video-preview":"max-video-preview:-1"},"canonical":"https:\/\/tammetalu.eu\/toode\/harilik-kivimunt-calamintha-nepeta-marvelette-white\/","og_locale":"lv_LV","og_type":"article","og_title":"Naiste-kivim\u00fcnt Calamintha nepeta \"Marvelette White\" - Tamme talu \u00fcrdiaed","og_description":"Naiste-kivim\u00fcnt Calamintha nepeta \u201cMarvelette White\u201d  LAT: \u00a0Calamintha nepeta \u201cMarvelette White\u201d  ENG: \u00a0Calamint \"Marvelette White\u201d  RU: \u00a0\u0414\u0443\u0448\u0435\u0432\u0438\u043a \u043a\u043e\u0442\u043e\u0432\u043d\u0438\u043a\u043e\u0432\u044b\u0439 \u201cMarvelette White\u201d  FI:\u00a0 Kivikkok\u00e4enminttu \u201cMarvelette White\u201d  Naiste-kivim\u00fcndi sort \"Marvelette White\" on \u00e4heldaste lehtede ja rohkete v\u00e4ikeste valgete \u00f5itega maitse-, ravim- ja ilutaim k\u00f5rgusega kuni 30 cm. V\u00e4ga v\u00e4hen\u00f5udlik. Taime \u00f5ied ja lehed levitavad puudutamisel meeldivalt v\u00fcrtsikat m\u00fcntidele sarnast aroomi. Kasvuks vajab vett l\u00e4bilaskvat kuivemat kuni parasniisket viljakat mulda ja p\u00e4ikeselist kuni poolvarjulist kasvukohta. T\u00e4iesti talvekindel.\u00d5itsemise ajal on kivim\u00fcndid liblikate ja mesilaste lemmikud. \u00d5itsevad juulist kuni septembrini v\u00e4ga rikkalikult.  Naiste-kivim\u00fcndi lehti ja \u00f5isi v\u00f5ib kasutada k\u00f6\u00f6gis nii kuivatatuna kui v\u00e4rskelt. Lehed lisavad meeldivat v\u00fcrtsikust salatitele ja aedviljaroogadele. Maitse sobib kokku veel sea- ja linnulihast roogadega.  Naiste-kivim\u00fcndi \u00f5itest ja lehtedest valmistatud teed kasutatakse vahemeremaade rahvameditsiinis k\u00f6ha ja k\u00fclmetuse puhul. Taimed omavad antimikroobseid, antioks\u00fcdantseid kui p\u00f5letikuvastaseid toimeid.  K\u00f5rgus: kuni 0,30 m  \u00d5itsemise aeg: VII-IX  Talvekindlus: Talvekindel  Poti suurus: 9-12  &nbsp;","og_url":"https:\/\/tammetalu.eu\/toode\/harilik-kivimunt-calamintha-nepeta-marvelette-white\/","og_site_name":"Tamme talu \u00fcrdiaed","article_publisher":"https:\/\/www.facebook.com\/TammeTaluUrdiaed\/?locale=et_EE","article_modified_time":"2026-05-04T05:49:24+00:00","og_image":[{"width":1280,"height":1280,"url":"https:\/\/tammetalu.eu\/wp-content\/uploads\/2025\/01\/Harilik_kivimunt_Calamintha_nepeta_Marvelette_White_Tamme_talu_urdiaed.jpg","type":"image\/jpeg"}],"twitter_card":"summary_large_image","twitter_misc":{"Est. reading time":"1 minute"},"schema":{"@context":"https:\/\/schema.org","@graph":[{"@type":"WebPage","@id":"https:\/\/tammetalu.eu\/toode\/harilik-kivimunt-calamintha-nepeta-marvelette-white\/","url":"https:\/\/tammetalu.eu\/toode\/harilik-kivimunt-calamintha-nepeta-marvelette-white\/","name":"Naiste-kivim\u00fcnt Calamintha nepeta \"Marvelette White\" - Tamme talu \u00fcrdiaed","isPartOf":{"@id":"https:\/\/tammetalu.eu\/#website"},"primaryImageOfPage":{"@id":"https:\/\/tammetalu.eu\/toode\/harilik-kivimunt-calamintha-nepeta-marvelette-white\/#primaryimage"},"image":{"@id":"https:\/\/tammetalu.eu\/toode\/harilik-kivimunt-calamintha-nepeta-marvelette-white\/#primaryimage"},"thumbnailUrl":"https:\/\/tammetalu.eu\/wp-content\/uploads\/2025\/01\/Harilik_kivimunt_Calamintha_nepeta_Marvelette_White_Tamme_talu_urdiaed.jpg","datePublished":"2025-02-06T14:53:56+00:00","dateModified":"2026-05-04T05:49:24+00:00","breadcrumb":{"@id":"https:\/\/tammetalu.eu\/toode\/harilik-kivimunt-calamintha-nepeta-marvelette-white\/#breadcrumb"},"inLanguage":"lv-LV","potentialAction":[{"@type":"ReadAction","target":["https:\/\/tammetalu.eu\/toode\/harilik-kivimunt-calamintha-nepeta-marvelette-white\/"]}]},{"@type":"ImageObject","inLanguage":"lv-LV","@id":"https:\/\/tammetalu.eu\/toode\/harilik-kivimunt-calamintha-nepeta-marvelette-white\/#primaryimage","url":"https:\/\/tammetalu.eu\/wp-content\/uploads\/2025\/01\/Harilik_kivimunt_Calamintha_nepeta_Marvelette_White_Tamme_talu_urdiaed.jpg","contentUrl":"https:\/\/tammetalu.eu\/wp-content\/uploads\/2025\/01\/Harilik_kivimunt_Calamintha_nepeta_Marvelette_White_Tamme_talu_urdiaed.jpg","width":1280,"height":1280,"caption":"harilik kivim\u00fcnt, tamme talu \u00fcrdiaed, taimeistikud, \u00fcrdiistikud"},{"@type":"BreadcrumbList","@id":"https:\/\/tammetalu.eu\/toode\/harilik-kivimunt-calamintha-nepeta-marvelette-white\/#breadcrumb","itemListElement":[{"@type":"ListItem","position":1,"name":"Home","item":"https:\/\/tammetalu.eu\/lv\/galvena-lapa\/"},{"@type":"ListItem","position":2,"name":"Shop","item":"https:\/\/tammetalu.eu\/lv\/shop\/"},{"@type":"ListItem","position":3,"name":"Naiste-kivim\u00fcnt Calamintha nepeta &#8220;Marvelette White&#8221;"}]},{"@type":"WebSite","@id":"https:\/\/tammetalu.eu\/#website","url":"https:\/\/tammetalu.eu\/","name":"Tamme talu \u00fcrdiaed","description":"K\u00e4sit\u00f6\u00f6na valmistatud tooted \u00fcrtidest, \u00fcrdiistikud, \u00fcrtide kollektsioonaed","publisher":{"@id":"https:\/\/tammetalu.eu\/#organization"},"alternateName":"Tamme talu","potentialAction":[{"@type":"SearchAction","target":{"@type":"EntryPoint","urlTemplate":"https:\/\/tammetalu.eu\/?s={search_term_string}"},"query-input":{"@type":"PropertyValueSpecification","valueRequired":true,"valueName":"search_term_string"}}],"inLanguage":"lv-LV"},{"@type":"Organization","@id":"https:\/\/tammetalu.eu\/#organization","name":"Tamme talu \u00fcrdiaed","alternateName":"Tamme talu","url":"https:\/\/tammetalu.eu\/","logo":{"@type":"ImageObject","inLanguage":"lv-LV","@id":"https:\/\/tammetalu.eu\/#\/schema\/logo\/image\/","url":"https:\/\/tammetalu.eu\/wp-content\/uploads\/2025\/01\/Tamme_talu_urdiaed.png","contentUrl":"https:\/\/tammetalu.eu\/wp-content\/uploads\/2025\/01\/Tamme_talu_urdiaed.png","width":560,"height":560,"caption":"Tamme talu \u00fcrdiaed"},"image":{"@id":"https:\/\/tammetalu.eu\/#\/schema\/logo\/image\/"},"sameAs":["https:\/\/www.facebook.com\/TammeTaluUrdiaed\/?locale=et_EE","https:\/\/www.instagram.com\/tammetaluurdiaed\/"]}]}},"_links":{"self":[{"href":"https:\/\/tammetalu.eu\/lv\/wp-json\/wp\/v2\/product\/22890","targetHints":{"allow":["GET"]}}],"collection":[{"href":"https:\/\/tammetalu.eu\/lv\/wp-json\/wp\/v2\/product"}],"about":[{"href":"https:\/\/tammetalu.eu\/lv\/wp-json\/wp\/v2\/types\/product"}],"wp:featuredmedia":[{"embeddable":true,"href":"https:\/\/tammetalu.eu\/lv\/wp-json\/wp\/v2\/media\/22891"}],"wp:attachment":[{"href":"https:\/\/tammetalu.eu\/lv\/wp-json\/wp\/v2\/media?parent=22890"}],"wp:term":[{"taxonomy":"product_brand","embeddable":true,"href":"https:\/\/tammetalu.eu\/lv\/wp-json\/wp\/v2\/product_brand?post=22890"},{"taxonomy":"product_cat","embeddable":true,"href":"https:\/\/tammetalu.eu\/lv\/wp-json\/wp\/v2\/product_cat?post=22890"},{"taxonomy":"product_tag","embeddable":true,"href":"https:\/\/tammetalu.eu\/lv\/wp-json\/wp\/v2\/product_tag?post=22890"}],"curies":[{"name":"wp","href":"https:\/\/api.w.org\/{rel}","templated":true}]}}