{"id":22930,"date":"2025-01-29T11:43:23","date_gmt":"2025-01-29T09:43:23","guid":{"rendered":"https:\/\/tammetalu.eu\/?post_type=product&#038;p=22930"},"modified":"2026-02-02T15:14:32","modified_gmt":"2026-02-02T13:14:32","slug":"murulauk-allium-schoenoprasum-white-one","status":"publish","type":"product","link":"https:\/\/tammetalu.eu\/lv\/toode\/murulauk-allium-schoenoprasum-white-one\/","title":{"rendered":"Murulauk Allium schoenoprasum &#8220;White One&#8221;"},"content":{"rendered":"","protected":false},"excerpt":{"rendered":"<p>LAT:\u00a0 <em>Allium schoenoprasum \u201c<\/em>White One\u201d<\/p>\n<p>ENG:\u00a0 Chives<\/p>\n<p>RU:\u00a0 \u041b\u0443\u043a \u0441\u043a\u043e\u0440\u043e\u0434\u0430<\/p>\n<p>FI: \u00a0Ruohosipuli<\/p>\n<p>Vastupidav ja v\u00e4hen\u00f5udlik murulauk on \u00fcks esimesi kevadisi rohelisi vitamiinitaimi aias, mida kasvatatakse nii ilu- kui maitsetaimena. On\u00a0mitmeaastane sibultaim liilialiste sugukonnast laugu perekonnast. Tipmistesse \u00f5isikutesse koondunud \u00f5ied on lumivalged.<\/p>\n<p>Murulauk eelistab lubjarikast pinnast, kuid on kasvutingimuste suhtes siiski v\u00e4ga leplik ja kasvab j\u00f5udsalt tavalises aiamullas. Taime saab viljeleda nii peenras kasvatades kui ka potikultuurina. Sobib tavaline aiamuld, v\u00f5ib kasvatada aias p\u00fcsikute peenral t\u00e4itetaimena. Paljundada saab murulauku k\u00f5ige lihtamini puhma jagamise teel.<\/p>\n<p>Toiduks tarvitatakse murulaugu mahedamaitselisi vitamiinirikkaid lehti peamiselt toorelt salatitesse, v\u00f5ileivakatteks ja garneerimiseks. Hakitud lehti ja \u00f5isi v\u00f5ib lisada k\u00fclmadesse ja kuumadesse kastmetesse, munaroogadele, kalale ning pajaroogadele. Pole soolast toitu, kuhu murulauk ei sobiks. \u00d5isikuid kasutatakse garneerimiseks ja salatitesse, veel avanemata \u00f5iepungad v\u00f5ib marineerida ja kasutada v\u00fcrtsika lisandina v\u00f5ileibadel ja soolaste toitude lisandina. \u00d5isikud sobivad vaasi ilulilledeks. Murulaugu nektaririkkaid \u00f5isikuid k\u00fclastavad meelsasti mesilased ja kimalased.<\/p>\n<p>Murulauk sarnaneb ravitoimelt k\u00fc\u00fcslaugule, kuid on n\u00f5rgem. T\u00e4nu eeterlike \u00f5lide suurele sisaldusele m\u00f5jub murulauk seedimist soodustavalt ja verer\u00f5hku alandavalt. Murulaugus leidub ka A- ja C-vitamiini, ohtralt kaltsiumi ja rauda ning v\u00e4hesel m\u00e4\u00e4ral v\u00e4\u00e4vlit. Kuna murulauku tarbitakse reeglina v\u00e4ikestes kogustes, ei kujuta taimes sisalduv v\u00e4\u00e4vel endast inimesele ohtu.<\/p>\n<p>K\u00f5rgus: kuni 0,30 m<\/p>\n<p>\u00d5itsemise aeg: V-VI<\/p>\n<p>Talvekindlus: t\u00e4iesti talvekindel<\/p>\n<p>Poti suurus: 9-12<\/p>\n","protected":false},"featured_media":22931,"template":"","meta":{"_acf_changed":false,"_et_pb_use_builder":"","_et_pb_old_content":"","_et_gb_content_width":"","inline_featured_image":false},"product_brand":[],"product_cat":[186,201,203],"product_tag":[],"class_list":{"0":"post-22930","1":"product","2":"type-product","3":"status-publish","4":"has-post-thumbnail","6":"product_cat-maitse-ja-ravimtaimede-istikud","7":"product_cat-laugud","8":"product_cat-ponevad-koogiviljad","10":"first","11":"outofstock","12":"sale","13":"taxable","14":"shipping-taxable","15":"purchasable","16":"product-type-simple"},"acf":[],"yoast_head":"<!-- This site is optimized with the Yoast SEO plugin v26.4 - https:\/\/yoast.com\/wordpress\/plugins\/seo\/ -->\n<title>Murulauk Allium schoenoprasum &quot;White One&quot; - Tamme talu \u00fcrdiaed<\/title>\n<meta name=\"robots\" content=\"index, follow, max-snippet:-1, max-image-preview:large, max-video-preview:-1\" \/>\n<link rel=\"canonical\" href=\"https:\/\/tammetalu.eu\/toode\/murulauk-allium-schoenoprasum-white-one\/\" \/>\n<meta property=\"og:locale\" content=\"lv_LV\" \/>\n<meta property=\"og:type\" content=\"article\" \/>\n<meta property=\"og:title\" content=\"Murulauk Allium schoenoprasum &quot;White One&quot; - Tamme talu \u00fcrdiaed\" \/>\n<meta property=\"og:description\" content=\"LAT:\u00a0 Allium schoenoprasum \u201cWhite One\u201d  ENG:\u00a0 Chives  RU:\u00a0 \u041b\u0443\u043a \u0441\u043a\u043e\u0440\u043e\u0434\u0430  FI: \u00a0Ruohosipuli  Vastupidav ja v\u00e4hen\u00f5udlik murulauk on \u00fcks esimesi kevadisi rohelisi vitamiinitaimi aias, mida kasvatatakse nii ilu- kui maitsetaimena. On\u00a0mitmeaastane sibultaim liilialiste sugukonnast laugu perekonnast. Tipmistesse \u00f5isikutesse koondunud \u00f5ied on lumivalged.  Murulauk eelistab lubjarikast pinnast, kuid on kasvutingimuste suhtes siiski v\u00e4ga leplik ja kasvab j\u00f5udsalt tavalises aiamullas. Taime saab viljeleda nii peenras kasvatades kui ka potikultuurina. Sobib tavaline aiamuld, v\u00f5ib kasvatada aias p\u00fcsikute peenral t\u00e4itetaimena. Paljundada saab murulauku k\u00f5ige lihtamini puhma jagamise teel.  Toiduks tarvitatakse murulaugu mahedamaitselisi vitamiinirikkaid lehti peamiselt toorelt salatitesse, v\u00f5ileivakatteks ja garneerimiseks. Hakitud lehti ja \u00f5isi v\u00f5ib lisada k\u00fclmadesse ja kuumadesse kastmetesse, munaroogadele, kalale ning pajaroogadele. Pole soolast toitu, kuhu murulauk ei sobiks. \u00d5isikuid kasutatakse garneerimiseks ja salatitesse, veel avanemata \u00f5iepungad v\u00f5ib marineerida ja kasutada v\u00fcrtsika lisandina v\u00f5ileibadel ja soolaste toitude lisandina. \u00d5isikud sobivad vaasi ilulilledeks. Murulaugu nektaririkkaid \u00f5isikuid k\u00fclastavad meelsasti mesilased ja kimalased.  Murulauk sarnaneb ravitoimelt k\u00fc\u00fcslaugule, kuid on n\u00f5rgem. T\u00e4nu eeterlike \u00f5lide suurele sisaldusele m\u00f5jub murulauk seedimist soodustavalt ja verer\u00f5hku alandavalt. Murulaugus leidub ka A- ja C-vitamiini, ohtralt kaltsiumi ja rauda ning v\u00e4hesel m\u00e4\u00e4ral v\u00e4\u00e4vlit. Kuna murulauku tarbitakse reeglina v\u00e4ikestes kogustes, ei kujuta taimes sisalduv v\u00e4\u00e4vel endast inimesele ohtu.  K\u00f5rgus: kuni 0,30 m  \u00d5itsemise aeg: V-VI  Talvekindlus: t\u00e4iesti talvekindel  Poti suurus: 9-12\" \/>\n<meta property=\"og:url\" content=\"https:\/\/tammetalu.eu\/toode\/murulauk-allium-schoenoprasum-white-one\/\" \/>\n<meta property=\"og:site_name\" content=\"Tamme talu \u00fcrdiaed\" \/>\n<meta property=\"article:publisher\" content=\"https:\/\/www.facebook.com\/TammeTaluUrdiaed\/?locale=et_EE\" \/>\n<meta property=\"article:modified_time\" content=\"2026-02-02T13:14:32+00:00\" \/>\n<meta property=\"og:image\" content=\"https:\/\/tammetalu.eu\/wp-content\/uploads\/2025\/01\/Murulauk_allium-schoenoprasum_White_one_Tamme_talu_urdiaed.jpg\" \/>\n\t<meta property=\"og:image:width\" content=\"800\" \/>\n\t<meta property=\"og:image:height\" content=\"533\" \/>\n\t<meta property=\"og:image:type\" content=\"image\/jpeg\" \/>\n<meta name=\"twitter:card\" content=\"summary_large_image\" \/>\n<meta name=\"twitter:label1\" content=\"Est. reading time\" \/>\n\t<meta name=\"twitter:data1\" content=\"1 minute\" \/>\n<script type=\"application\/ld+json\" class=\"yoast-schema-graph\">{\"@context\":\"https:\/\/schema.org\",\"@graph\":[{\"@type\":\"WebPage\",\"@id\":\"https:\/\/tammetalu.eu\/toode\/murulauk-allium-schoenoprasum-white-one\/\",\"url\":\"https:\/\/tammetalu.eu\/toode\/murulauk-allium-schoenoprasum-white-one\/\",\"name\":\"Murulauk Allium schoenoprasum \\\"White One\\\" - Tamme talu \u00fcrdiaed\",\"isPartOf\":{\"@id\":\"https:\/\/tammetalu.eu\/#website\"},\"primaryImageOfPage\":{\"@id\":\"https:\/\/tammetalu.eu\/toode\/murulauk-allium-schoenoprasum-white-one\/#primaryimage\"},\"image\":{\"@id\":\"https:\/\/tammetalu.eu\/toode\/murulauk-allium-schoenoprasum-white-one\/#primaryimage\"},\"thumbnailUrl\":\"https:\/\/tammetalu.eu\/wp-content\/uploads\/2025\/01\/Murulauk_allium-schoenoprasum_White_one_Tamme_talu_urdiaed.jpg\",\"datePublished\":\"2025-01-29T09:43:23+00:00\",\"dateModified\":\"2026-02-02T13:14:32+00:00\",\"breadcrumb\":{\"@id\":\"https:\/\/tammetalu.eu\/toode\/murulauk-allium-schoenoprasum-white-one\/#breadcrumb\"},\"inLanguage\":\"lv-LV\",\"potentialAction\":[{\"@type\":\"ReadAction\",\"target\":[\"https:\/\/tammetalu.eu\/toode\/murulauk-allium-schoenoprasum-white-one\/\"]}]},{\"@type\":\"ImageObject\",\"inLanguage\":\"lv-LV\",\"@id\":\"https:\/\/tammetalu.eu\/toode\/murulauk-allium-schoenoprasum-white-one\/#primaryimage\",\"url\":\"https:\/\/tammetalu.eu\/wp-content\/uploads\/2025\/01\/Murulauk_allium-schoenoprasum_White_one_Tamme_talu_urdiaed.jpg\",\"contentUrl\":\"https:\/\/tammetalu.eu\/wp-content\/uploads\/2025\/01\/Murulauk_allium-schoenoprasum_White_one_Tamme_talu_urdiaed.jpg\",\"width\":800,\"height\":533,\"caption\":\"Murulauk_allium-schoenoprasum, tamme talu \u00fcrdiaed, \u00fcrdiistikud, istikud\"},{\"@type\":\"BreadcrumbList\",\"@id\":\"https:\/\/tammetalu.eu\/toode\/murulauk-allium-schoenoprasum-white-one\/#breadcrumb\",\"itemListElement\":[{\"@type\":\"ListItem\",\"position\":1,\"name\":\"Home\",\"item\":\"https:\/\/tammetalu.eu\/lv\/galvena-lapa\/\"},{\"@type\":\"ListItem\",\"position\":2,\"name\":\"Shop\",\"item\":\"https:\/\/tammetalu.eu\/lv\/shop\/\"},{\"@type\":\"ListItem\",\"position\":3,\"name\":\"Murulauk Allium schoenoprasum &#8220;White One&#8221;\"}]},{\"@type\":\"WebSite\",\"@id\":\"https:\/\/tammetalu.eu\/#website\",\"url\":\"https:\/\/tammetalu.eu\/\",\"name\":\"Tamme talu \u00fcrdiaed\",\"description\":\"K\u00e4sit\u00f6\u00f6na valmistatud tooted \u00fcrtidest, \u00fcrdiistikud, \u00fcrtide kollektsioonaed\",\"publisher\":{\"@id\":\"https:\/\/tammetalu.eu\/#organization\"},\"alternateName\":\"Tamme talu\",\"potentialAction\":[{\"@type\":\"SearchAction\",\"target\":{\"@type\":\"EntryPoint\",\"urlTemplate\":\"https:\/\/tammetalu.eu\/?s={search_term_string}\"},\"query-input\":{\"@type\":\"PropertyValueSpecification\",\"valueRequired\":true,\"valueName\":\"search_term_string\"}}],\"inLanguage\":\"lv-LV\"},{\"@type\":\"Organization\",\"@id\":\"https:\/\/tammetalu.eu\/#organization\",\"name\":\"Tamme talu \u00fcrdiaed\",\"alternateName\":\"Tamme talu\",\"url\":\"https:\/\/tammetalu.eu\/\",\"logo\":{\"@type\":\"ImageObject\",\"inLanguage\":\"lv-LV\",\"@id\":\"https:\/\/tammetalu.eu\/#\/schema\/logo\/image\/\",\"url\":\"https:\/\/tammetalu.eu\/wp-content\/uploads\/2025\/01\/Tamme_talu_urdiaed.png\",\"contentUrl\":\"https:\/\/tammetalu.eu\/wp-content\/uploads\/2025\/01\/Tamme_talu_urdiaed.png\",\"width\":560,\"height\":560,\"caption\":\"Tamme talu \u00fcrdiaed\"},\"image\":{\"@id\":\"https:\/\/tammetalu.eu\/#\/schema\/logo\/image\/\"},\"sameAs\":[\"https:\/\/www.facebook.com\/TammeTaluUrdiaed\/?locale=et_EE\",\"https:\/\/www.instagram.com\/tammetaluurdiaed\/\"]}]}<\/script>\n<!-- \/ Yoast SEO plugin. -->","yoast_head_json":{"title":"Murulauk Allium schoenoprasum \"White One\" - Tamme talu \u00fcrdiaed","robots":{"index":"index","follow":"follow","max-snippet":"max-snippet:-1","max-image-preview":"max-image-preview:large","max-video-preview":"max-video-preview:-1"},"canonical":"https:\/\/tammetalu.eu\/toode\/murulauk-allium-schoenoprasum-white-one\/","og_locale":"lv_LV","og_type":"article","og_title":"Murulauk Allium schoenoprasum \"White One\" - Tamme talu \u00fcrdiaed","og_description":"LAT:\u00a0 Allium schoenoprasum \u201cWhite One\u201d  ENG:\u00a0 Chives  RU:\u00a0 \u041b\u0443\u043a \u0441\u043a\u043e\u0440\u043e\u0434\u0430  FI: \u00a0Ruohosipuli  Vastupidav ja v\u00e4hen\u00f5udlik murulauk on \u00fcks esimesi kevadisi rohelisi vitamiinitaimi aias, mida kasvatatakse nii ilu- kui maitsetaimena. On\u00a0mitmeaastane sibultaim liilialiste sugukonnast laugu perekonnast. Tipmistesse \u00f5isikutesse koondunud \u00f5ied on lumivalged.  Murulauk eelistab lubjarikast pinnast, kuid on kasvutingimuste suhtes siiski v\u00e4ga leplik ja kasvab j\u00f5udsalt tavalises aiamullas. Taime saab viljeleda nii peenras kasvatades kui ka potikultuurina. Sobib tavaline aiamuld, v\u00f5ib kasvatada aias p\u00fcsikute peenral t\u00e4itetaimena. Paljundada saab murulauku k\u00f5ige lihtamini puhma jagamise teel.  Toiduks tarvitatakse murulaugu mahedamaitselisi vitamiinirikkaid lehti peamiselt toorelt salatitesse, v\u00f5ileivakatteks ja garneerimiseks. Hakitud lehti ja \u00f5isi v\u00f5ib lisada k\u00fclmadesse ja kuumadesse kastmetesse, munaroogadele, kalale ning pajaroogadele. Pole soolast toitu, kuhu murulauk ei sobiks. \u00d5isikuid kasutatakse garneerimiseks ja salatitesse, veel avanemata \u00f5iepungad v\u00f5ib marineerida ja kasutada v\u00fcrtsika lisandina v\u00f5ileibadel ja soolaste toitude lisandina. \u00d5isikud sobivad vaasi ilulilledeks. Murulaugu nektaririkkaid \u00f5isikuid k\u00fclastavad meelsasti mesilased ja kimalased.  Murulauk sarnaneb ravitoimelt k\u00fc\u00fcslaugule, kuid on n\u00f5rgem. T\u00e4nu eeterlike \u00f5lide suurele sisaldusele m\u00f5jub murulauk seedimist soodustavalt ja verer\u00f5hku alandavalt. Murulaugus leidub ka A- ja C-vitamiini, ohtralt kaltsiumi ja rauda ning v\u00e4hesel m\u00e4\u00e4ral v\u00e4\u00e4vlit. Kuna murulauku tarbitakse reeglina v\u00e4ikestes kogustes, ei kujuta taimes sisalduv v\u00e4\u00e4vel endast inimesele ohtu.  K\u00f5rgus: kuni 0,30 m  \u00d5itsemise aeg: V-VI  Talvekindlus: t\u00e4iesti talvekindel  Poti suurus: 9-12","og_url":"https:\/\/tammetalu.eu\/toode\/murulauk-allium-schoenoprasum-white-one\/","og_site_name":"Tamme talu \u00fcrdiaed","article_publisher":"https:\/\/www.facebook.com\/TammeTaluUrdiaed\/?locale=et_EE","article_modified_time":"2026-02-02T13:14:32+00:00","og_image":[{"width":800,"height":533,"url":"https:\/\/tammetalu.eu\/wp-content\/uploads\/2025\/01\/Murulauk_allium-schoenoprasum_White_one_Tamme_talu_urdiaed.jpg","type":"image\/jpeg"}],"twitter_card":"summary_large_image","twitter_misc":{"Est. reading time":"1 minute"},"schema":{"@context":"https:\/\/schema.org","@graph":[{"@type":"WebPage","@id":"https:\/\/tammetalu.eu\/toode\/murulauk-allium-schoenoprasum-white-one\/","url":"https:\/\/tammetalu.eu\/toode\/murulauk-allium-schoenoprasum-white-one\/","name":"Murulauk Allium schoenoprasum \"White One\" - Tamme talu \u00fcrdiaed","isPartOf":{"@id":"https:\/\/tammetalu.eu\/#website"},"primaryImageOfPage":{"@id":"https:\/\/tammetalu.eu\/toode\/murulauk-allium-schoenoprasum-white-one\/#primaryimage"},"image":{"@id":"https:\/\/tammetalu.eu\/toode\/murulauk-allium-schoenoprasum-white-one\/#primaryimage"},"thumbnailUrl":"https:\/\/tammetalu.eu\/wp-content\/uploads\/2025\/01\/Murulauk_allium-schoenoprasum_White_one_Tamme_talu_urdiaed.jpg","datePublished":"2025-01-29T09:43:23+00:00","dateModified":"2026-02-02T13:14:32+00:00","breadcrumb":{"@id":"https:\/\/tammetalu.eu\/toode\/murulauk-allium-schoenoprasum-white-one\/#breadcrumb"},"inLanguage":"lv-LV","potentialAction":[{"@type":"ReadAction","target":["https:\/\/tammetalu.eu\/toode\/murulauk-allium-schoenoprasum-white-one\/"]}]},{"@type":"ImageObject","inLanguage":"lv-LV","@id":"https:\/\/tammetalu.eu\/toode\/murulauk-allium-schoenoprasum-white-one\/#primaryimage","url":"https:\/\/tammetalu.eu\/wp-content\/uploads\/2025\/01\/Murulauk_allium-schoenoprasum_White_one_Tamme_talu_urdiaed.jpg","contentUrl":"https:\/\/tammetalu.eu\/wp-content\/uploads\/2025\/01\/Murulauk_allium-schoenoprasum_White_one_Tamme_talu_urdiaed.jpg","width":800,"height":533,"caption":"Murulauk_allium-schoenoprasum, tamme talu \u00fcrdiaed, \u00fcrdiistikud, istikud"},{"@type":"BreadcrumbList","@id":"https:\/\/tammetalu.eu\/toode\/murulauk-allium-schoenoprasum-white-one\/#breadcrumb","itemListElement":[{"@type":"ListItem","position":1,"name":"Home","item":"https:\/\/tammetalu.eu\/lv\/galvena-lapa\/"},{"@type":"ListItem","position":2,"name":"Shop","item":"https:\/\/tammetalu.eu\/lv\/shop\/"},{"@type":"ListItem","position":3,"name":"Murulauk Allium schoenoprasum &#8220;White One&#8221;"}]},{"@type":"WebSite","@id":"https:\/\/tammetalu.eu\/#website","url":"https:\/\/tammetalu.eu\/","name":"Tamme talu \u00fcrdiaed","description":"K\u00e4sit\u00f6\u00f6na valmistatud tooted \u00fcrtidest, \u00fcrdiistikud, \u00fcrtide kollektsioonaed","publisher":{"@id":"https:\/\/tammetalu.eu\/#organization"},"alternateName":"Tamme talu","potentialAction":[{"@type":"SearchAction","target":{"@type":"EntryPoint","urlTemplate":"https:\/\/tammetalu.eu\/?s={search_term_string}"},"query-input":{"@type":"PropertyValueSpecification","valueRequired":true,"valueName":"search_term_string"}}],"inLanguage":"lv-LV"},{"@type":"Organization","@id":"https:\/\/tammetalu.eu\/#organization","name":"Tamme talu \u00fcrdiaed","alternateName":"Tamme talu","url":"https:\/\/tammetalu.eu\/","logo":{"@type":"ImageObject","inLanguage":"lv-LV","@id":"https:\/\/tammetalu.eu\/#\/schema\/logo\/image\/","url":"https:\/\/tammetalu.eu\/wp-content\/uploads\/2025\/01\/Tamme_talu_urdiaed.png","contentUrl":"https:\/\/tammetalu.eu\/wp-content\/uploads\/2025\/01\/Tamme_talu_urdiaed.png","width":560,"height":560,"caption":"Tamme talu \u00fcrdiaed"},"image":{"@id":"https:\/\/tammetalu.eu\/#\/schema\/logo\/image\/"},"sameAs":["https:\/\/www.facebook.com\/TammeTaluUrdiaed\/?locale=et_EE","https:\/\/www.instagram.com\/tammetaluurdiaed\/"]}]}},"_links":{"self":[{"href":"https:\/\/tammetalu.eu\/lv\/wp-json\/wp\/v2\/product\/22930","targetHints":{"allow":["GET"]}}],"collection":[{"href":"https:\/\/tammetalu.eu\/lv\/wp-json\/wp\/v2\/product"}],"about":[{"href":"https:\/\/tammetalu.eu\/lv\/wp-json\/wp\/v2\/types\/product"}],"wp:featuredmedia":[{"embeddable":true,"href":"https:\/\/tammetalu.eu\/lv\/wp-json\/wp\/v2\/media\/22931"}],"wp:attachment":[{"href":"https:\/\/tammetalu.eu\/lv\/wp-json\/wp\/v2\/media?parent=22930"}],"wp:term":[{"taxonomy":"product_brand","embeddable":true,"href":"https:\/\/tammetalu.eu\/lv\/wp-json\/wp\/v2\/product_brand?post=22930"},{"taxonomy":"product_cat","embeddable":true,"href":"https:\/\/tammetalu.eu\/lv\/wp-json\/wp\/v2\/product_cat?post=22930"},{"taxonomy":"product_tag","embeddable":true,"href":"https:\/\/tammetalu.eu\/lv\/wp-json\/wp\/v2\/product_tag?post=22930"}],"curies":[{"name":"wp","href":"https:\/\/api.w.org\/{rel}","templated":true}]}}