{"id":23096,"date":"2025-02-06T16:53:51","date_gmt":"2025-02-06T14:53:51","guid":{"rendered":"https:\/\/tammetalu.eu\/?post_type=product&#038;p=23096"},"modified":"2026-03-03T10:05:48","modified_gmt":"2026-03-03T08:05:48","slug":"toruoieline-monarda-monarda-fistulosa-hybride-elsies-lavender","status":"publish","type":"product","link":"https:\/\/tammetalu.eu\/lv\/toode\/toruoieline-monarda-monarda-fistulosa-hybride-elsies-lavender\/","title":{"rendered":"Toru\u00f5ieline monarda Monarda fistulosa &#8220;Elsie`s Lavender&#8221;"},"content":{"rendered":"","protected":false},"excerpt":{"rendered":"<p>Toru\u00f5ieline monarda <em>Monarda fistulosa <\/em>&#8220;Elsie`s Lavender&#8221;<\/p>\n<p>LAT: \u00a0<em>Monarda fistulosa <\/em>&#8220;Elsie`s Lavender&#8221;<\/p>\n<p>ENG: \u00a0 Bee balm &#8220;Elsie`s Lavender&#8221;<\/p>\n<p>RU: \u00a0M\u043e\u043d\u0430\u0440\u0434\u0430 &#8220;Elsie`s Lavender&#8221;<\/p>\n<p>FI:\u00a0 Preeriav\u00e4riminttu &#8220;Elsie`s Lavender&#8221;<\/p>\n<p>&nbsp;<\/p>\n<p>Helelillade \u00f5itega toru\u00f5ielise monarda sort \u201cElsie`s Lavender&#8221; on suhteliselt vastupidav ebajahukastele. Taime \u00f5ied ja lehed levitavad puudutamisel m\u00fcndile sarnast robustset v\u00fcrtsikat aroomi. Kasvuks vajab vett l\u00e4bilaskvat parasniisket viljakat mulda ja p\u00e4ikeselist kuni poolvarjulist kasvukohta. Monardad on t\u00e4iesti talvekindlad, kuid \u00fcle kolme-nelja aasta vajavad uuendamist puhmiku jagamise teel. Monardad on \u00f5itsemise ajal liblikate ja mesilaste lemmikud. \u00d5itsevad juulist kuni augustini.<\/p>\n<p>Monardade lehti ja \u00f5isi v\u00f5ib kasutada k\u00f6\u00f6gis nii kuivatatuna kui v\u00e4rskelt. Lehed lisavad meeldivat v\u00fcrtsikust salatitele ja aedviljaroogadele. Maitse sobib kokku veel sea- ja linnulihast roogadega.<\/p>\n<p>Monardade \u00f5itest ja lehtedest valmistatud teed kasutatakse rahvameditsiinis k\u00f6ha ja k\u00fclmetuse puhul ja kui \u00f5htuse l\u00f5\u00f5gastava\u00a0 enne und joogina.<\/p>\n<p>K\u00f5rgus: kuni 1,2 m<\/p>\n<p>\u00d5itsemise aeg: VII-VIII<\/p>\n<p>Talvekindlus: Talvekindel<\/p>\n<p>Poti suurus: 9-12<\/p>\n","protected":false},"featured_media":23097,"template":"","meta":{"_acf_changed":false,"_et_pb_use_builder":"","_et_pb_old_content":"","_et_gb_content_width":"","inline_featured_image":false},"product_brand":[],"product_cat":[186,195],"product_tag":[],"class_list":{"0":"post-23096","1":"product","2":"type-product","3":"status-publish","4":"has-post-thumbnail","6":"product_cat-maitse-ja-ravimtaimede-istikud","7":"product_cat-monardad","9":"first","10":"instock","11":"sale","12":"taxable","13":"shipping-taxable","14":"purchasable","15":"product-type-simple"},"acf":[],"yoast_head":"<!-- This site is optimized with the Yoast SEO plugin v26.4 - https:\/\/yoast.com\/wordpress\/plugins\/seo\/ -->\n<title>Toru\u00f5ieline monarda Monarda fistulosa &quot;Elsie`s Lavender&quot; - Tamme talu \u00fcrdiaed<\/title>\n<meta name=\"robots\" content=\"index, follow, max-snippet:-1, max-image-preview:large, max-video-preview:-1\" \/>\n<link rel=\"canonical\" href=\"https:\/\/tammetalu.eu\/toode\/toruoieline-monarda-monarda-fistulosa-hybride-elsies-lavender\/\" \/>\n<meta property=\"og:locale\" content=\"lv_LV\" \/>\n<meta property=\"og:type\" content=\"article\" \/>\n<meta property=\"og:title\" content=\"Toru\u00f5ieline monarda Monarda fistulosa &quot;Elsie`s Lavender&quot; - Tamme talu \u00fcrdiaed\" \/>\n<meta property=\"og:description\" content=\"Toru\u00f5ieline monarda Monarda fistulosa &quot;Elsie`s Lavender&quot;  LAT: \u00a0Monarda fistulosa &quot;Elsie`s Lavender&quot;  ENG: \u00a0 Bee balm &quot;Elsie`s Lavender&quot;  RU: \u00a0M\u043e\u043d\u0430\u0440\u0434\u0430 &quot;Elsie`s Lavender&quot;  FI:\u00a0 Preeriav\u00e4riminttu &quot;Elsie`s Lavender&quot;  &nbsp;  Helelillade \u00f5itega toru\u00f5ielise monarda sort \u201cElsie`s Lavender&quot; on suhteliselt vastupidav ebajahukastele. Taime \u00f5ied ja lehed levitavad puudutamisel m\u00fcndile sarnast robustset v\u00fcrtsikat aroomi. Kasvuks vajab vett l\u00e4bilaskvat parasniisket viljakat mulda ja p\u00e4ikeselist kuni poolvarjulist kasvukohta. Monardad on t\u00e4iesti talvekindlad, kuid \u00fcle kolme-nelja aasta vajavad uuendamist puhmiku jagamise teel. Monardad on \u00f5itsemise ajal liblikate ja mesilaste lemmikud. \u00d5itsevad juulist kuni augustini.  Monardade lehti ja \u00f5isi v\u00f5ib kasutada k\u00f6\u00f6gis nii kuivatatuna kui v\u00e4rskelt. Lehed lisavad meeldivat v\u00fcrtsikust salatitele ja aedviljaroogadele. Maitse sobib kokku veel sea- ja linnulihast roogadega.  Monardade \u00f5itest ja lehtedest valmistatud teed kasutatakse rahvameditsiinis k\u00f6ha ja k\u00fclmetuse puhul ja kui \u00f5htuse l\u00f5\u00f5gastava\u00a0 enne und joogina.  K\u00f5rgus: kuni 1,2 m  \u00d5itsemise aeg: VII-VIII  Talvekindlus: Talvekindel  Poti suurus: 9-12\" \/>\n<meta property=\"og:url\" content=\"https:\/\/tammetalu.eu\/toode\/toruoieline-monarda-monarda-fistulosa-hybride-elsies-lavender\/\" \/>\n<meta property=\"og:site_name\" content=\"Tamme talu \u00fcrdiaed\" \/>\n<meta property=\"article:publisher\" content=\"https:\/\/www.facebook.com\/TammeTaluUrdiaed\/?locale=et_EE\" \/>\n<meta property=\"article:modified_time\" content=\"2026-03-03T08:05:48+00:00\" \/>\n<meta property=\"og:image\" content=\"https:\/\/tammetalu.eu\/wp-content\/uploads\/2025\/01\/Toruoieline_monarda_Monarda-Elsie-s-Lavender_tamme_talu_urdiaed.jpg\" \/>\n\t<meta property=\"og:image:width\" content=\"900\" \/>\n\t<meta property=\"og:image:height\" content=\"900\" \/>\n\t<meta property=\"og:image:type\" content=\"image\/jpeg\" \/>\n<meta name=\"twitter:card\" content=\"summary_large_image\" \/>\n<meta name=\"twitter:label1\" content=\"Est. reading time\" \/>\n\t<meta name=\"twitter:data1\" content=\"1 minute\" \/>\n<script type=\"application\/ld+json\" class=\"yoast-schema-graph\">{\"@context\":\"https:\/\/schema.org\",\"@graph\":[{\"@type\":\"WebPage\",\"@id\":\"https:\/\/tammetalu.eu\/toode\/toruoieline-monarda-monarda-fistulosa-hybride-elsies-lavender\/\",\"url\":\"https:\/\/tammetalu.eu\/toode\/toruoieline-monarda-monarda-fistulosa-hybride-elsies-lavender\/\",\"name\":\"Toru\u00f5ieline monarda Monarda fistulosa \\\"Elsie`s Lavender\\\" - Tamme talu \u00fcrdiaed\",\"isPartOf\":{\"@id\":\"https:\/\/tammetalu.eu\/#website\"},\"primaryImageOfPage\":{\"@id\":\"https:\/\/tammetalu.eu\/toode\/toruoieline-monarda-monarda-fistulosa-hybride-elsies-lavender\/#primaryimage\"},\"image\":{\"@id\":\"https:\/\/tammetalu.eu\/toode\/toruoieline-monarda-monarda-fistulosa-hybride-elsies-lavender\/#primaryimage\"},\"thumbnailUrl\":\"https:\/\/tammetalu.eu\/wp-content\/uploads\/2025\/01\/Toruoieline_monarda_Monarda-Elsie-s-Lavender_tamme_talu_urdiaed.jpg\",\"datePublished\":\"2025-02-06T14:53:51+00:00\",\"dateModified\":\"2026-03-03T08:05:48+00:00\",\"breadcrumb\":{\"@id\":\"https:\/\/tammetalu.eu\/toode\/toruoieline-monarda-monarda-fistulosa-hybride-elsies-lavender\/#breadcrumb\"},\"inLanguage\":\"lv-LV\",\"potentialAction\":[{\"@type\":\"ReadAction\",\"target\":[\"https:\/\/tammetalu.eu\/toode\/toruoieline-monarda-monarda-fistulosa-hybride-elsies-lavender\/\"]}]},{\"@type\":\"ImageObject\",\"inLanguage\":\"lv-LV\",\"@id\":\"https:\/\/tammetalu.eu\/toode\/toruoieline-monarda-monarda-fistulosa-hybride-elsies-lavender\/#primaryimage\",\"url\":\"https:\/\/tammetalu.eu\/wp-content\/uploads\/2025\/01\/Toruoieline_monarda_Monarda-Elsie-s-Lavender_tamme_talu_urdiaed.jpg\",\"contentUrl\":\"https:\/\/tammetalu.eu\/wp-content\/uploads\/2025\/01\/Toruoieline_monarda_Monarda-Elsie-s-Lavender_tamme_talu_urdiaed.jpg\",\"width\":900,\"height\":900,\"caption\":\"Toruoieline_monarda_Monarda-Elsie-s-Lavender_tamme_talu_urdiaed\"},{\"@type\":\"BreadcrumbList\",\"@id\":\"https:\/\/tammetalu.eu\/toode\/toruoieline-monarda-monarda-fistulosa-hybride-elsies-lavender\/#breadcrumb\",\"itemListElement\":[{\"@type\":\"ListItem\",\"position\":1,\"name\":\"Home\",\"item\":\"https:\/\/tammetalu.eu\/lv\/galvena-lapa\/\"},{\"@type\":\"ListItem\",\"position\":2,\"name\":\"Shop\",\"item\":\"https:\/\/tammetalu.eu\/lv\/shop\/\"},{\"@type\":\"ListItem\",\"position\":3,\"name\":\"Toru\u00f5ieline monarda Monarda fistulosa &#8220;Elsie`s Lavender&#8221;\"}]},{\"@type\":\"WebSite\",\"@id\":\"https:\/\/tammetalu.eu\/#website\",\"url\":\"https:\/\/tammetalu.eu\/\",\"name\":\"Tamme talu \u00fcrdiaed\",\"description\":\"K\u00e4sit\u00f6\u00f6na valmistatud tooted \u00fcrtidest, \u00fcrdiistikud, \u00fcrtide kollektsioonaed\",\"publisher\":{\"@id\":\"https:\/\/tammetalu.eu\/#organization\"},\"alternateName\":\"Tamme talu\",\"potentialAction\":[{\"@type\":\"SearchAction\",\"target\":{\"@type\":\"EntryPoint\",\"urlTemplate\":\"https:\/\/tammetalu.eu\/?s={search_term_string}\"},\"query-input\":{\"@type\":\"PropertyValueSpecification\",\"valueRequired\":true,\"valueName\":\"search_term_string\"}}],\"inLanguage\":\"lv-LV\"},{\"@type\":\"Organization\",\"@id\":\"https:\/\/tammetalu.eu\/#organization\",\"name\":\"Tamme talu \u00fcrdiaed\",\"alternateName\":\"Tamme talu\",\"url\":\"https:\/\/tammetalu.eu\/\",\"logo\":{\"@type\":\"ImageObject\",\"inLanguage\":\"lv-LV\",\"@id\":\"https:\/\/tammetalu.eu\/#\/schema\/logo\/image\/\",\"url\":\"https:\/\/tammetalu.eu\/wp-content\/uploads\/2025\/01\/Tamme_talu_urdiaed.png\",\"contentUrl\":\"https:\/\/tammetalu.eu\/wp-content\/uploads\/2025\/01\/Tamme_talu_urdiaed.png\",\"width\":560,\"height\":560,\"caption\":\"Tamme talu \u00fcrdiaed\"},\"image\":{\"@id\":\"https:\/\/tammetalu.eu\/#\/schema\/logo\/image\/\"},\"sameAs\":[\"https:\/\/www.facebook.com\/TammeTaluUrdiaed\/?locale=et_EE\",\"https:\/\/www.instagram.com\/tammetaluurdiaed\/\"]}]}<\/script>\n<!-- \/ Yoast SEO plugin. -->","yoast_head_json":{"title":"Toru\u00f5ieline monarda Monarda fistulosa \"Elsie`s Lavender\" - Tamme talu \u00fcrdiaed","robots":{"index":"index","follow":"follow","max-snippet":"max-snippet:-1","max-image-preview":"max-image-preview:large","max-video-preview":"max-video-preview:-1"},"canonical":"https:\/\/tammetalu.eu\/toode\/toruoieline-monarda-monarda-fistulosa-hybride-elsies-lavender\/","og_locale":"lv_LV","og_type":"article","og_title":"Toru\u00f5ieline monarda Monarda fistulosa \"Elsie`s Lavender\" - Tamme talu \u00fcrdiaed","og_description":"Toru\u00f5ieline monarda Monarda fistulosa \"Elsie`s Lavender\"  LAT: \u00a0Monarda fistulosa \"Elsie`s Lavender\"  ENG: \u00a0 Bee balm \"Elsie`s Lavender\"  RU: \u00a0M\u043e\u043d\u0430\u0440\u0434\u0430 \"Elsie`s Lavender\"  FI:\u00a0 Preeriav\u00e4riminttu \"Elsie`s Lavender\"  &nbsp;  Helelillade \u00f5itega toru\u00f5ielise monarda sort \u201cElsie`s Lavender\" on suhteliselt vastupidav ebajahukastele. Taime \u00f5ied ja lehed levitavad puudutamisel m\u00fcndile sarnast robustset v\u00fcrtsikat aroomi. Kasvuks vajab vett l\u00e4bilaskvat parasniisket viljakat mulda ja p\u00e4ikeselist kuni poolvarjulist kasvukohta. Monardad on t\u00e4iesti talvekindlad, kuid \u00fcle kolme-nelja aasta vajavad uuendamist puhmiku jagamise teel. Monardad on \u00f5itsemise ajal liblikate ja mesilaste lemmikud. \u00d5itsevad juulist kuni augustini.  Monardade lehti ja \u00f5isi v\u00f5ib kasutada k\u00f6\u00f6gis nii kuivatatuna kui v\u00e4rskelt. Lehed lisavad meeldivat v\u00fcrtsikust salatitele ja aedviljaroogadele. Maitse sobib kokku veel sea- ja linnulihast roogadega.  Monardade \u00f5itest ja lehtedest valmistatud teed kasutatakse rahvameditsiinis k\u00f6ha ja k\u00fclmetuse puhul ja kui \u00f5htuse l\u00f5\u00f5gastava\u00a0 enne und joogina.  K\u00f5rgus: kuni 1,2 m  \u00d5itsemise aeg: VII-VIII  Talvekindlus: Talvekindel  Poti suurus: 9-12","og_url":"https:\/\/tammetalu.eu\/toode\/toruoieline-monarda-monarda-fistulosa-hybride-elsies-lavender\/","og_site_name":"Tamme talu \u00fcrdiaed","article_publisher":"https:\/\/www.facebook.com\/TammeTaluUrdiaed\/?locale=et_EE","article_modified_time":"2026-03-03T08:05:48+00:00","og_image":[{"width":900,"height":900,"url":"https:\/\/tammetalu.eu\/wp-content\/uploads\/2025\/01\/Toruoieline_monarda_Monarda-Elsie-s-Lavender_tamme_talu_urdiaed.jpg","type":"image\/jpeg"}],"twitter_card":"summary_large_image","twitter_misc":{"Est. reading time":"1 minute"},"schema":{"@context":"https:\/\/schema.org","@graph":[{"@type":"WebPage","@id":"https:\/\/tammetalu.eu\/toode\/toruoieline-monarda-monarda-fistulosa-hybride-elsies-lavender\/","url":"https:\/\/tammetalu.eu\/toode\/toruoieline-monarda-monarda-fistulosa-hybride-elsies-lavender\/","name":"Toru\u00f5ieline monarda Monarda fistulosa \"Elsie`s Lavender\" - Tamme talu \u00fcrdiaed","isPartOf":{"@id":"https:\/\/tammetalu.eu\/#website"},"primaryImageOfPage":{"@id":"https:\/\/tammetalu.eu\/toode\/toruoieline-monarda-monarda-fistulosa-hybride-elsies-lavender\/#primaryimage"},"image":{"@id":"https:\/\/tammetalu.eu\/toode\/toruoieline-monarda-monarda-fistulosa-hybride-elsies-lavender\/#primaryimage"},"thumbnailUrl":"https:\/\/tammetalu.eu\/wp-content\/uploads\/2025\/01\/Toruoieline_monarda_Monarda-Elsie-s-Lavender_tamme_talu_urdiaed.jpg","datePublished":"2025-02-06T14:53:51+00:00","dateModified":"2026-03-03T08:05:48+00:00","breadcrumb":{"@id":"https:\/\/tammetalu.eu\/toode\/toruoieline-monarda-monarda-fistulosa-hybride-elsies-lavender\/#breadcrumb"},"inLanguage":"lv-LV","potentialAction":[{"@type":"ReadAction","target":["https:\/\/tammetalu.eu\/toode\/toruoieline-monarda-monarda-fistulosa-hybride-elsies-lavender\/"]}]},{"@type":"ImageObject","inLanguage":"lv-LV","@id":"https:\/\/tammetalu.eu\/toode\/toruoieline-monarda-monarda-fistulosa-hybride-elsies-lavender\/#primaryimage","url":"https:\/\/tammetalu.eu\/wp-content\/uploads\/2025\/01\/Toruoieline_monarda_Monarda-Elsie-s-Lavender_tamme_talu_urdiaed.jpg","contentUrl":"https:\/\/tammetalu.eu\/wp-content\/uploads\/2025\/01\/Toruoieline_monarda_Monarda-Elsie-s-Lavender_tamme_talu_urdiaed.jpg","width":900,"height":900,"caption":"Toruoieline_monarda_Monarda-Elsie-s-Lavender_tamme_talu_urdiaed"},{"@type":"BreadcrumbList","@id":"https:\/\/tammetalu.eu\/toode\/toruoieline-monarda-monarda-fistulosa-hybride-elsies-lavender\/#breadcrumb","itemListElement":[{"@type":"ListItem","position":1,"name":"Home","item":"https:\/\/tammetalu.eu\/lv\/galvena-lapa\/"},{"@type":"ListItem","position":2,"name":"Shop","item":"https:\/\/tammetalu.eu\/lv\/shop\/"},{"@type":"ListItem","position":3,"name":"Toru\u00f5ieline monarda Monarda fistulosa &#8220;Elsie`s Lavender&#8221;"}]},{"@type":"WebSite","@id":"https:\/\/tammetalu.eu\/#website","url":"https:\/\/tammetalu.eu\/","name":"Tamme talu \u00fcrdiaed","description":"K\u00e4sit\u00f6\u00f6na valmistatud tooted \u00fcrtidest, \u00fcrdiistikud, \u00fcrtide kollektsioonaed","publisher":{"@id":"https:\/\/tammetalu.eu\/#organization"},"alternateName":"Tamme talu","potentialAction":[{"@type":"SearchAction","target":{"@type":"EntryPoint","urlTemplate":"https:\/\/tammetalu.eu\/?s={search_term_string}"},"query-input":{"@type":"PropertyValueSpecification","valueRequired":true,"valueName":"search_term_string"}}],"inLanguage":"lv-LV"},{"@type":"Organization","@id":"https:\/\/tammetalu.eu\/#organization","name":"Tamme talu \u00fcrdiaed","alternateName":"Tamme talu","url":"https:\/\/tammetalu.eu\/","logo":{"@type":"ImageObject","inLanguage":"lv-LV","@id":"https:\/\/tammetalu.eu\/#\/schema\/logo\/image\/","url":"https:\/\/tammetalu.eu\/wp-content\/uploads\/2025\/01\/Tamme_talu_urdiaed.png","contentUrl":"https:\/\/tammetalu.eu\/wp-content\/uploads\/2025\/01\/Tamme_talu_urdiaed.png","width":560,"height":560,"caption":"Tamme talu \u00fcrdiaed"},"image":{"@id":"https:\/\/tammetalu.eu\/#\/schema\/logo\/image\/"},"sameAs":["https:\/\/www.facebook.com\/TammeTaluUrdiaed\/?locale=et_EE","https:\/\/www.instagram.com\/tammetaluurdiaed\/"]}]}},"_links":{"self":[{"href":"https:\/\/tammetalu.eu\/lv\/wp-json\/wp\/v2\/product\/23096","targetHints":{"allow":["GET"]}}],"collection":[{"href":"https:\/\/tammetalu.eu\/lv\/wp-json\/wp\/v2\/product"}],"about":[{"href":"https:\/\/tammetalu.eu\/lv\/wp-json\/wp\/v2\/types\/product"}],"wp:featuredmedia":[{"embeddable":true,"href":"https:\/\/tammetalu.eu\/lv\/wp-json\/wp\/v2\/media\/23097"}],"wp:attachment":[{"href":"https:\/\/tammetalu.eu\/lv\/wp-json\/wp\/v2\/media?parent=23096"}],"wp:term":[{"taxonomy":"product_brand","embeddable":true,"href":"https:\/\/tammetalu.eu\/lv\/wp-json\/wp\/v2\/product_brand?post=23096"},{"taxonomy":"product_cat","embeddable":true,"href":"https:\/\/tammetalu.eu\/lv\/wp-json\/wp\/v2\/product_cat?post=23096"},{"taxonomy":"product_tag","embeddable":true,"href":"https:\/\/tammetalu.eu\/lv\/wp-json\/wp\/v2\/product_tag?post=23096"}],"curies":[{"name":"wp","href":"https:\/\/api.w.org\/{rel}","templated":true}]}}