{"id":23102,"date":"2025-01-29T18:34:15","date_gmt":"2025-01-29T16:34:15","guid":{"rendered":"https:\/\/tammetalu.eu\/?post_type=product&#038;p=23102"},"modified":"2026-02-02T15:14:32","modified_gmt":"2026-02-02T13:14:32","slug":"notke-tuttmunt-pycnanthemum-flexuosum","status":"publish","type":"product","link":"https:\/\/tammetalu.eu\/lv\/toode\/notke-tuttmunt-pycnanthemum-flexuosum\/","title":{"rendered":"N\u00f5tke tuttm\u00fcnt Pycnanthemum flexuosum"},"content":{"rendered":"","protected":false},"excerpt":{"rendered":"<p>N\u00f5tke tuttm\u00fcnt <em>Pycnanthemum flexuosum<\/em><\/p>\n<p>LAT: <em>Pycnanthemum flexuosum<\/em><\/p>\n<p>ENG: Appalachian mountain-mint<\/p>\n<p>RU: \u041f\u0438\u043a\u043d\u0430\u043d\u0442\u0435\u043c\u0443\u043c \u0438\u0437\u0432\u0438\u043b\u0438\u0441\u0442\u044b\u0439<\/p>\n<p>FI: Kranspr\u00e4riemynta<\/p>\n<p>N\u00f5tke tuttm\u00fcnt on valkjate \u00f5ite ja kitsaste roheliste v\u00e4ikeste karvaste lehtedega kaetud. Taim on p\u00e4rit USA ja Kanada idaosast. Perekonna nimi Pycnanthemum p\u00e4rineb kreeka s\u00f5nast pyknos ja t\u00e4hendab tihedat ja anthos, mis t\u00e4hendab lille, mis viitab valgete lillekimpudele, mis kaunistavad taime hilissuvel. Liigi nimi flexuosum on ladina keeles n\u00f5tke ja viitab t\u00f5en\u00e4oliselt selle painutatavatele kandilistele vartele.<\/p>\n<p>Alates juulist kuni septembrini puhkevad taimel tihedates \u00f5isikutes hulgaliselt v\u00e4heldasi \u00f5isi, mis on v\u00e4ga atraktiivsed tolmeldajatele. Taimed kasvavad h\u00e4sti nii p\u00e4ikese k\u00e4es kui poolvarjus kuivemas kuni parasniiskes toitainete rikkas mullas.<\/p>\n<p>Taim ei ole Eesti aedades eriti levinud, kuid v\u00e4\u00e4rib kasvatamist igas aias nii oma kena v\u00e4limuse kui v\u00e4hen\u00f5udlikkuse poolest.<\/p>\n<p>Aromaatseid, tugevalt m\u00fcndi j\u00e4rele l\u00f5hnavaid \u00f5isi ja lehti tarvitatakse tervistava tee valmistamiseks ja toiduks nii v\u00e4rskelt kui kuivatatult, neid v\u00f5ib lisada salatitesse v\u00f5i garneerida nendega roogasid.<\/p>\n<p>Tuttm\u00fcndi \u00fcrdist valmistatud teed kasutatakse menstruaalts\u00fckli h\u00e4irete, kergete peavalude, palaviku, k\u00fclmetushaiguste, k\u00f6ha ja seedeh\u00e4irete raviks<\/p>\n<p>K\u00f5rgus: kuni 1 m<\/p>\n<p>Laius: kuni 0,40 m<\/p>\n<p>\u00d5itsemise aeg: VII-IX<\/p>\n<p>Talvekindlus: Hea<\/p>\n","protected":false},"featured_media":24484,"template":"","meta":{"_acf_changed":false,"_et_pb_use_builder":"","_et_pb_old_content":"","_et_gb_content_width":"","inline_featured_image":false},"product_brand":[],"product_cat":[186,192],"product_tag":[],"class_list":{"0":"post-23102","1":"product","2":"type-product","3":"status-publish","4":"has-post-thumbnail","6":"product_cat-maitse-ja-ravimtaimede-istikud","7":"product_cat-mundid","9":"first","10":"outofstock","11":"sale","12":"taxable","13":"shipping-taxable","14":"purchasable","15":"product-type-simple"},"acf":[],"yoast_head":"<!-- This site is optimized with the Yoast SEO plugin v26.4 - https:\/\/yoast.com\/wordpress\/plugins\/seo\/ -->\n<title>N\u00f5tke tuttm\u00fcnt Pycnanthemum flexuosum - Tamme talu \u00fcrdiaed<\/title>\n<meta name=\"description\" content=\"N\u00f5tke tuttm\u00fcnt on valkjate \u00f5ite ja kitsaste roheliste v\u00e4ikeste karvaste lehtedega kaetud. Taim on p\u00e4rit USA ja Kanada idaosast.\" \/>\n<meta name=\"robots\" content=\"index, follow, max-snippet:-1, max-image-preview:large, max-video-preview:-1\" \/>\n<link rel=\"canonical\" href=\"https:\/\/tammetalu.eu\/toode\/notke-tuttmunt-pycnanthemum-flexuosum\/\" \/>\n<meta property=\"og:locale\" content=\"lv_LV\" \/>\n<meta property=\"og:type\" content=\"article\" \/>\n<meta property=\"og:title\" content=\"N\u00f5tke tuttm\u00fcnt Pycnanthemum flexuosum - Tamme talu \u00fcrdiaed\" \/>\n<meta property=\"og:description\" content=\"N\u00f5tke tuttm\u00fcnt on valkjate \u00f5ite ja kitsaste roheliste v\u00e4ikeste karvaste lehtedega kaetud. Taim on p\u00e4rit USA ja Kanada idaosast.\" \/>\n<meta property=\"og:url\" content=\"https:\/\/tammetalu.eu\/toode\/notke-tuttmunt-pycnanthemum-flexuosum\/\" \/>\n<meta property=\"og:site_name\" content=\"Tamme talu \u00fcrdiaed\" \/>\n<meta property=\"article:publisher\" content=\"https:\/\/www.facebook.com\/TammeTaluUrdiaed\/?locale=et_EE\" \/>\n<meta property=\"article:modified_time\" content=\"2026-02-02T13:14:32+00:00\" \/>\n<meta property=\"og:image\" content=\"https:\/\/tammetalu.eu\/wp-content\/uploads\/2025\/01\/notke-tuttmunt-pycnanthemum-flexuosum-tamme-talu-urdiaed.jpg\" \/>\n\t<meta property=\"og:image:width\" content=\"1024\" \/>\n\t<meta property=\"og:image:height\" content=\"1365\" \/>\n\t<meta property=\"og:image:type\" content=\"image\/jpeg\" \/>\n<meta name=\"twitter:card\" content=\"summary_large_image\" \/>\n<meta name=\"twitter:label1\" content=\"Est. reading time\" \/>\n\t<meta name=\"twitter:data1\" content=\"1 minute\" \/>\n<script type=\"application\/ld+json\" class=\"yoast-schema-graph\">{\"@context\":\"https:\/\/schema.org\",\"@graph\":[{\"@type\":\"WebPage\",\"@id\":\"https:\/\/tammetalu.eu\/toode\/notke-tuttmunt-pycnanthemum-flexuosum\/\",\"url\":\"https:\/\/tammetalu.eu\/toode\/notke-tuttmunt-pycnanthemum-flexuosum\/\",\"name\":\"N\u00f5tke tuttm\u00fcnt Pycnanthemum flexuosum - Tamme talu \u00fcrdiaed\",\"isPartOf\":{\"@id\":\"https:\/\/tammetalu.eu\/#website\"},\"primaryImageOfPage\":{\"@id\":\"https:\/\/tammetalu.eu\/toode\/notke-tuttmunt-pycnanthemum-flexuosum\/#primaryimage\"},\"image\":{\"@id\":\"https:\/\/tammetalu.eu\/toode\/notke-tuttmunt-pycnanthemum-flexuosum\/#primaryimage\"},\"thumbnailUrl\":\"https:\/\/tammetalu.eu\/wp-content\/uploads\/2025\/01\/notke-tuttmunt-pycnanthemum-flexuosum-tamme-talu-urdiaed.jpg\",\"datePublished\":\"2025-01-29T16:34:15+00:00\",\"dateModified\":\"2026-02-02T13:14:32+00:00\",\"description\":\"N\u00f5tke tuttm\u00fcnt on valkjate \u00f5ite ja kitsaste roheliste v\u00e4ikeste karvaste lehtedega kaetud. Taim on p\u00e4rit USA ja Kanada idaosast.\",\"breadcrumb\":{\"@id\":\"https:\/\/tammetalu.eu\/toode\/notke-tuttmunt-pycnanthemum-flexuosum\/#breadcrumb\"},\"inLanguage\":\"lv-LV\",\"potentialAction\":[{\"@type\":\"ReadAction\",\"target\":[\"https:\/\/tammetalu.eu\/toode\/notke-tuttmunt-pycnanthemum-flexuosum\/\"]}]},{\"@type\":\"ImageObject\",\"inLanguage\":\"lv-LV\",\"@id\":\"https:\/\/tammetalu.eu\/toode\/notke-tuttmunt-pycnanthemum-flexuosum\/#primaryimage\",\"url\":\"https:\/\/tammetalu.eu\/wp-content\/uploads\/2025\/01\/notke-tuttmunt-pycnanthemum-flexuosum-tamme-talu-urdiaed.jpg\",\"contentUrl\":\"https:\/\/tammetalu.eu\/wp-content\/uploads\/2025\/01\/notke-tuttmunt-pycnanthemum-flexuosum-tamme-talu-urdiaed.jpg\",\"width\":1024,\"height\":1365,\"caption\":\"n\u00f5tke tuttm\u00fcnt, tamme talu \u00fcrdiaed, piparm\u00fcnt, m\u00fcndid\"},{\"@type\":\"BreadcrumbList\",\"@id\":\"https:\/\/tammetalu.eu\/toode\/notke-tuttmunt-pycnanthemum-flexuosum\/#breadcrumb\",\"itemListElement\":[{\"@type\":\"ListItem\",\"position\":1,\"name\":\"Home\",\"item\":\"https:\/\/tammetalu.eu\/lv\/galvena-lapa\/\"},{\"@type\":\"ListItem\",\"position\":2,\"name\":\"Shop\",\"item\":\"https:\/\/tammetalu.eu\/lv\/shop\/\"},{\"@type\":\"ListItem\",\"position\":3,\"name\":\"N\u00f5tke tuttm\u00fcnt Pycnanthemum flexuosum\"}]},{\"@type\":\"WebSite\",\"@id\":\"https:\/\/tammetalu.eu\/#website\",\"url\":\"https:\/\/tammetalu.eu\/\",\"name\":\"Tamme talu \u00fcrdiaed\",\"description\":\"K\u00e4sit\u00f6\u00f6na valmistatud tooted \u00fcrtidest, \u00fcrdiistikud, \u00fcrtide kollektsioonaed\",\"publisher\":{\"@id\":\"https:\/\/tammetalu.eu\/#organization\"},\"alternateName\":\"Tamme talu\",\"potentialAction\":[{\"@type\":\"SearchAction\",\"target\":{\"@type\":\"EntryPoint\",\"urlTemplate\":\"https:\/\/tammetalu.eu\/?s={search_term_string}\"},\"query-input\":{\"@type\":\"PropertyValueSpecification\",\"valueRequired\":true,\"valueName\":\"search_term_string\"}}],\"inLanguage\":\"lv-LV\"},{\"@type\":\"Organization\",\"@id\":\"https:\/\/tammetalu.eu\/#organization\",\"name\":\"Tamme talu \u00fcrdiaed\",\"alternateName\":\"Tamme talu\",\"url\":\"https:\/\/tammetalu.eu\/\",\"logo\":{\"@type\":\"ImageObject\",\"inLanguage\":\"lv-LV\",\"@id\":\"https:\/\/tammetalu.eu\/#\/schema\/logo\/image\/\",\"url\":\"https:\/\/tammetalu.eu\/wp-content\/uploads\/2025\/01\/Tamme_talu_urdiaed.png\",\"contentUrl\":\"https:\/\/tammetalu.eu\/wp-content\/uploads\/2025\/01\/Tamme_talu_urdiaed.png\",\"width\":560,\"height\":560,\"caption\":\"Tamme talu \u00fcrdiaed\"},\"image\":{\"@id\":\"https:\/\/tammetalu.eu\/#\/schema\/logo\/image\/\"},\"sameAs\":[\"https:\/\/www.facebook.com\/TammeTaluUrdiaed\/?locale=et_EE\",\"https:\/\/www.instagram.com\/tammetaluurdiaed\/\"]}]}<\/script>\n<!-- \/ Yoast SEO plugin. -->","yoast_head_json":{"title":"N\u00f5tke tuttm\u00fcnt Pycnanthemum flexuosum - Tamme talu \u00fcrdiaed","description":"N\u00f5tke tuttm\u00fcnt on valkjate \u00f5ite ja kitsaste roheliste v\u00e4ikeste karvaste lehtedega kaetud. Taim on p\u00e4rit USA ja Kanada idaosast.","robots":{"index":"index","follow":"follow","max-snippet":"max-snippet:-1","max-image-preview":"max-image-preview:large","max-video-preview":"max-video-preview:-1"},"canonical":"https:\/\/tammetalu.eu\/toode\/notke-tuttmunt-pycnanthemum-flexuosum\/","og_locale":"lv_LV","og_type":"article","og_title":"N\u00f5tke tuttm\u00fcnt Pycnanthemum flexuosum - Tamme talu \u00fcrdiaed","og_description":"N\u00f5tke tuttm\u00fcnt on valkjate \u00f5ite ja kitsaste roheliste v\u00e4ikeste karvaste lehtedega kaetud. Taim on p\u00e4rit USA ja Kanada idaosast.","og_url":"https:\/\/tammetalu.eu\/toode\/notke-tuttmunt-pycnanthemum-flexuosum\/","og_site_name":"Tamme talu \u00fcrdiaed","article_publisher":"https:\/\/www.facebook.com\/TammeTaluUrdiaed\/?locale=et_EE","article_modified_time":"2026-02-02T13:14:32+00:00","og_image":[{"width":1024,"height":1365,"url":"https:\/\/tammetalu.eu\/wp-content\/uploads\/2025\/01\/notke-tuttmunt-pycnanthemum-flexuosum-tamme-talu-urdiaed.jpg","type":"image\/jpeg"}],"twitter_card":"summary_large_image","twitter_misc":{"Est. reading time":"1 minute"},"schema":{"@context":"https:\/\/schema.org","@graph":[{"@type":"WebPage","@id":"https:\/\/tammetalu.eu\/toode\/notke-tuttmunt-pycnanthemum-flexuosum\/","url":"https:\/\/tammetalu.eu\/toode\/notke-tuttmunt-pycnanthemum-flexuosum\/","name":"N\u00f5tke tuttm\u00fcnt Pycnanthemum flexuosum - Tamme talu \u00fcrdiaed","isPartOf":{"@id":"https:\/\/tammetalu.eu\/#website"},"primaryImageOfPage":{"@id":"https:\/\/tammetalu.eu\/toode\/notke-tuttmunt-pycnanthemum-flexuosum\/#primaryimage"},"image":{"@id":"https:\/\/tammetalu.eu\/toode\/notke-tuttmunt-pycnanthemum-flexuosum\/#primaryimage"},"thumbnailUrl":"https:\/\/tammetalu.eu\/wp-content\/uploads\/2025\/01\/notke-tuttmunt-pycnanthemum-flexuosum-tamme-talu-urdiaed.jpg","datePublished":"2025-01-29T16:34:15+00:00","dateModified":"2026-02-02T13:14:32+00:00","description":"N\u00f5tke tuttm\u00fcnt on valkjate \u00f5ite ja kitsaste roheliste v\u00e4ikeste karvaste lehtedega kaetud. Taim on p\u00e4rit USA ja Kanada idaosast.","breadcrumb":{"@id":"https:\/\/tammetalu.eu\/toode\/notke-tuttmunt-pycnanthemum-flexuosum\/#breadcrumb"},"inLanguage":"lv-LV","potentialAction":[{"@type":"ReadAction","target":["https:\/\/tammetalu.eu\/toode\/notke-tuttmunt-pycnanthemum-flexuosum\/"]}]},{"@type":"ImageObject","inLanguage":"lv-LV","@id":"https:\/\/tammetalu.eu\/toode\/notke-tuttmunt-pycnanthemum-flexuosum\/#primaryimage","url":"https:\/\/tammetalu.eu\/wp-content\/uploads\/2025\/01\/notke-tuttmunt-pycnanthemum-flexuosum-tamme-talu-urdiaed.jpg","contentUrl":"https:\/\/tammetalu.eu\/wp-content\/uploads\/2025\/01\/notke-tuttmunt-pycnanthemum-flexuosum-tamme-talu-urdiaed.jpg","width":1024,"height":1365,"caption":"n\u00f5tke tuttm\u00fcnt, tamme talu \u00fcrdiaed, piparm\u00fcnt, m\u00fcndid"},{"@type":"BreadcrumbList","@id":"https:\/\/tammetalu.eu\/toode\/notke-tuttmunt-pycnanthemum-flexuosum\/#breadcrumb","itemListElement":[{"@type":"ListItem","position":1,"name":"Home","item":"https:\/\/tammetalu.eu\/lv\/galvena-lapa\/"},{"@type":"ListItem","position":2,"name":"Shop","item":"https:\/\/tammetalu.eu\/lv\/shop\/"},{"@type":"ListItem","position":3,"name":"N\u00f5tke tuttm\u00fcnt Pycnanthemum flexuosum"}]},{"@type":"WebSite","@id":"https:\/\/tammetalu.eu\/#website","url":"https:\/\/tammetalu.eu\/","name":"Tamme talu \u00fcrdiaed","description":"K\u00e4sit\u00f6\u00f6na valmistatud tooted \u00fcrtidest, \u00fcrdiistikud, \u00fcrtide kollektsioonaed","publisher":{"@id":"https:\/\/tammetalu.eu\/#organization"},"alternateName":"Tamme talu","potentialAction":[{"@type":"SearchAction","target":{"@type":"EntryPoint","urlTemplate":"https:\/\/tammetalu.eu\/?s={search_term_string}"},"query-input":{"@type":"PropertyValueSpecification","valueRequired":true,"valueName":"search_term_string"}}],"inLanguage":"lv-LV"},{"@type":"Organization","@id":"https:\/\/tammetalu.eu\/#organization","name":"Tamme talu \u00fcrdiaed","alternateName":"Tamme talu","url":"https:\/\/tammetalu.eu\/","logo":{"@type":"ImageObject","inLanguage":"lv-LV","@id":"https:\/\/tammetalu.eu\/#\/schema\/logo\/image\/","url":"https:\/\/tammetalu.eu\/wp-content\/uploads\/2025\/01\/Tamme_talu_urdiaed.png","contentUrl":"https:\/\/tammetalu.eu\/wp-content\/uploads\/2025\/01\/Tamme_talu_urdiaed.png","width":560,"height":560,"caption":"Tamme talu \u00fcrdiaed"},"image":{"@id":"https:\/\/tammetalu.eu\/#\/schema\/logo\/image\/"},"sameAs":["https:\/\/www.facebook.com\/TammeTaluUrdiaed\/?locale=et_EE","https:\/\/www.instagram.com\/tammetaluurdiaed\/"]}]}},"_links":{"self":[{"href":"https:\/\/tammetalu.eu\/lv\/wp-json\/wp\/v2\/product\/23102","targetHints":{"allow":["GET"]}}],"collection":[{"href":"https:\/\/tammetalu.eu\/lv\/wp-json\/wp\/v2\/product"}],"about":[{"href":"https:\/\/tammetalu.eu\/lv\/wp-json\/wp\/v2\/types\/product"}],"wp:featuredmedia":[{"embeddable":true,"href":"https:\/\/tammetalu.eu\/lv\/wp-json\/wp\/v2\/media\/24484"}],"wp:attachment":[{"href":"https:\/\/tammetalu.eu\/lv\/wp-json\/wp\/v2\/media?parent=23102"}],"wp:term":[{"taxonomy":"product_brand","embeddable":true,"href":"https:\/\/tammetalu.eu\/lv\/wp-json\/wp\/v2\/product_brand?post=23102"},{"taxonomy":"product_cat","embeddable":true,"href":"https:\/\/tammetalu.eu\/lv\/wp-json\/wp\/v2\/product_cat?post=23102"},{"taxonomy":"product_tag","embeddable":true,"href":"https:\/\/tammetalu.eu\/lv\/wp-json\/wp\/v2\/product_tag?post=23102"}],"curies":[{"name":"wp","href":"https:\/\/api.w.org\/{rel}","templated":true}]}}