{"id":23161,"date":"2025-02-06T12:14:53","date_gmt":"2025-02-06T10:14:53","guid":{"rendered":"https:\/\/tammetalu.eu\/?post_type=product&#038;p=23161"},"modified":"2026-05-04T08:49:23","modified_gmt":"2026-05-04T05:49:23","slug":"lainjas-hosta-hosta-undulata-white-feather","status":"publish","type":"product","link":"https:\/\/tammetalu.eu\/lv\/toode\/lainjas-hosta-hosta-undulata-white-feather\/","title":{"rendered":"Lainjas hosta Hosta undulata \u201eWhite Feather\u201c"},"content":{"rendered":"","protected":false},"excerpt":{"rendered":"<p>Lainjas hosta <em>Hosta undulata <\/em>\u201eWhite Feather\u201c<\/p>\n<p>LAT: \u00a0Hosta undulata \u201eWhite Feather\u201c<\/p>\n<p>ENG: \u00a0Hosta \u201eWhite Feather\u201c<\/p>\n<p>RU: \u00a0\u0425\u043e\u0441\u0442\u0430 \u0441\u0430\u0434\u043e\u0432\u0430\u044f \u201eWhite Feather\u201c<\/p>\n<p>FI: \u00a0Kirjokuunlilja \u201eWhite Feather\u201c<\/p>\n<p>Kevadel taime t\u00e4rgates on lehed valged, kasvades lisandub lehtedele veidi kreemikat tooni ja suve edenedes ilmub lehtedele heleroheline triibustik. Suve keskpaik v\u00e4rvib lehed juba \u00fchtlaselt heleroheliseks. Ja j\u00e4rgmisel kevadel kordub k\u00f5ik taas. Nipp on selle sordi kasvatamisel see,et otsene p\u00e4ikesele avatud kasvukoht pole sellele sordile hea, ainult poolvarjuline v\u00f5i varjuline ja parasniiske kuni niiske toitainete rikka mullaga kasvukoht. Kuid v\u00f5imalusel veidi hommikup\u00e4ikest on taime kasvuks siiski soovitav. V\u00e4etamist tuleks teha v\u00e4ga tagasihoidlikult. Seda sorti on lisaks varjupeenrale hea kasvatada ka potis, sest siis t\u00f5useb taime ilu ja omap\u00e4rane v\u00e4limus eriti esile. Sordi \u00f5ied on helelillad.<\/p>\n<p>Lainjas hosta on p\u00e4rit Jaapani aedadest ja seda liiki looduses ei esine. Liik on tekkinud mitmete erinevate hosta liikide ristumisel.<\/p>\n<p>Toiduks kasutatakse hostadel veel lahti rullumata v\u00f5rseid ja noori lehti. Vanemad lehed omandavad juba kibeda maitse ja sitkuse. Lehtede kogumiseks on parim aeg hommikul, kui lehed on k\u00f5ige mahlakamad ja kr\u00f5mpsuvad. Lehti saab hautada, lisada k\u00f6\u00f6giviljade praadimisel v\u00f5i kasutada v\u00f5ileiva vahel nagu mis iganes teisi lehtrohelisi salatitaimi, kuna lainja hosta lehed on v\u00e4ga \u00f5hukesed v\u00f5rreldes paljude teiste hostade liikidega.<\/p>\n<p>Hostad on Aasia traditsioonilises rahvameditsiinis leidnud laialdast kasutust nii \u00fcksikrohuna kui ka retseptides oma peamiselt p\u00f5letikuvastase ja valuvaigistava toime t\u00f5ttu.<\/p>\n<p>K\u00f5rgus: kuni 0,45 m<\/p>\n<p>\u00d5itsemise aeg: VI-VII<\/p>\n<p>Talvekindlus: K\u00fcllalt talvekindel<\/p>\n","protected":false},"featured_media":23162,"template":"","meta":{"_acf_changed":false,"_et_pb_use_builder":"","_et_pb_old_content":"","_et_gb_content_width":"","inline_featured_image":false},"product_brand":[],"product_cat":[237,186],"product_tag":[],"class_list":{"0":"post-23161","1":"product","2":"type-product","3":"status-publish","4":"has-post-thumbnail","6":"product_cat-aasia-toidutaimed","7":"product_cat-maitse-ja-ravimtaimede-istikud","9":"first","10":"outofstock","11":"taxable","12":"shipping-taxable","13":"purchasable","14":"product-type-simple"},"acf":[],"yoast_head":"<!-- This site is optimized with the Yoast SEO plugin v27.5 - https:\/\/yoast.com\/product\/yoast-seo-wordpress\/ -->\n<title>Lainjas hosta Hosta undulata \u201eWhite Feather\u201c - Tamme talu \u00fcrdiaed<\/title>\n<meta name=\"description\" content=\"Kevadel taime t\u00e4rgates on lehed valged, kasvades lisandub lehtedele veidi kreemikat tooni ja suve edenedes ilmub lehtedele heleroheline triibustik. Suve keskpaik v\u00e4rvib lehed juba \u00fchtlaselt heleroheliseks. Ja j\u00e4rgmisel kevadel kordub k\u00f5ik taas. Nipp on selle sordi kasvatamisel see, et otsene p\u00e4ike pole sellele sordile hea, ainult poolvarjuline v\u00f5i varjuline ja parasniiske kuni niiske toitainete rikka mullaga kasvukoht.\" \/>\n<meta name=\"robots\" content=\"index, follow, max-snippet:-1, max-image-preview:large, max-video-preview:-1\" \/>\n<link rel=\"canonical\" href=\"https:\/\/tammetalu.eu\/toode\/lainjas-hosta-hosta-undulata-white-feather\/\" \/>\n<meta property=\"og:locale\" content=\"lv_LV\" \/>\n<meta property=\"og:type\" content=\"article\" \/>\n<meta property=\"og:title\" content=\"Lainjas hosta Hosta undulata \u201eWhite Feather\u201c - Tamme talu \u00fcrdiaed\" \/>\n<meta property=\"og:description\" content=\"Kevadel taime t\u00e4rgates on lehed valged, kasvades lisandub lehtedele veidi kreemikat tooni ja suve edenedes ilmub lehtedele heleroheline triibustik. Suve keskpaik v\u00e4rvib lehed juba \u00fchtlaselt heleroheliseks. Ja j\u00e4rgmisel kevadel kordub k\u00f5ik taas. Nipp on selle sordi kasvatamisel see, et otsene p\u00e4ike pole sellele sordile hea, ainult poolvarjuline v\u00f5i varjuline ja parasniiske kuni niiske toitainete rikka mullaga kasvukoht.\" \/>\n<meta property=\"og:url\" content=\"https:\/\/tammetalu.eu\/toode\/lainjas-hosta-hosta-undulata-white-feather\/\" \/>\n<meta property=\"og:site_name\" content=\"Tamme talu \u00fcrdiaed\" \/>\n<meta property=\"article:publisher\" content=\"https:\/\/www.facebook.com\/TammeTaluUrdiaed\/?locale=et_EE\" \/>\n<meta property=\"article:modified_time\" content=\"2026-05-04T05:49:23+00:00\" \/>\n<meta property=\"og:image\" content=\"https:\/\/tammetalu.eu\/wp-content\/uploads\/2025\/01\/Hosta_Hosta-hybr.-White-Feathers_tamme_talu_urdiaed.jpg\" \/>\n\t<meta property=\"og:image:width\" content=\"1280\" \/>\n\t<meta property=\"og:image:height\" content=\"1024\" \/>\n\t<meta property=\"og:image:type\" content=\"image\/jpeg\" \/>\n<meta name=\"twitter:card\" content=\"summary_large_image\" \/>\n<meta name=\"twitter:label1\" content=\"Est. reading time\" \/>\n\t<meta name=\"twitter:data1\" content=\"1 minute\" \/>\n<script type=\"application\/ld+json\" class=\"yoast-schema-graph\">{\"@context\":\"https:\\\/\\\/schema.org\",\"@graph\":[{\"@type\":\"WebPage\",\"@id\":\"https:\\\/\\\/tammetalu.eu\\\/toode\\\/lainjas-hosta-hosta-undulata-white-feather\\\/\",\"url\":\"https:\\\/\\\/tammetalu.eu\\\/toode\\\/lainjas-hosta-hosta-undulata-white-feather\\\/\",\"name\":\"Lainjas hosta Hosta undulata \u201eWhite Feather\u201c - Tamme talu \u00fcrdiaed\",\"isPartOf\":{\"@id\":\"https:\\\/\\\/tammetalu.eu\\\/#website\"},\"primaryImageOfPage\":{\"@id\":\"https:\\\/\\\/tammetalu.eu\\\/toode\\\/lainjas-hosta-hosta-undulata-white-feather\\\/#primaryimage\"},\"image\":{\"@id\":\"https:\\\/\\\/tammetalu.eu\\\/toode\\\/lainjas-hosta-hosta-undulata-white-feather\\\/#primaryimage\"},\"thumbnailUrl\":\"https:\\\/\\\/tammetalu.eu\\\/wp-content\\\/uploads\\\/2025\\\/01\\\/Hosta_Hosta-hybr.-White-Feathers_tamme_talu_urdiaed.jpg\",\"datePublished\":\"2025-02-06T10:14:53+00:00\",\"dateModified\":\"2026-05-04T05:49:23+00:00\",\"description\":\"Kevadel taime t\u00e4rgates on lehed valged, kasvades lisandub lehtedele veidi kreemikat tooni ja suve edenedes ilmub lehtedele heleroheline triibustik. Suve keskpaik v\u00e4rvib lehed juba \u00fchtlaselt heleroheliseks. Ja j\u00e4rgmisel kevadel kordub k\u00f5ik taas. Nipp on selle sordi kasvatamisel see, et otsene p\u00e4ike pole sellele sordile hea, ainult poolvarjuline v\u00f5i varjuline ja parasniiske kuni niiske toitainete rikka mullaga kasvukoht.\",\"breadcrumb\":{\"@id\":\"https:\\\/\\\/tammetalu.eu\\\/toode\\\/lainjas-hosta-hosta-undulata-white-feather\\\/#breadcrumb\"},\"inLanguage\":\"lv-LV\",\"potentialAction\":[{\"@type\":\"ReadAction\",\"target\":[\"https:\\\/\\\/tammetalu.eu\\\/toode\\\/lainjas-hosta-hosta-undulata-white-feather\\\/\"]}]},{\"@type\":\"ImageObject\",\"inLanguage\":\"lv-LV\",\"@id\":\"https:\\\/\\\/tammetalu.eu\\\/toode\\\/lainjas-hosta-hosta-undulata-white-feather\\\/#primaryimage\",\"url\":\"https:\\\/\\\/tammetalu.eu\\\/wp-content\\\/uploads\\\/2025\\\/01\\\/Hosta_Hosta-hybr.-White-Feathers_tamme_talu_urdiaed.jpg\",\"contentUrl\":\"https:\\\/\\\/tammetalu.eu\\\/wp-content\\\/uploads\\\/2025\\\/01\\\/Hosta_Hosta-hybr.-White-Feathers_tamme_talu_urdiaed.jpg\",\"width\":1280,\"height\":1024,\"caption\":\"Hosta, tamme talu \u00fcrdiaed\"},{\"@type\":\"BreadcrumbList\",\"@id\":\"https:\\\/\\\/tammetalu.eu\\\/toode\\\/lainjas-hosta-hosta-undulata-white-feather\\\/#breadcrumb\",\"itemListElement\":[{\"@type\":\"ListItem\",\"position\":1,\"name\":\"Home\",\"item\":\"https:\\\/\\\/tammetalu.eu\\\/lv\\\/galvena-lapa\\\/\"},{\"@type\":\"ListItem\",\"position\":2,\"name\":\"Shop\",\"item\":\"https:\\\/\\\/tammetalu.eu\\\/lv\\\/shop\\\/\"},{\"@type\":\"ListItem\",\"position\":3,\"name\":\"Lainjas hosta Hosta undulata \u201eWhite Feather\u201c\"}]},{\"@type\":\"WebSite\",\"@id\":\"https:\\\/\\\/tammetalu.eu\\\/#website\",\"url\":\"https:\\\/\\\/tammetalu.eu\\\/\",\"name\":\"Tamme talu \u00fcrdiaed\",\"description\":\"K\u00e4sit\u00f6\u00f6na valmistatud tooted \u00fcrtidest, \u00fcrdiistikud, \u00fcrtide kollektsioonaed\",\"publisher\":{\"@id\":\"https:\\\/\\\/tammetalu.eu\\\/#organization\"},\"alternateName\":\"Tamme talu\",\"potentialAction\":[{\"@type\":\"SearchAction\",\"target\":{\"@type\":\"EntryPoint\",\"urlTemplate\":\"https:\\\/\\\/tammetalu.eu\\\/?s={search_term_string}\"},\"query-input\":{\"@type\":\"PropertyValueSpecification\",\"valueRequired\":true,\"valueName\":\"search_term_string\"}}],\"inLanguage\":\"lv-LV\"},{\"@type\":\"Organization\",\"@id\":\"https:\\\/\\\/tammetalu.eu\\\/#organization\",\"name\":\"Tamme talu \u00fcrdiaed\",\"alternateName\":\"Tamme talu\",\"url\":\"https:\\\/\\\/tammetalu.eu\\\/\",\"logo\":{\"@type\":\"ImageObject\",\"inLanguage\":\"lv-LV\",\"@id\":\"https:\\\/\\\/tammetalu.eu\\\/#\\\/schema\\\/logo\\\/image\\\/\",\"url\":\"https:\\\/\\\/tammetalu.eu\\\/wp-content\\\/uploads\\\/2025\\\/01\\\/Tamme_talu_urdiaed.png\",\"contentUrl\":\"https:\\\/\\\/tammetalu.eu\\\/wp-content\\\/uploads\\\/2025\\\/01\\\/Tamme_talu_urdiaed.png\",\"width\":560,\"height\":560,\"caption\":\"Tamme talu \u00fcrdiaed\"},\"image\":{\"@id\":\"https:\\\/\\\/tammetalu.eu\\\/#\\\/schema\\\/logo\\\/image\\\/\"},\"sameAs\":[\"https:\\\/\\\/www.facebook.com\\\/TammeTaluUrdiaed\\\/?locale=et_EE\",\"https:\\\/\\\/www.instagram.com\\\/tammetaluurdiaed\\\/\"]}]}<\/script>\n<!-- \/ Yoast SEO plugin. -->","yoast_head_json":{"title":"Lainjas hosta Hosta undulata \u201eWhite Feather\u201c - Tamme talu \u00fcrdiaed","description":"Kevadel taime t\u00e4rgates on lehed valged, kasvades lisandub lehtedele veidi kreemikat tooni ja suve edenedes ilmub lehtedele heleroheline triibustik. Suve keskpaik v\u00e4rvib lehed juba \u00fchtlaselt heleroheliseks. Ja j\u00e4rgmisel kevadel kordub k\u00f5ik taas. Nipp on selle sordi kasvatamisel see, et otsene p\u00e4ike pole sellele sordile hea, ainult poolvarjuline v\u00f5i varjuline ja parasniiske kuni niiske toitainete rikka mullaga kasvukoht.","robots":{"index":"index","follow":"follow","max-snippet":"max-snippet:-1","max-image-preview":"max-image-preview:large","max-video-preview":"max-video-preview:-1"},"canonical":"https:\/\/tammetalu.eu\/toode\/lainjas-hosta-hosta-undulata-white-feather\/","og_locale":"lv_LV","og_type":"article","og_title":"Lainjas hosta Hosta undulata \u201eWhite Feather\u201c - Tamme talu \u00fcrdiaed","og_description":"Kevadel taime t\u00e4rgates on lehed valged, kasvades lisandub lehtedele veidi kreemikat tooni ja suve edenedes ilmub lehtedele heleroheline triibustik. Suve keskpaik v\u00e4rvib lehed juba \u00fchtlaselt heleroheliseks. Ja j\u00e4rgmisel kevadel kordub k\u00f5ik taas. Nipp on selle sordi kasvatamisel see, et otsene p\u00e4ike pole sellele sordile hea, ainult poolvarjuline v\u00f5i varjuline ja parasniiske kuni niiske toitainete rikka mullaga kasvukoht.","og_url":"https:\/\/tammetalu.eu\/toode\/lainjas-hosta-hosta-undulata-white-feather\/","og_site_name":"Tamme talu \u00fcrdiaed","article_publisher":"https:\/\/www.facebook.com\/TammeTaluUrdiaed\/?locale=et_EE","article_modified_time":"2026-05-04T05:49:23+00:00","og_image":[{"width":1280,"height":1024,"url":"https:\/\/tammetalu.eu\/wp-content\/uploads\/2025\/01\/Hosta_Hosta-hybr.-White-Feathers_tamme_talu_urdiaed.jpg","type":"image\/jpeg"}],"twitter_card":"summary_large_image","twitter_misc":{"Est. reading time":"1 minute"},"schema":{"@context":"https:\/\/schema.org","@graph":[{"@type":"WebPage","@id":"https:\/\/tammetalu.eu\/toode\/lainjas-hosta-hosta-undulata-white-feather\/","url":"https:\/\/tammetalu.eu\/toode\/lainjas-hosta-hosta-undulata-white-feather\/","name":"Lainjas hosta Hosta undulata \u201eWhite Feather\u201c - Tamme talu \u00fcrdiaed","isPartOf":{"@id":"https:\/\/tammetalu.eu\/#website"},"primaryImageOfPage":{"@id":"https:\/\/tammetalu.eu\/toode\/lainjas-hosta-hosta-undulata-white-feather\/#primaryimage"},"image":{"@id":"https:\/\/tammetalu.eu\/toode\/lainjas-hosta-hosta-undulata-white-feather\/#primaryimage"},"thumbnailUrl":"https:\/\/tammetalu.eu\/wp-content\/uploads\/2025\/01\/Hosta_Hosta-hybr.-White-Feathers_tamme_talu_urdiaed.jpg","datePublished":"2025-02-06T10:14:53+00:00","dateModified":"2026-05-04T05:49:23+00:00","description":"Kevadel taime t\u00e4rgates on lehed valged, kasvades lisandub lehtedele veidi kreemikat tooni ja suve edenedes ilmub lehtedele heleroheline triibustik. Suve keskpaik v\u00e4rvib lehed juba \u00fchtlaselt heleroheliseks. Ja j\u00e4rgmisel kevadel kordub k\u00f5ik taas. Nipp on selle sordi kasvatamisel see, et otsene p\u00e4ike pole sellele sordile hea, ainult poolvarjuline v\u00f5i varjuline ja parasniiske kuni niiske toitainete rikka mullaga kasvukoht.","breadcrumb":{"@id":"https:\/\/tammetalu.eu\/toode\/lainjas-hosta-hosta-undulata-white-feather\/#breadcrumb"},"inLanguage":"lv-LV","potentialAction":[{"@type":"ReadAction","target":["https:\/\/tammetalu.eu\/toode\/lainjas-hosta-hosta-undulata-white-feather\/"]}]},{"@type":"ImageObject","inLanguage":"lv-LV","@id":"https:\/\/tammetalu.eu\/toode\/lainjas-hosta-hosta-undulata-white-feather\/#primaryimage","url":"https:\/\/tammetalu.eu\/wp-content\/uploads\/2025\/01\/Hosta_Hosta-hybr.-White-Feathers_tamme_talu_urdiaed.jpg","contentUrl":"https:\/\/tammetalu.eu\/wp-content\/uploads\/2025\/01\/Hosta_Hosta-hybr.-White-Feathers_tamme_talu_urdiaed.jpg","width":1280,"height":1024,"caption":"Hosta, tamme talu \u00fcrdiaed"},{"@type":"BreadcrumbList","@id":"https:\/\/tammetalu.eu\/toode\/lainjas-hosta-hosta-undulata-white-feather\/#breadcrumb","itemListElement":[{"@type":"ListItem","position":1,"name":"Home","item":"https:\/\/tammetalu.eu\/lv\/galvena-lapa\/"},{"@type":"ListItem","position":2,"name":"Shop","item":"https:\/\/tammetalu.eu\/lv\/shop\/"},{"@type":"ListItem","position":3,"name":"Lainjas hosta Hosta undulata \u201eWhite Feather\u201c"}]},{"@type":"WebSite","@id":"https:\/\/tammetalu.eu\/#website","url":"https:\/\/tammetalu.eu\/","name":"Tamme talu \u00fcrdiaed","description":"K\u00e4sit\u00f6\u00f6na valmistatud tooted \u00fcrtidest, \u00fcrdiistikud, \u00fcrtide kollektsioonaed","publisher":{"@id":"https:\/\/tammetalu.eu\/#organization"},"alternateName":"Tamme talu","potentialAction":[{"@type":"SearchAction","target":{"@type":"EntryPoint","urlTemplate":"https:\/\/tammetalu.eu\/?s={search_term_string}"},"query-input":{"@type":"PropertyValueSpecification","valueRequired":true,"valueName":"search_term_string"}}],"inLanguage":"lv-LV"},{"@type":"Organization","@id":"https:\/\/tammetalu.eu\/#organization","name":"Tamme talu \u00fcrdiaed","alternateName":"Tamme talu","url":"https:\/\/tammetalu.eu\/","logo":{"@type":"ImageObject","inLanguage":"lv-LV","@id":"https:\/\/tammetalu.eu\/#\/schema\/logo\/image\/","url":"https:\/\/tammetalu.eu\/wp-content\/uploads\/2025\/01\/Tamme_talu_urdiaed.png","contentUrl":"https:\/\/tammetalu.eu\/wp-content\/uploads\/2025\/01\/Tamme_talu_urdiaed.png","width":560,"height":560,"caption":"Tamme talu \u00fcrdiaed"},"image":{"@id":"https:\/\/tammetalu.eu\/#\/schema\/logo\/image\/"},"sameAs":["https:\/\/www.facebook.com\/TammeTaluUrdiaed\/?locale=et_EE","https:\/\/www.instagram.com\/tammetaluurdiaed\/"]}]}},"_links":{"self":[{"href":"https:\/\/tammetalu.eu\/lv\/wp-json\/wp\/v2\/product\/23161","targetHints":{"allow":["GET"]}}],"collection":[{"href":"https:\/\/tammetalu.eu\/lv\/wp-json\/wp\/v2\/product"}],"about":[{"href":"https:\/\/tammetalu.eu\/lv\/wp-json\/wp\/v2\/types\/product"}],"wp:featuredmedia":[{"embeddable":true,"href":"https:\/\/tammetalu.eu\/lv\/wp-json\/wp\/v2\/media\/23162"}],"wp:attachment":[{"href":"https:\/\/tammetalu.eu\/lv\/wp-json\/wp\/v2\/media?parent=23161"}],"wp:term":[{"taxonomy":"product_brand","embeddable":true,"href":"https:\/\/tammetalu.eu\/lv\/wp-json\/wp\/v2\/product_brand?post=23161"},{"taxonomy":"product_cat","embeddable":true,"href":"https:\/\/tammetalu.eu\/lv\/wp-json\/wp\/v2\/product_cat?post=23161"},{"taxonomy":"product_tag","embeddable":true,"href":"https:\/\/tammetalu.eu\/lv\/wp-json\/wp\/v2\/product_tag?post=23161"}],"curies":[{"name":"wp","href":"https:\/\/api.w.org\/{rel}","templated":true}]}}