{"id":23173,"date":"2025-02-04T15:25:29","date_gmt":"2025-02-04T13:25:29","guid":{"rendered":"https:\/\/tammetalu.eu\/?post_type=product&#038;p=23173"},"modified":"2026-04-08T18:55:15","modified_gmt":"2026-04-08T15:55:15","slug":"luhivillane-liivatee-thymus-pseudolanuginosus-wooly-times","status":"publish","type":"product","link":"https:\/\/tammetalu.eu\/lv\/toode\/luhivillane-liivatee-thymus-pseudolanuginosus-wooly-times\/","title":{"rendered":"L\u00fchivillane liivatee Thymus pseudolanuginosus"},"content":{"rendered":"","protected":false},"excerpt":{"rendered":"<p>LAT:\u00a0 Thymus pseudolanuginosus<\/p>\n<p>ENG:\u00a0 Woolly thyme<\/p>\n<p>RU: \u0422\u0438\u043c\u044c\u044f\u043d<\/p>\n<p>FI:\u00a0\u00a0 Harmaa-ajuruoho<\/p>\n<p>L\u00fchivillane liivatee on karvakestega kaetud lehekestega liivatee, mis moodustab tihedad madalad padjandid. Taim ei n\u00f5ua palju hoolt kasvatamisel. Sobib eriti h\u00e4sti istutamiseks potti, r\u00f5dukasti, amplisse, k\u00e4iguteede \u00e4\u00e4rde, kivide vahele, tugim\u00fc\u00fcridele ja kuiva liivase v\u00f5i kruusase mullaga peenrasse v\u00f5i kuiva liivase mullaga loodusaeda. \u00d5ied on heleroosad. Peale \u00f5itsemist v\u00f5ib taime v\u00e4limuse korrastamiseks v\u00f5rseid veidi k\u00e4rpida. Paljundada saab taime k\u00f5ige h\u00f5lpsamalt jagamisega. On talvekindel.<\/p>\n<p>K\u00f6\u00f6gis sobib pea k\u00f5ikide roogade maitsestamiseks, kuid t\u00e4nu taime madalale kasvule ei ole see liivatee liik parim valik kasutamiseks k\u00f6\u00f6gis. Liivatee lisatakse toitudele juba valmistamise ajal, kuna kannatab pikemat kuumutamist.<\/p>\n<p>Liivateed kasutatakse r\u00f6ga lahtistava\u00a0 ja mikroobivastase vahendina. Pidurdab k\u00f5hugaaside teket. Kasutatakse k\u00fclmetushaiguste korral, palavikulangetamiseks, uriinierituse soodustamiseks ja gripivaevuste v\u00e4hendamiseks. V\u00e4lispidiselt kasutatakse kompressi ja vannina, sest liivateel on liigesep\u00f5letikku vaigistav toime. Liivatee aur leevendab kuiva k\u00f6ha.<\/p>\n<p>K\u00f5rgus: kuni 5 cm<\/p>\n<p>\u00d5itsemise aeg: VI-VII<\/p>\n<p>Talvekindlus: Talvekindel<\/p>\n<p>Poti suurus: 9-11<\/p>\n","protected":false},"featured_media":23174,"template":"","meta":{"_acf_changed":false,"_et_pb_use_builder":"","_et_pb_old_content":"","_et_gb_content_width":"","inline_featured_image":false},"product_brand":[],"product_cat":[247,186,194],"product_tag":[],"class_list":{"0":"post-23173","1":"product","2":"type-product","3":"status-publish","4":"has-post-thumbnail","6":"product_cat-rohenappude-lemmikud","7":"product_cat-maitse-ja-ravimtaimede-istikud","8":"product_cat-liivateed","10":"first","11":"instock","12":"sale","13":"taxable","14":"shipping-taxable","15":"purchasable","16":"product-type-simple"},"acf":[],"yoast_head":"<!-- This site is optimized with the Yoast SEO plugin v26.4 - https:\/\/yoast.com\/wordpress\/plugins\/seo\/ -->\n<title>L\u00fchivillane liivatee Thymus pseudolanuginosus - Tamme talu \u00fcrdiaed<\/title>\n<meta name=\"robots\" content=\"index, follow, max-snippet:-1, max-image-preview:large, max-video-preview:-1\" \/>\n<link rel=\"canonical\" href=\"https:\/\/tammetalu.eu\/toode\/luhivillane-liivatee-thymus-pseudolanuginosus-wooly-times\/\" \/>\n<meta property=\"og:locale\" content=\"lv_LV\" \/>\n<meta property=\"og:type\" content=\"article\" \/>\n<meta property=\"og:title\" content=\"L\u00fchivillane liivatee Thymus pseudolanuginosus - Tamme talu \u00fcrdiaed\" \/>\n<meta property=\"og:description\" content=\"LAT:\u00a0 Thymus pseudolanuginosus  ENG:\u00a0 Woolly thyme  RU: \u0422\u0438\u043c\u044c\u044f\u043d  FI:\u00a0\u00a0 Harmaa-ajuruoho  L\u00fchivillane liivatee on karvakestega kaetud lehekestega liivatee, mis moodustab tihedad madalad padjandid. Taim ei n\u00f5ua palju hoolt kasvatamisel. Sobib eriti h\u00e4sti istutamiseks potti, r\u00f5dukasti, amplisse, k\u00e4iguteede \u00e4\u00e4rde, kivide vahele, tugim\u00fc\u00fcridele ja kuiva liivase v\u00f5i kruusase mullaga peenrasse v\u00f5i kuiva liivase mullaga loodusaeda. \u00d5ied on heleroosad. Peale \u00f5itsemist v\u00f5ib taime v\u00e4limuse korrastamiseks v\u00f5rseid veidi k\u00e4rpida. Paljundada saab taime k\u00f5ige h\u00f5lpsamalt jagamisega. On talvekindel.  K\u00f6\u00f6gis sobib pea k\u00f5ikide roogade maitsestamiseks, kuid t\u00e4nu taime madalale kasvule ei ole see liivatee liik parim valik kasutamiseks k\u00f6\u00f6gis. Liivatee lisatakse toitudele juba valmistamise ajal, kuna kannatab pikemat kuumutamist.  Liivateed kasutatakse r\u00f6ga lahtistava\u00a0 ja mikroobivastase vahendina. Pidurdab k\u00f5hugaaside teket. Kasutatakse k\u00fclmetushaiguste korral, palavikulangetamiseks, uriinierituse soodustamiseks ja gripivaevuste v\u00e4hendamiseks. V\u00e4lispidiselt kasutatakse kompressi ja vannina, sest liivateel on liigesep\u00f5letikku vaigistav toime. Liivatee aur leevendab kuiva k\u00f6ha.  K\u00f5rgus: kuni 5 cm  \u00d5itsemise aeg: VI-VII  Talvekindlus: Talvekindel  Poti suurus: 9-11\" \/>\n<meta property=\"og:url\" content=\"https:\/\/tammetalu.eu\/toode\/luhivillane-liivatee-thymus-pseudolanuginosus-wooly-times\/\" \/>\n<meta property=\"og:site_name\" content=\"Tamme talu \u00fcrdiaed\" \/>\n<meta property=\"article:publisher\" content=\"https:\/\/www.facebook.com\/TammeTaluUrdiaed\/?locale=et_EE\" \/>\n<meta property=\"article:modified_time\" content=\"2026-04-08T15:55:15+00:00\" \/>\n<meta property=\"og:image\" content=\"https:\/\/tammetalu.eu\/wp-content\/uploads\/2025\/01\/Luhivillane_liivatee_Thymus-pseudolanuginosus-Wooly-Times_tamme_talu_urdiaed.jpg\" \/>\n\t<meta property=\"og:image:width\" content=\"780\" \/>\n\t<meta property=\"og:image:height\" content=\"520\" \/>\n\t<meta property=\"og:image:type\" content=\"image\/jpeg\" \/>\n<meta name=\"twitter:card\" content=\"summary_large_image\" \/>\n<meta name=\"twitter:label1\" content=\"Est. reading time\" \/>\n\t<meta name=\"twitter:data1\" content=\"1 minute\" \/>\n<script type=\"application\/ld+json\" class=\"yoast-schema-graph\">{\"@context\":\"https:\/\/schema.org\",\"@graph\":[{\"@type\":\"WebPage\",\"@id\":\"https:\/\/tammetalu.eu\/toode\/luhivillane-liivatee-thymus-pseudolanuginosus-wooly-times\/\",\"url\":\"https:\/\/tammetalu.eu\/toode\/luhivillane-liivatee-thymus-pseudolanuginosus-wooly-times\/\",\"name\":\"L\u00fchivillane liivatee Thymus pseudolanuginosus - Tamme talu \u00fcrdiaed\",\"isPartOf\":{\"@id\":\"https:\/\/tammetalu.eu\/#website\"},\"primaryImageOfPage\":{\"@id\":\"https:\/\/tammetalu.eu\/toode\/luhivillane-liivatee-thymus-pseudolanuginosus-wooly-times\/#primaryimage\"},\"image\":{\"@id\":\"https:\/\/tammetalu.eu\/toode\/luhivillane-liivatee-thymus-pseudolanuginosus-wooly-times\/#primaryimage\"},\"thumbnailUrl\":\"https:\/\/tammetalu.eu\/wp-content\/uploads\/2025\/01\/Luhivillane_liivatee_Thymus-pseudolanuginosus-Wooly-Times_tamme_talu_urdiaed.jpg\",\"datePublished\":\"2025-02-04T13:25:29+00:00\",\"dateModified\":\"2026-04-08T15:55:15+00:00\",\"breadcrumb\":{\"@id\":\"https:\/\/tammetalu.eu\/toode\/luhivillane-liivatee-thymus-pseudolanuginosus-wooly-times\/#breadcrumb\"},\"inLanguage\":\"lv-LV\",\"potentialAction\":[{\"@type\":\"ReadAction\",\"target\":[\"https:\/\/tammetalu.eu\/toode\/luhivillane-liivatee-thymus-pseudolanuginosus-wooly-times\/\"]}]},{\"@type\":\"ImageObject\",\"inLanguage\":\"lv-LV\",\"@id\":\"https:\/\/tammetalu.eu\/toode\/luhivillane-liivatee-thymus-pseudolanuginosus-wooly-times\/#primaryimage\",\"url\":\"https:\/\/tammetalu.eu\/wp-content\/uploads\/2025\/01\/Luhivillane_liivatee_Thymus-pseudolanuginosus-Wooly-Times_tamme_talu_urdiaed.jpg\",\"contentUrl\":\"https:\/\/tammetalu.eu\/wp-content\/uploads\/2025\/01\/Luhivillane_liivatee_Thymus-pseudolanuginosus-Wooly-Times_tamme_talu_urdiaed.jpg\",\"width\":780,\"height\":520,\"caption\":\"Luhivillane_liivatee_Thymus-pseudolanuginosus-Wooly-Times_tamme_talu_urdiaed\"},{\"@type\":\"BreadcrumbList\",\"@id\":\"https:\/\/tammetalu.eu\/toode\/luhivillane-liivatee-thymus-pseudolanuginosus-wooly-times\/#breadcrumb\",\"itemListElement\":[{\"@type\":\"ListItem\",\"position\":1,\"name\":\"Home\",\"item\":\"https:\/\/tammetalu.eu\/lv\/galvena-lapa\/\"},{\"@type\":\"ListItem\",\"position\":2,\"name\":\"Shop\",\"item\":\"https:\/\/tammetalu.eu\/lv\/shop\/\"},{\"@type\":\"ListItem\",\"position\":3,\"name\":\"L\u00fchivillane liivatee Thymus pseudolanuginosus\"}]},{\"@type\":\"WebSite\",\"@id\":\"https:\/\/tammetalu.eu\/#website\",\"url\":\"https:\/\/tammetalu.eu\/\",\"name\":\"Tamme talu \u00fcrdiaed\",\"description\":\"K\u00e4sit\u00f6\u00f6na valmistatud tooted \u00fcrtidest, \u00fcrdiistikud, \u00fcrtide kollektsioonaed\",\"publisher\":{\"@id\":\"https:\/\/tammetalu.eu\/#organization\"},\"alternateName\":\"Tamme talu\",\"potentialAction\":[{\"@type\":\"SearchAction\",\"target\":{\"@type\":\"EntryPoint\",\"urlTemplate\":\"https:\/\/tammetalu.eu\/?s={search_term_string}\"},\"query-input\":{\"@type\":\"PropertyValueSpecification\",\"valueRequired\":true,\"valueName\":\"search_term_string\"}}],\"inLanguage\":\"lv-LV\"},{\"@type\":\"Organization\",\"@id\":\"https:\/\/tammetalu.eu\/#organization\",\"name\":\"Tamme talu \u00fcrdiaed\",\"alternateName\":\"Tamme talu\",\"url\":\"https:\/\/tammetalu.eu\/\",\"logo\":{\"@type\":\"ImageObject\",\"inLanguage\":\"lv-LV\",\"@id\":\"https:\/\/tammetalu.eu\/#\/schema\/logo\/image\/\",\"url\":\"https:\/\/tammetalu.eu\/wp-content\/uploads\/2025\/01\/Tamme_talu_urdiaed.png\",\"contentUrl\":\"https:\/\/tammetalu.eu\/wp-content\/uploads\/2025\/01\/Tamme_talu_urdiaed.png\",\"width\":560,\"height\":560,\"caption\":\"Tamme talu \u00fcrdiaed\"},\"image\":{\"@id\":\"https:\/\/tammetalu.eu\/#\/schema\/logo\/image\/\"},\"sameAs\":[\"https:\/\/www.facebook.com\/TammeTaluUrdiaed\/?locale=et_EE\",\"https:\/\/www.instagram.com\/tammetaluurdiaed\/\"]}]}<\/script>\n<!-- \/ Yoast SEO plugin. -->","yoast_head_json":{"title":"L\u00fchivillane liivatee Thymus pseudolanuginosus - Tamme talu \u00fcrdiaed","robots":{"index":"index","follow":"follow","max-snippet":"max-snippet:-1","max-image-preview":"max-image-preview:large","max-video-preview":"max-video-preview:-1"},"canonical":"https:\/\/tammetalu.eu\/toode\/luhivillane-liivatee-thymus-pseudolanuginosus-wooly-times\/","og_locale":"lv_LV","og_type":"article","og_title":"L\u00fchivillane liivatee Thymus pseudolanuginosus - Tamme talu \u00fcrdiaed","og_description":"LAT:\u00a0 Thymus pseudolanuginosus  ENG:\u00a0 Woolly thyme  RU: \u0422\u0438\u043c\u044c\u044f\u043d  FI:\u00a0\u00a0 Harmaa-ajuruoho  L\u00fchivillane liivatee on karvakestega kaetud lehekestega liivatee, mis moodustab tihedad madalad padjandid. Taim ei n\u00f5ua palju hoolt kasvatamisel. Sobib eriti h\u00e4sti istutamiseks potti, r\u00f5dukasti, amplisse, k\u00e4iguteede \u00e4\u00e4rde, kivide vahele, tugim\u00fc\u00fcridele ja kuiva liivase v\u00f5i kruusase mullaga peenrasse v\u00f5i kuiva liivase mullaga loodusaeda. \u00d5ied on heleroosad. Peale \u00f5itsemist v\u00f5ib taime v\u00e4limuse korrastamiseks v\u00f5rseid veidi k\u00e4rpida. Paljundada saab taime k\u00f5ige h\u00f5lpsamalt jagamisega. On talvekindel.  K\u00f6\u00f6gis sobib pea k\u00f5ikide roogade maitsestamiseks, kuid t\u00e4nu taime madalale kasvule ei ole see liivatee liik parim valik kasutamiseks k\u00f6\u00f6gis. Liivatee lisatakse toitudele juba valmistamise ajal, kuna kannatab pikemat kuumutamist.  Liivateed kasutatakse r\u00f6ga lahtistava\u00a0 ja mikroobivastase vahendina. Pidurdab k\u00f5hugaaside teket. Kasutatakse k\u00fclmetushaiguste korral, palavikulangetamiseks, uriinierituse soodustamiseks ja gripivaevuste v\u00e4hendamiseks. V\u00e4lispidiselt kasutatakse kompressi ja vannina, sest liivateel on liigesep\u00f5letikku vaigistav toime. Liivatee aur leevendab kuiva k\u00f6ha.  K\u00f5rgus: kuni 5 cm  \u00d5itsemise aeg: VI-VII  Talvekindlus: Talvekindel  Poti suurus: 9-11","og_url":"https:\/\/tammetalu.eu\/toode\/luhivillane-liivatee-thymus-pseudolanuginosus-wooly-times\/","og_site_name":"Tamme talu \u00fcrdiaed","article_publisher":"https:\/\/www.facebook.com\/TammeTaluUrdiaed\/?locale=et_EE","article_modified_time":"2026-04-08T15:55:15+00:00","og_image":[{"width":780,"height":520,"url":"https:\/\/tammetalu.eu\/wp-content\/uploads\/2025\/01\/Luhivillane_liivatee_Thymus-pseudolanuginosus-Wooly-Times_tamme_talu_urdiaed.jpg","type":"image\/jpeg"}],"twitter_card":"summary_large_image","twitter_misc":{"Est. reading time":"1 minute"},"schema":{"@context":"https:\/\/schema.org","@graph":[{"@type":"WebPage","@id":"https:\/\/tammetalu.eu\/toode\/luhivillane-liivatee-thymus-pseudolanuginosus-wooly-times\/","url":"https:\/\/tammetalu.eu\/toode\/luhivillane-liivatee-thymus-pseudolanuginosus-wooly-times\/","name":"L\u00fchivillane liivatee Thymus pseudolanuginosus - Tamme talu \u00fcrdiaed","isPartOf":{"@id":"https:\/\/tammetalu.eu\/#website"},"primaryImageOfPage":{"@id":"https:\/\/tammetalu.eu\/toode\/luhivillane-liivatee-thymus-pseudolanuginosus-wooly-times\/#primaryimage"},"image":{"@id":"https:\/\/tammetalu.eu\/toode\/luhivillane-liivatee-thymus-pseudolanuginosus-wooly-times\/#primaryimage"},"thumbnailUrl":"https:\/\/tammetalu.eu\/wp-content\/uploads\/2025\/01\/Luhivillane_liivatee_Thymus-pseudolanuginosus-Wooly-Times_tamme_talu_urdiaed.jpg","datePublished":"2025-02-04T13:25:29+00:00","dateModified":"2026-04-08T15:55:15+00:00","breadcrumb":{"@id":"https:\/\/tammetalu.eu\/toode\/luhivillane-liivatee-thymus-pseudolanuginosus-wooly-times\/#breadcrumb"},"inLanguage":"lv-LV","potentialAction":[{"@type":"ReadAction","target":["https:\/\/tammetalu.eu\/toode\/luhivillane-liivatee-thymus-pseudolanuginosus-wooly-times\/"]}]},{"@type":"ImageObject","inLanguage":"lv-LV","@id":"https:\/\/tammetalu.eu\/toode\/luhivillane-liivatee-thymus-pseudolanuginosus-wooly-times\/#primaryimage","url":"https:\/\/tammetalu.eu\/wp-content\/uploads\/2025\/01\/Luhivillane_liivatee_Thymus-pseudolanuginosus-Wooly-Times_tamme_talu_urdiaed.jpg","contentUrl":"https:\/\/tammetalu.eu\/wp-content\/uploads\/2025\/01\/Luhivillane_liivatee_Thymus-pseudolanuginosus-Wooly-Times_tamme_talu_urdiaed.jpg","width":780,"height":520,"caption":"Luhivillane_liivatee_Thymus-pseudolanuginosus-Wooly-Times_tamme_talu_urdiaed"},{"@type":"BreadcrumbList","@id":"https:\/\/tammetalu.eu\/toode\/luhivillane-liivatee-thymus-pseudolanuginosus-wooly-times\/#breadcrumb","itemListElement":[{"@type":"ListItem","position":1,"name":"Home","item":"https:\/\/tammetalu.eu\/lv\/galvena-lapa\/"},{"@type":"ListItem","position":2,"name":"Shop","item":"https:\/\/tammetalu.eu\/lv\/shop\/"},{"@type":"ListItem","position":3,"name":"L\u00fchivillane liivatee Thymus pseudolanuginosus"}]},{"@type":"WebSite","@id":"https:\/\/tammetalu.eu\/#website","url":"https:\/\/tammetalu.eu\/","name":"Tamme talu \u00fcrdiaed","description":"K\u00e4sit\u00f6\u00f6na valmistatud tooted \u00fcrtidest, \u00fcrdiistikud, \u00fcrtide kollektsioonaed","publisher":{"@id":"https:\/\/tammetalu.eu\/#organization"},"alternateName":"Tamme talu","potentialAction":[{"@type":"SearchAction","target":{"@type":"EntryPoint","urlTemplate":"https:\/\/tammetalu.eu\/?s={search_term_string}"},"query-input":{"@type":"PropertyValueSpecification","valueRequired":true,"valueName":"search_term_string"}}],"inLanguage":"lv-LV"},{"@type":"Organization","@id":"https:\/\/tammetalu.eu\/#organization","name":"Tamme talu \u00fcrdiaed","alternateName":"Tamme talu","url":"https:\/\/tammetalu.eu\/","logo":{"@type":"ImageObject","inLanguage":"lv-LV","@id":"https:\/\/tammetalu.eu\/#\/schema\/logo\/image\/","url":"https:\/\/tammetalu.eu\/wp-content\/uploads\/2025\/01\/Tamme_talu_urdiaed.png","contentUrl":"https:\/\/tammetalu.eu\/wp-content\/uploads\/2025\/01\/Tamme_talu_urdiaed.png","width":560,"height":560,"caption":"Tamme talu \u00fcrdiaed"},"image":{"@id":"https:\/\/tammetalu.eu\/#\/schema\/logo\/image\/"},"sameAs":["https:\/\/www.facebook.com\/TammeTaluUrdiaed\/?locale=et_EE","https:\/\/www.instagram.com\/tammetaluurdiaed\/"]}]}},"_links":{"self":[{"href":"https:\/\/tammetalu.eu\/lv\/wp-json\/wp\/v2\/product\/23173","targetHints":{"allow":["GET"]}}],"collection":[{"href":"https:\/\/tammetalu.eu\/lv\/wp-json\/wp\/v2\/product"}],"about":[{"href":"https:\/\/tammetalu.eu\/lv\/wp-json\/wp\/v2\/types\/product"}],"wp:featuredmedia":[{"embeddable":true,"href":"https:\/\/tammetalu.eu\/lv\/wp-json\/wp\/v2\/media\/23174"}],"wp:attachment":[{"href":"https:\/\/tammetalu.eu\/lv\/wp-json\/wp\/v2\/media?parent=23173"}],"wp:term":[{"taxonomy":"product_brand","embeddable":true,"href":"https:\/\/tammetalu.eu\/lv\/wp-json\/wp\/v2\/product_brand?post=23173"},{"taxonomy":"product_cat","embeddable":true,"href":"https:\/\/tammetalu.eu\/lv\/wp-json\/wp\/v2\/product_cat?post=23173"},{"taxonomy":"product_tag","embeddable":true,"href":"https:\/\/tammetalu.eu\/lv\/wp-json\/wp\/v2\/product_tag?post=23173"}],"curies":[{"name":"wp","href":"https:\/\/api.w.org\/{rel}","templated":true}]}}