{"id":23196,"date":"2025-01-29T19:49:48","date_gmt":"2025-01-29T17:49:48","guid":{"rendered":"https:\/\/tammetalu.eu\/?post_type=product&#038;p=23196"},"modified":"2026-04-03T10:07:05","modified_gmt":"2026-04-03T07:07:05","slug":"rauklauk-allium-senescens-medusas-hair","status":"publish","type":"product","link":"https:\/\/tammetalu.eu\/lv\/toode\/rauklauk-allium-senescens-medusas-hair\/","title":{"rendered":"Rauklauk Allium senescens &#8220;Medusas Hair&#8221;"},"content":{"rendered":"","protected":false},"excerpt":{"rendered":"<p>Rauklauk Allium senescens \u201eMedusas Hair\u201c<\/p>\n<p>LAT: <em>Allium senescens<\/em><\/p>\n<p>ENG: German garlic<\/p>\n<p>RU: \u041b\u0443\u043a \u0422\u0443\u043d\u0431\u0435\u0440\u0433\u0430<\/p>\n<p>FI: Vaarinlaukka<\/p>\n<p>Roosakaslillade omap\u00e4rase v\u00e4limusega \u00f5iepallidega ja kitsaste hallikasroheliste lehtedega rauklaugu sort. Rauklaugu p\u00f5hiliik on levinud P\u00f5hja-Euroopas ja Aasias, Siberist Koreani. Rauklauk on\u00a0 naturaliseerunud mitmes Euroopa paigas, sealhulgas T\u0161ehhis ja endise Jugoslaavia aladel.<\/p>\n<p>Alates juulist kuni septembrini puhkevad taimel tihedad \u00f5isikud, mis meelitavad ligi rohkelt tolmeldajaid. Taimed kasvavad h\u00e4sti nii p\u00e4ikese k\u00e4es kui poolvarjus kuivemas kuni parasniiskes toitainete rikkas mullas. Kasvab aastaid \u00fches kohas, ei ole kiire kasvuga. Sobib kasvatamiseks \u00fcrdipeenras, kiviktaimlas, p\u00fcsilillepeenra \u00e4\u00e4ristaimena. \u00d5isi v\u00f5ib s\u00e4ttida lillekimpudesse.<\/p>\n<p>Rauklaugu sort \u201eMedusas Hair\u201c ei ole Eesti aedades levinud, kuid v\u00e4\u00e4rib kasvatamist igas aias nii oma kena v\u00e4limuse kui v\u00e4hen\u00f5udlikkuse poolest.<\/p>\n<p>Rauklaugu \u00f5ied ja lehestik on s\u00f6\u00f6dav, kuid suhteliselt v\u00e4hese laukudele iseloomuliku maitsega.<\/p>\n<p>K\u00f5rgus: kuni 0,4 m<\/p>\n<p>Laius: kuni 0,40 m<\/p>\n<p>\u00d5itsemise aeg: VII-IX<\/p>\n<p>Talvekindlus: V\u00e4ga hea<\/p>\n<p>Poti suurus: 9-11<\/p>\n","protected":false},"featured_media":24494,"template":"","meta":{"_acf_changed":false,"_et_pb_use_builder":"","_et_pb_old_content":"","_et_gb_content_width":"","inline_featured_image":false},"product_brand":[],"product_cat":[186,201,203],"product_tag":[],"class_list":{"0":"post-23196","1":"product","2":"type-product","3":"status-publish","4":"has-post-thumbnail","6":"product_cat-maitse-ja-ravimtaimede-istikud","7":"product_cat-laugud","8":"product_cat-ponevad-koogiviljad","10":"first","11":"instock","12":"sale","13":"taxable","14":"shipping-taxable","15":"purchasable","16":"product-type-simple"},"acf":[],"yoast_head":"<!-- This site is optimized with the Yoast SEO plugin v26.4 - https:\/\/yoast.com\/wordpress\/plugins\/seo\/ -->\n<title>Rauklauk Allium senescens &quot;Medusas Hair&quot; - Tamme talu \u00fcrdiaed<\/title>\n<meta name=\"description\" content=\"Roosakaslillade omap\u00e4rase v\u00e4limusega \u00f5iepallidega ja kitsaste hallikasroheliste lehtedega rauklaugu sort. Rauklaugu p\u00f5hiliik on levinud P\u00f5hja-Euroopas ja Aasias, Siberist Koreani. Rauklauk on\u00a0 naturaliseerunud mitmes Euroopa paigas, sealhulgas T\u0161ehhis ja endise Jugoslaavia aladel.\" \/>\n<meta name=\"robots\" content=\"index, follow, max-snippet:-1, max-image-preview:large, max-video-preview:-1\" \/>\n<link rel=\"canonical\" href=\"https:\/\/tammetalu.eu\/toode\/rauklauk-allium-senescens-medusas-hair\/\" \/>\n<meta property=\"og:locale\" content=\"lv_LV\" \/>\n<meta property=\"og:type\" content=\"article\" \/>\n<meta property=\"og:title\" content=\"Rauklauk Allium senescens &quot;Medusas Hair&quot; - Tamme talu \u00fcrdiaed\" \/>\n<meta property=\"og:description\" content=\"Roosakaslillade omap\u00e4rase v\u00e4limusega \u00f5iepallidega ja kitsaste hallikasroheliste lehtedega rauklaugu sort. Rauklaugu p\u00f5hiliik on levinud P\u00f5hja-Euroopas ja Aasias, Siberist Koreani. Rauklauk on\u00a0 naturaliseerunud mitmes Euroopa paigas, sealhulgas T\u0161ehhis ja endise Jugoslaavia aladel.\" \/>\n<meta property=\"og:url\" content=\"https:\/\/tammetalu.eu\/toode\/rauklauk-allium-senescens-medusas-hair\/\" \/>\n<meta property=\"og:site_name\" content=\"Tamme talu \u00fcrdiaed\" \/>\n<meta property=\"article:publisher\" content=\"https:\/\/www.facebook.com\/TammeTaluUrdiaed\/?locale=et_EE\" \/>\n<meta property=\"article:modified_time\" content=\"2026-04-03T07:07:05+00:00\" \/>\n<meta property=\"og:image\" content=\"https:\/\/tammetalu.eu\/wp-content\/uploads\/2025\/01\/rauklauk-allium-senescens-medusas-hair-tamme-talu-urdiaed.jpg\" \/>\n\t<meta property=\"og:image:width\" content=\"800\" \/>\n\t<meta property=\"og:image:height\" content=\"800\" \/>\n\t<meta property=\"og:image:type\" content=\"image\/jpeg\" \/>\n<meta name=\"twitter:card\" content=\"summary_large_image\" \/>\n<meta name=\"twitter:label1\" content=\"Est. reading time\" \/>\n\t<meta name=\"twitter:data1\" content=\"1 minute\" \/>\n<script type=\"application\/ld+json\" class=\"yoast-schema-graph\">{\"@context\":\"https:\/\/schema.org\",\"@graph\":[{\"@type\":\"WebPage\",\"@id\":\"https:\/\/tammetalu.eu\/toode\/rauklauk-allium-senescens-medusas-hair\/\",\"url\":\"https:\/\/tammetalu.eu\/toode\/rauklauk-allium-senescens-medusas-hair\/\",\"name\":\"Rauklauk Allium senescens \\\"Medusas Hair\\\" - Tamme talu \u00fcrdiaed\",\"isPartOf\":{\"@id\":\"https:\/\/tammetalu.eu\/#website\"},\"primaryImageOfPage\":{\"@id\":\"https:\/\/tammetalu.eu\/toode\/rauklauk-allium-senescens-medusas-hair\/#primaryimage\"},\"image\":{\"@id\":\"https:\/\/tammetalu.eu\/toode\/rauklauk-allium-senescens-medusas-hair\/#primaryimage\"},\"thumbnailUrl\":\"https:\/\/tammetalu.eu\/wp-content\/uploads\/2025\/01\/rauklauk-allium-senescens-medusas-hair-tamme-talu-urdiaed.jpg\",\"datePublished\":\"2025-01-29T17:49:48+00:00\",\"dateModified\":\"2026-04-03T07:07:05+00:00\",\"description\":\"Roosakaslillade omap\u00e4rase v\u00e4limusega \u00f5iepallidega ja kitsaste hallikasroheliste lehtedega rauklaugu sort. Rauklaugu p\u00f5hiliik on levinud P\u00f5hja-Euroopas ja Aasias, Siberist Koreani. Rauklauk on\u00a0 naturaliseerunud mitmes Euroopa paigas, sealhulgas T\u0161ehhis ja endise Jugoslaavia aladel.\",\"breadcrumb\":{\"@id\":\"https:\/\/tammetalu.eu\/toode\/rauklauk-allium-senescens-medusas-hair\/#breadcrumb\"},\"inLanguage\":\"lv-LV\",\"potentialAction\":[{\"@type\":\"ReadAction\",\"target\":[\"https:\/\/tammetalu.eu\/toode\/rauklauk-allium-senescens-medusas-hair\/\"]}]},{\"@type\":\"ImageObject\",\"inLanguage\":\"lv-LV\",\"@id\":\"https:\/\/tammetalu.eu\/toode\/rauklauk-allium-senescens-medusas-hair\/#primaryimage\",\"url\":\"https:\/\/tammetalu.eu\/wp-content\/uploads\/2025\/01\/rauklauk-allium-senescens-medusas-hair-tamme-talu-urdiaed.jpg\",\"contentUrl\":\"https:\/\/tammetalu.eu\/wp-content\/uploads\/2025\/01\/rauklauk-allium-senescens-medusas-hair-tamme-talu-urdiaed.jpg\",\"width\":800,\"height\":800,\"caption\":\"rauklauk, tamme talu \u00fcrdiaed, laugud\"},{\"@type\":\"BreadcrumbList\",\"@id\":\"https:\/\/tammetalu.eu\/toode\/rauklauk-allium-senescens-medusas-hair\/#breadcrumb\",\"itemListElement\":[{\"@type\":\"ListItem\",\"position\":1,\"name\":\"Home\",\"item\":\"https:\/\/tammetalu.eu\/lv\/galvena-lapa\/\"},{\"@type\":\"ListItem\",\"position\":2,\"name\":\"Shop\",\"item\":\"https:\/\/tammetalu.eu\/lv\/shop\/\"},{\"@type\":\"ListItem\",\"position\":3,\"name\":\"Rauklauk Allium senescens &#8220;Medusas Hair&#8221;\"}]},{\"@type\":\"WebSite\",\"@id\":\"https:\/\/tammetalu.eu\/#website\",\"url\":\"https:\/\/tammetalu.eu\/\",\"name\":\"Tamme talu \u00fcrdiaed\",\"description\":\"K\u00e4sit\u00f6\u00f6na valmistatud tooted \u00fcrtidest, \u00fcrdiistikud, \u00fcrtide kollektsioonaed\",\"publisher\":{\"@id\":\"https:\/\/tammetalu.eu\/#organization\"},\"alternateName\":\"Tamme talu\",\"potentialAction\":[{\"@type\":\"SearchAction\",\"target\":{\"@type\":\"EntryPoint\",\"urlTemplate\":\"https:\/\/tammetalu.eu\/?s={search_term_string}\"},\"query-input\":{\"@type\":\"PropertyValueSpecification\",\"valueRequired\":true,\"valueName\":\"search_term_string\"}}],\"inLanguage\":\"lv-LV\"},{\"@type\":\"Organization\",\"@id\":\"https:\/\/tammetalu.eu\/#organization\",\"name\":\"Tamme talu \u00fcrdiaed\",\"alternateName\":\"Tamme talu\",\"url\":\"https:\/\/tammetalu.eu\/\",\"logo\":{\"@type\":\"ImageObject\",\"inLanguage\":\"lv-LV\",\"@id\":\"https:\/\/tammetalu.eu\/#\/schema\/logo\/image\/\",\"url\":\"https:\/\/tammetalu.eu\/wp-content\/uploads\/2025\/01\/Tamme_talu_urdiaed.png\",\"contentUrl\":\"https:\/\/tammetalu.eu\/wp-content\/uploads\/2025\/01\/Tamme_talu_urdiaed.png\",\"width\":560,\"height\":560,\"caption\":\"Tamme talu \u00fcrdiaed\"},\"image\":{\"@id\":\"https:\/\/tammetalu.eu\/#\/schema\/logo\/image\/\"},\"sameAs\":[\"https:\/\/www.facebook.com\/TammeTaluUrdiaed\/?locale=et_EE\",\"https:\/\/www.instagram.com\/tammetaluurdiaed\/\"]}]}<\/script>\n<!-- \/ Yoast SEO plugin. -->","yoast_head_json":{"title":"Rauklauk Allium senescens \"Medusas Hair\" - Tamme talu \u00fcrdiaed","description":"Roosakaslillade omap\u00e4rase v\u00e4limusega \u00f5iepallidega ja kitsaste hallikasroheliste lehtedega rauklaugu sort. Rauklaugu p\u00f5hiliik on levinud P\u00f5hja-Euroopas ja Aasias, Siberist Koreani. Rauklauk on\u00a0 naturaliseerunud mitmes Euroopa paigas, sealhulgas T\u0161ehhis ja endise Jugoslaavia aladel.","robots":{"index":"index","follow":"follow","max-snippet":"max-snippet:-1","max-image-preview":"max-image-preview:large","max-video-preview":"max-video-preview:-1"},"canonical":"https:\/\/tammetalu.eu\/toode\/rauklauk-allium-senescens-medusas-hair\/","og_locale":"lv_LV","og_type":"article","og_title":"Rauklauk Allium senescens \"Medusas Hair\" - Tamme talu \u00fcrdiaed","og_description":"Roosakaslillade omap\u00e4rase v\u00e4limusega \u00f5iepallidega ja kitsaste hallikasroheliste lehtedega rauklaugu sort. Rauklaugu p\u00f5hiliik on levinud P\u00f5hja-Euroopas ja Aasias, Siberist Koreani. Rauklauk on\u00a0 naturaliseerunud mitmes Euroopa paigas, sealhulgas T\u0161ehhis ja endise Jugoslaavia aladel.","og_url":"https:\/\/tammetalu.eu\/toode\/rauklauk-allium-senescens-medusas-hair\/","og_site_name":"Tamme talu \u00fcrdiaed","article_publisher":"https:\/\/www.facebook.com\/TammeTaluUrdiaed\/?locale=et_EE","article_modified_time":"2026-04-03T07:07:05+00:00","og_image":[{"width":800,"height":800,"url":"https:\/\/tammetalu.eu\/wp-content\/uploads\/2025\/01\/rauklauk-allium-senescens-medusas-hair-tamme-talu-urdiaed.jpg","type":"image\/jpeg"}],"twitter_card":"summary_large_image","twitter_misc":{"Est. reading time":"1 minute"},"schema":{"@context":"https:\/\/schema.org","@graph":[{"@type":"WebPage","@id":"https:\/\/tammetalu.eu\/toode\/rauklauk-allium-senescens-medusas-hair\/","url":"https:\/\/tammetalu.eu\/toode\/rauklauk-allium-senescens-medusas-hair\/","name":"Rauklauk Allium senescens \"Medusas Hair\" - Tamme talu \u00fcrdiaed","isPartOf":{"@id":"https:\/\/tammetalu.eu\/#website"},"primaryImageOfPage":{"@id":"https:\/\/tammetalu.eu\/toode\/rauklauk-allium-senescens-medusas-hair\/#primaryimage"},"image":{"@id":"https:\/\/tammetalu.eu\/toode\/rauklauk-allium-senescens-medusas-hair\/#primaryimage"},"thumbnailUrl":"https:\/\/tammetalu.eu\/wp-content\/uploads\/2025\/01\/rauklauk-allium-senescens-medusas-hair-tamme-talu-urdiaed.jpg","datePublished":"2025-01-29T17:49:48+00:00","dateModified":"2026-04-03T07:07:05+00:00","description":"Roosakaslillade omap\u00e4rase v\u00e4limusega \u00f5iepallidega ja kitsaste hallikasroheliste lehtedega rauklaugu sort. Rauklaugu p\u00f5hiliik on levinud P\u00f5hja-Euroopas ja Aasias, Siberist Koreani. Rauklauk on\u00a0 naturaliseerunud mitmes Euroopa paigas, sealhulgas T\u0161ehhis ja endise Jugoslaavia aladel.","breadcrumb":{"@id":"https:\/\/tammetalu.eu\/toode\/rauklauk-allium-senescens-medusas-hair\/#breadcrumb"},"inLanguage":"lv-LV","potentialAction":[{"@type":"ReadAction","target":["https:\/\/tammetalu.eu\/toode\/rauklauk-allium-senescens-medusas-hair\/"]}]},{"@type":"ImageObject","inLanguage":"lv-LV","@id":"https:\/\/tammetalu.eu\/toode\/rauklauk-allium-senescens-medusas-hair\/#primaryimage","url":"https:\/\/tammetalu.eu\/wp-content\/uploads\/2025\/01\/rauklauk-allium-senescens-medusas-hair-tamme-talu-urdiaed.jpg","contentUrl":"https:\/\/tammetalu.eu\/wp-content\/uploads\/2025\/01\/rauklauk-allium-senescens-medusas-hair-tamme-talu-urdiaed.jpg","width":800,"height":800,"caption":"rauklauk, tamme talu \u00fcrdiaed, laugud"},{"@type":"BreadcrumbList","@id":"https:\/\/tammetalu.eu\/toode\/rauklauk-allium-senescens-medusas-hair\/#breadcrumb","itemListElement":[{"@type":"ListItem","position":1,"name":"Home","item":"https:\/\/tammetalu.eu\/lv\/galvena-lapa\/"},{"@type":"ListItem","position":2,"name":"Shop","item":"https:\/\/tammetalu.eu\/lv\/shop\/"},{"@type":"ListItem","position":3,"name":"Rauklauk Allium senescens &#8220;Medusas Hair&#8221;"}]},{"@type":"WebSite","@id":"https:\/\/tammetalu.eu\/#website","url":"https:\/\/tammetalu.eu\/","name":"Tamme talu \u00fcrdiaed","description":"K\u00e4sit\u00f6\u00f6na valmistatud tooted \u00fcrtidest, \u00fcrdiistikud, \u00fcrtide kollektsioonaed","publisher":{"@id":"https:\/\/tammetalu.eu\/#organization"},"alternateName":"Tamme talu","potentialAction":[{"@type":"SearchAction","target":{"@type":"EntryPoint","urlTemplate":"https:\/\/tammetalu.eu\/?s={search_term_string}"},"query-input":{"@type":"PropertyValueSpecification","valueRequired":true,"valueName":"search_term_string"}}],"inLanguage":"lv-LV"},{"@type":"Organization","@id":"https:\/\/tammetalu.eu\/#organization","name":"Tamme talu \u00fcrdiaed","alternateName":"Tamme talu","url":"https:\/\/tammetalu.eu\/","logo":{"@type":"ImageObject","inLanguage":"lv-LV","@id":"https:\/\/tammetalu.eu\/#\/schema\/logo\/image\/","url":"https:\/\/tammetalu.eu\/wp-content\/uploads\/2025\/01\/Tamme_talu_urdiaed.png","contentUrl":"https:\/\/tammetalu.eu\/wp-content\/uploads\/2025\/01\/Tamme_talu_urdiaed.png","width":560,"height":560,"caption":"Tamme talu \u00fcrdiaed"},"image":{"@id":"https:\/\/tammetalu.eu\/#\/schema\/logo\/image\/"},"sameAs":["https:\/\/www.facebook.com\/TammeTaluUrdiaed\/?locale=et_EE","https:\/\/www.instagram.com\/tammetaluurdiaed\/"]}]}},"_links":{"self":[{"href":"https:\/\/tammetalu.eu\/lv\/wp-json\/wp\/v2\/product\/23196","targetHints":{"allow":["GET"]}}],"collection":[{"href":"https:\/\/tammetalu.eu\/lv\/wp-json\/wp\/v2\/product"}],"about":[{"href":"https:\/\/tammetalu.eu\/lv\/wp-json\/wp\/v2\/types\/product"}],"wp:featuredmedia":[{"embeddable":true,"href":"https:\/\/tammetalu.eu\/lv\/wp-json\/wp\/v2\/media\/24494"}],"wp:attachment":[{"href":"https:\/\/tammetalu.eu\/lv\/wp-json\/wp\/v2\/media?parent=23196"}],"wp:term":[{"taxonomy":"product_brand","embeddable":true,"href":"https:\/\/tammetalu.eu\/lv\/wp-json\/wp\/v2\/product_brand?post=23196"},{"taxonomy":"product_cat","embeddable":true,"href":"https:\/\/tammetalu.eu\/lv\/wp-json\/wp\/v2\/product_cat?post=23196"},{"taxonomy":"product_tag","embeddable":true,"href":"https:\/\/tammetalu.eu\/lv\/wp-json\/wp\/v2\/product_tag?post=23196"}],"curies":[{"name":"wp","href":"https:\/\/api.w.org\/{rel}","templated":true}]}}