{"id":23208,"date":"2025-02-06T16:53:49","date_gmt":"2025-02-06T14:53:49","guid":{"rendered":"https:\/\/tammetalu.eu\/?post_type=product&#038;p=23208"},"modified":"2026-04-06T21:53:06","modified_gmt":"2026-04-06T18:53:06","slug":"middendorffi-paevaliilia-hemerocallis-middendorffii","status":"publish","type":"product","link":"https:\/\/tammetalu.eu\/lv\/toode\/middendorffi-paevaliilia-hemerocallis-middendorffii\/","title":{"rendered":"Middendorfi p\u00e4evaliilia Hemerocallis middendorffii"},"content":{"rendered":"","protected":false},"excerpt":{"rendered":"<p>Middendorfi p\u00e4evaliilia <em>Hemerocallis middendorfii<\/em><\/p>\n<p>LAT:\u00a0 <em>Hemerocallis middendorfii<\/em><\/p>\n<p>ENG: Amur daylily<\/p>\n<p>RU:\u00a0 \u041a\u0440\u0430\u0441\u043e\u0434\u043d\u0435\u0432 \u041c\u0438\u0434\u0434\u0435\u043d\u0434\u043e\u0440\u0444\u0430<\/p>\n<p>FI: Kultap\u00e4iv\u00e4nlilja<\/p>\n<p>Middendorfi p\u00e4evaliilia looduslik levikuala on Venemaa Kaug-Ida, Loode-Hiina, Korea ja Jaapan. Taim kasvab niitudel, m\u00e4en\u00f5lvadel, h\u00f5redates metsades ja v\u00f5sas. Middendorfi p\u00e4evaliiliat kultiveeritakse Aasias s\u00f6\u00f6davate \u00f5ite ja pungade saamiseks. Toiduks tarvitatakse ka kevadisi noori v\u00f5rseid.<\/p>\n<p>Middendorfi p\u00e4evaliilial on lineaarsed kaarekujulised lehed ja kuldkollased \u00f5ied, mis l\u00f5hnavad v\u00e4ga meeldivalt. Taim \u00f5itseb alates juunist \u00fcsna pikalt ja soodsate kasvutingimuste korral ka rikkalikult. Taim kasvab paremini ja \u00f5ied v\u00e4rvuvad intensiivsemalt kohas, kui taim saab veidi varju keskp\u00e4evase palava p\u00e4ikese eest. P\u00e4evaliilia heaks \u00f5itsemiseks on soovitav puhmik noorendamise ja paljundamise eesm\u00e4rgil 4-5 aasta j\u00e4rel v\u00e4lja kaevata ja t\u00fckeldada. Isek\u00fclviga ei levi ega paljune. Septembris v\u00f5ib taim soodsate ilmastikuolude puhul kordus\u00f5itseda.<\/p>\n<p>Mullastiku osas pole middendorfi p\u00e4evaliilia kuigi n\u00f5udlik, kuid parim on parasniiske viljakas hea drenaa\u017eiga n\u00f5rgalt happeline muld. Madalama viljakusega mullal \u00f5itsevad taimed tagasihoidlikumalt.<\/p>\n<p>K\u00f5ik taimeosad on s\u00f6\u00f6davad, kuid \u00f5isi kasutatakse sagedamini. \u00d5ite kroonlehed on paksud, kr\u00f5mpsuvad ja mahlased ning on seal oleva nektari t\u00f5ttu \u00f5rnalt magusad. \u00d5ied ja pungad on toitvad, sisaldavad valku, s\u00fcsivesikuid, rauda ja A-vitamiini. \u00d5ied ja veel avanemata pungad on suurep\u00e4rane lisand salatitesse. Keedetud \u00f5iepungad maitsevad nagu rohelised oad. Idamaades \u00f5isi kuivatatakse ning kasutatakse maitsestajana ja paksendajana suppides ja kastmetes. Keedetud v\u00f5i hautatud k\u00f6\u00f6giviljana tarvitatavad noored v\u00f5rsed on meeldiva magusa maitsega. Noori v\u00f5rseid korjatakse kevadel. \u00a0P\u00e4hklimaitselisi noori juuri s\u00fc\u00fcakse toorelt v\u00f5i keedetult.<\/p>\n<p>Oma levikuala rahvameditsiinis kasutatakse middendorfi p\u00e4evaliilia juurtest keedetud teed diureetikumina. Juurtest pressitud mahla kasutatatakse vastum\u00fcrgina arseenist p\u00f5hjustatud m\u00fcrgistuste puhul.<\/p>\n<p>Kuivatatud lehtedest punutud n\u00f6\u00f6ri kasutatakse tugeva ja vastupidava punumismaterjalina.<\/p>\n<p>K\u00f5rgus: kuni 0,45 m<\/p>\n<p>\u00d5itsemise aeg: VI<\/p>\n<p>Talvekindlus: Talvekindel<\/p>\n<p>Poti suurus: 9-11<\/p>\n","protected":false},"featured_media":23209,"template":"","meta":{"_acf_changed":false,"_et_pb_use_builder":"","_et_pb_old_content":"","_et_gb_content_width":"","inline_featured_image":false},"product_brand":[],"product_cat":[237,215,247,186],"product_tag":[],"class_list":{"0":"post-23208","1":"product","2":"type-product","3":"status-publish","4":"has-post-thumbnail","6":"product_cat-aasia-toidutaimed","7":"product_cat-paevaliiliad","8":"product_cat-rohenappude-lemmikud","9":"product_cat-maitse-ja-ravimtaimede-istikud","11":"first","12":"instock","13":"sale","14":"taxable","15":"shipping-taxable","16":"purchasable","17":"product-type-simple"},"acf":[],"yoast_head":"<!-- This site is optimized with the Yoast SEO plugin v26.4 - https:\/\/yoast.com\/wordpress\/plugins\/seo\/ -->\n<title>Middendorfi p\u00e4evaliilia Hemerocallis middendorffii - Tamme talu \u00fcrdiaed<\/title>\n<meta name=\"description\" content=\"Middendorfi p\u00e4evaliilial on lineaarsed kaarekujulised lehed ja kuldkollased \u00f5ied, mis l\u00f5hnavad v\u00e4ga meeldivalt. Taim \u00f5itseb alates juunist \u00fcsna pikalt ja soodsate kasvutingimuste korral ka rikkalikult.\" \/>\n<meta name=\"robots\" content=\"index, follow, max-snippet:-1, max-image-preview:large, max-video-preview:-1\" \/>\n<link rel=\"canonical\" href=\"https:\/\/tammetalu.eu\/toode\/middendorffi-paevaliilia-hemerocallis-middendorffii\/\" \/>\n<meta property=\"og:locale\" content=\"lv_LV\" \/>\n<meta property=\"og:type\" content=\"article\" \/>\n<meta property=\"og:title\" content=\"Middendorfi p\u00e4evaliilia Hemerocallis middendorffii - Tamme talu \u00fcrdiaed\" \/>\n<meta property=\"og:description\" content=\"Middendorfi p\u00e4evaliilial on lineaarsed kaarekujulised lehed ja kuldkollased \u00f5ied, mis l\u00f5hnavad v\u00e4ga meeldivalt. Taim \u00f5itseb alates juunist \u00fcsna pikalt ja soodsate kasvutingimuste korral ka rikkalikult.\" \/>\n<meta property=\"og:url\" content=\"https:\/\/tammetalu.eu\/toode\/middendorffi-paevaliilia-hemerocallis-middendorffii\/\" \/>\n<meta property=\"og:site_name\" content=\"Tamme talu \u00fcrdiaed\" \/>\n<meta property=\"article:publisher\" content=\"https:\/\/www.facebook.com\/TammeTaluUrdiaed\/?locale=et_EE\" \/>\n<meta property=\"article:modified_time\" content=\"2026-04-06T18:53:06+00:00\" \/>\n<meta property=\"og:image\" content=\"https:\/\/tammetalu.eu\/wp-content\/uploads\/2025\/01\/Middendorffi_paevaliilia_Hemerocallis-middendorffii_tamme_talu_urdiaed.jpg\" \/>\n\t<meta property=\"og:image:width\" content=\"640\" \/>\n\t<meta property=\"og:image:height\" content=\"480\" \/>\n\t<meta property=\"og:image:type\" content=\"image\/jpeg\" \/>\n<meta name=\"twitter:card\" content=\"summary_large_image\" \/>\n<meta name=\"twitter:label1\" content=\"Est. reading time\" \/>\n\t<meta name=\"twitter:data1\" content=\"1 minute\" \/>\n<script type=\"application\/ld+json\" class=\"yoast-schema-graph\">{\"@context\":\"https:\/\/schema.org\",\"@graph\":[{\"@type\":\"WebPage\",\"@id\":\"https:\/\/tammetalu.eu\/toode\/middendorffi-paevaliilia-hemerocallis-middendorffii\/\",\"url\":\"https:\/\/tammetalu.eu\/toode\/middendorffi-paevaliilia-hemerocallis-middendorffii\/\",\"name\":\"Middendorfi p\u00e4evaliilia Hemerocallis middendorffii - Tamme talu \u00fcrdiaed\",\"isPartOf\":{\"@id\":\"https:\/\/tammetalu.eu\/#website\"},\"primaryImageOfPage\":{\"@id\":\"https:\/\/tammetalu.eu\/toode\/middendorffi-paevaliilia-hemerocallis-middendorffii\/#primaryimage\"},\"image\":{\"@id\":\"https:\/\/tammetalu.eu\/toode\/middendorffi-paevaliilia-hemerocallis-middendorffii\/#primaryimage\"},\"thumbnailUrl\":\"https:\/\/tammetalu.eu\/wp-content\/uploads\/2025\/01\/Middendorffi_paevaliilia_Hemerocallis-middendorffii_tamme_talu_urdiaed.jpg\",\"datePublished\":\"2025-02-06T14:53:49+00:00\",\"dateModified\":\"2026-04-06T18:53:06+00:00\",\"description\":\"Middendorfi p\u00e4evaliilial on lineaarsed kaarekujulised lehed ja kuldkollased \u00f5ied, mis l\u00f5hnavad v\u00e4ga meeldivalt. Taim \u00f5itseb alates juunist \u00fcsna pikalt ja soodsate kasvutingimuste korral ka rikkalikult.\",\"breadcrumb\":{\"@id\":\"https:\/\/tammetalu.eu\/toode\/middendorffi-paevaliilia-hemerocallis-middendorffii\/#breadcrumb\"},\"inLanguage\":\"lv-LV\",\"potentialAction\":[{\"@type\":\"ReadAction\",\"target\":[\"https:\/\/tammetalu.eu\/toode\/middendorffi-paevaliilia-hemerocallis-middendorffii\/\"]}]},{\"@type\":\"ImageObject\",\"inLanguage\":\"lv-LV\",\"@id\":\"https:\/\/tammetalu.eu\/toode\/middendorffi-paevaliilia-hemerocallis-middendorffii\/#primaryimage\",\"url\":\"https:\/\/tammetalu.eu\/wp-content\/uploads\/2025\/01\/Middendorffi_paevaliilia_Hemerocallis-middendorffii_tamme_talu_urdiaed.jpg\",\"contentUrl\":\"https:\/\/tammetalu.eu\/wp-content\/uploads\/2025\/01\/Middendorffi_paevaliilia_Hemerocallis-middendorffii_tamme_talu_urdiaed.jpg\",\"width\":640,\"height\":480,\"caption\":\"Middendorffi_paevaliilia_Hemerocallis-middendorffii_tamme_talu_urdiaed\"},{\"@type\":\"BreadcrumbList\",\"@id\":\"https:\/\/tammetalu.eu\/toode\/middendorffi-paevaliilia-hemerocallis-middendorffii\/#breadcrumb\",\"itemListElement\":[{\"@type\":\"ListItem\",\"position\":1,\"name\":\"Home\",\"item\":\"https:\/\/tammetalu.eu\/lv\/galvena-lapa\/\"},{\"@type\":\"ListItem\",\"position\":2,\"name\":\"Shop\",\"item\":\"https:\/\/tammetalu.eu\/lv\/shop\/\"},{\"@type\":\"ListItem\",\"position\":3,\"name\":\"Middendorfi p\u00e4evaliilia Hemerocallis middendorffii\"}]},{\"@type\":\"WebSite\",\"@id\":\"https:\/\/tammetalu.eu\/#website\",\"url\":\"https:\/\/tammetalu.eu\/\",\"name\":\"Tamme talu \u00fcrdiaed\",\"description\":\"K\u00e4sit\u00f6\u00f6na valmistatud tooted \u00fcrtidest, \u00fcrdiistikud, \u00fcrtide kollektsioonaed\",\"publisher\":{\"@id\":\"https:\/\/tammetalu.eu\/#organization\"},\"alternateName\":\"Tamme talu\",\"potentialAction\":[{\"@type\":\"SearchAction\",\"target\":{\"@type\":\"EntryPoint\",\"urlTemplate\":\"https:\/\/tammetalu.eu\/?s={search_term_string}\"},\"query-input\":{\"@type\":\"PropertyValueSpecification\",\"valueRequired\":true,\"valueName\":\"search_term_string\"}}],\"inLanguage\":\"lv-LV\"},{\"@type\":\"Organization\",\"@id\":\"https:\/\/tammetalu.eu\/#organization\",\"name\":\"Tamme talu \u00fcrdiaed\",\"alternateName\":\"Tamme talu\",\"url\":\"https:\/\/tammetalu.eu\/\",\"logo\":{\"@type\":\"ImageObject\",\"inLanguage\":\"lv-LV\",\"@id\":\"https:\/\/tammetalu.eu\/#\/schema\/logo\/image\/\",\"url\":\"https:\/\/tammetalu.eu\/wp-content\/uploads\/2025\/01\/Tamme_talu_urdiaed.png\",\"contentUrl\":\"https:\/\/tammetalu.eu\/wp-content\/uploads\/2025\/01\/Tamme_talu_urdiaed.png\",\"width\":560,\"height\":560,\"caption\":\"Tamme talu \u00fcrdiaed\"},\"image\":{\"@id\":\"https:\/\/tammetalu.eu\/#\/schema\/logo\/image\/\"},\"sameAs\":[\"https:\/\/www.facebook.com\/TammeTaluUrdiaed\/?locale=et_EE\",\"https:\/\/www.instagram.com\/tammetaluurdiaed\/\"]}]}<\/script>\n<!-- \/ Yoast SEO plugin. -->","yoast_head_json":{"title":"Middendorfi p\u00e4evaliilia Hemerocallis middendorffii - Tamme talu \u00fcrdiaed","description":"Middendorfi p\u00e4evaliilial on lineaarsed kaarekujulised lehed ja kuldkollased \u00f5ied, mis l\u00f5hnavad v\u00e4ga meeldivalt. Taim \u00f5itseb alates juunist \u00fcsna pikalt ja soodsate kasvutingimuste korral ka rikkalikult.","robots":{"index":"index","follow":"follow","max-snippet":"max-snippet:-1","max-image-preview":"max-image-preview:large","max-video-preview":"max-video-preview:-1"},"canonical":"https:\/\/tammetalu.eu\/toode\/middendorffi-paevaliilia-hemerocallis-middendorffii\/","og_locale":"lv_LV","og_type":"article","og_title":"Middendorfi p\u00e4evaliilia Hemerocallis middendorffii - Tamme talu \u00fcrdiaed","og_description":"Middendorfi p\u00e4evaliilial on lineaarsed kaarekujulised lehed ja kuldkollased \u00f5ied, mis l\u00f5hnavad v\u00e4ga meeldivalt. Taim \u00f5itseb alates juunist \u00fcsna pikalt ja soodsate kasvutingimuste korral ka rikkalikult.","og_url":"https:\/\/tammetalu.eu\/toode\/middendorffi-paevaliilia-hemerocallis-middendorffii\/","og_site_name":"Tamme talu \u00fcrdiaed","article_publisher":"https:\/\/www.facebook.com\/TammeTaluUrdiaed\/?locale=et_EE","article_modified_time":"2026-04-06T18:53:06+00:00","og_image":[{"width":640,"height":480,"url":"https:\/\/tammetalu.eu\/wp-content\/uploads\/2025\/01\/Middendorffi_paevaliilia_Hemerocallis-middendorffii_tamme_talu_urdiaed.jpg","type":"image\/jpeg"}],"twitter_card":"summary_large_image","twitter_misc":{"Est. reading time":"1 minute"},"schema":{"@context":"https:\/\/schema.org","@graph":[{"@type":"WebPage","@id":"https:\/\/tammetalu.eu\/toode\/middendorffi-paevaliilia-hemerocallis-middendorffii\/","url":"https:\/\/tammetalu.eu\/toode\/middendorffi-paevaliilia-hemerocallis-middendorffii\/","name":"Middendorfi p\u00e4evaliilia Hemerocallis middendorffii - Tamme talu \u00fcrdiaed","isPartOf":{"@id":"https:\/\/tammetalu.eu\/#website"},"primaryImageOfPage":{"@id":"https:\/\/tammetalu.eu\/toode\/middendorffi-paevaliilia-hemerocallis-middendorffii\/#primaryimage"},"image":{"@id":"https:\/\/tammetalu.eu\/toode\/middendorffi-paevaliilia-hemerocallis-middendorffii\/#primaryimage"},"thumbnailUrl":"https:\/\/tammetalu.eu\/wp-content\/uploads\/2025\/01\/Middendorffi_paevaliilia_Hemerocallis-middendorffii_tamme_talu_urdiaed.jpg","datePublished":"2025-02-06T14:53:49+00:00","dateModified":"2026-04-06T18:53:06+00:00","description":"Middendorfi p\u00e4evaliilial on lineaarsed kaarekujulised lehed ja kuldkollased \u00f5ied, mis l\u00f5hnavad v\u00e4ga meeldivalt. Taim \u00f5itseb alates juunist \u00fcsna pikalt ja soodsate kasvutingimuste korral ka rikkalikult.","breadcrumb":{"@id":"https:\/\/tammetalu.eu\/toode\/middendorffi-paevaliilia-hemerocallis-middendorffii\/#breadcrumb"},"inLanguage":"lv-LV","potentialAction":[{"@type":"ReadAction","target":["https:\/\/tammetalu.eu\/toode\/middendorffi-paevaliilia-hemerocallis-middendorffii\/"]}]},{"@type":"ImageObject","inLanguage":"lv-LV","@id":"https:\/\/tammetalu.eu\/toode\/middendorffi-paevaliilia-hemerocallis-middendorffii\/#primaryimage","url":"https:\/\/tammetalu.eu\/wp-content\/uploads\/2025\/01\/Middendorffi_paevaliilia_Hemerocallis-middendorffii_tamme_talu_urdiaed.jpg","contentUrl":"https:\/\/tammetalu.eu\/wp-content\/uploads\/2025\/01\/Middendorffi_paevaliilia_Hemerocallis-middendorffii_tamme_talu_urdiaed.jpg","width":640,"height":480,"caption":"Middendorffi_paevaliilia_Hemerocallis-middendorffii_tamme_talu_urdiaed"},{"@type":"BreadcrumbList","@id":"https:\/\/tammetalu.eu\/toode\/middendorffi-paevaliilia-hemerocallis-middendorffii\/#breadcrumb","itemListElement":[{"@type":"ListItem","position":1,"name":"Home","item":"https:\/\/tammetalu.eu\/lv\/galvena-lapa\/"},{"@type":"ListItem","position":2,"name":"Shop","item":"https:\/\/tammetalu.eu\/lv\/shop\/"},{"@type":"ListItem","position":3,"name":"Middendorfi p\u00e4evaliilia Hemerocallis middendorffii"}]},{"@type":"WebSite","@id":"https:\/\/tammetalu.eu\/#website","url":"https:\/\/tammetalu.eu\/","name":"Tamme talu \u00fcrdiaed","description":"K\u00e4sit\u00f6\u00f6na valmistatud tooted \u00fcrtidest, \u00fcrdiistikud, \u00fcrtide kollektsioonaed","publisher":{"@id":"https:\/\/tammetalu.eu\/#organization"},"alternateName":"Tamme talu","potentialAction":[{"@type":"SearchAction","target":{"@type":"EntryPoint","urlTemplate":"https:\/\/tammetalu.eu\/?s={search_term_string}"},"query-input":{"@type":"PropertyValueSpecification","valueRequired":true,"valueName":"search_term_string"}}],"inLanguage":"lv-LV"},{"@type":"Organization","@id":"https:\/\/tammetalu.eu\/#organization","name":"Tamme talu \u00fcrdiaed","alternateName":"Tamme talu","url":"https:\/\/tammetalu.eu\/","logo":{"@type":"ImageObject","inLanguage":"lv-LV","@id":"https:\/\/tammetalu.eu\/#\/schema\/logo\/image\/","url":"https:\/\/tammetalu.eu\/wp-content\/uploads\/2025\/01\/Tamme_talu_urdiaed.png","contentUrl":"https:\/\/tammetalu.eu\/wp-content\/uploads\/2025\/01\/Tamme_talu_urdiaed.png","width":560,"height":560,"caption":"Tamme talu \u00fcrdiaed"},"image":{"@id":"https:\/\/tammetalu.eu\/#\/schema\/logo\/image\/"},"sameAs":["https:\/\/www.facebook.com\/TammeTaluUrdiaed\/?locale=et_EE","https:\/\/www.instagram.com\/tammetaluurdiaed\/"]}]}},"_links":{"self":[{"href":"https:\/\/tammetalu.eu\/lv\/wp-json\/wp\/v2\/product\/23208","targetHints":{"allow":["GET"]}}],"collection":[{"href":"https:\/\/tammetalu.eu\/lv\/wp-json\/wp\/v2\/product"}],"about":[{"href":"https:\/\/tammetalu.eu\/lv\/wp-json\/wp\/v2\/types\/product"}],"wp:featuredmedia":[{"embeddable":true,"href":"https:\/\/tammetalu.eu\/lv\/wp-json\/wp\/v2\/media\/23209"}],"wp:attachment":[{"href":"https:\/\/tammetalu.eu\/lv\/wp-json\/wp\/v2\/media?parent=23208"}],"wp:term":[{"taxonomy":"product_brand","embeddable":true,"href":"https:\/\/tammetalu.eu\/lv\/wp-json\/wp\/v2\/product_brand?post=23208"},{"taxonomy":"product_cat","embeddable":true,"href":"https:\/\/tammetalu.eu\/lv\/wp-json\/wp\/v2\/product_cat?post=23208"},{"taxonomy":"product_tag","embeddable":true,"href":"https:\/\/tammetalu.eu\/lv\/wp-json\/wp\/v2\/product_tag?post=23208"}],"curies":[{"name":"wp","href":"https:\/\/api.w.org\/{rel}","templated":true}]}}