{"id":23238,"date":"2025-02-04T15:42:32","date_gmt":"2025-02-04T13:42:32","guid":{"rendered":"https:\/\/tammetalu.eu\/?post_type=product&#038;p=23238"},"modified":"2026-02-02T15:14:28","modified_gmt":"2026-02-02T13:14:28","slug":"harilik-maikelluke-convallaria-majalis-bordeaux","status":"publish","type":"product","link":"https:\/\/tammetalu.eu\/lv\/toode\/harilik-maikelluke-convallaria-majalis-bordeaux\/","title":{"rendered":"Harilik maikelluke Convallaria majalis &#8220;Bordeaux&#8221;"},"content":{"rendered":"","protected":false},"excerpt":{"rendered":"<p>Suure\u00f5ieline maikelluke <em>Convallaria majalis &#8220;<\/em>Bordeaux&#8221;<\/p>\n<p>LAT: \u00a0<em>Convallaria majalis &#8220;<\/em>Bordeaux&#8221;<\/p>\n<p>ENG: \u00a0Lily of the valley &#8220;Bordeaux&#8221;<\/p>\n<p>RU: \u00a0\u041b\u0430\u043d\u0434\u044b\u0448 \u043c\u0430\u0439\u0441\u043a\u0438\u0439 &#8220;Bordeaux&#8221;<\/p>\n<p>FI: \u00a0Kielo &#8220;Bordeaux&#8221;<\/p>\n<p>Kes kujutaks ette kevadist metsaalust ilma maikellukesteta, kus imeline aroom ja nagu martsipanist vormitud v\u00e4ikesed l\u00f5hnavad \u00f5ied \u00f5rnroheliste varte otsas pilgutavad vaatajale silma. Maikellukese sordil &#8220;Bordeaux&#8221; on tugevad tumerohelised lehed ja suuremad \u00f5ied, kui teistel sortidel.<\/p>\n<p>Aias sobivad maikellukesed nii suurte puude ja p\u00f5\u00f5saste alla pinnakattetaimedeks kui k\u00f5rgemate p\u00fcsikute vahele. Maikellukesed levivad \u00fcsna j\u00f5udsalt risoomide abil ja v\u00f5ivad aja jooksul moodustada v\u00e4ga tiheda kogumikke. Lepivad tavalise aiamullaga. Maikellukesed on kevadel armastatud kimbulilled.<\/p>\n<p>Ettevaatust, maikellukesed on m\u00f5\u00f5dukalt m\u00fcrgised ja toiduks ei k\u00f5lba mitte \u00fchelgi viisil.<\/p>\n<p>Rahvameditsiinis on maikellukestest saadud abi s\u00fcdame t\u00f6\u00f6 korrastamiseks ja erinevate silmap\u00f5letike puhul. Lehtedest valmistatakse sapin\u00f5ristust soodustavaid ja spasme l\u00f5\u00f5gastavaid preparaate.<\/p>\n<p>K\u00f5rgus: kuni 0,30 m<\/p>\n<p>\u00d5itsemise aeg: V-VI<\/p>\n<p>Talvekindlus: T\u00e4iesti talvekindel<\/p>\n<p>Poti suurus: 10-12<\/p>\n","protected":false},"featured_media":0,"template":"","meta":{"_acf_changed":false,"_et_pb_use_builder":"","_et_pb_old_content":"","_et_gb_content_width":"","inline_featured_image":false},"product_brand":[],"product_cat":[186,200],"product_tag":[],"class_list":{"0":"post-23238","1":"product","2":"type-product","3":"status-publish","5":"product_cat-maitse-ja-ravimtaimede-istikud","6":"product_cat-muud-maitsetaimed","8":"first","9":"instock","10":"sale","11":"taxable","12":"shipping-taxable","13":"purchasable","14":"product-type-simple"},"acf":[],"yoast_head":"<!-- This site is optimized with the Yoast SEO plugin v26.4 - https:\/\/yoast.com\/wordpress\/plugins\/seo\/ -->\n<title>Harilik maikelluke Convallaria majalis &quot;Bordeaux&quot; - Tamme talu \u00fcrdiaed<\/title>\n<meta name=\"robots\" content=\"index, follow, max-snippet:-1, max-image-preview:large, max-video-preview:-1\" \/>\n<link rel=\"canonical\" href=\"https:\/\/tammetalu.eu\/toode\/harilik-maikelluke-convallaria-majalis-bordeaux\/\" \/>\n<meta property=\"og:locale\" content=\"lv_LV\" \/>\n<meta property=\"og:type\" content=\"article\" \/>\n<meta property=\"og:title\" content=\"Harilik maikelluke Convallaria majalis &quot;Bordeaux&quot; - Tamme talu \u00fcrdiaed\" \/>\n<meta property=\"og:description\" content=\"Suure\u00f5ieline maikelluke Convallaria majalis &quot;Bordeaux&quot;  LAT: \u00a0Convallaria majalis &quot;Bordeaux&quot;  ENG: \u00a0Lily of the valley &quot;Bordeaux&quot;  RU: \u00a0\u041b\u0430\u043d\u0434\u044b\u0448 \u043c\u0430\u0439\u0441\u043a\u0438\u0439 &quot;Bordeaux&quot;  FI: \u00a0Kielo &quot;Bordeaux&quot;  Kes kujutaks ette kevadist metsaalust ilma maikellukesteta, kus imeline aroom ja nagu martsipanist vormitud v\u00e4ikesed l\u00f5hnavad \u00f5ied \u00f5rnroheliste varte otsas pilgutavad vaatajale silma. Maikellukese sordil &quot;Bordeaux&quot; on tugevad tumerohelised lehed ja suuremad \u00f5ied, kui teistel sortidel.  Aias sobivad maikellukesed nii suurte puude ja p\u00f5\u00f5saste alla pinnakattetaimedeks kui k\u00f5rgemate p\u00fcsikute vahele. Maikellukesed levivad \u00fcsna j\u00f5udsalt risoomide abil ja v\u00f5ivad aja jooksul moodustada v\u00e4ga tiheda kogumikke. Lepivad tavalise aiamullaga. Maikellukesed on kevadel armastatud kimbulilled.  Ettevaatust, maikellukesed on m\u00f5\u00f5dukalt m\u00fcrgised ja toiduks ei k\u00f5lba mitte \u00fchelgi viisil.  Rahvameditsiinis on maikellukestest saadud abi s\u00fcdame t\u00f6\u00f6 korrastamiseks ja erinevate silmap\u00f5letike puhul. Lehtedest valmistatakse sapin\u00f5ristust soodustavaid ja spasme l\u00f5\u00f5gastavaid preparaate.  K\u00f5rgus: kuni 0,30 m  \u00d5itsemise aeg: V-VI  Talvekindlus: T\u00e4iesti talvekindel  Poti suurus: 10-12\" \/>\n<meta property=\"og:url\" content=\"https:\/\/tammetalu.eu\/toode\/harilik-maikelluke-convallaria-majalis-bordeaux\/\" \/>\n<meta property=\"og:site_name\" content=\"Tamme talu \u00fcrdiaed\" \/>\n<meta property=\"article:publisher\" content=\"https:\/\/www.facebook.com\/TammeTaluUrdiaed\/?locale=et_EE\" \/>\n<meta property=\"article:modified_time\" content=\"2026-02-02T13:14:28+00:00\" \/>\n<meta name=\"twitter:card\" content=\"summary_large_image\" \/>\n<script type=\"application\/ld+json\" class=\"yoast-schema-graph\">{\"@context\":\"https:\/\/schema.org\",\"@graph\":[{\"@type\":\"WebPage\",\"@id\":\"https:\/\/tammetalu.eu\/toode\/harilik-maikelluke-convallaria-majalis-bordeaux\/\",\"url\":\"https:\/\/tammetalu.eu\/toode\/harilik-maikelluke-convallaria-majalis-bordeaux\/\",\"name\":\"Harilik maikelluke Convallaria majalis \\\"Bordeaux\\\" - Tamme talu \u00fcrdiaed\",\"isPartOf\":{\"@id\":\"https:\/\/tammetalu.eu\/#website\"},\"datePublished\":\"2025-02-04T13:42:32+00:00\",\"dateModified\":\"2026-02-02T13:14:28+00:00\",\"breadcrumb\":{\"@id\":\"https:\/\/tammetalu.eu\/toode\/harilik-maikelluke-convallaria-majalis-bordeaux\/#breadcrumb\"},\"inLanguage\":\"lv-LV\",\"potentialAction\":[{\"@type\":\"ReadAction\",\"target\":[\"https:\/\/tammetalu.eu\/toode\/harilik-maikelluke-convallaria-majalis-bordeaux\/\"]}]},{\"@type\":\"BreadcrumbList\",\"@id\":\"https:\/\/tammetalu.eu\/toode\/harilik-maikelluke-convallaria-majalis-bordeaux\/#breadcrumb\",\"itemListElement\":[{\"@type\":\"ListItem\",\"position\":1,\"name\":\"Home\",\"item\":\"https:\/\/tammetalu.eu\/lv\/galvena-lapa\/\"},{\"@type\":\"ListItem\",\"position\":2,\"name\":\"Shop\",\"item\":\"https:\/\/tammetalu.eu\/lv\/shop\/\"},{\"@type\":\"ListItem\",\"position\":3,\"name\":\"Harilik maikelluke Convallaria majalis &#8220;Bordeaux&#8221;\"}]},{\"@type\":\"WebSite\",\"@id\":\"https:\/\/tammetalu.eu\/#website\",\"url\":\"https:\/\/tammetalu.eu\/\",\"name\":\"Tamme talu \u00fcrdiaed\",\"description\":\"K\u00e4sit\u00f6\u00f6na valmistatud tooted \u00fcrtidest, \u00fcrdiistikud, \u00fcrtide kollektsioonaed\",\"publisher\":{\"@id\":\"https:\/\/tammetalu.eu\/#organization\"},\"alternateName\":\"Tamme talu\",\"potentialAction\":[{\"@type\":\"SearchAction\",\"target\":{\"@type\":\"EntryPoint\",\"urlTemplate\":\"https:\/\/tammetalu.eu\/?s={search_term_string}\"},\"query-input\":{\"@type\":\"PropertyValueSpecification\",\"valueRequired\":true,\"valueName\":\"search_term_string\"}}],\"inLanguage\":\"lv-LV\"},{\"@type\":\"Organization\",\"@id\":\"https:\/\/tammetalu.eu\/#organization\",\"name\":\"Tamme talu \u00fcrdiaed\",\"alternateName\":\"Tamme talu\",\"url\":\"https:\/\/tammetalu.eu\/\",\"logo\":{\"@type\":\"ImageObject\",\"inLanguage\":\"lv-LV\",\"@id\":\"https:\/\/tammetalu.eu\/#\/schema\/logo\/image\/\",\"url\":\"https:\/\/tammetalu.eu\/wp-content\/uploads\/2025\/01\/Tamme_talu_urdiaed.png\",\"contentUrl\":\"https:\/\/tammetalu.eu\/wp-content\/uploads\/2025\/01\/Tamme_talu_urdiaed.png\",\"width\":560,\"height\":560,\"caption\":\"Tamme talu \u00fcrdiaed\"},\"image\":{\"@id\":\"https:\/\/tammetalu.eu\/#\/schema\/logo\/image\/\"},\"sameAs\":[\"https:\/\/www.facebook.com\/TammeTaluUrdiaed\/?locale=et_EE\",\"https:\/\/www.instagram.com\/tammetaluurdiaed\/\"]}]}<\/script>\n<!-- \/ Yoast SEO plugin. -->","yoast_head_json":{"title":"Harilik maikelluke Convallaria majalis \"Bordeaux\" - Tamme talu \u00fcrdiaed","robots":{"index":"index","follow":"follow","max-snippet":"max-snippet:-1","max-image-preview":"max-image-preview:large","max-video-preview":"max-video-preview:-1"},"canonical":"https:\/\/tammetalu.eu\/toode\/harilik-maikelluke-convallaria-majalis-bordeaux\/","og_locale":"lv_LV","og_type":"article","og_title":"Harilik maikelluke Convallaria majalis \"Bordeaux\" - Tamme talu \u00fcrdiaed","og_description":"Suure\u00f5ieline maikelluke Convallaria majalis \"Bordeaux\"  LAT: \u00a0Convallaria majalis \"Bordeaux\"  ENG: \u00a0Lily of the valley \"Bordeaux\"  RU: \u00a0\u041b\u0430\u043d\u0434\u044b\u0448 \u043c\u0430\u0439\u0441\u043a\u0438\u0439 \"Bordeaux\"  FI: \u00a0Kielo \"Bordeaux\"  Kes kujutaks ette kevadist metsaalust ilma maikellukesteta, kus imeline aroom ja nagu martsipanist vormitud v\u00e4ikesed l\u00f5hnavad \u00f5ied \u00f5rnroheliste varte otsas pilgutavad vaatajale silma. Maikellukese sordil \"Bordeaux\" on tugevad tumerohelised lehed ja suuremad \u00f5ied, kui teistel sortidel.  Aias sobivad maikellukesed nii suurte puude ja p\u00f5\u00f5saste alla pinnakattetaimedeks kui k\u00f5rgemate p\u00fcsikute vahele. Maikellukesed levivad \u00fcsna j\u00f5udsalt risoomide abil ja v\u00f5ivad aja jooksul moodustada v\u00e4ga tiheda kogumikke. Lepivad tavalise aiamullaga. Maikellukesed on kevadel armastatud kimbulilled.  Ettevaatust, maikellukesed on m\u00f5\u00f5dukalt m\u00fcrgised ja toiduks ei k\u00f5lba mitte \u00fchelgi viisil.  Rahvameditsiinis on maikellukestest saadud abi s\u00fcdame t\u00f6\u00f6 korrastamiseks ja erinevate silmap\u00f5letike puhul. Lehtedest valmistatakse sapin\u00f5ristust soodustavaid ja spasme l\u00f5\u00f5gastavaid preparaate.  K\u00f5rgus: kuni 0,30 m  \u00d5itsemise aeg: V-VI  Talvekindlus: T\u00e4iesti talvekindel  Poti suurus: 10-12","og_url":"https:\/\/tammetalu.eu\/toode\/harilik-maikelluke-convallaria-majalis-bordeaux\/","og_site_name":"Tamme talu \u00fcrdiaed","article_publisher":"https:\/\/www.facebook.com\/TammeTaluUrdiaed\/?locale=et_EE","article_modified_time":"2026-02-02T13:14:28+00:00","twitter_card":"summary_large_image","schema":{"@context":"https:\/\/schema.org","@graph":[{"@type":"WebPage","@id":"https:\/\/tammetalu.eu\/toode\/harilik-maikelluke-convallaria-majalis-bordeaux\/","url":"https:\/\/tammetalu.eu\/toode\/harilik-maikelluke-convallaria-majalis-bordeaux\/","name":"Harilik maikelluke Convallaria majalis \"Bordeaux\" - Tamme talu \u00fcrdiaed","isPartOf":{"@id":"https:\/\/tammetalu.eu\/#website"},"datePublished":"2025-02-04T13:42:32+00:00","dateModified":"2026-02-02T13:14:28+00:00","breadcrumb":{"@id":"https:\/\/tammetalu.eu\/toode\/harilik-maikelluke-convallaria-majalis-bordeaux\/#breadcrumb"},"inLanguage":"lv-LV","potentialAction":[{"@type":"ReadAction","target":["https:\/\/tammetalu.eu\/toode\/harilik-maikelluke-convallaria-majalis-bordeaux\/"]}]},{"@type":"BreadcrumbList","@id":"https:\/\/tammetalu.eu\/toode\/harilik-maikelluke-convallaria-majalis-bordeaux\/#breadcrumb","itemListElement":[{"@type":"ListItem","position":1,"name":"Home","item":"https:\/\/tammetalu.eu\/lv\/galvena-lapa\/"},{"@type":"ListItem","position":2,"name":"Shop","item":"https:\/\/tammetalu.eu\/lv\/shop\/"},{"@type":"ListItem","position":3,"name":"Harilik maikelluke Convallaria majalis &#8220;Bordeaux&#8221;"}]},{"@type":"WebSite","@id":"https:\/\/tammetalu.eu\/#website","url":"https:\/\/tammetalu.eu\/","name":"Tamme talu \u00fcrdiaed","description":"K\u00e4sit\u00f6\u00f6na valmistatud tooted \u00fcrtidest, \u00fcrdiistikud, \u00fcrtide kollektsioonaed","publisher":{"@id":"https:\/\/tammetalu.eu\/#organization"},"alternateName":"Tamme talu","potentialAction":[{"@type":"SearchAction","target":{"@type":"EntryPoint","urlTemplate":"https:\/\/tammetalu.eu\/?s={search_term_string}"},"query-input":{"@type":"PropertyValueSpecification","valueRequired":true,"valueName":"search_term_string"}}],"inLanguage":"lv-LV"},{"@type":"Organization","@id":"https:\/\/tammetalu.eu\/#organization","name":"Tamme talu \u00fcrdiaed","alternateName":"Tamme talu","url":"https:\/\/tammetalu.eu\/","logo":{"@type":"ImageObject","inLanguage":"lv-LV","@id":"https:\/\/tammetalu.eu\/#\/schema\/logo\/image\/","url":"https:\/\/tammetalu.eu\/wp-content\/uploads\/2025\/01\/Tamme_talu_urdiaed.png","contentUrl":"https:\/\/tammetalu.eu\/wp-content\/uploads\/2025\/01\/Tamme_talu_urdiaed.png","width":560,"height":560,"caption":"Tamme talu \u00fcrdiaed"},"image":{"@id":"https:\/\/tammetalu.eu\/#\/schema\/logo\/image\/"},"sameAs":["https:\/\/www.facebook.com\/TammeTaluUrdiaed\/?locale=et_EE","https:\/\/www.instagram.com\/tammetaluurdiaed\/"]}]}},"_links":{"self":[{"href":"https:\/\/tammetalu.eu\/lv\/wp-json\/wp\/v2\/product\/23238","targetHints":{"allow":["GET"]}}],"collection":[{"href":"https:\/\/tammetalu.eu\/lv\/wp-json\/wp\/v2\/product"}],"about":[{"href":"https:\/\/tammetalu.eu\/lv\/wp-json\/wp\/v2\/types\/product"}],"wp:attachment":[{"href":"https:\/\/tammetalu.eu\/lv\/wp-json\/wp\/v2\/media?parent=23238"}],"wp:term":[{"taxonomy":"product_brand","embeddable":true,"href":"https:\/\/tammetalu.eu\/lv\/wp-json\/wp\/v2\/product_brand?post=23238"},{"taxonomy":"product_cat","embeddable":true,"href":"https:\/\/tammetalu.eu\/lv\/wp-json\/wp\/v2\/product_cat?post=23238"},{"taxonomy":"product_tag","embeddable":true,"href":"https:\/\/tammetalu.eu\/lv\/wp-json\/wp\/v2\/product_tag?post=23238"}],"curies":[{"name":"wp","href":"https:\/\/api.w.org\/{rel}","templated":true}]}}