{"id":23297,"date":"2025-01-30T19:32:55","date_gmt":"2025-01-30T17:32:55","guid":{"rendered":"https:\/\/tammetalu.eu\/?post_type=product&#038;p=23297"},"modified":"2026-02-02T15:14:28","modified_gmt":"2026-02-02T13:14:28","slug":"ameerika-helmikpooris-heuchera-americana-marvelous-marble","status":"publish","type":"product","link":"https:\/\/tammetalu.eu\/lv\/toode\/ameerika-helmikpooris-heuchera-americana-marvelous-marble\/","title":{"rendered":"Ameerika helmikp\u00f6\u00f6ris Heuchera americana &#8220;Marvelous Marble&#8221;"},"content":{"rendered":"","protected":false},"excerpt":{"rendered":"<p>Ameerika helmikp\u00f6\u00f6ris Heuchera americana \u201eMarvelous Marble\u201c<\/p>\n<p>LAT: <em>Heuchera americana \u201e<\/em>Marvelous Marble<em>\u201c<\/em><\/p>\n<p>ENG: American alumroot \u201eMarvelous Marble\u201c<\/p>\n<p>RU: \u0413\u0435\u0439\u0445\u0435\u0440\u0430 \u0430\u043c\u0435\u0440\u0438\u043a\u0430\u043d\u0441\u043a\u0430\u044f \u201eMarvelous Marble\u201c<\/p>\n<p>FI: Keijunkukat \u201eMarvelous Marble\u201c<\/p>\n<p>Dekoratiivsete rohelise ja h\u00f5bekirjute lehtedega, millel v\u00e4lja joonistunud pruunikaspunased rood ja peeneraoliste roosade pitsiliste \u00f5isikutega v\u00e4ga vastupidav talihaljas p\u00fcsik nii peenrasse kui suuremasse potti. Taime k\u00f5rgus kuni 45 cm. Kasvab nii t\u00e4isp\u00e4ikeses kui varjus. Heaks kasvuks vajab parasniisket kuni niisket huumusrikast mulda. Paljundada saab jagamisega. Kirjanduse andmetel on just see helmikp\u00f6\u00f6rise sort v\u00e4ga p\u00f5uakindel ja seep\u00e4rast sobib ka liivasemale pinnasele. Lehed ei pleeku p\u00e4ikese k\u00e4es.<\/p>\n<p>Ameerika rahvameditsiinis on helmikp\u00f6\u00f6rise juurtest valmistatud pulber kasutusel kui verejooksu peatav vahend. Toimib kootavalt ja p\u00f5letikuvastaselt. Seespidiselt kasutatakse k\u00f5hulahtisuse, d\u00fcsenteeria ja maohaavandite ravis ning vere h\u00fc\u00fcbimist soodustava vahendina. On kasutatud ka v\u00e4hiravis.<\/p>\n<p>K\u00f5rgus: kuni 0,45 m<\/p>\n<p>Laius: kuni 0,60m<\/p>\n<p>\u00d5itsemise aeg: VI-VII<\/p>\n<p>Talvekindlus: V\u00e4ga hea<\/p>\n<p>Poti suurus: 9-11<\/p>\n","protected":false},"featured_media":23298,"template":"","meta":{"_acf_changed":false,"_et_pb_use_builder":"","_et_pb_old_content":"","_et_gb_content_width":"","inline_featured_image":false},"product_brand":[],"product_cat":[186,200],"product_tag":[],"class_list":{"0":"post-23297","1":"product","2":"type-product","3":"status-publish","4":"has-post-thumbnail","6":"product_cat-maitse-ja-ravimtaimede-istikud","7":"product_cat-muud-maitsetaimed","9":"first","10":"instock","11":"sale","12":"taxable","13":"shipping-taxable","14":"purchasable","15":"product-type-simple"},"acf":[],"yoast_head":"<!-- This site is optimized with the Yoast SEO plugin v26.4 - https:\/\/yoast.com\/wordpress\/plugins\/seo\/ -->\n<title>Ameerika helmikp\u00f6\u00f6ris Heuchera americana &quot;Marvelous Marble&quot; - Tamme talu \u00fcrdiaed<\/title>\n<meta name=\"robots\" content=\"index, follow, max-snippet:-1, max-image-preview:large, max-video-preview:-1\" \/>\n<link rel=\"canonical\" href=\"https:\/\/tammetalu.eu\/toode\/ameerika-helmikpooris-heuchera-americana-marvelous-marble\/\" \/>\n<meta property=\"og:locale\" content=\"lv_LV\" \/>\n<meta property=\"og:type\" content=\"article\" \/>\n<meta property=\"og:title\" content=\"Ameerika helmikp\u00f6\u00f6ris Heuchera americana &quot;Marvelous Marble&quot; - Tamme talu \u00fcrdiaed\" \/>\n<meta property=\"og:description\" content=\"Ameerika helmikp\u00f6\u00f6ris Heuchera americana \u201eMarvelous Marble\u201c  LAT: Heuchera americana \u201eMarvelous Marble\u201c  ENG: American alumroot \u201eMarvelous Marble\u201c  RU: \u0413\u0435\u0439\u0445\u0435\u0440\u0430 \u0430\u043c\u0435\u0440\u0438\u043a\u0430\u043d\u0441\u043a\u0430\u044f \u201eMarvelous Marble\u201c  FI: Keijunkukat \u201eMarvelous Marble\u201c  Dekoratiivsete rohelise ja h\u00f5bekirjute lehtedega, millel v\u00e4lja joonistunud pruunikaspunased rood ja peeneraoliste roosade pitsiliste \u00f5isikutega v\u00e4ga vastupidav talihaljas p\u00fcsik nii peenrasse kui suuremasse potti. Taime k\u00f5rgus kuni 45 cm. Kasvab nii t\u00e4isp\u00e4ikeses kui varjus. Heaks kasvuks vajab parasniisket kuni niisket huumusrikast mulda. Paljundada saab jagamisega. Kirjanduse andmetel on just see helmikp\u00f6\u00f6rise sort v\u00e4ga p\u00f5uakindel ja seep\u00e4rast sobib ka liivasemale pinnasele. Lehed ei pleeku p\u00e4ikese k\u00e4es.  Ameerika rahvameditsiinis on helmikp\u00f6\u00f6rise juurtest valmistatud pulber kasutusel kui verejooksu peatav vahend. Toimib kootavalt ja p\u00f5letikuvastaselt. Seespidiselt kasutatakse k\u00f5hulahtisuse, d\u00fcsenteeria ja maohaavandite ravis ning vere h\u00fc\u00fcbimist soodustava vahendina. On kasutatud ka v\u00e4hiravis.  K\u00f5rgus: kuni 0,45 m  Laius: kuni 0,60m  \u00d5itsemise aeg: VI-VII  Talvekindlus: V\u00e4ga hea  Poti suurus: 9-11\" \/>\n<meta property=\"og:url\" content=\"https:\/\/tammetalu.eu\/toode\/ameerika-helmikpooris-heuchera-americana-marvelous-marble\/\" \/>\n<meta property=\"og:site_name\" content=\"Tamme talu \u00fcrdiaed\" \/>\n<meta property=\"article:publisher\" content=\"https:\/\/www.facebook.com\/TammeTaluUrdiaed\/?locale=et_EE\" \/>\n<meta property=\"article:modified_time\" content=\"2026-02-02T13:14:28+00:00\" \/>\n<meta property=\"og:image\" content=\"https:\/\/tammetalu.eu\/wp-content\/uploads\/2025\/01\/Ameerika_helmikpooris_Heuchera-am.-Marvelous-Marble_tamme_talu_urdiaed.webp\" \/>\n\t<meta property=\"og:image:width\" content=\"588\" \/>\n\t<meta property=\"og:image:height\" content=\"588\" \/>\n\t<meta property=\"og:image:type\" content=\"image\/webp\" \/>\n<meta name=\"twitter:card\" content=\"summary_large_image\" \/>\n<meta name=\"twitter:label1\" content=\"Est. reading time\" \/>\n\t<meta name=\"twitter:data1\" content=\"1 minute\" \/>\n<script type=\"application\/ld+json\" class=\"yoast-schema-graph\">{\"@context\":\"https:\/\/schema.org\",\"@graph\":[{\"@type\":\"WebPage\",\"@id\":\"https:\/\/tammetalu.eu\/toode\/ameerika-helmikpooris-heuchera-americana-marvelous-marble\/\",\"url\":\"https:\/\/tammetalu.eu\/toode\/ameerika-helmikpooris-heuchera-americana-marvelous-marble\/\",\"name\":\"Ameerika helmikp\u00f6\u00f6ris Heuchera americana \\\"Marvelous Marble\\\" - Tamme talu \u00fcrdiaed\",\"isPartOf\":{\"@id\":\"https:\/\/tammetalu.eu\/#website\"},\"primaryImageOfPage\":{\"@id\":\"https:\/\/tammetalu.eu\/toode\/ameerika-helmikpooris-heuchera-americana-marvelous-marble\/#primaryimage\"},\"image\":{\"@id\":\"https:\/\/tammetalu.eu\/toode\/ameerika-helmikpooris-heuchera-americana-marvelous-marble\/#primaryimage\"},\"thumbnailUrl\":\"https:\/\/tammetalu.eu\/wp-content\/uploads\/2025\/01\/Ameerika_helmikpooris_Heuchera-am.-Marvelous-Marble_tamme_talu_urdiaed.webp\",\"datePublished\":\"2025-01-30T17:32:55+00:00\",\"dateModified\":\"2026-02-02T13:14:28+00:00\",\"breadcrumb\":{\"@id\":\"https:\/\/tammetalu.eu\/toode\/ameerika-helmikpooris-heuchera-americana-marvelous-marble\/#breadcrumb\"},\"inLanguage\":\"lv-LV\",\"potentialAction\":[{\"@type\":\"ReadAction\",\"target\":[\"https:\/\/tammetalu.eu\/toode\/ameerika-helmikpooris-heuchera-americana-marvelous-marble\/\"]}]},{\"@type\":\"ImageObject\",\"inLanguage\":\"lv-LV\",\"@id\":\"https:\/\/tammetalu.eu\/toode\/ameerika-helmikpooris-heuchera-americana-marvelous-marble\/#primaryimage\",\"url\":\"https:\/\/tammetalu.eu\/wp-content\/uploads\/2025\/01\/Ameerika_helmikpooris_Heuchera-am.-Marvelous-Marble_tamme_talu_urdiaed.webp\",\"contentUrl\":\"https:\/\/tammetalu.eu\/wp-content\/uploads\/2025\/01\/Ameerika_helmikpooris_Heuchera-am.-Marvelous-Marble_tamme_talu_urdiaed.webp\",\"width\":588,\"height\":588,\"caption\":\"Ameerika_helmikpooris_Heuchera-am.-Marvelous-Marble_tamme_talu_urdiaed\"},{\"@type\":\"BreadcrumbList\",\"@id\":\"https:\/\/tammetalu.eu\/toode\/ameerika-helmikpooris-heuchera-americana-marvelous-marble\/#breadcrumb\",\"itemListElement\":[{\"@type\":\"ListItem\",\"position\":1,\"name\":\"Home\",\"item\":\"https:\/\/tammetalu.eu\/lv\/galvena-lapa\/\"},{\"@type\":\"ListItem\",\"position\":2,\"name\":\"Shop\",\"item\":\"https:\/\/tammetalu.eu\/lv\/shop\/\"},{\"@type\":\"ListItem\",\"position\":3,\"name\":\"Ameerika helmikp\u00f6\u00f6ris Heuchera americana &#8220;Marvelous Marble&#8221;\"}]},{\"@type\":\"WebSite\",\"@id\":\"https:\/\/tammetalu.eu\/#website\",\"url\":\"https:\/\/tammetalu.eu\/\",\"name\":\"Tamme talu \u00fcrdiaed\",\"description\":\"K\u00e4sit\u00f6\u00f6na valmistatud tooted \u00fcrtidest, \u00fcrdiistikud, \u00fcrtide kollektsioonaed\",\"publisher\":{\"@id\":\"https:\/\/tammetalu.eu\/#organization\"},\"alternateName\":\"Tamme talu\",\"potentialAction\":[{\"@type\":\"SearchAction\",\"target\":{\"@type\":\"EntryPoint\",\"urlTemplate\":\"https:\/\/tammetalu.eu\/?s={search_term_string}\"},\"query-input\":{\"@type\":\"PropertyValueSpecification\",\"valueRequired\":true,\"valueName\":\"search_term_string\"}}],\"inLanguage\":\"lv-LV\"},{\"@type\":\"Organization\",\"@id\":\"https:\/\/tammetalu.eu\/#organization\",\"name\":\"Tamme talu \u00fcrdiaed\",\"alternateName\":\"Tamme talu\",\"url\":\"https:\/\/tammetalu.eu\/\",\"logo\":{\"@type\":\"ImageObject\",\"inLanguage\":\"lv-LV\",\"@id\":\"https:\/\/tammetalu.eu\/#\/schema\/logo\/image\/\",\"url\":\"https:\/\/tammetalu.eu\/wp-content\/uploads\/2025\/01\/Tamme_talu_urdiaed.png\",\"contentUrl\":\"https:\/\/tammetalu.eu\/wp-content\/uploads\/2025\/01\/Tamme_talu_urdiaed.png\",\"width\":560,\"height\":560,\"caption\":\"Tamme talu \u00fcrdiaed\"},\"image\":{\"@id\":\"https:\/\/tammetalu.eu\/#\/schema\/logo\/image\/\"},\"sameAs\":[\"https:\/\/www.facebook.com\/TammeTaluUrdiaed\/?locale=et_EE\",\"https:\/\/www.instagram.com\/tammetaluurdiaed\/\"]}]}<\/script>\n<!-- \/ Yoast SEO plugin. -->","yoast_head_json":{"title":"Ameerika helmikp\u00f6\u00f6ris Heuchera americana \"Marvelous Marble\" - Tamme talu \u00fcrdiaed","robots":{"index":"index","follow":"follow","max-snippet":"max-snippet:-1","max-image-preview":"max-image-preview:large","max-video-preview":"max-video-preview:-1"},"canonical":"https:\/\/tammetalu.eu\/toode\/ameerika-helmikpooris-heuchera-americana-marvelous-marble\/","og_locale":"lv_LV","og_type":"article","og_title":"Ameerika helmikp\u00f6\u00f6ris Heuchera americana \"Marvelous Marble\" - Tamme talu \u00fcrdiaed","og_description":"Ameerika helmikp\u00f6\u00f6ris Heuchera americana \u201eMarvelous Marble\u201c  LAT: Heuchera americana \u201eMarvelous Marble\u201c  ENG: American alumroot \u201eMarvelous Marble\u201c  RU: \u0413\u0435\u0439\u0445\u0435\u0440\u0430 \u0430\u043c\u0435\u0440\u0438\u043a\u0430\u043d\u0441\u043a\u0430\u044f \u201eMarvelous Marble\u201c  FI: Keijunkukat \u201eMarvelous Marble\u201c  Dekoratiivsete rohelise ja h\u00f5bekirjute lehtedega, millel v\u00e4lja joonistunud pruunikaspunased rood ja peeneraoliste roosade pitsiliste \u00f5isikutega v\u00e4ga vastupidav talihaljas p\u00fcsik nii peenrasse kui suuremasse potti. Taime k\u00f5rgus kuni 45 cm. Kasvab nii t\u00e4isp\u00e4ikeses kui varjus. Heaks kasvuks vajab parasniisket kuni niisket huumusrikast mulda. Paljundada saab jagamisega. Kirjanduse andmetel on just see helmikp\u00f6\u00f6rise sort v\u00e4ga p\u00f5uakindel ja seep\u00e4rast sobib ka liivasemale pinnasele. Lehed ei pleeku p\u00e4ikese k\u00e4es.  Ameerika rahvameditsiinis on helmikp\u00f6\u00f6rise juurtest valmistatud pulber kasutusel kui verejooksu peatav vahend. Toimib kootavalt ja p\u00f5letikuvastaselt. Seespidiselt kasutatakse k\u00f5hulahtisuse, d\u00fcsenteeria ja maohaavandite ravis ning vere h\u00fc\u00fcbimist soodustava vahendina. On kasutatud ka v\u00e4hiravis.  K\u00f5rgus: kuni 0,45 m  Laius: kuni 0,60m  \u00d5itsemise aeg: VI-VII  Talvekindlus: V\u00e4ga hea  Poti suurus: 9-11","og_url":"https:\/\/tammetalu.eu\/toode\/ameerika-helmikpooris-heuchera-americana-marvelous-marble\/","og_site_name":"Tamme talu \u00fcrdiaed","article_publisher":"https:\/\/www.facebook.com\/TammeTaluUrdiaed\/?locale=et_EE","article_modified_time":"2026-02-02T13:14:28+00:00","og_image":[{"width":588,"height":588,"url":"https:\/\/tammetalu.eu\/wp-content\/uploads\/2025\/01\/Ameerika_helmikpooris_Heuchera-am.-Marvelous-Marble_tamme_talu_urdiaed.webp","type":"image\/webp"}],"twitter_card":"summary_large_image","twitter_misc":{"Est. reading time":"1 minute"},"schema":{"@context":"https:\/\/schema.org","@graph":[{"@type":"WebPage","@id":"https:\/\/tammetalu.eu\/toode\/ameerika-helmikpooris-heuchera-americana-marvelous-marble\/","url":"https:\/\/tammetalu.eu\/toode\/ameerika-helmikpooris-heuchera-americana-marvelous-marble\/","name":"Ameerika helmikp\u00f6\u00f6ris Heuchera americana \"Marvelous Marble\" - Tamme talu \u00fcrdiaed","isPartOf":{"@id":"https:\/\/tammetalu.eu\/#website"},"primaryImageOfPage":{"@id":"https:\/\/tammetalu.eu\/toode\/ameerika-helmikpooris-heuchera-americana-marvelous-marble\/#primaryimage"},"image":{"@id":"https:\/\/tammetalu.eu\/toode\/ameerika-helmikpooris-heuchera-americana-marvelous-marble\/#primaryimage"},"thumbnailUrl":"https:\/\/tammetalu.eu\/wp-content\/uploads\/2025\/01\/Ameerika_helmikpooris_Heuchera-am.-Marvelous-Marble_tamme_talu_urdiaed.webp","datePublished":"2025-01-30T17:32:55+00:00","dateModified":"2026-02-02T13:14:28+00:00","breadcrumb":{"@id":"https:\/\/tammetalu.eu\/toode\/ameerika-helmikpooris-heuchera-americana-marvelous-marble\/#breadcrumb"},"inLanguage":"lv-LV","potentialAction":[{"@type":"ReadAction","target":["https:\/\/tammetalu.eu\/toode\/ameerika-helmikpooris-heuchera-americana-marvelous-marble\/"]}]},{"@type":"ImageObject","inLanguage":"lv-LV","@id":"https:\/\/tammetalu.eu\/toode\/ameerika-helmikpooris-heuchera-americana-marvelous-marble\/#primaryimage","url":"https:\/\/tammetalu.eu\/wp-content\/uploads\/2025\/01\/Ameerika_helmikpooris_Heuchera-am.-Marvelous-Marble_tamme_talu_urdiaed.webp","contentUrl":"https:\/\/tammetalu.eu\/wp-content\/uploads\/2025\/01\/Ameerika_helmikpooris_Heuchera-am.-Marvelous-Marble_tamme_talu_urdiaed.webp","width":588,"height":588,"caption":"Ameerika_helmikpooris_Heuchera-am.-Marvelous-Marble_tamme_talu_urdiaed"},{"@type":"BreadcrumbList","@id":"https:\/\/tammetalu.eu\/toode\/ameerika-helmikpooris-heuchera-americana-marvelous-marble\/#breadcrumb","itemListElement":[{"@type":"ListItem","position":1,"name":"Home","item":"https:\/\/tammetalu.eu\/lv\/galvena-lapa\/"},{"@type":"ListItem","position":2,"name":"Shop","item":"https:\/\/tammetalu.eu\/lv\/shop\/"},{"@type":"ListItem","position":3,"name":"Ameerika helmikp\u00f6\u00f6ris Heuchera americana &#8220;Marvelous Marble&#8221;"}]},{"@type":"WebSite","@id":"https:\/\/tammetalu.eu\/#website","url":"https:\/\/tammetalu.eu\/","name":"Tamme talu \u00fcrdiaed","description":"K\u00e4sit\u00f6\u00f6na valmistatud tooted \u00fcrtidest, \u00fcrdiistikud, \u00fcrtide kollektsioonaed","publisher":{"@id":"https:\/\/tammetalu.eu\/#organization"},"alternateName":"Tamme talu","potentialAction":[{"@type":"SearchAction","target":{"@type":"EntryPoint","urlTemplate":"https:\/\/tammetalu.eu\/?s={search_term_string}"},"query-input":{"@type":"PropertyValueSpecification","valueRequired":true,"valueName":"search_term_string"}}],"inLanguage":"lv-LV"},{"@type":"Organization","@id":"https:\/\/tammetalu.eu\/#organization","name":"Tamme talu \u00fcrdiaed","alternateName":"Tamme talu","url":"https:\/\/tammetalu.eu\/","logo":{"@type":"ImageObject","inLanguage":"lv-LV","@id":"https:\/\/tammetalu.eu\/#\/schema\/logo\/image\/","url":"https:\/\/tammetalu.eu\/wp-content\/uploads\/2025\/01\/Tamme_talu_urdiaed.png","contentUrl":"https:\/\/tammetalu.eu\/wp-content\/uploads\/2025\/01\/Tamme_talu_urdiaed.png","width":560,"height":560,"caption":"Tamme talu \u00fcrdiaed"},"image":{"@id":"https:\/\/tammetalu.eu\/#\/schema\/logo\/image\/"},"sameAs":["https:\/\/www.facebook.com\/TammeTaluUrdiaed\/?locale=et_EE","https:\/\/www.instagram.com\/tammetaluurdiaed\/"]}]}},"_links":{"self":[{"href":"https:\/\/tammetalu.eu\/lv\/wp-json\/wp\/v2\/product\/23297","targetHints":{"allow":["GET"]}}],"collection":[{"href":"https:\/\/tammetalu.eu\/lv\/wp-json\/wp\/v2\/product"}],"about":[{"href":"https:\/\/tammetalu.eu\/lv\/wp-json\/wp\/v2\/types\/product"}],"wp:featuredmedia":[{"embeddable":true,"href":"https:\/\/tammetalu.eu\/lv\/wp-json\/wp\/v2\/media\/23298"}],"wp:attachment":[{"href":"https:\/\/tammetalu.eu\/lv\/wp-json\/wp\/v2\/media?parent=23297"}],"wp:term":[{"taxonomy":"product_brand","embeddable":true,"href":"https:\/\/tammetalu.eu\/lv\/wp-json\/wp\/v2\/product_brand?post=23297"},{"taxonomy":"product_cat","embeddable":true,"href":"https:\/\/tammetalu.eu\/lv\/wp-json\/wp\/v2\/product_cat?post=23297"},{"taxonomy":"product_tag","embeddable":true,"href":"https:\/\/tammetalu.eu\/lv\/wp-json\/wp\/v2\/product_tag?post=23297"}],"curies":[{"name":"wp","href":"https:\/\/api.w.org\/{rel}","templated":true}]}}