{"id":23423,"date":"2025-02-04T15:59:09","date_gmt":"2025-02-04T13:59:09","guid":{"rendered":"https:\/\/tammetalu.eu\/?post_type=product&#038;p=23423"},"modified":"2026-05-04T15:14:33","modified_gmt":"2026-05-04T12:14:33","slug":"vaikeselehine-salvei-salvia-microphylla-papajan","status":"publish","type":"product","link":"https:\/\/tammetalu.eu\/lv\/toode\/vaikeselehine-salvei-salvia-microphylla-papajan\/","title":{"rendered":"V\u00e4ikeselehine salvei Salvia microphylla &#8220;Papajan&#8221;"},"content":{"rendered":"","protected":false},"excerpt":{"rendered":"<p>LAT:\u00a0 <em>Salvia microphylla<\/em> &#8220;Papajan&#8221;<\/p>\n<p>ENG:\u00a0 Baby sage &#8220;Papajan&#8221;<\/p>\n<p>RU:\u00a0 \u0428\u0430\u043b\u0444\u0435\u0439 &#8220;Papajan&#8221;<\/p>\n<p>FI: \u00a0Keijunsalvia &#8220;Papajan&#8221;<\/p>\n<p>Vastupidav ja v\u00e4hen\u00f5udlik \u201cPapajan\u201d on tumeroheliste ovaalsete lehtedega ja silmapaisvalt kaunite l\u00f5heroosade \u00f5itega v\u00e4ikeselehise salvei sort. Lisaks on taimel v\u00e4ga aromaatselt v\u00fcrtsikad musts\u00f5stra l\u00f5hnalised lehed.\u00a0 Taim on t\u00f5eline p\u00e4ikeses\u00f5ber, mida rohkem p\u00e4ikest, seda rikkalikumalt \u00f5itseb kogu hooaja alates juunist kuni s\u00fcgisk\u00fclmadeni.\u00a0 Kahjuks ei ole see salvei liik meie kliimatsoonis peenral kasvades k\u00fclmakindel, kuid oma v\u00e4hen\u00f5udlikkuse t\u00f5ttu sobib suurep\u00e4raselt potitaimena kasvatamiseks nii terrassi- kui r\u00f5dutaimena, kuna siis p\u00e4\u00e4seb taime ilu ja \u00fcllatav l\u00f5hn eriti esile.<\/p>\n<p>V\u00e4ikeselehised salveid vajavad j\u00f5udsaks kasvuks kuivemapoolset kuni parasniisket h\u00e4sti vett l\u00e4bi laskvat aiamulda ja t\u00e4isp\u00e4ikest, kuid lepivad ka poolvarjulise kasvukohaga. Talub katmata kuni -10\u00b0C, lumikatte all kuni -15\u00b0C.<\/p>\n<p>Olen oma pottides kasvavaid taimi v\u00e4ga edukalt \u00fcle talve hoidnud kuivas k\u00fctteta kasvuhoones.\u00a0 S\u00fcgisel v\u00f5ib katsetada taime edasi kasvatada ka jahedas siseruumis. Kevadel enne kasvu alustamist soovitan taimed noorendada tugeva tagasil\u00f5ikamisega, see soodustab \u00fchtlasi taimede hilisemat tihedamat kasvu ja rohket \u00f5itsemist.<\/p>\n<p>Musts\u00f5stra l\u00f5hnalised lehed ja \u00f5ied sobivad teeks ja toitude kaunistamiseks ning maitsestamiseks. V\u00e4ikeselehise salvei lehtedest valmistatud teed nimetatakse &#8216;mirot de montes&#8217;.<\/p>\n<p>V\u00e4ikeselehisel salveil ei ole kirjanduse andmetel m\u00e4rkimisv\u00e4\u00e4rseid raviomadusi, kuid taime kasutatakse siiski laialdaselt Mehhiko traditsioonilises meditsiinis, eriti infusioonide v\u00f5i keedustena, seede- ja suuprobleemide raviks\u00a0 v\u00f5i verer\u00f5hu alandamiseks ja keskn\u00e4rvis\u00fcsteemi \u00e4revush\u00e4irete vastu v\u00f5itlemiseks ja unetuse korral.<\/p>\n<p>K\u00f5rgus: kuni 0,6 m<\/p>\n<p>\u00d5itsemise aeg: VI-X<\/p>\n<p>Talvekindlus: ei ole talvekindel<\/p>\n<p>Poti suurus: 10-12<\/p>\n","protected":false},"featured_media":23429,"template":"","meta":{"_acf_changed":false,"_et_pb_use_builder":"","_et_pb_old_content":"","_et_gb_content_width":"","inline_featured_image":false},"product_brand":[],"product_cat":[186,196],"product_tag":[],"class_list":{"0":"post-23423","1":"product","2":"type-product","3":"status-publish","4":"has-post-thumbnail","6":"product_cat-maitse-ja-ravimtaimede-istikud","7":"product_cat-salveid","9":"first","10":"outofstock","11":"taxable","12":"shipping-taxable","13":"purchasable","14":"product-type-simple"},"acf":[],"yoast_head":"<!-- This site is optimized with the Yoast SEO plugin v27.5 - https:\/\/yoast.com\/product\/yoast-seo-wordpress\/ -->\n<title>V\u00e4ikeselehine salvei Salvia microphylla &quot;Papajan&quot; - Tamme talu \u00fcrdiaed<\/title>\n<meta name=\"robots\" content=\"index, follow, max-snippet:-1, max-image-preview:large, max-video-preview:-1\" \/>\n<link rel=\"canonical\" href=\"https:\/\/tammetalu.eu\/toode\/vaikeselehine-salvei-salvia-microphylla-papajan\/\" \/>\n<meta property=\"og:locale\" content=\"lv_LV\" \/>\n<meta property=\"og:type\" content=\"article\" \/>\n<meta property=\"og:title\" content=\"V\u00e4ikeselehine salvei Salvia microphylla &quot;Papajan&quot; - Tamme talu \u00fcrdiaed\" \/>\n<meta property=\"og:description\" content=\"LAT:\u00a0 Salvia microphylla &quot;Papajan&quot;  ENG:\u00a0 Baby sage &quot;Papajan&quot;  RU:\u00a0 \u0428\u0430\u043b\u0444\u0435\u0439 &quot;Papajan&quot;  FI: \u00a0Keijunsalvia &quot;Papajan&quot;  Vastupidav ja v\u00e4hen\u00f5udlik \u201cPapajan\u201d on tumeroheliste ovaalsete lehtedega ja silmapaisvalt kaunite l\u00f5heroosade \u00f5itega v\u00e4ikeselehise salvei sort. Lisaks on taimel v\u00e4ga aromaatselt v\u00fcrtsikad musts\u00f5stra l\u00f5hnalised lehed.\u00a0 Taim on t\u00f5eline p\u00e4ikeses\u00f5ber, mida rohkem p\u00e4ikest, seda rikkalikumalt \u00f5itseb kogu hooaja alates juunist kuni s\u00fcgisk\u00fclmadeni.\u00a0 Kahjuks ei ole see salvei liik meie kliimatsoonis peenral kasvades k\u00fclmakindel, kuid oma v\u00e4hen\u00f5udlikkuse t\u00f5ttu sobib suurep\u00e4raselt potitaimena kasvatamiseks nii terrassi- kui r\u00f5dutaimena, kuna siis p\u00e4\u00e4seb taime ilu ja \u00fcllatav l\u00f5hn eriti esile.  V\u00e4ikeselehised salveid vajavad j\u00f5udsaks kasvuks kuivemapoolset kuni parasniisket h\u00e4sti vett l\u00e4bi laskvat aiamulda ja t\u00e4isp\u00e4ikest, kuid lepivad ka poolvarjulise kasvukohaga. Talub katmata kuni -10\u00b0C, lumikatte all kuni -15\u00b0C.  Olen oma pottides kasvavaid taimi v\u00e4ga edukalt \u00fcle talve hoidnud kuivas k\u00fctteta kasvuhoones.\u00a0 S\u00fcgisel v\u00f5ib katsetada taime edasi kasvatada ka jahedas siseruumis. Kevadel enne kasvu alustamist soovitan taimed noorendada tugeva tagasil\u00f5ikamisega, see soodustab \u00fchtlasi taimede hilisemat tihedamat kasvu ja rohket \u00f5itsemist.  Musts\u00f5stra l\u00f5hnalised lehed ja \u00f5ied sobivad teeks ja toitude kaunistamiseks ning maitsestamiseks. V\u00e4ikeselehise salvei lehtedest valmistatud teed nimetatakse &#039;mirot de montes&#039;.  V\u00e4ikeselehisel salveil ei ole kirjanduse andmetel m\u00e4rkimisv\u00e4\u00e4rseid raviomadusi, kuid taime kasutatakse siiski laialdaselt Mehhiko traditsioonilises meditsiinis, eriti infusioonide v\u00f5i keedustena, seede- ja suuprobleemide raviks\u00a0 v\u00f5i verer\u00f5hu alandamiseks ja keskn\u00e4rvis\u00fcsteemi \u00e4revush\u00e4irete vastu v\u00f5itlemiseks ja unetuse korral.  K\u00f5rgus: kuni 0,6 m  \u00d5itsemise aeg: VI-X  Talvekindlus: ei ole talvekindel  Poti suurus: 10-12\" \/>\n<meta property=\"og:url\" content=\"https:\/\/tammetalu.eu\/toode\/vaikeselehine-salvei-salvia-microphylla-papajan\/\" \/>\n<meta property=\"og:site_name\" content=\"Tamme talu \u00fcrdiaed\" \/>\n<meta property=\"article:publisher\" content=\"https:\/\/www.facebook.com\/TammeTaluUrdiaed\/?locale=et_EE\" \/>\n<meta property=\"article:modified_time\" content=\"2026-05-04T12:14:33+00:00\" \/>\n<meta property=\"og:image\" content=\"https:\/\/tammetalu.eu\/wp-content\/uploads\/2025\/01\/Vaikeselehine_salvei_Salvia_microphylla_Papajan_tamme_talu_urdiaed1.jpg\" \/>\n\t<meta property=\"og:image:width\" content=\"820\" \/>\n\t<meta property=\"og:image:height\" content=\"820\" \/>\n\t<meta property=\"og:image:type\" content=\"image\/jpeg\" \/>\n<meta name=\"twitter:card\" content=\"summary_large_image\" \/>\n<meta name=\"twitter:label1\" content=\"Est. reading time\" \/>\n\t<meta name=\"twitter:data1\" content=\"1 minute\" \/>\n<script type=\"application\/ld+json\" class=\"yoast-schema-graph\">{\"@context\":\"https:\\\/\\\/schema.org\",\"@graph\":[{\"@type\":\"WebPage\",\"@id\":\"https:\\\/\\\/tammetalu.eu\\\/toode\\\/vaikeselehine-salvei-salvia-microphylla-papajan\\\/\",\"url\":\"https:\\\/\\\/tammetalu.eu\\\/toode\\\/vaikeselehine-salvei-salvia-microphylla-papajan\\\/\",\"name\":\"V\u00e4ikeselehine salvei Salvia microphylla \\\"Papajan\\\" - Tamme talu \u00fcrdiaed\",\"isPartOf\":{\"@id\":\"https:\\\/\\\/tammetalu.eu\\\/#website\"},\"primaryImageOfPage\":{\"@id\":\"https:\\\/\\\/tammetalu.eu\\\/toode\\\/vaikeselehine-salvei-salvia-microphylla-papajan\\\/#primaryimage\"},\"image\":{\"@id\":\"https:\\\/\\\/tammetalu.eu\\\/toode\\\/vaikeselehine-salvei-salvia-microphylla-papajan\\\/#primaryimage\"},\"thumbnailUrl\":\"https:\\\/\\\/tammetalu.eu\\\/wp-content\\\/uploads\\\/2025\\\/01\\\/Vaikeselehine_salvei_Salvia_microphylla_Papajan_tamme_talu_urdiaed1.jpg\",\"datePublished\":\"2025-02-04T13:59:09+00:00\",\"dateModified\":\"2026-05-04T12:14:33+00:00\",\"breadcrumb\":{\"@id\":\"https:\\\/\\\/tammetalu.eu\\\/toode\\\/vaikeselehine-salvei-salvia-microphylla-papajan\\\/#breadcrumb\"},\"inLanguage\":\"lv-LV\",\"potentialAction\":[{\"@type\":\"ReadAction\",\"target\":[\"https:\\\/\\\/tammetalu.eu\\\/toode\\\/vaikeselehine-salvei-salvia-microphylla-papajan\\\/\"]}]},{\"@type\":\"ImageObject\",\"inLanguage\":\"lv-LV\",\"@id\":\"https:\\\/\\\/tammetalu.eu\\\/toode\\\/vaikeselehine-salvei-salvia-microphylla-papajan\\\/#primaryimage\",\"url\":\"https:\\\/\\\/tammetalu.eu\\\/wp-content\\\/uploads\\\/2025\\\/01\\\/Vaikeselehine_salvei_Salvia_microphylla_Papajan_tamme_talu_urdiaed1.jpg\",\"contentUrl\":\"https:\\\/\\\/tammetalu.eu\\\/wp-content\\\/uploads\\\/2025\\\/01\\\/Vaikeselehine_salvei_Salvia_microphylla_Papajan_tamme_talu_urdiaed1.jpg\",\"width\":820,\"height\":820,\"caption\":\"Vaikeselehine_salvei_Salvia_microphylla_Papajan_tamme_talu_urdiaed\"},{\"@type\":\"BreadcrumbList\",\"@id\":\"https:\\\/\\\/tammetalu.eu\\\/toode\\\/vaikeselehine-salvei-salvia-microphylla-papajan\\\/#breadcrumb\",\"itemListElement\":[{\"@type\":\"ListItem\",\"position\":1,\"name\":\"Home\",\"item\":\"https:\\\/\\\/tammetalu.eu\\\/lv\\\/galvena-lapa\\\/\"},{\"@type\":\"ListItem\",\"position\":2,\"name\":\"Shop\",\"item\":\"https:\\\/\\\/tammetalu.eu\\\/lv\\\/shop\\\/\"},{\"@type\":\"ListItem\",\"position\":3,\"name\":\"V\u00e4ikeselehine salvei Salvia microphylla &#8220;Papajan&#8221;\"}]},{\"@type\":\"WebSite\",\"@id\":\"https:\\\/\\\/tammetalu.eu\\\/#website\",\"url\":\"https:\\\/\\\/tammetalu.eu\\\/\",\"name\":\"Tamme talu \u00fcrdiaed\",\"description\":\"K\u00e4sit\u00f6\u00f6na valmistatud tooted \u00fcrtidest, \u00fcrdiistikud, \u00fcrtide kollektsioonaed\",\"publisher\":{\"@id\":\"https:\\\/\\\/tammetalu.eu\\\/#organization\"},\"alternateName\":\"Tamme talu\",\"potentialAction\":[{\"@type\":\"SearchAction\",\"target\":{\"@type\":\"EntryPoint\",\"urlTemplate\":\"https:\\\/\\\/tammetalu.eu\\\/?s={search_term_string}\"},\"query-input\":{\"@type\":\"PropertyValueSpecification\",\"valueRequired\":true,\"valueName\":\"search_term_string\"}}],\"inLanguage\":\"lv-LV\"},{\"@type\":\"Organization\",\"@id\":\"https:\\\/\\\/tammetalu.eu\\\/#organization\",\"name\":\"Tamme talu \u00fcrdiaed\",\"alternateName\":\"Tamme talu\",\"url\":\"https:\\\/\\\/tammetalu.eu\\\/\",\"logo\":{\"@type\":\"ImageObject\",\"inLanguage\":\"lv-LV\",\"@id\":\"https:\\\/\\\/tammetalu.eu\\\/#\\\/schema\\\/logo\\\/image\\\/\",\"url\":\"https:\\\/\\\/tammetalu.eu\\\/wp-content\\\/uploads\\\/2025\\\/01\\\/Tamme_talu_urdiaed.png\",\"contentUrl\":\"https:\\\/\\\/tammetalu.eu\\\/wp-content\\\/uploads\\\/2025\\\/01\\\/Tamme_talu_urdiaed.png\",\"width\":560,\"height\":560,\"caption\":\"Tamme talu \u00fcrdiaed\"},\"image\":{\"@id\":\"https:\\\/\\\/tammetalu.eu\\\/#\\\/schema\\\/logo\\\/image\\\/\"},\"sameAs\":[\"https:\\\/\\\/www.facebook.com\\\/TammeTaluUrdiaed\\\/?locale=et_EE\",\"https:\\\/\\\/www.instagram.com\\\/tammetaluurdiaed\\\/\"]}]}<\/script>\n<!-- \/ Yoast SEO plugin. -->","yoast_head_json":{"title":"V\u00e4ikeselehine salvei Salvia microphylla \"Papajan\" - Tamme talu \u00fcrdiaed","robots":{"index":"index","follow":"follow","max-snippet":"max-snippet:-1","max-image-preview":"max-image-preview:large","max-video-preview":"max-video-preview:-1"},"canonical":"https:\/\/tammetalu.eu\/toode\/vaikeselehine-salvei-salvia-microphylla-papajan\/","og_locale":"lv_LV","og_type":"article","og_title":"V\u00e4ikeselehine salvei Salvia microphylla \"Papajan\" - Tamme talu \u00fcrdiaed","og_description":"LAT:\u00a0 Salvia microphylla \"Papajan\"  ENG:\u00a0 Baby sage \"Papajan\"  RU:\u00a0 \u0428\u0430\u043b\u0444\u0435\u0439 \"Papajan\"  FI: \u00a0Keijunsalvia \"Papajan\"  Vastupidav ja v\u00e4hen\u00f5udlik \u201cPapajan\u201d on tumeroheliste ovaalsete lehtedega ja silmapaisvalt kaunite l\u00f5heroosade \u00f5itega v\u00e4ikeselehise salvei sort. Lisaks on taimel v\u00e4ga aromaatselt v\u00fcrtsikad musts\u00f5stra l\u00f5hnalised lehed.\u00a0 Taim on t\u00f5eline p\u00e4ikeses\u00f5ber, mida rohkem p\u00e4ikest, seda rikkalikumalt \u00f5itseb kogu hooaja alates juunist kuni s\u00fcgisk\u00fclmadeni.\u00a0 Kahjuks ei ole see salvei liik meie kliimatsoonis peenral kasvades k\u00fclmakindel, kuid oma v\u00e4hen\u00f5udlikkuse t\u00f5ttu sobib suurep\u00e4raselt potitaimena kasvatamiseks nii terrassi- kui r\u00f5dutaimena, kuna siis p\u00e4\u00e4seb taime ilu ja \u00fcllatav l\u00f5hn eriti esile.  V\u00e4ikeselehised salveid vajavad j\u00f5udsaks kasvuks kuivemapoolset kuni parasniisket h\u00e4sti vett l\u00e4bi laskvat aiamulda ja t\u00e4isp\u00e4ikest, kuid lepivad ka poolvarjulise kasvukohaga. Talub katmata kuni -10\u00b0C, lumikatte all kuni -15\u00b0C.  Olen oma pottides kasvavaid taimi v\u00e4ga edukalt \u00fcle talve hoidnud kuivas k\u00fctteta kasvuhoones.\u00a0 S\u00fcgisel v\u00f5ib katsetada taime edasi kasvatada ka jahedas siseruumis. Kevadel enne kasvu alustamist soovitan taimed noorendada tugeva tagasil\u00f5ikamisega, see soodustab \u00fchtlasi taimede hilisemat tihedamat kasvu ja rohket \u00f5itsemist.  Musts\u00f5stra l\u00f5hnalised lehed ja \u00f5ied sobivad teeks ja toitude kaunistamiseks ning maitsestamiseks. V\u00e4ikeselehise salvei lehtedest valmistatud teed nimetatakse 'mirot de montes'.  V\u00e4ikeselehisel salveil ei ole kirjanduse andmetel m\u00e4rkimisv\u00e4\u00e4rseid raviomadusi, kuid taime kasutatakse siiski laialdaselt Mehhiko traditsioonilises meditsiinis, eriti infusioonide v\u00f5i keedustena, seede- ja suuprobleemide raviks\u00a0 v\u00f5i verer\u00f5hu alandamiseks ja keskn\u00e4rvis\u00fcsteemi \u00e4revush\u00e4irete vastu v\u00f5itlemiseks ja unetuse korral.  K\u00f5rgus: kuni 0,6 m  \u00d5itsemise aeg: VI-X  Talvekindlus: ei ole talvekindel  Poti suurus: 10-12","og_url":"https:\/\/tammetalu.eu\/toode\/vaikeselehine-salvei-salvia-microphylla-papajan\/","og_site_name":"Tamme talu \u00fcrdiaed","article_publisher":"https:\/\/www.facebook.com\/TammeTaluUrdiaed\/?locale=et_EE","article_modified_time":"2026-05-04T12:14:33+00:00","og_image":[{"width":820,"height":820,"url":"https:\/\/tammetalu.eu\/wp-content\/uploads\/2025\/01\/Vaikeselehine_salvei_Salvia_microphylla_Papajan_tamme_talu_urdiaed1.jpg","type":"image\/jpeg"}],"twitter_card":"summary_large_image","twitter_misc":{"Est. reading time":"1 minute"},"schema":{"@context":"https:\/\/schema.org","@graph":[{"@type":"WebPage","@id":"https:\/\/tammetalu.eu\/toode\/vaikeselehine-salvei-salvia-microphylla-papajan\/","url":"https:\/\/tammetalu.eu\/toode\/vaikeselehine-salvei-salvia-microphylla-papajan\/","name":"V\u00e4ikeselehine salvei Salvia microphylla \"Papajan\" - Tamme talu \u00fcrdiaed","isPartOf":{"@id":"https:\/\/tammetalu.eu\/#website"},"primaryImageOfPage":{"@id":"https:\/\/tammetalu.eu\/toode\/vaikeselehine-salvei-salvia-microphylla-papajan\/#primaryimage"},"image":{"@id":"https:\/\/tammetalu.eu\/toode\/vaikeselehine-salvei-salvia-microphylla-papajan\/#primaryimage"},"thumbnailUrl":"https:\/\/tammetalu.eu\/wp-content\/uploads\/2025\/01\/Vaikeselehine_salvei_Salvia_microphylla_Papajan_tamme_talu_urdiaed1.jpg","datePublished":"2025-02-04T13:59:09+00:00","dateModified":"2026-05-04T12:14:33+00:00","breadcrumb":{"@id":"https:\/\/tammetalu.eu\/toode\/vaikeselehine-salvei-salvia-microphylla-papajan\/#breadcrumb"},"inLanguage":"lv-LV","potentialAction":[{"@type":"ReadAction","target":["https:\/\/tammetalu.eu\/toode\/vaikeselehine-salvei-salvia-microphylla-papajan\/"]}]},{"@type":"ImageObject","inLanguage":"lv-LV","@id":"https:\/\/tammetalu.eu\/toode\/vaikeselehine-salvei-salvia-microphylla-papajan\/#primaryimage","url":"https:\/\/tammetalu.eu\/wp-content\/uploads\/2025\/01\/Vaikeselehine_salvei_Salvia_microphylla_Papajan_tamme_talu_urdiaed1.jpg","contentUrl":"https:\/\/tammetalu.eu\/wp-content\/uploads\/2025\/01\/Vaikeselehine_salvei_Salvia_microphylla_Papajan_tamme_talu_urdiaed1.jpg","width":820,"height":820,"caption":"Vaikeselehine_salvei_Salvia_microphylla_Papajan_tamme_talu_urdiaed"},{"@type":"BreadcrumbList","@id":"https:\/\/tammetalu.eu\/toode\/vaikeselehine-salvei-salvia-microphylla-papajan\/#breadcrumb","itemListElement":[{"@type":"ListItem","position":1,"name":"Home","item":"https:\/\/tammetalu.eu\/lv\/galvena-lapa\/"},{"@type":"ListItem","position":2,"name":"Shop","item":"https:\/\/tammetalu.eu\/lv\/shop\/"},{"@type":"ListItem","position":3,"name":"V\u00e4ikeselehine salvei Salvia microphylla &#8220;Papajan&#8221;"}]},{"@type":"WebSite","@id":"https:\/\/tammetalu.eu\/#website","url":"https:\/\/tammetalu.eu\/","name":"Tamme talu \u00fcrdiaed","description":"K\u00e4sit\u00f6\u00f6na valmistatud tooted \u00fcrtidest, \u00fcrdiistikud, \u00fcrtide kollektsioonaed","publisher":{"@id":"https:\/\/tammetalu.eu\/#organization"},"alternateName":"Tamme talu","potentialAction":[{"@type":"SearchAction","target":{"@type":"EntryPoint","urlTemplate":"https:\/\/tammetalu.eu\/?s={search_term_string}"},"query-input":{"@type":"PropertyValueSpecification","valueRequired":true,"valueName":"search_term_string"}}],"inLanguage":"lv-LV"},{"@type":"Organization","@id":"https:\/\/tammetalu.eu\/#organization","name":"Tamme talu \u00fcrdiaed","alternateName":"Tamme talu","url":"https:\/\/tammetalu.eu\/","logo":{"@type":"ImageObject","inLanguage":"lv-LV","@id":"https:\/\/tammetalu.eu\/#\/schema\/logo\/image\/","url":"https:\/\/tammetalu.eu\/wp-content\/uploads\/2025\/01\/Tamme_talu_urdiaed.png","contentUrl":"https:\/\/tammetalu.eu\/wp-content\/uploads\/2025\/01\/Tamme_talu_urdiaed.png","width":560,"height":560,"caption":"Tamme talu \u00fcrdiaed"},"image":{"@id":"https:\/\/tammetalu.eu\/#\/schema\/logo\/image\/"},"sameAs":["https:\/\/www.facebook.com\/TammeTaluUrdiaed\/?locale=et_EE","https:\/\/www.instagram.com\/tammetaluurdiaed\/"]}]}},"_links":{"self":[{"href":"https:\/\/tammetalu.eu\/lv\/wp-json\/wp\/v2\/product\/23423","targetHints":{"allow":["GET"]}}],"collection":[{"href":"https:\/\/tammetalu.eu\/lv\/wp-json\/wp\/v2\/product"}],"about":[{"href":"https:\/\/tammetalu.eu\/lv\/wp-json\/wp\/v2\/types\/product"}],"wp:featuredmedia":[{"embeddable":true,"href":"https:\/\/tammetalu.eu\/lv\/wp-json\/wp\/v2\/media\/23429"}],"wp:attachment":[{"href":"https:\/\/tammetalu.eu\/lv\/wp-json\/wp\/v2\/media?parent=23423"}],"wp:term":[{"taxonomy":"product_brand","embeddable":true,"href":"https:\/\/tammetalu.eu\/lv\/wp-json\/wp\/v2\/product_brand?post=23423"},{"taxonomy":"product_cat","embeddable":true,"href":"https:\/\/tammetalu.eu\/lv\/wp-json\/wp\/v2\/product_cat?post=23423"},{"taxonomy":"product_tag","embeddable":true,"href":"https:\/\/tammetalu.eu\/lv\/wp-json\/wp\/v2\/product_tag?post=23423"}],"curies":[{"name":"wp","href":"https:\/\/api.w.org\/{rel}","templated":true}]}}