{"id":23580,"date":"2025-01-31T15:06:34","date_gmt":"2025-01-31T13:06:34","guid":{"rendered":"https:\/\/tammetalu.eu\/?post_type=product&#038;p=23580"},"modified":"2026-02-02T15:14:24","modified_gmt":"2026-02-02T13:14:24","slug":"luuderohi-hedera-helix-green-wonder","status":"publish","type":"product","link":"https:\/\/tammetalu.eu\/lv\/toode\/luuderohi-hedera-helix-green-wonder\/","title":{"rendered":"Luuderohi Hedera helix &#8220;Green Wonder&#8221;"},"content":{"rendered":"","protected":false},"excerpt":{"rendered":"<p>Luuderohi <em>Hedera helix<\/em> \u201eGreen Wonder\u201c<\/p>\n<p>LAT: \u00a0<em>Hedera helix <\/em>\u201eGreen Wonder\u201c<\/p>\n<p>ENG: \u00a0English ivy \u201eGreen Wonder\u201c<\/p>\n<p>RU: \u00a0\u041f\u043b\u044e\u0449 \u043e\u0431\u044b\u043a\u043d\u043e\u0432\u0435\u043d\u043d\u044b\u0439 \u201eGreen Wonder\u201c<\/p>\n<p>FI: \u00a0Euroopanmuratti \u201eGreen Wonder\u201c<\/p>\n<p>Igihaljal luuderohu sordil \u201eGreen Wonder\u201c on l\u00e4ikivad rohelised lehed. \u00a0Luuderohi on k\u00fcllalt aeglase kasvuga rippuv v\u00f5i roniv v\u00e4ga v\u00e4hen\u00f5udlik taim, mida saab kasvatada toataimena, aiavaasides, konteinerites ja peenras, kus sobivates oludes v\u00f5i talvekatte all ka talvitub. M\u00f5ned k\u00fclmakraadid ei tee taimele h\u00e4da. Sobib ruumide h\u00e4maratesse nurkadesse rohelust andma, kuid valgemas kohas tuleb lehtede puhas rohelus paremini esile. Pikad v\u00f5rsed (ca 2,5 m) langevad \u00fcle poti \u00e4\u00e4re kaskaadina, mis teeb luuderohu v\u00e4limuselt eriliselt kenaks.<\/p>\n<p>Kasvamiseks sobib tavaline h\u00e4sti vett l\u00e4bilaskev aiamuld, liigne niiskus ei ole luuderohule hea. Talveks on soovitav pottides kasvavad taimed jahedatesse siseruumidesse talvituma tuua.<\/p>\n<p>Toidutaimena luuderohtu ei kasutata.<\/p>\n<p>Luuderohtu kasutatakse rahvameditsiinis peamiselt r\u00f6ga lahtistamiseks, hingamisteede katarride ning \u00e4gedate ja krooniliste bronhiaalhaiguste raviks. Taime on kasutatud seespidiselt veel liigesep\u00f5letiku ning reuma puhul, v\u00e4lispidiselt t\u00e4ide, k\u00e4rnt\u00f5ve, haavade ja p\u00f5letuste korral. Eesti rahvameditsiinis on luuderohtu kasutatud luuhaiguste raviks.<\/p>\n<p>V\u00e4rsked lehed ja mahl v\u00f5ivad tekitada allergilist reaktsiooni. Marjade s\u00f6\u00f6mine p\u00f5hjustab k\u00f5huvalu, seet\u00f5ttu on luuderohtu peetud m\u00fcrgiseks taimeks.<\/p>\n<p>K\u00f5rgus: kuni 2,5 m<\/p>\n<p>\u00d5itsemise aeg: IX-X<\/p>\n<p>Poti suurus: 9-11<\/p>\n","protected":false},"featured_media":23581,"template":"","meta":{"_acf_changed":false,"_et_pb_use_builder":"","_et_pb_old_content":"","_et_gb_content_width":"","inline_featured_image":false},"product_brand":[],"product_cat":[186,200],"product_tag":[],"class_list":{"0":"post-23580","1":"product","2":"type-product","3":"status-publish","4":"has-post-thumbnail","6":"product_cat-maitse-ja-ravimtaimede-istikud","7":"product_cat-muud-maitsetaimed","9":"first","10":"outofstock","11":"sale","12":"taxable","13":"shipping-taxable","14":"purchasable","15":"product-type-simple"},"acf":[],"yoast_head":"<!-- This site is optimized with the Yoast SEO plugin v26.4 - https:\/\/yoast.com\/wordpress\/plugins\/seo\/ -->\n<title>Luuderohi Hedera helix &quot;Green Wonder&quot; - Tamme talu \u00fcrdiaed<\/title>\n<meta name=\"robots\" content=\"index, follow, max-snippet:-1, max-image-preview:large, max-video-preview:-1\" \/>\n<link rel=\"canonical\" href=\"https:\/\/tammetalu.eu\/toode\/luuderohi-hedera-helix-green-wonder\/\" \/>\n<meta property=\"og:locale\" content=\"lv_LV\" \/>\n<meta property=\"og:type\" content=\"article\" \/>\n<meta property=\"og:title\" content=\"Luuderohi Hedera helix &quot;Green Wonder&quot; - Tamme talu \u00fcrdiaed\" \/>\n<meta property=\"og:description\" content=\"Luuderohi Hedera helix \u201eGreen Wonder\u201c  LAT: \u00a0Hedera helix \u201eGreen Wonder\u201c  ENG: \u00a0English ivy \u201eGreen Wonder\u201c  RU: \u00a0\u041f\u043b\u044e\u0449 \u043e\u0431\u044b\u043a\u043d\u043e\u0432\u0435\u043d\u043d\u044b\u0439 \u201eGreen Wonder\u201c  FI: \u00a0Euroopanmuratti \u201eGreen Wonder\u201c  Igihaljal luuderohu sordil \u201eGreen Wonder\u201c on l\u00e4ikivad rohelised lehed. \u00a0Luuderohi on k\u00fcllalt aeglase kasvuga rippuv v\u00f5i roniv v\u00e4ga v\u00e4hen\u00f5udlik taim, mida saab kasvatada toataimena, aiavaasides, konteinerites ja peenras, kus sobivates oludes v\u00f5i talvekatte all ka talvitub. M\u00f5ned k\u00fclmakraadid ei tee taimele h\u00e4da. Sobib ruumide h\u00e4maratesse nurkadesse rohelust andma, kuid valgemas kohas tuleb lehtede puhas rohelus paremini esile. Pikad v\u00f5rsed (ca 2,5 m) langevad \u00fcle poti \u00e4\u00e4re kaskaadina, mis teeb luuderohu v\u00e4limuselt eriliselt kenaks.  Kasvamiseks sobib tavaline h\u00e4sti vett l\u00e4bilaskev aiamuld, liigne niiskus ei ole luuderohule hea. Talveks on soovitav pottides kasvavad taimed jahedatesse siseruumidesse talvituma tuua.  Toidutaimena luuderohtu ei kasutata.  Luuderohtu kasutatakse rahvameditsiinis peamiselt r\u00f6ga lahtistamiseks, hingamisteede katarride ning \u00e4gedate ja krooniliste bronhiaalhaiguste raviks. Taime on kasutatud seespidiselt veel liigesep\u00f5letiku ning reuma puhul, v\u00e4lispidiselt t\u00e4ide, k\u00e4rnt\u00f5ve, haavade ja p\u00f5letuste korral. Eesti rahvameditsiinis on luuderohtu kasutatud luuhaiguste raviks.  V\u00e4rsked lehed ja mahl v\u00f5ivad tekitada allergilist reaktsiooni. Marjade s\u00f6\u00f6mine p\u00f5hjustab k\u00f5huvalu, seet\u00f5ttu on luuderohtu peetud m\u00fcrgiseks taimeks.  K\u00f5rgus: kuni 2,5 m  \u00d5itsemise aeg: IX-X  Poti suurus: 9-11\" \/>\n<meta property=\"og:url\" content=\"https:\/\/tammetalu.eu\/toode\/luuderohi-hedera-helix-green-wonder\/\" \/>\n<meta property=\"og:site_name\" content=\"Tamme talu \u00fcrdiaed\" \/>\n<meta property=\"article:publisher\" content=\"https:\/\/www.facebook.com\/TammeTaluUrdiaed\/?locale=et_EE\" \/>\n<meta property=\"article:modified_time\" content=\"2026-02-02T13:14:24+00:00\" \/>\n<meta property=\"og:image\" content=\"https:\/\/tammetalu.eu\/wp-content\/uploads\/2025\/01\/Luuderohi_Hedera_helix_Green_Wonder_Tamme_talu_urdiaed.webp\" \/>\n\t<meta property=\"og:image:width\" content=\"2000\" \/>\n\t<meta property=\"og:image:height\" content=\"2000\" \/>\n\t<meta property=\"og:image:type\" content=\"image\/webp\" \/>\n<meta name=\"twitter:card\" content=\"summary_large_image\" \/>\n<meta name=\"twitter:label1\" content=\"Est. reading time\" \/>\n\t<meta name=\"twitter:data1\" content=\"1 minute\" \/>\n<script type=\"application\/ld+json\" class=\"yoast-schema-graph\">{\"@context\":\"https:\/\/schema.org\",\"@graph\":[{\"@type\":\"WebPage\",\"@id\":\"https:\/\/tammetalu.eu\/toode\/luuderohi-hedera-helix-green-wonder\/\",\"url\":\"https:\/\/tammetalu.eu\/toode\/luuderohi-hedera-helix-green-wonder\/\",\"name\":\"Luuderohi Hedera helix \\\"Green Wonder\\\" - Tamme talu \u00fcrdiaed\",\"isPartOf\":{\"@id\":\"https:\/\/tammetalu.eu\/#website\"},\"primaryImageOfPage\":{\"@id\":\"https:\/\/tammetalu.eu\/toode\/luuderohi-hedera-helix-green-wonder\/#primaryimage\"},\"image\":{\"@id\":\"https:\/\/tammetalu.eu\/toode\/luuderohi-hedera-helix-green-wonder\/#primaryimage\"},\"thumbnailUrl\":\"https:\/\/tammetalu.eu\/wp-content\/uploads\/2025\/01\/Luuderohi_Hedera_helix_Green_Wonder_Tamme_talu_urdiaed.webp\",\"datePublished\":\"2025-01-31T13:06:34+00:00\",\"dateModified\":\"2026-02-02T13:14:24+00:00\",\"breadcrumb\":{\"@id\":\"https:\/\/tammetalu.eu\/toode\/luuderohi-hedera-helix-green-wonder\/#breadcrumb\"},\"inLanguage\":\"lv-LV\",\"potentialAction\":[{\"@type\":\"ReadAction\",\"target\":[\"https:\/\/tammetalu.eu\/toode\/luuderohi-hedera-helix-green-wonder\/\"]}]},{\"@type\":\"ImageObject\",\"inLanguage\":\"lv-LV\",\"@id\":\"https:\/\/tammetalu.eu\/toode\/luuderohi-hedera-helix-green-wonder\/#primaryimage\",\"url\":\"https:\/\/tammetalu.eu\/wp-content\/uploads\/2025\/01\/Luuderohi_Hedera_helix_Green_Wonder_Tamme_talu_urdiaed.webp\",\"contentUrl\":\"https:\/\/tammetalu.eu\/wp-content\/uploads\/2025\/01\/Luuderohi_Hedera_helix_Green_Wonder_Tamme_talu_urdiaed.webp\",\"width\":2000,\"height\":2000,\"caption\":\"Luuderohi_Hedera_helix_Green_Wonder_Tamme_talu_urdiaed\"},{\"@type\":\"BreadcrumbList\",\"@id\":\"https:\/\/tammetalu.eu\/toode\/luuderohi-hedera-helix-green-wonder\/#breadcrumb\",\"itemListElement\":[{\"@type\":\"ListItem\",\"position\":1,\"name\":\"Home\",\"item\":\"https:\/\/tammetalu.eu\/lv\/galvena-lapa\/\"},{\"@type\":\"ListItem\",\"position\":2,\"name\":\"Shop\",\"item\":\"https:\/\/tammetalu.eu\/lv\/shop\/\"},{\"@type\":\"ListItem\",\"position\":3,\"name\":\"Luuderohi Hedera helix &#8220;Green Wonder&#8221;\"}]},{\"@type\":\"WebSite\",\"@id\":\"https:\/\/tammetalu.eu\/#website\",\"url\":\"https:\/\/tammetalu.eu\/\",\"name\":\"Tamme talu \u00fcrdiaed\",\"description\":\"K\u00e4sit\u00f6\u00f6na valmistatud tooted \u00fcrtidest, \u00fcrdiistikud, \u00fcrtide kollektsioonaed\",\"publisher\":{\"@id\":\"https:\/\/tammetalu.eu\/#organization\"},\"alternateName\":\"Tamme talu\",\"potentialAction\":[{\"@type\":\"SearchAction\",\"target\":{\"@type\":\"EntryPoint\",\"urlTemplate\":\"https:\/\/tammetalu.eu\/?s={search_term_string}\"},\"query-input\":{\"@type\":\"PropertyValueSpecification\",\"valueRequired\":true,\"valueName\":\"search_term_string\"}}],\"inLanguage\":\"lv-LV\"},{\"@type\":\"Organization\",\"@id\":\"https:\/\/tammetalu.eu\/#organization\",\"name\":\"Tamme talu \u00fcrdiaed\",\"alternateName\":\"Tamme talu\",\"url\":\"https:\/\/tammetalu.eu\/\",\"logo\":{\"@type\":\"ImageObject\",\"inLanguage\":\"lv-LV\",\"@id\":\"https:\/\/tammetalu.eu\/#\/schema\/logo\/image\/\",\"url\":\"https:\/\/tammetalu.eu\/wp-content\/uploads\/2025\/01\/Tamme_talu_urdiaed.png\",\"contentUrl\":\"https:\/\/tammetalu.eu\/wp-content\/uploads\/2025\/01\/Tamme_talu_urdiaed.png\",\"width\":560,\"height\":560,\"caption\":\"Tamme talu \u00fcrdiaed\"},\"image\":{\"@id\":\"https:\/\/tammetalu.eu\/#\/schema\/logo\/image\/\"},\"sameAs\":[\"https:\/\/www.facebook.com\/TammeTaluUrdiaed\/?locale=et_EE\",\"https:\/\/www.instagram.com\/tammetaluurdiaed\/\"]}]}<\/script>\n<!-- \/ Yoast SEO plugin. -->","yoast_head_json":{"title":"Luuderohi Hedera helix \"Green Wonder\" - Tamme talu \u00fcrdiaed","robots":{"index":"index","follow":"follow","max-snippet":"max-snippet:-1","max-image-preview":"max-image-preview:large","max-video-preview":"max-video-preview:-1"},"canonical":"https:\/\/tammetalu.eu\/toode\/luuderohi-hedera-helix-green-wonder\/","og_locale":"lv_LV","og_type":"article","og_title":"Luuderohi Hedera helix \"Green Wonder\" - Tamme talu \u00fcrdiaed","og_description":"Luuderohi Hedera helix \u201eGreen Wonder\u201c  LAT: \u00a0Hedera helix \u201eGreen Wonder\u201c  ENG: \u00a0English ivy \u201eGreen Wonder\u201c  RU: \u00a0\u041f\u043b\u044e\u0449 \u043e\u0431\u044b\u043a\u043d\u043e\u0432\u0435\u043d\u043d\u044b\u0439 \u201eGreen Wonder\u201c  FI: \u00a0Euroopanmuratti \u201eGreen Wonder\u201c  Igihaljal luuderohu sordil \u201eGreen Wonder\u201c on l\u00e4ikivad rohelised lehed. \u00a0Luuderohi on k\u00fcllalt aeglase kasvuga rippuv v\u00f5i roniv v\u00e4ga v\u00e4hen\u00f5udlik taim, mida saab kasvatada toataimena, aiavaasides, konteinerites ja peenras, kus sobivates oludes v\u00f5i talvekatte all ka talvitub. M\u00f5ned k\u00fclmakraadid ei tee taimele h\u00e4da. Sobib ruumide h\u00e4maratesse nurkadesse rohelust andma, kuid valgemas kohas tuleb lehtede puhas rohelus paremini esile. Pikad v\u00f5rsed (ca 2,5 m) langevad \u00fcle poti \u00e4\u00e4re kaskaadina, mis teeb luuderohu v\u00e4limuselt eriliselt kenaks.  Kasvamiseks sobib tavaline h\u00e4sti vett l\u00e4bilaskev aiamuld, liigne niiskus ei ole luuderohule hea. Talveks on soovitav pottides kasvavad taimed jahedatesse siseruumidesse talvituma tuua.  Toidutaimena luuderohtu ei kasutata.  Luuderohtu kasutatakse rahvameditsiinis peamiselt r\u00f6ga lahtistamiseks, hingamisteede katarride ning \u00e4gedate ja krooniliste bronhiaalhaiguste raviks. Taime on kasutatud seespidiselt veel liigesep\u00f5letiku ning reuma puhul, v\u00e4lispidiselt t\u00e4ide, k\u00e4rnt\u00f5ve, haavade ja p\u00f5letuste korral. Eesti rahvameditsiinis on luuderohtu kasutatud luuhaiguste raviks.  V\u00e4rsked lehed ja mahl v\u00f5ivad tekitada allergilist reaktsiooni. Marjade s\u00f6\u00f6mine p\u00f5hjustab k\u00f5huvalu, seet\u00f5ttu on luuderohtu peetud m\u00fcrgiseks taimeks.  K\u00f5rgus: kuni 2,5 m  \u00d5itsemise aeg: IX-X  Poti suurus: 9-11","og_url":"https:\/\/tammetalu.eu\/toode\/luuderohi-hedera-helix-green-wonder\/","og_site_name":"Tamme talu \u00fcrdiaed","article_publisher":"https:\/\/www.facebook.com\/TammeTaluUrdiaed\/?locale=et_EE","article_modified_time":"2026-02-02T13:14:24+00:00","og_image":[{"width":2000,"height":2000,"url":"https:\/\/tammetalu.eu\/wp-content\/uploads\/2025\/01\/Luuderohi_Hedera_helix_Green_Wonder_Tamme_talu_urdiaed.webp","type":"image\/webp"}],"twitter_card":"summary_large_image","twitter_misc":{"Est. reading time":"1 minute"},"schema":{"@context":"https:\/\/schema.org","@graph":[{"@type":"WebPage","@id":"https:\/\/tammetalu.eu\/toode\/luuderohi-hedera-helix-green-wonder\/","url":"https:\/\/tammetalu.eu\/toode\/luuderohi-hedera-helix-green-wonder\/","name":"Luuderohi Hedera helix \"Green Wonder\" - Tamme talu \u00fcrdiaed","isPartOf":{"@id":"https:\/\/tammetalu.eu\/#website"},"primaryImageOfPage":{"@id":"https:\/\/tammetalu.eu\/toode\/luuderohi-hedera-helix-green-wonder\/#primaryimage"},"image":{"@id":"https:\/\/tammetalu.eu\/toode\/luuderohi-hedera-helix-green-wonder\/#primaryimage"},"thumbnailUrl":"https:\/\/tammetalu.eu\/wp-content\/uploads\/2025\/01\/Luuderohi_Hedera_helix_Green_Wonder_Tamme_talu_urdiaed.webp","datePublished":"2025-01-31T13:06:34+00:00","dateModified":"2026-02-02T13:14:24+00:00","breadcrumb":{"@id":"https:\/\/tammetalu.eu\/toode\/luuderohi-hedera-helix-green-wonder\/#breadcrumb"},"inLanguage":"lv-LV","potentialAction":[{"@type":"ReadAction","target":["https:\/\/tammetalu.eu\/toode\/luuderohi-hedera-helix-green-wonder\/"]}]},{"@type":"ImageObject","inLanguage":"lv-LV","@id":"https:\/\/tammetalu.eu\/toode\/luuderohi-hedera-helix-green-wonder\/#primaryimage","url":"https:\/\/tammetalu.eu\/wp-content\/uploads\/2025\/01\/Luuderohi_Hedera_helix_Green_Wonder_Tamme_talu_urdiaed.webp","contentUrl":"https:\/\/tammetalu.eu\/wp-content\/uploads\/2025\/01\/Luuderohi_Hedera_helix_Green_Wonder_Tamme_talu_urdiaed.webp","width":2000,"height":2000,"caption":"Luuderohi_Hedera_helix_Green_Wonder_Tamme_talu_urdiaed"},{"@type":"BreadcrumbList","@id":"https:\/\/tammetalu.eu\/toode\/luuderohi-hedera-helix-green-wonder\/#breadcrumb","itemListElement":[{"@type":"ListItem","position":1,"name":"Home","item":"https:\/\/tammetalu.eu\/lv\/galvena-lapa\/"},{"@type":"ListItem","position":2,"name":"Shop","item":"https:\/\/tammetalu.eu\/lv\/shop\/"},{"@type":"ListItem","position":3,"name":"Luuderohi Hedera helix &#8220;Green Wonder&#8221;"}]},{"@type":"WebSite","@id":"https:\/\/tammetalu.eu\/#website","url":"https:\/\/tammetalu.eu\/","name":"Tamme talu \u00fcrdiaed","description":"K\u00e4sit\u00f6\u00f6na valmistatud tooted \u00fcrtidest, \u00fcrdiistikud, \u00fcrtide kollektsioonaed","publisher":{"@id":"https:\/\/tammetalu.eu\/#organization"},"alternateName":"Tamme talu","potentialAction":[{"@type":"SearchAction","target":{"@type":"EntryPoint","urlTemplate":"https:\/\/tammetalu.eu\/?s={search_term_string}"},"query-input":{"@type":"PropertyValueSpecification","valueRequired":true,"valueName":"search_term_string"}}],"inLanguage":"lv-LV"},{"@type":"Organization","@id":"https:\/\/tammetalu.eu\/#organization","name":"Tamme talu \u00fcrdiaed","alternateName":"Tamme talu","url":"https:\/\/tammetalu.eu\/","logo":{"@type":"ImageObject","inLanguage":"lv-LV","@id":"https:\/\/tammetalu.eu\/#\/schema\/logo\/image\/","url":"https:\/\/tammetalu.eu\/wp-content\/uploads\/2025\/01\/Tamme_talu_urdiaed.png","contentUrl":"https:\/\/tammetalu.eu\/wp-content\/uploads\/2025\/01\/Tamme_talu_urdiaed.png","width":560,"height":560,"caption":"Tamme talu \u00fcrdiaed"},"image":{"@id":"https:\/\/tammetalu.eu\/#\/schema\/logo\/image\/"},"sameAs":["https:\/\/www.facebook.com\/TammeTaluUrdiaed\/?locale=et_EE","https:\/\/www.instagram.com\/tammetaluurdiaed\/"]}]}},"_links":{"self":[{"href":"https:\/\/tammetalu.eu\/lv\/wp-json\/wp\/v2\/product\/23580","targetHints":{"allow":["GET"]}}],"collection":[{"href":"https:\/\/tammetalu.eu\/lv\/wp-json\/wp\/v2\/product"}],"about":[{"href":"https:\/\/tammetalu.eu\/lv\/wp-json\/wp\/v2\/types\/product"}],"wp:featuredmedia":[{"embeddable":true,"href":"https:\/\/tammetalu.eu\/lv\/wp-json\/wp\/v2\/media\/23581"}],"wp:attachment":[{"href":"https:\/\/tammetalu.eu\/lv\/wp-json\/wp\/v2\/media?parent=23580"}],"wp:term":[{"taxonomy":"product_brand","embeddable":true,"href":"https:\/\/tammetalu.eu\/lv\/wp-json\/wp\/v2\/product_brand?post=23580"},{"taxonomy":"product_cat","embeddable":true,"href":"https:\/\/tammetalu.eu\/lv\/wp-json\/wp\/v2\/product_cat?post=23580"},{"taxonomy":"product_tag","embeddable":true,"href":"https:\/\/tammetalu.eu\/lv\/wp-json\/wp\/v2\/product_tag?post=23580"}],"curies":[{"name":"wp","href":"https:\/\/api.w.org\/{rel}","templated":true}]}}