{"id":23667,"date":"2025-01-31T16:14:46","date_gmt":"2025-01-31T14:14:46","guid":{"rendered":"https:\/\/tammetalu.eu\/?post_type=product&#038;p=23667"},"modified":"2026-05-02T10:48:05","modified_gmt":"2026-05-02T07:48:05","slug":"india-kanna-canna-indica-yellow","status":"publish","type":"product","link":"https:\/\/tammetalu.eu\/lv\/toode\/india-kanna-canna-indica-yellow\/","title":{"rendered":"India kanna Canna indica &#8220;Yellow&#8221;"},"content":{"rendered":"","protected":false},"excerpt":{"rendered":"<p>India kanna Canna indica Cannova \u201eYellow\u201c<\/p>\n<p>LAT: \u00a0<em>Canna indica <\/em>\u00a0Cannova \u201eYellow\u201c<\/p>\n<p>ENG: \u00a0Indian shot Cannowa \u201eYellow\u201c<\/p>\n<p>RU: \u00a0\u041a\u0430\u043d\u043d\u0430 \u0438\u043d\u0434\u0438\u0439\u0441\u043a\u0430\u044f Cannowa \u201eYellow\u201c<\/p>\n<p>FI: \u00a0Intiankanna Cannova \u201eYellow\u201c<\/p>\n<p>Kannad toovad aeda, r\u00f5dule v\u00f5i terrassile sooja p\u00e4ikese puudutuse koos l\u00f5unamaise lopsakusega. India kanna sordil \u201eYellow\u201c on puhaskollased \u00f5ied ja roheline lehestik. \u00a0Kannat saab kasvatada peenral, r\u00f5dul ja suuremas lillepotis eksootilise pilgup\u00fc\u00fcdjana.<\/p>\n<p>V\u00e4ga k\u00fclma\u00f5rnad kannad vajavad lopsakaks kasvuks soojust v\u00e4hemalt +10\u2070C. Seep\u00e4rast ei saa neid peenrasse istutada enne p\u00fcsivate plusskraadide saabumist. Taimed vajavad lisaks veel soojusele rammusat parasniisket mulda ja poolvarjulist kuni p\u00e4ikeselist kasvukohta.<\/p>\n<p>Eestis saab kannasid kasvatada \u00fcheaastasena. Kui on soovi kanna risoome paljundamise v\u00f5i edasikasvatamise eesm\u00e4rgil j\u00e4rgmiseks aastaks s\u00e4ilitada, siis peale esimesi s\u00fcgisk\u00fclmasid tuleb pealsed 15-20 cm k\u00f5rguselt \u00e4ra l\u00f5igata ja lihakad risoomid kuiva turba sisse jahedasse kuiva kohta talvituma panna. Talvitumiseks sobib risoomidele 5-10 plusskraadiga kuiv ruum.<\/p>\n<p>Kannasid saab paljundada nende roomavate muguljalt paksenenud risoomide t\u00fckeldamisega kevadel nii, et risoomit\u00fckile j\u00e4\u00e4ks kindlasti v\u00e4hemalt \u00fcks eluj\u00f5uline kasvupung, mis istutatakse ca 20 cm l\u00e4bim\u00f5\u00f5duga pottidesse rammusasse parasniiskesse mulda. Risoomid kaetakse vaid kergelt mullaga nii, et k\u00f5ik noored v\u00f5rsed j\u00e4\u00e4vad mullast v\u00e4lja. Potte hoitakse temperatuuril 10-16\u2070C. Kui taimed on hoogsalt kasvama hakanud, on vajalik kindlasti kastmist suurendada. V\u00e4lja istutatakse taimed mitte enne, kui temperatuur on p\u00fcsivalt \u00fcle 10 plusskraadi.<\/p>\n<p>Kanna lihakad risoomid on s\u00f6\u00f6davad ja neid v\u00f5ib s\u00fc\u00fca toorelt kuid eelistatav on neid serveerida kuumt\u00f6\u00f6delduna. Risoome kasutatakse t\u00e4rklise saamiseks, mida tuntakse achira nime all. See oli toiduallikaks Hiina suure n\u00e4ljah\u00e4da ajal 1950.\u20131960. aastatel.<\/p>\n<p>Mitmete maade rahvameditsiinis kasutatakse kannat menstruatsioonivalude raviks. Risoome saab kasutada gonorr\u00f6a ja amenorr\u00f6a raviks. Nigeerias jahvatavad inimesed juure pulbriks ja neelavad seda k\u00f5hulahtisuse ja d\u00fcsenteeria raviks. Kanna \u00f5isi kasutatakse ka malaaria ravimina.<\/p>\n<p>K\u00f5rgus: kuni 1 m<\/p>\n<p>\u00d5itsemise aeg: VII-IX<\/p>\n<p>Poti suurus: 13-15<\/p>\n","protected":false},"featured_media":23668,"template":"","meta":{"_acf_changed":false,"_et_pb_use_builder":"","_et_pb_old_content":"","_et_gb_content_width":"","inline_featured_image":false},"product_brand":[],"product_cat":[247,186,203],"product_tag":[],"class_list":{"0":"post-23667","1":"product","2":"type-product","3":"status-publish","4":"has-post-thumbnail","6":"product_cat-rohenappude-lemmikud","7":"product_cat-maitse-ja-ravimtaimede-istikud","8":"product_cat-ponevad-koogiviljad","10":"first","11":"instock","12":"sale","13":"taxable","14":"shipping-taxable","15":"purchasable","16":"product-type-simple"},"acf":[],"yoast_head":"<!-- This site is optimized with the Yoast SEO plugin v26.4 - https:\/\/yoast.com\/wordpress\/plugins\/seo\/ -->\n<title>India kanna Canna indica &quot;Yellow&quot; - Tamme talu \u00fcrdiaed<\/title>\n<meta name=\"robots\" content=\"index, follow, max-snippet:-1, max-image-preview:large, max-video-preview:-1\" \/>\n<link rel=\"canonical\" href=\"https:\/\/tammetalu.eu\/toode\/india-kanna-canna-indica-yellow\/\" \/>\n<meta property=\"og:locale\" content=\"lv_LV\" \/>\n<meta property=\"og:type\" content=\"article\" \/>\n<meta property=\"og:title\" content=\"India kanna Canna indica &quot;Yellow&quot; - Tamme talu \u00fcrdiaed\" \/>\n<meta property=\"og:description\" content=\"India kanna Canna indica Cannova \u201eYellow\u201c  LAT: \u00a0Canna indica \u00a0Cannova \u201eYellow\u201c  ENG: \u00a0Indian shot Cannowa \u201eYellow\u201c  RU: \u00a0\u041a\u0430\u043d\u043d\u0430 \u0438\u043d\u0434\u0438\u0439\u0441\u043a\u0430\u044f Cannowa \u201eYellow\u201c  FI: \u00a0Intiankanna Cannova \u201eYellow\u201c  Kannad toovad aeda, r\u00f5dule v\u00f5i terrassile sooja p\u00e4ikese puudutuse koos l\u00f5unamaise lopsakusega. India kanna sordil \u201eYellow\u201c on puhaskollased \u00f5ied ja roheline lehestik. \u00a0Kannat saab kasvatada peenral, r\u00f5dul ja suuremas lillepotis eksootilise pilgup\u00fc\u00fcdjana.  V\u00e4ga k\u00fclma\u00f5rnad kannad vajavad lopsakaks kasvuks soojust v\u00e4hemalt +10\u2070C. Seep\u00e4rast ei saa neid peenrasse istutada enne p\u00fcsivate plusskraadide saabumist. Taimed vajavad lisaks veel soojusele rammusat parasniisket mulda ja poolvarjulist kuni p\u00e4ikeselist kasvukohta.  Eestis saab kannasid kasvatada \u00fcheaastasena. Kui on soovi kanna risoome paljundamise v\u00f5i edasikasvatamise eesm\u00e4rgil j\u00e4rgmiseks aastaks s\u00e4ilitada, siis peale esimesi s\u00fcgisk\u00fclmasid tuleb pealsed 15-20 cm k\u00f5rguselt \u00e4ra l\u00f5igata ja lihakad risoomid kuiva turba sisse jahedasse kuiva kohta talvituma panna. Talvitumiseks sobib risoomidele 5-10 plusskraadiga kuiv ruum.  Kannasid saab paljundada nende roomavate muguljalt paksenenud risoomide t\u00fckeldamisega kevadel nii, et risoomit\u00fckile j\u00e4\u00e4ks kindlasti v\u00e4hemalt \u00fcks eluj\u00f5uline kasvupung, mis istutatakse ca 20 cm l\u00e4bim\u00f5\u00f5duga pottidesse rammusasse parasniiskesse mulda. Risoomid kaetakse vaid kergelt mullaga nii, et k\u00f5ik noored v\u00f5rsed j\u00e4\u00e4vad mullast v\u00e4lja. Potte hoitakse temperatuuril 10-16\u2070C. Kui taimed on hoogsalt kasvama hakanud, on vajalik kindlasti kastmist suurendada. V\u00e4lja istutatakse taimed mitte enne, kui temperatuur on p\u00fcsivalt \u00fcle 10 plusskraadi.  Kanna lihakad risoomid on s\u00f6\u00f6davad ja neid v\u00f5ib s\u00fc\u00fca toorelt kuid eelistatav on neid serveerida kuumt\u00f6\u00f6delduna. Risoome kasutatakse t\u00e4rklise saamiseks, mida tuntakse achira nime all. See oli toiduallikaks Hiina suure n\u00e4ljah\u00e4da ajal 1950.\u20131960. aastatel.  Mitmete maade rahvameditsiinis kasutatakse kannat menstruatsioonivalude raviks. Risoome saab kasutada gonorr\u00f6a ja amenorr\u00f6a raviks. Nigeerias jahvatavad inimesed juure pulbriks ja neelavad seda k\u00f5hulahtisuse ja d\u00fcsenteeria raviks. Kanna \u00f5isi kasutatakse ka malaaria ravimina.  K\u00f5rgus: kuni 1 m  \u00d5itsemise aeg: VII-IX  Poti suurus: 13-15\" \/>\n<meta property=\"og:url\" content=\"https:\/\/tammetalu.eu\/toode\/india-kanna-canna-indica-yellow\/\" \/>\n<meta property=\"og:site_name\" content=\"Tamme talu \u00fcrdiaed\" \/>\n<meta property=\"article:publisher\" content=\"https:\/\/www.facebook.com\/TammeTaluUrdiaed\/?locale=et_EE\" \/>\n<meta property=\"article:modified_time\" content=\"2026-05-02T07:48:05+00:00\" \/>\n<meta property=\"og:image\" content=\"https:\/\/tammetalu.eu\/wp-content\/uploads\/2025\/01\/India_kanna_Canna_indica_Yellow_Tamme_talu_urdiaed.jpg\" \/>\n\t<meta property=\"og:image:width\" content=\"1024\" \/>\n\t<meta property=\"og:image:height\" content=\"1024\" \/>\n\t<meta property=\"og:image:type\" content=\"image\/jpeg\" \/>\n<meta name=\"twitter:card\" content=\"summary_large_image\" \/>\n<meta name=\"twitter:label1\" content=\"Est. reading time\" \/>\n\t<meta name=\"twitter:data1\" content=\"1 minute\" \/>\n<script type=\"application\/ld+json\" class=\"yoast-schema-graph\">{\"@context\":\"https:\/\/schema.org\",\"@graph\":[{\"@type\":\"WebPage\",\"@id\":\"https:\/\/tammetalu.eu\/toode\/india-kanna-canna-indica-yellow\/\",\"url\":\"https:\/\/tammetalu.eu\/toode\/india-kanna-canna-indica-yellow\/\",\"name\":\"India kanna Canna indica \\\"Yellow\\\" - Tamme talu \u00fcrdiaed\",\"isPartOf\":{\"@id\":\"https:\/\/tammetalu.eu\/#website\"},\"primaryImageOfPage\":{\"@id\":\"https:\/\/tammetalu.eu\/toode\/india-kanna-canna-indica-yellow\/#primaryimage\"},\"image\":{\"@id\":\"https:\/\/tammetalu.eu\/toode\/india-kanna-canna-indica-yellow\/#primaryimage\"},\"thumbnailUrl\":\"https:\/\/tammetalu.eu\/wp-content\/uploads\/2025\/01\/India_kanna_Canna_indica_Yellow_Tamme_talu_urdiaed.jpg\",\"datePublished\":\"2025-01-31T14:14:46+00:00\",\"dateModified\":\"2026-05-02T07:48:05+00:00\",\"breadcrumb\":{\"@id\":\"https:\/\/tammetalu.eu\/toode\/india-kanna-canna-indica-yellow\/#breadcrumb\"},\"inLanguage\":\"lv-LV\",\"potentialAction\":[{\"@type\":\"ReadAction\",\"target\":[\"https:\/\/tammetalu.eu\/toode\/india-kanna-canna-indica-yellow\/\"]}]},{\"@type\":\"ImageObject\",\"inLanguage\":\"lv-LV\",\"@id\":\"https:\/\/tammetalu.eu\/toode\/india-kanna-canna-indica-yellow\/#primaryimage\",\"url\":\"https:\/\/tammetalu.eu\/wp-content\/uploads\/2025\/01\/India_kanna_Canna_indica_Yellow_Tamme_talu_urdiaed.jpg\",\"contentUrl\":\"https:\/\/tammetalu.eu\/wp-content\/uploads\/2025\/01\/India_kanna_Canna_indica_Yellow_Tamme_talu_urdiaed.jpg\",\"width\":1024,\"height\":1024,\"caption\":\"India_kanna_Canna_indica_Yellow_Tamme_talu_urdiaed\"},{\"@type\":\"BreadcrumbList\",\"@id\":\"https:\/\/tammetalu.eu\/toode\/india-kanna-canna-indica-yellow\/#breadcrumb\",\"itemListElement\":[{\"@type\":\"ListItem\",\"position\":1,\"name\":\"Home\",\"item\":\"https:\/\/tammetalu.eu\/lv\/galvena-lapa\/\"},{\"@type\":\"ListItem\",\"position\":2,\"name\":\"Shop\",\"item\":\"https:\/\/tammetalu.eu\/lv\/shop\/\"},{\"@type\":\"ListItem\",\"position\":3,\"name\":\"India kanna Canna indica &#8220;Yellow&#8221;\"}]},{\"@type\":\"WebSite\",\"@id\":\"https:\/\/tammetalu.eu\/#website\",\"url\":\"https:\/\/tammetalu.eu\/\",\"name\":\"Tamme talu \u00fcrdiaed\",\"description\":\"K\u00e4sit\u00f6\u00f6na valmistatud tooted \u00fcrtidest, \u00fcrdiistikud, \u00fcrtide kollektsioonaed\",\"publisher\":{\"@id\":\"https:\/\/tammetalu.eu\/#organization\"},\"alternateName\":\"Tamme talu\",\"potentialAction\":[{\"@type\":\"SearchAction\",\"target\":{\"@type\":\"EntryPoint\",\"urlTemplate\":\"https:\/\/tammetalu.eu\/?s={search_term_string}\"},\"query-input\":{\"@type\":\"PropertyValueSpecification\",\"valueRequired\":true,\"valueName\":\"search_term_string\"}}],\"inLanguage\":\"lv-LV\"},{\"@type\":\"Organization\",\"@id\":\"https:\/\/tammetalu.eu\/#organization\",\"name\":\"Tamme talu \u00fcrdiaed\",\"alternateName\":\"Tamme talu\",\"url\":\"https:\/\/tammetalu.eu\/\",\"logo\":{\"@type\":\"ImageObject\",\"inLanguage\":\"lv-LV\",\"@id\":\"https:\/\/tammetalu.eu\/#\/schema\/logo\/image\/\",\"url\":\"https:\/\/tammetalu.eu\/wp-content\/uploads\/2025\/01\/Tamme_talu_urdiaed.png\",\"contentUrl\":\"https:\/\/tammetalu.eu\/wp-content\/uploads\/2025\/01\/Tamme_talu_urdiaed.png\",\"width\":560,\"height\":560,\"caption\":\"Tamme talu \u00fcrdiaed\"},\"image\":{\"@id\":\"https:\/\/tammetalu.eu\/#\/schema\/logo\/image\/\"},\"sameAs\":[\"https:\/\/www.facebook.com\/TammeTaluUrdiaed\/?locale=et_EE\",\"https:\/\/www.instagram.com\/tammetaluurdiaed\/\"]}]}<\/script>\n<!-- \/ Yoast SEO plugin. -->","yoast_head_json":{"title":"India kanna Canna indica \"Yellow\" - Tamme talu \u00fcrdiaed","robots":{"index":"index","follow":"follow","max-snippet":"max-snippet:-1","max-image-preview":"max-image-preview:large","max-video-preview":"max-video-preview:-1"},"canonical":"https:\/\/tammetalu.eu\/toode\/india-kanna-canna-indica-yellow\/","og_locale":"lv_LV","og_type":"article","og_title":"India kanna Canna indica \"Yellow\" - Tamme talu \u00fcrdiaed","og_description":"India kanna Canna indica Cannova \u201eYellow\u201c  LAT: \u00a0Canna indica \u00a0Cannova \u201eYellow\u201c  ENG: \u00a0Indian shot Cannowa \u201eYellow\u201c  RU: \u00a0\u041a\u0430\u043d\u043d\u0430 \u0438\u043d\u0434\u0438\u0439\u0441\u043a\u0430\u044f Cannowa \u201eYellow\u201c  FI: \u00a0Intiankanna Cannova \u201eYellow\u201c  Kannad toovad aeda, r\u00f5dule v\u00f5i terrassile sooja p\u00e4ikese puudutuse koos l\u00f5unamaise lopsakusega. India kanna sordil \u201eYellow\u201c on puhaskollased \u00f5ied ja roheline lehestik. \u00a0Kannat saab kasvatada peenral, r\u00f5dul ja suuremas lillepotis eksootilise pilgup\u00fc\u00fcdjana.  V\u00e4ga k\u00fclma\u00f5rnad kannad vajavad lopsakaks kasvuks soojust v\u00e4hemalt +10\u2070C. Seep\u00e4rast ei saa neid peenrasse istutada enne p\u00fcsivate plusskraadide saabumist. Taimed vajavad lisaks veel soojusele rammusat parasniisket mulda ja poolvarjulist kuni p\u00e4ikeselist kasvukohta.  Eestis saab kannasid kasvatada \u00fcheaastasena. Kui on soovi kanna risoome paljundamise v\u00f5i edasikasvatamise eesm\u00e4rgil j\u00e4rgmiseks aastaks s\u00e4ilitada, siis peale esimesi s\u00fcgisk\u00fclmasid tuleb pealsed 15-20 cm k\u00f5rguselt \u00e4ra l\u00f5igata ja lihakad risoomid kuiva turba sisse jahedasse kuiva kohta talvituma panna. Talvitumiseks sobib risoomidele 5-10 plusskraadiga kuiv ruum.  Kannasid saab paljundada nende roomavate muguljalt paksenenud risoomide t\u00fckeldamisega kevadel nii, et risoomit\u00fckile j\u00e4\u00e4ks kindlasti v\u00e4hemalt \u00fcks eluj\u00f5uline kasvupung, mis istutatakse ca 20 cm l\u00e4bim\u00f5\u00f5duga pottidesse rammusasse parasniiskesse mulda. Risoomid kaetakse vaid kergelt mullaga nii, et k\u00f5ik noored v\u00f5rsed j\u00e4\u00e4vad mullast v\u00e4lja. Potte hoitakse temperatuuril 10-16\u2070C. Kui taimed on hoogsalt kasvama hakanud, on vajalik kindlasti kastmist suurendada. V\u00e4lja istutatakse taimed mitte enne, kui temperatuur on p\u00fcsivalt \u00fcle 10 plusskraadi.  Kanna lihakad risoomid on s\u00f6\u00f6davad ja neid v\u00f5ib s\u00fc\u00fca toorelt kuid eelistatav on neid serveerida kuumt\u00f6\u00f6delduna. Risoome kasutatakse t\u00e4rklise saamiseks, mida tuntakse achira nime all. See oli toiduallikaks Hiina suure n\u00e4ljah\u00e4da ajal 1950.\u20131960. aastatel.  Mitmete maade rahvameditsiinis kasutatakse kannat menstruatsioonivalude raviks. Risoome saab kasutada gonorr\u00f6a ja amenorr\u00f6a raviks. Nigeerias jahvatavad inimesed juure pulbriks ja neelavad seda k\u00f5hulahtisuse ja d\u00fcsenteeria raviks. Kanna \u00f5isi kasutatakse ka malaaria ravimina.  K\u00f5rgus: kuni 1 m  \u00d5itsemise aeg: VII-IX  Poti suurus: 13-15","og_url":"https:\/\/tammetalu.eu\/toode\/india-kanna-canna-indica-yellow\/","og_site_name":"Tamme talu \u00fcrdiaed","article_publisher":"https:\/\/www.facebook.com\/TammeTaluUrdiaed\/?locale=et_EE","article_modified_time":"2026-05-02T07:48:05+00:00","og_image":[{"width":1024,"height":1024,"url":"https:\/\/tammetalu.eu\/wp-content\/uploads\/2025\/01\/India_kanna_Canna_indica_Yellow_Tamme_talu_urdiaed.jpg","type":"image\/jpeg"}],"twitter_card":"summary_large_image","twitter_misc":{"Est. reading time":"1 minute"},"schema":{"@context":"https:\/\/schema.org","@graph":[{"@type":"WebPage","@id":"https:\/\/tammetalu.eu\/toode\/india-kanna-canna-indica-yellow\/","url":"https:\/\/tammetalu.eu\/toode\/india-kanna-canna-indica-yellow\/","name":"India kanna Canna indica \"Yellow\" - Tamme talu \u00fcrdiaed","isPartOf":{"@id":"https:\/\/tammetalu.eu\/#website"},"primaryImageOfPage":{"@id":"https:\/\/tammetalu.eu\/toode\/india-kanna-canna-indica-yellow\/#primaryimage"},"image":{"@id":"https:\/\/tammetalu.eu\/toode\/india-kanna-canna-indica-yellow\/#primaryimage"},"thumbnailUrl":"https:\/\/tammetalu.eu\/wp-content\/uploads\/2025\/01\/India_kanna_Canna_indica_Yellow_Tamme_talu_urdiaed.jpg","datePublished":"2025-01-31T14:14:46+00:00","dateModified":"2026-05-02T07:48:05+00:00","breadcrumb":{"@id":"https:\/\/tammetalu.eu\/toode\/india-kanna-canna-indica-yellow\/#breadcrumb"},"inLanguage":"lv-LV","potentialAction":[{"@type":"ReadAction","target":["https:\/\/tammetalu.eu\/toode\/india-kanna-canna-indica-yellow\/"]}]},{"@type":"ImageObject","inLanguage":"lv-LV","@id":"https:\/\/tammetalu.eu\/toode\/india-kanna-canna-indica-yellow\/#primaryimage","url":"https:\/\/tammetalu.eu\/wp-content\/uploads\/2025\/01\/India_kanna_Canna_indica_Yellow_Tamme_talu_urdiaed.jpg","contentUrl":"https:\/\/tammetalu.eu\/wp-content\/uploads\/2025\/01\/India_kanna_Canna_indica_Yellow_Tamme_talu_urdiaed.jpg","width":1024,"height":1024,"caption":"India_kanna_Canna_indica_Yellow_Tamme_talu_urdiaed"},{"@type":"BreadcrumbList","@id":"https:\/\/tammetalu.eu\/toode\/india-kanna-canna-indica-yellow\/#breadcrumb","itemListElement":[{"@type":"ListItem","position":1,"name":"Home","item":"https:\/\/tammetalu.eu\/lv\/galvena-lapa\/"},{"@type":"ListItem","position":2,"name":"Shop","item":"https:\/\/tammetalu.eu\/lv\/shop\/"},{"@type":"ListItem","position":3,"name":"India kanna Canna indica &#8220;Yellow&#8221;"}]},{"@type":"WebSite","@id":"https:\/\/tammetalu.eu\/#website","url":"https:\/\/tammetalu.eu\/","name":"Tamme talu \u00fcrdiaed","description":"K\u00e4sit\u00f6\u00f6na valmistatud tooted \u00fcrtidest, \u00fcrdiistikud, \u00fcrtide kollektsioonaed","publisher":{"@id":"https:\/\/tammetalu.eu\/#organization"},"alternateName":"Tamme talu","potentialAction":[{"@type":"SearchAction","target":{"@type":"EntryPoint","urlTemplate":"https:\/\/tammetalu.eu\/?s={search_term_string}"},"query-input":{"@type":"PropertyValueSpecification","valueRequired":true,"valueName":"search_term_string"}}],"inLanguage":"lv-LV"},{"@type":"Organization","@id":"https:\/\/tammetalu.eu\/#organization","name":"Tamme talu \u00fcrdiaed","alternateName":"Tamme talu","url":"https:\/\/tammetalu.eu\/","logo":{"@type":"ImageObject","inLanguage":"lv-LV","@id":"https:\/\/tammetalu.eu\/#\/schema\/logo\/image\/","url":"https:\/\/tammetalu.eu\/wp-content\/uploads\/2025\/01\/Tamme_talu_urdiaed.png","contentUrl":"https:\/\/tammetalu.eu\/wp-content\/uploads\/2025\/01\/Tamme_talu_urdiaed.png","width":560,"height":560,"caption":"Tamme talu \u00fcrdiaed"},"image":{"@id":"https:\/\/tammetalu.eu\/#\/schema\/logo\/image\/"},"sameAs":["https:\/\/www.facebook.com\/TammeTaluUrdiaed\/?locale=et_EE","https:\/\/www.instagram.com\/tammetaluurdiaed\/"]}]}},"_links":{"self":[{"href":"https:\/\/tammetalu.eu\/lv\/wp-json\/wp\/v2\/product\/23667","targetHints":{"allow":["GET"]}}],"collection":[{"href":"https:\/\/tammetalu.eu\/lv\/wp-json\/wp\/v2\/product"}],"about":[{"href":"https:\/\/tammetalu.eu\/lv\/wp-json\/wp\/v2\/types\/product"}],"wp:featuredmedia":[{"embeddable":true,"href":"https:\/\/tammetalu.eu\/lv\/wp-json\/wp\/v2\/media\/23668"}],"wp:attachment":[{"href":"https:\/\/tammetalu.eu\/lv\/wp-json\/wp\/v2\/media?parent=23667"}],"wp:term":[{"taxonomy":"product_brand","embeddable":true,"href":"https:\/\/tammetalu.eu\/lv\/wp-json\/wp\/v2\/product_brand?post=23667"},{"taxonomy":"product_cat","embeddable":true,"href":"https:\/\/tammetalu.eu\/lv\/wp-json\/wp\/v2\/product_cat?post=23667"},{"taxonomy":"product_tag","embeddable":true,"href":"https:\/\/tammetalu.eu\/lv\/wp-json\/wp\/v2\/product_tag?post=23667"}],"curies":[{"name":"wp","href":"https:\/\/api.w.org\/{rel}","templated":true}]}}