{"id":24462,"date":"2025-03-24T21:14:16","date_gmt":"2025-03-24T19:14:16","guid":{"rendered":"https:\/\/tammetalu.eu\/?post_type=product&#038;p=24462"},"modified":"2026-02-02T15:14:23","modified_gmt":"2026-02-02T13:14:23","slug":"hatune-munt-mentha-x-villosa-japanese-mojito-mint","status":"publish","type":"product","link":"https:\/\/tammetalu.eu\/lv\/toode\/hatune-munt-mentha-x-villosa-japanese-mojito-mint\/","title":{"rendered":"Hatune m\u00fcnt Mentha x villosa &#8220;Japanese Mojito Mint&#8221;"},"content":{"rendered":"<p>&nbsp;<\/p>\n<p>&nbsp;<\/p>\n<p>&nbsp;<\/p>\n","protected":false},"excerpt":{"rendered":"<p>LAT:\u00a0 <em>Mentha \u00d7villosa <\/em>\u201cJapanese Mojito Mint\u201d<\/p>\n<p>ENG: Japanese Mojito Mint<\/p>\n<p>RU:\u00a0 \u042f\u043f\u043e\u043d\u0441\u043a\u0430\u044f \u043c\u044f\u0442\u0430 \u043c\u043e\u0445\u0438\u0442\u043e<\/p>\n<p>FI: Japanilainen mojito-minttu<\/p>\n<p>Jaapani mojito m\u00fcnt on maitselt s\u00e4rtsakas ja aromaatne \u00fcrt, mis \u00fchendab piparm\u00fcndi v\u00e4rskuse ja \u00a0tsitruseliste maitsenoodi.<\/p>\n<p>Ilusad helerohelise ja rohelisekirjud veidi lainelised lehed ja v\u00e4ikesed \u00f5ied, mis on koondunud tihedatesse t\u00e4hkjatesse \u00f5isikutesse. Levib juurev\u00f5sudega. On v\u00e4ga talvekindel. Oma kauni lehestiku ja kena kasvukuju t\u00f5ttu on see m\u00fcnt sobiv kasvatamiseks potitaimena r\u00f5dudel ja terrassidel. Taim vajab \u00fcle paari kolme aasta\u00a0 uuendamist ja seda on kerge teha noorte juurev\u00f5sudega, mis istutatakse uude kohta v\u00f5i anumasse umbrohupuhtasse mulda. Potis kasvatamisel on soovitatav\u00a0 taimi igal kevadel jagada. Sort ei nakatu piparm\u00fcndi roostesse.<\/p>\n<p>Lehtedel on karge ja v\u00e4ga meeldiv m\u00fcndiaroom, millest saab valmistada t\u00e4iusliku maitsega klassikalise m\u00fcnditee. V\u00e4rskeid ja kuivatatud lehti kasutatakse erinevate roogade, jookide, kastmete ja k\u00fcpsetiste maitsestamiseks ning garneerimiseks. Eriti h\u00e4sti sobib kasutada erinevates kokteilides ja jahedates suvejookides.<\/p>\n<p>Jaapani mojito m\u00fcnti kasutatakse rahvameditsiinis rahustava ja seedimist soodustava vahendina, kuid tema toime on oluliselt leebem kui piparm\u00fcndil.<\/p>\n<p>K\u00f5rgus: kuni 0,60 m<\/p>\n<p>\u00d5itsemise aeg: VI-VIII<\/p>\n<p>Talvekindlus: Talvekindel<\/p>\n<p>Poti suurus : 9-12<\/p>\n","protected":false},"featured_media":24479,"template":"","meta":{"_acf_changed":false,"_et_pb_use_builder":"","_et_pb_old_content":"","_et_gb_content_width":"","inline_featured_image":false},"product_brand":[],"product_cat":[186,192],"product_tag":[],"class_list":{"0":"post-24462","1":"product","2":"type-product","3":"status-publish","4":"has-post-thumbnail","6":"product_cat-maitse-ja-ravimtaimede-istikud","7":"product_cat-mundid","9":"first","10":"outofstock","11":"sale","12":"taxable","13":"shipping-taxable","14":"purchasable","15":"product-type-simple"},"acf":[],"yoast_head":"<!-- This site is optimized with the Yoast SEO plugin v26.4 - https:\/\/yoast.com\/wordpress\/plugins\/seo\/ -->\n<title>Hatune m\u00fcnt Mentha x villosa &quot;Japanese Mojito Mint&quot; - Tamme talu \u00fcrdiaed<\/title>\n<meta name=\"description\" content=\"Jaapani mojito m\u00fcnt on maitselt s\u00e4rtsakas ja aromaatne \u00fcrt, mis \u00fchendab piparm\u00fcndi v\u00e4rskuse ja \u00a0tsitruseliste maitsenoodi.\" \/>\n<meta name=\"robots\" content=\"index, follow, max-snippet:-1, max-image-preview:large, max-video-preview:-1\" \/>\n<link rel=\"canonical\" href=\"https:\/\/tammetalu.eu\/toode\/hatune-munt-mentha-x-villosa-japanese-mojito-mint\/\" \/>\n<meta property=\"og:locale\" content=\"lv_LV\" \/>\n<meta property=\"og:type\" content=\"article\" \/>\n<meta property=\"og:title\" content=\"Hatune m\u00fcnt Mentha x villosa &quot;Japanese Mojito Mint&quot; - Tamme talu \u00fcrdiaed\" \/>\n<meta property=\"og:description\" content=\"Jaapani mojito m\u00fcnt on maitselt s\u00e4rtsakas ja aromaatne \u00fcrt, mis \u00fchendab piparm\u00fcndi v\u00e4rskuse ja \u00a0tsitruseliste maitsenoodi.\" \/>\n<meta property=\"og:url\" content=\"https:\/\/tammetalu.eu\/toode\/hatune-munt-mentha-x-villosa-japanese-mojito-mint\/\" \/>\n<meta property=\"og:site_name\" content=\"Tamme talu \u00fcrdiaed\" \/>\n<meta property=\"article:publisher\" content=\"https:\/\/www.facebook.com\/TammeTaluUrdiaed\/?locale=et_EE\" \/>\n<meta property=\"article:modified_time\" content=\"2026-02-02T13:14:23+00:00\" \/>\n<meta property=\"og:image\" content=\"https:\/\/tammetalu.eu\/wp-content\/uploads\/2025\/03\/Hatune_munt_Japanese_mojito_mint_Tamme_talu_urdiaed.jpg\" \/>\n\t<meta property=\"og:image:width\" content=\"1024\" \/>\n\t<meta property=\"og:image:height\" content=\"681\" \/>\n\t<meta property=\"og:image:type\" content=\"image\/jpeg\" \/>\n<meta name=\"twitter:card\" content=\"summary_large_image\" \/>\n<meta name=\"twitter:label1\" content=\"Est. reading time\" \/>\n\t<meta name=\"twitter:data1\" content=\"1 minute\" \/>\n<script type=\"application\/ld+json\" class=\"yoast-schema-graph\">{\"@context\":\"https:\/\/schema.org\",\"@graph\":[{\"@type\":\"WebPage\",\"@id\":\"https:\/\/tammetalu.eu\/toode\/hatune-munt-mentha-x-villosa-japanese-mojito-mint\/\",\"url\":\"https:\/\/tammetalu.eu\/toode\/hatune-munt-mentha-x-villosa-japanese-mojito-mint\/\",\"name\":\"Hatune m\u00fcnt Mentha x villosa \\\"Japanese Mojito Mint\\\" - Tamme talu \u00fcrdiaed\",\"isPartOf\":{\"@id\":\"https:\/\/tammetalu.eu\/#website\"},\"primaryImageOfPage\":{\"@id\":\"https:\/\/tammetalu.eu\/toode\/hatune-munt-mentha-x-villosa-japanese-mojito-mint\/#primaryimage\"},\"image\":{\"@id\":\"https:\/\/tammetalu.eu\/toode\/hatune-munt-mentha-x-villosa-japanese-mojito-mint\/#primaryimage\"},\"thumbnailUrl\":\"https:\/\/tammetalu.eu\/wp-content\/uploads\/2025\/03\/Hatune_munt_Japanese_mojito_mint_Tamme_talu_urdiaed.jpg\",\"datePublished\":\"2025-03-24T19:14:16+00:00\",\"dateModified\":\"2026-02-02T13:14:23+00:00\",\"description\":\"Jaapani mojito m\u00fcnt on maitselt s\u00e4rtsakas ja aromaatne \u00fcrt, mis \u00fchendab piparm\u00fcndi v\u00e4rskuse ja \u00a0tsitruseliste maitsenoodi.\",\"breadcrumb\":{\"@id\":\"https:\/\/tammetalu.eu\/toode\/hatune-munt-mentha-x-villosa-japanese-mojito-mint\/#breadcrumb\"},\"inLanguage\":\"lv-LV\",\"potentialAction\":[{\"@type\":\"ReadAction\",\"target\":[\"https:\/\/tammetalu.eu\/toode\/hatune-munt-mentha-x-villosa-japanese-mojito-mint\/\"]}]},{\"@type\":\"ImageObject\",\"inLanguage\":\"lv-LV\",\"@id\":\"https:\/\/tammetalu.eu\/toode\/hatune-munt-mentha-x-villosa-japanese-mojito-mint\/#primaryimage\",\"url\":\"https:\/\/tammetalu.eu\/wp-content\/uploads\/2025\/03\/Hatune_munt_Japanese_mojito_mint_Tamme_talu_urdiaed.jpg\",\"contentUrl\":\"https:\/\/tammetalu.eu\/wp-content\/uploads\/2025\/03\/Hatune_munt_Japanese_mojito_mint_Tamme_talu_urdiaed.jpg\",\"width\":1024,\"height\":681,\"caption\":\"Hatune_munt_Japanese_mojito_mint_Tamme_talu_urdiaed, m\u00fcndid, piparm\u00fcnt\"},{\"@type\":\"BreadcrumbList\",\"@id\":\"https:\/\/tammetalu.eu\/toode\/hatune-munt-mentha-x-villosa-japanese-mojito-mint\/#breadcrumb\",\"itemListElement\":[{\"@type\":\"ListItem\",\"position\":1,\"name\":\"Home\",\"item\":\"https:\/\/tammetalu.eu\/lv\/galvena-lapa\/\"},{\"@type\":\"ListItem\",\"position\":2,\"name\":\"Shop\",\"item\":\"https:\/\/tammetalu.eu\/lv\/shop\/\"},{\"@type\":\"ListItem\",\"position\":3,\"name\":\"Hatune m\u00fcnt Mentha x villosa &#8220;Japanese Mojito Mint&#8221;\"}]},{\"@type\":\"WebSite\",\"@id\":\"https:\/\/tammetalu.eu\/#website\",\"url\":\"https:\/\/tammetalu.eu\/\",\"name\":\"Tamme talu \u00fcrdiaed\",\"description\":\"K\u00e4sit\u00f6\u00f6na valmistatud tooted \u00fcrtidest, \u00fcrdiistikud, \u00fcrtide kollektsioonaed\",\"publisher\":{\"@id\":\"https:\/\/tammetalu.eu\/#organization\"},\"alternateName\":\"Tamme talu\",\"potentialAction\":[{\"@type\":\"SearchAction\",\"target\":{\"@type\":\"EntryPoint\",\"urlTemplate\":\"https:\/\/tammetalu.eu\/?s={search_term_string}\"},\"query-input\":{\"@type\":\"PropertyValueSpecification\",\"valueRequired\":true,\"valueName\":\"search_term_string\"}}],\"inLanguage\":\"lv-LV\"},{\"@type\":\"Organization\",\"@id\":\"https:\/\/tammetalu.eu\/#organization\",\"name\":\"Tamme talu \u00fcrdiaed\",\"alternateName\":\"Tamme talu\",\"url\":\"https:\/\/tammetalu.eu\/\",\"logo\":{\"@type\":\"ImageObject\",\"inLanguage\":\"lv-LV\",\"@id\":\"https:\/\/tammetalu.eu\/#\/schema\/logo\/image\/\",\"url\":\"https:\/\/tammetalu.eu\/wp-content\/uploads\/2025\/01\/Tamme_talu_urdiaed.png\",\"contentUrl\":\"https:\/\/tammetalu.eu\/wp-content\/uploads\/2025\/01\/Tamme_talu_urdiaed.png\",\"width\":560,\"height\":560,\"caption\":\"Tamme talu \u00fcrdiaed\"},\"image\":{\"@id\":\"https:\/\/tammetalu.eu\/#\/schema\/logo\/image\/\"},\"sameAs\":[\"https:\/\/www.facebook.com\/TammeTaluUrdiaed\/?locale=et_EE\",\"https:\/\/www.instagram.com\/tammetaluurdiaed\/\"]}]}<\/script>\n<!-- \/ Yoast SEO plugin. -->","yoast_head_json":{"title":"Hatune m\u00fcnt Mentha x villosa \"Japanese Mojito Mint\" - Tamme talu \u00fcrdiaed","description":"Jaapani mojito m\u00fcnt on maitselt s\u00e4rtsakas ja aromaatne \u00fcrt, mis \u00fchendab piparm\u00fcndi v\u00e4rskuse ja \u00a0tsitruseliste maitsenoodi.","robots":{"index":"index","follow":"follow","max-snippet":"max-snippet:-1","max-image-preview":"max-image-preview:large","max-video-preview":"max-video-preview:-1"},"canonical":"https:\/\/tammetalu.eu\/toode\/hatune-munt-mentha-x-villosa-japanese-mojito-mint\/","og_locale":"lv_LV","og_type":"article","og_title":"Hatune m\u00fcnt Mentha x villosa \"Japanese Mojito Mint\" - Tamme talu \u00fcrdiaed","og_description":"Jaapani mojito m\u00fcnt on maitselt s\u00e4rtsakas ja aromaatne \u00fcrt, mis \u00fchendab piparm\u00fcndi v\u00e4rskuse ja \u00a0tsitruseliste maitsenoodi.","og_url":"https:\/\/tammetalu.eu\/toode\/hatune-munt-mentha-x-villosa-japanese-mojito-mint\/","og_site_name":"Tamme talu \u00fcrdiaed","article_publisher":"https:\/\/www.facebook.com\/TammeTaluUrdiaed\/?locale=et_EE","article_modified_time":"2026-02-02T13:14:23+00:00","og_image":[{"width":1024,"height":681,"url":"https:\/\/tammetalu.eu\/wp-content\/uploads\/2025\/03\/Hatune_munt_Japanese_mojito_mint_Tamme_talu_urdiaed.jpg","type":"image\/jpeg"}],"twitter_card":"summary_large_image","twitter_misc":{"Est. reading time":"1 minute"},"schema":{"@context":"https:\/\/schema.org","@graph":[{"@type":"WebPage","@id":"https:\/\/tammetalu.eu\/toode\/hatune-munt-mentha-x-villosa-japanese-mojito-mint\/","url":"https:\/\/tammetalu.eu\/toode\/hatune-munt-mentha-x-villosa-japanese-mojito-mint\/","name":"Hatune m\u00fcnt Mentha x villosa \"Japanese Mojito Mint\" - Tamme talu \u00fcrdiaed","isPartOf":{"@id":"https:\/\/tammetalu.eu\/#website"},"primaryImageOfPage":{"@id":"https:\/\/tammetalu.eu\/toode\/hatune-munt-mentha-x-villosa-japanese-mojito-mint\/#primaryimage"},"image":{"@id":"https:\/\/tammetalu.eu\/toode\/hatune-munt-mentha-x-villosa-japanese-mojito-mint\/#primaryimage"},"thumbnailUrl":"https:\/\/tammetalu.eu\/wp-content\/uploads\/2025\/03\/Hatune_munt_Japanese_mojito_mint_Tamme_talu_urdiaed.jpg","datePublished":"2025-03-24T19:14:16+00:00","dateModified":"2026-02-02T13:14:23+00:00","description":"Jaapani mojito m\u00fcnt on maitselt s\u00e4rtsakas ja aromaatne \u00fcrt, mis \u00fchendab piparm\u00fcndi v\u00e4rskuse ja \u00a0tsitruseliste maitsenoodi.","breadcrumb":{"@id":"https:\/\/tammetalu.eu\/toode\/hatune-munt-mentha-x-villosa-japanese-mojito-mint\/#breadcrumb"},"inLanguage":"lv-LV","potentialAction":[{"@type":"ReadAction","target":["https:\/\/tammetalu.eu\/toode\/hatune-munt-mentha-x-villosa-japanese-mojito-mint\/"]}]},{"@type":"ImageObject","inLanguage":"lv-LV","@id":"https:\/\/tammetalu.eu\/toode\/hatune-munt-mentha-x-villosa-japanese-mojito-mint\/#primaryimage","url":"https:\/\/tammetalu.eu\/wp-content\/uploads\/2025\/03\/Hatune_munt_Japanese_mojito_mint_Tamme_talu_urdiaed.jpg","contentUrl":"https:\/\/tammetalu.eu\/wp-content\/uploads\/2025\/03\/Hatune_munt_Japanese_mojito_mint_Tamme_talu_urdiaed.jpg","width":1024,"height":681,"caption":"Hatune_munt_Japanese_mojito_mint_Tamme_talu_urdiaed, m\u00fcndid, piparm\u00fcnt"},{"@type":"BreadcrumbList","@id":"https:\/\/tammetalu.eu\/toode\/hatune-munt-mentha-x-villosa-japanese-mojito-mint\/#breadcrumb","itemListElement":[{"@type":"ListItem","position":1,"name":"Home","item":"https:\/\/tammetalu.eu\/lv\/galvena-lapa\/"},{"@type":"ListItem","position":2,"name":"Shop","item":"https:\/\/tammetalu.eu\/lv\/shop\/"},{"@type":"ListItem","position":3,"name":"Hatune m\u00fcnt Mentha x villosa &#8220;Japanese Mojito Mint&#8221;"}]},{"@type":"WebSite","@id":"https:\/\/tammetalu.eu\/#website","url":"https:\/\/tammetalu.eu\/","name":"Tamme talu \u00fcrdiaed","description":"K\u00e4sit\u00f6\u00f6na valmistatud tooted \u00fcrtidest, \u00fcrdiistikud, \u00fcrtide kollektsioonaed","publisher":{"@id":"https:\/\/tammetalu.eu\/#organization"},"alternateName":"Tamme talu","potentialAction":[{"@type":"SearchAction","target":{"@type":"EntryPoint","urlTemplate":"https:\/\/tammetalu.eu\/?s={search_term_string}"},"query-input":{"@type":"PropertyValueSpecification","valueRequired":true,"valueName":"search_term_string"}}],"inLanguage":"lv-LV"},{"@type":"Organization","@id":"https:\/\/tammetalu.eu\/#organization","name":"Tamme talu \u00fcrdiaed","alternateName":"Tamme talu","url":"https:\/\/tammetalu.eu\/","logo":{"@type":"ImageObject","inLanguage":"lv-LV","@id":"https:\/\/tammetalu.eu\/#\/schema\/logo\/image\/","url":"https:\/\/tammetalu.eu\/wp-content\/uploads\/2025\/01\/Tamme_talu_urdiaed.png","contentUrl":"https:\/\/tammetalu.eu\/wp-content\/uploads\/2025\/01\/Tamme_talu_urdiaed.png","width":560,"height":560,"caption":"Tamme talu \u00fcrdiaed"},"image":{"@id":"https:\/\/tammetalu.eu\/#\/schema\/logo\/image\/"},"sameAs":["https:\/\/www.facebook.com\/TammeTaluUrdiaed\/?locale=et_EE","https:\/\/www.instagram.com\/tammetaluurdiaed\/"]}]}},"_links":{"self":[{"href":"https:\/\/tammetalu.eu\/lv\/wp-json\/wp\/v2\/product\/24462","targetHints":{"allow":["GET"]}}],"collection":[{"href":"https:\/\/tammetalu.eu\/lv\/wp-json\/wp\/v2\/product"}],"about":[{"href":"https:\/\/tammetalu.eu\/lv\/wp-json\/wp\/v2\/types\/product"}],"wp:featuredmedia":[{"embeddable":true,"href":"https:\/\/tammetalu.eu\/lv\/wp-json\/wp\/v2\/media\/24479"}],"wp:attachment":[{"href":"https:\/\/tammetalu.eu\/lv\/wp-json\/wp\/v2\/media?parent=24462"}],"wp:term":[{"taxonomy":"product_brand","embeddable":true,"href":"https:\/\/tammetalu.eu\/lv\/wp-json\/wp\/v2\/product_brand?post=24462"},{"taxonomy":"product_cat","embeddable":true,"href":"https:\/\/tammetalu.eu\/lv\/wp-json\/wp\/v2\/product_cat?post=24462"},{"taxonomy":"product_tag","embeddable":true,"href":"https:\/\/tammetalu.eu\/lv\/wp-json\/wp\/v2\/product_tag?post=24462"}],"curies":[{"name":"wp","href":"https:\/\/api.w.org\/{rel}","templated":true}]}}