{"id":24473,"date":"2025-03-25T22:20:15","date_gmt":"2025-03-25T20:20:15","guid":{"rendered":"https:\/\/tammetalu.eu\/?post_type=product&#038;p=24473"},"modified":"2026-04-11T12:05:30","modified_gmt":"2026-04-11T09:05:30","slug":"faasseni-naistenoges-nepeta-faassenii-alba","status":"publish","type":"product","link":"https:\/\/tammetalu.eu\/lv\/toode\/faasseni-naistenoges-nepeta-faassenii-alba\/","title":{"rendered":"Faasseni naisten\u00f5ges Nepeta faassenii &#8220;Alba&#8221;"},"content":{"rendered":"","protected":false},"excerpt":{"rendered":"<p><em>Nepeta x faassenii<\/em><\/p>\n<p>Faasseni naisten\u00f5gese sort &#8220;Alba&#8221;\u00a0 on veidi laiuva kasvukujuga (k\u00f5gus kuni 40 cm) l\u00f5hnavate v\u00e4ikeste lehtede ja juunist kuni augustini v\u00e4ikeste lumivalgete \u00f5itega p\u00fcsik kuiva kuni poolkuiva liivase mullaga kasvukohta. Kasvamiseks sobib p\u00e4ikesepaisteline kuni poolvarjuline kasvukoht. Peale\u00a0 \u00e4ra\u00f5itsenud \u00f5isikute \u00fchtlast tagasil\u00f5ikamist saab\u00a0 ergutada taime teiskordselt \u00f5itsema.\u00a0 Sort sobib kasvatamiseks suuremas potis. \u00d5isi ja lehti saab kasutada toitude kaunistamiseks v\u00f5i v\u00e4hesel m\u00e4\u00e4ral erinevatele roogadele lisamiseks. Kasside meelistaim aias.<\/p>\n","protected":false},"featured_media":20124,"template":"","meta":{"_acf_changed":false,"_et_pb_use_builder":"","_et_pb_old_content":"","_et_gb_content_width":"","inline_featured_image":false},"product_brand":[],"product_cat":[214,186],"product_tag":[],"class_list":{"0":"post-24473","1":"product","2":"type-product","3":"status-publish","4":"has-post-thumbnail","6":"product_cat-naistenogesed","7":"product_cat-maitse-ja-ravimtaimede-istikud","9":"first","10":"instock","11":"sale","12":"taxable","13":"shipping-taxable","14":"purchasable","15":"product-type-simple"},"acf":[],"yoast_head":"<!-- This site is optimized with the Yoast SEO plugin v26.4 - https:\/\/yoast.com\/wordpress\/plugins\/seo\/ -->\n<title>Faasseni naisten\u00f5ges Nepeta faassenii &quot;Alba&quot; - Tamme talu \u00fcrdiaed<\/title>\n<meta name=\"robots\" content=\"index, follow, max-snippet:-1, max-image-preview:large, max-video-preview:-1\" \/>\n<link rel=\"canonical\" href=\"https:\/\/tammetalu.eu\/toode\/faasseni-naistenoges-nepeta-faassenii-alba\/\" \/>\n<meta property=\"og:locale\" content=\"lv_LV\" \/>\n<meta property=\"og:type\" content=\"article\" \/>\n<meta property=\"og:title\" content=\"Faasseni naisten\u00f5ges Nepeta faassenii &quot;Alba&quot; - Tamme talu \u00fcrdiaed\" \/>\n<meta property=\"og:description\" content=\"Nepeta x faassenii  Faasseni naisten\u00f5gese sort &quot;Alba&quot;\u00a0 on veidi laiuva kasvukujuga (k\u00f5gus kuni 40 cm) l\u00f5hnavate v\u00e4ikeste lehtede ja juunist kuni augustini v\u00e4ikeste lumivalgete \u00f5itega p\u00fcsik kuiva kuni poolkuiva liivase mullaga kasvukohta. Kasvamiseks sobib p\u00e4ikesepaisteline kuni poolvarjuline kasvukoht. Peale\u00a0 \u00e4ra\u00f5itsenud \u00f5isikute \u00fchtlast tagasil\u00f5ikamist saab\u00a0 ergutada taime teiskordselt \u00f5itsema.\u00a0 Sort sobib kasvatamiseks suuremas potis. \u00d5isi ja lehti saab kasutada toitude kaunistamiseks v\u00f5i v\u00e4hesel m\u00e4\u00e4ral erinevatele roogadele lisamiseks. Kasside meelistaim aias.\" \/>\n<meta property=\"og:url\" content=\"https:\/\/tammetalu.eu\/toode\/faasseni-naistenoges-nepeta-faassenii-alba\/\" \/>\n<meta property=\"og:site_name\" content=\"Tamme talu \u00fcrdiaed\" \/>\n<meta property=\"article:publisher\" content=\"https:\/\/www.facebook.com\/TammeTaluUrdiaed\/?locale=et_EE\" \/>\n<meta property=\"article:modified_time\" content=\"2026-04-11T09:05:30+00:00\" \/>\n<meta property=\"og:image\" content=\"https:\/\/tammetalu.eu\/wp-content\/uploads\/2024\/03\/nepeta-faassenii-snowflake-tamme-talu-urdiaed.jpg\" \/>\n\t<meta property=\"og:image:width\" content=\"1200\" \/>\n\t<meta property=\"og:image:height\" content=\"1200\" \/>\n\t<meta property=\"og:image:type\" content=\"image\/jpeg\" \/>\n<meta name=\"twitter:card\" content=\"summary_large_image\" \/>\n<meta name=\"twitter:label1\" content=\"Est. reading time\" \/>\n\t<meta name=\"twitter:data1\" content=\"1 minute\" \/>\n<script type=\"application\/ld+json\" class=\"yoast-schema-graph\">{\"@context\":\"https:\/\/schema.org\",\"@graph\":[{\"@type\":\"WebPage\",\"@id\":\"https:\/\/tammetalu.eu\/toode\/faasseni-naistenoges-nepeta-faassenii-alba\/\",\"url\":\"https:\/\/tammetalu.eu\/toode\/faasseni-naistenoges-nepeta-faassenii-alba\/\",\"name\":\"Faasseni naisten\u00f5ges Nepeta faassenii \\\"Alba\\\" - Tamme talu \u00fcrdiaed\",\"isPartOf\":{\"@id\":\"https:\/\/tammetalu.eu\/#website\"},\"primaryImageOfPage\":{\"@id\":\"https:\/\/tammetalu.eu\/toode\/faasseni-naistenoges-nepeta-faassenii-alba\/#primaryimage\"},\"image\":{\"@id\":\"https:\/\/tammetalu.eu\/toode\/faasseni-naistenoges-nepeta-faassenii-alba\/#primaryimage\"},\"thumbnailUrl\":\"https:\/\/tammetalu.eu\/wp-content\/uploads\/2024\/03\/nepeta-faassenii-snowflake-tamme-talu-urdiaed.jpg\",\"datePublished\":\"2025-03-25T20:20:15+00:00\",\"dateModified\":\"2026-04-11T09:05:30+00:00\",\"breadcrumb\":{\"@id\":\"https:\/\/tammetalu.eu\/toode\/faasseni-naistenoges-nepeta-faassenii-alba\/#breadcrumb\"},\"inLanguage\":\"lv-LV\",\"potentialAction\":[{\"@type\":\"ReadAction\",\"target\":[\"https:\/\/tammetalu.eu\/toode\/faasseni-naistenoges-nepeta-faassenii-alba\/\"]}]},{\"@type\":\"ImageObject\",\"inLanguage\":\"lv-LV\",\"@id\":\"https:\/\/tammetalu.eu\/toode\/faasseni-naistenoges-nepeta-faassenii-alba\/#primaryimage\",\"url\":\"https:\/\/tammetalu.eu\/wp-content\/uploads\/2024\/03\/nepeta-faassenii-snowflake-tamme-talu-urdiaed.jpg\",\"contentUrl\":\"https:\/\/tammetalu.eu\/wp-content\/uploads\/2024\/03\/nepeta-faassenii-snowflake-tamme-talu-urdiaed.jpg\",\"width\":1200,\"height\":1200,\"caption\":\"nepeta-faassenii-snowflake-tamme-talu-urdiaed\"},{\"@type\":\"BreadcrumbList\",\"@id\":\"https:\/\/tammetalu.eu\/toode\/faasseni-naistenoges-nepeta-faassenii-alba\/#breadcrumb\",\"itemListElement\":[{\"@type\":\"ListItem\",\"position\":1,\"name\":\"Home\",\"item\":\"https:\/\/tammetalu.eu\/lv\/galvena-lapa\/\"},{\"@type\":\"ListItem\",\"position\":2,\"name\":\"Shop\",\"item\":\"https:\/\/tammetalu.eu\/lv\/shop\/\"},{\"@type\":\"ListItem\",\"position\":3,\"name\":\"Faasseni naisten\u00f5ges Nepeta faassenii &#8220;Alba&#8221;\"}]},{\"@type\":\"WebSite\",\"@id\":\"https:\/\/tammetalu.eu\/#website\",\"url\":\"https:\/\/tammetalu.eu\/\",\"name\":\"Tamme talu \u00fcrdiaed\",\"description\":\"K\u00e4sit\u00f6\u00f6na valmistatud tooted \u00fcrtidest, \u00fcrdiistikud, \u00fcrtide kollektsioonaed\",\"publisher\":{\"@id\":\"https:\/\/tammetalu.eu\/#organization\"},\"alternateName\":\"Tamme talu\",\"potentialAction\":[{\"@type\":\"SearchAction\",\"target\":{\"@type\":\"EntryPoint\",\"urlTemplate\":\"https:\/\/tammetalu.eu\/?s={search_term_string}\"},\"query-input\":{\"@type\":\"PropertyValueSpecification\",\"valueRequired\":true,\"valueName\":\"search_term_string\"}}],\"inLanguage\":\"lv-LV\"},{\"@type\":\"Organization\",\"@id\":\"https:\/\/tammetalu.eu\/#organization\",\"name\":\"Tamme talu \u00fcrdiaed\",\"alternateName\":\"Tamme talu\",\"url\":\"https:\/\/tammetalu.eu\/\",\"logo\":{\"@type\":\"ImageObject\",\"inLanguage\":\"lv-LV\",\"@id\":\"https:\/\/tammetalu.eu\/#\/schema\/logo\/image\/\",\"url\":\"https:\/\/tammetalu.eu\/wp-content\/uploads\/2025\/01\/Tamme_talu_urdiaed.png\",\"contentUrl\":\"https:\/\/tammetalu.eu\/wp-content\/uploads\/2025\/01\/Tamme_talu_urdiaed.png\",\"width\":560,\"height\":560,\"caption\":\"Tamme talu \u00fcrdiaed\"},\"image\":{\"@id\":\"https:\/\/tammetalu.eu\/#\/schema\/logo\/image\/\"},\"sameAs\":[\"https:\/\/www.facebook.com\/TammeTaluUrdiaed\/?locale=et_EE\",\"https:\/\/www.instagram.com\/tammetaluurdiaed\/\"]}]}<\/script>\n<!-- \/ Yoast SEO plugin. -->","yoast_head_json":{"title":"Faasseni naisten\u00f5ges Nepeta faassenii \"Alba\" - Tamme talu \u00fcrdiaed","robots":{"index":"index","follow":"follow","max-snippet":"max-snippet:-1","max-image-preview":"max-image-preview:large","max-video-preview":"max-video-preview:-1"},"canonical":"https:\/\/tammetalu.eu\/toode\/faasseni-naistenoges-nepeta-faassenii-alba\/","og_locale":"lv_LV","og_type":"article","og_title":"Faasseni naisten\u00f5ges Nepeta faassenii \"Alba\" - Tamme talu \u00fcrdiaed","og_description":"Nepeta x faassenii  Faasseni naisten\u00f5gese sort \"Alba\"\u00a0 on veidi laiuva kasvukujuga (k\u00f5gus kuni 40 cm) l\u00f5hnavate v\u00e4ikeste lehtede ja juunist kuni augustini v\u00e4ikeste lumivalgete \u00f5itega p\u00fcsik kuiva kuni poolkuiva liivase mullaga kasvukohta. Kasvamiseks sobib p\u00e4ikesepaisteline kuni poolvarjuline kasvukoht. Peale\u00a0 \u00e4ra\u00f5itsenud \u00f5isikute \u00fchtlast tagasil\u00f5ikamist saab\u00a0 ergutada taime teiskordselt \u00f5itsema.\u00a0 Sort sobib kasvatamiseks suuremas potis. \u00d5isi ja lehti saab kasutada toitude kaunistamiseks v\u00f5i v\u00e4hesel m\u00e4\u00e4ral erinevatele roogadele lisamiseks. Kasside meelistaim aias.","og_url":"https:\/\/tammetalu.eu\/toode\/faasseni-naistenoges-nepeta-faassenii-alba\/","og_site_name":"Tamme talu \u00fcrdiaed","article_publisher":"https:\/\/www.facebook.com\/TammeTaluUrdiaed\/?locale=et_EE","article_modified_time":"2026-04-11T09:05:30+00:00","og_image":[{"width":1200,"height":1200,"url":"https:\/\/tammetalu.eu\/wp-content\/uploads\/2024\/03\/nepeta-faassenii-snowflake-tamme-talu-urdiaed.jpg","type":"image\/jpeg"}],"twitter_card":"summary_large_image","twitter_misc":{"Est. reading time":"1 minute"},"schema":{"@context":"https:\/\/schema.org","@graph":[{"@type":"WebPage","@id":"https:\/\/tammetalu.eu\/toode\/faasseni-naistenoges-nepeta-faassenii-alba\/","url":"https:\/\/tammetalu.eu\/toode\/faasseni-naistenoges-nepeta-faassenii-alba\/","name":"Faasseni naisten\u00f5ges Nepeta faassenii \"Alba\" - Tamme talu \u00fcrdiaed","isPartOf":{"@id":"https:\/\/tammetalu.eu\/#website"},"primaryImageOfPage":{"@id":"https:\/\/tammetalu.eu\/toode\/faasseni-naistenoges-nepeta-faassenii-alba\/#primaryimage"},"image":{"@id":"https:\/\/tammetalu.eu\/toode\/faasseni-naistenoges-nepeta-faassenii-alba\/#primaryimage"},"thumbnailUrl":"https:\/\/tammetalu.eu\/wp-content\/uploads\/2024\/03\/nepeta-faassenii-snowflake-tamme-talu-urdiaed.jpg","datePublished":"2025-03-25T20:20:15+00:00","dateModified":"2026-04-11T09:05:30+00:00","breadcrumb":{"@id":"https:\/\/tammetalu.eu\/toode\/faasseni-naistenoges-nepeta-faassenii-alba\/#breadcrumb"},"inLanguage":"lv-LV","potentialAction":[{"@type":"ReadAction","target":["https:\/\/tammetalu.eu\/toode\/faasseni-naistenoges-nepeta-faassenii-alba\/"]}]},{"@type":"ImageObject","inLanguage":"lv-LV","@id":"https:\/\/tammetalu.eu\/toode\/faasseni-naistenoges-nepeta-faassenii-alba\/#primaryimage","url":"https:\/\/tammetalu.eu\/wp-content\/uploads\/2024\/03\/nepeta-faassenii-snowflake-tamme-talu-urdiaed.jpg","contentUrl":"https:\/\/tammetalu.eu\/wp-content\/uploads\/2024\/03\/nepeta-faassenii-snowflake-tamme-talu-urdiaed.jpg","width":1200,"height":1200,"caption":"nepeta-faassenii-snowflake-tamme-talu-urdiaed"},{"@type":"BreadcrumbList","@id":"https:\/\/tammetalu.eu\/toode\/faasseni-naistenoges-nepeta-faassenii-alba\/#breadcrumb","itemListElement":[{"@type":"ListItem","position":1,"name":"Home","item":"https:\/\/tammetalu.eu\/lv\/galvena-lapa\/"},{"@type":"ListItem","position":2,"name":"Shop","item":"https:\/\/tammetalu.eu\/lv\/shop\/"},{"@type":"ListItem","position":3,"name":"Faasseni naisten\u00f5ges Nepeta faassenii &#8220;Alba&#8221;"}]},{"@type":"WebSite","@id":"https:\/\/tammetalu.eu\/#website","url":"https:\/\/tammetalu.eu\/","name":"Tamme talu \u00fcrdiaed","description":"K\u00e4sit\u00f6\u00f6na valmistatud tooted \u00fcrtidest, \u00fcrdiistikud, \u00fcrtide kollektsioonaed","publisher":{"@id":"https:\/\/tammetalu.eu\/#organization"},"alternateName":"Tamme talu","potentialAction":[{"@type":"SearchAction","target":{"@type":"EntryPoint","urlTemplate":"https:\/\/tammetalu.eu\/?s={search_term_string}"},"query-input":{"@type":"PropertyValueSpecification","valueRequired":true,"valueName":"search_term_string"}}],"inLanguage":"lv-LV"},{"@type":"Organization","@id":"https:\/\/tammetalu.eu\/#organization","name":"Tamme talu \u00fcrdiaed","alternateName":"Tamme talu","url":"https:\/\/tammetalu.eu\/","logo":{"@type":"ImageObject","inLanguage":"lv-LV","@id":"https:\/\/tammetalu.eu\/#\/schema\/logo\/image\/","url":"https:\/\/tammetalu.eu\/wp-content\/uploads\/2025\/01\/Tamme_talu_urdiaed.png","contentUrl":"https:\/\/tammetalu.eu\/wp-content\/uploads\/2025\/01\/Tamme_talu_urdiaed.png","width":560,"height":560,"caption":"Tamme talu \u00fcrdiaed"},"image":{"@id":"https:\/\/tammetalu.eu\/#\/schema\/logo\/image\/"},"sameAs":["https:\/\/www.facebook.com\/TammeTaluUrdiaed\/?locale=et_EE","https:\/\/www.instagram.com\/tammetaluurdiaed\/"]}]}},"_links":{"self":[{"href":"https:\/\/tammetalu.eu\/lv\/wp-json\/wp\/v2\/product\/24473","targetHints":{"allow":["GET"]}}],"collection":[{"href":"https:\/\/tammetalu.eu\/lv\/wp-json\/wp\/v2\/product"}],"about":[{"href":"https:\/\/tammetalu.eu\/lv\/wp-json\/wp\/v2\/types\/product"}],"wp:featuredmedia":[{"embeddable":true,"href":"https:\/\/tammetalu.eu\/lv\/wp-json\/wp\/v2\/media\/20124"}],"wp:attachment":[{"href":"https:\/\/tammetalu.eu\/lv\/wp-json\/wp\/v2\/media?parent=24473"}],"wp:term":[{"taxonomy":"product_brand","embeddable":true,"href":"https:\/\/tammetalu.eu\/lv\/wp-json\/wp\/v2\/product_brand?post=24473"},{"taxonomy":"product_cat","embeddable":true,"href":"https:\/\/tammetalu.eu\/lv\/wp-json\/wp\/v2\/product_cat?post=24473"},{"taxonomy":"product_tag","embeddable":true,"href":"https:\/\/tammetalu.eu\/lv\/wp-json\/wp\/v2\/product_tag?post=24473"}],"curies":[{"name":"wp","href":"https:\/\/api.w.org\/{rel}","templated":true}]}}