{"id":27336,"date":"2026-04-10T12:57:51","date_gmt":"2026-04-10T09:57:51","guid":{"rendered":"https:\/\/tammetalu.eu\/?post_type=product&#038;p=27336"},"modified":"2026-04-16T12:34:16","modified_gmt":"2026-04-16T09:34:16","slug":"siberi-naistenoges-nepeta-sibirica","status":"publish","type":"product","link":"https:\/\/tammetalu.eu\/lv\/toode\/siberi-naistenoges-nepeta-sibirica\/","title":{"rendered":"Siberi naisten\u00f5ges Nepeta sibirica"},"content":{"rendered":"<p data-start=\"491\" data-end=\"546\"><strong data-start=\"491\" data-end=\"546\">Miks valida siberi naisten\u00f5ges (<em data-start=\"525\" data-end=\"542\">Nepeta sibirica<\/em>)?<\/strong><\/p>\n<ul data-start=\"547\" data-end=\"698\">\n<li data-section-id=\"j3rc9o\" data-start=\"547\" data-end=\"588\">Pika \u00f5itsemisajaga dekoratiivne p\u00fcsik<\/li>\n<li data-section-id=\"6reuyd\" data-start=\"589\" data-end=\"624\">Aromaatsed lehed ja kaunid \u00f5ied<\/li>\n<li data-section-id=\"1ptedz1\" data-start=\"625\" data-end=\"672\">Sobib p\u00e4ikeselisse ja kuivemasse kasvukohta<\/li>\n<li data-section-id=\"1iisxg9\" data-start=\"673\" data-end=\"698\">Hea tolmeldajate taim<\/li>\n<\/ul>\n<p data-start=\"700\" data-end=\"818\" data-is-last-node=\"\" data-is-only-node=\"\">Siberi naisten\u00f5ges on ideaalne valik, kui soovid oma aeda lisada v\u00e4rvi, l\u00f5hna ja elurikkust minimaalse hooldusvaevaga.<\/p>\n","protected":false},"excerpt":{"rendered":"<p data-start=\"0\" data-end=\"226\">Siberi naisten\u00f5ges (<em data-start=\"20\" data-end=\"37\">Nepeta sibirica<\/em>) on aromaatne ja vastupidav p\u00fcsik, mis lisab aeda \u00f5rna v\u00e4rvi ja looduslikku ilu. Tema sinakaslillad \u00f5ied ja hallikasrohelised lehed loovad kauni koosluse ning \u00f5itsevad pikalt suve jooksul.<\/p>\n<p data-start=\"228\" data-end=\"489\">Taim sobib h\u00e4sti p\u00e4ikeselisse kasvukohta ning eelistab h\u00e4sti vett l\u00e4bilaskvat mulda. Siberi naisten\u00f5ges on v\u00e4hen\u00f5udlik, p\u00f5uakindel ja talvekindel, mist\u00f5ttu on see suurep\u00e4rane valik ka v\u00e4hest hoolt vajavasse aeda. Lisaks meelitab taim ligi mesilasi ja liblikaid. K\u00f5rgus kuni 80 cm.<\/p>\n<p data-start=\"491\" data-end=\"546\"><strong data-start=\"491\" data-end=\"546\">Miks valida siberi naisten\u00f5ges (<em data-start=\"525\" data-end=\"542\">Nepeta sibirica<\/em>)?<\/strong><\/p>\n<ul data-start=\"547\" data-end=\"698\">\n<li data-section-id=\"j3rc9o\" data-start=\"547\" data-end=\"588\">Pika \u00f5itsemisajaga dekoratiivne p\u00fcsik<\/li>\n<li data-section-id=\"6reuyd\" data-start=\"589\" data-end=\"624\">Aromaatsed lehed ja kaunid \u00f5ied<\/li>\n<li data-section-id=\"1ptedz1\" data-start=\"625\" data-end=\"672\">Sobib p\u00e4ikeselisse ja kuivemasse kasvukohta<\/li>\n<li data-section-id=\"1iisxg9\" data-start=\"673\" data-end=\"698\">Hea tolmeldajate taim<\/li>\n<\/ul>\n<p data-start=\"700\" data-end=\"818\" data-is-last-node=\"\" data-is-only-node=\"\">Siberi naisten\u00f5ges on ideaalne valik, kui soovid oma aeda lisada v\u00e4rvi, l\u00f5hna ja elurikkust minimaalse hooldusvaevaga.<\/p>\n","protected":false},"featured_media":27371,"template":"","meta":{"_acf_changed":false,"_et_pb_use_builder":"","_et_pb_old_content":"","_et_gb_content_width":"","inline_featured_image":false},"product_brand":[],"product_cat":[214,186],"product_tag":[],"class_list":{"0":"post-27336","1":"product","2":"type-product","3":"status-publish","4":"has-post-thumbnail","6":"product_cat-naistenogesed","7":"product_cat-maitse-ja-ravimtaimede-istikud","9":"first","10":"instock","11":"sale","12":"taxable","13":"shipping-taxable","14":"purchasable","15":"product-type-simple"},"acf":[],"yoast_head":"<!-- This site is optimized with the Yoast SEO plugin v26.4 - https:\/\/yoast.com\/wordpress\/plugins\/seo\/ -->\n<title>Siberi naisten\u00f5ges Nepeta sibirica - Tamme talu \u00fcrdiaed<\/title>\n<meta name=\"description\" content=\"Siberi naisten\u00f5ges (Nepeta sibirica) on aromaatne ja vastupidav p\u00fcsik, mis lisab aeda \u00f5rna v\u00e4rvi ja looduslikku ilu. Tema sinakaslillad \u00f5ied ja hallikasrohelised lehed loovad kauni koosluse ning \u00f5itsevad pikalt suve jooksul.Taim sobib h\u00e4sti p\u00e4ikeselisse kasvukohta ning eelistab h\u00e4sti vett l\u00e4bilaskvat mulda. Siberi naisten\u00f5ges on v\u00e4hen\u00f5udlik, p\u00f5uakindel ja talvekindel, mist\u00f5ttu on see suurep\u00e4rane valik ka v\u00e4hest hoolt vajavasse aeda. Lisaks meelitab taim ligi mesilasi ja liblikaid. K\u00f5rgus kuni 80 cm.\" \/>\n<meta name=\"robots\" content=\"index, follow, max-snippet:-1, max-image-preview:large, max-video-preview:-1\" \/>\n<link rel=\"canonical\" href=\"https:\/\/tammetalu.eu\/toode\/siberi-naistenoges-nepeta-sibirica\/\" \/>\n<meta property=\"og:locale\" content=\"lv_LV\" \/>\n<meta property=\"og:type\" content=\"article\" \/>\n<meta property=\"og:title\" content=\"Siberi naisten\u00f5ges Nepeta sibirica - Tamme talu \u00fcrdiaed\" \/>\n<meta property=\"og:description\" content=\"Siberi naisten\u00f5ges (Nepeta sibirica) on aromaatne ja vastupidav p\u00fcsik, mis lisab aeda \u00f5rna v\u00e4rvi ja looduslikku ilu. Tema sinakaslillad \u00f5ied ja hallikasrohelised lehed loovad kauni koosluse ning \u00f5itsevad pikalt suve jooksul.Taim sobib h\u00e4sti p\u00e4ikeselisse kasvukohta ning eelistab h\u00e4sti vett l\u00e4bilaskvat mulda. Siberi naisten\u00f5ges on v\u00e4hen\u00f5udlik, p\u00f5uakindel ja talvekindel, mist\u00f5ttu on see suurep\u00e4rane valik ka v\u00e4hest hoolt vajavasse aeda. Lisaks meelitab taim ligi mesilasi ja liblikaid. K\u00f5rgus kuni 80 cm.\" \/>\n<meta property=\"og:url\" content=\"https:\/\/tammetalu.eu\/toode\/siberi-naistenoges-nepeta-sibirica\/\" \/>\n<meta property=\"og:site_name\" content=\"Tamme talu \u00fcrdiaed\" \/>\n<meta property=\"article:publisher\" content=\"https:\/\/www.facebook.com\/TammeTaluUrdiaed\/?locale=et_EE\" \/>\n<meta property=\"article:modified_time\" content=\"2026-04-16T09:34:16+00:00\" \/>\n<meta property=\"og:image\" content=\"https:\/\/tammetalu.eu\/wp-content\/uploads\/2026\/04\/Siberi_naistenoges_Nepeta_sibirica_tamme_talu_urdiaed-1.jpg\" \/>\n\t<meta property=\"og:image:width\" content=\"500\" \/>\n\t<meta property=\"og:image:height\" content=\"751\" \/>\n\t<meta property=\"og:image:type\" content=\"image\/jpeg\" \/>\n<meta name=\"twitter:card\" content=\"summary_large_image\" \/>\n<meta name=\"twitter:label1\" content=\"Est. reading time\" \/>\n\t<meta name=\"twitter:data1\" content=\"1 minute\" \/>\n<script type=\"application\/ld+json\" class=\"yoast-schema-graph\">{\"@context\":\"https:\/\/schema.org\",\"@graph\":[{\"@type\":\"WebPage\",\"@id\":\"https:\/\/tammetalu.eu\/toode\/siberi-naistenoges-nepeta-sibirica\/\",\"url\":\"https:\/\/tammetalu.eu\/toode\/siberi-naistenoges-nepeta-sibirica\/\",\"name\":\"Siberi naisten\u00f5ges Nepeta sibirica - Tamme talu \u00fcrdiaed\",\"isPartOf\":{\"@id\":\"https:\/\/tammetalu.eu\/#website\"},\"primaryImageOfPage\":{\"@id\":\"https:\/\/tammetalu.eu\/toode\/siberi-naistenoges-nepeta-sibirica\/#primaryimage\"},\"image\":{\"@id\":\"https:\/\/tammetalu.eu\/toode\/siberi-naistenoges-nepeta-sibirica\/#primaryimage\"},\"thumbnailUrl\":\"https:\/\/tammetalu.eu\/wp-content\/uploads\/2026\/04\/Siberi_naistenoges_Nepeta_sibirica_tamme_talu_urdiaed-1.jpg\",\"datePublished\":\"2026-04-10T09:57:51+00:00\",\"dateModified\":\"2026-04-16T09:34:16+00:00\",\"description\":\"Siberi naisten\u00f5ges (Nepeta sibirica) on aromaatne ja vastupidav p\u00fcsik, mis lisab aeda \u00f5rna v\u00e4rvi ja looduslikku ilu. Tema sinakaslillad \u00f5ied ja hallikasrohelised lehed loovad kauni koosluse ning \u00f5itsevad pikalt suve jooksul.Taim sobib h\u00e4sti p\u00e4ikeselisse kasvukohta ning eelistab h\u00e4sti vett l\u00e4bilaskvat mulda. Siberi naisten\u00f5ges on v\u00e4hen\u00f5udlik, p\u00f5uakindel ja talvekindel, mist\u00f5ttu on see suurep\u00e4rane valik ka v\u00e4hest hoolt vajavasse aeda. Lisaks meelitab taim ligi mesilasi ja liblikaid. K\u00f5rgus kuni 80 cm.\",\"breadcrumb\":{\"@id\":\"https:\/\/tammetalu.eu\/toode\/siberi-naistenoges-nepeta-sibirica\/#breadcrumb\"},\"inLanguage\":\"lv-LV\",\"potentialAction\":[{\"@type\":\"ReadAction\",\"target\":[\"https:\/\/tammetalu.eu\/toode\/siberi-naistenoges-nepeta-sibirica\/\"]}]},{\"@type\":\"ImageObject\",\"inLanguage\":\"lv-LV\",\"@id\":\"https:\/\/tammetalu.eu\/toode\/siberi-naistenoges-nepeta-sibirica\/#primaryimage\",\"url\":\"https:\/\/tammetalu.eu\/wp-content\/uploads\/2026\/04\/Siberi_naistenoges_Nepeta_sibirica_tamme_talu_urdiaed-1.jpg\",\"contentUrl\":\"https:\/\/tammetalu.eu\/wp-content\/uploads\/2026\/04\/Siberi_naistenoges_Nepeta_sibirica_tamme_talu_urdiaed-1.jpg\",\"width\":500,\"height\":751,\"caption\":\"Siberi_naistenoges_Nepeta_sibirica_tamme_talu_urdiaed\"},{\"@type\":\"BreadcrumbList\",\"@id\":\"https:\/\/tammetalu.eu\/toode\/siberi-naistenoges-nepeta-sibirica\/#breadcrumb\",\"itemListElement\":[{\"@type\":\"ListItem\",\"position\":1,\"name\":\"Home\",\"item\":\"https:\/\/tammetalu.eu\/lv\/galvena-lapa\/\"},{\"@type\":\"ListItem\",\"position\":2,\"name\":\"Shop\",\"item\":\"https:\/\/tammetalu.eu\/lv\/shop\/\"},{\"@type\":\"ListItem\",\"position\":3,\"name\":\"Siberi naisten\u00f5ges Nepeta sibirica\"}]},{\"@type\":\"WebSite\",\"@id\":\"https:\/\/tammetalu.eu\/#website\",\"url\":\"https:\/\/tammetalu.eu\/\",\"name\":\"Tamme talu \u00fcrdiaed\",\"description\":\"K\u00e4sit\u00f6\u00f6na valmistatud tooted \u00fcrtidest, \u00fcrdiistikud, \u00fcrtide kollektsioonaed\",\"publisher\":{\"@id\":\"https:\/\/tammetalu.eu\/#organization\"},\"alternateName\":\"Tamme talu\",\"potentialAction\":[{\"@type\":\"SearchAction\",\"target\":{\"@type\":\"EntryPoint\",\"urlTemplate\":\"https:\/\/tammetalu.eu\/?s={search_term_string}\"},\"query-input\":{\"@type\":\"PropertyValueSpecification\",\"valueRequired\":true,\"valueName\":\"search_term_string\"}}],\"inLanguage\":\"lv-LV\"},{\"@type\":\"Organization\",\"@id\":\"https:\/\/tammetalu.eu\/#organization\",\"name\":\"Tamme talu \u00fcrdiaed\",\"alternateName\":\"Tamme talu\",\"url\":\"https:\/\/tammetalu.eu\/\",\"logo\":{\"@type\":\"ImageObject\",\"inLanguage\":\"lv-LV\",\"@id\":\"https:\/\/tammetalu.eu\/#\/schema\/logo\/image\/\",\"url\":\"https:\/\/tammetalu.eu\/wp-content\/uploads\/2025\/01\/Tamme_talu_urdiaed.png\",\"contentUrl\":\"https:\/\/tammetalu.eu\/wp-content\/uploads\/2025\/01\/Tamme_talu_urdiaed.png\",\"width\":560,\"height\":560,\"caption\":\"Tamme talu \u00fcrdiaed\"},\"image\":{\"@id\":\"https:\/\/tammetalu.eu\/#\/schema\/logo\/image\/\"},\"sameAs\":[\"https:\/\/www.facebook.com\/TammeTaluUrdiaed\/?locale=et_EE\",\"https:\/\/www.instagram.com\/tammetaluurdiaed\/\"]}]}<\/script>\n<!-- \/ Yoast SEO plugin. -->","yoast_head_json":{"title":"Siberi naisten\u00f5ges Nepeta sibirica - Tamme talu \u00fcrdiaed","description":"Siberi naisten\u00f5ges (Nepeta sibirica) on aromaatne ja vastupidav p\u00fcsik, mis lisab aeda \u00f5rna v\u00e4rvi ja looduslikku ilu. Tema sinakaslillad \u00f5ied ja hallikasrohelised lehed loovad kauni koosluse ning \u00f5itsevad pikalt suve jooksul.Taim sobib h\u00e4sti p\u00e4ikeselisse kasvukohta ning eelistab h\u00e4sti vett l\u00e4bilaskvat mulda. Siberi naisten\u00f5ges on v\u00e4hen\u00f5udlik, p\u00f5uakindel ja talvekindel, mist\u00f5ttu on see suurep\u00e4rane valik ka v\u00e4hest hoolt vajavasse aeda. Lisaks meelitab taim ligi mesilasi ja liblikaid. K\u00f5rgus kuni 80 cm.","robots":{"index":"index","follow":"follow","max-snippet":"max-snippet:-1","max-image-preview":"max-image-preview:large","max-video-preview":"max-video-preview:-1"},"canonical":"https:\/\/tammetalu.eu\/toode\/siberi-naistenoges-nepeta-sibirica\/","og_locale":"lv_LV","og_type":"article","og_title":"Siberi naisten\u00f5ges Nepeta sibirica - Tamme talu \u00fcrdiaed","og_description":"Siberi naisten\u00f5ges (Nepeta sibirica) on aromaatne ja vastupidav p\u00fcsik, mis lisab aeda \u00f5rna v\u00e4rvi ja looduslikku ilu. Tema sinakaslillad \u00f5ied ja hallikasrohelised lehed loovad kauni koosluse ning \u00f5itsevad pikalt suve jooksul.Taim sobib h\u00e4sti p\u00e4ikeselisse kasvukohta ning eelistab h\u00e4sti vett l\u00e4bilaskvat mulda. Siberi naisten\u00f5ges on v\u00e4hen\u00f5udlik, p\u00f5uakindel ja talvekindel, mist\u00f5ttu on see suurep\u00e4rane valik ka v\u00e4hest hoolt vajavasse aeda. Lisaks meelitab taim ligi mesilasi ja liblikaid. K\u00f5rgus kuni 80 cm.","og_url":"https:\/\/tammetalu.eu\/toode\/siberi-naistenoges-nepeta-sibirica\/","og_site_name":"Tamme talu \u00fcrdiaed","article_publisher":"https:\/\/www.facebook.com\/TammeTaluUrdiaed\/?locale=et_EE","article_modified_time":"2026-04-16T09:34:16+00:00","og_image":[{"width":500,"height":751,"url":"https:\/\/tammetalu.eu\/wp-content\/uploads\/2026\/04\/Siberi_naistenoges_Nepeta_sibirica_tamme_talu_urdiaed-1.jpg","type":"image\/jpeg"}],"twitter_card":"summary_large_image","twitter_misc":{"Est. reading time":"1 minute"},"schema":{"@context":"https:\/\/schema.org","@graph":[{"@type":"WebPage","@id":"https:\/\/tammetalu.eu\/toode\/siberi-naistenoges-nepeta-sibirica\/","url":"https:\/\/tammetalu.eu\/toode\/siberi-naistenoges-nepeta-sibirica\/","name":"Siberi naisten\u00f5ges Nepeta sibirica - Tamme talu \u00fcrdiaed","isPartOf":{"@id":"https:\/\/tammetalu.eu\/#website"},"primaryImageOfPage":{"@id":"https:\/\/tammetalu.eu\/toode\/siberi-naistenoges-nepeta-sibirica\/#primaryimage"},"image":{"@id":"https:\/\/tammetalu.eu\/toode\/siberi-naistenoges-nepeta-sibirica\/#primaryimage"},"thumbnailUrl":"https:\/\/tammetalu.eu\/wp-content\/uploads\/2026\/04\/Siberi_naistenoges_Nepeta_sibirica_tamme_talu_urdiaed-1.jpg","datePublished":"2026-04-10T09:57:51+00:00","dateModified":"2026-04-16T09:34:16+00:00","description":"Siberi naisten\u00f5ges (Nepeta sibirica) on aromaatne ja vastupidav p\u00fcsik, mis lisab aeda \u00f5rna v\u00e4rvi ja looduslikku ilu. Tema sinakaslillad \u00f5ied ja hallikasrohelised lehed loovad kauni koosluse ning \u00f5itsevad pikalt suve jooksul.Taim sobib h\u00e4sti p\u00e4ikeselisse kasvukohta ning eelistab h\u00e4sti vett l\u00e4bilaskvat mulda. Siberi naisten\u00f5ges on v\u00e4hen\u00f5udlik, p\u00f5uakindel ja talvekindel, mist\u00f5ttu on see suurep\u00e4rane valik ka v\u00e4hest hoolt vajavasse aeda. Lisaks meelitab taim ligi mesilasi ja liblikaid. K\u00f5rgus kuni 80 cm.","breadcrumb":{"@id":"https:\/\/tammetalu.eu\/toode\/siberi-naistenoges-nepeta-sibirica\/#breadcrumb"},"inLanguage":"lv-LV","potentialAction":[{"@type":"ReadAction","target":["https:\/\/tammetalu.eu\/toode\/siberi-naistenoges-nepeta-sibirica\/"]}]},{"@type":"ImageObject","inLanguage":"lv-LV","@id":"https:\/\/tammetalu.eu\/toode\/siberi-naistenoges-nepeta-sibirica\/#primaryimage","url":"https:\/\/tammetalu.eu\/wp-content\/uploads\/2026\/04\/Siberi_naistenoges_Nepeta_sibirica_tamme_talu_urdiaed-1.jpg","contentUrl":"https:\/\/tammetalu.eu\/wp-content\/uploads\/2026\/04\/Siberi_naistenoges_Nepeta_sibirica_tamme_talu_urdiaed-1.jpg","width":500,"height":751,"caption":"Siberi_naistenoges_Nepeta_sibirica_tamme_talu_urdiaed"},{"@type":"BreadcrumbList","@id":"https:\/\/tammetalu.eu\/toode\/siberi-naistenoges-nepeta-sibirica\/#breadcrumb","itemListElement":[{"@type":"ListItem","position":1,"name":"Home","item":"https:\/\/tammetalu.eu\/lv\/galvena-lapa\/"},{"@type":"ListItem","position":2,"name":"Shop","item":"https:\/\/tammetalu.eu\/lv\/shop\/"},{"@type":"ListItem","position":3,"name":"Siberi naisten\u00f5ges Nepeta sibirica"}]},{"@type":"WebSite","@id":"https:\/\/tammetalu.eu\/#website","url":"https:\/\/tammetalu.eu\/","name":"Tamme talu \u00fcrdiaed","description":"K\u00e4sit\u00f6\u00f6na valmistatud tooted \u00fcrtidest, \u00fcrdiistikud, \u00fcrtide kollektsioonaed","publisher":{"@id":"https:\/\/tammetalu.eu\/#organization"},"alternateName":"Tamme talu","potentialAction":[{"@type":"SearchAction","target":{"@type":"EntryPoint","urlTemplate":"https:\/\/tammetalu.eu\/?s={search_term_string}"},"query-input":{"@type":"PropertyValueSpecification","valueRequired":true,"valueName":"search_term_string"}}],"inLanguage":"lv-LV"},{"@type":"Organization","@id":"https:\/\/tammetalu.eu\/#organization","name":"Tamme talu \u00fcrdiaed","alternateName":"Tamme talu","url":"https:\/\/tammetalu.eu\/","logo":{"@type":"ImageObject","inLanguage":"lv-LV","@id":"https:\/\/tammetalu.eu\/#\/schema\/logo\/image\/","url":"https:\/\/tammetalu.eu\/wp-content\/uploads\/2025\/01\/Tamme_talu_urdiaed.png","contentUrl":"https:\/\/tammetalu.eu\/wp-content\/uploads\/2025\/01\/Tamme_talu_urdiaed.png","width":560,"height":560,"caption":"Tamme talu \u00fcrdiaed"},"image":{"@id":"https:\/\/tammetalu.eu\/#\/schema\/logo\/image\/"},"sameAs":["https:\/\/www.facebook.com\/TammeTaluUrdiaed\/?locale=et_EE","https:\/\/www.instagram.com\/tammetaluurdiaed\/"]}]}},"_links":{"self":[{"href":"https:\/\/tammetalu.eu\/lv\/wp-json\/wp\/v2\/product\/27336","targetHints":{"allow":["GET"]}}],"collection":[{"href":"https:\/\/tammetalu.eu\/lv\/wp-json\/wp\/v2\/product"}],"about":[{"href":"https:\/\/tammetalu.eu\/lv\/wp-json\/wp\/v2\/types\/product"}],"wp:featuredmedia":[{"embeddable":true,"href":"https:\/\/tammetalu.eu\/lv\/wp-json\/wp\/v2\/media\/27371"}],"wp:attachment":[{"href":"https:\/\/tammetalu.eu\/lv\/wp-json\/wp\/v2\/media?parent=27336"}],"wp:term":[{"taxonomy":"product_brand","embeddable":true,"href":"https:\/\/tammetalu.eu\/lv\/wp-json\/wp\/v2\/product_brand?post=27336"},{"taxonomy":"product_cat","embeddable":true,"href":"https:\/\/tammetalu.eu\/lv\/wp-json\/wp\/v2\/product_cat?post=27336"},{"taxonomy":"product_tag","embeddable":true,"href":"https:\/\/tammetalu.eu\/lv\/wp-json\/wp\/v2\/product_tag?post=27336"}],"curies":[{"name":"wp","href":"https:\/\/api.w.org\/{rel}","templated":true}]}}