{"id":27343,"date":"2026-04-15T16:09:05","date_gmt":"2026-04-15T13:09:05","guid":{"rendered":"https:\/\/tammetalu.eu\/?post_type=product&#038;p=27343"},"modified":"2026-04-16T12:40:25","modified_gmt":"2026-04-16T09:40:25","slug":"nurmlauk-hair-allium-vineale","status":"publish","type":"product","link":"https:\/\/tammetalu.eu\/lv\/toode\/nurmlauk-hair-allium-vineale\/","title":{"rendered":"Nurmlauk &#8220;Hair&#8221; Allium vineale"},"content":{"rendered":"","protected":false},"excerpt":{"rendered":"<p data-start=\"0\" data-end=\"233\">Nurmlauk (<em data-start=\"10\" data-end=\"26\">Allium vineale<\/em>) on vastupidav ja loodusl\u00e4hedane lauk, mis sobib h\u00e4sti nii iluaeda kui ka looduslikele istutusaladele. Selle peened, k\u00f5rged varred ja \u00f5hulised roosakaslillad \u00f5isikud lisavad aeda kergust ja liikumist.<\/p>\n<p data-start=\"235\" data-end=\"495\">Taim on v\u00e4hen\u00f5udlik ning kasvab h\u00e4sti p\u00e4ikeselises kasvukohas, eelistades kuivemat ja vett h\u00e4sti l\u00e4bilaskvat mulda. Nurmlauk on talvekindel ja levib ajapikku, moodustades loodusliku ilmega kooslusi. Lisaks meelitab see taim ligi mesilasi ja teisi tolmeldajaid. K\u00f5rgus 0,1 &#8211; 0,4 m.<\/p>\n<p data-start=\"497\" data-end=\"541\"><strong data-start=\"497\" data-end=\"541\">Miks valida nurmlauk (<em data-start=\"521\" data-end=\"537\">Allium vineale<\/em>)?<\/strong><\/p>\n<ul data-start=\"542\" data-end=\"687\">\n<li data-section-id=\"s0x0yk\" data-start=\"542\" data-end=\"579\">\u00d5huline ja loodusl\u00e4hedane v\u00e4limus<\/li>\n<li data-section-id=\"1ao7ut9\" data-start=\"580\" data-end=\"627\">Sobib kuivemasse ja p\u00e4ikeselisse kasvukohta<\/li>\n<li data-section-id=\"1iisxg9\" data-start=\"628\" data-end=\"653\">Hea tolmeldajate taim<\/li>\n<li data-section-id=\"2wh3zu\" data-start=\"654\" data-end=\"687\">Vastupidav ja lihtne hooldada<\/li>\n<\/ul>\n<p data-start=\"689\" data-end=\"790\" data-is-last-node=\"\" data-is-only-node=\"\">Nurmlauk on ideaalne valik aeda, kus hinnatakse loomulikku ilu, v\u00e4hest hooldusvajadust ja elurikkust.<\/p>\n","protected":false},"featured_media":27366,"template":"","meta":{"_acf_changed":false,"_et_pb_use_builder":"","_et_pb_old_content":"","_et_gb_content_width":"","inline_featured_image":false},"product_brand":[],"product_cat":[201],"product_tag":[],"class_list":{"0":"post-27343","1":"product","2":"type-product","3":"status-publish","4":"has-post-thumbnail","6":"product_cat-laugud","8":"first","9":"instock","10":"sale","11":"taxable","12":"shipping-taxable","13":"purchasable","14":"product-type-simple"},"acf":[],"yoast_head":"<!-- This site is optimized with the Yoast SEO plugin v26.4 - https:\/\/yoast.com\/wordpress\/plugins\/seo\/ -->\n<title>Nurmlauk &quot;Hair&quot; Allium vineale - Tamme talu \u00fcrdiaed<\/title>\n<meta name=\"description\" content=\"Nurmlauk (Allium vineale) on vastupidav ja loodusl\u00e4hedane lauk, mis sobib h\u00e4sti nii iluaeda kui ka looduslikele istutusaladele. Selle peened, k\u00f5rged varred ja \u00f5hulised roosakaslillad \u00f5isikud lisavad aeda kergust ja liikumist.Taim on v\u00e4hen\u00f5udlik ning kasvab h\u00e4sti p\u00e4ikeselises kasvukohas, eelistades kuivemat ja vett h\u00e4sti l\u00e4bilaskvat mulda. Nurmlauk on talvekindel ja levib ajapikku, moodustades loodusliku ilmega kooslusi. Lisaks meelitab see taim ligi mesilasi ja teisi tolmeldajaid.\" \/>\n<meta name=\"robots\" content=\"index, follow, max-snippet:-1, max-image-preview:large, max-video-preview:-1\" \/>\n<link rel=\"canonical\" href=\"https:\/\/tammetalu.eu\/toode\/nurmlauk-hair-allium-vineale\/\" \/>\n<meta property=\"og:locale\" content=\"lv_LV\" \/>\n<meta property=\"og:type\" content=\"article\" \/>\n<meta property=\"og:title\" content=\"Nurmlauk &quot;Hair&quot; Allium vineale - Tamme talu \u00fcrdiaed\" \/>\n<meta property=\"og:description\" content=\"Nurmlauk (Allium vineale) on vastupidav ja loodusl\u00e4hedane lauk, mis sobib h\u00e4sti nii iluaeda kui ka looduslikele istutusaladele. Selle peened, k\u00f5rged varred ja \u00f5hulised roosakaslillad \u00f5isikud lisavad aeda kergust ja liikumist.Taim on v\u00e4hen\u00f5udlik ning kasvab h\u00e4sti p\u00e4ikeselises kasvukohas, eelistades kuivemat ja vett h\u00e4sti l\u00e4bilaskvat mulda. Nurmlauk on talvekindel ja levib ajapikku, moodustades loodusliku ilmega kooslusi. Lisaks meelitab see taim ligi mesilasi ja teisi tolmeldajaid.\" \/>\n<meta property=\"og:url\" content=\"https:\/\/tammetalu.eu\/toode\/nurmlauk-hair-allium-vineale\/\" \/>\n<meta property=\"og:site_name\" content=\"Tamme talu \u00fcrdiaed\" \/>\n<meta property=\"article:publisher\" content=\"https:\/\/www.facebook.com\/TammeTaluUrdiaed\/?locale=et_EE\" \/>\n<meta property=\"article:modified_time\" content=\"2026-04-16T09:40:25+00:00\" \/>\n<meta property=\"og:image\" content=\"https:\/\/tammetalu.eu\/wp-content\/uploads\/2026\/04\/nurmlauk-hair-Allium-vineale-tamme-talu-urdiaed-1.jpg\" \/>\n\t<meta property=\"og:image:width\" content=\"600\" \/>\n\t<meta property=\"og:image:height\" content=\"600\" \/>\n\t<meta property=\"og:image:type\" content=\"image\/jpeg\" \/>\n<meta name=\"twitter:card\" content=\"summary_large_image\" \/>\n<meta name=\"twitter:label1\" content=\"Est. reading time\" \/>\n\t<meta name=\"twitter:data1\" content=\"1 minute\" \/>\n<script type=\"application\/ld+json\" class=\"yoast-schema-graph\">{\"@context\":\"https:\/\/schema.org\",\"@graph\":[{\"@type\":\"WebPage\",\"@id\":\"https:\/\/tammetalu.eu\/toode\/nurmlauk-hair-allium-vineale\/\",\"url\":\"https:\/\/tammetalu.eu\/toode\/nurmlauk-hair-allium-vineale\/\",\"name\":\"Nurmlauk \\\"Hair\\\" Allium vineale - Tamme talu \u00fcrdiaed\",\"isPartOf\":{\"@id\":\"https:\/\/tammetalu.eu\/#website\"},\"primaryImageOfPage\":{\"@id\":\"https:\/\/tammetalu.eu\/toode\/nurmlauk-hair-allium-vineale\/#primaryimage\"},\"image\":{\"@id\":\"https:\/\/tammetalu.eu\/toode\/nurmlauk-hair-allium-vineale\/#primaryimage\"},\"thumbnailUrl\":\"https:\/\/tammetalu.eu\/wp-content\/uploads\/2026\/04\/nurmlauk-hair-Allium-vineale-tamme-talu-urdiaed-1.jpg\",\"datePublished\":\"2026-04-15T13:09:05+00:00\",\"dateModified\":\"2026-04-16T09:40:25+00:00\",\"description\":\"Nurmlauk (Allium vineale) on vastupidav ja loodusl\u00e4hedane lauk, mis sobib h\u00e4sti nii iluaeda kui ka looduslikele istutusaladele. Selle peened, k\u00f5rged varred ja \u00f5hulised roosakaslillad \u00f5isikud lisavad aeda kergust ja liikumist.Taim on v\u00e4hen\u00f5udlik ning kasvab h\u00e4sti p\u00e4ikeselises kasvukohas, eelistades kuivemat ja vett h\u00e4sti l\u00e4bilaskvat mulda. Nurmlauk on talvekindel ja levib ajapikku, moodustades loodusliku ilmega kooslusi. Lisaks meelitab see taim ligi mesilasi ja teisi tolmeldajaid.\",\"breadcrumb\":{\"@id\":\"https:\/\/tammetalu.eu\/toode\/nurmlauk-hair-allium-vineale\/#breadcrumb\"},\"inLanguage\":\"lv-LV\",\"potentialAction\":[{\"@type\":\"ReadAction\",\"target\":[\"https:\/\/tammetalu.eu\/toode\/nurmlauk-hair-allium-vineale\/\"]}]},{\"@type\":\"ImageObject\",\"inLanguage\":\"lv-LV\",\"@id\":\"https:\/\/tammetalu.eu\/toode\/nurmlauk-hair-allium-vineale\/#primaryimage\",\"url\":\"https:\/\/tammetalu.eu\/wp-content\/uploads\/2026\/04\/nurmlauk-hair-Allium-vineale-tamme-talu-urdiaed-1.jpg\",\"contentUrl\":\"https:\/\/tammetalu.eu\/wp-content\/uploads\/2026\/04\/nurmlauk-hair-Allium-vineale-tamme-talu-urdiaed-1.jpg\",\"width\":600,\"height\":600},{\"@type\":\"BreadcrumbList\",\"@id\":\"https:\/\/tammetalu.eu\/toode\/nurmlauk-hair-allium-vineale\/#breadcrumb\",\"itemListElement\":[{\"@type\":\"ListItem\",\"position\":1,\"name\":\"Home\",\"item\":\"https:\/\/tammetalu.eu\/lv\/galvena-lapa\/\"},{\"@type\":\"ListItem\",\"position\":2,\"name\":\"Shop\",\"item\":\"https:\/\/tammetalu.eu\/lv\/shop\/\"},{\"@type\":\"ListItem\",\"position\":3,\"name\":\"Nurmlauk &#8220;Hair&#8221; Allium vineale\"}]},{\"@type\":\"WebSite\",\"@id\":\"https:\/\/tammetalu.eu\/#website\",\"url\":\"https:\/\/tammetalu.eu\/\",\"name\":\"Tamme talu \u00fcrdiaed\",\"description\":\"K\u00e4sit\u00f6\u00f6na valmistatud tooted \u00fcrtidest, \u00fcrdiistikud, \u00fcrtide kollektsioonaed\",\"publisher\":{\"@id\":\"https:\/\/tammetalu.eu\/#organization\"},\"alternateName\":\"Tamme talu\",\"potentialAction\":[{\"@type\":\"SearchAction\",\"target\":{\"@type\":\"EntryPoint\",\"urlTemplate\":\"https:\/\/tammetalu.eu\/?s={search_term_string}\"},\"query-input\":{\"@type\":\"PropertyValueSpecification\",\"valueRequired\":true,\"valueName\":\"search_term_string\"}}],\"inLanguage\":\"lv-LV\"},{\"@type\":\"Organization\",\"@id\":\"https:\/\/tammetalu.eu\/#organization\",\"name\":\"Tamme talu \u00fcrdiaed\",\"alternateName\":\"Tamme talu\",\"url\":\"https:\/\/tammetalu.eu\/\",\"logo\":{\"@type\":\"ImageObject\",\"inLanguage\":\"lv-LV\",\"@id\":\"https:\/\/tammetalu.eu\/#\/schema\/logo\/image\/\",\"url\":\"https:\/\/tammetalu.eu\/wp-content\/uploads\/2025\/01\/Tamme_talu_urdiaed.png\",\"contentUrl\":\"https:\/\/tammetalu.eu\/wp-content\/uploads\/2025\/01\/Tamme_talu_urdiaed.png\",\"width\":560,\"height\":560,\"caption\":\"Tamme talu \u00fcrdiaed\"},\"image\":{\"@id\":\"https:\/\/tammetalu.eu\/#\/schema\/logo\/image\/\"},\"sameAs\":[\"https:\/\/www.facebook.com\/TammeTaluUrdiaed\/?locale=et_EE\",\"https:\/\/www.instagram.com\/tammetaluurdiaed\/\"]}]}<\/script>\n<!-- \/ Yoast SEO plugin. -->","yoast_head_json":{"title":"Nurmlauk \"Hair\" Allium vineale - Tamme talu \u00fcrdiaed","description":"Nurmlauk (Allium vineale) on vastupidav ja loodusl\u00e4hedane lauk, mis sobib h\u00e4sti nii iluaeda kui ka looduslikele istutusaladele. Selle peened, k\u00f5rged varred ja \u00f5hulised roosakaslillad \u00f5isikud lisavad aeda kergust ja liikumist.Taim on v\u00e4hen\u00f5udlik ning kasvab h\u00e4sti p\u00e4ikeselises kasvukohas, eelistades kuivemat ja vett h\u00e4sti l\u00e4bilaskvat mulda. Nurmlauk on talvekindel ja levib ajapikku, moodustades loodusliku ilmega kooslusi. Lisaks meelitab see taim ligi mesilasi ja teisi tolmeldajaid.","robots":{"index":"index","follow":"follow","max-snippet":"max-snippet:-1","max-image-preview":"max-image-preview:large","max-video-preview":"max-video-preview:-1"},"canonical":"https:\/\/tammetalu.eu\/toode\/nurmlauk-hair-allium-vineale\/","og_locale":"lv_LV","og_type":"article","og_title":"Nurmlauk \"Hair\" Allium vineale - Tamme talu \u00fcrdiaed","og_description":"Nurmlauk (Allium vineale) on vastupidav ja loodusl\u00e4hedane lauk, mis sobib h\u00e4sti nii iluaeda kui ka looduslikele istutusaladele. Selle peened, k\u00f5rged varred ja \u00f5hulised roosakaslillad \u00f5isikud lisavad aeda kergust ja liikumist.Taim on v\u00e4hen\u00f5udlik ning kasvab h\u00e4sti p\u00e4ikeselises kasvukohas, eelistades kuivemat ja vett h\u00e4sti l\u00e4bilaskvat mulda. Nurmlauk on talvekindel ja levib ajapikku, moodustades loodusliku ilmega kooslusi. Lisaks meelitab see taim ligi mesilasi ja teisi tolmeldajaid.","og_url":"https:\/\/tammetalu.eu\/toode\/nurmlauk-hair-allium-vineale\/","og_site_name":"Tamme talu \u00fcrdiaed","article_publisher":"https:\/\/www.facebook.com\/TammeTaluUrdiaed\/?locale=et_EE","article_modified_time":"2026-04-16T09:40:25+00:00","og_image":[{"width":600,"height":600,"url":"https:\/\/tammetalu.eu\/wp-content\/uploads\/2026\/04\/nurmlauk-hair-Allium-vineale-tamme-talu-urdiaed-1.jpg","type":"image\/jpeg"}],"twitter_card":"summary_large_image","twitter_misc":{"Est. reading time":"1 minute"},"schema":{"@context":"https:\/\/schema.org","@graph":[{"@type":"WebPage","@id":"https:\/\/tammetalu.eu\/toode\/nurmlauk-hair-allium-vineale\/","url":"https:\/\/tammetalu.eu\/toode\/nurmlauk-hair-allium-vineale\/","name":"Nurmlauk \"Hair\" Allium vineale - Tamme talu \u00fcrdiaed","isPartOf":{"@id":"https:\/\/tammetalu.eu\/#website"},"primaryImageOfPage":{"@id":"https:\/\/tammetalu.eu\/toode\/nurmlauk-hair-allium-vineale\/#primaryimage"},"image":{"@id":"https:\/\/tammetalu.eu\/toode\/nurmlauk-hair-allium-vineale\/#primaryimage"},"thumbnailUrl":"https:\/\/tammetalu.eu\/wp-content\/uploads\/2026\/04\/nurmlauk-hair-Allium-vineale-tamme-talu-urdiaed-1.jpg","datePublished":"2026-04-15T13:09:05+00:00","dateModified":"2026-04-16T09:40:25+00:00","description":"Nurmlauk (Allium vineale) on vastupidav ja loodusl\u00e4hedane lauk, mis sobib h\u00e4sti nii iluaeda kui ka looduslikele istutusaladele. Selle peened, k\u00f5rged varred ja \u00f5hulised roosakaslillad \u00f5isikud lisavad aeda kergust ja liikumist.Taim on v\u00e4hen\u00f5udlik ning kasvab h\u00e4sti p\u00e4ikeselises kasvukohas, eelistades kuivemat ja vett h\u00e4sti l\u00e4bilaskvat mulda. Nurmlauk on talvekindel ja levib ajapikku, moodustades loodusliku ilmega kooslusi. Lisaks meelitab see taim ligi mesilasi ja teisi tolmeldajaid.","breadcrumb":{"@id":"https:\/\/tammetalu.eu\/toode\/nurmlauk-hair-allium-vineale\/#breadcrumb"},"inLanguage":"lv-LV","potentialAction":[{"@type":"ReadAction","target":["https:\/\/tammetalu.eu\/toode\/nurmlauk-hair-allium-vineale\/"]}]},{"@type":"ImageObject","inLanguage":"lv-LV","@id":"https:\/\/tammetalu.eu\/toode\/nurmlauk-hair-allium-vineale\/#primaryimage","url":"https:\/\/tammetalu.eu\/wp-content\/uploads\/2026\/04\/nurmlauk-hair-Allium-vineale-tamme-talu-urdiaed-1.jpg","contentUrl":"https:\/\/tammetalu.eu\/wp-content\/uploads\/2026\/04\/nurmlauk-hair-Allium-vineale-tamme-talu-urdiaed-1.jpg","width":600,"height":600},{"@type":"BreadcrumbList","@id":"https:\/\/tammetalu.eu\/toode\/nurmlauk-hair-allium-vineale\/#breadcrumb","itemListElement":[{"@type":"ListItem","position":1,"name":"Home","item":"https:\/\/tammetalu.eu\/lv\/galvena-lapa\/"},{"@type":"ListItem","position":2,"name":"Shop","item":"https:\/\/tammetalu.eu\/lv\/shop\/"},{"@type":"ListItem","position":3,"name":"Nurmlauk &#8220;Hair&#8221; Allium vineale"}]},{"@type":"WebSite","@id":"https:\/\/tammetalu.eu\/#website","url":"https:\/\/tammetalu.eu\/","name":"Tamme talu \u00fcrdiaed","description":"K\u00e4sit\u00f6\u00f6na valmistatud tooted \u00fcrtidest, \u00fcrdiistikud, \u00fcrtide kollektsioonaed","publisher":{"@id":"https:\/\/tammetalu.eu\/#organization"},"alternateName":"Tamme talu","potentialAction":[{"@type":"SearchAction","target":{"@type":"EntryPoint","urlTemplate":"https:\/\/tammetalu.eu\/?s={search_term_string}"},"query-input":{"@type":"PropertyValueSpecification","valueRequired":true,"valueName":"search_term_string"}}],"inLanguage":"lv-LV"},{"@type":"Organization","@id":"https:\/\/tammetalu.eu\/#organization","name":"Tamme talu \u00fcrdiaed","alternateName":"Tamme talu","url":"https:\/\/tammetalu.eu\/","logo":{"@type":"ImageObject","inLanguage":"lv-LV","@id":"https:\/\/tammetalu.eu\/#\/schema\/logo\/image\/","url":"https:\/\/tammetalu.eu\/wp-content\/uploads\/2025\/01\/Tamme_talu_urdiaed.png","contentUrl":"https:\/\/tammetalu.eu\/wp-content\/uploads\/2025\/01\/Tamme_talu_urdiaed.png","width":560,"height":560,"caption":"Tamme talu \u00fcrdiaed"},"image":{"@id":"https:\/\/tammetalu.eu\/#\/schema\/logo\/image\/"},"sameAs":["https:\/\/www.facebook.com\/TammeTaluUrdiaed\/?locale=et_EE","https:\/\/www.instagram.com\/tammetaluurdiaed\/"]}]}},"_links":{"self":[{"href":"https:\/\/tammetalu.eu\/lv\/wp-json\/wp\/v2\/product\/27343","targetHints":{"allow":["GET"]}}],"collection":[{"href":"https:\/\/tammetalu.eu\/lv\/wp-json\/wp\/v2\/product"}],"about":[{"href":"https:\/\/tammetalu.eu\/lv\/wp-json\/wp\/v2\/types\/product"}],"wp:featuredmedia":[{"embeddable":true,"href":"https:\/\/tammetalu.eu\/lv\/wp-json\/wp\/v2\/media\/27366"}],"wp:attachment":[{"href":"https:\/\/tammetalu.eu\/lv\/wp-json\/wp\/v2\/media?parent=27343"}],"wp:term":[{"taxonomy":"product_brand","embeddable":true,"href":"https:\/\/tammetalu.eu\/lv\/wp-json\/wp\/v2\/product_brand?post=27343"},{"taxonomy":"product_cat","embeddable":true,"href":"https:\/\/tammetalu.eu\/lv\/wp-json\/wp\/v2\/product_cat?post=27343"},{"taxonomy":"product_tag","embeddable":true,"href":"https:\/\/tammetalu.eu\/lv\/wp-json\/wp\/v2\/product_tag?post=27343"}],"curies":[{"name":"wp","href":"https:\/\/api.w.org\/{rel}","templated":true}]}}