{"id":27415,"date":"2026-04-15T16:47:46","date_gmt":"2026-04-15T13:47:46","guid":{"rendered":"https:\/\/tammetalu.eu\/?post_type=product&#038;p=27415"},"modified":"2026-04-15T16:47:46","modified_gmt":"2026-04-15T13:47:46","slug":"kuldlauk-allium-moly","status":"publish","type":"product","link":"https:\/\/tammetalu.eu\/lv\/toode\/kuldlauk-allium-moly\/","title":{"rendered":"Kuldlauk Allium Moly"},"content":{"rendered":"<div class=\"flex max-w-full flex-col gap-4 grow\">\n<div class=\"min-h-8 text-message relative flex w-full flex-col items-end gap-2 text-start break-words whitespace-normal outline-none keyboard-focused:focus-ring [.text-message+&amp;]:mt-1\" dir=\"auto\" tabindex=\"0\" data-message-author-role=\"assistant\" data-message-id=\"c1365889-cd28-417a-8244-3cd2c7b1b773\" data-message-model-slug=\"gpt-5-3\" data-turn-start-message=\"true\">\n<div class=\"flex w-full flex-col gap-1 empty:hidden\">\n<div class=\"markdown prose dark:prose-invert w-full wrap-break-word light markdown-new-styling\">\n<p data-start=\"552\" data-end=\"591\"><strong data-start=\"552\" data-end=\"591\">Miks valida kuldlauk (Allium moly)?<\/strong><\/p>\n<ul data-start=\"592\" data-end=\"754\">\n<li data-section-id=\"1rdbusd\" data-start=\"592\" data-end=\"639\">Erk kollane \u00f5iev\u00e4rv ja dekoratiivne v\u00e4limus<\/li>\n<li data-section-id=\"pqepoj\" data-start=\"640\" data-end=\"674\">Lihtne hooldada ja k\u00fclmakindel<\/li>\n<li data-section-id=\"1pm2kb7\" data-start=\"675\" data-end=\"719\">Sobib nii peenrasse kui looduslikku aeda<\/li>\n<li data-section-id=\"14p38vp\" data-start=\"720\" data-end=\"754\">Hea tolmeldajate ligimeelitaja<\/li>\n<\/ul>\n<p data-start=\"756\" data-end=\"866\" data-is-last-node=\"\" data-is-only-node=\"\">Kuldlauk on ideaalne valik igale aiapidajale, kes soovib oma aeda lisada v\u00e4rvi, elurikkust ja hooldusmugavust.<\/p>\n<\/div>\n<\/div>\n<\/div>\n<\/div>\n<div class=\"z-0 flex min-h-[46px] justify-start\"><\/div>\n","protected":false},"excerpt":{"rendered":"<section class=\"text-token-text-primary w-full focus:outline-none [--shadow-height:45px] has-data-writing-block:pointer-events-none has-data-writing-block:-mt-(--shadow-height) has-data-writing-block:pt-(--shadow-height) [&amp;:has([data-writing-block])&gt;*]:pointer-events-auto [content-visibility:auto] supports-[content-visibility:auto]:[contain-intrinsic-size:auto_100lvh] R6Vx5W_threadScrollVars scroll-mb-[calc(var(--scroll-root-safe-area-inset-bottom,0px)+var(--thread-response-height))] scroll-mt-[calc(var(--header-height)+min(200px,max(70px,20svh)))]\" dir=\"auto\" data-turn-id=\"request-WEB:61015bf5-386b-420d-bf8d-d7fe0ceac03f-0\" data-testid=\"conversation-turn-2\" data-scroll-anchor=\"false\" data-turn=\"assistant\">\n<div class=\"text-base my-auto mx-auto pb-10 [--thread-content-margin:var(--thread-content-margin-xs,calc(var(--spacing)*4))] @w-sm\/main:[--thread-content-margin:var(--thread-content-margin-sm,calc(var(--spacing)*6))] @w-lg\/main:[--thread-content-margin:var(--thread-content-margin-lg,calc(var(--spacing)*16))] px-(--thread-content-margin)\">\n<div class=\"[--thread-content-max-width:40rem] @w-lg\/main:[--thread-content-max-width:48rem] mx-auto max-w-(--thread-content-max-width) flex-1 group\/turn-messages focus-visible:outline-hidden relative flex w-full min-w-0 flex-col agent-turn\">\n<div class=\"flex max-w-full flex-col gap-4 grow\">\n<div class=\"min-h-8 text-message relative flex w-full flex-col items-end gap-2 text-start break-words whitespace-normal outline-none keyboard-focused:focus-ring [.text-message+&amp;]:mt-1\" dir=\"auto\" tabindex=\"0\" data-message-author-role=\"assistant\" data-message-id=\"c1365889-cd28-417a-8244-3cd2c7b1b773\" data-message-model-slug=\"gpt-5-3\" data-turn-start-message=\"true\">\n<div class=\"flex w-full flex-col gap-1 empty:hidden\">\n<div class=\"markdown prose dark:prose-invert w-full wrap-break-word light markdown-new-styling\">\n<p data-start=\"0\" data-end=\"322\">Kuldlauk (<em data-start=\"10\" data-end=\"23\">Allium moly<\/em>) on kaunis ja vastupidav ilutaim, mis toob aeda erksad kollased \u00f5ied ning loodusl\u00e4hedase ilu. See mitmeaastane sibullill sobib suurep\u00e4raselt peenardesse, pottidesse, kiviktaimlatesse ja looduslikesse istutusaladesse. Kuldlauk \u00f5itseb hiliskevadel kuni varasuveni, meelitades ligi mesilasi ja teisi tolmeldajaid.<\/p>\n<p data-start=\"324\" data-end=\"550\">Taim on v\u00e4hen\u00f5udlik ning kasvab h\u00e4sti nii p\u00e4ikeselises kui poolvarjulises kasvukohas. Eelistab h\u00e4sti vett l\u00e4bilaskvat mulda ning talub ka kuivemaid tingimusi. Kuldlauk levib ajapikku iseseisvalt, moodustades kauneid \u00f5iegruppe. K\u00f5rgus 15-20 cm<\/p>\n<\/div>\n<\/div>\n<\/div>\n<\/div>\n<div class=\"mt-3 w-full empty:hidden\">\n<div class=\"text-center\"><\/div>\n<\/div>\n<\/div>\n<\/div>\n<\/section>\n<div class=\"pointer-events-none -mt-px h-px translate-y-[calc(var(--scroll-root-safe-area-inset-bottom)-14*var(--spacing))]\" aria-hidden=\"true\"><\/div>\n","protected":false},"featured_media":27426,"template":"","meta":{"_acf_changed":false,"_et_pb_use_builder":"","_et_pb_old_content":"","_et_gb_content_width":"","inline_featured_image":false},"product_brand":[],"product_cat":[201],"product_tag":[],"class_list":{"0":"post-27415","1":"product","2":"type-product","3":"status-publish","4":"has-post-thumbnail","6":"product_cat-laugud","8":"first","9":"instock","10":"sale","11":"taxable","12":"shipping-taxable","13":"purchasable","14":"product-type-simple"},"acf":[],"yoast_head":"<!-- This site is optimized with the Yoast SEO plugin v26.4 - https:\/\/yoast.com\/wordpress\/plugins\/seo\/ -->\n<title>Kuldlauk Allium Moly - Tamme talu \u00fcrdiaed<\/title>\n<meta name=\"description\" content=\"Kuldlauk (Allium moly) on kaunis ja vastupidav ilutaim, mis toob aeda erksad kollased \u00f5ied ning loodusl\u00e4hedase ilu. See mitmeaastane sibullill sobib suurep\u00e4raselt peenardesse, pottidesse, kiviktaimlatesse ja looduslikesse istutusaladesse. Kuldlauk \u00f5itseb hiliskevadel kuni varasuveni, meelitades ligi mesilasi ja teisi tolmeldajaid.\" \/>\n<meta name=\"robots\" content=\"index, follow, max-snippet:-1, max-image-preview:large, max-video-preview:-1\" \/>\n<link rel=\"canonical\" href=\"https:\/\/tammetalu.eu\/toode\/kuldlauk-allium-moly\/\" \/>\n<meta property=\"og:locale\" content=\"lv_LV\" \/>\n<meta property=\"og:type\" content=\"article\" \/>\n<meta property=\"og:title\" content=\"Kuldlauk Allium Moly - Tamme talu \u00fcrdiaed\" \/>\n<meta property=\"og:description\" content=\"Kuldlauk (Allium moly) on kaunis ja vastupidav ilutaim, mis toob aeda erksad kollased \u00f5ied ning loodusl\u00e4hedase ilu. See mitmeaastane sibullill sobib suurep\u00e4raselt peenardesse, pottidesse, kiviktaimlatesse ja looduslikesse istutusaladesse. Kuldlauk \u00f5itseb hiliskevadel kuni varasuveni, meelitades ligi mesilasi ja teisi tolmeldajaid.\" \/>\n<meta property=\"og:url\" content=\"https:\/\/tammetalu.eu\/toode\/kuldlauk-allium-moly\/\" \/>\n<meta property=\"og:site_name\" content=\"Tamme talu \u00fcrdiaed\" \/>\n<meta property=\"article:publisher\" content=\"https:\/\/www.facebook.com\/TammeTaluUrdiaed\/?locale=et_EE\" \/>\n<meta property=\"og:image\" content=\"https:\/\/tammetalu.eu\/wp-content\/uploads\/2026\/04\/kuldlauk-allium-moly-tamme-talu-urdiaed-2.jpg\" \/>\n\t<meta property=\"og:image:width\" content=\"1000\" \/>\n\t<meta property=\"og:image:height\" content=\"1000\" \/>\n\t<meta property=\"og:image:type\" content=\"image\/jpeg\" \/>\n<meta name=\"twitter:card\" content=\"summary_large_image\" \/>\n<meta name=\"twitter:label1\" content=\"Est. reading time\" \/>\n\t<meta name=\"twitter:data1\" content=\"1 minute\" \/>\n<script type=\"application\/ld+json\" class=\"yoast-schema-graph\">{\"@context\":\"https:\/\/schema.org\",\"@graph\":[{\"@type\":\"WebPage\",\"@id\":\"https:\/\/tammetalu.eu\/toode\/kuldlauk-allium-moly\/\",\"url\":\"https:\/\/tammetalu.eu\/toode\/kuldlauk-allium-moly\/\",\"name\":\"Kuldlauk Allium Moly - Tamme talu \u00fcrdiaed\",\"isPartOf\":{\"@id\":\"https:\/\/tammetalu.eu\/#website\"},\"primaryImageOfPage\":{\"@id\":\"https:\/\/tammetalu.eu\/toode\/kuldlauk-allium-moly\/#primaryimage\"},\"image\":{\"@id\":\"https:\/\/tammetalu.eu\/toode\/kuldlauk-allium-moly\/#primaryimage\"},\"thumbnailUrl\":\"https:\/\/tammetalu.eu\/wp-content\/uploads\/2026\/04\/kuldlauk-allium-moly-tamme-talu-urdiaed-2.jpg\",\"datePublished\":\"2026-04-15T13:47:46+00:00\",\"description\":\"Kuldlauk (Allium moly) on kaunis ja vastupidav ilutaim, mis toob aeda erksad kollased \u00f5ied ning loodusl\u00e4hedase ilu. See mitmeaastane sibullill sobib suurep\u00e4raselt peenardesse, pottidesse, kiviktaimlatesse ja looduslikesse istutusaladesse. Kuldlauk \u00f5itseb hiliskevadel kuni varasuveni, meelitades ligi mesilasi ja teisi tolmeldajaid.\",\"breadcrumb\":{\"@id\":\"https:\/\/tammetalu.eu\/toode\/kuldlauk-allium-moly\/#breadcrumb\"},\"inLanguage\":\"lv-LV\",\"potentialAction\":[{\"@type\":\"ReadAction\",\"target\":[\"https:\/\/tammetalu.eu\/toode\/kuldlauk-allium-moly\/\"]}]},{\"@type\":\"ImageObject\",\"inLanguage\":\"lv-LV\",\"@id\":\"https:\/\/tammetalu.eu\/toode\/kuldlauk-allium-moly\/#primaryimage\",\"url\":\"https:\/\/tammetalu.eu\/wp-content\/uploads\/2026\/04\/kuldlauk-allium-moly-tamme-talu-urdiaed-2.jpg\",\"contentUrl\":\"https:\/\/tammetalu.eu\/wp-content\/uploads\/2026\/04\/kuldlauk-allium-moly-tamme-talu-urdiaed-2.jpg\",\"width\":1000,\"height\":1000,\"caption\":\"kuldlauk-allium-moly-tamme-talu-urdiaed\"},{\"@type\":\"BreadcrumbList\",\"@id\":\"https:\/\/tammetalu.eu\/toode\/kuldlauk-allium-moly\/#breadcrumb\",\"itemListElement\":[{\"@type\":\"ListItem\",\"position\":1,\"name\":\"Home\",\"item\":\"https:\/\/tammetalu.eu\/lv\/galvena-lapa\/\"},{\"@type\":\"ListItem\",\"position\":2,\"name\":\"Shop\",\"item\":\"https:\/\/tammetalu.eu\/lv\/shop\/\"},{\"@type\":\"ListItem\",\"position\":3,\"name\":\"Kuldlauk Allium Moly\"}]},{\"@type\":\"WebSite\",\"@id\":\"https:\/\/tammetalu.eu\/#website\",\"url\":\"https:\/\/tammetalu.eu\/\",\"name\":\"Tamme talu \u00fcrdiaed\",\"description\":\"K\u00e4sit\u00f6\u00f6na valmistatud tooted \u00fcrtidest, \u00fcrdiistikud, \u00fcrtide kollektsioonaed\",\"publisher\":{\"@id\":\"https:\/\/tammetalu.eu\/#organization\"},\"alternateName\":\"Tamme talu\",\"potentialAction\":[{\"@type\":\"SearchAction\",\"target\":{\"@type\":\"EntryPoint\",\"urlTemplate\":\"https:\/\/tammetalu.eu\/?s={search_term_string}\"},\"query-input\":{\"@type\":\"PropertyValueSpecification\",\"valueRequired\":true,\"valueName\":\"search_term_string\"}}],\"inLanguage\":\"lv-LV\"},{\"@type\":\"Organization\",\"@id\":\"https:\/\/tammetalu.eu\/#organization\",\"name\":\"Tamme talu \u00fcrdiaed\",\"alternateName\":\"Tamme talu\",\"url\":\"https:\/\/tammetalu.eu\/\",\"logo\":{\"@type\":\"ImageObject\",\"inLanguage\":\"lv-LV\",\"@id\":\"https:\/\/tammetalu.eu\/#\/schema\/logo\/image\/\",\"url\":\"https:\/\/tammetalu.eu\/wp-content\/uploads\/2025\/01\/Tamme_talu_urdiaed.png\",\"contentUrl\":\"https:\/\/tammetalu.eu\/wp-content\/uploads\/2025\/01\/Tamme_talu_urdiaed.png\",\"width\":560,\"height\":560,\"caption\":\"Tamme talu \u00fcrdiaed\"},\"image\":{\"@id\":\"https:\/\/tammetalu.eu\/#\/schema\/logo\/image\/\"},\"sameAs\":[\"https:\/\/www.facebook.com\/TammeTaluUrdiaed\/?locale=et_EE\",\"https:\/\/www.instagram.com\/tammetaluurdiaed\/\"]}]}<\/script>\n<!-- \/ Yoast SEO plugin. -->","yoast_head_json":{"title":"Kuldlauk Allium Moly - Tamme talu \u00fcrdiaed","description":"Kuldlauk (Allium moly) on kaunis ja vastupidav ilutaim, mis toob aeda erksad kollased \u00f5ied ning loodusl\u00e4hedase ilu. See mitmeaastane sibullill sobib suurep\u00e4raselt peenardesse, pottidesse, kiviktaimlatesse ja looduslikesse istutusaladesse. Kuldlauk \u00f5itseb hiliskevadel kuni varasuveni, meelitades ligi mesilasi ja teisi tolmeldajaid.","robots":{"index":"index","follow":"follow","max-snippet":"max-snippet:-1","max-image-preview":"max-image-preview:large","max-video-preview":"max-video-preview:-1"},"canonical":"https:\/\/tammetalu.eu\/toode\/kuldlauk-allium-moly\/","og_locale":"lv_LV","og_type":"article","og_title":"Kuldlauk Allium Moly - Tamme talu \u00fcrdiaed","og_description":"Kuldlauk (Allium moly) on kaunis ja vastupidav ilutaim, mis toob aeda erksad kollased \u00f5ied ning loodusl\u00e4hedase ilu. See mitmeaastane sibullill sobib suurep\u00e4raselt peenardesse, pottidesse, kiviktaimlatesse ja looduslikesse istutusaladesse. Kuldlauk \u00f5itseb hiliskevadel kuni varasuveni, meelitades ligi mesilasi ja teisi tolmeldajaid.","og_url":"https:\/\/tammetalu.eu\/toode\/kuldlauk-allium-moly\/","og_site_name":"Tamme talu \u00fcrdiaed","article_publisher":"https:\/\/www.facebook.com\/TammeTaluUrdiaed\/?locale=et_EE","og_image":[{"width":1000,"height":1000,"url":"https:\/\/tammetalu.eu\/wp-content\/uploads\/2026\/04\/kuldlauk-allium-moly-tamme-talu-urdiaed-2.jpg","type":"image\/jpeg"}],"twitter_card":"summary_large_image","twitter_misc":{"Est. reading time":"1 minute"},"schema":{"@context":"https:\/\/schema.org","@graph":[{"@type":"WebPage","@id":"https:\/\/tammetalu.eu\/toode\/kuldlauk-allium-moly\/","url":"https:\/\/tammetalu.eu\/toode\/kuldlauk-allium-moly\/","name":"Kuldlauk Allium Moly - Tamme talu \u00fcrdiaed","isPartOf":{"@id":"https:\/\/tammetalu.eu\/#website"},"primaryImageOfPage":{"@id":"https:\/\/tammetalu.eu\/toode\/kuldlauk-allium-moly\/#primaryimage"},"image":{"@id":"https:\/\/tammetalu.eu\/toode\/kuldlauk-allium-moly\/#primaryimage"},"thumbnailUrl":"https:\/\/tammetalu.eu\/wp-content\/uploads\/2026\/04\/kuldlauk-allium-moly-tamme-talu-urdiaed-2.jpg","datePublished":"2026-04-15T13:47:46+00:00","description":"Kuldlauk (Allium moly) on kaunis ja vastupidav ilutaim, mis toob aeda erksad kollased \u00f5ied ning loodusl\u00e4hedase ilu. See mitmeaastane sibullill sobib suurep\u00e4raselt peenardesse, pottidesse, kiviktaimlatesse ja looduslikesse istutusaladesse. Kuldlauk \u00f5itseb hiliskevadel kuni varasuveni, meelitades ligi mesilasi ja teisi tolmeldajaid.","breadcrumb":{"@id":"https:\/\/tammetalu.eu\/toode\/kuldlauk-allium-moly\/#breadcrumb"},"inLanguage":"lv-LV","potentialAction":[{"@type":"ReadAction","target":["https:\/\/tammetalu.eu\/toode\/kuldlauk-allium-moly\/"]}]},{"@type":"ImageObject","inLanguage":"lv-LV","@id":"https:\/\/tammetalu.eu\/toode\/kuldlauk-allium-moly\/#primaryimage","url":"https:\/\/tammetalu.eu\/wp-content\/uploads\/2026\/04\/kuldlauk-allium-moly-tamme-talu-urdiaed-2.jpg","contentUrl":"https:\/\/tammetalu.eu\/wp-content\/uploads\/2026\/04\/kuldlauk-allium-moly-tamme-talu-urdiaed-2.jpg","width":1000,"height":1000,"caption":"kuldlauk-allium-moly-tamme-talu-urdiaed"},{"@type":"BreadcrumbList","@id":"https:\/\/tammetalu.eu\/toode\/kuldlauk-allium-moly\/#breadcrumb","itemListElement":[{"@type":"ListItem","position":1,"name":"Home","item":"https:\/\/tammetalu.eu\/lv\/galvena-lapa\/"},{"@type":"ListItem","position":2,"name":"Shop","item":"https:\/\/tammetalu.eu\/lv\/shop\/"},{"@type":"ListItem","position":3,"name":"Kuldlauk Allium Moly"}]},{"@type":"WebSite","@id":"https:\/\/tammetalu.eu\/#website","url":"https:\/\/tammetalu.eu\/","name":"Tamme talu \u00fcrdiaed","description":"K\u00e4sit\u00f6\u00f6na valmistatud tooted \u00fcrtidest, \u00fcrdiistikud, \u00fcrtide kollektsioonaed","publisher":{"@id":"https:\/\/tammetalu.eu\/#organization"},"alternateName":"Tamme talu","potentialAction":[{"@type":"SearchAction","target":{"@type":"EntryPoint","urlTemplate":"https:\/\/tammetalu.eu\/?s={search_term_string}"},"query-input":{"@type":"PropertyValueSpecification","valueRequired":true,"valueName":"search_term_string"}}],"inLanguage":"lv-LV"},{"@type":"Organization","@id":"https:\/\/tammetalu.eu\/#organization","name":"Tamme talu \u00fcrdiaed","alternateName":"Tamme talu","url":"https:\/\/tammetalu.eu\/","logo":{"@type":"ImageObject","inLanguage":"lv-LV","@id":"https:\/\/tammetalu.eu\/#\/schema\/logo\/image\/","url":"https:\/\/tammetalu.eu\/wp-content\/uploads\/2025\/01\/Tamme_talu_urdiaed.png","contentUrl":"https:\/\/tammetalu.eu\/wp-content\/uploads\/2025\/01\/Tamme_talu_urdiaed.png","width":560,"height":560,"caption":"Tamme talu \u00fcrdiaed"},"image":{"@id":"https:\/\/tammetalu.eu\/#\/schema\/logo\/image\/"},"sameAs":["https:\/\/www.facebook.com\/TammeTaluUrdiaed\/?locale=et_EE","https:\/\/www.instagram.com\/tammetaluurdiaed\/"]}]}},"_links":{"self":[{"href":"https:\/\/tammetalu.eu\/lv\/wp-json\/wp\/v2\/product\/27415","targetHints":{"allow":["GET"]}}],"collection":[{"href":"https:\/\/tammetalu.eu\/lv\/wp-json\/wp\/v2\/product"}],"about":[{"href":"https:\/\/tammetalu.eu\/lv\/wp-json\/wp\/v2\/types\/product"}],"wp:featuredmedia":[{"embeddable":true,"href":"https:\/\/tammetalu.eu\/lv\/wp-json\/wp\/v2\/media\/27426"}],"wp:attachment":[{"href":"https:\/\/tammetalu.eu\/lv\/wp-json\/wp\/v2\/media?parent=27415"}],"wp:term":[{"taxonomy":"product_brand","embeddable":true,"href":"https:\/\/tammetalu.eu\/lv\/wp-json\/wp\/v2\/product_brand?post=27415"},{"taxonomy":"product_cat","embeddable":true,"href":"https:\/\/tammetalu.eu\/lv\/wp-json\/wp\/v2\/product_cat?post=27415"},{"taxonomy":"product_tag","embeddable":true,"href":"https:\/\/tammetalu.eu\/lv\/wp-json\/wp\/v2\/product_tag?post=27415"}],"curies":[{"name":"wp","href":"https:\/\/api.w.org\/{rel}","templated":true}]}}