{"id":15316,"date":"2022-08-09T09:02:42","date_gmt":"2022-08-09T06:02:42","guid":{"rendered":"https:\/\/tammetalu.eu?post_type=product&#038;p=15316"},"modified":"2024-09-17T15:13:38","modified_gmt":"2024-09-17T12:13:38","slug":"urdisool-loomalihale-85g","status":"publish","type":"product","link":"https:\/\/tammetalu.eu\/ru\/toode\/urdisool-loomalihale-85g\/","title":{"rendered":"\u00dcrdisool loomalihale 85g"},"content":{"rendered":"","protected":false},"excerpt":{"rendered":"<p>35,18 \u20ac\/kg<\/p>\n<p>\u00dcrdisool loomalihale on t\u00e4pselt see \u00f5ige kooslus erinevatest \u00fcrtidest, mis on kohustuslikud maitseandjad veise-, uluki- ja lambaliha valmistamiseks. T\u00f5eliselt aromaatne ja parajalt v\u00fcrtsikas segu, millega on liha maitsestamine \u00fclimalt lihtne.<\/p>\n<p>Retseptiidee: Pruunista potip\u00f5hjas veisep\u00f5sed m\u00f5lemalt poolt. Lisa kuiv punane vein, keedetud vesi ning Tamme talu \u00dcrdisool loomalihale. Hauta veisep\u00f5ski madalal tulel kaane all 2,5 tundi. Kontrolli kahvliga, kas on piisavalt pehme. Vajadusel hauta veel. S\u00f6\u00f6 ja naudi!<\/p>\n<p>Koostisosad: kadakamari, t\u00fc\u00fcmian, k\u00fc\u00fcslauk, porrulauk, rosmariin, t\u0161illi, meresool<\/p>\n","protected":false},"featured_media":15373,"template":"","meta":{"_acf_changed":false,"_et_pb_use_builder":"","_et_pb_old_content":"","_et_gb_content_width":"","inline_featured_image":false},"product_brand":[],"product_cat":[177],"product_tag":[67],"class_list":{"0":"post-15316","1":"product","2":"type-product","3":"status-publish","4":"has-post-thumbnail","6":"product_cat-urdisoolad","7":"product_tag-urdisoolad","9":"first","10":"instock","11":"taxable","12":"shipping-taxable","13":"purchasable","14":"product-type-simple"},"acf":[],"yoast_head":"<!-- This site is optimized with the Yoast SEO plugin v26.4 - https:\/\/yoast.com\/wordpress\/plugins\/seo\/ -->\n<title>\u00dcrdisool loomalihale - Tamme talu \u00fcrdisegud ja \u00fcrdisoolad<\/title>\n<meta name=\"description\" content=\"\u00dcrdisool loomalihale. Koostis: kadakamari, t\u00fc\u00fcmian, k\u00fc\u00fcslauk, porrulauk, majoraan, t\u0161illi, meresool. Vaata l\u00e4hemalt ja telli endale ka!\" \/>\n<meta name=\"robots\" content=\"index, follow, max-snippet:-1, max-image-preview:large, max-video-preview:-1\" \/>\n<link rel=\"canonical\" href=\"https:\/\/tammetalu.eu\/toode\/urdisool-loomalihale-85g\/\" \/>\n<meta property=\"og:locale\" content=\"ru_RU\" \/>\n<meta property=\"og:type\" content=\"article\" \/>\n<meta property=\"og:title\" content=\"\u00dcrdisool loomalihale - Tamme talu \u00fcrdisegud ja \u00fcrdisoolad\" \/>\n<meta property=\"og:description\" content=\"\u00dcrdisool loomalihale. Koostis: kadakamari, t\u00fc\u00fcmian, k\u00fc\u00fcslauk, porrulauk, majoraan, t\u0161illi, meresool. Vaata l\u00e4hemalt ja telli endale ka!\" \/>\n<meta property=\"og:url\" content=\"https:\/\/tammetalu.eu\/toode\/urdisool-loomalihale-85g\/\" \/>\n<meta property=\"og:site_name\" content=\"Tamme talu \u00fcrdiaed\" \/>\n<meta property=\"article:publisher\" content=\"https:\/\/www.facebook.com\/TammeTaluUrdiaed\/?locale=et_EE\" \/>\n<meta property=\"article:modified_time\" content=\"2024-09-17T12:13:38+00:00\" \/>\n<meta property=\"og:image\" content=\"https:\/\/tammetalu.eu\/wp-content\/uploads\/2022\/08\/Urdisool_loomalihale-6.jpg\" \/>\n\t<meta property=\"og:image:width\" content=\"960\" \/>\n\t<meta property=\"og:image:height\" content=\"960\" \/>\n\t<meta property=\"og:image:type\" content=\"image\/jpeg\" \/>\n<meta name=\"twitter:card\" content=\"summary_large_image\" \/>\n<script type=\"application\/ld+json\" class=\"yoast-schema-graph\">{\"@context\":\"https:\/\/schema.org\",\"@graph\":[{\"@type\":\"WebPage\",\"@id\":\"https:\/\/tammetalu.eu\/toode\/urdisool-loomalihale-85g\/\",\"url\":\"https:\/\/tammetalu.eu\/toode\/urdisool-loomalihale-85g\/\",\"name\":\"\u00dcrdisool loomalihale - Tamme talu \u00fcrdisegud ja \u00fcrdisoolad\",\"isPartOf\":{\"@id\":\"https:\/\/tammetalu.eu\/#website\"},\"primaryImageOfPage\":{\"@id\":\"https:\/\/tammetalu.eu\/toode\/urdisool-loomalihale-85g\/#primaryimage\"},\"image\":{\"@id\":\"https:\/\/tammetalu.eu\/toode\/urdisool-loomalihale-85g\/#primaryimage\"},\"thumbnailUrl\":\"https:\/\/tammetalu.eu\/wp-content\/uploads\/2022\/08\/Urdisool_loomalihale-6.jpg\",\"datePublished\":\"2022-08-09T06:02:42+00:00\",\"dateModified\":\"2024-09-17T12:13:38+00:00\",\"description\":\"\u00dcrdisool loomalihale. Koostis: kadakamari, t\u00fc\u00fcmian, k\u00fc\u00fcslauk, porrulauk, majoraan, t\u0161illi, meresool. Vaata l\u00e4hemalt ja telli endale ka!\",\"breadcrumb\":{\"@id\":\"https:\/\/tammetalu.eu\/toode\/urdisool-loomalihale-85g\/#breadcrumb\"},\"inLanguage\":\"ru-RU\",\"potentialAction\":[{\"@type\":\"ReadAction\",\"target\":[\"https:\/\/tammetalu.eu\/toode\/urdisool-loomalihale-85g\/\"]}]},{\"@type\":\"ImageObject\",\"inLanguage\":\"ru-RU\",\"@id\":\"https:\/\/tammetalu.eu\/toode\/urdisool-loomalihale-85g\/#primaryimage\",\"url\":\"https:\/\/tammetalu.eu\/wp-content\/uploads\/2022\/08\/Urdisool_loomalihale-6.jpg\",\"contentUrl\":\"https:\/\/tammetalu.eu\/wp-content\/uploads\/2022\/08\/Urdisool_loomalihale-6.jpg\",\"width\":960,\"height\":960},{\"@type\":\"BreadcrumbList\",\"@id\":\"https:\/\/tammetalu.eu\/toode\/urdisool-loomalihale-85g\/#breadcrumb\",\"itemListElement\":[{\"@type\":\"ListItem\",\"position\":1,\"name\":\"Home\",\"item\":\"https:\/\/tammetalu.eu\/ru\/esileht-rus\/\"},{\"@type\":\"ListItem\",\"position\":2,\"name\":\"\u041c\u0430\u0433\u0430\u0437\u0438\u043d\",\"item\":\"https:\/\/tammetalu.eu\/ru\/%d0%bc%d0%b0%d0%b3%d0%b0%d0%b7%d0%b8%d0%bd\/\"},{\"@type\":\"ListItem\",\"position\":3,\"name\":\"\u00dcrdisool loomalihale 85g\"}]},{\"@type\":\"WebSite\",\"@id\":\"https:\/\/tammetalu.eu\/#website\",\"url\":\"https:\/\/tammetalu.eu\/\",\"name\":\"Tamme talu \u00fcrdiaed\",\"description\":\"K\u00e4sit\u00f6\u00f6na valmistatud tooted \u00fcrtidest, \u00fcrdiistikud, \u00fcrtide kollektsioonaed\",\"publisher\":{\"@id\":\"https:\/\/tammetalu.eu\/#organization\"},\"alternateName\":\"Tamme talu\",\"potentialAction\":[{\"@type\":\"SearchAction\",\"target\":{\"@type\":\"EntryPoint\",\"urlTemplate\":\"https:\/\/tammetalu.eu\/?s={search_term_string}\"},\"query-input\":{\"@type\":\"PropertyValueSpecification\",\"valueRequired\":true,\"valueName\":\"search_term_string\"}}],\"inLanguage\":\"ru-RU\"},{\"@type\":\"Organization\",\"@id\":\"https:\/\/tammetalu.eu\/#organization\",\"name\":\"Tamme talu \u00fcrdiaed\",\"alternateName\":\"Tamme talu\",\"url\":\"https:\/\/tammetalu.eu\/\",\"logo\":{\"@type\":\"ImageObject\",\"inLanguage\":\"ru-RU\",\"@id\":\"https:\/\/tammetalu.eu\/#\/schema\/logo\/image\/\",\"url\":\"https:\/\/tammetalu.eu\/wp-content\/uploads\/2025\/01\/Tamme_talu_urdiaed.png\",\"contentUrl\":\"https:\/\/tammetalu.eu\/wp-content\/uploads\/2025\/01\/Tamme_talu_urdiaed.png\",\"width\":560,\"height\":560,\"caption\":\"Tamme talu \u00fcrdiaed\"},\"image\":{\"@id\":\"https:\/\/tammetalu.eu\/#\/schema\/logo\/image\/\"},\"sameAs\":[\"https:\/\/www.facebook.com\/TammeTaluUrdiaed\/?locale=et_EE\",\"https:\/\/www.instagram.com\/tammetaluurdiaed\/\"]}]}<\/script>\n<!-- \/ Yoast SEO plugin. -->","yoast_head_json":{"title":"\u00dcrdisool loomalihale - Tamme talu \u00fcrdisegud ja \u00fcrdisoolad","description":"\u00dcrdisool loomalihale. Koostis: kadakamari, t\u00fc\u00fcmian, k\u00fc\u00fcslauk, porrulauk, majoraan, t\u0161illi, meresool. Vaata l\u00e4hemalt ja telli endale ka!","robots":{"index":"index","follow":"follow","max-snippet":"max-snippet:-1","max-image-preview":"max-image-preview:large","max-video-preview":"max-video-preview:-1"},"canonical":"https:\/\/tammetalu.eu\/toode\/urdisool-loomalihale-85g\/","og_locale":"ru_RU","og_type":"article","og_title":"\u00dcrdisool loomalihale - Tamme talu \u00fcrdisegud ja \u00fcrdisoolad","og_description":"\u00dcrdisool loomalihale. Koostis: kadakamari, t\u00fc\u00fcmian, k\u00fc\u00fcslauk, porrulauk, majoraan, t\u0161illi, meresool. Vaata l\u00e4hemalt ja telli endale ka!","og_url":"https:\/\/tammetalu.eu\/toode\/urdisool-loomalihale-85g\/","og_site_name":"Tamme talu \u00fcrdiaed","article_publisher":"https:\/\/www.facebook.com\/TammeTaluUrdiaed\/?locale=et_EE","article_modified_time":"2024-09-17T12:13:38+00:00","og_image":[{"width":960,"height":960,"url":"https:\/\/tammetalu.eu\/wp-content\/uploads\/2022\/08\/Urdisool_loomalihale-6.jpg","type":"image\/jpeg"}],"twitter_card":"summary_large_image","schema":{"@context":"https:\/\/schema.org","@graph":[{"@type":"WebPage","@id":"https:\/\/tammetalu.eu\/toode\/urdisool-loomalihale-85g\/","url":"https:\/\/tammetalu.eu\/toode\/urdisool-loomalihale-85g\/","name":"\u00dcrdisool loomalihale - Tamme talu \u00fcrdisegud ja \u00fcrdisoolad","isPartOf":{"@id":"https:\/\/tammetalu.eu\/#website"},"primaryImageOfPage":{"@id":"https:\/\/tammetalu.eu\/toode\/urdisool-loomalihale-85g\/#primaryimage"},"image":{"@id":"https:\/\/tammetalu.eu\/toode\/urdisool-loomalihale-85g\/#primaryimage"},"thumbnailUrl":"https:\/\/tammetalu.eu\/wp-content\/uploads\/2022\/08\/Urdisool_loomalihale-6.jpg","datePublished":"2022-08-09T06:02:42+00:00","dateModified":"2024-09-17T12:13:38+00:00","description":"\u00dcrdisool loomalihale. Koostis: kadakamari, t\u00fc\u00fcmian, k\u00fc\u00fcslauk, porrulauk, majoraan, t\u0161illi, meresool. Vaata l\u00e4hemalt ja telli endale ka!","breadcrumb":{"@id":"https:\/\/tammetalu.eu\/toode\/urdisool-loomalihale-85g\/#breadcrumb"},"inLanguage":"ru-RU","potentialAction":[{"@type":"ReadAction","target":["https:\/\/tammetalu.eu\/toode\/urdisool-loomalihale-85g\/"]}]},{"@type":"ImageObject","inLanguage":"ru-RU","@id":"https:\/\/tammetalu.eu\/toode\/urdisool-loomalihale-85g\/#primaryimage","url":"https:\/\/tammetalu.eu\/wp-content\/uploads\/2022\/08\/Urdisool_loomalihale-6.jpg","contentUrl":"https:\/\/tammetalu.eu\/wp-content\/uploads\/2022\/08\/Urdisool_loomalihale-6.jpg","width":960,"height":960},{"@type":"BreadcrumbList","@id":"https:\/\/tammetalu.eu\/toode\/urdisool-loomalihale-85g\/#breadcrumb","itemListElement":[{"@type":"ListItem","position":1,"name":"Home","item":"https:\/\/tammetalu.eu\/ru\/esileht-rus\/"},{"@type":"ListItem","position":2,"name":"\u041c\u0430\u0433\u0430\u0437\u0438\u043d","item":"https:\/\/tammetalu.eu\/ru\/%d0%bc%d0%b0%d0%b3%d0%b0%d0%b7%d0%b8%d0%bd\/"},{"@type":"ListItem","position":3,"name":"\u00dcrdisool loomalihale 85g"}]},{"@type":"WebSite","@id":"https:\/\/tammetalu.eu\/#website","url":"https:\/\/tammetalu.eu\/","name":"Tamme talu \u00fcrdiaed","description":"K\u00e4sit\u00f6\u00f6na valmistatud tooted \u00fcrtidest, \u00fcrdiistikud, \u00fcrtide kollektsioonaed","publisher":{"@id":"https:\/\/tammetalu.eu\/#organization"},"alternateName":"Tamme talu","potentialAction":[{"@type":"SearchAction","target":{"@type":"EntryPoint","urlTemplate":"https:\/\/tammetalu.eu\/?s={search_term_string}"},"query-input":{"@type":"PropertyValueSpecification","valueRequired":true,"valueName":"search_term_string"}}],"inLanguage":"ru-RU"},{"@type":"Organization","@id":"https:\/\/tammetalu.eu\/#organization","name":"Tamme talu \u00fcrdiaed","alternateName":"Tamme talu","url":"https:\/\/tammetalu.eu\/","logo":{"@type":"ImageObject","inLanguage":"ru-RU","@id":"https:\/\/tammetalu.eu\/#\/schema\/logo\/image\/","url":"https:\/\/tammetalu.eu\/wp-content\/uploads\/2025\/01\/Tamme_talu_urdiaed.png","contentUrl":"https:\/\/tammetalu.eu\/wp-content\/uploads\/2025\/01\/Tamme_talu_urdiaed.png","width":560,"height":560,"caption":"Tamme talu \u00fcrdiaed"},"image":{"@id":"https:\/\/tammetalu.eu\/#\/schema\/logo\/image\/"},"sameAs":["https:\/\/www.facebook.com\/TammeTaluUrdiaed\/?locale=et_EE","https:\/\/www.instagram.com\/tammetaluurdiaed\/"]}]}},"_links":{"self":[{"href":"https:\/\/tammetalu.eu\/ru\/wp-json\/wp\/v2\/product\/15316","targetHints":{"allow":["GET"]}}],"collection":[{"href":"https:\/\/tammetalu.eu\/ru\/wp-json\/wp\/v2\/product"}],"about":[{"href":"https:\/\/tammetalu.eu\/ru\/wp-json\/wp\/v2\/types\/product"}],"wp:featuredmedia":[{"embeddable":true,"href":"https:\/\/tammetalu.eu\/ru\/wp-json\/wp\/v2\/media\/15373"}],"wp:attachment":[{"href":"https:\/\/tammetalu.eu\/ru\/wp-json\/wp\/v2\/media?parent=15316"}],"wp:term":[{"taxonomy":"product_brand","embeddable":true,"href":"https:\/\/tammetalu.eu\/ru\/wp-json\/wp\/v2\/product_brand?post=15316"},{"taxonomy":"product_cat","embeddable":true,"href":"https:\/\/tammetalu.eu\/ru\/wp-json\/wp\/v2\/product_cat?post=15316"},{"taxonomy":"product_tag","embeddable":true,"href":"https:\/\/tammetalu.eu\/ru\/wp-json\/wp\/v2\/product_tag?post=15316"}],"curies":[{"name":"wp","href":"https:\/\/api.w.org\/{rel}","templated":true}]}}