{"id":15317,"date":"2022-08-09T09:02:42","date_gmt":"2022-08-09T06:02:42","guid":{"rendered":"https:\/\/tammetalu.eu?post_type=product&#038;p=15317"},"modified":"2024-03-19T09:33:35","modified_gmt":"2024-03-19T07:33:35","slug":"bbq-grilli-urdisool-85g","status":"publish","type":"product","link":"https:\/\/tammetalu.eu\/ru\/toode\/bbq-grilli-urdisool-85g\/","title":{"rendered":"BBQ &#038; Grilli \u00fcrdisool 85g"},"content":{"rendered":"","protected":false},"excerpt":{"rendered":"<p>35,18 \u20ac\/kg<\/p>\n<p>BBQ ja Grilli \u00fcrdisool sobib liha, kala, kana ja juurviljade maitsestamiseks ning marinaadide valmistamiseks. Kergelt v\u00fcrtsikas. Valmista ise lihtne marinaad lihale. Selleks t\u00fckelda n\u00e4iteks sea kaelakarbonaad suup\u00e4rasteks kuubikuteks. Sega kokku Tamme talu BBQ &amp; Grilli \u00fcrdisool ja \u00e4\u00e4dikas, sega lihaga ning pane kilega kaetult k\u00fclmkappi. Lase \u00fcle\u00f6\u00f6 maitsestuda. J\u00e4rgmisel p\u00e4eval grilli, s\u00f6\u00f6 ja naudi!<\/p>\n<p>Koostisosad: porrulauk, petersell, piparrohi, k\u00fc\u00fcslauk, t\u0161illi, meresool<\/p>\n","protected":false},"featured_media":15377,"template":"","meta":{"_acf_changed":false,"_et_pb_use_builder":"","_et_pb_old_content":"","_et_gb_content_width":"","inline_featured_image":false},"product_brand":[],"product_cat":[177],"product_tag":[67],"class_list":{"0":"post-15317","1":"product","2":"type-product","3":"status-publish","4":"has-post-thumbnail","6":"product_cat-urdisoolad","7":"product_tag-urdisoolad","9":"first","10":"instock","11":"featured","12":"taxable","13":"shipping-taxable","14":"purchasable","15":"product-type-simple"},"acf":[],"yoast_head":"<!-- This site is optimized with the Yoast SEO plugin v26.4 - https:\/\/yoast.com\/wordpress\/plugins\/seo\/ -->\n<title>BBQ &amp; Grilli \u00fcrdisool - Tamme talu k\u00e4sitsi valmistatud \u00fcrdisoolad<\/title>\n<meta name=\"description\" content=\"BBQ &amp; Grilli \u00fcrdisool. Koostis: porrulauk, petersell, piparrohi, k\u00fc\u00fcslauk, t\u0161illi, meresool. Tamme talu k\u00e4sitsi valmistatud \u00fcrdisoolad.\" \/>\n<meta name=\"robots\" content=\"index, follow, max-snippet:-1, max-image-preview:large, max-video-preview:-1\" \/>\n<link rel=\"canonical\" href=\"https:\/\/tammetalu.eu\/toode\/bbq-grilli-urdisool-85g\/\" \/>\n<meta property=\"og:locale\" content=\"ru_RU\" \/>\n<meta property=\"og:type\" content=\"article\" \/>\n<meta property=\"og:title\" content=\"BBQ &amp; Grilli \u00fcrdisool - Tamme talu k\u00e4sitsi valmistatud \u00fcrdisoolad\" \/>\n<meta property=\"og:description\" content=\"BBQ &amp; Grilli \u00fcrdisool. Koostis: porrulauk, petersell, piparrohi, k\u00fc\u00fcslauk, t\u0161illi, meresool. Tamme talu k\u00e4sitsi valmistatud \u00fcrdisoolad.\" \/>\n<meta property=\"og:url\" content=\"https:\/\/tammetalu.eu\/toode\/bbq-grilli-urdisool-85g\/\" \/>\n<meta property=\"og:site_name\" content=\"Tamme talu \u00fcrdiaed\" \/>\n<meta property=\"article:publisher\" content=\"https:\/\/www.facebook.com\/TammeTaluUrdiaed\/?locale=et_EE\" \/>\n<meta property=\"article:modified_time\" content=\"2024-03-19T07:33:35+00:00\" \/>\n<meta property=\"og:image\" content=\"https:\/\/tammetalu.eu\/wp-content\/uploads\/2022\/08\/BBQ_ja_grilli_urdisool-6.jpg\" \/>\n\t<meta property=\"og:image:width\" content=\"960\" \/>\n\t<meta property=\"og:image:height\" content=\"960\" \/>\n\t<meta property=\"og:image:type\" content=\"image\/jpeg\" \/>\n<meta name=\"twitter:card\" content=\"summary_large_image\" \/>\n<meta name=\"twitter:label1\" content=\"\u041f\u0440\u0438\u043c\u0435\u0440\u043d\u043e\u0435 \u0432\u0440\u0435\u043c\u044f \u0434\u043b\u044f \u0447\u0442\u0435\u043d\u0438\u044f\" \/>\n\t<meta name=\"twitter:data1\" content=\"1 \u043c\u0438\u043d\u0443\u0442\u0430\" \/>\n<script type=\"application\/ld+json\" class=\"yoast-schema-graph\">{\"@context\":\"https:\/\/schema.org\",\"@graph\":[{\"@type\":\"WebPage\",\"@id\":\"https:\/\/tammetalu.eu\/toode\/bbq-grilli-urdisool-85g\/\",\"url\":\"https:\/\/tammetalu.eu\/toode\/bbq-grilli-urdisool-85g\/\",\"name\":\"BBQ & Grilli \u00fcrdisool - Tamme talu k\u00e4sitsi valmistatud \u00fcrdisoolad\",\"isPartOf\":{\"@id\":\"https:\/\/tammetalu.eu\/#website\"},\"primaryImageOfPage\":{\"@id\":\"https:\/\/tammetalu.eu\/toode\/bbq-grilli-urdisool-85g\/#primaryimage\"},\"image\":{\"@id\":\"https:\/\/tammetalu.eu\/toode\/bbq-grilli-urdisool-85g\/#primaryimage\"},\"thumbnailUrl\":\"https:\/\/tammetalu.eu\/wp-content\/uploads\/2022\/08\/BBQ_ja_grilli_urdisool-6.jpg\",\"datePublished\":\"2022-08-09T06:02:42+00:00\",\"dateModified\":\"2024-03-19T07:33:35+00:00\",\"description\":\"BBQ & Grilli \u00fcrdisool. Koostis: porrulauk, petersell, piparrohi, k\u00fc\u00fcslauk, t\u0161illi, meresool. Tamme talu k\u00e4sitsi valmistatud \u00fcrdisoolad.\",\"breadcrumb\":{\"@id\":\"https:\/\/tammetalu.eu\/toode\/bbq-grilli-urdisool-85g\/#breadcrumb\"},\"inLanguage\":\"ru-RU\",\"potentialAction\":[{\"@type\":\"ReadAction\",\"target\":[\"https:\/\/tammetalu.eu\/toode\/bbq-grilli-urdisool-85g\/\"]}]},{\"@type\":\"ImageObject\",\"inLanguage\":\"ru-RU\",\"@id\":\"https:\/\/tammetalu.eu\/toode\/bbq-grilli-urdisool-85g\/#primaryimage\",\"url\":\"https:\/\/tammetalu.eu\/wp-content\/uploads\/2022\/08\/BBQ_ja_grilli_urdisool-6.jpg\",\"contentUrl\":\"https:\/\/tammetalu.eu\/wp-content\/uploads\/2022\/08\/BBQ_ja_grilli_urdisool-6.jpg\",\"width\":960,\"height\":960},{\"@type\":\"BreadcrumbList\",\"@id\":\"https:\/\/tammetalu.eu\/toode\/bbq-grilli-urdisool-85g\/#breadcrumb\",\"itemListElement\":[{\"@type\":\"ListItem\",\"position\":1,\"name\":\"Home\",\"item\":\"https:\/\/tammetalu.eu\/ru\/esileht-rus\/\"},{\"@type\":\"ListItem\",\"position\":2,\"name\":\"\u041c\u0430\u0433\u0430\u0437\u0438\u043d\",\"item\":\"https:\/\/tammetalu.eu\/ru\/%d0%bc%d0%b0%d0%b3%d0%b0%d0%b7%d0%b8%d0%bd\/\"},{\"@type\":\"ListItem\",\"position\":3,\"name\":\"BBQ &#038; Grilli \u00fcrdisool 85g\"}]},{\"@type\":\"WebSite\",\"@id\":\"https:\/\/tammetalu.eu\/#website\",\"url\":\"https:\/\/tammetalu.eu\/\",\"name\":\"Tamme talu \u00fcrdiaed\",\"description\":\"K\u00e4sit\u00f6\u00f6na valmistatud tooted \u00fcrtidest, \u00fcrdiistikud, \u00fcrtide kollektsioonaed\",\"publisher\":{\"@id\":\"https:\/\/tammetalu.eu\/#organization\"},\"alternateName\":\"Tamme talu\",\"potentialAction\":[{\"@type\":\"SearchAction\",\"target\":{\"@type\":\"EntryPoint\",\"urlTemplate\":\"https:\/\/tammetalu.eu\/?s={search_term_string}\"},\"query-input\":{\"@type\":\"PropertyValueSpecification\",\"valueRequired\":true,\"valueName\":\"search_term_string\"}}],\"inLanguage\":\"ru-RU\"},{\"@type\":\"Organization\",\"@id\":\"https:\/\/tammetalu.eu\/#organization\",\"name\":\"Tamme talu \u00fcrdiaed\",\"alternateName\":\"Tamme talu\",\"url\":\"https:\/\/tammetalu.eu\/\",\"logo\":{\"@type\":\"ImageObject\",\"inLanguage\":\"ru-RU\",\"@id\":\"https:\/\/tammetalu.eu\/#\/schema\/logo\/image\/\",\"url\":\"https:\/\/tammetalu.eu\/wp-content\/uploads\/2025\/01\/Tamme_talu_urdiaed.png\",\"contentUrl\":\"https:\/\/tammetalu.eu\/wp-content\/uploads\/2025\/01\/Tamme_talu_urdiaed.png\",\"width\":560,\"height\":560,\"caption\":\"Tamme talu \u00fcrdiaed\"},\"image\":{\"@id\":\"https:\/\/tammetalu.eu\/#\/schema\/logo\/image\/\"},\"sameAs\":[\"https:\/\/www.facebook.com\/TammeTaluUrdiaed\/?locale=et_EE\",\"https:\/\/www.instagram.com\/tammetaluurdiaed\/\"]}]}<\/script>\n<!-- \/ Yoast SEO plugin. -->","yoast_head_json":{"title":"BBQ & Grilli \u00fcrdisool - Tamme talu k\u00e4sitsi valmistatud \u00fcrdisoolad","description":"BBQ & Grilli \u00fcrdisool. Koostis: porrulauk, petersell, piparrohi, k\u00fc\u00fcslauk, t\u0161illi, meresool. Tamme talu k\u00e4sitsi valmistatud \u00fcrdisoolad.","robots":{"index":"index","follow":"follow","max-snippet":"max-snippet:-1","max-image-preview":"max-image-preview:large","max-video-preview":"max-video-preview:-1"},"canonical":"https:\/\/tammetalu.eu\/toode\/bbq-grilli-urdisool-85g\/","og_locale":"ru_RU","og_type":"article","og_title":"BBQ & Grilli \u00fcrdisool - Tamme talu k\u00e4sitsi valmistatud \u00fcrdisoolad","og_description":"BBQ & Grilli \u00fcrdisool. Koostis: porrulauk, petersell, piparrohi, k\u00fc\u00fcslauk, t\u0161illi, meresool. Tamme talu k\u00e4sitsi valmistatud \u00fcrdisoolad.","og_url":"https:\/\/tammetalu.eu\/toode\/bbq-grilli-urdisool-85g\/","og_site_name":"Tamme talu \u00fcrdiaed","article_publisher":"https:\/\/www.facebook.com\/TammeTaluUrdiaed\/?locale=et_EE","article_modified_time":"2024-03-19T07:33:35+00:00","og_image":[{"width":960,"height":960,"url":"https:\/\/tammetalu.eu\/wp-content\/uploads\/2022\/08\/BBQ_ja_grilli_urdisool-6.jpg","type":"image\/jpeg"}],"twitter_card":"summary_large_image","twitter_misc":{"\u041f\u0440\u0438\u043c\u0435\u0440\u043d\u043e\u0435 \u0432\u0440\u0435\u043c\u044f \u0434\u043b\u044f \u0447\u0442\u0435\u043d\u0438\u044f":"1 \u043c\u0438\u043d\u0443\u0442\u0430"},"schema":{"@context":"https:\/\/schema.org","@graph":[{"@type":"WebPage","@id":"https:\/\/tammetalu.eu\/toode\/bbq-grilli-urdisool-85g\/","url":"https:\/\/tammetalu.eu\/toode\/bbq-grilli-urdisool-85g\/","name":"BBQ & Grilli \u00fcrdisool - Tamme talu k\u00e4sitsi valmistatud \u00fcrdisoolad","isPartOf":{"@id":"https:\/\/tammetalu.eu\/#website"},"primaryImageOfPage":{"@id":"https:\/\/tammetalu.eu\/toode\/bbq-grilli-urdisool-85g\/#primaryimage"},"image":{"@id":"https:\/\/tammetalu.eu\/toode\/bbq-grilli-urdisool-85g\/#primaryimage"},"thumbnailUrl":"https:\/\/tammetalu.eu\/wp-content\/uploads\/2022\/08\/BBQ_ja_grilli_urdisool-6.jpg","datePublished":"2022-08-09T06:02:42+00:00","dateModified":"2024-03-19T07:33:35+00:00","description":"BBQ & Grilli \u00fcrdisool. Koostis: porrulauk, petersell, piparrohi, k\u00fc\u00fcslauk, t\u0161illi, meresool. Tamme talu k\u00e4sitsi valmistatud \u00fcrdisoolad.","breadcrumb":{"@id":"https:\/\/tammetalu.eu\/toode\/bbq-grilli-urdisool-85g\/#breadcrumb"},"inLanguage":"ru-RU","potentialAction":[{"@type":"ReadAction","target":["https:\/\/tammetalu.eu\/toode\/bbq-grilli-urdisool-85g\/"]}]},{"@type":"ImageObject","inLanguage":"ru-RU","@id":"https:\/\/tammetalu.eu\/toode\/bbq-grilli-urdisool-85g\/#primaryimage","url":"https:\/\/tammetalu.eu\/wp-content\/uploads\/2022\/08\/BBQ_ja_grilli_urdisool-6.jpg","contentUrl":"https:\/\/tammetalu.eu\/wp-content\/uploads\/2022\/08\/BBQ_ja_grilli_urdisool-6.jpg","width":960,"height":960},{"@type":"BreadcrumbList","@id":"https:\/\/tammetalu.eu\/toode\/bbq-grilli-urdisool-85g\/#breadcrumb","itemListElement":[{"@type":"ListItem","position":1,"name":"Home","item":"https:\/\/tammetalu.eu\/ru\/esileht-rus\/"},{"@type":"ListItem","position":2,"name":"\u041c\u0430\u0433\u0430\u0437\u0438\u043d","item":"https:\/\/tammetalu.eu\/ru\/%d0%bc%d0%b0%d0%b3%d0%b0%d0%b7%d0%b8%d0%bd\/"},{"@type":"ListItem","position":3,"name":"BBQ &#038; Grilli \u00fcrdisool 85g"}]},{"@type":"WebSite","@id":"https:\/\/tammetalu.eu\/#website","url":"https:\/\/tammetalu.eu\/","name":"Tamme talu \u00fcrdiaed","description":"K\u00e4sit\u00f6\u00f6na valmistatud tooted \u00fcrtidest, \u00fcrdiistikud, \u00fcrtide kollektsioonaed","publisher":{"@id":"https:\/\/tammetalu.eu\/#organization"},"alternateName":"Tamme talu","potentialAction":[{"@type":"SearchAction","target":{"@type":"EntryPoint","urlTemplate":"https:\/\/tammetalu.eu\/?s={search_term_string}"},"query-input":{"@type":"PropertyValueSpecification","valueRequired":true,"valueName":"search_term_string"}}],"inLanguage":"ru-RU"},{"@type":"Organization","@id":"https:\/\/tammetalu.eu\/#organization","name":"Tamme talu \u00fcrdiaed","alternateName":"Tamme talu","url":"https:\/\/tammetalu.eu\/","logo":{"@type":"ImageObject","inLanguage":"ru-RU","@id":"https:\/\/tammetalu.eu\/#\/schema\/logo\/image\/","url":"https:\/\/tammetalu.eu\/wp-content\/uploads\/2025\/01\/Tamme_talu_urdiaed.png","contentUrl":"https:\/\/tammetalu.eu\/wp-content\/uploads\/2025\/01\/Tamme_talu_urdiaed.png","width":560,"height":560,"caption":"Tamme talu \u00fcrdiaed"},"image":{"@id":"https:\/\/tammetalu.eu\/#\/schema\/logo\/image\/"},"sameAs":["https:\/\/www.facebook.com\/TammeTaluUrdiaed\/?locale=et_EE","https:\/\/www.instagram.com\/tammetaluurdiaed\/"]}]}},"_links":{"self":[{"href":"https:\/\/tammetalu.eu\/ru\/wp-json\/wp\/v2\/product\/15317","targetHints":{"allow":["GET"]}}],"collection":[{"href":"https:\/\/tammetalu.eu\/ru\/wp-json\/wp\/v2\/product"}],"about":[{"href":"https:\/\/tammetalu.eu\/ru\/wp-json\/wp\/v2\/types\/product"}],"wp:featuredmedia":[{"embeddable":true,"href":"https:\/\/tammetalu.eu\/ru\/wp-json\/wp\/v2\/media\/15377"}],"wp:attachment":[{"href":"https:\/\/tammetalu.eu\/ru\/wp-json\/wp\/v2\/media?parent=15317"}],"wp:term":[{"taxonomy":"product_brand","embeddable":true,"href":"https:\/\/tammetalu.eu\/ru\/wp-json\/wp\/v2\/product_brand?post=15317"},{"taxonomy":"product_cat","embeddable":true,"href":"https:\/\/tammetalu.eu\/ru\/wp-json\/wp\/v2\/product_cat?post=15317"},{"taxonomy":"product_tag","embeddable":true,"href":"https:\/\/tammetalu.eu\/ru\/wp-json\/wp\/v2\/product_tag?post=15317"}],"curies":[{"name":"wp","href":"https:\/\/api.w.org\/{rel}","templated":true}]}}