{"id":15402,"date":"2022-08-09T09:03:05","date_gmt":"2022-08-09T06:03:05","guid":{"rendered":"https:\/\/tammetalu.eu?post_type=product&#038;p=15402"},"modified":"2025-11-29T12:24:03","modified_gmt":"2025-11-29T10:24:03","slug":"joulutee-20g","status":"publish","type":"product","link":"https:\/\/tammetalu.eu\/ru\/toode\/joulutee-20g\/","title":{"rendered":"MAHE J\u00f5ulutee 20g"},"content":{"rendered":"","protected":false},"excerpt":{"rendered":"<p>199,50 \u20ac\/kg<\/p>\n<p>Marjatee<\/p>\n<p>J\u00f5ulutee koosneb Eesti traditsioonilistest teetaimedest, millede h\u00f5rk maitse ja aroomikooslus aitab luua sooja ja hubast j\u00f5ulumeeleolu. J\u00f5ulutee sobib joomiseks pimedal ja haigusterikkal ajal k\u00fclmetuse ja v\u00e4simuse peletamiseks. K\u00f5ik J\u00f5ulutees kasutatud taimed on hinnatud rahvameditsiinis k\u00fclmetuse, v\u00e4simuse ja vitamiinivaeguse leevendajatena.<\/p>\n<p>Koostisosad: k\u00fclmkuivatatud pihlakad*, k\u00fclmkuivatatud \u00f5unat\u00fckid*, vaarikalehed*, musts\u00f5stralehed*, \u00f5unm\u00fcnt*<\/p>\n<p>*Kontrollitud mahep\u00f5llumajandusest<\/p>\n","protected":false},"featured_media":16612,"template":"","meta":{"_acf_changed":false,"_et_pb_use_builder":"","_et_pb_old_content":"","_et_gb_content_width":"","inline_featured_image":false},"product_brand":[],"product_cat":[225,182,183],"product_tag":[70],"class_list":{"0":"post-15402","1":"product","2":"type-product","3":"status-publish","4":"has-post-thumbnail","6":"product_cat-kingiideed","7":"product_cat-taimeteed","8":"product_cat-marjateed-urtidega","9":"product_tag-urditeed","11":"first","12":"instock","13":"taxable","14":"shipping-taxable","15":"purchasable","16":"product-type-simple"},"acf":[],"yoast_head":"<!-- This site is optimized with the Yoast SEO plugin v26.4 - https:\/\/yoast.com\/wordpress\/plugins\/seo\/ -->\n<title>\u00d6KO J\u00f5ulutee - Tamme talu k\u00e4sitsi valmistatud \u00fcrdi- ja marjateed<\/title>\n<meta name=\"description\" content=\"J\u00f5ulutee. Koostis: \u00f5unal\u00f5igud, pihlaka marjad, vaarika ja musts\u00f5stra lehed, \u00f5unm\u00fcnt. Sobib joomiseks haigusterikkal ajal k\u00fclmetuse ja v\u00e4simuse peletamiseks\" \/>\n<meta name=\"robots\" content=\"index, follow, max-snippet:-1, max-image-preview:large, max-video-preview:-1\" \/>\n<link rel=\"canonical\" href=\"https:\/\/tammetalu.eu\/toode\/joulutee-20g\/\" \/>\n<meta property=\"og:locale\" content=\"ru_RU\" \/>\n<meta property=\"og:type\" content=\"article\" \/>\n<meta property=\"og:title\" content=\"\u00d6KO J\u00f5ulutee - Tamme talu k\u00e4sitsi valmistatud \u00fcrdi- ja marjateed\" \/>\n<meta property=\"og:description\" content=\"J\u00f5ulutee. Koostis: \u00f5unal\u00f5igud, pihlaka marjad, vaarika ja musts\u00f5stra lehed, \u00f5unm\u00fcnt. Sobib joomiseks haigusterikkal ajal k\u00fclmetuse ja v\u00e4simuse peletamiseks\" \/>\n<meta property=\"og:url\" content=\"https:\/\/tammetalu.eu\/toode\/joulutee-20g\/\" \/>\n<meta property=\"og:site_name\" content=\"Tamme talu \u00fcrdiaed\" \/>\n<meta property=\"article:publisher\" content=\"https:\/\/www.facebook.com\/TammeTaluUrdiaed\/?locale=et_EE\" \/>\n<meta property=\"article:modified_time\" content=\"2025-11-29T10:24:03+00:00\" \/>\n<meta property=\"og:image\" content=\"https:\/\/tammetalu.eu\/wp-content\/uploads\/2022\/08\/Oko_Joulutee.jpg\" \/>\n\t<meta property=\"og:image:width\" content=\"960\" \/>\n\t<meta property=\"og:image:height\" content=\"960\" \/>\n\t<meta property=\"og:image:type\" content=\"image\/jpeg\" \/>\n<meta name=\"twitter:card\" content=\"summary_large_image\" \/>\n<script type=\"application\/ld+json\" class=\"yoast-schema-graph\">{\"@context\":\"https:\/\/schema.org\",\"@graph\":[{\"@type\":\"WebPage\",\"@id\":\"https:\/\/tammetalu.eu\/toode\/joulutee-20g\/\",\"url\":\"https:\/\/tammetalu.eu\/toode\/joulutee-20g\/\",\"name\":\"\u00d6KO J\u00f5ulutee - Tamme talu k\u00e4sitsi valmistatud \u00fcrdi- ja marjateed\",\"isPartOf\":{\"@id\":\"https:\/\/tammetalu.eu\/#website\"},\"primaryImageOfPage\":{\"@id\":\"https:\/\/tammetalu.eu\/toode\/joulutee-20g\/#primaryimage\"},\"image\":{\"@id\":\"https:\/\/tammetalu.eu\/toode\/joulutee-20g\/#primaryimage\"},\"thumbnailUrl\":\"https:\/\/tammetalu.eu\/wp-content\/uploads\/2022\/08\/Oko_Joulutee.jpg\",\"datePublished\":\"2022-08-09T06:03:05+00:00\",\"dateModified\":\"2025-11-29T10:24:03+00:00\",\"description\":\"J\u00f5ulutee. Koostis: \u00f5unal\u00f5igud, pihlaka marjad, vaarika ja musts\u00f5stra lehed, \u00f5unm\u00fcnt. Sobib joomiseks haigusterikkal ajal k\u00fclmetuse ja v\u00e4simuse peletamiseks\",\"breadcrumb\":{\"@id\":\"https:\/\/tammetalu.eu\/toode\/joulutee-20g\/#breadcrumb\"},\"inLanguage\":\"ru-RU\",\"potentialAction\":[{\"@type\":\"ReadAction\",\"target\":[\"https:\/\/tammetalu.eu\/toode\/joulutee-20g\/\"]}]},{\"@type\":\"ImageObject\",\"inLanguage\":\"ru-RU\",\"@id\":\"https:\/\/tammetalu.eu\/toode\/joulutee-20g\/#primaryimage\",\"url\":\"https:\/\/tammetalu.eu\/wp-content\/uploads\/2022\/08\/Oko_Joulutee.jpg\",\"contentUrl\":\"https:\/\/tammetalu.eu\/wp-content\/uploads\/2022\/08\/Oko_Joulutee.jpg\",\"width\":960,\"height\":960,\"caption\":\"Oko_Joulutee\"},{\"@type\":\"BreadcrumbList\",\"@id\":\"https:\/\/tammetalu.eu\/toode\/joulutee-20g\/#breadcrumb\",\"itemListElement\":[{\"@type\":\"ListItem\",\"position\":1,\"name\":\"Home\",\"item\":\"https:\/\/tammetalu.eu\/ru\/esileht-rus\/\"},{\"@type\":\"ListItem\",\"position\":2,\"name\":\"\u041c\u0430\u0433\u0430\u0437\u0438\u043d\",\"item\":\"https:\/\/tammetalu.eu\/ru\/%d0%bc%d0%b0%d0%b3%d0%b0%d0%b7%d0%b8%d0%bd\/\"},{\"@type\":\"ListItem\",\"position\":3,\"name\":\"MAHE J\u00f5ulutee 20g\"}]},{\"@type\":\"WebSite\",\"@id\":\"https:\/\/tammetalu.eu\/#website\",\"url\":\"https:\/\/tammetalu.eu\/\",\"name\":\"Tamme talu \u00fcrdiaed\",\"description\":\"K\u00e4sit\u00f6\u00f6na valmistatud tooted \u00fcrtidest, \u00fcrdiistikud, \u00fcrtide kollektsioonaed\",\"publisher\":{\"@id\":\"https:\/\/tammetalu.eu\/#organization\"},\"alternateName\":\"Tamme talu\",\"potentialAction\":[{\"@type\":\"SearchAction\",\"target\":{\"@type\":\"EntryPoint\",\"urlTemplate\":\"https:\/\/tammetalu.eu\/?s={search_term_string}\"},\"query-input\":{\"@type\":\"PropertyValueSpecification\",\"valueRequired\":true,\"valueName\":\"search_term_string\"}}],\"inLanguage\":\"ru-RU\"},{\"@type\":\"Organization\",\"@id\":\"https:\/\/tammetalu.eu\/#organization\",\"name\":\"Tamme talu \u00fcrdiaed\",\"alternateName\":\"Tamme talu\",\"url\":\"https:\/\/tammetalu.eu\/\",\"logo\":{\"@type\":\"ImageObject\",\"inLanguage\":\"ru-RU\",\"@id\":\"https:\/\/tammetalu.eu\/#\/schema\/logo\/image\/\",\"url\":\"https:\/\/tammetalu.eu\/wp-content\/uploads\/2025\/01\/Tamme_talu_urdiaed.png\",\"contentUrl\":\"https:\/\/tammetalu.eu\/wp-content\/uploads\/2025\/01\/Tamme_talu_urdiaed.png\",\"width\":560,\"height\":560,\"caption\":\"Tamme talu \u00fcrdiaed\"},\"image\":{\"@id\":\"https:\/\/tammetalu.eu\/#\/schema\/logo\/image\/\"},\"sameAs\":[\"https:\/\/www.facebook.com\/TammeTaluUrdiaed\/?locale=et_EE\",\"https:\/\/www.instagram.com\/tammetaluurdiaed\/\"]}]}<\/script>\n<!-- \/ Yoast SEO plugin. -->","yoast_head_json":{"title":"\u00d6KO J\u00f5ulutee - Tamme talu k\u00e4sitsi valmistatud \u00fcrdi- ja marjateed","description":"J\u00f5ulutee. Koostis: \u00f5unal\u00f5igud, pihlaka marjad, vaarika ja musts\u00f5stra lehed, \u00f5unm\u00fcnt. Sobib joomiseks haigusterikkal ajal k\u00fclmetuse ja v\u00e4simuse peletamiseks","robots":{"index":"index","follow":"follow","max-snippet":"max-snippet:-1","max-image-preview":"max-image-preview:large","max-video-preview":"max-video-preview:-1"},"canonical":"https:\/\/tammetalu.eu\/toode\/joulutee-20g\/","og_locale":"ru_RU","og_type":"article","og_title":"\u00d6KO J\u00f5ulutee - Tamme talu k\u00e4sitsi valmistatud \u00fcrdi- ja marjateed","og_description":"J\u00f5ulutee. Koostis: \u00f5unal\u00f5igud, pihlaka marjad, vaarika ja musts\u00f5stra lehed, \u00f5unm\u00fcnt. Sobib joomiseks haigusterikkal ajal k\u00fclmetuse ja v\u00e4simuse peletamiseks","og_url":"https:\/\/tammetalu.eu\/toode\/joulutee-20g\/","og_site_name":"Tamme talu \u00fcrdiaed","article_publisher":"https:\/\/www.facebook.com\/TammeTaluUrdiaed\/?locale=et_EE","article_modified_time":"2025-11-29T10:24:03+00:00","og_image":[{"width":960,"height":960,"url":"https:\/\/tammetalu.eu\/wp-content\/uploads\/2022\/08\/Oko_Joulutee.jpg","type":"image\/jpeg"}],"twitter_card":"summary_large_image","schema":{"@context":"https:\/\/schema.org","@graph":[{"@type":"WebPage","@id":"https:\/\/tammetalu.eu\/toode\/joulutee-20g\/","url":"https:\/\/tammetalu.eu\/toode\/joulutee-20g\/","name":"\u00d6KO J\u00f5ulutee - Tamme talu k\u00e4sitsi valmistatud \u00fcrdi- ja marjateed","isPartOf":{"@id":"https:\/\/tammetalu.eu\/#website"},"primaryImageOfPage":{"@id":"https:\/\/tammetalu.eu\/toode\/joulutee-20g\/#primaryimage"},"image":{"@id":"https:\/\/tammetalu.eu\/toode\/joulutee-20g\/#primaryimage"},"thumbnailUrl":"https:\/\/tammetalu.eu\/wp-content\/uploads\/2022\/08\/Oko_Joulutee.jpg","datePublished":"2022-08-09T06:03:05+00:00","dateModified":"2025-11-29T10:24:03+00:00","description":"J\u00f5ulutee. Koostis: \u00f5unal\u00f5igud, pihlaka marjad, vaarika ja musts\u00f5stra lehed, \u00f5unm\u00fcnt. Sobib joomiseks haigusterikkal ajal k\u00fclmetuse ja v\u00e4simuse peletamiseks","breadcrumb":{"@id":"https:\/\/tammetalu.eu\/toode\/joulutee-20g\/#breadcrumb"},"inLanguage":"ru-RU","potentialAction":[{"@type":"ReadAction","target":["https:\/\/tammetalu.eu\/toode\/joulutee-20g\/"]}]},{"@type":"ImageObject","inLanguage":"ru-RU","@id":"https:\/\/tammetalu.eu\/toode\/joulutee-20g\/#primaryimage","url":"https:\/\/tammetalu.eu\/wp-content\/uploads\/2022\/08\/Oko_Joulutee.jpg","contentUrl":"https:\/\/tammetalu.eu\/wp-content\/uploads\/2022\/08\/Oko_Joulutee.jpg","width":960,"height":960,"caption":"Oko_Joulutee"},{"@type":"BreadcrumbList","@id":"https:\/\/tammetalu.eu\/toode\/joulutee-20g\/#breadcrumb","itemListElement":[{"@type":"ListItem","position":1,"name":"Home","item":"https:\/\/tammetalu.eu\/ru\/esileht-rus\/"},{"@type":"ListItem","position":2,"name":"\u041c\u0430\u0433\u0430\u0437\u0438\u043d","item":"https:\/\/tammetalu.eu\/ru\/%d0%bc%d0%b0%d0%b3%d0%b0%d0%b7%d0%b8%d0%bd\/"},{"@type":"ListItem","position":3,"name":"MAHE J\u00f5ulutee 20g"}]},{"@type":"WebSite","@id":"https:\/\/tammetalu.eu\/#website","url":"https:\/\/tammetalu.eu\/","name":"Tamme talu \u00fcrdiaed","description":"K\u00e4sit\u00f6\u00f6na valmistatud tooted \u00fcrtidest, \u00fcrdiistikud, \u00fcrtide kollektsioonaed","publisher":{"@id":"https:\/\/tammetalu.eu\/#organization"},"alternateName":"Tamme talu","potentialAction":[{"@type":"SearchAction","target":{"@type":"EntryPoint","urlTemplate":"https:\/\/tammetalu.eu\/?s={search_term_string}"},"query-input":{"@type":"PropertyValueSpecification","valueRequired":true,"valueName":"search_term_string"}}],"inLanguage":"ru-RU"},{"@type":"Organization","@id":"https:\/\/tammetalu.eu\/#organization","name":"Tamme talu \u00fcrdiaed","alternateName":"Tamme talu","url":"https:\/\/tammetalu.eu\/","logo":{"@type":"ImageObject","inLanguage":"ru-RU","@id":"https:\/\/tammetalu.eu\/#\/schema\/logo\/image\/","url":"https:\/\/tammetalu.eu\/wp-content\/uploads\/2025\/01\/Tamme_talu_urdiaed.png","contentUrl":"https:\/\/tammetalu.eu\/wp-content\/uploads\/2025\/01\/Tamme_talu_urdiaed.png","width":560,"height":560,"caption":"Tamme talu \u00fcrdiaed"},"image":{"@id":"https:\/\/tammetalu.eu\/#\/schema\/logo\/image\/"},"sameAs":["https:\/\/www.facebook.com\/TammeTaluUrdiaed\/?locale=et_EE","https:\/\/www.instagram.com\/tammetaluurdiaed\/"]}]}},"_links":{"self":[{"href":"https:\/\/tammetalu.eu\/ru\/wp-json\/wp\/v2\/product\/15402","targetHints":{"allow":["GET"]}}],"collection":[{"href":"https:\/\/tammetalu.eu\/ru\/wp-json\/wp\/v2\/product"}],"about":[{"href":"https:\/\/tammetalu.eu\/ru\/wp-json\/wp\/v2\/types\/product"}],"wp:featuredmedia":[{"embeddable":true,"href":"https:\/\/tammetalu.eu\/ru\/wp-json\/wp\/v2\/media\/16612"}],"wp:attachment":[{"href":"https:\/\/tammetalu.eu\/ru\/wp-json\/wp\/v2\/media?parent=15402"}],"wp:term":[{"taxonomy":"product_brand","embeddable":true,"href":"https:\/\/tammetalu.eu\/ru\/wp-json\/wp\/v2\/product_brand?post=15402"},{"taxonomy":"product_cat","embeddable":true,"href":"https:\/\/tammetalu.eu\/ru\/wp-json\/wp\/v2\/product_cat?post=15402"},{"taxonomy":"product_tag","embeddable":true,"href":"https:\/\/tammetalu.eu\/ru\/wp-json\/wp\/v2\/product_tag?post=15402"}],"curies":[{"name":"wp","href":"https:\/\/api.w.org\/{rel}","templated":true}]}}