{"id":15408,"date":"2022-08-09T09:03:06","date_gmt":"2022-08-09T06:03:06","guid":{"rendered":"https:\/\/tammetalu.eu?post_type=product&#038;p=15408"},"modified":"2025-01-08T11:23:02","modified_gmt":"2025-01-08T09:23:02","slug":"vaarikatee-piparmundiga-25g","status":"publish","type":"product","link":"https:\/\/tammetalu.eu\/ru\/toode\/vaarikatee-piparmundiga-25g\/","title":{"rendered":"MAHE Vaarikatee piparm\u00fcndiga 25g"},"content":{"rendered":"","protected":false},"excerpt":{"rendered":"<p>179,60 \u20ac\/kg<\/p>\n<p>Marjatee<\/p>\n<p>Vaarikatee piparm\u00fcndiga on m\u00f5nusalt v\u00e4rskendav ja marjane. Vaarikad annavad teele k\u00fcpsetele vaarikatele omase maitse, magusa aroomi ja v\u00e4rvi. Piparm\u00fcnt lisab ergutava m\u00fcndise alatooni. Vaarikad ja vaarikalehed on tuntud rahvameditsiinis k\u00fclmetushaiguste leevendajana.<\/p>\n<p>Koostisosad: k\u00fclmkuivatatud vaarikad*, vaarikalehed*, piparm\u00fcnt*<\/p>\n<p>*Kontrollitud mahep\u00f5llumajandusest<\/p>\n","protected":false},"featured_media":16674,"template":"","meta":{"_acf_changed":false,"_et_pb_use_builder":"","_et_pb_old_content":"","_et_gb_content_width":"","inline_featured_image":false},"product_brand":[],"product_cat":[183],"product_tag":[71],"class_list":{"0":"post-15408","1":"product","2":"type-product","3":"status-publish","4":"has-post-thumbnail","6":"product_cat-marjateed-urtidega","7":"product_tag-marjateed","9":"first","10":"instock","11":"taxable","12":"shipping-taxable","13":"purchasable","14":"product-type-simple"},"acf":[],"yoast_head":"<!-- This site is optimized with the Yoast SEO plugin v27.5 - https:\/\/yoast.com\/product\/yoast-seo-wordpress\/ -->\n<title>Vaarikatee piparm\u00fcndiga - Tamme talu taime- ja marjateed<\/title>\n<meta name=\"description\" content=\"Vaarikatee piparm\u00fcndiga. Vaarikad annavad teele v\u00e4rsketele vaarikatele omase maitse, magusa aroomi ja v\u00e4rvi. Piparm\u00fcnt lisab m\u00fcndise alatooni.\" \/>\n<meta name=\"robots\" content=\"index, follow, max-snippet:-1, max-image-preview:large, max-video-preview:-1\" \/>\n<link rel=\"canonical\" href=\"https:\/\/tammetalu.eu\/toode\/vaarikatee-piparmundiga-25g\/\" \/>\n<meta property=\"og:locale\" content=\"ru_RU\" \/>\n<meta property=\"og:type\" content=\"article\" \/>\n<meta property=\"og:title\" content=\"Vaarikatee piparm\u00fcndiga - Tamme talu taime- ja marjateed\" \/>\n<meta property=\"og:description\" content=\"Vaarikatee piparm\u00fcndiga. Vaarikad annavad teele v\u00e4rsketele vaarikatele omase maitse, magusa aroomi ja v\u00e4rvi. Piparm\u00fcnt lisab m\u00fcndise alatooni.\" \/>\n<meta property=\"og:url\" content=\"https:\/\/tammetalu.eu\/toode\/vaarikatee-piparmundiga-25g\/\" \/>\n<meta property=\"og:site_name\" content=\"Tamme talu \u00fcrdiaed\" \/>\n<meta property=\"article:publisher\" content=\"https:\/\/www.facebook.com\/TammeTaluUrdiaed\/?locale=et_EE\" \/>\n<meta property=\"article:modified_time\" content=\"2025-01-08T09:23:02+00:00\" \/>\n<meta property=\"og:image\" content=\"https:\/\/tammetalu.eu\/wp-content\/uploads\/2022\/08\/Oko_Vaarikatee_piparmundiga.jpg\" \/>\n\t<meta property=\"og:image:width\" content=\"960\" \/>\n\t<meta property=\"og:image:height\" content=\"960\" \/>\n\t<meta property=\"og:image:type\" content=\"image\/jpeg\" \/>\n<meta name=\"twitter:card\" content=\"summary_large_image\" \/>\n<meta name=\"twitter:label1\" content=\"\u041f\u0440\u0438\u043c\u0435\u0440\u043d\u043e\u0435 \u0432\u0440\u0435\u043c\u044f \u0434\u043b\u044f \u0447\u0442\u0435\u043d\u0438\u044f\" \/>\n\t<meta name=\"twitter:data1\" content=\"1 \u043c\u0438\u043d\u0443\u0442\u0430\" \/>\n<script type=\"application\/ld+json\" class=\"yoast-schema-graph\">{\"@context\":\"https:\\\/\\\/schema.org\",\"@graph\":[{\"@type\":\"WebPage\",\"@id\":\"https:\\\/\\\/tammetalu.eu\\\/toode\\\/vaarikatee-piparmundiga-25g\\\/\",\"url\":\"https:\\\/\\\/tammetalu.eu\\\/toode\\\/vaarikatee-piparmundiga-25g\\\/\",\"name\":\"Vaarikatee piparm\u00fcndiga - Tamme talu taime- ja marjateed\",\"isPartOf\":{\"@id\":\"https:\\\/\\\/tammetalu.eu\\\/#website\"},\"primaryImageOfPage\":{\"@id\":\"https:\\\/\\\/tammetalu.eu\\\/toode\\\/vaarikatee-piparmundiga-25g\\\/#primaryimage\"},\"image\":{\"@id\":\"https:\\\/\\\/tammetalu.eu\\\/toode\\\/vaarikatee-piparmundiga-25g\\\/#primaryimage\"},\"thumbnailUrl\":\"https:\\\/\\\/tammetalu.eu\\\/wp-content\\\/uploads\\\/2022\\\/08\\\/Oko_Vaarikatee_piparmundiga.jpg\",\"datePublished\":\"2022-08-09T06:03:06+00:00\",\"dateModified\":\"2025-01-08T09:23:02+00:00\",\"description\":\"Vaarikatee piparm\u00fcndiga. Vaarikad annavad teele v\u00e4rsketele vaarikatele omase maitse, magusa aroomi ja v\u00e4rvi. Piparm\u00fcnt lisab m\u00fcndise alatooni.\",\"breadcrumb\":{\"@id\":\"https:\\\/\\\/tammetalu.eu\\\/toode\\\/vaarikatee-piparmundiga-25g\\\/#breadcrumb\"},\"inLanguage\":\"ru-RU\",\"potentialAction\":[{\"@type\":\"ReadAction\",\"target\":[\"https:\\\/\\\/tammetalu.eu\\\/toode\\\/vaarikatee-piparmundiga-25g\\\/\"]}]},{\"@type\":\"ImageObject\",\"inLanguage\":\"ru-RU\",\"@id\":\"https:\\\/\\\/tammetalu.eu\\\/toode\\\/vaarikatee-piparmundiga-25g\\\/#primaryimage\",\"url\":\"https:\\\/\\\/tammetalu.eu\\\/wp-content\\\/uploads\\\/2022\\\/08\\\/Oko_Vaarikatee_piparmundiga.jpg\",\"contentUrl\":\"https:\\\/\\\/tammetalu.eu\\\/wp-content\\\/uploads\\\/2022\\\/08\\\/Oko_Vaarikatee_piparmundiga.jpg\",\"width\":960,\"height\":960,\"caption\":\"Oko_Vaarikatee_piparmundiga\"},{\"@type\":\"BreadcrumbList\",\"@id\":\"https:\\\/\\\/tammetalu.eu\\\/toode\\\/vaarikatee-piparmundiga-25g\\\/#breadcrumb\",\"itemListElement\":[{\"@type\":\"ListItem\",\"position\":1,\"name\":\"Home\",\"item\":\"https:\\\/\\\/tammetalu.eu\\\/ru\\\/esileht-rus\\\/\"},{\"@type\":\"ListItem\",\"position\":2,\"name\":\"\u041c\u0430\u0433\u0430\u0437\u0438\u043d\",\"item\":\"https:\\\/\\\/tammetalu.eu\\\/ru\\\/%d0%bc%d0%b0%d0%b3%d0%b0%d0%b7%d0%b8%d0%bd\\\/\"},{\"@type\":\"ListItem\",\"position\":3,\"name\":\"MAHE Vaarikatee piparm\u00fcndiga 25g\"}]},{\"@type\":\"WebSite\",\"@id\":\"https:\\\/\\\/tammetalu.eu\\\/#website\",\"url\":\"https:\\\/\\\/tammetalu.eu\\\/\",\"name\":\"Tamme talu \u00fcrdiaed\",\"description\":\"K\u00e4sit\u00f6\u00f6na valmistatud tooted \u00fcrtidest, \u00fcrdiistikud, \u00fcrtide kollektsioonaed\",\"publisher\":{\"@id\":\"https:\\\/\\\/tammetalu.eu\\\/#organization\"},\"alternateName\":\"Tamme talu\",\"potentialAction\":[{\"@type\":\"SearchAction\",\"target\":{\"@type\":\"EntryPoint\",\"urlTemplate\":\"https:\\\/\\\/tammetalu.eu\\\/?s={search_term_string}\"},\"query-input\":{\"@type\":\"PropertyValueSpecification\",\"valueRequired\":true,\"valueName\":\"search_term_string\"}}],\"inLanguage\":\"ru-RU\"},{\"@type\":\"Organization\",\"@id\":\"https:\\\/\\\/tammetalu.eu\\\/#organization\",\"name\":\"Tamme talu \u00fcrdiaed\",\"alternateName\":\"Tamme talu\",\"url\":\"https:\\\/\\\/tammetalu.eu\\\/\",\"logo\":{\"@type\":\"ImageObject\",\"inLanguage\":\"ru-RU\",\"@id\":\"https:\\\/\\\/tammetalu.eu\\\/#\\\/schema\\\/logo\\\/image\\\/\",\"url\":\"https:\\\/\\\/tammetalu.eu\\\/wp-content\\\/uploads\\\/2025\\\/01\\\/Tamme_talu_urdiaed.png\",\"contentUrl\":\"https:\\\/\\\/tammetalu.eu\\\/wp-content\\\/uploads\\\/2025\\\/01\\\/Tamme_talu_urdiaed.png\",\"width\":560,\"height\":560,\"caption\":\"Tamme talu \u00fcrdiaed\"},\"image\":{\"@id\":\"https:\\\/\\\/tammetalu.eu\\\/#\\\/schema\\\/logo\\\/image\\\/\"},\"sameAs\":[\"https:\\\/\\\/www.facebook.com\\\/TammeTaluUrdiaed\\\/?locale=et_EE\",\"https:\\\/\\\/www.instagram.com\\\/tammetaluurdiaed\\\/\"]}]}<\/script>\n<!-- \/ Yoast SEO plugin. -->","yoast_head_json":{"title":"Vaarikatee piparm\u00fcndiga - Tamme talu taime- ja marjateed","description":"Vaarikatee piparm\u00fcndiga. Vaarikad annavad teele v\u00e4rsketele vaarikatele omase maitse, magusa aroomi ja v\u00e4rvi. Piparm\u00fcnt lisab m\u00fcndise alatooni.","robots":{"index":"index","follow":"follow","max-snippet":"max-snippet:-1","max-image-preview":"max-image-preview:large","max-video-preview":"max-video-preview:-1"},"canonical":"https:\/\/tammetalu.eu\/toode\/vaarikatee-piparmundiga-25g\/","og_locale":"ru_RU","og_type":"article","og_title":"Vaarikatee piparm\u00fcndiga - Tamme talu taime- ja marjateed","og_description":"Vaarikatee piparm\u00fcndiga. Vaarikad annavad teele v\u00e4rsketele vaarikatele omase maitse, magusa aroomi ja v\u00e4rvi. Piparm\u00fcnt lisab m\u00fcndise alatooni.","og_url":"https:\/\/tammetalu.eu\/toode\/vaarikatee-piparmundiga-25g\/","og_site_name":"Tamme talu \u00fcrdiaed","article_publisher":"https:\/\/www.facebook.com\/TammeTaluUrdiaed\/?locale=et_EE","article_modified_time":"2025-01-08T09:23:02+00:00","og_image":[{"width":960,"height":960,"url":"https:\/\/tammetalu.eu\/wp-content\/uploads\/2022\/08\/Oko_Vaarikatee_piparmundiga.jpg","type":"image\/jpeg"}],"twitter_card":"summary_large_image","twitter_misc":{"\u041f\u0440\u0438\u043c\u0435\u0440\u043d\u043e\u0435 \u0432\u0440\u0435\u043c\u044f \u0434\u043b\u044f \u0447\u0442\u0435\u043d\u0438\u044f":"1 \u043c\u0438\u043d\u0443\u0442\u0430"},"schema":{"@context":"https:\/\/schema.org","@graph":[{"@type":"WebPage","@id":"https:\/\/tammetalu.eu\/toode\/vaarikatee-piparmundiga-25g\/","url":"https:\/\/tammetalu.eu\/toode\/vaarikatee-piparmundiga-25g\/","name":"Vaarikatee piparm\u00fcndiga - Tamme talu taime- ja marjateed","isPartOf":{"@id":"https:\/\/tammetalu.eu\/#website"},"primaryImageOfPage":{"@id":"https:\/\/tammetalu.eu\/toode\/vaarikatee-piparmundiga-25g\/#primaryimage"},"image":{"@id":"https:\/\/tammetalu.eu\/toode\/vaarikatee-piparmundiga-25g\/#primaryimage"},"thumbnailUrl":"https:\/\/tammetalu.eu\/wp-content\/uploads\/2022\/08\/Oko_Vaarikatee_piparmundiga.jpg","datePublished":"2022-08-09T06:03:06+00:00","dateModified":"2025-01-08T09:23:02+00:00","description":"Vaarikatee piparm\u00fcndiga. Vaarikad annavad teele v\u00e4rsketele vaarikatele omase maitse, magusa aroomi ja v\u00e4rvi. Piparm\u00fcnt lisab m\u00fcndise alatooni.","breadcrumb":{"@id":"https:\/\/tammetalu.eu\/toode\/vaarikatee-piparmundiga-25g\/#breadcrumb"},"inLanguage":"ru-RU","potentialAction":[{"@type":"ReadAction","target":["https:\/\/tammetalu.eu\/toode\/vaarikatee-piparmundiga-25g\/"]}]},{"@type":"ImageObject","inLanguage":"ru-RU","@id":"https:\/\/tammetalu.eu\/toode\/vaarikatee-piparmundiga-25g\/#primaryimage","url":"https:\/\/tammetalu.eu\/wp-content\/uploads\/2022\/08\/Oko_Vaarikatee_piparmundiga.jpg","contentUrl":"https:\/\/tammetalu.eu\/wp-content\/uploads\/2022\/08\/Oko_Vaarikatee_piparmundiga.jpg","width":960,"height":960,"caption":"Oko_Vaarikatee_piparmundiga"},{"@type":"BreadcrumbList","@id":"https:\/\/tammetalu.eu\/toode\/vaarikatee-piparmundiga-25g\/#breadcrumb","itemListElement":[{"@type":"ListItem","position":1,"name":"Home","item":"https:\/\/tammetalu.eu\/ru\/esileht-rus\/"},{"@type":"ListItem","position":2,"name":"\u041c\u0430\u0433\u0430\u0437\u0438\u043d","item":"https:\/\/tammetalu.eu\/ru\/%d0%bc%d0%b0%d0%b3%d0%b0%d0%b7%d0%b8%d0%bd\/"},{"@type":"ListItem","position":3,"name":"MAHE Vaarikatee piparm\u00fcndiga 25g"}]},{"@type":"WebSite","@id":"https:\/\/tammetalu.eu\/#website","url":"https:\/\/tammetalu.eu\/","name":"Tamme talu \u00fcrdiaed","description":"K\u00e4sit\u00f6\u00f6na valmistatud tooted \u00fcrtidest, \u00fcrdiistikud, \u00fcrtide kollektsioonaed","publisher":{"@id":"https:\/\/tammetalu.eu\/#organization"},"alternateName":"Tamme talu","potentialAction":[{"@type":"SearchAction","target":{"@type":"EntryPoint","urlTemplate":"https:\/\/tammetalu.eu\/?s={search_term_string}"},"query-input":{"@type":"PropertyValueSpecification","valueRequired":true,"valueName":"search_term_string"}}],"inLanguage":"ru-RU"},{"@type":"Organization","@id":"https:\/\/tammetalu.eu\/#organization","name":"Tamme talu \u00fcrdiaed","alternateName":"Tamme talu","url":"https:\/\/tammetalu.eu\/","logo":{"@type":"ImageObject","inLanguage":"ru-RU","@id":"https:\/\/tammetalu.eu\/#\/schema\/logo\/image\/","url":"https:\/\/tammetalu.eu\/wp-content\/uploads\/2025\/01\/Tamme_talu_urdiaed.png","contentUrl":"https:\/\/tammetalu.eu\/wp-content\/uploads\/2025\/01\/Tamme_talu_urdiaed.png","width":560,"height":560,"caption":"Tamme talu \u00fcrdiaed"},"image":{"@id":"https:\/\/tammetalu.eu\/#\/schema\/logo\/image\/"},"sameAs":["https:\/\/www.facebook.com\/TammeTaluUrdiaed\/?locale=et_EE","https:\/\/www.instagram.com\/tammetaluurdiaed\/"]}]}},"_links":{"self":[{"href":"https:\/\/tammetalu.eu\/ru\/wp-json\/wp\/v2\/product\/15408","targetHints":{"allow":["GET"]}}],"collection":[{"href":"https:\/\/tammetalu.eu\/ru\/wp-json\/wp\/v2\/product"}],"about":[{"href":"https:\/\/tammetalu.eu\/ru\/wp-json\/wp\/v2\/types\/product"}],"wp:featuredmedia":[{"embeddable":true,"href":"https:\/\/tammetalu.eu\/ru\/wp-json\/wp\/v2\/media\/16674"}],"wp:attachment":[{"href":"https:\/\/tammetalu.eu\/ru\/wp-json\/wp\/v2\/media?parent=15408"}],"wp:term":[{"taxonomy":"product_brand","embeddable":true,"href":"https:\/\/tammetalu.eu\/ru\/wp-json\/wp\/v2\/product_brand?post=15408"},{"taxonomy":"product_cat","embeddable":true,"href":"https:\/\/tammetalu.eu\/ru\/wp-json\/wp\/v2\/product_cat?post=15408"},{"taxonomy":"product_tag","embeddable":true,"href":"https:\/\/tammetalu.eu\/ru\/wp-json\/wp\/v2\/product_tag?post=15408"}],"curies":[{"name":"wp","href":"https:\/\/api.w.org\/{rel}","templated":true}]}}