{"id":15480,"date":"2022-08-09T09:03:28","date_gmt":"2022-08-09T06:03:28","guid":{"rendered":"https:\/\/tammetalu.eu?post_type=product&#038;p=15480"},"modified":"2026-01-08T16:41:19","modified_gmt":"2026-01-08T14:41:19","slug":"lilleline-elutee-10g","status":"publish","type":"product","link":"https:\/\/tammetalu.eu\/ru\/toode\/lilleline-elutee-10g\/","title":{"rendered":"MAHE Lilleline elutee klaaspurgis 10g"},"content":{"rendered":"","protected":false},"excerpt":{"rendered":"<p>1399 \u20ac\/kg<\/p>\n<p>Lilleline elutee on k\u00e4sitsi nopitud teetaimede \u00f5itest valminud ning h\u00f5rgutavalt maitsev ja lustakalt v\u00e4rviline tee.\u00a0 Naudi roheliste, siniste ja kollaste toonide kaunist v\u00e4rvidem\u00e4ngu oma teetassis. Lisaks on tee igatpidi keha ja hinge r\u00f5\u00f5mustava toimega. Tee on pakitud ilusasse purki, mille k\u00fcljes pilkup\u00fc\u00fcdev suvine kaart ja roheline siidpael. Lillelist eluteed sobib kinkida s\u00fcnnip\u00e4evadeks, j\u00f5uludeks, l\u00f5petamisteks, \u00e4rikingitusteks kui ka suvisteks \u00fcritusteks. Elu on lilleline!<\/p>\n<p>Koostisosad: \u00fcheksav\u00e4gise \u00f5ied*, mets-kassinaeri \u00f5ied*, rukkilille \u00f5ied*, saialille \u00f5ied*, tulsi*, moldaavia tondipea*<\/p>\n<p>*Kontrollitud mahep\u00f5llumajandusest<\/p>\n","protected":false},"featured_media":16666,"template":"","meta":{"_acf_changed":false,"_et_pb_use_builder":"","_et_pb_old_content":"","_et_gb_content_width":"","inline_featured_image":false},"product_brand":[],"product_cat":[225,182,185],"product_tag":[],"class_list":{"0":"post-15480","1":"product","2":"type-product","3":"status-publish","4":"has-post-thumbnail","6":"product_cat-kingiideed","7":"product_cat-taimeteed","8":"product_cat-kinkekomplektid","10":"first","11":"instock","12":"taxable","13":"shipping-taxable","14":"purchasable","15":"product-type-simple"},"acf":[],"yoast_head":"<!-- This site is optimized with the Yoast SEO plugin v26.4 - https:\/\/yoast.com\/wordpress\/plugins\/seo\/ -->\n<title>MAHE Lilleline elutee klaaspurgis 10g - Tamme talu \u00fcrdiaed<\/title>\n<meta name=\"description\" content=\"Lilleline elutee on k\u00e4sitsi nopitud teetaimede \u00f5itest valminud ning h\u00f5rgutavalt maitsev ja lustakalt v\u00e4rviline tee. Elu on lilleline!\" \/>\n<meta name=\"robots\" content=\"index, follow, max-snippet:-1, max-image-preview:large, max-video-preview:-1\" \/>\n<link rel=\"canonical\" href=\"https:\/\/tammetalu.eu\/toode\/lilleline-elutee-10g\/\" \/>\n<meta property=\"og:locale\" content=\"ru_RU\" \/>\n<meta property=\"og:type\" content=\"article\" \/>\n<meta property=\"og:title\" content=\"MAHE Lilleline elutee klaaspurgis 10g - Tamme talu \u00fcrdiaed\" \/>\n<meta property=\"og:description\" content=\"Lilleline elutee on k\u00e4sitsi nopitud teetaimede \u00f5itest valminud ning h\u00f5rgutavalt maitsev ja lustakalt v\u00e4rviline tee. Elu on lilleline!\" \/>\n<meta property=\"og:url\" content=\"https:\/\/tammetalu.eu\/toode\/lilleline-elutee-10g\/\" \/>\n<meta property=\"og:site_name\" content=\"Tamme talu \u00fcrdiaed\" \/>\n<meta property=\"article:publisher\" content=\"https:\/\/www.facebook.com\/TammeTaluUrdiaed\/?locale=et_EE\" \/>\n<meta property=\"article:modified_time\" content=\"2026-01-08T14:41:19+00:00\" \/>\n<meta property=\"og:image\" content=\"https:\/\/tammetalu.eu\/wp-content\/uploads\/2022\/08\/Oko_Lilleline_elutee.jpg\" \/>\n\t<meta property=\"og:image:width\" content=\"960\" \/>\n\t<meta property=\"og:image:height\" content=\"960\" \/>\n\t<meta property=\"og:image:type\" content=\"image\/jpeg\" \/>\n<meta name=\"twitter:card\" content=\"summary_large_image\" \/>\n<script type=\"application\/ld+json\" class=\"yoast-schema-graph\">{\"@context\":\"https:\/\/schema.org\",\"@graph\":[{\"@type\":\"WebPage\",\"@id\":\"https:\/\/tammetalu.eu\/toode\/lilleline-elutee-10g\/\",\"url\":\"https:\/\/tammetalu.eu\/toode\/lilleline-elutee-10g\/\",\"name\":\"MAHE Lilleline elutee klaaspurgis 10g - Tamme talu \u00fcrdiaed\",\"isPartOf\":{\"@id\":\"https:\/\/tammetalu.eu\/#website\"},\"primaryImageOfPage\":{\"@id\":\"https:\/\/tammetalu.eu\/toode\/lilleline-elutee-10g\/#primaryimage\"},\"image\":{\"@id\":\"https:\/\/tammetalu.eu\/toode\/lilleline-elutee-10g\/#primaryimage\"},\"thumbnailUrl\":\"https:\/\/tammetalu.eu\/wp-content\/uploads\/2022\/08\/Oko_Lilleline_elutee.jpg\",\"datePublished\":\"2022-08-09T06:03:28+00:00\",\"dateModified\":\"2026-01-08T14:41:19+00:00\",\"description\":\"Lilleline elutee on k\u00e4sitsi nopitud teetaimede \u00f5itest valminud ning h\u00f5rgutavalt maitsev ja lustakalt v\u00e4rviline tee. Elu on lilleline!\",\"breadcrumb\":{\"@id\":\"https:\/\/tammetalu.eu\/toode\/lilleline-elutee-10g\/#breadcrumb\"},\"inLanguage\":\"ru-RU\",\"potentialAction\":[{\"@type\":\"ReadAction\",\"target\":[\"https:\/\/tammetalu.eu\/toode\/lilleline-elutee-10g\/\"]}]},{\"@type\":\"ImageObject\",\"inLanguage\":\"ru-RU\",\"@id\":\"https:\/\/tammetalu.eu\/toode\/lilleline-elutee-10g\/#primaryimage\",\"url\":\"https:\/\/tammetalu.eu\/wp-content\/uploads\/2022\/08\/Oko_Lilleline_elutee.jpg\",\"contentUrl\":\"https:\/\/tammetalu.eu\/wp-content\/uploads\/2022\/08\/Oko_Lilleline_elutee.jpg\",\"width\":960,\"height\":960,\"caption\":\"Oko_Lilleline_elutee\"},{\"@type\":\"BreadcrumbList\",\"@id\":\"https:\/\/tammetalu.eu\/toode\/lilleline-elutee-10g\/#breadcrumb\",\"itemListElement\":[{\"@type\":\"ListItem\",\"position\":1,\"name\":\"Home\",\"item\":\"https:\/\/tammetalu.eu\/ru\/esileht-rus\/\"},{\"@type\":\"ListItem\",\"position\":2,\"name\":\"\u041c\u0430\u0433\u0430\u0437\u0438\u043d\",\"item\":\"https:\/\/tammetalu.eu\/ru\/%d0%bc%d0%b0%d0%b3%d0%b0%d0%b7%d0%b8%d0%bd\/\"},{\"@type\":\"ListItem\",\"position\":3,\"name\":\"MAHE Lilleline elutee klaaspurgis 10g\"}]},{\"@type\":\"WebSite\",\"@id\":\"https:\/\/tammetalu.eu\/#website\",\"url\":\"https:\/\/tammetalu.eu\/\",\"name\":\"Tamme talu \u00fcrdiaed\",\"description\":\"K\u00e4sit\u00f6\u00f6na valmistatud tooted \u00fcrtidest, \u00fcrdiistikud, \u00fcrtide kollektsioonaed\",\"publisher\":{\"@id\":\"https:\/\/tammetalu.eu\/#organization\"},\"alternateName\":\"Tamme talu\",\"potentialAction\":[{\"@type\":\"SearchAction\",\"target\":{\"@type\":\"EntryPoint\",\"urlTemplate\":\"https:\/\/tammetalu.eu\/?s={search_term_string}\"},\"query-input\":{\"@type\":\"PropertyValueSpecification\",\"valueRequired\":true,\"valueName\":\"search_term_string\"}}],\"inLanguage\":\"ru-RU\"},{\"@type\":\"Organization\",\"@id\":\"https:\/\/tammetalu.eu\/#organization\",\"name\":\"Tamme talu \u00fcrdiaed\",\"alternateName\":\"Tamme talu\",\"url\":\"https:\/\/tammetalu.eu\/\",\"logo\":{\"@type\":\"ImageObject\",\"inLanguage\":\"ru-RU\",\"@id\":\"https:\/\/tammetalu.eu\/#\/schema\/logo\/image\/\",\"url\":\"https:\/\/tammetalu.eu\/wp-content\/uploads\/2025\/01\/Tamme_talu_urdiaed.png\",\"contentUrl\":\"https:\/\/tammetalu.eu\/wp-content\/uploads\/2025\/01\/Tamme_talu_urdiaed.png\",\"width\":560,\"height\":560,\"caption\":\"Tamme talu \u00fcrdiaed\"},\"image\":{\"@id\":\"https:\/\/tammetalu.eu\/#\/schema\/logo\/image\/\"},\"sameAs\":[\"https:\/\/www.facebook.com\/TammeTaluUrdiaed\/?locale=et_EE\",\"https:\/\/www.instagram.com\/tammetaluurdiaed\/\"]}]}<\/script>\n<!-- \/ Yoast SEO plugin. -->","yoast_head_json":{"title":"MAHE Lilleline elutee klaaspurgis 10g - Tamme talu \u00fcrdiaed","description":"Lilleline elutee on k\u00e4sitsi nopitud teetaimede \u00f5itest valminud ning h\u00f5rgutavalt maitsev ja lustakalt v\u00e4rviline tee. Elu on lilleline!","robots":{"index":"index","follow":"follow","max-snippet":"max-snippet:-1","max-image-preview":"max-image-preview:large","max-video-preview":"max-video-preview:-1"},"canonical":"https:\/\/tammetalu.eu\/toode\/lilleline-elutee-10g\/","og_locale":"ru_RU","og_type":"article","og_title":"MAHE Lilleline elutee klaaspurgis 10g - Tamme talu \u00fcrdiaed","og_description":"Lilleline elutee on k\u00e4sitsi nopitud teetaimede \u00f5itest valminud ning h\u00f5rgutavalt maitsev ja lustakalt v\u00e4rviline tee. Elu on lilleline!","og_url":"https:\/\/tammetalu.eu\/toode\/lilleline-elutee-10g\/","og_site_name":"Tamme talu \u00fcrdiaed","article_publisher":"https:\/\/www.facebook.com\/TammeTaluUrdiaed\/?locale=et_EE","article_modified_time":"2026-01-08T14:41:19+00:00","og_image":[{"width":960,"height":960,"url":"https:\/\/tammetalu.eu\/wp-content\/uploads\/2022\/08\/Oko_Lilleline_elutee.jpg","type":"image\/jpeg"}],"twitter_card":"summary_large_image","schema":{"@context":"https:\/\/schema.org","@graph":[{"@type":"WebPage","@id":"https:\/\/tammetalu.eu\/toode\/lilleline-elutee-10g\/","url":"https:\/\/tammetalu.eu\/toode\/lilleline-elutee-10g\/","name":"MAHE Lilleline elutee klaaspurgis 10g - Tamme talu \u00fcrdiaed","isPartOf":{"@id":"https:\/\/tammetalu.eu\/#website"},"primaryImageOfPage":{"@id":"https:\/\/tammetalu.eu\/toode\/lilleline-elutee-10g\/#primaryimage"},"image":{"@id":"https:\/\/tammetalu.eu\/toode\/lilleline-elutee-10g\/#primaryimage"},"thumbnailUrl":"https:\/\/tammetalu.eu\/wp-content\/uploads\/2022\/08\/Oko_Lilleline_elutee.jpg","datePublished":"2022-08-09T06:03:28+00:00","dateModified":"2026-01-08T14:41:19+00:00","description":"Lilleline elutee on k\u00e4sitsi nopitud teetaimede \u00f5itest valminud ning h\u00f5rgutavalt maitsev ja lustakalt v\u00e4rviline tee. Elu on lilleline!","breadcrumb":{"@id":"https:\/\/tammetalu.eu\/toode\/lilleline-elutee-10g\/#breadcrumb"},"inLanguage":"ru-RU","potentialAction":[{"@type":"ReadAction","target":["https:\/\/tammetalu.eu\/toode\/lilleline-elutee-10g\/"]}]},{"@type":"ImageObject","inLanguage":"ru-RU","@id":"https:\/\/tammetalu.eu\/toode\/lilleline-elutee-10g\/#primaryimage","url":"https:\/\/tammetalu.eu\/wp-content\/uploads\/2022\/08\/Oko_Lilleline_elutee.jpg","contentUrl":"https:\/\/tammetalu.eu\/wp-content\/uploads\/2022\/08\/Oko_Lilleline_elutee.jpg","width":960,"height":960,"caption":"Oko_Lilleline_elutee"},{"@type":"BreadcrumbList","@id":"https:\/\/tammetalu.eu\/toode\/lilleline-elutee-10g\/#breadcrumb","itemListElement":[{"@type":"ListItem","position":1,"name":"Home","item":"https:\/\/tammetalu.eu\/ru\/esileht-rus\/"},{"@type":"ListItem","position":2,"name":"\u041c\u0430\u0433\u0430\u0437\u0438\u043d","item":"https:\/\/tammetalu.eu\/ru\/%d0%bc%d0%b0%d0%b3%d0%b0%d0%b7%d0%b8%d0%bd\/"},{"@type":"ListItem","position":3,"name":"MAHE Lilleline elutee klaaspurgis 10g"}]},{"@type":"WebSite","@id":"https:\/\/tammetalu.eu\/#website","url":"https:\/\/tammetalu.eu\/","name":"Tamme talu \u00fcrdiaed","description":"K\u00e4sit\u00f6\u00f6na valmistatud tooted \u00fcrtidest, \u00fcrdiistikud, \u00fcrtide kollektsioonaed","publisher":{"@id":"https:\/\/tammetalu.eu\/#organization"},"alternateName":"Tamme talu","potentialAction":[{"@type":"SearchAction","target":{"@type":"EntryPoint","urlTemplate":"https:\/\/tammetalu.eu\/?s={search_term_string}"},"query-input":{"@type":"PropertyValueSpecification","valueRequired":true,"valueName":"search_term_string"}}],"inLanguage":"ru-RU"},{"@type":"Organization","@id":"https:\/\/tammetalu.eu\/#organization","name":"Tamme talu \u00fcrdiaed","alternateName":"Tamme talu","url":"https:\/\/tammetalu.eu\/","logo":{"@type":"ImageObject","inLanguage":"ru-RU","@id":"https:\/\/tammetalu.eu\/#\/schema\/logo\/image\/","url":"https:\/\/tammetalu.eu\/wp-content\/uploads\/2025\/01\/Tamme_talu_urdiaed.png","contentUrl":"https:\/\/tammetalu.eu\/wp-content\/uploads\/2025\/01\/Tamme_talu_urdiaed.png","width":560,"height":560,"caption":"Tamme talu \u00fcrdiaed"},"image":{"@id":"https:\/\/tammetalu.eu\/#\/schema\/logo\/image\/"},"sameAs":["https:\/\/www.facebook.com\/TammeTaluUrdiaed\/?locale=et_EE","https:\/\/www.instagram.com\/tammetaluurdiaed\/"]}]}},"_links":{"self":[{"href":"https:\/\/tammetalu.eu\/ru\/wp-json\/wp\/v2\/product\/15480","targetHints":{"allow":["GET"]}}],"collection":[{"href":"https:\/\/tammetalu.eu\/ru\/wp-json\/wp\/v2\/product"}],"about":[{"href":"https:\/\/tammetalu.eu\/ru\/wp-json\/wp\/v2\/types\/product"}],"wp:featuredmedia":[{"embeddable":true,"href":"https:\/\/tammetalu.eu\/ru\/wp-json\/wp\/v2\/media\/16666"}],"wp:attachment":[{"href":"https:\/\/tammetalu.eu\/ru\/wp-json\/wp\/v2\/media?parent=15480"}],"wp:term":[{"taxonomy":"product_brand","embeddable":true,"href":"https:\/\/tammetalu.eu\/ru\/wp-json\/wp\/v2\/product_brand?post=15480"},{"taxonomy":"product_cat","embeddable":true,"href":"https:\/\/tammetalu.eu\/ru\/wp-json\/wp\/v2\/product_cat?post=15480"},{"taxonomy":"product_tag","embeddable":true,"href":"https:\/\/tammetalu.eu\/ru\/wp-json\/wp\/v2\/product_tag?post=15480"}],"curies":[{"name":"wp","href":"https:\/\/api.w.org\/{rel}","templated":true}]}}