{"id":15485,"date":"2022-08-09T09:03:29","date_gmt":"2022-08-09T06:03:29","guid":{"rendered":"https:\/\/tammetalu.eu?post_type=product&#038;p=15485"},"modified":"2026-01-21T12:07:53","modified_gmt":"2026-01-21T10:07:53","slug":"kinkekomplekt-jouluroomu-tais-kingikorv","status":"publish","type":"product","link":"https:\/\/tammetalu.eu\/ru\/toode\/kinkekomplekt-jouluroomu-tais-kingikorv\/","title":{"rendered":"Kinkekomplekt J\u00f5ulur\u00f5\u00f5mu t\u00e4is kingikorv"},"content":{"rendered":"<p><span style=\"color: #339966;\"><a style=\"color: #339966;\" href=\"https:\/\/tammetalu.eu\/tootekategooria\/hoidised-ja-urdioli\/urdioli\/\">\u00dcrdi\u00f5li t\u0161illiga<\/a> <\/span>on kergelt v\u00fcrtsikas maitse\u00f5li, milles oleme kasutanud kodumaist rapsi\u00f5li ning omakasvatatud teravat t\u0161illikauna. Maitsekust lisavad kuivatatud k\u00fc\u00fcslaugut\u00fckid ning t\u00fc\u00fcmian. Kasuta \u00fcrdi\u00f5li salatikastmete ja marinaadide maitsestamiseks.<br \/>\n<span style=\"color: #339966;\"><a style=\"color: #339966;\" href=\"https:\/\/tammetalu.eu\/toode\/oko-paikesemoos-150g\/\">P\u00e4ikesemoos<\/a><\/span> on t\u00f5eliselt s\u00e4rava kuldkollase v\u00e4rvusega moos. M\u00f5nusalt magus ja h\u00f5rk, millele lisab iseloomu v\u00e4ike t\u0161illi teravus ja br\u00e4ndi s\u00fcgav maitse. Naudi erinevate mahedamaitseliste juustude (nt Brie juust) k\u00f5rvale.<br \/>\n<span style=\"color: #339966;\"><a style=\"color: #339966;\" href=\"https:\/\/tammetalu.eu\/toode\/tarkusetee-20g\/\">Tarkusetee<\/a><\/span> on meeleolu ja organismi r\u00f5\u00f5mustava toimega. Tassike aromaatset ja maitsvat taimeteed m\u00f5jub meelele v\u00e4rskendavalt ja targad m\u00f5tted saavad rahulikult tulla.<br \/>\n<span style=\"color: #339966;\"><a style=\"color: #339966;\" href=\"https:\/\/tammetalu.eu\/toode\/sostrasarts-150g\/\">S\u00f5stras\u00e4rts<\/a><\/span> on kergelt v\u00fcrtsikas kaste, mis on s\u00f5straselt hapukas ja t\u0161illiselt v\u00fcrtsikas. \u00dcrdid lisavad maitses\u00fcgavust. Naudi koos k\u00fcpsetatud looma-, lamba- v\u00f5i linnulihaga.<br \/>\n\u00dcrdisool salatile<\/p>\n","protected":false},"excerpt":{"rendered":"<p>&#171;J\u00f5ulur\u00f5\u00f5mu t\u00e4is kingikorv&#187; sobib kinkimiseks nii heale s\u00f5brale, sugulasele kui \u00e4ripartnerile. Kenasse punutud korvi on pakitud Tamme talu maitsek\u00fcllased tooted &#8212; \u00dcrdi\u00f5li, P\u00e4ikesemoos, Tarkusetee, S\u00f5stras\u00e4rts ja \u00dcrdisool salatile. Pakk on seotud siidipaelaga, mille k\u00fcljes on kaunilt kujundatud kaardike koos ilusa s\u00f5numiga. Kinkija saab kaardile lisada kingisaaja nime.<\/p>\n<p>Kinkekarpide koostamisel peame oluliseks keskkonnas\u00e4\u00e4stlikku ning &#171;v\u00e4hem pr\u00fcgi&#187; m\u00f5tteviisi. Seep\u00e4rast kasutame karbi sisuna <span style=\"color: #339966;\"><a style=\"color: #339966;\" href=\"https:\/\/raiku.co\/\">RAIKU<\/a><\/span> 100% naturaalset, komposteeruvat ja keskkonnas\u00f5bralikku pakkematerjali, mis on toodetud puidust. V\u00e4ljan\u00e4gemiselt ilus, stiilne ja luksuslik.<\/p>\n<p>R\u00f5\u00f5musta oma l\u00e4hedasi ja \u00e4ripartnereid armastusega loodud kingitustega, mis tulevad Tamme talust!<\/p>\n","protected":false},"featured_media":26162,"template":"","meta":{"_acf_changed":false,"_et_pb_use_builder":"","_et_pb_old_content":"","_et_gb_content_width":"","inline_featured_image":false},"product_brand":[],"product_cat":[225,185],"product_tag":[],"class_list":{"0":"post-15485","1":"product","2":"type-product","3":"status-publish","4":"has-post-thumbnail","6":"product_cat-kingiideed","7":"product_cat-kinkekomplektid","9":"first","10":"instock","11":"taxable","12":"shipping-taxable","13":"purchasable","14":"product-type-simple"},"acf":[],"yoast_head":"<!-- This site is optimized with the Yoast SEO plugin v26.4 - https:\/\/yoast.com\/wordpress\/plugins\/seo\/ -->\n<title>Kinkekomplekt J\u00f5ulur\u00f5\u00f5mu t\u00e4is kingikorv - Tamme talu \u00fcrdiaed<\/title>\n<meta name=\"description\" content=\"Kinkekomplekt J\u00f5ulur\u00f5\u00f5mu t\u00e4is kingikorv sobib kinkimiseks nii heale s\u00f5brale, sugulasele kui \u00e4ripartnerile. Kinkekomplektis on Tamme talu maitsvad tooted.\" \/>\n<meta name=\"robots\" content=\"index, follow, max-snippet:-1, max-image-preview:large, max-video-preview:-1\" \/>\n<link rel=\"canonical\" href=\"https:\/\/tammetalu.eu\/toode\/kinkekomplekt-jouluroomu-tais-kingikorv\/\" \/>\n<meta property=\"og:locale\" content=\"ru_RU\" \/>\n<meta property=\"og:type\" content=\"article\" \/>\n<meta property=\"og:title\" content=\"Kinkekomplekt J\u00f5ulur\u00f5\u00f5mu t\u00e4is kingikorv - Tamme talu \u00fcrdiaed\" \/>\n<meta property=\"og:description\" content=\"Kinkekomplekt J\u00f5ulur\u00f5\u00f5mu t\u00e4is kingikorv sobib kinkimiseks nii heale s\u00f5brale, sugulasele kui \u00e4ripartnerile. Kinkekomplektis on Tamme talu maitsvad tooted.\" \/>\n<meta property=\"og:url\" content=\"https:\/\/tammetalu.eu\/toode\/kinkekomplekt-jouluroomu-tais-kingikorv\/\" \/>\n<meta property=\"og:site_name\" content=\"Tamme talu \u00fcrdiaed\" \/>\n<meta property=\"article:publisher\" content=\"https:\/\/www.facebook.com\/TammeTaluUrdiaed\/?locale=et_EE\" \/>\n<meta property=\"article:modified_time\" content=\"2026-01-21T10:07:53+00:00\" \/>\n<meta property=\"og:image\" content=\"https:\/\/tammetalu.eu\/wp-content\/uploads\/2022\/08\/tamme-talu-urdiaed-jouluroomu-tais-kingikorv.jpg\" \/>\n\t<meta property=\"og:image:width\" content=\"1365\" \/>\n\t<meta property=\"og:image:height\" content=\"2048\" \/>\n\t<meta property=\"og:image:type\" content=\"image\/jpeg\" \/>\n<meta name=\"twitter:card\" content=\"summary_large_image\" \/>\n<meta name=\"twitter:label1\" content=\"\u041f\u0440\u0438\u043c\u0435\u0440\u043d\u043e\u0435 \u0432\u0440\u0435\u043c\u044f \u0434\u043b\u044f \u0447\u0442\u0435\u043d\u0438\u044f\" \/>\n\t<meta name=\"twitter:data1\" content=\"1 \u043c\u0438\u043d\u0443\u0442\u0430\" \/>\n<script type=\"application\/ld+json\" class=\"yoast-schema-graph\">{\"@context\":\"https:\/\/schema.org\",\"@graph\":[{\"@type\":\"WebPage\",\"@id\":\"https:\/\/tammetalu.eu\/toode\/kinkekomplekt-jouluroomu-tais-kingikorv\/\",\"url\":\"https:\/\/tammetalu.eu\/toode\/kinkekomplekt-jouluroomu-tais-kingikorv\/\",\"name\":\"Kinkekomplekt J\u00f5ulur\u00f5\u00f5mu t\u00e4is kingikorv - Tamme talu \u00fcrdiaed\",\"isPartOf\":{\"@id\":\"https:\/\/tammetalu.eu\/#website\"},\"primaryImageOfPage\":{\"@id\":\"https:\/\/tammetalu.eu\/toode\/kinkekomplekt-jouluroomu-tais-kingikorv\/#primaryimage\"},\"image\":{\"@id\":\"https:\/\/tammetalu.eu\/toode\/kinkekomplekt-jouluroomu-tais-kingikorv\/#primaryimage\"},\"thumbnailUrl\":\"https:\/\/tammetalu.eu\/wp-content\/uploads\/2022\/08\/tamme-talu-urdiaed-jouluroomu-tais-kingikorv.jpg\",\"datePublished\":\"2022-08-09T06:03:29+00:00\",\"dateModified\":\"2026-01-21T10:07:53+00:00\",\"description\":\"Kinkekomplekt J\u00f5ulur\u00f5\u00f5mu t\u00e4is kingikorv sobib kinkimiseks nii heale s\u00f5brale, sugulasele kui \u00e4ripartnerile. Kinkekomplektis on Tamme talu maitsvad tooted.\",\"breadcrumb\":{\"@id\":\"https:\/\/tammetalu.eu\/toode\/kinkekomplekt-jouluroomu-tais-kingikorv\/#breadcrumb\"},\"inLanguage\":\"ru-RU\",\"potentialAction\":[{\"@type\":\"ReadAction\",\"target\":[\"https:\/\/tammetalu.eu\/toode\/kinkekomplekt-jouluroomu-tais-kingikorv\/\"]}]},{\"@type\":\"ImageObject\",\"inLanguage\":\"ru-RU\",\"@id\":\"https:\/\/tammetalu.eu\/toode\/kinkekomplekt-jouluroomu-tais-kingikorv\/#primaryimage\",\"url\":\"https:\/\/tammetalu.eu\/wp-content\/uploads\/2022\/08\/tamme-talu-urdiaed-jouluroomu-tais-kingikorv.jpg\",\"contentUrl\":\"https:\/\/tammetalu.eu\/wp-content\/uploads\/2022\/08\/tamme-talu-urdiaed-jouluroomu-tais-kingikorv.jpg\",\"width\":1365,\"height\":2048,\"caption\":\"tamme talu \u00fcrdiaed, j\u00f5ulur\u00f5\u00f5mu t\u00e4is kingikorv, kinkepakk, \u00e4rikingitus, j\u00f5ulukink\"},{\"@type\":\"BreadcrumbList\",\"@id\":\"https:\/\/tammetalu.eu\/toode\/kinkekomplekt-jouluroomu-tais-kingikorv\/#breadcrumb\",\"itemListElement\":[{\"@type\":\"ListItem\",\"position\":1,\"name\":\"Home\",\"item\":\"https:\/\/tammetalu.eu\/ru\/esileht-rus\/\"},{\"@type\":\"ListItem\",\"position\":2,\"name\":\"\u041c\u0430\u0433\u0430\u0437\u0438\u043d\",\"item\":\"https:\/\/tammetalu.eu\/ru\/%d0%bc%d0%b0%d0%b3%d0%b0%d0%b7%d0%b8%d0%bd\/\"},{\"@type\":\"ListItem\",\"position\":3,\"name\":\"Kinkekomplekt J\u00f5ulur\u00f5\u00f5mu t\u00e4is kingikorv\"}]},{\"@type\":\"WebSite\",\"@id\":\"https:\/\/tammetalu.eu\/#website\",\"url\":\"https:\/\/tammetalu.eu\/\",\"name\":\"Tamme talu \u00fcrdiaed\",\"description\":\"K\u00e4sit\u00f6\u00f6na valmistatud tooted \u00fcrtidest, \u00fcrdiistikud, \u00fcrtide kollektsioonaed\",\"publisher\":{\"@id\":\"https:\/\/tammetalu.eu\/#organization\"},\"alternateName\":\"Tamme talu\",\"potentialAction\":[{\"@type\":\"SearchAction\",\"target\":{\"@type\":\"EntryPoint\",\"urlTemplate\":\"https:\/\/tammetalu.eu\/?s={search_term_string}\"},\"query-input\":{\"@type\":\"PropertyValueSpecification\",\"valueRequired\":true,\"valueName\":\"search_term_string\"}}],\"inLanguage\":\"ru-RU\"},{\"@type\":\"Organization\",\"@id\":\"https:\/\/tammetalu.eu\/#organization\",\"name\":\"Tamme talu \u00fcrdiaed\",\"alternateName\":\"Tamme talu\",\"url\":\"https:\/\/tammetalu.eu\/\",\"logo\":{\"@type\":\"ImageObject\",\"inLanguage\":\"ru-RU\",\"@id\":\"https:\/\/tammetalu.eu\/#\/schema\/logo\/image\/\",\"url\":\"https:\/\/tammetalu.eu\/wp-content\/uploads\/2025\/01\/Tamme_talu_urdiaed.png\",\"contentUrl\":\"https:\/\/tammetalu.eu\/wp-content\/uploads\/2025\/01\/Tamme_talu_urdiaed.png\",\"width\":560,\"height\":560,\"caption\":\"Tamme talu \u00fcrdiaed\"},\"image\":{\"@id\":\"https:\/\/tammetalu.eu\/#\/schema\/logo\/image\/\"},\"sameAs\":[\"https:\/\/www.facebook.com\/TammeTaluUrdiaed\/?locale=et_EE\",\"https:\/\/www.instagram.com\/tammetaluurdiaed\/\"]}]}<\/script>\n<!-- \/ Yoast SEO plugin. -->","yoast_head_json":{"title":"Kinkekomplekt J\u00f5ulur\u00f5\u00f5mu t\u00e4is kingikorv - Tamme talu \u00fcrdiaed","description":"Kinkekomplekt J\u00f5ulur\u00f5\u00f5mu t\u00e4is kingikorv sobib kinkimiseks nii heale s\u00f5brale, sugulasele kui \u00e4ripartnerile. Kinkekomplektis on Tamme talu maitsvad tooted.","robots":{"index":"index","follow":"follow","max-snippet":"max-snippet:-1","max-image-preview":"max-image-preview:large","max-video-preview":"max-video-preview:-1"},"canonical":"https:\/\/tammetalu.eu\/toode\/kinkekomplekt-jouluroomu-tais-kingikorv\/","og_locale":"ru_RU","og_type":"article","og_title":"Kinkekomplekt J\u00f5ulur\u00f5\u00f5mu t\u00e4is kingikorv - Tamme talu \u00fcrdiaed","og_description":"Kinkekomplekt J\u00f5ulur\u00f5\u00f5mu t\u00e4is kingikorv sobib kinkimiseks nii heale s\u00f5brale, sugulasele kui \u00e4ripartnerile. Kinkekomplektis on Tamme talu maitsvad tooted.","og_url":"https:\/\/tammetalu.eu\/toode\/kinkekomplekt-jouluroomu-tais-kingikorv\/","og_site_name":"Tamme talu \u00fcrdiaed","article_publisher":"https:\/\/www.facebook.com\/TammeTaluUrdiaed\/?locale=et_EE","article_modified_time":"2026-01-21T10:07:53+00:00","og_image":[{"width":1365,"height":2048,"url":"https:\/\/tammetalu.eu\/wp-content\/uploads\/2022\/08\/tamme-talu-urdiaed-jouluroomu-tais-kingikorv.jpg","type":"image\/jpeg"}],"twitter_card":"summary_large_image","twitter_misc":{"\u041f\u0440\u0438\u043c\u0435\u0440\u043d\u043e\u0435 \u0432\u0440\u0435\u043c\u044f \u0434\u043b\u044f \u0447\u0442\u0435\u043d\u0438\u044f":"1 \u043c\u0438\u043d\u0443\u0442\u0430"},"schema":{"@context":"https:\/\/schema.org","@graph":[{"@type":"WebPage","@id":"https:\/\/tammetalu.eu\/toode\/kinkekomplekt-jouluroomu-tais-kingikorv\/","url":"https:\/\/tammetalu.eu\/toode\/kinkekomplekt-jouluroomu-tais-kingikorv\/","name":"Kinkekomplekt J\u00f5ulur\u00f5\u00f5mu t\u00e4is kingikorv - Tamme talu \u00fcrdiaed","isPartOf":{"@id":"https:\/\/tammetalu.eu\/#website"},"primaryImageOfPage":{"@id":"https:\/\/tammetalu.eu\/toode\/kinkekomplekt-jouluroomu-tais-kingikorv\/#primaryimage"},"image":{"@id":"https:\/\/tammetalu.eu\/toode\/kinkekomplekt-jouluroomu-tais-kingikorv\/#primaryimage"},"thumbnailUrl":"https:\/\/tammetalu.eu\/wp-content\/uploads\/2022\/08\/tamme-talu-urdiaed-jouluroomu-tais-kingikorv.jpg","datePublished":"2022-08-09T06:03:29+00:00","dateModified":"2026-01-21T10:07:53+00:00","description":"Kinkekomplekt J\u00f5ulur\u00f5\u00f5mu t\u00e4is kingikorv sobib kinkimiseks nii heale s\u00f5brale, sugulasele kui \u00e4ripartnerile. Kinkekomplektis on Tamme talu maitsvad tooted.","breadcrumb":{"@id":"https:\/\/tammetalu.eu\/toode\/kinkekomplekt-jouluroomu-tais-kingikorv\/#breadcrumb"},"inLanguage":"ru-RU","potentialAction":[{"@type":"ReadAction","target":["https:\/\/tammetalu.eu\/toode\/kinkekomplekt-jouluroomu-tais-kingikorv\/"]}]},{"@type":"ImageObject","inLanguage":"ru-RU","@id":"https:\/\/tammetalu.eu\/toode\/kinkekomplekt-jouluroomu-tais-kingikorv\/#primaryimage","url":"https:\/\/tammetalu.eu\/wp-content\/uploads\/2022\/08\/tamme-talu-urdiaed-jouluroomu-tais-kingikorv.jpg","contentUrl":"https:\/\/tammetalu.eu\/wp-content\/uploads\/2022\/08\/tamme-talu-urdiaed-jouluroomu-tais-kingikorv.jpg","width":1365,"height":2048,"caption":"tamme talu \u00fcrdiaed, j\u00f5ulur\u00f5\u00f5mu t\u00e4is kingikorv, kinkepakk, \u00e4rikingitus, j\u00f5ulukink"},{"@type":"BreadcrumbList","@id":"https:\/\/tammetalu.eu\/toode\/kinkekomplekt-jouluroomu-tais-kingikorv\/#breadcrumb","itemListElement":[{"@type":"ListItem","position":1,"name":"Home","item":"https:\/\/tammetalu.eu\/ru\/esileht-rus\/"},{"@type":"ListItem","position":2,"name":"\u041c\u0430\u0433\u0430\u0437\u0438\u043d","item":"https:\/\/tammetalu.eu\/ru\/%d0%bc%d0%b0%d0%b3%d0%b0%d0%b7%d0%b8%d0%bd\/"},{"@type":"ListItem","position":3,"name":"Kinkekomplekt J\u00f5ulur\u00f5\u00f5mu t\u00e4is kingikorv"}]},{"@type":"WebSite","@id":"https:\/\/tammetalu.eu\/#website","url":"https:\/\/tammetalu.eu\/","name":"Tamme talu \u00fcrdiaed","description":"K\u00e4sit\u00f6\u00f6na valmistatud tooted \u00fcrtidest, \u00fcrdiistikud, \u00fcrtide kollektsioonaed","publisher":{"@id":"https:\/\/tammetalu.eu\/#organization"},"alternateName":"Tamme talu","potentialAction":[{"@type":"SearchAction","target":{"@type":"EntryPoint","urlTemplate":"https:\/\/tammetalu.eu\/?s={search_term_string}"},"query-input":{"@type":"PropertyValueSpecification","valueRequired":true,"valueName":"search_term_string"}}],"inLanguage":"ru-RU"},{"@type":"Organization","@id":"https:\/\/tammetalu.eu\/#organization","name":"Tamme talu \u00fcrdiaed","alternateName":"Tamme talu","url":"https:\/\/tammetalu.eu\/","logo":{"@type":"ImageObject","inLanguage":"ru-RU","@id":"https:\/\/tammetalu.eu\/#\/schema\/logo\/image\/","url":"https:\/\/tammetalu.eu\/wp-content\/uploads\/2025\/01\/Tamme_talu_urdiaed.png","contentUrl":"https:\/\/tammetalu.eu\/wp-content\/uploads\/2025\/01\/Tamme_talu_urdiaed.png","width":560,"height":560,"caption":"Tamme talu \u00fcrdiaed"},"image":{"@id":"https:\/\/tammetalu.eu\/#\/schema\/logo\/image\/"},"sameAs":["https:\/\/www.facebook.com\/TammeTaluUrdiaed\/?locale=et_EE","https:\/\/www.instagram.com\/tammetaluurdiaed\/"]}]}},"_links":{"self":[{"href":"https:\/\/tammetalu.eu\/ru\/wp-json\/wp\/v2\/product\/15485","targetHints":{"allow":["GET"]}}],"collection":[{"href":"https:\/\/tammetalu.eu\/ru\/wp-json\/wp\/v2\/product"}],"about":[{"href":"https:\/\/tammetalu.eu\/ru\/wp-json\/wp\/v2\/types\/product"}],"wp:featuredmedia":[{"embeddable":true,"href":"https:\/\/tammetalu.eu\/ru\/wp-json\/wp\/v2\/media\/26162"}],"wp:attachment":[{"href":"https:\/\/tammetalu.eu\/ru\/wp-json\/wp\/v2\/media?parent=15485"}],"wp:term":[{"taxonomy":"product_brand","embeddable":true,"href":"https:\/\/tammetalu.eu\/ru\/wp-json\/wp\/v2\/product_brand?post=15485"},{"taxonomy":"product_cat","embeddable":true,"href":"https:\/\/tammetalu.eu\/ru\/wp-json\/wp\/v2\/product_cat?post=15485"},{"taxonomy":"product_tag","embeddable":true,"href":"https:\/\/tammetalu.eu\/ru\/wp-json\/wp\/v2\/product_tag?post=15485"}],"curies":[{"name":"wp","href":"https:\/\/api.w.org\/{rel}","templated":true}]}}