{"id":15540,"date":"2022-08-09T09:03:51","date_gmt":"2022-08-09T06:03:51","guid":{"rendered":"https:\/\/tammetalu.eu?post_type=product&#038;p=15540"},"modified":"2026-01-08T16:41:19","modified_gmt":"2026-01-08T14:41:19","slug":"kinkekomplekt-vaike-ullatuspakk","status":"publish","type":"product","link":"https:\/\/tammetalu.eu\/ru\/toode\/kinkekomplekt-vaike-ullatuspakk\/","title":{"rendered":"Kinkekomplekt &#171;V\u00e4ike \u00fcllatuspakk&#187;"},"content":{"rendered":"<p><span style=\"color: #339966;\"><a style=\"color: #339966;\" href=\"https:\/\/tammetalu.eu\/toode\/oko-joulumoos-150g\/\">J\u00f5ulumoos<\/a> <\/span>on k\u00e4sit\u00f6\u00f6na valminud, m\u00f5nusalt hapukas lisand seaprae, verivorstide, erinevate juustude ja suupistete juurde. Iseloomulikku maitsen\u00fcanssi lisab t\u00fc\u00fcmian. Eriti h\u00e4sti sobib koos kitsejuustuga. Koostises on mahedalt kasvatatud j\u00f5hvikad, \u00f5unad ja t\u00fc\u00fcmian ning suhkur.<\/p>\n<p><span style=\"color: #339966;\"><a style=\"color: #339966;\" href=\"https:\/\/tammetalu.eu\/toode\/tuline-amps-150g\/\">Tuline amps<\/a><\/span>\u00a0on m\u00f5nusalt v\u00fcrtsikas hoidis t\u00f5elistele lihas\u00f5pradele. Hoidises olevad sinepiseemned annavad kr\u00f5mpsuva tekstuuri. Naudi rikkaliku maitsega lisandit k\u00fcpsetatud grill-liha, sealiha- ja aedviljaroogade k\u00f5rvale.<\/p>\n","protected":false},"excerpt":{"rendered":"<p>Komplekt &#171;V\u00e4ike \u00fcllatuspakk&#187; sobib v\u00e4ikeseks kingituseks nii s\u00f5brale, sugulasele kui koost\u00f6\u00f6partnerile. Komplektis on J\u00f5ulumoos ja Tuline amps. Pakk on seotud siidipaelaga, mille k\u00fcljes on kaunilt kujundatud kaardike koos ilusa s\u00f5numiga. Kinkija saab kaardile lisada kingisaaja nime.<\/p>\n<p>Kinkekarpide koostamisel peame oluliseks keskkonnas\u00e4\u00e4stlikku ning &#171;v\u00e4hem pr\u00fcgi&#187; m\u00f5tteviisi. Seep\u00e4rast kasutame karbi sisuna <span style=\"color: #339966;\"><a style=\"color: #339966;\" href=\"https:\/\/raiku.co\/\">RAIKU<\/a> <\/span>100% naturaalset, komposteeruvat ja keskkonnas\u00f5bralikku pakkematerjali, mis on toodetud puidust. V\u00e4ljan\u00e4gemiselt ilus, stiilne ja luksuslik.<\/p>\n<p>R\u00f5\u00f5musta oma l\u00e4hedasi armastusega loodud kingitustega, mis tulevad Tamme talust!<\/p>\n","protected":false},"featured_media":26178,"template":"","meta":{"_acf_changed":false,"_et_pb_use_builder":"","_et_pb_old_content":"","_et_gb_content_width":"","inline_featured_image":false},"product_brand":[],"product_cat":[225,185],"product_tag":[],"class_list":{"0":"post-15540","1":"product","2":"type-product","3":"status-publish","4":"has-post-thumbnail","6":"product_cat-kingiideed","7":"product_cat-kinkekomplektid","9":"first","10":"instock","11":"taxable","12":"shipping-taxable","13":"purchasable","14":"product-type-simple"},"acf":[],"yoast_head":"<!-- This site is optimized with the Yoast SEO plugin v26.4 - https:\/\/yoast.com\/wordpress\/plugins\/seo\/ -->\n<title>Kinkekomplekt &quot;V\u00e4ike \u00fcllatuspakk&quot; - Tamme talu \u00fcrdiaed<\/title>\n<meta name=\"description\" content=\"Komplekt sobib v\u00e4ikeseks kingituseks nii s\u00f5brale, sugulasele kui koost\u00f6\u00f6partnerile. Komplektis on J\u00f5ulumoos ja Tuline amps.\" \/>\n<meta name=\"robots\" content=\"index, follow, max-snippet:-1, max-image-preview:large, max-video-preview:-1\" \/>\n<link rel=\"canonical\" href=\"https:\/\/tammetalu.eu\/toode\/kinkekomplekt-vaike-ullatuspakk\/\" \/>\n<meta property=\"og:locale\" content=\"ru_RU\" \/>\n<meta property=\"og:type\" content=\"article\" \/>\n<meta property=\"og:title\" content=\"Kinkekomplekt &quot;V\u00e4ike \u00fcllatuspakk&quot; - Tamme talu \u00fcrdiaed\" \/>\n<meta property=\"og:description\" content=\"Komplekt sobib v\u00e4ikeseks kingituseks nii s\u00f5brale, sugulasele kui koost\u00f6\u00f6partnerile. Komplektis on J\u00f5ulumoos ja Tuline amps.\" \/>\n<meta property=\"og:url\" content=\"https:\/\/tammetalu.eu\/toode\/kinkekomplekt-vaike-ullatuspakk\/\" \/>\n<meta property=\"og:site_name\" content=\"Tamme talu \u00fcrdiaed\" \/>\n<meta property=\"article:publisher\" content=\"https:\/\/www.facebook.com\/TammeTaluUrdiaed\/?locale=et_EE\" \/>\n<meta property=\"article:modified_time\" content=\"2026-01-08T14:41:19+00:00\" \/>\n<meta property=\"og:image\" content=\"https:\/\/tammetalu.eu\/wp-content\/uploads\/2022\/08\/tamme-talu-urdiaed-vaike-ullatuspakk.jpg\" \/>\n\t<meta property=\"og:image:width\" content=\"1365\" \/>\n\t<meta property=\"og:image:height\" content=\"2048\" \/>\n\t<meta property=\"og:image:type\" content=\"image\/jpeg\" \/>\n<meta name=\"twitter:card\" content=\"summary_large_image\" \/>\n<meta name=\"twitter:label1\" content=\"\u041f\u0440\u0438\u043c\u0435\u0440\u043d\u043e\u0435 \u0432\u0440\u0435\u043c\u044f \u0434\u043b\u044f \u0447\u0442\u0435\u043d\u0438\u044f\" \/>\n\t<meta name=\"twitter:data1\" content=\"1 \u043c\u0438\u043d\u0443\u0442\u0430\" \/>\n<script type=\"application\/ld+json\" class=\"yoast-schema-graph\">{\"@context\":\"https:\/\/schema.org\",\"@graph\":[{\"@type\":\"WebPage\",\"@id\":\"https:\/\/tammetalu.eu\/toode\/kinkekomplekt-vaike-ullatuspakk\/\",\"url\":\"https:\/\/tammetalu.eu\/toode\/kinkekomplekt-vaike-ullatuspakk\/\",\"name\":\"Kinkekomplekt \\\"V\u00e4ike \u00fcllatuspakk\\\" - Tamme talu \u00fcrdiaed\",\"isPartOf\":{\"@id\":\"https:\/\/tammetalu.eu\/#website\"},\"primaryImageOfPage\":{\"@id\":\"https:\/\/tammetalu.eu\/toode\/kinkekomplekt-vaike-ullatuspakk\/#primaryimage\"},\"image\":{\"@id\":\"https:\/\/tammetalu.eu\/toode\/kinkekomplekt-vaike-ullatuspakk\/#primaryimage\"},\"thumbnailUrl\":\"https:\/\/tammetalu.eu\/wp-content\/uploads\/2022\/08\/tamme-talu-urdiaed-vaike-ullatuspakk.jpg\",\"datePublished\":\"2022-08-09T06:03:51+00:00\",\"dateModified\":\"2026-01-08T14:41:19+00:00\",\"description\":\"Komplekt sobib v\u00e4ikeseks kingituseks nii s\u00f5brale, sugulasele kui koost\u00f6\u00f6partnerile. Komplektis on J\u00f5ulumoos ja Tuline amps.\",\"breadcrumb\":{\"@id\":\"https:\/\/tammetalu.eu\/toode\/kinkekomplekt-vaike-ullatuspakk\/#breadcrumb\"},\"inLanguage\":\"ru-RU\",\"potentialAction\":[{\"@type\":\"ReadAction\",\"target\":[\"https:\/\/tammetalu.eu\/toode\/kinkekomplekt-vaike-ullatuspakk\/\"]}]},{\"@type\":\"ImageObject\",\"inLanguage\":\"ru-RU\",\"@id\":\"https:\/\/tammetalu.eu\/toode\/kinkekomplekt-vaike-ullatuspakk\/#primaryimage\",\"url\":\"https:\/\/tammetalu.eu\/wp-content\/uploads\/2022\/08\/tamme-talu-urdiaed-vaike-ullatuspakk.jpg\",\"contentUrl\":\"https:\/\/tammetalu.eu\/wp-content\/uploads\/2022\/08\/tamme-talu-urdiaed-vaike-ullatuspakk.jpg\",\"width\":1365,\"height\":2048,\"caption\":\"tamme talu \u00fcrdiaed, v\u00e4ike \u00fcllatuspakk, kinkepakk, j\u00f5ulukink, \u00e4rikingitus\"},{\"@type\":\"BreadcrumbList\",\"@id\":\"https:\/\/tammetalu.eu\/toode\/kinkekomplekt-vaike-ullatuspakk\/#breadcrumb\",\"itemListElement\":[{\"@type\":\"ListItem\",\"position\":1,\"name\":\"Home\",\"item\":\"https:\/\/tammetalu.eu\/ru\/esileht-rus\/\"},{\"@type\":\"ListItem\",\"position\":2,\"name\":\"\u041c\u0430\u0433\u0430\u0437\u0438\u043d\",\"item\":\"https:\/\/tammetalu.eu\/ru\/%d0%bc%d0%b0%d0%b3%d0%b0%d0%b7%d0%b8%d0%bd\/\"},{\"@type\":\"ListItem\",\"position\":3,\"name\":\"Kinkekomplekt &#8220;V\u00e4ike \u00fcllatuspakk&#8221;\"}]},{\"@type\":\"WebSite\",\"@id\":\"https:\/\/tammetalu.eu\/#website\",\"url\":\"https:\/\/tammetalu.eu\/\",\"name\":\"Tamme talu \u00fcrdiaed\",\"description\":\"K\u00e4sit\u00f6\u00f6na valmistatud tooted \u00fcrtidest, \u00fcrdiistikud, \u00fcrtide kollektsioonaed\",\"publisher\":{\"@id\":\"https:\/\/tammetalu.eu\/#organization\"},\"alternateName\":\"Tamme talu\",\"potentialAction\":[{\"@type\":\"SearchAction\",\"target\":{\"@type\":\"EntryPoint\",\"urlTemplate\":\"https:\/\/tammetalu.eu\/?s={search_term_string}\"},\"query-input\":{\"@type\":\"PropertyValueSpecification\",\"valueRequired\":true,\"valueName\":\"search_term_string\"}}],\"inLanguage\":\"ru-RU\"},{\"@type\":\"Organization\",\"@id\":\"https:\/\/tammetalu.eu\/#organization\",\"name\":\"Tamme talu \u00fcrdiaed\",\"alternateName\":\"Tamme talu\",\"url\":\"https:\/\/tammetalu.eu\/\",\"logo\":{\"@type\":\"ImageObject\",\"inLanguage\":\"ru-RU\",\"@id\":\"https:\/\/tammetalu.eu\/#\/schema\/logo\/image\/\",\"url\":\"https:\/\/tammetalu.eu\/wp-content\/uploads\/2025\/01\/Tamme_talu_urdiaed.png\",\"contentUrl\":\"https:\/\/tammetalu.eu\/wp-content\/uploads\/2025\/01\/Tamme_talu_urdiaed.png\",\"width\":560,\"height\":560,\"caption\":\"Tamme talu \u00fcrdiaed\"},\"image\":{\"@id\":\"https:\/\/tammetalu.eu\/#\/schema\/logo\/image\/\"},\"sameAs\":[\"https:\/\/www.facebook.com\/TammeTaluUrdiaed\/?locale=et_EE\",\"https:\/\/www.instagram.com\/tammetaluurdiaed\/\"]}]}<\/script>\n<!-- \/ Yoast SEO plugin. -->","yoast_head_json":{"title":"Kinkekomplekt \"V\u00e4ike \u00fcllatuspakk\" - Tamme talu \u00fcrdiaed","description":"Komplekt sobib v\u00e4ikeseks kingituseks nii s\u00f5brale, sugulasele kui koost\u00f6\u00f6partnerile. Komplektis on J\u00f5ulumoos ja Tuline amps.","robots":{"index":"index","follow":"follow","max-snippet":"max-snippet:-1","max-image-preview":"max-image-preview:large","max-video-preview":"max-video-preview:-1"},"canonical":"https:\/\/tammetalu.eu\/toode\/kinkekomplekt-vaike-ullatuspakk\/","og_locale":"ru_RU","og_type":"article","og_title":"Kinkekomplekt \"V\u00e4ike \u00fcllatuspakk\" - Tamme talu \u00fcrdiaed","og_description":"Komplekt sobib v\u00e4ikeseks kingituseks nii s\u00f5brale, sugulasele kui koost\u00f6\u00f6partnerile. Komplektis on J\u00f5ulumoos ja Tuline amps.","og_url":"https:\/\/tammetalu.eu\/toode\/kinkekomplekt-vaike-ullatuspakk\/","og_site_name":"Tamme talu \u00fcrdiaed","article_publisher":"https:\/\/www.facebook.com\/TammeTaluUrdiaed\/?locale=et_EE","article_modified_time":"2026-01-08T14:41:19+00:00","og_image":[{"width":1365,"height":2048,"url":"https:\/\/tammetalu.eu\/wp-content\/uploads\/2022\/08\/tamme-talu-urdiaed-vaike-ullatuspakk.jpg","type":"image\/jpeg"}],"twitter_card":"summary_large_image","twitter_misc":{"\u041f\u0440\u0438\u043c\u0435\u0440\u043d\u043e\u0435 \u0432\u0440\u0435\u043c\u044f \u0434\u043b\u044f \u0447\u0442\u0435\u043d\u0438\u044f":"1 \u043c\u0438\u043d\u0443\u0442\u0430"},"schema":{"@context":"https:\/\/schema.org","@graph":[{"@type":"WebPage","@id":"https:\/\/tammetalu.eu\/toode\/kinkekomplekt-vaike-ullatuspakk\/","url":"https:\/\/tammetalu.eu\/toode\/kinkekomplekt-vaike-ullatuspakk\/","name":"Kinkekomplekt \"V\u00e4ike \u00fcllatuspakk\" - Tamme talu \u00fcrdiaed","isPartOf":{"@id":"https:\/\/tammetalu.eu\/#website"},"primaryImageOfPage":{"@id":"https:\/\/tammetalu.eu\/toode\/kinkekomplekt-vaike-ullatuspakk\/#primaryimage"},"image":{"@id":"https:\/\/tammetalu.eu\/toode\/kinkekomplekt-vaike-ullatuspakk\/#primaryimage"},"thumbnailUrl":"https:\/\/tammetalu.eu\/wp-content\/uploads\/2022\/08\/tamme-talu-urdiaed-vaike-ullatuspakk.jpg","datePublished":"2022-08-09T06:03:51+00:00","dateModified":"2026-01-08T14:41:19+00:00","description":"Komplekt sobib v\u00e4ikeseks kingituseks nii s\u00f5brale, sugulasele kui koost\u00f6\u00f6partnerile. Komplektis on J\u00f5ulumoos ja Tuline amps.","breadcrumb":{"@id":"https:\/\/tammetalu.eu\/toode\/kinkekomplekt-vaike-ullatuspakk\/#breadcrumb"},"inLanguage":"ru-RU","potentialAction":[{"@type":"ReadAction","target":["https:\/\/tammetalu.eu\/toode\/kinkekomplekt-vaike-ullatuspakk\/"]}]},{"@type":"ImageObject","inLanguage":"ru-RU","@id":"https:\/\/tammetalu.eu\/toode\/kinkekomplekt-vaike-ullatuspakk\/#primaryimage","url":"https:\/\/tammetalu.eu\/wp-content\/uploads\/2022\/08\/tamme-talu-urdiaed-vaike-ullatuspakk.jpg","contentUrl":"https:\/\/tammetalu.eu\/wp-content\/uploads\/2022\/08\/tamme-talu-urdiaed-vaike-ullatuspakk.jpg","width":1365,"height":2048,"caption":"tamme talu \u00fcrdiaed, v\u00e4ike \u00fcllatuspakk, kinkepakk, j\u00f5ulukink, \u00e4rikingitus"},{"@type":"BreadcrumbList","@id":"https:\/\/tammetalu.eu\/toode\/kinkekomplekt-vaike-ullatuspakk\/#breadcrumb","itemListElement":[{"@type":"ListItem","position":1,"name":"Home","item":"https:\/\/tammetalu.eu\/ru\/esileht-rus\/"},{"@type":"ListItem","position":2,"name":"\u041c\u0430\u0433\u0430\u0437\u0438\u043d","item":"https:\/\/tammetalu.eu\/ru\/%d0%bc%d0%b0%d0%b3%d0%b0%d0%b7%d0%b8%d0%bd\/"},{"@type":"ListItem","position":3,"name":"Kinkekomplekt &#8220;V\u00e4ike \u00fcllatuspakk&#8221;"}]},{"@type":"WebSite","@id":"https:\/\/tammetalu.eu\/#website","url":"https:\/\/tammetalu.eu\/","name":"Tamme talu \u00fcrdiaed","description":"K\u00e4sit\u00f6\u00f6na valmistatud tooted \u00fcrtidest, \u00fcrdiistikud, \u00fcrtide kollektsioonaed","publisher":{"@id":"https:\/\/tammetalu.eu\/#organization"},"alternateName":"Tamme talu","potentialAction":[{"@type":"SearchAction","target":{"@type":"EntryPoint","urlTemplate":"https:\/\/tammetalu.eu\/?s={search_term_string}"},"query-input":{"@type":"PropertyValueSpecification","valueRequired":true,"valueName":"search_term_string"}}],"inLanguage":"ru-RU"},{"@type":"Organization","@id":"https:\/\/tammetalu.eu\/#organization","name":"Tamme talu \u00fcrdiaed","alternateName":"Tamme talu","url":"https:\/\/tammetalu.eu\/","logo":{"@type":"ImageObject","inLanguage":"ru-RU","@id":"https:\/\/tammetalu.eu\/#\/schema\/logo\/image\/","url":"https:\/\/tammetalu.eu\/wp-content\/uploads\/2025\/01\/Tamme_talu_urdiaed.png","contentUrl":"https:\/\/tammetalu.eu\/wp-content\/uploads\/2025\/01\/Tamme_talu_urdiaed.png","width":560,"height":560,"caption":"Tamme talu \u00fcrdiaed"},"image":{"@id":"https:\/\/tammetalu.eu\/#\/schema\/logo\/image\/"},"sameAs":["https:\/\/www.facebook.com\/TammeTaluUrdiaed\/?locale=et_EE","https:\/\/www.instagram.com\/tammetaluurdiaed\/"]}]}},"_links":{"self":[{"href":"https:\/\/tammetalu.eu\/ru\/wp-json\/wp\/v2\/product\/15540","targetHints":{"allow":["GET"]}}],"collection":[{"href":"https:\/\/tammetalu.eu\/ru\/wp-json\/wp\/v2\/product"}],"about":[{"href":"https:\/\/tammetalu.eu\/ru\/wp-json\/wp\/v2\/types\/product"}],"wp:featuredmedia":[{"embeddable":true,"href":"https:\/\/tammetalu.eu\/ru\/wp-json\/wp\/v2\/media\/26178"}],"wp:attachment":[{"href":"https:\/\/tammetalu.eu\/ru\/wp-json\/wp\/v2\/media?parent=15540"}],"wp:term":[{"taxonomy":"product_brand","embeddable":true,"href":"https:\/\/tammetalu.eu\/ru\/wp-json\/wp\/v2\/product_brand?post=15540"},{"taxonomy":"product_cat","embeddable":true,"href":"https:\/\/tammetalu.eu\/ru\/wp-json\/wp\/v2\/product_cat?post=15540"},{"taxonomy":"product_tag","embeddable":true,"href":"https:\/\/tammetalu.eu\/ru\/wp-json\/wp\/v2\/product_tag?post=15540"}],"curies":[{"name":"wp","href":"https:\/\/api.w.org\/{rel}","templated":true}]}}