{"id":15601,"date":"2022-08-09T09:04:13","date_gmt":"2022-08-09T06:04:13","guid":{"rendered":"https:\/\/tammetalu.eu?post_type=product&#038;p=15601"},"modified":"2025-01-08T11:25:26","modified_gmt":"2025-01-08T09:25:26","slug":"uheksavagise-oied-8g","status":"publish","type":"product","link":"https:\/\/tammetalu.eu\/ru\/toode\/uheksavagise-oied-8g\/","title":{"rendered":"MAHE \u00dcheksav\u00e4gine 8g"},"content":{"rendered":"","protected":false},"excerpt":{"rendered":"<p>562,50 \u20ac\/kg<\/p>\n<p>Tamme talus mahedalt kasvanud \u00dcheksav\u00e4gise \u00f5ied on s\u00e4ravalt kuldkollase v\u00e4rvuse ja \u00f5rnalt magusa maitsega, millest valmistatud teed kasutatakse rahvameditsiinis juba ammustest aegadest \u00fcheksa erineva t\u00f5ve vastu. V\u00e4giheina teed juuakse peamiselt k\u00f6ha, \u00fclemiste hingamisteede p\u00f5letike, k\u00fclmetusest tingitud vaevuste ja unetuse korral.<\/p>\n<p>Koostisosad: mahe \u00fcheksav\u00e4gise \u00f5ied<\/p>\n","protected":false},"featured_media":16660,"template":"","meta":{"_acf_changed":false,"_et_pb_use_builder":"","_et_pb_old_content":"","_et_gb_content_width":"","inline_featured_image":false},"product_brand":[],"product_cat":[182],"product_tag":[],"class_list":{"0":"post-15601","1":"product","2":"type-product","3":"status-publish","4":"has-post-thumbnail","6":"product_cat-taimeteed","8":"first","9":"instock","10":"taxable","11":"shipping-taxable","12":"purchasable","13":"product-type-simple"},"acf":[],"yoast_head":"<!-- This site is optimized with the Yoast SEO plugin v26.4 - https:\/\/yoast.com\/wordpress\/plugins\/seo\/ -->\n<title>MAHE \u00dcheksav\u00e4gine 8g - Tamme talu \u00fcrdiaed<\/title>\n<meta name=\"description\" content=\"\u00dcheksav\u00e4gise \u00f5ied on s\u00e4ravalt kuldkollase v\u00e4rvuse ja \u00f5rnalt magusa maitsega, millest valmistatud teed kasutatakse rahvameditsiinis.\" \/>\n<meta name=\"robots\" content=\"index, follow, max-snippet:-1, max-image-preview:large, max-video-preview:-1\" \/>\n<link rel=\"canonical\" href=\"https:\/\/tammetalu.eu\/toode\/uheksavagise-oied-8g\/\" \/>\n<meta property=\"og:locale\" content=\"ru_RU\" \/>\n<meta property=\"og:type\" content=\"article\" \/>\n<meta property=\"og:title\" content=\"MAHE \u00dcheksav\u00e4gine 8g - Tamme talu \u00fcrdiaed\" \/>\n<meta property=\"og:description\" content=\"\u00dcheksav\u00e4gise \u00f5ied on s\u00e4ravalt kuldkollase v\u00e4rvuse ja \u00f5rnalt magusa maitsega, millest valmistatud teed kasutatakse rahvameditsiinis.\" \/>\n<meta property=\"og:url\" content=\"https:\/\/tammetalu.eu\/toode\/uheksavagise-oied-8g\/\" \/>\n<meta property=\"og:site_name\" content=\"Tamme talu \u00fcrdiaed\" \/>\n<meta property=\"article:publisher\" content=\"https:\/\/www.facebook.com\/TammeTaluUrdiaed\/?locale=et_EE\" \/>\n<meta property=\"article:modified_time\" content=\"2025-01-08T09:25:26+00:00\" \/>\n<meta property=\"og:image\" content=\"https:\/\/tammetalu.eu\/wp-content\/uploads\/2022\/08\/Oko_Uheksavagise_oied.jpg\" \/>\n\t<meta property=\"og:image:width\" content=\"960\" \/>\n\t<meta property=\"og:image:height\" content=\"960\" \/>\n\t<meta property=\"og:image:type\" content=\"image\/jpeg\" \/>\n<meta name=\"twitter:card\" content=\"summary_large_image\" \/>\n<script type=\"application\/ld+json\" class=\"yoast-schema-graph\">{\"@context\":\"https:\/\/schema.org\",\"@graph\":[{\"@type\":\"WebPage\",\"@id\":\"https:\/\/tammetalu.eu\/toode\/uheksavagise-oied-8g\/\",\"url\":\"https:\/\/tammetalu.eu\/toode\/uheksavagise-oied-8g\/\",\"name\":\"MAHE \u00dcheksav\u00e4gine 8g - Tamme talu \u00fcrdiaed\",\"isPartOf\":{\"@id\":\"https:\/\/tammetalu.eu\/#website\"},\"primaryImageOfPage\":{\"@id\":\"https:\/\/tammetalu.eu\/toode\/uheksavagise-oied-8g\/#primaryimage\"},\"image\":{\"@id\":\"https:\/\/tammetalu.eu\/toode\/uheksavagise-oied-8g\/#primaryimage\"},\"thumbnailUrl\":\"https:\/\/tammetalu.eu\/wp-content\/uploads\/2022\/08\/Oko_Uheksavagise_oied.jpg\",\"datePublished\":\"2022-08-09T06:04:13+00:00\",\"dateModified\":\"2025-01-08T09:25:26+00:00\",\"description\":\"\u00dcheksav\u00e4gise \u00f5ied on s\u00e4ravalt kuldkollase v\u00e4rvuse ja \u00f5rnalt magusa maitsega, millest valmistatud teed kasutatakse rahvameditsiinis.\",\"breadcrumb\":{\"@id\":\"https:\/\/tammetalu.eu\/toode\/uheksavagise-oied-8g\/#breadcrumb\"},\"inLanguage\":\"ru-RU\",\"potentialAction\":[{\"@type\":\"ReadAction\",\"target\":[\"https:\/\/tammetalu.eu\/toode\/uheksavagise-oied-8g\/\"]}]},{\"@type\":\"ImageObject\",\"inLanguage\":\"ru-RU\",\"@id\":\"https:\/\/tammetalu.eu\/toode\/uheksavagise-oied-8g\/#primaryimage\",\"url\":\"https:\/\/tammetalu.eu\/wp-content\/uploads\/2022\/08\/Oko_Uheksavagise_oied.jpg\",\"contentUrl\":\"https:\/\/tammetalu.eu\/wp-content\/uploads\/2022\/08\/Oko_Uheksavagise_oied.jpg\",\"width\":960,\"height\":960,\"caption\":\"Oko_Uheksavagise_oied\"},{\"@type\":\"BreadcrumbList\",\"@id\":\"https:\/\/tammetalu.eu\/toode\/uheksavagise-oied-8g\/#breadcrumb\",\"itemListElement\":[{\"@type\":\"ListItem\",\"position\":1,\"name\":\"Home\",\"item\":\"https:\/\/tammetalu.eu\/ru\/esileht-rus\/\"},{\"@type\":\"ListItem\",\"position\":2,\"name\":\"\u041c\u0430\u0433\u0430\u0437\u0438\u043d\",\"item\":\"https:\/\/tammetalu.eu\/ru\/%d0%bc%d0%b0%d0%b3%d0%b0%d0%b7%d0%b8%d0%bd\/\"},{\"@type\":\"ListItem\",\"position\":3,\"name\":\"MAHE \u00dcheksav\u00e4gine 8g\"}]},{\"@type\":\"WebSite\",\"@id\":\"https:\/\/tammetalu.eu\/#website\",\"url\":\"https:\/\/tammetalu.eu\/\",\"name\":\"Tamme talu \u00fcrdiaed\",\"description\":\"K\u00e4sit\u00f6\u00f6na valmistatud tooted \u00fcrtidest, \u00fcrdiistikud, \u00fcrtide kollektsioonaed\",\"publisher\":{\"@id\":\"https:\/\/tammetalu.eu\/#organization\"},\"alternateName\":\"Tamme talu\",\"potentialAction\":[{\"@type\":\"SearchAction\",\"target\":{\"@type\":\"EntryPoint\",\"urlTemplate\":\"https:\/\/tammetalu.eu\/?s={search_term_string}\"},\"query-input\":{\"@type\":\"PropertyValueSpecification\",\"valueRequired\":true,\"valueName\":\"search_term_string\"}}],\"inLanguage\":\"ru-RU\"},{\"@type\":\"Organization\",\"@id\":\"https:\/\/tammetalu.eu\/#organization\",\"name\":\"Tamme talu \u00fcrdiaed\",\"alternateName\":\"Tamme talu\",\"url\":\"https:\/\/tammetalu.eu\/\",\"logo\":{\"@type\":\"ImageObject\",\"inLanguage\":\"ru-RU\",\"@id\":\"https:\/\/tammetalu.eu\/#\/schema\/logo\/image\/\",\"url\":\"https:\/\/tammetalu.eu\/wp-content\/uploads\/2025\/01\/Tamme_talu_urdiaed.png\",\"contentUrl\":\"https:\/\/tammetalu.eu\/wp-content\/uploads\/2025\/01\/Tamme_talu_urdiaed.png\",\"width\":560,\"height\":560,\"caption\":\"Tamme talu \u00fcrdiaed\"},\"image\":{\"@id\":\"https:\/\/tammetalu.eu\/#\/schema\/logo\/image\/\"},\"sameAs\":[\"https:\/\/www.facebook.com\/TammeTaluUrdiaed\/?locale=et_EE\",\"https:\/\/www.instagram.com\/tammetaluurdiaed\/\"]}]}<\/script>\n<!-- \/ Yoast SEO plugin. -->","yoast_head_json":{"title":"MAHE \u00dcheksav\u00e4gine 8g - Tamme talu \u00fcrdiaed","description":"\u00dcheksav\u00e4gise \u00f5ied on s\u00e4ravalt kuldkollase v\u00e4rvuse ja \u00f5rnalt magusa maitsega, millest valmistatud teed kasutatakse rahvameditsiinis.","robots":{"index":"index","follow":"follow","max-snippet":"max-snippet:-1","max-image-preview":"max-image-preview:large","max-video-preview":"max-video-preview:-1"},"canonical":"https:\/\/tammetalu.eu\/toode\/uheksavagise-oied-8g\/","og_locale":"ru_RU","og_type":"article","og_title":"MAHE \u00dcheksav\u00e4gine 8g - Tamme talu \u00fcrdiaed","og_description":"\u00dcheksav\u00e4gise \u00f5ied on s\u00e4ravalt kuldkollase v\u00e4rvuse ja \u00f5rnalt magusa maitsega, millest valmistatud teed kasutatakse rahvameditsiinis.","og_url":"https:\/\/tammetalu.eu\/toode\/uheksavagise-oied-8g\/","og_site_name":"Tamme talu \u00fcrdiaed","article_publisher":"https:\/\/www.facebook.com\/TammeTaluUrdiaed\/?locale=et_EE","article_modified_time":"2025-01-08T09:25:26+00:00","og_image":[{"width":960,"height":960,"url":"https:\/\/tammetalu.eu\/wp-content\/uploads\/2022\/08\/Oko_Uheksavagise_oied.jpg","type":"image\/jpeg"}],"twitter_card":"summary_large_image","schema":{"@context":"https:\/\/schema.org","@graph":[{"@type":"WebPage","@id":"https:\/\/tammetalu.eu\/toode\/uheksavagise-oied-8g\/","url":"https:\/\/tammetalu.eu\/toode\/uheksavagise-oied-8g\/","name":"MAHE \u00dcheksav\u00e4gine 8g - Tamme talu \u00fcrdiaed","isPartOf":{"@id":"https:\/\/tammetalu.eu\/#website"},"primaryImageOfPage":{"@id":"https:\/\/tammetalu.eu\/toode\/uheksavagise-oied-8g\/#primaryimage"},"image":{"@id":"https:\/\/tammetalu.eu\/toode\/uheksavagise-oied-8g\/#primaryimage"},"thumbnailUrl":"https:\/\/tammetalu.eu\/wp-content\/uploads\/2022\/08\/Oko_Uheksavagise_oied.jpg","datePublished":"2022-08-09T06:04:13+00:00","dateModified":"2025-01-08T09:25:26+00:00","description":"\u00dcheksav\u00e4gise \u00f5ied on s\u00e4ravalt kuldkollase v\u00e4rvuse ja \u00f5rnalt magusa maitsega, millest valmistatud teed kasutatakse rahvameditsiinis.","breadcrumb":{"@id":"https:\/\/tammetalu.eu\/toode\/uheksavagise-oied-8g\/#breadcrumb"},"inLanguage":"ru-RU","potentialAction":[{"@type":"ReadAction","target":["https:\/\/tammetalu.eu\/toode\/uheksavagise-oied-8g\/"]}]},{"@type":"ImageObject","inLanguage":"ru-RU","@id":"https:\/\/tammetalu.eu\/toode\/uheksavagise-oied-8g\/#primaryimage","url":"https:\/\/tammetalu.eu\/wp-content\/uploads\/2022\/08\/Oko_Uheksavagise_oied.jpg","contentUrl":"https:\/\/tammetalu.eu\/wp-content\/uploads\/2022\/08\/Oko_Uheksavagise_oied.jpg","width":960,"height":960,"caption":"Oko_Uheksavagise_oied"},{"@type":"BreadcrumbList","@id":"https:\/\/tammetalu.eu\/toode\/uheksavagise-oied-8g\/#breadcrumb","itemListElement":[{"@type":"ListItem","position":1,"name":"Home","item":"https:\/\/tammetalu.eu\/ru\/esileht-rus\/"},{"@type":"ListItem","position":2,"name":"\u041c\u0430\u0433\u0430\u0437\u0438\u043d","item":"https:\/\/tammetalu.eu\/ru\/%d0%bc%d0%b0%d0%b3%d0%b0%d0%b7%d0%b8%d0%bd\/"},{"@type":"ListItem","position":3,"name":"MAHE \u00dcheksav\u00e4gine 8g"}]},{"@type":"WebSite","@id":"https:\/\/tammetalu.eu\/#website","url":"https:\/\/tammetalu.eu\/","name":"Tamme talu \u00fcrdiaed","description":"K\u00e4sit\u00f6\u00f6na valmistatud tooted \u00fcrtidest, \u00fcrdiistikud, \u00fcrtide kollektsioonaed","publisher":{"@id":"https:\/\/tammetalu.eu\/#organization"},"alternateName":"Tamme talu","potentialAction":[{"@type":"SearchAction","target":{"@type":"EntryPoint","urlTemplate":"https:\/\/tammetalu.eu\/?s={search_term_string}"},"query-input":{"@type":"PropertyValueSpecification","valueRequired":true,"valueName":"search_term_string"}}],"inLanguage":"ru-RU"},{"@type":"Organization","@id":"https:\/\/tammetalu.eu\/#organization","name":"Tamme talu \u00fcrdiaed","alternateName":"Tamme talu","url":"https:\/\/tammetalu.eu\/","logo":{"@type":"ImageObject","inLanguage":"ru-RU","@id":"https:\/\/tammetalu.eu\/#\/schema\/logo\/image\/","url":"https:\/\/tammetalu.eu\/wp-content\/uploads\/2025\/01\/Tamme_talu_urdiaed.png","contentUrl":"https:\/\/tammetalu.eu\/wp-content\/uploads\/2025\/01\/Tamme_talu_urdiaed.png","width":560,"height":560,"caption":"Tamme talu \u00fcrdiaed"},"image":{"@id":"https:\/\/tammetalu.eu\/#\/schema\/logo\/image\/"},"sameAs":["https:\/\/www.facebook.com\/TammeTaluUrdiaed\/?locale=et_EE","https:\/\/www.instagram.com\/tammetaluurdiaed\/"]}]}},"_links":{"self":[{"href":"https:\/\/tammetalu.eu\/ru\/wp-json\/wp\/v2\/product\/15601","targetHints":{"allow":["GET"]}}],"collection":[{"href":"https:\/\/tammetalu.eu\/ru\/wp-json\/wp\/v2\/product"}],"about":[{"href":"https:\/\/tammetalu.eu\/ru\/wp-json\/wp\/v2\/types\/product"}],"wp:featuredmedia":[{"embeddable":true,"href":"https:\/\/tammetalu.eu\/ru\/wp-json\/wp\/v2\/media\/16660"}],"wp:attachment":[{"href":"https:\/\/tammetalu.eu\/ru\/wp-json\/wp\/v2\/media?parent=15601"}],"wp:term":[{"taxonomy":"product_brand","embeddable":true,"href":"https:\/\/tammetalu.eu\/ru\/wp-json\/wp\/v2\/product_brand?post=15601"},{"taxonomy":"product_cat","embeddable":true,"href":"https:\/\/tammetalu.eu\/ru\/wp-json\/wp\/v2\/product_cat?post=15601"},{"taxonomy":"product_tag","embeddable":true,"href":"https:\/\/tammetalu.eu\/ru\/wp-json\/wp\/v2\/product_tag?post=15601"}],"curies":[{"name":"wp","href":"https:\/\/api.w.org\/{rel}","templated":true}]}}