{"id":15651,"date":"2022-08-09T09:04:34","date_gmt":"2022-08-09T06:04:34","guid":{"rendered":"https:\/\/tammetalu.eu?post_type=product&#038;p=15651"},"modified":"2026-05-06T15:41:30","modified_gmt":"2026-05-06T12:41:30","slug":"karulauk","status":"publish","type":"product","link":"https:\/\/tammetalu.eu\/ru\/toode\/karulauk\/","title":{"rendered":"Karulauk"},"content":{"rendered":"","protected":false},"excerpt":{"rendered":"<p><em>Allium ursinum<\/em><\/p>\n<p>Karulauk on ca 25 cm pikkuste heleroheliste lehtede ja valgete \u00f5itega v\u00e4ga k\u00fclmakindel sibultaim, mis sobib kasvama nii varjulisse kui poolvarjulisse parasniiske mullaga kasvukohta. Juunis peale \u00f5itsemist lehed kuivavad ja taim alustab kasvu uuesti alles j\u00e4rgmisel varakevadel. Karulauk sobib eriti loodusliku ilmega aeda suuremate lehtpuude ja p\u00f5\u00f5saste alla, kus lehti ei riisuta ja maad ei kaevata.<\/p>\n<p>Esimestel kasvuaastatel on taime juurdekasv kesine, kuna karulauk kasvatab juurde vaid \u00fche sigisibula, kuid seemnetega paljuneb hiljem juba oluliselt j\u00f5udsamalt. Seeme k\u00fclvatakse v\u00e4rskelt kohe peale seemnete valmimist juulis v\u00f5i hiljemalt varas\u00fcgisel, sest vajab idanemiseks k\u00fclmaperioodi l\u00e4bimist ehk stratifitseerimist. J\u00e4rgmisel v\u00f5i \u00fclej\u00e4rgmisel varakevadel ilmuvad tillukesed \u00fche lehega t\u00f5usmed. Taime t\u00e4isk\u00fcpsuseni ehk \u00f5itsemiseni kulub tavaliselt neli aastat. T\u00e4iskasvanud taimel on 2-3 lehte ja \u00f5ievars. Alates seemnete valmimisest hakkab karulauk j\u00f5udsamalt oma kasvukohal paljunema. Karulaugu aeglase levimise tingib taime l\u00fchike kasvuperiood (m\u00e4rts kuni juuni, kuni taimi aias n\u00e4ha on), \u00f5itsemiseni kuluv aeg (v\u00e4hemalt neli aastat), seemnete keeruline idanemisprotsess (vajavad k\u00fclmaperioodi l\u00e4bimist ja idanemine v\u00f5ib v\u00f5tta aega rohkem kui aasta), karulaugu v\u00e4heldane sibul, mis kasvatab juurde vaid \u00fche sigisibula. K\u00f5ik need asjaolud m\u00f5jutavad sobiva kasvukoha olemasolul aias karulaugu aeglast, kuid v\u00e4ga j\u00e4rjekindlat levimist. Seet\u00f5ttu v\u00f5ib v\u00e4iksemates linnaaedades karulaugust saada t\u00fc\u00fctu paljuneja.<\/p>\n<p>Vitamiinirikkaid k\u00fc\u00fcslaugumaitselisi\u00a0 mahlaseid lehti kasutatakse nii v\u00e4rskelt kui kuivatatult. Mahlastest lehtedest saab valmistada pestot v\u00f5i karulaugu v\u00f5id, lisada salatitesse, v\u00f5ileivale, omletile v\u00f5i kuhu iganes k\u00fc\u00fcslaugu maitse on sobiv. Toiduks saab tarvitada kogu taime alates sibulatest kuni \u00f5isikuteni v\u00e4lja. Karulauk on v\u00e4ga maitsev ka hapendatuna.<\/p>\n<p>Karulauk on varakevadine organismi puhastaja, sest omab tugevat antibakteritsiidset ja toniseerivat m\u00f5ju ning on efektiivne ka igemehaiguste, arteroskleroosi, h\u00fcpertoonia ja ainevahetush\u00e4irete raviks.<\/p>\n<p><strong>Karulauk on Eestis III kaitsekategooria taim, seep\u00e4rast v\u00f5ib loodusest koguda karulauku vaid oma tarbeks ja mitte m\u00fc\u00fcgiks.<\/strong><\/p>\n","protected":false},"featured_media":15814,"template":"","meta":{"_acf_changed":false,"_et_pb_use_builder":"","_et_pb_old_content":"","_et_gb_content_width":"","inline_featured_image":false},"product_brand":[],"product_cat":[201,186,203,247],"product_tag":[],"class_list":{"0":"post-15651","1":"product","2":"type-product","3":"status-publish","4":"has-post-thumbnail","6":"product_cat-laugud","7":"product_cat-maitse-ja-ravimtaimede-istikud","8":"product_cat-ponevad-koogiviljad","9":"product_cat-rohenappude-lemmikud","11":"first","12":"instock","13":"taxable","14":"shipping-taxable","15":"purchasable","16":"product-type-simple"},"acf":[],"yoast_head":"<!-- This site is optimized with the Yoast SEO plugin v27.5 - https:\/\/yoast.com\/product\/yoast-seo-wordpress\/ -->\n<title>Karulauk - Tamme talu \u00fcrdiaed<\/title>\n<meta name=\"description\" content=\"Kuni 25 cm pikkuste heleroheliste lehtedega k\u00fclmakindel sibultaim, mis sobib kasvama nii varjulisse kui poolvarjulisse parasniiske mullaga kasvukohta.\" \/>\n<meta name=\"robots\" content=\"index, follow, max-snippet:-1, max-image-preview:large, max-video-preview:-1\" \/>\n<link rel=\"canonical\" href=\"https:\/\/tammetalu.eu\/toode\/karulauk\/\" \/>\n<meta property=\"og:locale\" content=\"ru_RU\" \/>\n<meta property=\"og:type\" content=\"article\" \/>\n<meta property=\"og:title\" content=\"Karulauk - Tamme talu \u00fcrdiaed\" \/>\n<meta property=\"og:description\" content=\"Kuni 25 cm pikkuste heleroheliste lehtedega k\u00fclmakindel sibultaim, mis sobib kasvama nii varjulisse kui poolvarjulisse parasniiske mullaga kasvukohta.\" \/>\n<meta property=\"og:url\" content=\"https:\/\/tammetalu.eu\/toode\/karulauk\/\" \/>\n<meta property=\"og:site_name\" content=\"Tamme talu \u00fcrdiaed\" \/>\n<meta property=\"article:publisher\" content=\"https:\/\/www.facebook.com\/TammeTaluUrdiaed\/?locale=et_EE\" \/>\n<meta property=\"article:modified_time\" content=\"2026-05-06T12:41:30+00:00\" \/>\n<meta property=\"og:image\" content=\"https:\/\/tammetalu.eu\/wp-content\/uploads\/2022\/08\/Karulauk-6.jpeg\" \/>\n\t<meta property=\"og:image:width\" content=\"1024\" \/>\n\t<meta property=\"og:image:height\" content=\"1207\" \/>\n\t<meta property=\"og:image:type\" content=\"image\/jpeg\" \/>\n<meta name=\"twitter:card\" content=\"summary_large_image\" \/>\n<meta name=\"twitter:label1\" content=\"\u041f\u0440\u0438\u043c\u0435\u0440\u043d\u043e\u0435 \u0432\u0440\u0435\u043c\u044f \u0434\u043b\u044f \u0447\u0442\u0435\u043d\u0438\u044f\" \/>\n\t<meta name=\"twitter:data1\" content=\"1 \u043c\u0438\u043d\u0443\u0442\u0430\" \/>\n<script type=\"application\/ld+json\" class=\"yoast-schema-graph\">{\"@context\":\"https:\\\/\\\/schema.org\",\"@graph\":[{\"@type\":\"WebPage\",\"@id\":\"https:\\\/\\\/tammetalu.eu\\\/toode\\\/karulauk\\\/\",\"url\":\"https:\\\/\\\/tammetalu.eu\\\/toode\\\/karulauk\\\/\",\"name\":\"Karulauk - Tamme talu \u00fcrdiaed\",\"isPartOf\":{\"@id\":\"https:\\\/\\\/tammetalu.eu\\\/#website\"},\"primaryImageOfPage\":{\"@id\":\"https:\\\/\\\/tammetalu.eu\\\/toode\\\/karulauk\\\/#primaryimage\"},\"image\":{\"@id\":\"https:\\\/\\\/tammetalu.eu\\\/toode\\\/karulauk\\\/#primaryimage\"},\"thumbnailUrl\":\"https:\\\/\\\/tammetalu.eu\\\/wp-content\\\/uploads\\\/2022\\\/08\\\/Karulauk-6.jpeg\",\"datePublished\":\"2022-08-09T06:04:34+00:00\",\"dateModified\":\"2026-05-06T12:41:30+00:00\",\"description\":\"Kuni 25 cm pikkuste heleroheliste lehtedega k\u00fclmakindel sibultaim, mis sobib kasvama nii varjulisse kui poolvarjulisse parasniiske mullaga kasvukohta.\",\"breadcrumb\":{\"@id\":\"https:\\\/\\\/tammetalu.eu\\\/toode\\\/karulauk\\\/#breadcrumb\"},\"inLanguage\":\"ru-RU\",\"potentialAction\":[{\"@type\":\"ReadAction\",\"target\":[\"https:\\\/\\\/tammetalu.eu\\\/toode\\\/karulauk\\\/\"]}]},{\"@type\":\"ImageObject\",\"inLanguage\":\"ru-RU\",\"@id\":\"https:\\\/\\\/tammetalu.eu\\\/toode\\\/karulauk\\\/#primaryimage\",\"url\":\"https:\\\/\\\/tammetalu.eu\\\/wp-content\\\/uploads\\\/2022\\\/08\\\/Karulauk-6.jpeg\",\"contentUrl\":\"https:\\\/\\\/tammetalu.eu\\\/wp-content\\\/uploads\\\/2022\\\/08\\\/Karulauk-6.jpeg\",\"width\":1024,\"height\":1207},{\"@type\":\"BreadcrumbList\",\"@id\":\"https:\\\/\\\/tammetalu.eu\\\/toode\\\/karulauk\\\/#breadcrumb\",\"itemListElement\":[{\"@type\":\"ListItem\",\"position\":1,\"name\":\"Home\",\"item\":\"https:\\\/\\\/tammetalu.eu\\\/ru\\\/esileht-rus\\\/\"},{\"@type\":\"ListItem\",\"position\":2,\"name\":\"\u041c\u0430\u0433\u0430\u0437\u0438\u043d\",\"item\":\"https:\\\/\\\/tammetalu.eu\\\/ru\\\/%d0%bc%d0%b0%d0%b3%d0%b0%d0%b7%d0%b8%d0%bd\\\/\"},{\"@type\":\"ListItem\",\"position\":3,\"name\":\"Karulauk\"}]},{\"@type\":\"WebSite\",\"@id\":\"https:\\\/\\\/tammetalu.eu\\\/#website\",\"url\":\"https:\\\/\\\/tammetalu.eu\\\/\",\"name\":\"Tamme talu \u00fcrdiaed\",\"description\":\"K\u00e4sit\u00f6\u00f6na valmistatud tooted \u00fcrtidest, \u00fcrdiistikud, \u00fcrtide kollektsioonaed\",\"publisher\":{\"@id\":\"https:\\\/\\\/tammetalu.eu\\\/#organization\"},\"alternateName\":\"Tamme talu\",\"potentialAction\":[{\"@type\":\"SearchAction\",\"target\":{\"@type\":\"EntryPoint\",\"urlTemplate\":\"https:\\\/\\\/tammetalu.eu\\\/?s={search_term_string}\"},\"query-input\":{\"@type\":\"PropertyValueSpecification\",\"valueRequired\":true,\"valueName\":\"search_term_string\"}}],\"inLanguage\":\"ru-RU\"},{\"@type\":\"Organization\",\"@id\":\"https:\\\/\\\/tammetalu.eu\\\/#organization\",\"name\":\"Tamme talu \u00fcrdiaed\",\"alternateName\":\"Tamme talu\",\"url\":\"https:\\\/\\\/tammetalu.eu\\\/\",\"logo\":{\"@type\":\"ImageObject\",\"inLanguage\":\"ru-RU\",\"@id\":\"https:\\\/\\\/tammetalu.eu\\\/#\\\/schema\\\/logo\\\/image\\\/\",\"url\":\"https:\\\/\\\/tammetalu.eu\\\/wp-content\\\/uploads\\\/2025\\\/01\\\/Tamme_talu_urdiaed.png\",\"contentUrl\":\"https:\\\/\\\/tammetalu.eu\\\/wp-content\\\/uploads\\\/2025\\\/01\\\/Tamme_talu_urdiaed.png\",\"width\":560,\"height\":560,\"caption\":\"Tamme talu \u00fcrdiaed\"},\"image\":{\"@id\":\"https:\\\/\\\/tammetalu.eu\\\/#\\\/schema\\\/logo\\\/image\\\/\"},\"sameAs\":[\"https:\\\/\\\/www.facebook.com\\\/TammeTaluUrdiaed\\\/?locale=et_EE\",\"https:\\\/\\\/www.instagram.com\\\/tammetaluurdiaed\\\/\"]}]}<\/script>\n<!-- \/ Yoast SEO plugin. -->","yoast_head_json":{"title":"Karulauk - Tamme talu \u00fcrdiaed","description":"Kuni 25 cm pikkuste heleroheliste lehtedega k\u00fclmakindel sibultaim, mis sobib kasvama nii varjulisse kui poolvarjulisse parasniiske mullaga kasvukohta.","robots":{"index":"index","follow":"follow","max-snippet":"max-snippet:-1","max-image-preview":"max-image-preview:large","max-video-preview":"max-video-preview:-1"},"canonical":"https:\/\/tammetalu.eu\/toode\/karulauk\/","og_locale":"ru_RU","og_type":"article","og_title":"Karulauk - Tamme talu \u00fcrdiaed","og_description":"Kuni 25 cm pikkuste heleroheliste lehtedega k\u00fclmakindel sibultaim, mis sobib kasvama nii varjulisse kui poolvarjulisse parasniiske mullaga kasvukohta.","og_url":"https:\/\/tammetalu.eu\/toode\/karulauk\/","og_site_name":"Tamme talu \u00fcrdiaed","article_publisher":"https:\/\/www.facebook.com\/TammeTaluUrdiaed\/?locale=et_EE","article_modified_time":"2026-05-06T12:41:30+00:00","og_image":[{"width":1024,"height":1207,"url":"https:\/\/tammetalu.eu\/wp-content\/uploads\/2022\/08\/Karulauk-6.jpeg","type":"image\/jpeg"}],"twitter_card":"summary_large_image","twitter_misc":{"\u041f\u0440\u0438\u043c\u0435\u0440\u043d\u043e\u0435 \u0432\u0440\u0435\u043c\u044f \u0434\u043b\u044f \u0447\u0442\u0435\u043d\u0438\u044f":"1 \u043c\u0438\u043d\u0443\u0442\u0430"},"schema":{"@context":"https:\/\/schema.org","@graph":[{"@type":"WebPage","@id":"https:\/\/tammetalu.eu\/toode\/karulauk\/","url":"https:\/\/tammetalu.eu\/toode\/karulauk\/","name":"Karulauk - Tamme talu \u00fcrdiaed","isPartOf":{"@id":"https:\/\/tammetalu.eu\/#website"},"primaryImageOfPage":{"@id":"https:\/\/tammetalu.eu\/toode\/karulauk\/#primaryimage"},"image":{"@id":"https:\/\/tammetalu.eu\/toode\/karulauk\/#primaryimage"},"thumbnailUrl":"https:\/\/tammetalu.eu\/wp-content\/uploads\/2022\/08\/Karulauk-6.jpeg","datePublished":"2022-08-09T06:04:34+00:00","dateModified":"2026-05-06T12:41:30+00:00","description":"Kuni 25 cm pikkuste heleroheliste lehtedega k\u00fclmakindel sibultaim, mis sobib kasvama nii varjulisse kui poolvarjulisse parasniiske mullaga kasvukohta.","breadcrumb":{"@id":"https:\/\/tammetalu.eu\/toode\/karulauk\/#breadcrumb"},"inLanguage":"ru-RU","potentialAction":[{"@type":"ReadAction","target":["https:\/\/tammetalu.eu\/toode\/karulauk\/"]}]},{"@type":"ImageObject","inLanguage":"ru-RU","@id":"https:\/\/tammetalu.eu\/toode\/karulauk\/#primaryimage","url":"https:\/\/tammetalu.eu\/wp-content\/uploads\/2022\/08\/Karulauk-6.jpeg","contentUrl":"https:\/\/tammetalu.eu\/wp-content\/uploads\/2022\/08\/Karulauk-6.jpeg","width":1024,"height":1207},{"@type":"BreadcrumbList","@id":"https:\/\/tammetalu.eu\/toode\/karulauk\/#breadcrumb","itemListElement":[{"@type":"ListItem","position":1,"name":"Home","item":"https:\/\/tammetalu.eu\/ru\/esileht-rus\/"},{"@type":"ListItem","position":2,"name":"\u041c\u0430\u0433\u0430\u0437\u0438\u043d","item":"https:\/\/tammetalu.eu\/ru\/%d0%bc%d0%b0%d0%b3%d0%b0%d0%b7%d0%b8%d0%bd\/"},{"@type":"ListItem","position":3,"name":"Karulauk"}]},{"@type":"WebSite","@id":"https:\/\/tammetalu.eu\/#website","url":"https:\/\/tammetalu.eu\/","name":"Tamme talu \u00fcrdiaed","description":"K\u00e4sit\u00f6\u00f6na valmistatud tooted \u00fcrtidest, \u00fcrdiistikud, \u00fcrtide kollektsioonaed","publisher":{"@id":"https:\/\/tammetalu.eu\/#organization"},"alternateName":"Tamme talu","potentialAction":[{"@type":"SearchAction","target":{"@type":"EntryPoint","urlTemplate":"https:\/\/tammetalu.eu\/?s={search_term_string}"},"query-input":{"@type":"PropertyValueSpecification","valueRequired":true,"valueName":"search_term_string"}}],"inLanguage":"ru-RU"},{"@type":"Organization","@id":"https:\/\/tammetalu.eu\/#organization","name":"Tamme talu \u00fcrdiaed","alternateName":"Tamme talu","url":"https:\/\/tammetalu.eu\/","logo":{"@type":"ImageObject","inLanguage":"ru-RU","@id":"https:\/\/tammetalu.eu\/#\/schema\/logo\/image\/","url":"https:\/\/tammetalu.eu\/wp-content\/uploads\/2025\/01\/Tamme_talu_urdiaed.png","contentUrl":"https:\/\/tammetalu.eu\/wp-content\/uploads\/2025\/01\/Tamme_talu_urdiaed.png","width":560,"height":560,"caption":"Tamme talu \u00fcrdiaed"},"image":{"@id":"https:\/\/tammetalu.eu\/#\/schema\/logo\/image\/"},"sameAs":["https:\/\/www.facebook.com\/TammeTaluUrdiaed\/?locale=et_EE","https:\/\/www.instagram.com\/tammetaluurdiaed\/"]}]}},"_links":{"self":[{"href":"https:\/\/tammetalu.eu\/ru\/wp-json\/wp\/v2\/product\/15651","targetHints":{"allow":["GET"]}}],"collection":[{"href":"https:\/\/tammetalu.eu\/ru\/wp-json\/wp\/v2\/product"}],"about":[{"href":"https:\/\/tammetalu.eu\/ru\/wp-json\/wp\/v2\/types\/product"}],"wp:featuredmedia":[{"embeddable":true,"href":"https:\/\/tammetalu.eu\/ru\/wp-json\/wp\/v2\/media\/15814"}],"wp:attachment":[{"href":"https:\/\/tammetalu.eu\/ru\/wp-json\/wp\/v2\/media?parent=15651"}],"wp:term":[{"taxonomy":"product_brand","embeddable":true,"href":"https:\/\/tammetalu.eu\/ru\/wp-json\/wp\/v2\/product_brand?post=15651"},{"taxonomy":"product_cat","embeddable":true,"href":"https:\/\/tammetalu.eu\/ru\/wp-json\/wp\/v2\/product_cat?post=15651"},{"taxonomy":"product_tag","embeddable":true,"href":"https:\/\/tammetalu.eu\/ru\/wp-json\/wp\/v2\/product_tag?post=15651"}],"curies":[{"name":"wp","href":"https:\/\/api.w.org\/{rel}","templated":true}]}}